{"id":92,"date":"2017-04-22T18:12:29","date_gmt":"2017-04-22T15:12:29","guid":{"rendered":"https:\/\/wpdepo.com\/?page_id=92"},"modified":"2020-04-02T20:44:11","modified_gmt":"2020-04-02T20:44:11","slug":"kullanim-kosullari","status":"publish","type":"page","link":"https:\/\/wpdepo.com\/tr\/kullanim-kosullari\/","title":{"rendered":"Kullan\u0131m Ko\u015fullar\u0131"},"content":{"rendered":"\n\t<section class=\"section\" id=\"section_2073228353\">\n\t\t<div class=\"section-bg fill\" >\n\t\t\t\t\t\t\t\t\t\n\t\t\t\n\n\t\t<\/div>\n\n\t\t\n\n\t\t<div class=\"section-content relative\">\n\t\t\t\r\n\r\n<div class=\"row align-center\"  id=\"row-935067832\">\r\n\r\n\n\t<div id=\"col-989040136\" class=\"col medium-10 small-12 large-10\"  >\n\t\t\t\t<div class=\"col-inner text-center\"  >\n\t\t\t\n\t\t\t\r\n\r\n<h2>Kullan\u0131m Ko\u015fullar\u0131<\/h2>\r\n<p>\u015eartlar\u0131m\u0131z\u0131 okuman\u0131n s\u0131k\u0131c\u0131 oldu\u011funu biliyoruz, ancak okumal\u0131s\u0131n\u0131z!<\/p>\r\n\r\n\t\t<\/div>\n\t\t\t\t\t<\/div>\n\n\t\r\n\r\n<\/div>\r\n\r\n\t\t<\/div>\n\n\t\t\n<style>\n#section_2073228353 {\n  padding-top: 30px;\n  padding-bottom: 30px;\n  background-color: rgb(238, 238, 238);\n}\n<\/style>\n\t<\/section>\n\t\r\n\n\t<section class=\"section tos\" id=\"section_737112463\">\n\t\t<div class=\"section-bg fill\" >\n\t\t\t\t\t\t\t\t\t\n\t\t\t\n\n\t\t<\/div>\n\n\t\t\n\n\t\t<div class=\"section-content relative\">\n\t\t\t\r\n\r\n<div class=\"row\"  id=\"row-582619281\">\r\n\r\n\n\t<div id=\"col-1303979125\" class=\"col small-12 large-12\"  >\n\t\t\t\t<div class=\"col-inner\"  >\n\t\t\t\n\t\t\t\r\n\r\n<h4>\u015eartlar\u0131n Kabul\u00fc<\/h4>\r\n<p>WP Depo\u00a0(&#8220;Sa\u011flay\u0131c\u0131&#8221;), a\u015fa\u011f\u0131daki Kullan\u0131m Ko\u015fullar\u0131&#8217;na\u00a0tabi olmak kayd\u0131yla size yaz\u0131l\u0131m ve hizmet sunmaktad\u0131r. Kullan\u0131m Ko\u015fullar\u0131&#8217;n\u0131\u00a0kabul etmiyorsan\u0131z, wpdepo.com\u00a0web sitesini kullanmamal\u0131s\u0131n\u0131z. Web sitesini kullanman\u0131z bu \u015fartlar\u0131 kabul etti\u011finiz anlam\u0131na gelmektedir.<\/p>\r\n<h4>\u00dcr\u00fcn Lisans\u0131<\/h4>\r\n<p>Wpdepo.com arac\u0131l\u0131\u011f\u0131yla da\u011f\u0131t\u0131lan WordPress eklentileri \/ geli\u015ftirme paketleri \/ temalar\u0131 ile WooCommerce eklentileri \/ geli\u015ftirme paketleri ve kod par\u00e7ac\u0131lar\u0131 genel kamu lisans\u0131 (GNU) kapsam\u0131nda lisanslanmaktad\u0131r.<\/p>\r\n<p>Wpdepo.com&#8217;da sat\u0131lan \u00fcr\u00fcnlerin bir k\u0131sm\u0131 \u00fc\u00e7\u00fcnc\u00fc taraf sa\u011flay\u0131c\u0131lar\u00a0taraf\u0131ndan olu\u015fturulmaktad\u0131r. Bu \u00fcr\u00fcnlerin WordPress kodlar\u0131n\u0131n t\u00fcm\u00fc GPL kapsam\u0131nda lisansland\u0131\u011f\u0131 halde, g\u00f6rseller ve CSS dosyalar\u0131 gibi di\u011fer i\u00e7erikler tescilli olabilir. L\u00fctfen herhangi bir sat\u0131n al\u0131mla birlikte lisans ko\u015fullar\u0131n\u0131 g\u00f6zden ge\u00e7iriniz.<\/p>\r\n<h4>\u0130ade Politikas\u0131<\/h4>\r\n<p>Sa\u011flay\u0131c\u0131, bir sat\u0131n alma i\u015fleminin ard\u0131ndan an\u0131nda indirilebilen dijital medya (yaz\u0131l\u0131m) sunmaktad\u0131r. Herhangi bir \u00fcr\u00fcn\u00fc sat\u0131n ald\u0131ktan sonra &#8220;deneme s\u00fcresi&#8221; veya &#8220;m\u00fchlet verme&#8221; yoktur, bu da t\u00fcm sat\u0131\u015flar\u0131n nihai oldu\u011fu anlam\u0131na gelir. Yaz\u0131l\u0131m\u0131 sat\u0131n ald\u0131ktan sonra, &#8220;geri d\u00f6n\u00fc\u015f&#8221; yoktur.\u00a0Bu bak\u0131mdan \u00fccret iadesi m\u00fcmk\u00fcn de\u011fildir.<\/p>\r\n<h4>\u00dcr\u00fcn Deste\u011fi<\/h4>\r\n<p>\u00dcr\u00fcnler ve tasar\u0131mlar\u00a0geli\u015ftiriciden \u00e7\u0131kt\u0131\u011f\u0131 \u015fekliyle\u00a0sunulmaktad\u0131r. Tam olarak istedi\u011finiz gibi \u00e7al\u0131\u015faca\u011f\u0131n\u0131n veya herhangi bir \u00fc\u00e7\u00fcnc\u00fc taraf bile\u015feni ve eklentileri ile uyumlu \u00e7al\u0131\u015faca\u011f\u0131n\u0131n garantisi yoktur. E-posta veya telefon yoluyla hi\u00e7bir destek verilmemektedir.<\/p>\r\n<p>Sunulan\u00a0\u00fc\u00e7\u00fcnc\u00fc parti \u00fcr\u00fcnler Sa\u011flay\u0131c\u0131\u00a0taraf\u0131ndan de\u011fil geli\u015ftiriciler\u00a0taraf\u0131ndan desteklenmektedir. L\u00fctfen \u00fc\u00e7\u00fcnc\u00fc partiden bir \u00fcr\u00fcn sat\u0131n almadan \u00f6nce geli\u015ftirici taraf\u0131ndan sa\u011flanan destek ko\u015fullar\u0131n\u0131 g\u00f6zden ge\u00e7iriniz.<\/p>\r\n<p>Sa\u011flay\u0131c\u0131 deste\u011fi, yaln\u0131zca wpdepo.com web sitesiyle ilgili faturaland\u0131rma ve\/veya teknik sorunlarla s\u0131n\u0131rl\u0131d\u0131r.<\/p>\r\n<h4>\u00dcr\u00fcn G\u00fcncellemeleri<\/h4>\r\n<p>Abone oldu\u011funuzda, sizin taraf\u0131n\u0131zdan iptal edilinceye kadar d\u00fczenli olarak (ayl\u0131k \/ y\u0131ll\u0131k) \u00fccretlendirilirsiniz. Aboneli\u011finizi iptal ederseniz, aboneli\u011finiz s\u00fcresince Sa\u011flay\u0131c\u0131&#8217;dan indirdi\u011finiz herhangi bir eklenti ve temayla ilgili g\u00fcncelleme alamazs\u0131n\u0131z.<\/p>\r\n<h4>M\u00fc\u015fteri Hesaplar\u0131<\/h4>\r\n<p>M\u00fc\u015fterilerin herhangi bir \u00fcr\u00fcn sat\u0131n al\u0131rken bir hesap olu\u015fturmalar\u0131 gerekecektir. M\u00fc\u015fteriler parolalar\u0131n\u0131n gizlili\u011fini korumakla sorumludurlar ve hesap giri\u015f bilgilerini payla\u015fmaya ve\/veya da\u011f\u0131tmaya izin verilmemektedir. M\u00fc\u015fteriler, hesaplar\u0131nda meydana gelen t\u00fcm faaliyetlerden tamamen sorumludur ve hesab\u0131n\u0131n yetkisinin d\u0131\u015f\u0131nda kullanmas\u0131 veya ba\u015fka bir g\u00fcvenlik ihlali durumunda derhal Sa\u011flay\u0131c\u0131&#8217;y\u0131 haberdar etmeyi kabul eder. Sa\u011flay\u0131c\u0131, bu \u015fartlara uymayan bir m\u00fc\u015fterinin kayb\u0131ndan veya zarar\u0131ndan sorumlu de\u011fildir. Sa\u011flay\u0131c\u0131, kay\u0131t olacak t\u00fcm kullan\u0131c\u0131lar\u0131n 18 ve \u00fcst\u00fc ya\u015fta olmalar\u0131n\u0131 \u015fart ko\u015fmaktad\u0131r. Kullan\u0131c\u0131n bir hesap olu\u015fturmas\u0131, bu kullan\u0131c\u0131n\u0131n 18 ve daha b\u00fcy\u00fck ya\u015fta oldu\u011funu g\u00f6sterir.<\/p>\r\n<h4>Hesap Sona Erdirme ve Ask\u0131ya Alma<\/h4>\r\n<p>Sa\u011flay\u0131c\u0131, herhangi bir kullan\u0131c\u0131 hesab\u0131n\u0131, \u00f6nceden bildirmeksizin ve tamamen kendi takdirine ba\u011fl\u0131 olarak ask\u0131ya alma ve\/veya sona erdirme\u00a0hakk\u0131n\u0131 sakl\u0131 tutar. Hesaplar\u0131 iptal edilen m\u00fc\u015fterilere hi\u00e7bir geri \u00f6deme yap\u0131lmayacakt\u0131r. Fesih sebeplerine \u00f6rnek olarak \u015funlar verilebilir:<\/p>\r\n<ul>\r\n<li>Sa\u011flay\u0131c\u0131 personeline ve\/veya di\u011fer m\u00fc\u015fterilere y\u00f6nelik k\u00fcf\u00fcrl\u00fc davran\u0131\u015f ve\/veya a\u015f\u0131r\u0131 olumsuzluk,<\/li>\r\n<li>Sa\u011flay\u0131c\u0131&#8217;ya kar\u015f\u0131 iftira ve potansiyel m\u00fc\u015fterileri uzakla\u015ft\u0131rma \u00e7al\u0131\u015fmalar\u0131 dahil olmak \u00fczere tekrarlanan hakaret, k\u00f6t\u00fc niyetli ve\/veya yanl\u0131\u015f beyanlar,<\/li>\r\n<li>Rakip \u00fcr\u00fcnlerin tan\u0131t\u0131m\u0131, yaz\u0131l\u0131m korsanl\u0131\u011f\u0131, sald\u0131r\u0131, spam veya di\u011fer yasad\u0131\u015f\u0131 eylemler,<\/li>\r\n<li>Sa\u011flay\u0131c\u0131, hesab\u0131n\u0131z\u0131n tehlikeye d\u00fc\u015ft\u00fc\u011f\u00fcn\u00fc, ba\u015fkalar\u0131yla payla\u015f\u0131ld\u0131\u011f\u0131n\u0131 veya di\u011fer g\u00fcvenlik endi\u015felerinin varl\u0131\u011f\u0131na makul bir \u015fekilde inan\u0131yorsa,<\/li>\r\n<li>Sa\u011flay\u0131c\u0131&#8217;n\u0131n adil kullan\u0131m politikas\u0131n\u0131n ihlal edilmesi.<\/li>\r\n<\/ul>\r\n<h4>Adil Kullan\u0131m Politikas\u0131<\/h4>\r\n<p>Sa\u011flay\u0131c\u0131\u00a0ayl\u0131k aboneler i\u00e7in adil kullan\u0131m politikas\u0131 uygulamaktad\u0131r. Aboneler g\u00fcnde 20 \u00fcr\u00fcn\u00a0indirebilmektedir.<\/p>\r\n<p>Bir defada y\u00fckl\u00fc miktarda \u00fcr\u00fcn indirmeye \u00e7al\u0131\u015fmak\u00a0veya herhangi bir \u015fekilde politikay\u0131 \u00e7i\u011fnemek, hesab\u0131n ask\u0131ya al\u0131nmas\u0131na ve\/veya feshine neden olabilir.<\/p>\r\n<p>S\u00f6m\u00fcrme &#8211; Di\u011fer GPL web sitelerinin kendi web sitelerini doldurmak\u00a0ve g\u00fcncellemek i\u00e7in WP Depo&#8217;yu kulland\u0131\u011f\u0131na \u015fahit olmaktay\u0131z. Bu a\u00e7\u0131k\u00e7a yasakt\u0131r ve en k\u0131sa s\u00fcrede hesab\u0131n sonlanmas\u0131na yol a\u00e7acakt\u0131r. Para iadesi de yap\u0131lmayacakt\u0131r.<\/p>\r\n<h4>\u00dcr\u00fcn Teslimat\u0131<\/h4>\r\n<p>M\u00fc\u015fteri \u00f6demesini ba\u015far\u0131l\u0131 bir \u015fekilde yapt\u0131ktan sonra, sisteme giri\u015f bilgileri, kay\u0131t s\u0131ras\u0131nda verilen e-posta adresine g\u00f6nderilecektir. Bu i\u015flem, sat\u0131n al\u0131nd\u0131ktan sonra 30 dakika kadar s\u00fcrebilmektedir, ancak genellikle daha h\u0131zl\u0131\u00a0ger\u00e7ekle\u015fir.<\/p>\r\n<h4>\u00dcyelik ve\/veya Fiyat De\u011fi\u015fiklikleri<\/h4>\r\n<p>Sa\u011flay\u0131c\u0131, \u00f6nceden bildirerek veya bildirimde bulunulmaks\u0131z\u0131n, wpdepo.com&#8217;da bulunan indirmelerin tamam\u0131n\u0131 veya bir b\u00f6l\u00fcm\u00fcn\u00fc de\u011fi\u015ftirmek ve\/veya payla\u015fmaktan\u00a0vazge\u00e7me hakk\u0131n\u0131 sakl\u0131 tutar. Ayr\u0131ca, Sa\u011flay\u0131c\u0131, \u00f6nceden bildirerek veya bildirimde bulunulmaks\u0131z\u0131n yeni \u00fcr\u00fcn\u00a0ve\/veya hizmetler ekleyebilir. Sa\u011flay\u0131c\u0131, abonelik paketlerinin \u00f6zelliklerini ve fiyatlar\u0131n\u0131, web sitesinde yay\u0131nlayarak istedi\u011fi zaman de\u011fi\u015ftirebilir.<\/p>\r\n<h4>Ba\u011flant\u0131lar<\/h4>\r\n<p>Sa\u011flay\u0131c\u0131, kendi web sitesinden verilen ba\u011flant\u0131lar\u0131n t\u00fcm\u00fcn\u00fc g\u00f6zden ge\u00e7irmemi\u015f olabilir ve ba\u011flant\u0131 verilen sitenin i\u00e7eri\u011finden sorumlu de\u011fildir. Herhangi bir ba\u011flant\u0131n\u0131n dahil edilmesi, o sitenin Sa\u011flay\u0131c\u0131 taraf\u0131ndan onayland\u0131\u011f\u0131na i\u015faret etmez. Ba\u011flant\u0131 verilen web sitesinin kullan\u0131m\u0131 kullan\u0131c\u0131n\u0131n sorumlulu\u011fundad\u0131r.<\/p>\r\n<h4>Materyallerin\u00a0Do\u011frulu\u011fu<\/h4>\r\n<p>Sa\u011flay\u0131c\u0131&#8217;n\u0131n web sitesinde g\u00f6r\u00fcnen materyallerde teknik, dizgisel veya foto\u011frafik hatalar olabilir. Sa\u011flay\u0131c\u0131, web sitesinde yer alan herhangi bir materyalin do\u011fru, eksiksiz veya g\u00fcncel oldu\u011funu garanti etmez. Sa\u011flay\u0131c\u0131, web sitesinde yer alan materyallerde herhangi bir zamanda ve \u00f6nceden bildirimde bulunmaks\u0131z\u0131n de\u011fi\u015fiklikler yapabilir. Bununla birlikte, Sa\u011flay\u0131c\u0131, materyalleri g\u00fcncelleme konusunda herhangi bir taahh\u00fctte bulunmaz.<\/p>\r\n<h4>Telif Hakk\u0131 \/ Ticari Marka Hak Talebi<\/h4>\r\n<p>Sa\u011flay\u0131c\u0131\u00a0fikri m\u00fclkiyet haklar\u0131na sayg\u0131l\u0131d\u0131r. Sa\u011flay\u0131c\u0131ya bir telif hakk\u0131 ihlal bildirimi g\u00f6ndermek i\u00e7in b\u00fcy\u00fck \u00f6l\u00e7\u00fcde a\u015fa\u011f\u0131dakileri i\u00e7eren yaz\u0131l\u0131 bir bildirim g\u00f6ndermeniz gerekecektir (l\u00fctfen bu gereksinimleri do\u011frulamak i\u00e7in hukuk m\u00fc\u015favirinize dan\u0131\u015f\u0131n\u0131z veya Dijital Milenyum Telif Hakk\u0131 Yasas\u0131&#8217;n\u0131n 512(c)(3) b\u00f6l\u00fcm\u00fcne bak\u0131n\u0131z):<\/p>\r\n<ul>\r\n<li>\u0130hlal edildi\u011fi iddia edilen m\u00fcnhas\u0131r hakk\u0131n sahibi ad\u0131na hareket etmeye yetkili bir ki\u015finin fiziksel veya elektronik imzas\u0131.<\/li>\r\n<li>Telif hakk\u0131yla korunan eserin ihlal edildi\u011fini iddia eden kimlik belgesi veya birden fazla telif hakk\u0131 kapsam\u0131na giren eser tek bir bildirimle kar\u015f\u0131lan\u0131yorsa, bu t\u00fcr eserlerin temsili bir listesi.<\/li>\r\n<li>Hak ihlali yapt\u0131\u011f\u0131 veya hak ihlalinde bulunuldu\u011fu iddia edilen ve kald\u0131r\u0131lacak veya eri\u015fimin engellenece\u011fi ve Sa\u011flay\u0131c\u0131&#8217;n\u0131n materyali bulmas\u0131na izin vermek i\u00e7in makul \u00f6l\u00e7\u00fcde yeterli bilginin tan\u0131mlanmas\u0131. Bir e-postan\u0131n i\u00e7erisinde URL&#8217;yi eklemek, i\u00e7eri\u011fi h\u0131zl\u0131 bir \u015fekilde bulmak i\u00e7in bize yard\u0131mc\u0131 olman\u0131n en iyi yoludur.<\/li>\r\n<li>Sa\u011flay\u0131c\u0131&#8217;n\u0131n bir adres, telefon numaras\u0131 ve varsa \u015fikayet\u00e7i taraf\u0131n irtibat kurulabilece\u011fi bir elektronik posta adresi gibi \u015fikayet\u00e7i tarafla ileti\u015fime ge\u00e7meye izin vermek i\u00e7in makul \u00f6l\u00e7\u00fcde bilgi.<\/li>\r\n<li>\u015eikayet\u00e7i taraf\u0131n, materyalin \u015fikayet edildi\u011fi \u015fekilde kullan\u0131lmas\u0131n\u0131n, telif hakk\u0131 sahibi, temsilcisi veya kanun taraf\u0131ndan yetki verilmedi\u011fine iyi niyetle inand\u0131\u011f\u0131na dair bir a\u00e7\u0131klama.<\/li>\r\n<li>Bildirimde yer alan bilgilerin do\u011fru oldu\u011funu ve yalan beyan\u0131n cezaland\u0131r\u0131laca\u011f\u0131n\u0131 bilerek \u015fikayet\u00e7i taraf\u0131n ihlal edildi\u011fi iddia edilen m\u00fcnhas\u0131r hakk\u0131n sahibi ad\u0131na hareket etmeye yetkili oldu\u011funu bildiren bir bildirim.<\/li>\r\n<\/ul>\r\n<h4>\u00dcr\u00fcn ve Hizmetlerimizin \u0130\u015f Ama\u00e7l\u0131 Kullan\u0131m\u0131<\/h4>\r\n<p>Sa\u011flay\u0131c\u0131&#8217;n\u0131n \u00fcr\u00fcn ve hizmetlerini bir i\u015fletme ad\u0131na kullan\u0131yorsan\u0131z, s\u00f6z konusu i\u015fletme bu \u015fartlar\u0131 kabul eder. S\u00f6z konusu i\u015fletme, Sa\u011flay\u0131c\u0131 ve onun i\u015ftirakleri, yetkilileri, temsilcileri ve \u00e7al\u0131\u015fanlar\u0131n\u0131, Mal veya Hizmetlerin kullan\u0131m\u0131 veya bu kullan\u0131m \u015fartlar\u0131n\u0131n ihlali ile ilgili veya bunlardan kaynaklanan herhangi bir iddia, dava veya eylemden do\u011facak herhangi bir y\u00fck\u00fcml\u00fcl\u00fck veya masraflardan (iddia, zarar, tazminat, dava, yarg\u0131lama, dava masraflar\u0131 ve avukatl\u0131k \u00fccretleri dahil) sorumlu tutamaz ve tazmin eder.<\/p>\r\n<h4>\u00dcr\u00fcn Garantisi<\/h4>\r\n<p>Sa\u011flay\u0131c\u0131 herhangi bir garanti vermemektedir.<\/p>\r\n<p>Bu ko\u015fullarda veya ek \u015fartlarla a\u00e7\u0131k\u00e7a belirtilmedi\u011fi s\u00fcrece, ne Sa\u011flay\u0131c\u0131 ne de tedarik\u00e7ileri veya da\u011f\u0131t\u0131c\u0131lar\u0131, mallar\u0131 veya hizmetleri hakk\u0131nda herhangi bir vaatte bulunmaz. \u00d6rne\u011fin, Sa\u011flay\u0131c\u0131, mallar\u0131n veya hizmetlerin i\u00e7erikleri, mallar\u0131n veya hizmetlerin \u00f6zel i\u015flevi veya bunlar\u0131n g\u00fcvenilirli\u011fi, kullan\u0131labilirli\u011fi veya ihtiya\u00e7lar\u0131n\u0131z\u0131 kar\u015f\u0131lama becerisi hakk\u0131nda herhangi bir taahh\u00fctte bulunmaz. Sa\u011flay\u0131c\u0131, mal ve hizmetleri &#8220;oldu\u011fu gibi&#8221; sunmaktad\u0131r.<\/p>\r\n<p>Baz\u0131 yarg\u0131 yetkilileri ticari imkanlar\u0131n z\u0131mni garantisi, belirli bir amaca uygunluk ve ihlal edilmemesi gibi belirli garantileri vermektedir. Yasalar\u0131n\u00a0izin verdi\u011fi \u00f6l\u00e7\u00fcde, t\u00fcm garantileri hari\u00e7 tutuyoruz.<\/p>\r\n<h4>\u00dcr\u00fcn ve Hizmetlerimiz \u0130\u00e7in Y\u00fck\u00fcml\u00fcl\u00fck<\/h4>\r\n<p>Yasalar izin verdi\u011fi zaman, Sa\u011flay\u0131c\u0131 ve Sa\u011flay\u0131c\u0131&#8217;n\u0131n tedarik\u00e7ileri ve distrib\u00fct\u00f6rleri kar, gelir veya veri kay\u0131plar\u0131ndan, mali kay\u0131plardan veya dolayl\u0131, \u00f6zel, bir \u015fey sonucu ortaya \u00e7\u0131kan, \u00f6rnek te\u015fkil eden veya cezaland\u0131r\u0131c\u0131 tazminatlardan sorumlu de\u011fildir.<\/p>\r\n<p>Yasalar\u0131n\u00a0izin verdi\u011fi \u00f6l\u00e7\u00fcde, Sa\u011flay\u0131c\u0131, tedarik\u00e7ileri ve distrib\u00fct\u00f6rlerinin z\u0131mni garantiler de dahil olmak \u00fczere bu \u015fartlardaki iddialar i\u00e7in t\u00fcm sorumlulu\u011fu, Sa\u011flay\u0131c\u0131&#8217;n\u0131n\u00a0mallar\u0131 ve\/veya hizmetlerini kullanmak i\u00e7in Sa\u011flay\u0131c\u0131&#8217;ya \u00f6denen tutar ile s\u0131n\u0131rl\u0131d\u0131r.<\/p>\r\n<p>Her durumda, Sa\u011flay\u0131c\u0131, tedarik\u00e7ileri ve distrib\u00fct\u00f6rleri, makul \u00f6l\u00e7\u00fclerde \u00f6ng\u00f6r\u00fclemeyen herhangi bir kay\u0131p veya hasardan sorumlu de\u011fildir.<\/p>\r\n<h4>\u00c7e\u015fitli<\/h4>\r\n<p>Kullan\u0131m \u015eartlar\u0131n\u0131n G\u00fcncellenmesi. Kullan\u0131m \u015fartlar\u0131 zaman zaman g\u00fcncellenebilir, ancak ge\u00e7mi\u015fe d\u00f6n\u00fck olarak asla g\u00fcncellenmez. Bu sayfada kullan\u0131m \u015fartlar\u0131ndaki de\u011fi\u015fiklikleri bildirmekteyiz ve yay\u0131nland\u0131klar\u0131ndan en az on d\u00f6rt g\u00fcn sonra y\u00fcr\u00fcrl\u00fc\u011fe girecektir. Bununla birlikte, yeni i\u015flevleri veya yasalardaki\u00a0de\u011fi\u015fmeleri\u00a0ele alan de\u011fi\u015fiklikler ya da acil yasal nedenlerden dolay\u0131 derhal yap\u0131labilir.<\/p>\r\n<p>Di\u011fer Y\u00f6nergeler veya \u015eartlar. \u0130\u015fbu kullan\u0131m \u015fartlar\u0131 ile belirli bir Sa\u011flay\u0131c\u0131 hizmeti aras\u0131nda bir \u00e7eli\u015fki varsa, belirli hizmete ait \u015fartlar ge\u00e7erli olacakt\u0131r.<\/p>\r\n<p>\u00dc\u00e7\u00fcnc\u00fc Taraf Lehtar Yoktur. Bu \u015fartlar Sa\u011flay\u0131c\u0131 ve sizin aras\u0131ndaki ili\u015fkiyi denetlemektedir. \u00dc\u00e7\u00fcnc\u00fc taraf\u00a0lehtar haklar\u0131 yaratmazlar.<\/p>\r\n<p>Feragat Edilemez. Bu \u015fartlara uymazsan\u0131z ve Sa\u011flay\u0131c\u0131 hemen harekete ge\u00e7mezse, bu Sa\u011flay\u0131c\u0131&#8217;n\u0131n vazge\u00e7ti\u011fi ve gelecekte harekete ge\u00e7me hakk\u0131ndan feragat etti\u011fi anlam\u0131na gelmez.<\/p>\r\n<p>B\u00f6l\u00fcnebilirlik. E\u011fer kullan\u0131m \u015fartlar\u0131ndaki\u00a0belirli bir ifade yasal olarak uygulanabilir de\u011filse, bu durum di\u011fer ifadeleri etkilemez.<\/p>\r\n<hr \/>\r\n<p>Son G\u00fcncelleme: 03 Ocak 2020<\/p>\r\n\r\n\t\t<\/div>\n\t\t\t\t\t<\/div>\n\n\t\r\n\r\n<\/div>\r\n\r\n\t\t<\/div>\n\n\t\t\n<style>\n#section_737112463 {\n  padding-top: 60px;\n  padding-bottom: 60px;\n}\n<\/style>\n\t<\/section>\n\t","protected":false},"excerpt":{"rendered":"","protected":false},"author":1,"featured_media":0,"parent":0,"menu_order":0,"comment_status":"closed","ping_status":"closed","template":"page-blank.php","meta":{"footnotes":""},"class_list":["post-92","page","type-page","status-publish","hentry"],"_links":{"self":[{"href":"https:\/\/wpdepo.com\/tr\/wp-json\/wp\/v2\/pages\/92","targetHints":{"allow":["GET"]}}],"collection":[{"href":"https:\/\/wpdepo.com\/tr\/wp-json\/wp\/v2\/pages"}],"about":[{"href":"https:\/\/wpdepo.com\/tr\/wp-json\/wp\/v2\/types\/page"}],"author":[{"embeddable":true,"href":"https:\/\/wpdepo.com\/tr\/wp-json\/wp\/v2\/users\/1"}],"replies":[{"embeddable":true,"href":"https:\/\/wpdepo.com\/tr\/wp-json\/wp\/v2\/comments?post=92"}],"version-history":[{"count":0,"href":"https:\/\/wpdepo.com\/tr\/wp-json\/wp\/v2\/pages\/92\/revisions"}],"wp:attachment":[{"href":"https:\/\/wpdepo.com\/tr\/wp-json\/wp\/v2\/media?parent=92"}],"curies":[{"name":"wp","href":"https:\/\/api.w.org\/{rel}","templated":true}]}}