{"id":8717,"date":"2018-05-17T11:30:50","date_gmt":"2018-05-17T08:30:50","guid":{"rendered":"https:\/\/wpdepo.com\/?page_id=8717"},"modified":"2018-09-03T20:46:55","modified_gmt":"2018-09-03T17:46:55","slug":"relevanssi-premium-eklentisi","status":"publish","type":"page","link":"https:\/\/wpdepo.com\/tr\/relevanssi-premium-eklentisi\/","title":{"rendered":"Relevanssi Premium Eklentisi"},"content":{"rendered":"\n\t<section class=\"section\" id=\"section_240404560\">\n\t\t<div class=\"section-bg fill\" >\n\t\t\t\t\t\t\t\t\t\n\t\t\t\n\n\t\t<\/div>\n\n\t\t\n\n\t\t<div class=\"section-content relative\">\n\t\t\t\r\n\r\n<div class=\"row\"  id=\"row-748086882\">\r\n\r\n\n\t<div id=\"col-1691419686\" class=\"col small-12 large-12\"  >\n\t\t\t\t<div class=\"col-inner text-left\"  >\n\t\t\t\n\t\t\t\r\n\r\n<h2 style=\"text-align: center;\">Relevanssi Premium<\/h2>\r\n<p>Relevanssi eklentisi WordPress i\u00e7in geli\u015fmi\u015f arama eklentisidir. Relevanssi neyin aranaca\u011f\u0131 ve nas\u0131l aranaca\u011f\u0131 konusunda size tam eri\u015fim ve tam kontrol sa\u011flar.<\/p>\r\n<p><a href=\"https:\/\/wordpress.org\/plugins\/relevanssi\/\" rel=\"noopener\" target=\"_blank\">\u00dccretsiz s\u00fcr\u00fcm\u00fcne<\/a> art\u0131 olarak Relevanssi Premium eklentisi PDF i\u00e7erikleri indeksleyebilir, kullan\u0131c\u0131 profillerini dahil edebilir, \u00e7oklu site arama ve WP CLI deste\u011fi sa\u011flar.<\/p>\r\n\r\n\t\t<\/div>\n\t\t\t\t\t<\/div>\n\n\t\r\n\r\n<\/div>\r\n\r\n\t\t<\/div>\n\n\t\t\n<style>\n#section_240404560 {\n  padding-top: 0px;\n  padding-bottom: 0px;\n  background-color: rgb(245, 245, 245);\n}\n<\/style>\n\t<\/section>\n\t\r\n\n\t<section class=\"section\" id=\"section_19387731\">\n\t\t<div class=\"section-bg fill\" >\n\t\t\t\t\t\t\t\t\t\n\t\t\t\n\n\t\t<\/div>\n\n\t\t\n\n\t\t<div class=\"section-content relative\">\n\t\t\t\r\n\r\n<div class=\"row\"  id=\"row-488665397\">\r\n\r\n\n\t<div id=\"col-10727427\" class=\"col small-12 large-12\"  >\n\t\t\t\t<div class=\"col-inner text-left\"  >\n\t\t\t\n\t\t\t\r\n\r\n\n<table id=\"tablepress-74\" class=\"tablepress tablepress-id-74\">\n<thead>\n<tr class=\"row-1 odd\">\n\t<th class=\"column-1\">Eklenti Ad\u0131<\/th><th class=\"column-2\">Versiyon<\/th><th class=\"column-3\">\u0130ndir<\/th><th class=\"column-4\">G\u00fcncelleme<\/th><th class=\"column-5\">Bilgi<\/th>\n<\/tr>\n<\/thead>\n<tbody class=\"row-hover\">\n<tr class=\"row-2 even\">\n\t<td class=\"column-1\">Relevanssi Premium<\/td><td class=\"column-2\">2.29.1<\/td><td class=\"column-3\"><a class=\"download-link\" title=\"\u0130ndir &ldquo;Relevanssi Premium&rdquo;&nbsp;Versiyon 2.29.1\" href=\"https:\/\/wpdepo.com\/tr\/\/download\/8567\/\" rel=\"nofollow\">\n\t\u0130ndir<\/a><\/td><td class=\"column-4\">3 Nisan 2026<\/td><td class=\"column-5\"><a href=\"https:\/\/www.relevanssi.com\/\" target=\"_blank\" rel=\"noopener\">Eklenti Sayfas\u0131<\/a><\/td>\n<\/tr>\n<\/tbody>\n<\/table>\n\r\n\r\n\t\t<\/div>\n\t\t\t\t\t<\/div>\n\n\t\r\n\r\n<\/div>\r\n\r\n\t\t<\/div>\n\n\t\t\n<style>\n#section_19387731 {\n  padding-top: 30px;\n  padding-bottom: 30px;\n}\n<\/style>\n\t<\/section>\n\t","protected":false},"excerpt":{"rendered":"","protected":false},"author":1,"featured_media":0,"parent":0,"menu_order":0,"comment_status":"closed","ping_status":"closed","template":"page-blank.php","meta":{"footnotes":""},"class_list":["post-8717","page","type-page","status-publish","hentry"],"_links":{"self":[{"href":"https:\/\/wpdepo.com\/tr\/wp-json\/wp\/v2\/pages\/8717","targetHints":{"allow":["GET"]}}],"collection":[{"href":"https:\/\/wpdepo.com\/tr\/wp-json\/wp\/v2\/pages"}],"about":[{"href":"https:\/\/wpdepo.com\/tr\/wp-json\/wp\/v2\/types\/page"}],"author":[{"embeddable":true,"href":"https:\/\/wpdepo.com\/tr\/wp-json\/wp\/v2\/users\/1"}],"replies":[{"embeddable":true,"href":"https:\/\/wpdepo.com\/tr\/wp-json\/wp\/v2\/comments?post=8717"}],"version-history":[{"count":0,"href":"https:\/\/wpdepo.com\/tr\/wp-json\/wp\/v2\/pages\/8717\/revisions"}],"wp:attachment":[{"href":"https:\/\/wpdepo.com\/tr\/wp-json\/wp\/v2\/media?parent=8717"}],"curies":[{"name":"wp","href":"https:\/\/api.w.org\/{rel}","templated":true}]}}