{"id":8695,"date":"2018-05-17T09:48:04","date_gmt":"2018-05-17T06:48:04","guid":{"rendered":"https:\/\/wpdepo.com\/?page_id=8695"},"modified":"2018-09-03T20:46:58","modified_gmt":"2018-09-03T17:46:58","slug":"wp-rich-snippets-eklentileri","status":"publish","type":"page","link":"https:\/\/wpdepo.com\/tr\/wp-rich-snippets-eklentileri\/","title":{"rendered":"WP Rich Snippets Eklentileri"},"content":{"rendered":"\n\t<section class=\"section\" id=\"section_643015988\">\n\t\t<div class=\"section-bg fill\" >\n\t\t\t\t\t\t\t\t\t\n\t\t\t\n\n\t\t<\/div>\n\n\t\t\n\n\t\t<div class=\"section-content relative\">\n\t\t\t\r\n\r\n<div class=\"row\"  id=\"row-1727343239\">\r\n\r\n\n\t<div id=\"col-362862346\" class=\"col small-12 large-12\"  >\n\t\t\t\t<div class=\"col-inner text-left\"  >\n\t\t\t\n\t\t\t\r\n\r\n<h2 style=\"text-align: center;\">WP Rich Snippets<\/h2>\r\n<p>Schema.org (genellikle Schema olarak adland\u0131r\u0131l\u0131r), arama motorlar\u0131n\u0131n sonu\u00e7 sayfalar\u0131nda sayfan\u0131z\u0131 okumas\u0131n\u0131 ve sunmas\u0131n\u0131 geli\u015ftirmek i\u00e7in HTML kodlar\u0131n\u0131za ekleyebilece\u011finiz semantik bir etiketler (veya mikro veri) grubudur.<\/p>\r\n<p>WP Rich Snippets eklentisi ve premium uzant\u0131lar\u0131 ile WordPress sitenize kolayca yap\u0131sal veri ekleyebilir ve SEO&#8217;nuzu geli\u015ftirebilirsiniz.<\/p>\r\n\r\n\t\t<\/div>\n\t\t\t\t\t<\/div>\n\n\t\r\n\r\n<\/div>\r\n\r\n\t\t<\/div>\n\n\t\t\n<style>\n#section_643015988 {\n  padding-top: 0px;\n  padding-bottom: 0px;\n  background-color: rgb(245, 245, 245);\n}\n<\/style>\n\t<\/section>\n\t\r\n\n\t<section class=\"section\" id=\"section_1456430481\">\n\t\t<div class=\"section-bg fill\" >\n\t\t\t\t\t\t\t\t\t\n\t\t\t\n\n\t\t<\/div>\n\n\t\t\n\n\t\t<div class=\"section-content relative\">\n\t\t\t\r\n\r\n<div class=\"row\"  id=\"row-1041669608\">\r\n\r\n\n\t<div id=\"col-1767274379\" class=\"col small-12 large-12\"  >\n\t\t\t\t<div class=\"col-inner text-left\"  >\n\t\t\t\n\t\t\t\r\n\r\n\n<table id=\"tablepress-72\" class=\"tablepress tablepress-id-72\">\n<thead>\n<tr class=\"row-1 odd\">\n\t<th class=\"column-1\">Eklenti Ad\u0131<\/th><th class=\"column-2\">Versiyon<\/th><th class=\"column-3\">\u0130ndir<\/th><th class=\"column-4\">G\u00fcncelleme<\/th><th class=\"column-5\">Bilgi<\/th>\n<\/tr>\n<\/thead>\n<tbody class=\"row-hover\">\n<tr class=\"row-2 even\">\n\t<td class=\"column-1\">WP Rich Snippets Plugin<\/td><td class=\"column-2\">1.4.9<\/td><td class=\"column-3\"><a class=\"download-link\" title=\"\u0130ndir &ldquo;WP Rich Snippets Plugin&rdquo;&nbsp;Versiyon 1.4.9\" href=\"https:\/\/wpdepo.com\/tr\/\/download\/1981\/\" rel=\"nofollow\">\n\t\u0130ndir<\/a><\/td><td class=\"column-4\">9 Eyl\u00fcl 2020<\/td><td class=\"column-5\"><a href=\"https:\/\/wprichsnippets.com\/\" target=\"_blank\" rel=\"noopener\">Eklenti Sayfas\u0131<\/a><\/td>\n<\/tr>\n<tr class=\"row-3 odd\">\n\t<td class=\"column-1\">WP Rich Snippets - Anonymous User Reviews Add-On<\/td><td class=\"column-2\">1.2<\/td><td class=\"column-3\"><a class=\"download-link\" title=\"\u0130ndir &ldquo;WP Rich Snippets - Anonymous User Reviews Add-On&rdquo;&nbsp;Versiyon 1.2\" href=\"https:\/\/wpdepo.com\/tr\/\/download\/6598\/\" rel=\"nofollow\">\n\t\u0130ndir<\/a><\/td><td class=\"column-4\">21 Haziran 2015<\/td><td class=\"column-5\"><a href=\"https:\/\/wprichsnippets.com\/addons\/anonymous\/\" target=\"_blank\" rel=\"noopener\">Eklenti Sayfas\u0131<\/a><\/td>\n<\/tr>\n<tr class=\"row-4 even\">\n\t<td class=\"column-1\">WP Rich Snippets - Box Shortcode Add-On<\/td><td class=\"column-2\">1.2<\/td><td class=\"column-3\"><a class=\"download-link\" title=\"\u0130ndir &ldquo;WP Rich Snippets - Box Shortcode Add-On&rdquo;&nbsp;Versiyon 1.2\" href=\"https:\/\/wpdepo.com\/tr\/\/download\/6600\/\" rel=\"nofollow\">\n\t\u0130ndir<\/a><\/td><td class=\"column-4\">6 Haziran 2016<\/td><td class=\"column-5\"><a href=\"https:\/\/wprichsnippets.com\/addons\/box-shortcode\/\" target=\"_blank\" rel=\"noopener\">Eklenti Sayfas\u0131<\/a><\/td>\n<\/tr>\n<tr class=\"row-5 odd\">\n\t<td class=\"column-1\">WP Rich Snippets - Compare Add-On<\/td><td class=\"column-2\">1.2<\/td><td class=\"column-3\"><a class=\"download-link\" title=\"\u0130ndir &ldquo;WP Rich Snippets - Compare Add-On&rdquo;&nbsp;Versiyon 1.2\" href=\"https:\/\/wpdepo.com\/tr\/\/download\/6602\/\" rel=\"nofollow\">\n\t\u0130ndir<\/a><\/td><td class=\"column-4\">27 A\u011fustos 2016<\/td><td class=\"column-5\"><a href=\"https:\/\/wprichsnippets.com\/addons\/compare\/\" target=\"_blank\" rel=\"noopener\">Eklenti Sayfas\u0131<\/a><\/td>\n<\/tr>\n<tr class=\"row-6 even\">\n\t<td class=\"column-1\">WP Rich Snippets - Call To Action Add-On<\/td><td class=\"column-2\">1.9.2<\/td><td class=\"column-3\"><a class=\"download-link\" title=\"\u0130ndir &ldquo;WP Rich Snippets - Call To Action Add-On&rdquo;&nbsp;Versiyon 1.9.2\" href=\"https:\/\/wpdepo.com\/tr\/\/download\/6604\/\" rel=\"nofollow\">\n\t\u0130ndir<\/a><\/td><td class=\"column-4\">10 Ekim 2017<\/td><td class=\"column-5\"><a href=\"https:\/\/wprichsnippets.com\/addons\/call-to-action\/\" target=\"_blank\" rel=\"noopener\">Eklenti Sayfas\u0131<\/a><\/td>\n<\/tr>\n<tr class=\"row-7 odd\">\n\t<td class=\"column-1\">WP Rich Snippets - Customizer Add-On<\/td><td class=\"column-2\">1.5<\/td><td class=\"column-3\"><a class=\"download-link\" title=\"\u0130ndir &ldquo;WP Rich Snippets - Customizer Add-On&rdquo;&nbsp;Versiyon 1.5\" href=\"https:\/\/wpdepo.com\/tr\/\/download\/6606\/\" rel=\"nofollow\">\n\t\u0130ndir<\/a><\/td><td class=\"column-4\">20 Kas\u0131m 2016<\/td><td class=\"column-5\"><a href=\"https:\/\/wprichsnippets.com\/addons\/customizer\/\" target=\"_blank\" rel=\"noopener\">Eklenti Sayfas\u0131<\/a><\/td>\n<\/tr>\n<tr class=\"row-8 even\">\n\t<td class=\"column-1\">WP Rich Snippets - DataTables Add-On<\/td><td class=\"column-2\">1.1<\/td><td class=\"column-3\"><a class=\"download-link\" title=\"\u0130ndir &ldquo;WP Rich Snippets - DataTables Add-On&rdquo;&nbsp;Versiyon 1.1\" href=\"https:\/\/wpdepo.com\/tr\/\/download\/6608\/\" rel=\"nofollow\">\n\t\u0130ndir<\/a><\/td><td class=\"column-4\">20 Haziran 2015<\/td><td class=\"column-5\"><a href=\"https:\/\/wprichsnippets.com\/addons\/datatables\/\" target=\"_blank\" rel=\"noopener\">Eklenti Sayfas\u0131<\/a><\/td>\n<\/tr>\n<tr class=\"row-9 odd\">\n\t<td class=\"column-1\">WP Rich Snippets - Display Rating Add-On<\/td><td class=\"column-2\">1.1<\/td><td class=\"column-3\"><a class=\"download-link\" title=\"\u0130ndir &ldquo;WP Rich Snippets - Display Rating Add-On&rdquo;&nbsp;Versiyon 1.1\" href=\"https:\/\/wpdepo.com\/tr\/\/download\/6610\/\" rel=\"nofollow\">\n\t\u0130ndir<\/a><\/td><td class=\"column-4\">30 Ekim 2014<\/td><td class=\"column-5\"><a href=\"https:\/\/wprichsnippets.com\/addons\/display-rating\/\" target=\"_blank\" rel=\"noopener\">Eklenti Sayfas\u0131<\/a><\/td>\n<\/tr>\n<tr class=\"row-10 even\">\n\t<td class=\"column-1\">WP Rich Snippets - Front-End Entry Submit Add-On<\/td><td class=\"column-2\">1.1<\/td><td class=\"column-3\"><a class=\"download-link\" title=\"\u0130ndir &ldquo;WP Rich Snippets - Front-End Entry Submit Add-On&rdquo;&nbsp;Versiyon 1.1\" href=\"https:\/\/wpdepo.com\/tr\/\/download\/6618\/\" rel=\"nofollow\">\n\t\u0130ndir<\/a><\/td><td class=\"column-4\">10 Ekim 2016<\/td><td class=\"column-5\"><a href=\"https:\/\/wprichsnippets.com\/addons\/front-end-submit\/\" target=\"_blank\" rel=\"noopener\">Eklenti Sayfas\u0131<\/a><\/td>\n<\/tr>\n<tr class=\"row-11 odd\">\n\t<td class=\"column-1\">WP Rich Snippets - Locations Add-On<\/td><td class=\"column-2\">1.2<\/td><td class=\"column-3\"><a class=\"download-link\" title=\"\u0130ndir &ldquo;WP Rich Snippets - Locations Add-On&rdquo;&nbsp;Versiyon 1.2\" href=\"https:\/\/wpdepo.com\/tr\/\/download\/6612\/\" rel=\"nofollow\">\n\t\u0130ndir<\/a><\/td><td class=\"column-4\">30 Haziran 2015<\/td><td class=\"column-5\"><a href=\"https:\/\/wprichsnippets.com\/addons\/locations\/\" target=\"_blank\" rel=\"noopener\">Eklenti Sayfas\u0131<\/a><\/td>\n<\/tr>\n<tr class=\"row-12 even\">\n\t<td class=\"column-1\">WP Rich Snippets - Ranking Table Add-On<\/td><td class=\"column-2\">1.9.3<\/td><td class=\"column-3\"><a class=\"download-link\" title=\"\u0130ndir &ldquo;WP Rich Snippets - Ranking Table Add-On&rdquo;&nbsp;Versiyon 1.9.3\" href=\"https:\/\/wpdepo.com\/tr\/\/download\/6614\/\" rel=\"nofollow\">\n\t\u0130ndir<\/a><\/td><td class=\"column-4\">1 Nisan 2016<\/td><td class=\"column-5\"><a href=\"https:\/\/wprichsnippets.com\/addons\/ranking-table\/\" target=\"_blank\" rel=\"noopener\">Eklenti Sayfas\u0131<\/a><\/td>\n<\/tr>\n<tr class=\"row-13 odd\">\n\t<td class=\"column-1\">WP Rich Snippets - Software Specs Add-On<\/td><td class=\"column-2\">1.1<\/td><td class=\"column-3\"><a class=\"download-link\" title=\"\u0130ndir &ldquo;WP Rich Snippets - Software Specs Add-On&rdquo;&nbsp;Versiyon 1.1\" href=\"https:\/\/wpdepo.com\/tr\/\/download\/6616\/\" rel=\"nofollow\">\n\t\u0130ndir<\/a><\/td><td class=\"column-4\">21 Haziran 2015<\/td><td class=\"column-5\"><a href=\"https:\/\/wprichsnippets.com\/addons\/software-specs\/\" target=\"_blank\" rel=\"noopener\">Eklenti Sayfas\u0131<\/a><\/td>\n<\/tr>\n<tr class=\"row-14 even\">\n\t<td class=\"column-1\">WP Rich Snippets - User Reviews Image Add-On<\/td><td class=\"column-2\">1.5<\/td><td class=\"column-3\"><a class=\"download-link\" title=\"\u0130ndir &ldquo;WP Rich Snippets - User Reviews Image Add-On&rdquo;&nbsp;Versiyon 1.5\" href=\"https:\/\/wpdepo.com\/tr\/\/download\/6620\/\" rel=\"nofollow\">\n\t\u0130ndir<\/a><\/td><td class=\"column-4\">17 Haziran 2016<\/td><td class=\"column-5\"><a href=\"https:\/\/wprichsnippets.com\/addons\/user-reviews-image\/\" target=\"_blank\" rel=\"noopener\">Eklenti Sayfas\u0131<\/a><\/td>\n<\/tr>\n<tr class=\"row-15 odd\">\n\t<td class=\"column-1\">WP Rich Snippets - WooCommerce Reviews Add-On<\/td><td class=\"column-2\">1.2<\/td><td class=\"column-3\"><a class=\"download-link\" title=\"\u0130ndir &ldquo;WP Rich Snippets - WooCommerce Reviews Add-On&rdquo;&nbsp;Versiyon 1.2\" href=\"https:\/\/wpdepo.com\/tr\/\/download\/6622\/\" rel=\"nofollow\">\n\t\u0130ndir<\/a><\/td><td class=\"column-4\">3 Eyl\u00fcl 2017<\/td><td class=\"column-5\"><a href=\"https:\/\/wprichsnippets.com\/addons\/woocommerce\/\" target=\"_blank\" rel=\"noopener\">Eklenti Sayfas\u0131<\/a><\/td>\n<\/tr>\n<\/tbody>\n<\/table>\n\r\n\r\n\t\t<\/div>\n\t\t\t\t\t<\/div>\n\n\t\r\n\r\n<\/div>\r\n\r\n\t\t<\/div>\n\n\t\t\n<style>\n#section_1456430481 {\n  padding-top: 30px;\n  padding-bottom: 30px;\n}\n<\/style>\n\t<\/section>\n\t","protected":false},"excerpt":{"rendered":"","protected":false},"author":1,"featured_media":0,"parent":0,"menu_order":0,"comment_status":"closed","ping_status":"closed","template":"page-blank.php","meta":{"footnotes":""},"class_list":["post-8695","page","type-page","status-publish","hentry"],"_links":{"self":[{"href":"https:\/\/wpdepo.com\/tr\/wp-json\/wp\/v2\/pages\/8695","targetHints":{"allow":["GET"]}}],"collection":[{"href":"https:\/\/wpdepo.com\/tr\/wp-json\/wp\/v2\/pages"}],"about":[{"href":"https:\/\/wpdepo.com\/tr\/wp-json\/wp\/v2\/types\/page"}],"author":[{"embeddable":true,"href":"https:\/\/wpdepo.com\/tr\/wp-json\/wp\/v2\/users\/1"}],"replies":[{"embeddable":true,"href":"https:\/\/wpdepo.com\/tr\/wp-json\/wp\/v2\/comments?post=8695"}],"version-history":[{"count":0,"href":"https:\/\/wpdepo.com\/tr\/wp-json\/wp\/v2\/pages\/8695\/revisions"}],"wp:attachment":[{"href":"https:\/\/wpdepo.com\/tr\/wp-json\/wp\/v2\/media?parent=8695"}],"curies":[{"name":"wp","href":"https:\/\/api.w.org\/{rel}","templated":true}]}}