{"id":8665,"date":"2018-05-17T01:54:23","date_gmt":"2018-05-16T22:54:23","guid":{"rendered":"https:\/\/wpdepo.com\/?page_id=8665"},"modified":"2018-09-03T20:46:56","modified_gmt":"2018-09-03T17:46:56","slug":"storeapps-eklentileri","status":"publish","type":"page","link":"https:\/\/wpdepo.com\/tr\/storeapps-eklentileri\/","title":{"rendered":"StoreApps Eklentileri"},"content":{"rendered":"\n\t<section class=\"section\" id=\"section_695442019\">\n\t\t<div class=\"section-bg fill\" >\n\t\t\t\t\t\t\t\t\t\n\t\t\t\n\n\t\t<\/div>\n\n\t\t\n\n\t\t<div class=\"section-content relative\">\n\t\t\t\r\n\r\n<div class=\"row\"  id=\"row-1772304984\">\r\n\r\n\n\t<div id=\"col-1074626656\" class=\"col small-12 large-12\"  >\n\t\t\t\t<div class=\"col-inner text-left\"  >\n\t\t\t\n\t\t\t\r\n\r\n<h2 style=\"text-align: center;\">StoreApps<\/h2>\r\n<p>StoreApps, WooCommerce ile geli\u015ftirilmi\u015f ma\u011fazalar i\u00e7in eklentiler geli\u015ftirmektedir. WooCommerce ma\u011fazan\u0131zdan daha fazla sat\u0131\u015f yapmak i\u00e7in g\u00fcvenilir WooCommerce eklentileri sunan StoreApps, ma\u011faza y\u00f6netiminde zamandan tasarruf etmeyi, daha fazla m\u00fc\u015fteri elde etmeyi ve daha iyi kararlar almay\u0131 kolayla\u015ft\u0131racak 20+ eklentiye sahiptir.<\/p>\r\n<p>StoreApps taraf\u0131ndan geli\u015ftirilmi\u015f eklentilere g\u00f6z atmak i\u00e7in <a href=\"https:\/\/www.storeapps.org\/shop\/\" rel=\"noopener\" target=\"_blank\">StoreApps<\/a> internet sitesini ziyaret edebilirsiniz.<\/p>\r\n\r\n\t\t<\/div>\n\t\t\t\t\t<\/div>\n\n\t\r\n\r\n<\/div>\r\n\r\n\t\t<\/div>\n\n\t\t\n<style>\n#section_695442019 {\n  padding-top: 0px;\n  padding-bottom: 0px;\n  background-color: rgb(245, 245, 245);\n}\n<\/style>\n\t<\/section>\n\t\r\n\n\t<section class=\"section\" id=\"section_1158347918\">\n\t\t<div class=\"section-bg fill\" >\n\t\t\t\t\t\t\t\t\t\n\t\t\t\n\n\t\t<\/div>\n\n\t\t\n\n\t\t<div class=\"section-content relative\">\n\t\t\t\r\n\r\n<div class=\"row\"  id=\"row-1958376833\">\r\n\r\n\n\t<div id=\"col-1570747166\" class=\"col small-12 large-12\"  >\n\t\t\t\t<div class=\"col-inner text-left\"  >\n\t\t\t\n\t\t\t\r\n\r\n\n<table id=\"tablepress-71\" class=\"tablepress tablepress-id-71\">\n<thead>\n<tr class=\"row-1 odd\">\n\t<th class=\"column-1\">Eklenti Ad\u0131<\/th><th class=\"column-2\">Versiyon<\/th><th class=\"column-3\">\u0130ndir<\/th><th class=\"column-4\">G\u00fcncelleme<\/th><th class=\"column-5\">Bilgi<\/th>\n<\/tr>\n<\/thead>\n<tbody class=\"row-hover\">\n<tr class=\"row-2 even\">\n\t<td class=\"column-1\">Bulk Variations Manager<\/td><td class=\"column-2\">3.1.3<\/td><td class=\"column-3\"><a class=\"download-link\" title=\"\u0130ndir &ldquo;Bulk Variations Manager&rdquo;&nbsp;Versiyon 3.1.3\" href=\"https:\/\/wpdepo.com\/tr\/\/download\/15151\/\" rel=\"nofollow\">\n\t\u0130ndir<\/a><\/td><td class=\"column-4\">24 Temmuz 2018<\/td><td class=\"column-5\"><a href=\"https:\/\/www.storeapps.org\/product\/bulk-variations-manager\/\" target=\"_blank\" rel=\"noopener\">Eklenti Sayfas\u0131<\/a><\/td>\n<\/tr>\n<tr class=\"row-3 odd\">\n\t<td class=\"column-1\">Email Customizer for WooCommerce - Smart Emails<\/td><td class=\"column-2\">1.3.3<\/td><td class=\"column-3\"><a class=\"download-link\" title=\"\u0130ndir &ldquo;Email Customizer for WooCommerce - Smart Emails&rdquo;&nbsp;Versiyon 1.3.3\" href=\"https:\/\/wpdepo.com\/tr\/\/download\/19237\/\" rel=\"nofollow\">\n\t\u0130ndir<\/a><\/td><td class=\"column-4\">28 Haziran 2019<\/td><td class=\"column-5\"><a href=\"https:\/\/www.storeapps.org\/product\/smart-emails\/\" target=\"_blank\" rel=\"noopener\">Eklenti Sayfas\u0131<\/a><\/td>\n<\/tr>\n<tr class=\"row-4 even\">\n\t<td class=\"column-1\">Offer Your Price<\/td><td class=\"column-2\">2.10.2<\/td><td class=\"column-3\"><a class=\"download-link\" title=\"\u0130ndir &ldquo;Offer Your Price&rdquo;&nbsp;Versiyon 2.10.2\" href=\"https:\/\/wpdepo.com\/tr\/\/download\/8563\/\" rel=\"nofollow\">\n\t\u0130ndir<\/a><\/td><td class=\"column-4\">29 May\u0131s 2018<\/td><td class=\"column-5\"><a href=\"https:\/\/www.storeapps.org\/product\/offer-your-price\/\" target=\"_blank\" rel=\"noopener\">Eklenti Sayfas\u0131<\/a><\/td>\n<\/tr>\n<tr class=\"row-5 odd\">\n\t<td class=\"column-1\">Smart Manager Pro<\/td><td class=\"column-2\">8.85.0<\/td><td class=\"column-3\"><a class=\"download-link\" title=\"\u0130ndir &ldquo;Smart Manager Pro&rdquo;&nbsp;Versiyon 8.85.0\" href=\"https:\/\/wpdepo.com\/tr\/\/download\/8559\/\" rel=\"nofollow\">\n\t\u0130ndir<\/a><\/td><td class=\"column-4\">31 Mart 2026<\/td><td class=\"column-5\"><a href=\"https:\/\/www.storeapps.org\/product\/smart-manager\/\" target=\"_blank\" rel=\"noopener\">Eklenti Sayfas\u0131<\/a><\/td>\n<\/tr>\n<tr class=\"row-6 even\">\n\t<td class=\"column-1\">Smart Offers<\/td><td class=\"column-2\">3.10.3<\/td><td class=\"column-3\"><a class=\"download-link\" title=\"\u0130ndir &ldquo;Smart Offers&rdquo;&nbsp;Versiyon 3.10.3\" href=\"https:\/\/wpdepo.com\/tr\/\/download\/8561\/\" rel=\"nofollow\">\n\t\u0130ndir<\/a><\/td><td class=\"column-4\">5 Eyl\u00fcl 2019<\/td><td class=\"column-5\"><a href=\"https:\/\/www.storeapps.org\/product\/smart-offers\/\" target=\"_blank\" rel=\"noopener\">Eklenti Sayfas\u0131<\/a><\/td>\n<\/tr>\n<\/tbody>\n<\/table>\n\r\n\r\n\t\t<\/div>\n\t\t\t\t\t<\/div>\n\n\t\r\n\r\n<\/div>\r\n\r\n\t\t<\/div>\n\n\t\t\n<style>\n#section_1158347918 {\n  padding-top: 30px;\n  padding-bottom: 30px;\n}\n<\/style>\n\t<\/section>\n\t","protected":false},"excerpt":{"rendered":"","protected":false},"author":1,"featured_media":0,"parent":0,"menu_order":0,"comment_status":"closed","ping_status":"closed","template":"page-blank.php","meta":{"footnotes":""},"class_list":["post-8665","page","type-page","status-publish","hentry"],"_links":{"self":[{"href":"https:\/\/wpdepo.com\/tr\/wp-json\/wp\/v2\/pages\/8665","targetHints":{"allow":["GET"]}}],"collection":[{"href":"https:\/\/wpdepo.com\/tr\/wp-json\/wp\/v2\/pages"}],"about":[{"href":"https:\/\/wpdepo.com\/tr\/wp-json\/wp\/v2\/types\/page"}],"author":[{"embeddable":true,"href":"https:\/\/wpdepo.com\/tr\/wp-json\/wp\/v2\/users\/1"}],"replies":[{"embeddable":true,"href":"https:\/\/wpdepo.com\/tr\/wp-json\/wp\/v2\/comments?post=8665"}],"version-history":[{"count":0,"href":"https:\/\/wpdepo.com\/tr\/wp-json\/wp\/v2\/pages\/8665\/revisions"}],"wp:attachment":[{"href":"https:\/\/wpdepo.com\/tr\/wp-json\/wp\/v2\/media?parent=8665"}],"curies":[{"name":"wp","href":"https:\/\/api.w.org\/{rel}","templated":true}]}}