{"id":86512,"date":"2024-09-19T12:04:49","date_gmt":"2024-09-19T12:04:49","guid":{"rendered":"https:\/\/wpdepo.com\/?page_id=86512"},"modified":"2024-09-19T12:04:49","modified_gmt":"2024-09-19T12:04:49","slug":"cesitli-wordpress-temalari","status":"publish","type":"page","link":"https:\/\/wpdepo.com\/tr\/cesitli-wordpress-temalari\/","title":{"rendered":"Premium WordPress Temalar\u0131"},"content":{"rendered":"\n\t<section class=\"section\" id=\"section_950012072\">\n\t\t<div class=\"section-bg fill\" >\n\t\t\t\t\t\t\t\t\t\n\t\t\t\n\n\t\t<\/div>\n\n\t\t\n\n\t\t<div class=\"section-content relative\">\n\t\t\t\r\n\r\n<div class=\"row\"  id=\"row-151630670\">\r\n\r\n\n\t<div id=\"col-1896752755\" class=\"col small-12 large-12\"  >\n\t\t\t\t<div class=\"col-inner text-left\"  >\n\t\t\t\n\t\t\t\r\n\r\n<h2 style=\"text-align: center;\">Premium WordPress Temalar\u0131<\/h2>\r\n<p>Bu sayfada, di\u011fer ba\u015fl\u0131klar alt\u0131nda listelenmeyen farkl\u0131 geli\u015ftiricilere ait premium WordPress temalar\u0131n\u0131 indirebilirsiniz.<\/p>\r\n\r\n\t\t<\/div>\n\t\t\t\t\t<\/div>\n\n\t\r\n\r\n<\/div>\r\n\r\n\t\t<\/div>\n\n\t\t\n<style>\n#section_950012072 {\n  padding-top: 0px;\n  padding-bottom: 0px;\n  background-color: rgb(245, 245, 245);\n}\n<\/style>\n\t<\/section>\n\t\r\n\n\t<section class=\"section\" id=\"section_1665205783\">\n\t\t<div class=\"section-bg fill\" >\n\t\t\t\t\t\t\t\t\t\n\t\t\t\n\n\t\t<\/div>\n\n\t\t\n\n\t\t<div class=\"section-content relative\">\n\t\t\t\r\n\r\n<div class=\"row\"  id=\"row-1731800402\">\r\n\r\n\n\t<div id=\"col-473997445\" class=\"col small-12 large-12\"  >\n\t\t\t\t<div class=\"col-inner text-left\"  >\n\t\t\t\n\t\t\t\r\n\r\n<div id=\"tablepress-2-scroll-wrapper\" class=\"tablepress-scroll-wrapper\"><div id=\"tablepress-2_wrapper\" class=\"dataTables_wrapper no-footer\"><table id=\"tablepress-2\" class=\"tablepress premium-plugins tablepress-id-2 dataTable no-footer\" role=\"grid\"><thead><tr class=\"row-1 odd\" role=\"row\"><th class=\"column-1\" tabindex=\"0\" aria-controls=\"tablepress-2\" rowspan=\"1\" colspan=\"1\" aria-label=\"Tema Ad\u0131\" style=\"width: 508px;\">Tema Ad\u0131<\/th><th class=\"column-2\" tabindex=\"0\" aria-controls=\"tablepress-2\" rowspan=\"1\" colspan=\"1\" aria-label=\"Versiyon\" style=\"width: 101px;\">Versiyon<\/th><th class=\"column-3\" tabindex=\"0\" aria-controls=\"tablepress-2\" rowspan=\"1\" colspan=\"1\" aria-label=\"\u0130ndir\" style=\"width: 58px;\">\u0130ndir<\/th><th class=\"column-4\" tabindex=\"0\" aria-controls=\"tablepress-2\" rowspan=\"1\" colspan=\"1\" aria-label=\"G\u00fcncelleme\" style=\"width: 130px;\">G\u00fcncelleme<\/th><\/tr><\/thead>\r\n\r\n<tbody class=\"row-hover\"><tr class=\"row-2 even\" role=\"row\"><td class=\"column-1\">Gust - Tailwind CSS WordPress Theme&nbsp;<\/td>\n<td class=\"column-2\">1.8.19<\/td><td class=\"column-3\"><a class=\"download-link\" title=\"\u0130ndir &ldquo;Gust - Tailwind CSS WordPress Theme&rdquo;&nbsp;Versiyon 1.8.19\" href=\"https:\/\/wpdepo.com\/tr\/\/download\/88541\/\" rel=\"nofollow\">\n\t\u0130ndir<\/a>&nbsp;<\/td>\n<td class=\"column-4\">12 \u015eubat 2025&nbsp;<\/td><\/tr><tr class=\"row-2 even\" role=\"row\"><td class=\"column-1\">Madara - WordPress Manga Theme&nbsp;<\/td>\n<td class=\"column-2\">2.2.7.1<\/td><td class=\"column-3\"><a class=\"download-link\" title=\"\u0130ndir &ldquo;Madara - WordPress Manga Theme&rdquo;&nbsp;Versiyon 2.2.7.1\" href=\"https:\/\/wpdepo.com\/tr\/\/download\/88544\/\" rel=\"nofollow\">\n\t\u0130ndir<\/a>&nbsp;<\/td>\n<td class=\"column-4\">2 Nisan 2026&nbsp;<\/td><\/tr><tr class=\"row-2 even\" role=\"row\"><td class=\"column-1\">Shoptimizer - The Fastest WooCommerce Theme&nbsp;<\/td>\n<td class=\"column-2\">2.9.2<\/td><td class=\"column-3\"><a class=\"download-link\" title=\"\u0130ndir &ldquo;Shoptimizer - The Fastest WooCommerce Theme&rdquo;&nbsp;Versiyon 2.9.2\" href=\"https:\/\/wpdepo.com\/tr\/\/download\/52314\/\" rel=\"nofollow\">\n\t\u0130ndir<\/a>&nbsp;<\/td>\n<td class=\"column-4\">2 Nisan 2026&nbsp;<\/td><\/tr><tr class=\"row-2 even\" role=\"row\"><td class=\"column-1\">UiCore Pro&nbsp;<\/td>\n<td class=\"column-2\">2.3.0<\/td><td class=\"column-3\"><a class=\"download-link\" title=\"\u0130ndir &ldquo;UiCore Pro&rdquo;&nbsp;Versiyon 2.3.0\" href=\"https:\/\/wpdepo.com\/tr\/\/download\/98828\/\" rel=\"nofollow\">\n\t\u0130ndir<\/a>&nbsp;<\/td>\n<td class=\"column-4\">11 \u015eubat 2026&nbsp;<\/td><\/tr><tr class=\"row-2 even\" role=\"row\"><td class=\"column-1\">Voxel - WordPress Dynamic Theme&nbsp;<\/td>\n<td class=\"column-2\">1.7.7.3<\/td><td class=\"column-3\"><a class=\"download-link\" title=\"\u0130ndir &ldquo;Voxel - WordPress Dynamic Theme&rdquo;&nbsp;Versiyon 1.7.7.3\" href=\"https:\/\/wpdepo.com\/tr\/\/download\/86510\/\" rel=\"nofollow\">\n\t\u0130ndir<\/a>&nbsp;<\/td>\n<td class=\"column-4\">9 Nisan 2026&nbsp;<\/td><\/tr><tr class=\"row-2 even\" role=\"row\"><td class=\"column-1\">Woostify Pro&nbsp;<\/td>\n<td class=\"column-2\">1.9.0<\/td><td class=\"column-3\"><a class=\"download-link\" title=\"\u0130ndir &ldquo;Woostify Pro&rdquo;&nbsp;Versiyon 1.9.0\" href=\"https:\/\/wpdepo.com\/tr\/\/download\/79734\/\" rel=\"nofollow\">\n\t\u0130ndir<\/a>&nbsp;<\/td>\n<td class=\"column-4\">9 Nisan 2026&nbsp;<\/td><\/tr><tr class=\"row-2 even\" role=\"row\"><td class=\"column-1\">YOOtheme Pro - WordPress Theme&nbsp;<\/td>\n<td class=\"column-2\">5.0.14<\/td><td class=\"column-3\"><a class=\"download-link\" title=\"\u0130ndir &ldquo;YOOtheme Pro - WordPress Theme&rdquo;&nbsp;Versiyon 5.0.14\" href=\"https:\/\/wpdepo.com\/tr\/\/download\/86695\/\" rel=\"nofollow\">\n\t\u0130ndir<\/a>&nbsp;<\/td>\n<td class=\"column-4\">27 \u015eubat 2026&nbsp;<\/td><\/tr><\/tbody>\n\t\t\r\n\r\n<\/table><\/div><\/div>\r\n\r\n\t\t<\/div>\n\t\t\t\t\t<\/div>\n\n\t\r\n\r\n<\/div>\r\n\r\n\t\t<\/div>\n\n\t\t\n<style>\n#section_1665205783 {\n  padding-top: 30px;\n  padding-bottom: 30px;\n}\n<\/style>\n\t<\/section>\n\t","protected":false},"excerpt":{"rendered":"","protected":false},"author":1,"featured_media":0,"parent":0,"menu_order":0,"comment_status":"closed","ping_status":"closed","template":"page-blank.php","meta":{"footnotes":""},"class_list":["post-86512","page","type-page","status-publish","hentry"],"_links":{"self":[{"href":"https:\/\/wpdepo.com\/tr\/wp-json\/wp\/v2\/pages\/86512","targetHints":{"allow":["GET"]}}],"collection":[{"href":"https:\/\/wpdepo.com\/tr\/wp-json\/wp\/v2\/pages"}],"about":[{"href":"https:\/\/wpdepo.com\/tr\/wp-json\/wp\/v2\/types\/page"}],"author":[{"embeddable":true,"href":"https:\/\/wpdepo.com\/tr\/wp-json\/wp\/v2\/users\/1"}],"replies":[{"embeddable":true,"href":"https:\/\/wpdepo.com\/tr\/wp-json\/wp\/v2\/comments?post=86512"}],"version-history":[{"count":0,"href":"https:\/\/wpdepo.com\/tr\/wp-json\/wp\/v2\/pages\/86512\/revisions"}],"wp:attachment":[{"href":"https:\/\/wpdepo.com\/tr\/wp-json\/wp\/v2\/media?parent=86512"}],"curies":[{"name":"wp","href":"https:\/\/api.w.org\/{rel}","templated":true}]}}