{"id":8460,"date":"2018-05-04T01:21:19","date_gmt":"2018-05-03T22:21:19","guid":{"rendered":"https:\/\/wpdepo.com\/?page_id=8460"},"modified":"2018-09-03T20:46:21","modified_gmt":"2018-09-03T17:46:21","slug":"learnpress-premium-eklentileri","status":"publish","type":"page","link":"https:\/\/wpdepo.com\/tr\/learnpress-premium-eklentileri\/","title":{"rendered":"LearnPress Premium Eklentileri"},"content":{"rendered":"\n\t<section class=\"section\" id=\"section_2032486086\">\n\t\t<div class=\"section-bg fill\" >\n\t\t\t\t\t\t\t\t\t\n\t\t\t\n\n\t\t<\/div>\n\n\t\t\n\n\t\t<div class=\"section-content relative\">\n\t\t\t\r\n\r\n<div class=\"row\"  id=\"row-413211594\">\r\n\r\n\n\t<div id=\"col-1571346872\" class=\"col small-12 large-12\"  >\n\t\t\t\t<div class=\"col-inner text-left\"  >\n\t\t\t\n\t\t\t\r\n\r\n<h2 style=\"text-align: center;\">LearnPress Premium<\/h2>\r\n<p>LearnPress eklentisi, WordPress i\u00e7in kapsaml\u0131 bir WordPress LMS eklentisidir. LearnPress eklentisi \u00e7evrimi\u00e7i kurslar\u0131 kolayca olu\u015fturmak ve internet \u00fczerinden satmak i\u00e7in kullan\u0131labilir. Kullan\u0131m\u0131 kolay kullan\u0131c\u0131 aray\u00fcz\u00fc ile dersler ve s\u0131navlar olu\u015fturarak ders m\u00fcfredatlar\u0131 tasarlanabilir.<\/p>\r\n<p>ThimPress taraf\u0131ndan geli\u015ftirilen LearnPress eklentisini ve \u00fccretsiz eklentilerini WordPress deposundan <a href=\"https:\/\/profiles.wordpress.org\/thimpress#content-plugins\" rel=\"noopener\" target=\"_blank\">indirebilirsiniz<\/a>. LearnPress eklentisinin premium eklentilerini ise depomuzdan indirebilirsiniz.<\/p>\r\n\r\n\t\t<\/div>\n\t\t\t\t\t<\/div>\n\n\t\r\n\r\n<\/div>\r\n\r\n\t\t<\/div>\n\n\t\t\n<style>\n#section_2032486086 {\n  padding-top: 0px;\n  padding-bottom: 0px;\n  background-color: rgb(245, 245, 245);\n}\n<\/style>\n\t<\/section>\n\t\r\n\n\t<section class=\"section\" id=\"section_1905661345\">\n\t\t<div class=\"section-bg fill\" >\n\t\t\t\t\t\t\t\t\t\n\t\t\t\n\n\t\t<\/div>\n\n\t\t\n\n\t\t<div class=\"section-content relative\">\n\t\t\t\r\n\r\n<div class=\"row\"  id=\"row-112193562\">\r\n\r\n\n\t<div id=\"col-1943367755\" class=\"col small-12 large-12\"  >\n\t\t\t\t<div class=\"col-inner text-left\"  >\n\t\t\t\n\t\t\t\r\n\r\n\n<table id=\"tablepress-70\" class=\"tablepress tablepress-id-70\">\n<thead>\n<tr class=\"row-1 odd\">\n\t<th class=\"column-1\">Eklenti Ad\u0131<\/th><th class=\"column-2\">Versiyon<\/th><th class=\"column-3\">\u0130ndir<\/th><th class=\"column-4\">G\u00fcncelleme<\/th><th class=\"column-5\">Bilgi<\/th>\n<\/tr>\n<\/thead>\n<tbody class=\"row-hover\">\n<tr class=\"row-2 even\">\n\t<td class=\"column-1\">LearnPress - 2Checkout Payment Addon<\/td><td class=\"column-2\">4.0.2<\/td><td class=\"column-3\"><a class=\"download-link\" title=\"\u0130ndir &ldquo;LearnPress - 2Checkout Payment Addon&rdquo;&nbsp;Versiyon 4.0.2\" href=\"https:\/\/wpdepo.com\/tr\/\/download\/25511\/\" rel=\"nofollow\">\n\t\u0130ndir<\/a><\/td><td class=\"column-4\">25 Nisan 2025<\/td><td class=\"column-5\"><a href=\"https:\/\/thimpress.com\/product\/2checkout-add-learnpress\/\" target=\"_blank\" rel=\"noopener\">Eklenti Sayfas\u0131<\/a><\/td>\n<\/tr>\n<tr class=\"row-3 odd\">\n\t<td class=\"column-1\">LearnPress - Announcements Addon<\/td><td class=\"column-2\">4.1.1<\/td><td class=\"column-3\"><a class=\"download-link\" title=\"\u0130ndir &ldquo;LearnPress - Announcements Addon&rdquo;&nbsp;Versiyon 4.1.1\" href=\"https:\/\/wpdepo.com\/tr\/\/download\/8428\/\" rel=\"nofollow\">\n\t\u0130ndir<\/a><\/td><td class=\"column-4\">30 Eyl\u00fcl 2025<\/td><td class=\"column-5\"><a href=\"https:\/\/thimpress.com\/product\/announcement-add-on-for-learnpress\/\" target=\"_blank\" rel=\"noopener\">Eklenti Sayfas\u0131<\/a><\/td>\n<\/tr>\n<tr class=\"row-4 even\">\n\t<td class=\"column-1\">LearnPress - Assignments Addon<\/td><td class=\"column-2\">4.1.9<\/td><td class=\"column-3\"><a class=\"download-link\" title=\"\u0130ndir &ldquo;LearnPress - Assignments Addon&rdquo;&nbsp;Versiyon 4.1.9\" href=\"https:\/\/wpdepo.com\/tr\/\/download\/20992\/\" rel=\"nofollow\">\n\t\u0130ndir<\/a><\/td><td class=\"column-4\">6 Kas\u0131m 2025<\/td><td class=\"column-5\"><a href=\"https:\/\/thimpress.com\/product\/assignments-add-on-for-learnpress\/\" target=\"_blank\" rel=\"noopener\">Eklenti Sayfas\u0131<\/a><\/td>\n<\/tr>\n<tr class=\"row-5 odd\">\n\t<td class=\"column-1\">LearnPress - Authorize.Net Payment Addon<\/td><td class=\"column-2\">4.0.2<\/td><td class=\"column-3\"><a class=\"download-link\" title=\"\u0130ndir &ldquo;LearnPress - Authorize.Net Payment Addon&rdquo;&nbsp;Versiyon 4.0.2\" href=\"https:\/\/wpdepo.com\/tr\/\/download\/8468\/\" rel=\"nofollow\">\n\t\u0130ndir<\/a><\/td><td class=\"column-4\">5 Mart 2025<\/td><td class=\"column-5\"><a href=\"https:\/\/thimpress.com\/product\/authorize-net-add-on-learnpress\/\" target=\"_blank\" rel=\"noopener\">Eklenti Sayfas\u0131<\/a><\/td>\n<\/tr>\n<tr class=\"row-6 even\">\n\t<td class=\"column-1\">LearnPress - Certificates Addon<\/td><td class=\"column-2\">4.2.1<\/td><td class=\"column-3\"><a class=\"download-link\" title=\"\u0130ndir &ldquo;LearnPress - Certificates Addon&rdquo;&nbsp;Versiyon 4.2.1\" href=\"https:\/\/wpdepo.com\/tr\/\/download\/8430\/\" rel=\"nofollow\">\n\t\u0130ndir<\/a><\/td><td class=\"column-4\">6 Nisan 2026<\/td><td class=\"column-5\"><a href=\"https:\/\/thimpress.com\/product\/certificates-add-on-for-learnpress\/\" target=\"_blank\" rel=\"noopener\">Eklenti Sayfas\u0131<\/a><\/td>\n<\/tr>\n<tr class=\"row-7 odd\">\n\t<td class=\"column-1\">LearnPress - Co-Instructors Addon<\/td><td class=\"column-2\">4.1.0<\/td><td class=\"column-3\"><a class=\"download-link\" title=\"\u0130ndir &ldquo;LearnPress - Co-Instructors Addon&rdquo;&nbsp;Versiyon 4.1.0\" href=\"https:\/\/wpdepo.com\/tr\/\/download\/8432\/\" rel=\"nofollow\">\n\t\u0130ndir<\/a><\/td><td class=\"column-4\">15 Ocak 2026<\/td><td class=\"column-5\"><a href=\"https:\/\/thimpress.com\/product\/co-instructors-add-on-for-learnpress\/\" target=\"_blank\" rel=\"noopener\">Eklenti Sayfas\u0131<\/a><\/td>\n<\/tr>\n<tr class=\"row-8 even\">\n\t<td class=\"column-1\">LearnPress - Collections Addon<\/td><td class=\"column-2\">4.0.4<\/td><td class=\"column-3\"><a class=\"download-link\" title=\"\u0130ndir &ldquo;LearnPress - Collections Addon&rdquo;&nbsp;Versiyon 4.0.4\" href=\"https:\/\/wpdepo.com\/tr\/\/download\/8434\/\" rel=\"nofollow\">\n\t\u0130ndir<\/a><\/td><td class=\"column-4\">25 Ekim 2025<\/td><td class=\"column-5\"><a href=\"https:\/\/thimpress.com\/product\/collections-add-on-for-learnpress\/\" target=\"_blank\" rel=\"noopener\">Eklenti Sayfas\u0131<\/a><\/td>\n<\/tr>\n<tr class=\"row-9 odd\">\n\t<td class=\"column-1\">LearnPress - Coming Soon Courses Addon<\/td><td class=\"column-2\">4.0.7<\/td><td class=\"column-3\"><a class=\"download-link\" title=\"\u0130ndir &ldquo;LearnPress - Coming Soon Courses Addon&rdquo;&nbsp;Versiyon 4.0.7\" href=\"https:\/\/wpdepo.com\/tr\/\/download\/8436\/\" rel=\"nofollow\">\n\t\u0130ndir<\/a><\/td><td class=\"column-4\">18 Haziran 2025<\/td><td class=\"column-5\"><a href=\"https:\/\/thimpress.com\/product\/coming-soon-add-on-learnpress\/\" target=\"_blank\" rel=\"noopener\">Eklenti Sayfas\u0131<\/a><\/td>\n<\/tr>\n<tr class=\"row-10 even\">\n\t<td class=\"column-1\">LearnPress - Content Drip Addon<\/td><td class=\"column-2\">4.0.7<\/td><td class=\"column-3\"><a class=\"download-link\" title=\"\u0130ndir &ldquo;LearnPress - Content Drip Addon&rdquo;&nbsp;Versiyon 4.0.7\" href=\"https:\/\/wpdepo.com\/tr\/\/download\/8440\/\" rel=\"nofollow\">\n\t\u0130ndir<\/a><\/td><td class=\"column-4\">4 Eyl\u00fcl 2024<\/td><td class=\"column-5\"><a href=\"https:\/\/thimpress.com\/product\/content-drip-add-on-for-learnpress\/\" target=\"_blank\" rel=\"noopener\">Eklenti Sayfas\u0131<\/a><\/td>\n<\/tr>\n<tr class=\"row-11 odd\">\n\t<td class=\"column-1\">LearnPress - Frontend Editor Addon<\/td><td class=\"column-2\">4.0.7<\/td><td class=\"column-3\"><a class=\"download-link\" title=\"\u0130ndir &ldquo;LearnPress - Frontend Editor Addon&rdquo;&nbsp;Versiyon 4.0.7\" href=\"https:\/\/wpdepo.com\/tr\/\/download\/29126\/\" rel=\"nofollow\">\n\t\u0130ndir<\/a><\/td><td class=\"column-4\">4 Haziran 2025<\/td><td class=\"column-5\"><a href=\"https:\/\/thimpress.com\/product\/frontend-editor-add-on-for-learnpress\/\" target=\"_blank\" rel=\"noopener\">Eklenti Sayfas\u0131<\/a><\/td>\n<\/tr>\n<tr class=\"row-12 even\">\n\t<td class=\"column-1\">LearnPress - Gradebook Addon<\/td><td class=\"column-2\">4.0.7<\/td><td class=\"column-3\"><a class=\"download-link\" title=\"\u0130ndir &ldquo;LearnPress - Gradebook Addon&rdquo;&nbsp;Versiyon 4.0.7\" href=\"https:\/\/wpdepo.com\/tr\/\/download\/8442\/\" rel=\"nofollow\">\n\t\u0130ndir<\/a><\/td><td class=\"column-4\">17 Haziran 2024<\/td><td class=\"column-5\"><a href=\"https:\/\/thimpress.com\/product\/gradebook-add-on-for-learnpress\/\" target=\"_blank\" rel=\"noopener\">Eklenti Sayfas\u0131<\/a><\/td>\n<\/tr>\n<tr class=\"row-13 odd\">\n\t<td class=\"column-1\">LearnPress - H5P Addon<\/td><td class=\"column-2\">4.0.9<\/td><td class=\"column-3\"><a class=\"download-link\" title=\"\u0130ndir &ldquo;LearnPress - H5P Addon&rdquo;&nbsp;Versiyon 4.0.9\" href=\"https:\/\/wpdepo.com\/tr\/\/download\/60197\/\" rel=\"nofollow\">\n\t\u0130ndir<\/a><\/td><td class=\"column-4\">3 Nisan 2026<\/td><td class=\"column-5\"><a href=\"https:\/\/thimpress.com\/product\/h5p\/\" target=\"_blank\" rel=\"noopener\">Eklenti Sayfas\u0131<\/a><\/td>\n<\/tr>\n<tr class=\"row-14 even\">\n\t<td class=\"column-1\">LearnPress - Instamojo Payment Addon<\/td><td class=\"column-2\">4.0.1<\/td><td class=\"column-3\"><a class=\"download-link\" title=\"\u0130ndir &ldquo;LearnPress - Instamojo Payment Addon&rdquo;&nbsp;Versiyon 4.0.1\" href=\"https:\/\/wpdepo.com\/tr\/\/download\/72346\/\" rel=\"nofollow\">\n\t\u0130ndir<\/a><\/td><td class=\"column-4\">20 Mart 2025<\/td><td class=\"column-5\"><a href=\"https:\/\/thimpress.com\/product\/instamojo-add-on-for-learnpress\/\" target=\"_blank\" rel=\"noopener\">Eklenti Sayfas\u0131<\/a><\/td>\n<\/tr>\n<tr class=\"row-15 odd\">\n\t<td class=\"column-1\">LearnPress - Instructor Commission Addon<\/td><td class=\"column-2\">4.0.5<\/td><td class=\"column-3\"><a class=\"download-link\" title=\"\u0130ndir &ldquo;LearnPress - Instructor Commission Addon&rdquo;&nbsp;Versiyon 4.0.5\" href=\"https:\/\/wpdepo.com\/tr\/\/download\/8438\/\" rel=\"nofollow\">\n\t\u0130ndir<\/a><\/td><td class=\"column-4\">9 \u015eubat 2026<\/td><td class=\"column-5\"><a href=\"https:\/\/thimpress.com\/product\/commission-add-on-for-learnpress\/\" target=\"_blank\" rel=\"noopener\">Eklenti Sayfas\u0131<\/a><\/td>\n<\/tr>\n<tr class=\"row-16 even\">\n\t<td class=\"column-1\">LearnPress - Live Course Addon<\/td><td class=\"column-2\">4.0.5<\/td><td class=\"column-3\"><a class=\"download-link\" title=\"\u0130ndir &ldquo;LearnPress - Live Course Addon&rdquo;&nbsp;Versiyon 4.0.5\" href=\"https:\/\/wpdepo.com\/tr\/\/download\/72348\/\" rel=\"nofollow\">\n\t\u0130ndir<\/a><\/td><td class=\"column-4\">13 Mart 2026<\/td><td class=\"column-5\"><a href=\"https:\/\/thimpress.com\/product\/live-course-add-on-for-learnpress\/\" target=\"_blank\" rel=\"noopener\">Eklenti Sayfas\u0131<\/a><\/td>\n<\/tr>\n<tr class=\"row-17 odd\">\n\t<td class=\"column-1\">LearnPress - myCRED Integration Addon<\/td><td class=\"column-2\">4.0.2<\/td><td class=\"column-3\"><a class=\"download-link\" title=\"\u0130ndir &ldquo;LearnPress - myCRED Integration Addon&rdquo;&nbsp;Versiyon 4.0.2\" href=\"https:\/\/wpdepo.com\/tr\/\/download\/8444\/\" rel=\"nofollow\">\n\t\u0130ndir<\/a><\/td><td class=\"column-4\">16 May\u0131s 2025<\/td><td class=\"column-5\"><a href=\"https:\/\/thimpress.com\/product\/mycred-add-on-for-learnpress\/\" target=\"_blank\" rel=\"noopener\">Eklenti Sayfas\u0131<\/a><\/td>\n<\/tr>\n<tr class=\"row-18 even\">\n\t<td class=\"column-1\">LearnPress - Paid Membership Pro Integration Addon<\/td><td class=\"column-2\">4.1.2<\/td><td class=\"column-3\"><a class=\"download-link\" title=\"\u0130ndir &ldquo;LearnPress - Paid Membership Pro Integration Addon&rdquo;&nbsp;Versiyon 4.1.2\" href=\"https:\/\/wpdepo.com\/tr\/\/download\/8446\/\" rel=\"nofollow\">\n\t\u0130ndir<\/a><\/td><td class=\"column-4\">12 Ocak 2026<\/td><td class=\"column-5\"><a href=\"https:\/\/thimpress.com\/product\/paid-memberships-pro-add-learnpress\/\" target=\"_blank\" rel=\"noopener\">Eklenti Sayfas\u0131<\/a><\/td>\n<\/tr>\n<tr class=\"row-19 odd\">\n\t<td class=\"column-1\">LearnPress - Random Quiz Addon<\/td><td class=\"column-2\">4.0.4<\/td><td class=\"column-3\"><a class=\"download-link\" title=\"\u0130ndir &ldquo;LearnPress - Random Quiz Addon&rdquo;&nbsp;Versiyon 4.0.4\" href=\"https:\/\/wpdepo.com\/tr\/\/download\/8448\/\" rel=\"nofollow\">\n\t\u0130ndir<\/a><\/td><td class=\"column-4\">1 Kas\u0131m 2023<\/td><td class=\"column-5\"><a href=\"https:\/\/thimpress.com\/product\/random-quiz-add-on-for-learnpress\/\" target=\"_blank\" rel=\"noopener\">Eklenti Sayfas\u0131<\/a><\/td>\n<\/tr>\n<tr class=\"row-20 even\">\n\t<td class=\"column-1\">LearnPress - Razorpay Payment Addon<\/td><td class=\"column-2\">4.0.3<\/td><td class=\"column-3\"><a class=\"download-link\" title=\"\u0130ndir &ldquo;LearnPress - Razorpay Payment Addon&rdquo;&nbsp;Versiyon 4.0.3\" href=\"https:\/\/wpdepo.com\/tr\/\/download\/83738\/\" rel=\"nofollow\">\n\t\u0130ndir<\/a><\/td><td class=\"column-4\">19 Haziran 2025<\/td><td class=\"column-5\"><a href=\"https:\/\/thimpress.com\/product\/razorpay-add-on-for-learnpress\/\" target=\"_blank\" rel=\"noopener\">Eklenti Sayfas\u0131<\/a><\/td>\n<\/tr>\n<tr class=\"row-21 odd\">\n\t<td class=\"column-1\">LearnPress - Sorting Choice Question Addon<\/td><td class=\"column-2\">4.0.2<\/td><td class=\"column-3\"><a class=\"download-link\" title=\"\u0130ndir &ldquo;LearnPress - Sorting Choice Question Addon&rdquo;&nbsp;Versiyon 4.0.2\" href=\"https:\/\/wpdepo.com\/tr\/\/download\/8450\/\" rel=\"nofollow\">\n\t\u0130ndir<\/a><\/td><td class=\"column-4\">30 Eyl\u00fcl 2025<\/td><td class=\"column-5\"><a href=\"https:\/\/thimpress.com\/product\/sorting-choice-add-on-for-learnpress\/\" target=\"_blank\" rel=\"noopener\">Eklenti Sayfas\u0131<\/a><\/td>\n<\/tr>\n<tr class=\"row-22 even\">\n\t<td class=\"column-1\">LearnPress - Stripe Payment Addon<\/td><td class=\"column-2\">4.0.5<\/td><td class=\"column-3\"><a class=\"download-link\" title=\"\u0130ndir &ldquo;LearnPress - Stripe Payment Addon&rdquo;&nbsp;Versiyon 4.0.5\" href=\"https:\/\/wpdepo.com\/tr\/\/download\/8452\/\" rel=\"nofollow\">\n\t\u0130ndir<\/a><\/td><td class=\"column-4\">6 \u015eubat 2025<\/td><td class=\"column-5\"><a href=\"https:\/\/thimpress.com\/product\/stripe-add-on-for-learnpress\/\" target=\"_blank\" rel=\"noopener\">Eklenti Sayfas\u0131<\/a><\/td>\n<\/tr>\n<tr class=\"row-23 odd\">\n\t<td class=\"column-1\">LearnPress - Students List Addon<\/td><td class=\"column-2\">4.0.3<\/td><td class=\"column-3\"><a class=\"download-link\" title=\"\u0130ndir &ldquo;LearnPress - Students List Addon&rdquo;&nbsp;Versiyon 4.0.3\" href=\"https:\/\/wpdepo.com\/tr\/\/download\/8454\/\" rel=\"nofollow\">\n\t\u0130ndir<\/a><\/td><td class=\"column-4\">12 May\u0131s 2025<\/td><td class=\"column-5\"><a href=\"https:\/\/thimpress.com\/product\/student-list-add-on-for-learnpress\/\" target=\"_blank\" rel=\"noopener\">Eklenti Sayfas\u0131<\/a><\/td>\n<\/tr>\n<tr class=\"row-24 even\">\n\t<td class=\"column-1\">LearnPress - Students List Addon<\/td><td class=\"column-2\">4.0.3<\/td><td class=\"column-3\"><a class=\"download-link\" title=\"\u0130ndir &ldquo;LearnPress - Students List Addon&rdquo;&nbsp;Versiyon 4.0.3\" href=\"https:\/\/wpdepo.com\/tr\/\/download\/8454\/\" rel=\"nofollow\">\n\t\u0130ndir<\/a><\/td><td class=\"column-4\">12 May\u0131s 2025<\/td><td class=\"column-5\"><a href=\"https:\/\/thimpress.com\/product\/student-list-add-on-for-learnpress\/\" target=\"_blank\" rel=\"noopener\">Eklenti Sayfas\u0131<\/a><\/td>\n<\/tr>\n<tr class=\"row-25 odd\">\n\t<td class=\"column-1\">LearnPress - Upsell Addon<\/td><td class=\"column-2\">4.0.8<\/td><td class=\"column-3\"><a class=\"download-link\" title=\"\u0130ndir &ldquo;LearnPress - Upsell Addon&rdquo;&nbsp;Versiyon 4.0.8\" href=\"https:\/\/wpdepo.com\/tr\/\/download\/86811\/\" rel=\"nofollow\">\n\t\u0130ndir<\/a><\/td><td class=\"column-4\">16 Aral\u0131k 2025<\/td><td class=\"column-5\"><a href=\"https:\/\/thimpress.com\/product\/upsell-add-on-for-learnpress\/\" target=\"_blank\" rel=\"noopener\">Eklenti Sayfas\u0131<\/a><\/td>\n<\/tr>\n<tr class=\"row-26 even\">\n\t<td class=\"column-1\">LearnPress - WPML Addon<\/td><td class=\"column-2\">4.0.6<\/td><td class=\"column-3\"><a class=\"download-link\" title=\"\u0130ndir &ldquo;LearnPress - WPML Addon&rdquo;&nbsp;Versiyon 4.0.6\" href=\"https:\/\/wpdepo.com\/tr\/\/download\/72344\/\" rel=\"nofollow\">\n\t\u0130ndir<\/a><\/td><td class=\"column-4\">13 Mart 2026<\/td><td class=\"column-5\"><a href=\"https:\/\/thimpress.com\/product\/wpml-add-on-for-learnpress\/\" target=\"_blank\" rel=\"noopener\">Eklenti Sayfas\u0131<\/a><\/td>\n<\/tr>\n<\/tbody>\n<\/table>\n\r\n\r\n\t\t<\/div>\n\t\t\t\t\t<\/div>\n\n\t\r\n\r\n<\/div>\r\n\r\n\t\t<\/div>\n\n\t\t\n<style>\n#section_1905661345 {\n  padding-top: 30px;\n  padding-bottom: 30px;\n}\n<\/style>\n\t<\/section>\n\t","protected":false},"excerpt":{"rendered":"","protected":false},"author":1,"featured_media":0,"parent":0,"menu_order":0,"comment_status":"closed","ping_status":"closed","template":"page-blank.php","meta":{"footnotes":""},"class_list":["post-8460","page","type-page","status-publish","hentry"],"_links":{"self":[{"href":"https:\/\/wpdepo.com\/tr\/wp-json\/wp\/v2\/pages\/8460","targetHints":{"allow":["GET"]}}],"collection":[{"href":"https:\/\/wpdepo.com\/tr\/wp-json\/wp\/v2\/pages"}],"about":[{"href":"https:\/\/wpdepo.com\/tr\/wp-json\/wp\/v2\/types\/page"}],"author":[{"embeddable":true,"href":"https:\/\/wpdepo.com\/tr\/wp-json\/wp\/v2\/users\/1"}],"replies":[{"embeddable":true,"href":"https:\/\/wpdepo.com\/tr\/wp-json\/wp\/v2\/comments?post=8460"}],"version-history":[{"count":0,"href":"https:\/\/wpdepo.com\/tr\/wp-json\/wp\/v2\/pages\/8460\/revisions"}],"wp:attachment":[{"href":"https:\/\/wpdepo.com\/tr\/wp-json\/wp\/v2\/media?parent=8460"}],"curies":[{"name":"wp","href":"https:\/\/api.w.org\/{rel}","templated":true}]}}