{"id":8341,"date":"2018-04-30T23:48:26","date_gmt":"2018-04-30T20:48:26","guid":{"rendered":"https:\/\/wpdepo.com\/?page_id=8341"},"modified":"2018-09-03T20:46:19","modified_gmt":"2018-09-03T17:46:19","slug":"elmastudio-temalari","status":"publish","type":"page","link":"https:\/\/wpdepo.com\/tr\/elmastudio-temalari\/","title":{"rendered":"ElmaStudio Temalar\u0131"},"content":{"rendered":"\n\t<section class=\"section\" id=\"section_1219428445\">\n\t\t<div class=\"section-bg fill\" >\n\t\t\t\t\t\t\t\t\t\n\t\t\t\n\n\t\t<\/div>\n\n\t\t\n\n\t\t<div class=\"section-content relative\">\n\t\t\t\r\n\r\n<div class=\"row\"  id=\"row-6109499\">\r\n\r\n\n\t<div id=\"col-2093566195\" class=\"col small-12 large-12\"  >\n\t\t\t\t<div class=\"col-inner text-left\"  >\n\t\t\t\n\t\t\t\r\n\r\n<h2 style=\"text-align: center;\">ElmaStudio<\/h2>\r\n<p>ElmaStudio ekibi, minimal ve yarat\u0131c\u0131 WordPress temalar\u0131 tasarlamakta ve bunlar\u0131 ayr\u0131 ayr\u0131 veya toplu olarak sunmaktad\u0131r.<\/p>\r\n<p>Tasar\u0131mlar\u0131na g\u00f6z atmak i\u00e7in <a href=\"https:\/\/www.elmastudio.de\/en\/\" rel=\"noopener\" target=\"_blank\">ElmaStudio<\/a> websitesini ziyaret edebilirsiniz.<\/p>\r\n\r\n\t\t<\/div>\n\t\t\t\t\t<\/div>\n\n\t\r\n\r\n<\/div>\r\n\r\n\t\t<\/div>\n\n\t\t\n<style>\n#section_1219428445 {\n  padding-top: 0px;\n  padding-bottom: 0px;\n  background-color: rgb(245, 245, 245);\n}\n<\/style>\n\t<\/section>\n\t\r\n\n\t<section class=\"section\" id=\"section_2134924540\">\n\t\t<div class=\"section-bg fill\" >\n\t\t\t\t\t\t\t\t\t\n\t\t\t\n\n\t\t<\/div>\n\n\t\t\n\n\t\t<div class=\"section-content relative\">\n\t\t\t\r\n\r\n<div class=\"row\"  id=\"row-1720714886\">\r\n\r\n\n\t<div id=\"col-965337022\" class=\"col small-12 large-12\"  >\n\t\t\t\t<div class=\"col-inner text-left\"  >\n\t\t\t\n\t\t\t\r\n\r\n\n<table id=\"tablepress-69\" class=\"tablepress tablepress-id-69\">\n<thead>\n<tr class=\"row-1 odd\">\n\t<th class=\"column-1\">Tema Ad\u0131<\/th><th class=\"column-2\">Versiyon<\/th><th class=\"column-3\">\u0130ndir<\/th><th class=\"column-4\">G\u00fcncelleme<\/th><th class=\"column-5\">Bilgi<\/th>\n<\/tr>\n<\/thead>\n<tbody class=\"row-hover\">\n<tr class=\"row-2 even\">\n\t<td class=\"column-1\">ElmaStudio Baylys WordPress Theme<\/td><td class=\"column-2\">1.1.6<\/td><td class=\"column-3\"><a class=\"download-link\" title=\"\u0130ndir &ldquo;ElmaStudio Baylys WordPress Theme&rdquo;&nbsp;Versiyon 1.1.6\" href=\"https:\/\/wpdepo.com\/tr\/\/download\/8261\/\" rel=\"nofollow\">\n\t\u0130ndir<\/a><\/td><td class=\"column-4\">13 A\u011fustos 2020<\/td><td class=\"column-5\"><a href=\"https:\/\/www.elmastudio.de\/en\/themes\/baylys\/\" target=\"_blank\" rel=\"noopener\">Tema Sayfas\u0131<\/a><\/td>\n<\/tr>\n<tr class=\"row-3 odd\">\n\t<td class=\"column-1\">ElmaStudio Black Walnut WordPress Theme<\/td><td class=\"column-2\">1.0.9<\/td><td class=\"column-3\"><a class=\"download-link\" title=\"\u0130ndir &ldquo;ElmaStudio Black Walnut WordPress Theme&rdquo;&nbsp;Versiyon 1.0.9\" href=\"https:\/\/wpdepo.com\/tr\/\/download\/8263\/\" rel=\"nofollow\">\n\t\u0130ndir<\/a><\/td><td class=\"column-4\">16 A\u011fustos 2021<\/td><td class=\"column-5\"><a href=\"https:\/\/www.elmastudio.de\/en\/themes\/blackwalnut\/\" target=\"_blank\" rel=\"noopener\">Tema Sayfas\u0131<\/a><\/td>\n<\/tr>\n<tr class=\"row-4 even\">\n\t<td class=\"column-1\">ElmaStudio Bugis WordPress Theme<\/td><td class=\"column-2\">1.1.4<\/td><td class=\"column-3\"><a class=\"download-link\" title=\"\u0130ndir &ldquo;ElmaStudio Bugis WordPress Theme&rdquo;&nbsp;Versiyon 1.1.4\" href=\"https:\/\/wpdepo.com\/tr\/\/download\/8265\/\" rel=\"nofollow\">\n\t\u0130ndir<\/a><\/td><td class=\"column-4\">13 Mart 2017<\/td><td class=\"column-5\"><a href=\"https:\/\/www.elmastudio.de\/en\/themes\/bugis\/\" target=\"_blank\" rel=\"noopener\">Tema Sayfas\u0131<\/a><\/td>\n<\/tr>\n<tr class=\"row-5 odd\">\n\t<td class=\"column-1\">ElmaStudio Cocoa WordPress Theme<\/td><td class=\"column-2\">1.0.12<\/td><td class=\"column-3\"><a class=\"download-link\" title=\"\u0130ndir &ldquo;ElmaStudio Cocoa WordPress Theme&rdquo;&nbsp;Versiyon 1.0.12\" href=\"https:\/\/wpdepo.com\/tr\/\/download\/8267\/\" rel=\"nofollow\">\n\t\u0130ndir<\/a><\/td><td class=\"column-4\">16 A\u011fustos 2021<\/td><td class=\"column-5\"><a href=\"https:\/\/www.elmastudio.de\/en\/themes\/cocoa\/\" target=\"_blank\" rel=\"noopener\">Tema Sayfas\u0131<\/a><\/td>\n<\/tr>\n<tr class=\"row-6 even\">\n\t<td class=\"column-1\">ElmaStudio Dorayaki WordPress Theme<\/td><td class=\"column-2\">1.0.15<\/td><td class=\"column-3\"><a class=\"download-link\" title=\"\u0130ndir &ldquo;ElmaStudio Dorayaki WordPress Theme&rdquo;&nbsp;Versiyon 1.0.15\" href=\"https:\/\/wpdepo.com\/tr\/\/download\/8269\/\" rel=\"nofollow\">\n\t\u0130ndir<\/a><\/td><td class=\"column-4\">16 A\u011fustos 2021<\/td><td class=\"column-5\"><a href=\"https:\/\/www.elmastudio.de\/en\/themes\/dorayaki\/\" target=\"_blank\" rel=\"noopener\">Tema Sayfas\u0131<\/a><\/td>\n<\/tr>\n<tr class=\"row-7 odd\">\n\t<td class=\"column-1\">ElmaStudio Hawea WordPress Theme<\/td><td class=\"column-2\">1.1.7<\/td><td class=\"column-3\"><a class=\"download-link\" title=\"\u0130ndir &ldquo;ElmaStudio Hawea WordPress Theme&rdquo;&nbsp;Versiyon 1.1.7\" href=\"https:\/\/wpdepo.com\/tr\/\/download\/8271\/\" rel=\"nofollow\">\n\t\u0130ndir<\/a><\/td><td class=\"column-4\">16 A\u011fustos 2021<\/td><td class=\"column-5\"><a href=\"https:\/\/www.elmastudio.de\/en\/themes\/hawea\/\" target=\"_blank\" rel=\"noopener\">Tema Sayfas\u0131<\/a><\/td>\n<\/tr>\n<tr class=\"row-8 even\">\n\t<td class=\"column-1\">ElmaStudio Kerikeri WordPress Theme<\/td><td class=\"column-2\">1.0.3<\/td><td class=\"column-3\"><a class=\"download-link\" title=\"\u0130ndir &ldquo;ElmaStudio Kerikeri WordPress Theme&rdquo;&nbsp;Versiyon 1.0.3\" href=\"https:\/\/wpdepo.com\/tr\/\/download\/8273\/\" rel=\"nofollow\">\n\t\u0130ndir<\/a><\/td><td class=\"column-4\">13 Mart 2017<\/td><td class=\"column-5\"><a href=\"https:\/\/www.elmastudio.de\/en\/themes\/kerikeri\/\" target=\"_blank\" rel=\"noopener\">Tema Sayfas\u0131<\/a><\/td>\n<\/tr>\n<tr class=\"row-9 odd\">\n\t<td class=\"column-1\">ElmaStudio Kerikeri Dark WordPress Theme<\/td><td class=\"column-2\">1.0.2<\/td><td class=\"column-3\"><a class=\"download-link\" title=\"\u0130ndir &ldquo;ElmaStudio Kerikeri Dark WordPress Theme&rdquo;&nbsp;Versiyon 1.0.2\" href=\"https:\/\/wpdepo.com\/tr\/\/download\/8275\/\" rel=\"nofollow\">\n\t\u0130ndir<\/a><\/td><td class=\"column-4\">9 Mart 2014<\/td><td class=\"column-5\"><a href=\"http:\/\/themes.elmastudio.de\/kerikeri-dark\/\" target=\"_blank\" rel=\"noopener\">Tema Sayfas\u0131<\/a><\/td>\n<\/tr>\n<tr class=\"row-10 even\">\n\t<td class=\"column-1\">ElmaStudio Kiore Moana WordPress Theme<\/td><td class=\"column-2\">1.0.9<\/td><td class=\"column-3\"><a class=\"download-link\" title=\"\u0130ndir &ldquo;ElmaStudio Kiore Moana WordPress Theme&rdquo;&nbsp;Versiyon 1.0.9\" href=\"https:\/\/wpdepo.com\/tr\/\/download\/8277\/\" rel=\"nofollow\">\n\t\u0130ndir<\/a><\/td><td class=\"column-4\">16 A\u011fustos 2021<\/td><td class=\"column-5\"><a href=\"https:\/\/www.elmastudio.de\/en\/themes\/kioremoana\/\" target=\"_blank\" rel=\"noopener\">Tema Sayfas\u0131<\/a><\/td>\n<\/tr>\n<tr class=\"row-11 odd\">\n\t<td class=\"column-1\">ElmaStudio Meola WordPress Theme<\/td><td class=\"column-2\">1.0.7<\/td><td class=\"column-3\"><a class=\"download-link\" title=\"\u0130ndir &ldquo;ElmaStudio Meola WordPress Theme&rdquo;&nbsp;Versiyon 1.0.7\" href=\"https:\/\/wpdepo.com\/tr\/\/download\/8279\/\" rel=\"nofollow\">\n\t\u0130ndir<\/a><\/td><td class=\"column-4\">13 A\u011fustos 2020<\/td><td class=\"column-5\"><a href=\"https:\/\/www.elmastudio.de\/en\/themes\/meola\/\" target=\"_blank\" rel=\"noopener\">Tema Sayfas\u0131<\/a><\/td>\n<\/tr>\n<tr class=\"row-12 even\">\n\t<td class=\"column-1\">ElmaStudio Moka WordPress Theme<\/td><td class=\"column-2\">1.1.10<\/td><td class=\"column-3\"><a class=\"download-link\" title=\"\u0130ndir &ldquo;ElmaStudio Moka WordPress Theme&rdquo;&nbsp;Versiyon 1.1.10\" href=\"https:\/\/wpdepo.com\/tr\/\/download\/8282\/\" rel=\"nofollow\">\n\t\u0130ndir<\/a><\/td><td class=\"column-4\">16 A\u011fustos 2021<\/td><td class=\"column-5\"><a href=\"https:\/\/www.elmastudio.de\/en\/themes\/moka\/\" target=\"_blank\" rel=\"noopener\">Tema Sayfas\u0131<\/a><\/td>\n<\/tr>\n<tr class=\"row-13 odd\">\n\t<td class=\"column-1\">ElmaStudio Namba WordPress Theme<\/td><td class=\"column-2\">1.1.7<\/td><td class=\"column-3\"><a class=\"download-link\" title=\"\u0130ndir &ldquo;ElmaStudio Namba WordPress Theme&rdquo;&nbsp;Versiyon 1.1.7\" href=\"https:\/\/wpdepo.com\/tr\/\/download\/8284\/\" rel=\"nofollow\">\n\t\u0130ndir<\/a><\/td><td class=\"column-4\">16 A\u011fustos 2021<\/td><td class=\"column-5\"><a href=\"https:\/\/www.elmastudio.de\/en\/themes\/namba\/\" target=\"_blank\" rel=\"noopener\">Tema Sayfas\u0131<\/a><\/td>\n<\/tr>\n<tr class=\"row-14 even\">\n\t<td class=\"column-1\">ElmaStudio Neubau WordPress Theme<\/td><td class=\"column-2\">1.0.10<\/td><td class=\"column-3\"><a class=\"download-link\" title=\"\u0130ndir &ldquo;ElmaStudio Neubau WordPress Theme&rdquo;&nbsp;Versiyon 1.0.10\" href=\"https:\/\/wpdepo.com\/tr\/\/download\/8287\/\" rel=\"nofollow\">\n\t\u0130ndir<\/a><\/td><td class=\"column-4\">16 A\u011fustos 2021<\/td><td class=\"column-5\"><a href=\"https:\/\/www.elmastudio.de\/en\/themes\/neubau\/\" target=\"_blank\" rel=\"noopener\">Tema Sayfas\u0131<\/a><\/td>\n<\/tr>\n<tr class=\"row-15 odd\">\n\t<td class=\"column-1\">ElmaStudio Nilmini WordPress Theme<\/td><td class=\"column-2\">1.0.6<\/td><td class=\"column-3\"><a class=\"download-link\" title=\"\u0130ndir &ldquo;ElmaStudio Nilmini WordPress Theme&rdquo;&nbsp;Versiyon 1.0.6\" href=\"https:\/\/wpdepo.com\/tr\/\/download\/8290\/\" rel=\"nofollow\">\n\t\u0130ndir<\/a><\/td><td class=\"column-4\">21 Aral\u0131k 2018<\/td><td class=\"column-5\"><a href=\"https:\/\/www.elmastudio.de\/en\/themes\/nilmini\/\" target=\"_blank\" rel=\"noopener\">Tema Sayfas\u0131<\/a><\/td>\n<\/tr>\n<tr class=\"row-16 even\">\n\t<td class=\"column-1\">ElmaStudio Nori WordPress Theme<\/td><td class=\"column-2\">1.0.4<\/td><td class=\"column-3\"><a class=\"download-link\" title=\"\u0130ndir &ldquo;ElmaStudio Nori WordPress Theme&rdquo;&nbsp;Versiyon 1.0.4\" href=\"https:\/\/wpdepo.com\/tr\/\/download\/8293\/\" rel=\"nofollow\">\n\t\u0130ndir<\/a><\/td><td class=\"column-4\">17 Mart 2017<\/td><td class=\"column-5\"><a href=\"https:\/\/www.elmastudio.de\/en\/themes\/nori\/\" target=\"_blank\" rel=\"noopener\">Tema Sayfas\u0131<\/a><\/td>\n<\/tr>\n<tr class=\"row-17 odd\">\n\t<td class=\"column-1\">ElmaStudio Oita WordPress Theme<\/td><td class=\"column-2\">1.0.7<\/td><td class=\"column-3\"><a class=\"download-link\" title=\"\u0130ndir &ldquo;ElmaStudio Oita WordPress Theme&rdquo;&nbsp;Versiyon 1.0.7\" href=\"https:\/\/wpdepo.com\/tr\/\/download\/8296\/\" rel=\"nofollow\">\n\t\u0130ndir<\/a><\/td><td class=\"column-4\">14 A\u011fustos 2020<\/td><td class=\"column-5\"><a href=\"https:\/\/www.elmastudio.de\/en\/themes\/oita\/\" target=\"_blank\" rel=\"noopener\">Tema Sayfas\u0131<\/a><\/td>\n<\/tr>\n<tr class=\"row-18 even\">\n\t<td class=\"column-1\">ElmaStudio Onigiri WordPress Theme<\/td><td class=\"column-2\">1.0.10<\/td><td class=\"column-3\"><a class=\"download-link\" title=\"\u0130ndir &ldquo;ElmaStudio Onigiri WordPress Theme&rdquo;&nbsp;Versiyon 1.0.10\" href=\"https:\/\/wpdepo.com\/tr\/\/download\/8299\/\" rel=\"nofollow\">\n\t\u0130ndir<\/a><\/td><td class=\"column-4\">16 A\u011fustos 2021<\/td><td class=\"column-5\"><a href=\"https:\/\/www.elmastudio.de\/en\/themes\/onigiri\/\" target=\"_blank\" rel=\"noopener\">Tema Sayfas\u0131<\/a><\/td>\n<\/tr>\n<tr class=\"row-19 odd\">\n\t<td class=\"column-1\">ElmaStudio Piha WordPress Theme<\/td><td class=\"column-2\">1.0.4<\/td><td class=\"column-3\"><a class=\"download-link\" title=\"\u0130ndir &ldquo;ElmaStudio Piha WordPress Theme&rdquo;&nbsp;Versiyon 1.0.4\" href=\"https:\/\/wpdepo.com\/tr\/\/download\/8302\/\" rel=\"nofollow\">\n\t\u0130ndir<\/a><\/td><td class=\"column-4\">16 Mart 2017<\/td><td class=\"column-5\"><a href=\"https:\/\/www.elmastudio.de\/en\/themes\/piha\/\" target=\"_blank\" rel=\"noopener\">Tema Sayfas\u0131<\/a><\/td>\n<\/tr>\n<tr class=\"row-20 even\">\n\t<td class=\"column-1\">ElmaStudio Pohutukawa WordPress Theme<\/td><td class=\"column-2\">1.0.3<\/td><td class=\"column-3\"><a class=\"download-link\" title=\"\u0130ndir &ldquo;ElmaStudio Pohutukawa WordPress Theme&rdquo;&nbsp;Versiyon 1.0.3\" href=\"https:\/\/wpdepo.com\/tr\/\/download\/8305\/\" rel=\"nofollow\">\n\t\u0130ndir<\/a><\/td><td class=\"column-4\">11 Aral\u0131k 2018<\/td><td class=\"column-5\"><a href=\"https:\/\/www.elmastudio.de\/en\/themes\/pohutukawa\/\" target=\"_blank\" rel=\"noopener\">Tema Sayfas\u0131<\/a><\/td>\n<\/tr>\n<tr class=\"row-21 odd\">\n\t<td class=\"column-1\">ElmaStudio Ponsonby WordPress Theme<\/td><td class=\"column-2\">1.1.8<\/td><td class=\"column-3\"><a class=\"download-link\" title=\"\u0130ndir &ldquo;ElmaStudio Ponsonby WordPress Theme&rdquo;&nbsp;Versiyon 1.1.8\" href=\"https:\/\/wpdepo.com\/tr\/\/download\/8308\/\" rel=\"nofollow\">\n\t\u0130ndir<\/a><\/td><td class=\"column-4\">16 A\u011fustos 2021<\/td><td class=\"column-5\"><a href=\"https:\/\/www.elmastudio.de\/en\/themes\/ponsonby\/\" target=\"_blank\" rel=\"noopener\">Tema Sayfas\u0131<\/a><\/td>\n<\/tr>\n<tr class=\"row-22 even\">\n\t<td class=\"column-1\">ElmaStudio Pukeko WordPress Theme<\/td><td class=\"column-2\">1.2.4<\/td><td class=\"column-3\"><a class=\"download-link\" title=\"\u0130ndir &ldquo;ElmaStudio Pukeko WordPress Theme&rdquo;&nbsp;Versiyon 1.2.4\" href=\"https:\/\/wpdepo.com\/tr\/\/download\/8311\/\" rel=\"nofollow\">\n\t\u0130ndir<\/a><\/td><td class=\"column-4\">16 A\u011fustos 2021<\/td><td class=\"column-5\"><a href=\"https:\/\/www.elmastudio.de\/en\/themes\/pukeko\/\" target=\"_blank\" rel=\"noopener\">Tema Sayfas\u0131<\/a><\/td>\n<\/tr>\n<tr class=\"row-23 odd\">\n\t<td class=\"column-1\">ElmaStudio Renkon WordPress Theme<\/td><td class=\"column-2\">1.0.11<\/td><td class=\"column-3\"><a class=\"download-link\" title=\"\u0130ndir &ldquo;ElmaStudio Renkon WordPress Theme&rdquo;&nbsp;Versiyon 1.0.11\" href=\"https:\/\/wpdepo.com\/tr\/\/download\/8314\/\" rel=\"nofollow\">\n\t\u0130ndir<\/a><\/td><td class=\"column-4\">14 A\u011fustos 2020<\/td><td class=\"column-5\"><a href=\"https:\/\/www.elmastudio.de\/en\/themes\/renkon\/\" target=\"_blank\" rel=\"noopener\">Tema Sayfas\u0131<\/a><\/td>\n<\/tr>\n<tr class=\"row-24 even\">\n\t<td class=\"column-1\">ElmaStudio Suidobashi WordPress Theme<\/td><td class=\"column-2\">1.0.11<\/td><td class=\"column-3\"><a class=\"download-link\" title=\"\u0130ndir &ldquo;ElmaStudio Suidobashi WordPress Theme&rdquo;&nbsp;Versiyon 1.0.11\" href=\"https:\/\/wpdepo.com\/tr\/\/download\/8317\/\" rel=\"nofollow\">\n\t\u0130ndir<\/a><\/td><td class=\"column-4\">16 A\u011fustos 2021<\/td><td class=\"column-5\"><a href=\"https:\/\/www.elmastudio.de\/en\/themes\/suidobashi\/\" target=\"_blank\" rel=\"noopener\">Tema Sayfas\u0131<\/a><\/td>\n<\/tr>\n<tr class=\"row-25 odd\">\n\t<td class=\"column-1\">ElmaStudio Tatami WordPress Theme<\/td><td class=\"column-2\">1.0.9<\/td><td class=\"column-3\"><a class=\"download-link\" title=\"\u0130ndir &ldquo;ElmaStudio Tatami WordPress Theme&rdquo;&nbsp;Versiyon 1.0.9\" href=\"https:\/\/wpdepo.com\/tr\/\/download\/8320\/\" rel=\"nofollow\">\n\t\u0130ndir<\/a><\/td><td class=\"column-4\">14 A\u011fustos 2020<\/td><td class=\"column-5\"><a href=\"https:\/\/www.elmastudio.de\/en\/themes\/tatami\/\" target=\"_blank\" rel=\"noopener\">Tema Sayfas\u0131<\/a><\/td>\n<\/tr>\n<tr class=\"row-26 even\">\n\t<td class=\"column-1\">ElmaStudio Ubud WordPress Theme<\/td><td class=\"column-2\">1.0.9<\/td><td class=\"column-3\"><a class=\"download-link\" title=\"\u0130ndir &ldquo;ElmaStudio Ubud WordPress Theme&rdquo;&nbsp;Versiyon 1.0.9\" href=\"https:\/\/wpdepo.com\/tr\/\/download\/8323\/\" rel=\"nofollow\">\n\t\u0130ndir<\/a><\/td><td class=\"column-4\">16 A\u011fustos 2021<\/td><td class=\"column-5\"><a href=\"https:\/\/www.elmastudio.de\/en\/themes\/ubud\/\" target=\"_blank\" rel=\"noopener\">Tema Sayfas\u0131<\/a><\/td>\n<\/tr>\n<tr class=\"row-27 odd\">\n\t<td class=\"column-1\">ElmaStudio Uku WordPress Theme<\/td><td class=\"column-2\">1.4.1<\/td><td class=\"column-3\"><a class=\"download-link\" title=\"\u0130ndir &ldquo;ElmaStudio Uku WordPress Theme&rdquo;&nbsp;Versiyon 1.4.1\" href=\"https:\/\/wpdepo.com\/tr\/\/download\/8326\/\" rel=\"nofollow\">\n\t\u0130ndir<\/a><\/td><td class=\"column-4\">16 A\u011fustos 2021<\/td><td class=\"column-5\"><a href=\"https:\/\/www.elmastudio.de\/en\/themes\/uku\/\" target=\"_blank\" rel=\"noopener\">Tema Sayfas\u0131<\/a><\/td>\n<\/tr>\n<tr class=\"row-28 even\">\n\t<td class=\"column-1\">ElmaStudio Waipoua WordPress Theme<\/td><td class=\"column-2\">1.1.3<\/td><td class=\"column-3\"><a class=\"download-link\" title=\"\u0130ndir &ldquo;ElmaStudio Waipoua WordPress Theme&rdquo;&nbsp;Versiyon 1.1.3\" href=\"https:\/\/wpdepo.com\/tr\/\/download\/8328\/\" rel=\"nofollow\">\n\t\u0130ndir<\/a><\/td><td class=\"column-4\">20 A\u011fustos 2020<\/td><td class=\"column-5\"><a href=\"https:\/\/www.elmastudio.de\/en\/themes\/waipoua\/\" target=\"_blank\" rel=\"noopener\">Tema Sayfas\u0131<\/a><\/td>\n<\/tr>\n<tr class=\"row-29 odd\">\n\t<td class=\"column-1\">ElmaStudio Werkstatt WordPress Theme<\/td><td class=\"column-2\">1.0.9<\/td><td class=\"column-3\"><a class=\"download-link\" title=\"\u0130ndir &ldquo;ElmaStudio Werkstatt WordPress Theme&rdquo;&nbsp;Versiyon 1.0.9\" href=\"https:\/\/wpdepo.com\/tr\/\/download\/8331\/\" rel=\"nofollow\">\n\t\u0130ndir<\/a><\/td><td class=\"column-4\">16 A\u011fustos 2021<\/td><td class=\"column-5\"><a href=\"https:\/\/www.elmastudio.de\/en\/themes\/werkstatt\/\" target=\"_blank\" rel=\"noopener\">Tema Sayfas\u0131<\/a><\/td>\n<\/tr>\n<tr class=\"row-30 even\">\n\t<td class=\"column-1\">ElmaStudio Weta WordPress Theme<\/td><td class=\"column-2\">1.1.4<\/td><td class=\"column-3\"><a class=\"download-link\" title=\"\u0130ndir &ldquo;ElmaStudio Weta WordPress Theme&rdquo;&nbsp;Versiyon 1.1.4\" href=\"https:\/\/wpdepo.com\/tr\/\/download\/8334\/\" rel=\"nofollow\">\n\t\u0130ndir<\/a><\/td><td class=\"column-4\">16 A\u011fustos 2021<\/td><td class=\"column-5\"><a href=\"https:\/\/www.elmastudio.de\/en\/themes\/weta\/\" target=\"_blank\" rel=\"noopener\">Tema Sayfas\u0131<\/a><\/td>\n<\/tr>\n<tr class=\"row-31 odd\">\n\t<td class=\"column-1\">ElmaStudio Yoko WordPress Theme<\/td><td class=\"column-2\">1.2.4<\/td><td class=\"column-3\"><a class=\"download-link\" title=\"\u0130ndir &ldquo;ElmaStudio Yoko WordPress Theme&rdquo;&nbsp;Versiyon 1.2.4\" href=\"https:\/\/wpdepo.com\/tr\/\/download\/16608\/\" rel=\"nofollow\">\n\t\u0130ndir<\/a><\/td><td class=\"column-4\">18 Ekim 2018<\/td><td class=\"column-5\"><a href=\"https:\/\/www.elmastudio.de\/en\/themes\/yoko\/\" target=\"_blank\" rel=\"noopener\">Tema Sayfas\u0131<\/a><\/td>\n<\/tr>\n<tr class=\"row-32 even\">\n\t<td class=\"column-1\">ElmaStudio Zeitreise WordPress Theme<\/td><td class=\"column-2\">1.0.10<\/td><td class=\"column-3\"><a class=\"download-link\" title=\"\u0130ndir &ldquo;ElmaStudio Zeitreise WordPress Theme&rdquo;&nbsp;Versiyon 1.0.10\" href=\"https:\/\/wpdepo.com\/tr\/\/download\/8336\/\" rel=\"nofollow\">\n\t\u0130ndir<\/a><\/td><td class=\"column-4\">16 A\u011fustos 2021<\/td><td class=\"column-5\"><a href=\"https:\/\/www.elmastudio.de\/en\/themes\/zeitreise\/\" target=\"_blank\" rel=\"noopener\">Tema Sayfas\u0131<\/a><\/td>\n<\/tr>\n<tr class=\"row-33 odd\">\n\t<td class=\"column-1\">ElmaStudio Zuki WordPress Theme<\/td><td class=\"column-2\">1.1.11<\/td><td class=\"column-3\"><a class=\"download-link\" title=\"\u0130ndir &ldquo;ElmaStudio Zuki WordPress Theme&rdquo;&nbsp;Versiyon 1.1.11\" href=\"https:\/\/wpdepo.com\/tr\/\/download\/8338\/\" rel=\"nofollow\">\n\t\u0130ndir<\/a><\/td><td class=\"column-4\">13 A\u011fustos 2020<\/td><td class=\"column-5\"><a href=\"https:\/\/www.elmastudio.de\/en\/themes\/zuki\/\" target=\"_blank\" rel=\"noopener\">Tema Sayfas\u0131<\/a><\/td>\n<\/tr>\n<\/tbody>\n<\/table>\n\r\n\r\n\t\t<\/div>\n\t\t\t\t\t<\/div>\n\n\t\r\n\r\n<\/div>\r\n\r\n\t\t<\/div>\n\n\t\t\n<style>\n#section_2134924540 {\n  padding-top: 30px;\n  padding-bottom: 30px;\n}\n<\/style>\n\t<\/section>\n\t","protected":false},"excerpt":{"rendered":"","protected":false},"author":1,"featured_media":0,"parent":0,"menu_order":0,"comment_status":"closed","ping_status":"closed","template":"page-blank.php","meta":{"footnotes":""},"class_list":["post-8341","page","type-page","status-publish","hentry"],"_links":{"self":[{"href":"https:\/\/wpdepo.com\/tr\/wp-json\/wp\/v2\/pages\/8341","targetHints":{"allow":["GET"]}}],"collection":[{"href":"https:\/\/wpdepo.com\/tr\/wp-json\/wp\/v2\/pages"}],"about":[{"href":"https:\/\/wpdepo.com\/tr\/wp-json\/wp\/v2\/types\/page"}],"author":[{"embeddable":true,"href":"https:\/\/wpdepo.com\/tr\/wp-json\/wp\/v2\/users\/1"}],"replies":[{"embeddable":true,"href":"https:\/\/wpdepo.com\/tr\/wp-json\/wp\/v2\/comments?post=8341"}],"version-history":[{"count":0,"href":"https:\/\/wpdepo.com\/tr\/wp-json\/wp\/v2\/pages\/8341\/revisions"}],"wp:attachment":[{"href":"https:\/\/wpdepo.com\/tr\/wp-json\/wp\/v2\/media?parent=8341"}],"curies":[{"name":"wp","href":"https:\/\/api.w.org\/{rel}","templated":true}]}}