{"id":8238,"date":"2018-04-30T21:10:33","date_gmt":"2018-04-30T18:10:33","guid":{"rendered":"https:\/\/wpdepo.com\/?page_id=8238"},"modified":"2018-09-03T20:46:56","modified_gmt":"2018-09-03T17:46:56","slug":"storefront-temalari","status":"publish","type":"page","link":"https:\/\/wpdepo.com\/tr\/storefront-temalari\/","title":{"rendered":"Storefront Temalar\u0131"},"content":{"rendered":"\n\t<section class=\"section\" id=\"section_1163835933\">\n\t\t<div class=\"section-bg fill\" >\n\t\t\t\t\t\t\t\t\t\n\t\t\t\n\n\t\t<\/div>\n\n\t\t\n\n\t\t<div class=\"section-content relative\">\n\t\t\t\r\n\r\n<div class=\"row\"  id=\"row-1047098396\">\r\n\r\n\n\t<div id=\"col-1924546602\" class=\"col small-12 large-12\"  >\n\t\t\t\t<div class=\"col-inner text-left\"  >\n\t\t\t\n\t\t\t\r\n\r\n<h2 style=\"text-align: center;\">Storefront Temalar\u0131<\/h2>\r\n<p>WooCommerce ile bir e-ticaret sitesi kurmak istiyorsan\u0131z, \u00fccretsiz Storefront temas\u0131n\u0131 kullanabilirsiniz. Storefront, WooCommerce&#8217;in kendisi ile ayn\u0131 standartlara uygun olarak olu\u015fturulmu\u015f resmi WooCommerce temas\u0131d\u0131r. \u00dccretsiz Storefront temas\u0131n\u0131 <a href=\"https:\/\/tr.wordpress.org\/themes\/storefront\/\" rel=\"noopener\" target=\"_blank\">WordPress tema ar\u015fivinden<\/a>, Storefront eklentilerini ise sitemizin <a href=\"https:\/\/wpdepo.com\/storefront-eklentileri\/\" rel=\"noopener\">Storefront Eklentileri<\/a> sayfas\u0131ndan indirebilirsiniz.<\/p>\r\n<p>Depomuzdan indirebilece\u011finiz Storefront alt temalar\u0131, ma\u011fazan\u0131z\u0131n g\u00f6r\u00fcn\u00fcm\u00fcn\u00fc an\u0131nda d\u00f6n\u00fc\u015ft\u00fcrmenize olanak tan\u0131r. Storefront alt temalar\u0131n\u0131 y\u00fcklemeden \u00f6nce ilk olarak Storefront&#8217;u y\u00fcklemeniz gerekmektedir.<\/p>\r\n\r\n\t\t<\/div>\n\t\t\t\t\t<\/div>\n\n\t\r\n\r\n<\/div>\r\n\r\n\t\t<\/div>\n\n\t\t\n<style>\n#section_1163835933 {\n  padding-top: 0px;\n  padding-bottom: 0px;\n  background-color: rgb(245, 245, 245);\n}\n<\/style>\n\t<\/section>\n\t\r\n\n\t<section class=\"section\" id=\"section_1123316100\">\n\t\t<div class=\"section-bg fill\" >\n\t\t\t\t\t\t\t\t\t\n\t\t\t\n\n\t\t<\/div>\n\n\t\t\n\n\t\t<div class=\"section-content relative\">\n\t\t\t\r\n\r\n<div class=\"row\"  id=\"row-677195812\">\r\n\r\n\n\t<div id=\"col-1960317095\" class=\"col small-12 large-12\"  >\n\t\t\t\t<div class=\"col-inner text-left\"  >\n\t\t\t\n\t\t\t\r\n\r\n\n<table id=\"tablepress-68\" class=\"tablepress tablepress-id-68\">\n<thead>\n<tr class=\"row-1 odd\">\n\t<th class=\"column-1\">Tema Ad\u0131<\/th><th class=\"column-2\">Versiyon<\/th><th class=\"column-3\">\u0130ndir<\/th><th class=\"column-4\">G\u00fcncelleme<\/th><th class=\"column-5\">Bilgi<\/th>\n<\/tr>\n<\/thead>\n<tbody class=\"row-hover\">\n<tr class=\"row-2 even\">\n\t<td class=\"column-1\">Storefront WooCommerce Theme<\/td><td class=\"column-2\">4.5.4<\/td><td class=\"column-3\"><a class=\"download-link\" title=\"\u0130ndir &ldquo;Storefront WooCommerce Theme&rdquo;&nbsp;Versiyon 4.5.4\" href=\"https:\/\/wpdepo.com\/tr\/\/download\/1913\/\" rel=\"nofollow\">\n\t\u0130ndir<\/a><\/td><td class=\"column-4\">18 Ocak 2024<\/td><td class=\"column-5\"><a href=\"https:\/\/woocommerce.com\/storefront\/\" target=\"_blank\" rel=\"noopener\">Tema Sayfas\u0131<\/a><\/td>\n<\/tr>\n<tr class=\"row-3 odd\">\n\t<td class=\"column-1\">Arcade Storefront WooCommerce Theme<\/td><td class=\"column-2\">2.1.10<\/td><td class=\"column-3\"><a class=\"download-link\" title=\"\u0130ndir &ldquo;Arcade Storefront WooCommerce Theme&rdquo;&nbsp;Versiyon 2.1.10\" href=\"https:\/\/wpdepo.com\/tr\/\/download\/8214\/\" rel=\"nofollow\">\n\t\u0130ndir<\/a><\/td><td class=\"column-4\">29 May\u0131s 2020<\/td><td class=\"column-5\"><a href=\"https:\/\/woocommerce.com\/products\/arcade\/\" target=\"_blank\" rel=\"noopener\">Tema Sayfas\u0131<\/a><\/td>\n<\/tr>\n<tr class=\"row-4 even\">\n\t<td class=\"column-1\">Bookshop Storefront WooCommerce Theme<\/td><td class=\"column-2\">1.0.20<\/td><td class=\"column-3\"><a class=\"download-link\" title=\"\u0130ndir &ldquo;Bookshop Storefront WooCommerce Theme&rdquo;&nbsp;Versiyon 1.0.20\" href=\"https:\/\/wpdepo.com\/tr\/\/download\/8216\/\" rel=\"nofollow\">\n\t\u0130ndir<\/a><\/td><td class=\"column-4\">31 May\u0131s 2021<\/td><td class=\"column-5\"><a href=\"https:\/\/woocommerce.com\/products\/bookshop\/\" target=\"_blank\" rel=\"noopener\">Tema Sayfas\u0131<\/a><\/td>\n<\/tr>\n<tr class=\"row-5 odd\">\n\t<td class=\"column-1\">Galleria Storefront WooCommerce Theme<\/td><td class=\"column-2\">2.2.19<\/td><td class=\"column-3\"><a class=\"download-link\" title=\"\u0130ndir &ldquo;Galleria Storefront WooCommerce Theme&rdquo;&nbsp;Versiyon 2.2.19\" href=\"https:\/\/wpdepo.com\/tr\/\/download\/8218\/\" rel=\"nofollow\">\n\t\u0130ndir<\/a><\/td><td class=\"column-4\">31 May\u0131s 2021<\/td><td class=\"column-5\"><a href=\"https:\/\/woocommerce.com\/products\/galleria\/\" target=\"_blank\" rel=\"noopener\">Tema Sayfas\u0131<\/a><\/td>\n<\/tr>\n<tr class=\"row-6 even\">\n\t<td class=\"column-1\">Homestore Storefront WooCommerce Theme<\/td><td class=\"column-2\">2.0.34<\/td><td class=\"column-3\"><a class=\"download-link\" title=\"\u0130ndir &ldquo;Homestore Storefront WooCommerce Theme&rdquo;&nbsp;Versiyon 2.0.34\" href=\"https:\/\/wpdepo.com\/tr\/\/download\/8220\/\" rel=\"nofollow\">\n\t\u0130ndir<\/a><\/td><td class=\"column-4\">21 Haziran 2021<\/td><td class=\"column-5\"><a href=\"https:\/\/woocommerce.com\/products\/homestore\/\" target=\"_blank\" rel=\"noopener\">Tema Sayfas\u0131<\/a><\/td>\n<\/tr>\n<tr class=\"row-7 odd\">\n\t<td class=\"column-1\">Hotel Storefront WooCommerce Theme<\/td><td class=\"column-2\">1.0.15<\/td><td class=\"column-3\"><a class=\"download-link\" title=\"\u0130ndir &ldquo;Hotel Storefront WooCommerce Theme&rdquo;&nbsp;Versiyon 1.0.15\" href=\"https:\/\/wpdepo.com\/tr\/\/download\/8222\/\" rel=\"nofollow\">\n\t\u0130ndir<\/a><\/td><td class=\"column-4\">31 May\u0131s 2021<\/td><td class=\"column-5\"><a href=\"https:\/\/woocommerce.com\/products\/hotel\/\" target=\"_blank\" rel=\"noopener\">Tema Sayfas\u0131<\/a><\/td>\n<\/tr>\n<tr class=\"row-8 even\">\n\t<td class=\"column-1\">Outlet Storefront WooCommerce Theme<\/td><td class=\"column-2\">2.0.16<\/td><td class=\"column-3\"><a class=\"download-link\" title=\"\u0130ndir &ldquo;Outlet Storefront WooCommerce Theme&rdquo;&nbsp;Versiyon 2.0.16\" href=\"https:\/\/wpdepo.com\/tr\/\/download\/8224\/\" rel=\"nofollow\">\n\t\u0130ndir<\/a><\/td><td class=\"column-4\">31 May\u0131s 2021<\/td><td class=\"column-5\"><a href=\"https:\/\/woocommerce.com\/products\/outlet\/\" target=\"_blank\" rel=\"noopener\">Tema Sayfas\u0131<\/a><\/td>\n<\/tr>\n<tr class=\"row-9 odd\">\n\t<td class=\"column-1\">Petshop Storefront WooCommerce Theme<\/td><td class=\"column-2\">1.1.6<\/td><td class=\"column-3\"><a class=\"download-link\" title=\"\u0130ndir &ldquo;Petshop Storefront WooCommerce Theme&rdquo;&nbsp;Versiyon 1.1.6\" href=\"https:\/\/wpdepo.com\/tr\/\/download\/8226\/\" rel=\"nofollow\">\n\t\u0130ndir<\/a><\/td><td class=\"column-4\">8 May\u0131s 2019<\/td><td class=\"column-5\"><a href=\"https:\/\/woocommerce.com\/products\/petshop\/\" target=\"_blank\" rel=\"noopener\">Tema Sayfas\u0131<\/a><\/td>\n<\/tr>\n<tr class=\"row-10 even\">\n\t<td class=\"column-1\">Pharmacy Storefront WooCommerce Theme<\/td><td class=\"column-2\">2.0.14<\/td><td class=\"column-3\"><a class=\"download-link\" title=\"\u0130ndir &ldquo;Pharmacy Storefront WooCommerce Theme&rdquo;&nbsp;Versiyon 2.0.14\" href=\"https:\/\/wpdepo.com\/tr\/\/download\/8228\/\" rel=\"nofollow\">\n\t\u0130ndir<\/a><\/td><td class=\"column-4\">8 May\u0131s 2019<\/td><td class=\"column-5\"><a href=\"https:\/\/woocommerce.com\/products\/pharmacy\/\" target=\"_blank\" rel=\"noopener\">Tema Sayfas\u0131<\/a><\/td>\n<\/tr>\n<tr class=\"row-11 odd\">\n\t<td class=\"column-1\">Proshop Storefront WooCommerce Theme<\/td><td class=\"column-2\">2.0.16<\/td><td class=\"column-3\"><a class=\"download-link\" title=\"\u0130ndir &ldquo;Proshop Storefront WooCommerce Theme&rdquo;&nbsp;Versiyon 2.0.16\" href=\"https:\/\/wpdepo.com\/tr\/\/download\/8230\/\" rel=\"nofollow\">\n\t\u0130ndir<\/a><\/td><td class=\"column-4\">24 May\u0131s 2019<\/td><td class=\"column-5\"><a href=\"https:\/\/woocommerce.com\/products\/proshop\/\" target=\"_blank\" rel=\"noopener\">Tema Sayfas\u0131<\/a><\/td>\n<\/tr>\n<tr class=\"row-12 even\">\n\t<td class=\"column-1\">Stationery Storefront WooCommerce Theme<\/td><td class=\"column-2\">1.0.14<\/td><td class=\"column-3\"><a class=\"download-link\" title=\"\u0130ndir &ldquo;Stationery Storefront WooCommerce Theme&rdquo;&nbsp;Versiyon 1.0.14\" href=\"https:\/\/wpdepo.com\/tr\/\/download\/8232\/\" rel=\"nofollow\">\n\t\u0130ndir<\/a><\/td><td class=\"column-4\">21 Ocak 2019<\/td><td class=\"column-5\"><a href=\"https:\/\/woocommerce.com\/products\/stationery\/\" target=\"_blank\" rel=\"noopener\">Tema Sayfas\u0131<\/a><\/td>\n<\/tr>\n<tr class=\"row-13 odd\">\n\t<td class=\"column-1\">Toyshop Storefront WooCommerce Theme<\/td><td class=\"column-2\">2.0.19<\/td><td class=\"column-3\"><a class=\"download-link\" title=\"\u0130ndir &ldquo;Toyshop Storefront WooCommerce Theme&rdquo;&nbsp;Versiyon 2.0.19\" href=\"https:\/\/wpdepo.com\/tr\/\/download\/8234\/\" rel=\"nofollow\">\n\t\u0130ndir<\/a><\/td><td class=\"column-4\">8 May\u0131s 2019<\/td><td class=\"column-5\"><a href=\"https:\/\/woocommerce.com\/products\/toyshop\/\" target=\"_blank\" rel=\"noopener\">Tema Sayfas\u0131<\/a><\/td>\n<\/tr>\n<\/tbody>\n<\/table>\n\r\n\r\n\t\t<\/div>\n\t\t\t\t\t<\/div>\n\n\t\r\n\r\n<\/div>\r\n\r\n\t\t<\/div>\n\n\t\t\n<style>\n#section_1123316100 {\n  padding-top: 30px;\n  padding-bottom: 30px;\n}\n<\/style>\n\t<\/section>\n\t","protected":false},"excerpt":{"rendered":"","protected":false},"author":1,"featured_media":0,"parent":0,"menu_order":0,"comment_status":"closed","ping_status":"closed","template":"page-blank.php","meta":{"footnotes":""},"class_list":["post-8238","page","type-page","status-publish","hentry"],"_links":{"self":[{"href":"https:\/\/wpdepo.com\/tr\/wp-json\/wp\/v2\/pages\/8238","targetHints":{"allow":["GET"]}}],"collection":[{"href":"https:\/\/wpdepo.com\/tr\/wp-json\/wp\/v2\/pages"}],"about":[{"href":"https:\/\/wpdepo.com\/tr\/wp-json\/wp\/v2\/types\/page"}],"author":[{"embeddable":true,"href":"https:\/\/wpdepo.com\/tr\/wp-json\/wp\/v2\/users\/1"}],"replies":[{"embeddable":true,"href":"https:\/\/wpdepo.com\/tr\/wp-json\/wp\/v2\/comments?post=8238"}],"version-history":[{"count":0,"href":"https:\/\/wpdepo.com\/tr\/wp-json\/wp\/v2\/pages\/8238\/revisions"}],"wp:attachment":[{"href":"https:\/\/wpdepo.com\/tr\/wp-json\/wp\/v2\/media?parent=8238"}],"curies":[{"name":"wp","href":"https:\/\/api.w.org\/{rel}","templated":true}]}}