{"id":8156,"date":"2018-04-28T17:59:18","date_gmt":"2018-04-28T14:59:18","guid":{"rendered":"https:\/\/wpdepo.com\/?page_id=8156"},"modified":"2018-09-03T20:46:56","modified_gmt":"2018-09-03T17:46:56","slug":"sportspress-pro-eklentileri","status":"publish","type":"page","link":"https:\/\/wpdepo.com\/tr\/sportspress-pro-eklentileri\/","title":{"rendered":"SportsPress Pro Eklentileri"},"content":{"rendered":"\n\t<section class=\"section\" id=\"section_1401436341\">\n\t\t<div class=\"section-bg fill\" >\n\t\t\t\t\t\t\t\t\t\n\t\t\t\n\n\t\t<\/div>\n\n\t\t\n\n\t\t<div class=\"section-content relative\">\n\t\t\t\r\n\r\n<div class=\"row\"  id=\"row-1037228248\">\r\n\r\n\n\t<div id=\"col-1463048161\" class=\"col small-12 large-12\"  >\n\t\t\t\t<div class=\"col-inner text-left\"  >\n\t\t\t\n\t\t\t\r\n\r\n<h2 style=\"text-align: center;\">SportsPress Pro<\/h2>\r\n<p>SportsPress eklentisi, WordPress i\u00e7in her\u015fey dahil spor kul\u00fcb\u00fc y\u00f6netimi sunan \u00fccretsiz bir eklentidir. \u00dccretsiz SportsPress eklentisini ve eklentiye ait \u00fccretsiz eklentileri <a href=\"https:\/\/profiles.wordpress.org\/themeboy#content-plugins\" rel=\"noopener\" target=\"_blank\">WordPress deposundan<\/a> indirebilirsiniz.<\/p>\r\n<p>Tak\u0131m\u0131n\u0131z, kul\u00fcb\u00fcn\u00fcz veya lig web siteniz i\u00e7in daha geli\u015fmi\u015f \u00f6zelliklere eri\u015fmek i\u00e7in SportsPress Pro s\u00fcr\u00fcm\u00fcn\u00fc kullanabilirsiniz.<\/p>\r\n\r\n\t\t<\/div>\n\t\t\t\t\t<\/div>\n\n\t\r\n\r\n<\/div>\r\n\r\n\t\t<\/div>\n\n\t\t\n<style>\n#section_1401436341 {\n  padding-top: 0px;\n  padding-bottom: 0px;\n  background-color: rgb(245, 245, 245);\n}\n<\/style>\n\t<\/section>\n\t\r\n\n\t<section class=\"section\" id=\"section_1224998628\">\n\t\t<div class=\"section-bg fill\" >\n\t\t\t\t\t\t\t\t\t\n\t\t\t\n\n\t\t<\/div>\n\n\t\t\n\n\t\t<div class=\"section-content relative\">\n\t\t\t\r\n\r\n<div class=\"row\"  id=\"row-372923686\">\r\n\r\n\n\t<div id=\"col-969097999\" class=\"col small-12 large-12\"  >\n\t\t\t\t<div class=\"col-inner text-left\"  >\n\t\t\t\n\t\t\t\r\n\r\n\n<table id=\"tablepress-67\" class=\"tablepress tablepress-id-67\">\n<thead>\n<tr class=\"row-1 odd\">\n\t<th class=\"column-1\">Eklenti Ad\u0131<\/th><th class=\"column-2\">Versiyon<\/th><th class=\"column-3\">\u0130ndir<\/th><th class=\"column-4\">G\u00fcncelleme<\/th><th class=\"column-5\">Bilgi<\/th>\n<\/tr>\n<\/thead>\n<tbody class=\"row-hover\">\n<tr class=\"row-2 even\">\n\t<td class=\"column-1\">SportsPress Pro WordPress Plugin<\/td><td class=\"column-2\">2.7.29<\/td><td class=\"column-3\"><a class=\"download-link\" title=\"\u0130ndir &ldquo;SportsPress Pro WordPress Plugin&rdquo;&nbsp;Versiyon 2.7.29\" href=\"https:\/\/wpdepo.com\/tr\/\/download\/8144\/\" rel=\"nofollow\">\n\t\u0130ndir<\/a><\/td><td class=\"column-4\">13 \u015eubat 2026<\/td><td class=\"column-5\"><a href=\"https:\/\/www.themeboy.com\/sportspress-pro\/\" target=\"_blank\" rel=\"noopener\">Eklenti Sayfas\u0131<\/a><\/td>\n<\/tr>\n<tr class=\"row-3 odd\">\n\t<td class=\"column-1\">SportsPress Facebook Extension<\/td><td class=\"column-2\">2.5<\/td><td class=\"column-3\"><a class=\"download-link\" title=\"\u0130ndir &ldquo;SportsPress Facebook Extension&rdquo;&nbsp;Versiyon 2.5\" href=\"https:\/\/wpdepo.com\/tr\/\/download\/8148\/\" rel=\"nofollow\">\n\t\u0130ndir<\/a><\/td><td class=\"column-4\">13 Kas\u0131m 2017<\/td><td class=\"column-5\"><a href=\"https:\/\/www.themeboy.com\/sportspress-extensions\/facebook\/\" target=\"_blank\" rel=\"noopener\">Eklenti Sayfas\u0131<\/a><\/td>\n<\/tr>\n<tr class=\"row-4 even\">\n\t<td class=\"column-1\">SportsPress Twitter Extension<\/td><td class=\"column-2\">2.1.2<\/td><td class=\"column-3\"><a class=\"download-link\" title=\"\u0130ndir &ldquo;SportsPress Twitter Extension&rdquo;&nbsp;Versiyon 2.1.2\" href=\"https:\/\/wpdepo.com\/tr\/\/download\/8150\/\" rel=\"nofollow\">\n\t\u0130ndir<\/a><\/td><td class=\"column-4\">14 May\u0131s 2017<\/td><td class=\"column-5\"><a href=\"https:\/\/www.themeboy.com\/sportspress-extensions\/twitter\/\" target=\"_blank\" rel=\"noopener\">Eklenti Sayfas\u0131<\/a><\/td>\n<\/tr>\n<tr class=\"row-5 odd\">\n\t<td class=\"column-1\">SportsPress Yoast SEO Extension<\/td><td class=\"column-2\">1.0<\/td><td class=\"column-3\"><a class=\"download-link\" title=\"\u0130ndir &ldquo;SportsPress Yoast SEO Extension&rdquo;&nbsp;Versiyon 1.0\" href=\"https:\/\/wpdepo.com\/tr\/\/download\/8152\/\" rel=\"nofollow\">\n\t\u0130ndir<\/a><\/td><td class=\"column-4\">21 Ekim 2017<\/td><td class=\"column-5\"><a href=\"https:\/\/www.themeboy.com\/sportspress-extensions\/yoast-seo\/\" target=\"_blank\" rel=\"noopener\">Eklenti Sayfas\u0131<\/a><\/td>\n<\/tr>\n<\/tbody>\n<\/table>\n\r\n\r\n\t\t<\/div>\n\t\t\t\t\t<\/div>\n\n\t\r\n\r\n<\/div>\r\n\r\n\t\t<\/div>\n\n\t\t\n<style>\n#section_1224998628 {\n  padding-top: 30px;\n  padding-bottom: 30px;\n}\n<\/style>\n\t<\/section>\n\t","protected":false},"excerpt":{"rendered":"","protected":false},"author":1,"featured_media":0,"parent":0,"menu_order":0,"comment_status":"closed","ping_status":"closed","template":"page-blank.php","meta":{"footnotes":""},"class_list":["post-8156","page","type-page","status-publish","hentry"],"_links":{"self":[{"href":"https:\/\/wpdepo.com\/tr\/wp-json\/wp\/v2\/pages\/8156","targetHints":{"allow":["GET"]}}],"collection":[{"href":"https:\/\/wpdepo.com\/tr\/wp-json\/wp\/v2\/pages"}],"about":[{"href":"https:\/\/wpdepo.com\/tr\/wp-json\/wp\/v2\/types\/page"}],"author":[{"embeddable":true,"href":"https:\/\/wpdepo.com\/tr\/wp-json\/wp\/v2\/users\/1"}],"replies":[{"embeddable":true,"href":"https:\/\/wpdepo.com\/tr\/wp-json\/wp\/v2\/comments?post=8156"}],"version-history":[{"count":0,"href":"https:\/\/wpdepo.com\/tr\/wp-json\/wp\/v2\/pages\/8156\/revisions"}],"wp:attachment":[{"href":"https:\/\/wpdepo.com\/tr\/wp-json\/wp\/v2\/media?parent=8156"}],"curies":[{"name":"wp","href":"https:\/\/api.w.org\/{rel}","templated":true}]}}