{"id":8134,"date":"2018-04-28T17:13:45","date_gmt":"2018-04-28T14:13:45","guid":{"rendered":"https:\/\/wpdepo.com\/?page_id=8134"},"modified":"2018-09-03T20:46:18","modified_gmt":"2018-09-03T17:46:18","slug":"analytify-pro-eklentileri","status":"publish","type":"page","link":"https:\/\/wpdepo.com\/tr\/analytify-pro-eklentileri\/","title":{"rendered":"Analytify Pro Eklentileri"},"content":{"rendered":"\n\t<section class=\"section\" id=\"section_1752719124\">\n\t\t<div class=\"section-bg fill\" >\n\t\t\t\t\t\t\t\t\t\n\t\t\t\n\n\t\t<\/div>\n\n\t\t\n\n\t\t<div class=\"section-content relative\">\n\t\t\t\r\n\r\n<div class=\"row\"  id=\"row-880296986\">\r\n\r\n\n\t<div id=\"col-1377024976\" class=\"col small-12 large-12\"  >\n\t\t\t\t<div class=\"col-inner text-left\"  >\n\t\t\t\n\t\t\t\r\n\r\n<h2 style=\"text-align: center;\">Analytify Pro<\/h2>\r\n<p>Analytify, WordPress\u2019teki yaz\u0131lar, sayfalar ve \u00f6zel yaz\u0131 t\u00fcrleri i\u00e7in Google Analytics\u2019i kolayla\u015ft\u0131rmaktad\u0131r. Google Analytics&#8217;teki istatistikleri kendi y\u00f6netim panelinde g\u00fczel bir \u015fekilde sunmaktad\u0131r.<\/p>\r\n<p>Analytify Pro eklentisi \u00fccretsiz s\u00fcr\u00fcm\u00fcne g\u00f6re daha fazla rapor sunmaktad\u0131r. Ayr\u0131ca, premium s\u00fcr\u00fcmde daha iyi e-ticaret izleme ve kampanya y\u00f6netimi bulunmaktad\u0131r. Analytify Pro eklentisi ile bu eklentiye ait eklentileri depomuzdan indirebilirsiniz.<\/p>\r\n\r\n\t\t<\/div>\n\t\t\t\t\t<\/div>\n\n\t\r\n\r\n<\/div>\r\n\r\n\t\t<\/div>\n\n\t\t\n<style>\n#section_1752719124 {\n  padding-top: 0px;\n  padding-bottom: 0px;\n  background-color: rgb(245, 245, 245);\n}\n<\/style>\n\t<\/section>\n\t\r\n\n\t<section class=\"section\" id=\"section_790219174\">\n\t\t<div class=\"section-bg fill\" >\n\t\t\t\t\t\t\t\t\t\n\t\t\t\n\n\t\t<\/div>\n\n\t\t\n\n\t\t<div class=\"section-content relative\">\n\t\t\t\r\n\r\n<div class=\"row\"  id=\"row-1647577432\">\r\n\r\n\n\t<div id=\"col-244746127\" class=\"col small-12 large-12\"  >\n\t\t\t\t<div class=\"col-inner text-left\"  >\n\t\t\t\n\t\t\t\r\n\r\n\n<table id=\"tablepress-66\" class=\"tablepress tablepress-id-66\">\n<thead>\n<tr class=\"row-1 odd\">\n\t<th class=\"column-1\">Eklenti Ad\u0131<\/th><th class=\"column-2\">Versiyon<\/th><th class=\"column-3\">\u0130ndir<\/th><th class=\"column-4\">G\u00fcncelleme<\/th><th class=\"column-5\">Bilgi<\/th>\n<\/tr>\n<\/thead>\n<tbody class=\"row-hover\">\n<tr class=\"row-2 even\">\n\t<td class=\"column-1\">Analytify Pro Google Analytics Plugin<\/td><td class=\"column-2\">8.1.0<\/td><td class=\"column-3\"><a class=\"download-link\" title=\"\u0130ndir &ldquo;Analytify Pro Google Analytics Plugin&rdquo;&nbsp;Versiyon 8.1.0\" href=\"https:\/\/wpdepo.com\/tr\/\/download\/8122\/\" rel=\"nofollow\">\n\t\u0130ndir<\/a><\/td><td class=\"column-4\">10 \u015eubat 2026<\/td><td class=\"column-5\"><a href=\"https:\/\/analytify.io\/\" target=\"_blank\" rel=\"noopener\">Eklenti Sayfas\u0131<\/a><\/td>\n<\/tr>\n<tr class=\"row-3 odd\">\n\t<td class=\"column-1\">Analytify Pro Authors Tracking Add-on<\/td><td class=\"column-2\">5.5.0<\/td><td class=\"column-3\"><a class=\"download-link\" title=\"\u0130ndir &ldquo;Analytify Pro Authors Tracking Add-on&rdquo;&nbsp;Versiyon 5.5.0\" href=\"https:\/\/wpdepo.com\/tr\/\/download\/69286\/\" rel=\"nofollow\">\n\t\u0130ndir<\/a><\/td><td class=\"column-4\">14 Kas\u0131m 2024<\/td><td class=\"column-5\"><a href=\"https:\/\/analytify.io\/add-ons\/authors-tracking\/\" target=\"_blank\" rel=\"noopener\">Eklenti Sayfas\u0131<\/a><\/td>\n<\/tr>\n<tr class=\"row-4 even\">\n\t<td class=\"column-1\">Analytify Pro Campaigns Add-on<\/td><td class=\"column-2\">5.5.0<\/td><td class=\"column-3\"><a class=\"download-link\" title=\"\u0130ndir &ldquo;Analytify Pro Campaigns Add-on&rdquo;&nbsp;Versiyon 5.5.0\" href=\"https:\/\/wpdepo.com\/tr\/\/download\/8124\/\" rel=\"nofollow\">\n\t\u0130ndir<\/a><\/td><td class=\"column-4\">14 Kas\u0131m 2024<\/td><td class=\"column-5\"><a href=\"https:\/\/analytify.io\/add-ons\/campaigns\/\" target=\"_blank\" rel=\"noopener\">Eklenti Sayfas\u0131<\/a><\/td>\n<\/tr>\n<tr class=\"row-5 odd\">\n\t<td class=\"column-1\">Analytify Pro Forms Tracking Add-on<\/td><td class=\"column-2\">5.5.0<\/td><td class=\"column-3\"><a class=\"download-link\" title=\"\u0130ndir &ldquo;Analytify Pro Forms Tracking Add-on&rdquo;&nbsp;Versiyon 5.5.0\" href=\"https:\/\/wpdepo.com\/tr\/\/download\/69288\/\" rel=\"nofollow\">\n\t\u0130ndir<\/a><\/td><td class=\"column-4\">14 Kas\u0131m 2024<\/td><td class=\"column-5\"><a href=\"https:\/\/analytify.io\/add-ons\/forms-tracking\/\" target=\"_blank\" rel=\"noopener\">Eklenti Sayfas\u0131<\/a><\/td>\n<\/tr>\n<tr class=\"row-6 even\">\n\t<td class=\"column-1\">Analytify Pro Easy Digital Downloads Add-on<\/td><td class=\"column-2\">5.0.4<\/td><td class=\"column-3\"><a class=\"download-link\" title=\"\u0130ndir &ldquo;Analytify Pro Easy Digital Downloads Add-on&rdquo;&nbsp;Versiyon 5.0.4\" href=\"https:\/\/wpdepo.com\/tr\/\/download\/8126\/\" rel=\"nofollow\">\n\t\u0130ndir<\/a><\/td><td class=\"column-4\">23 Haziran 2023<\/td><td class=\"column-5\"><a href=\"https:\/\/analytify.io\/add-ons\/easy-digital-downloads\/\" target=\"_blank\" rel=\"noopener\">Eklenti Sayfas\u0131<\/a><\/td>\n<\/tr>\n<tr class=\"row-7 odd\">\n\t<td class=\"column-1\">Analytify Pro Email Notifications Add-on<\/td><td class=\"column-2\">5.5.0<\/td><td class=\"column-3\"><a class=\"download-link\" title=\"\u0130ndir &ldquo;Analytify Pro Email Notifications Add-on&rdquo;&nbsp;Versiyon 5.5.0\" href=\"https:\/\/wpdepo.com\/tr\/\/download\/8128\/\" rel=\"nofollow\">\n\t\u0130ndir<\/a><\/td><td class=\"column-4\">14 Kas\u0131m 2024<\/td><td class=\"column-5\"><a href=\"https:\/\/analytify.io\/add-ons\/email-notifications\/\" target=\"_blank\" rel=\"noopener\">Eklenti Sayfas\u0131<\/a><\/td>\n<\/tr>\n<tr class=\"row-8 even\">\n\t<td class=\"column-1\">Analytify Pro Google Analytics Goals Add-on<\/td><td class=\"column-2\">5.5.0<\/td><td class=\"column-3\"><a class=\"download-link\" title=\"\u0130ndir &ldquo;Analytify Pro Google Analytics Goals Add-on&rdquo;&nbsp;Versiyon 5.5.0\" href=\"https:\/\/wpdepo.com\/tr\/\/download\/19101\/\" rel=\"nofollow\">\n\t\u0130ndir<\/a><\/td><td class=\"column-4\">14 Kas\u0131m 2024<\/td><td class=\"column-5\"><a href=\"https:\/\/analytify.io\/add-ons\/google-analytics-goals-wordpress\/\" target=\"_blank\" rel=\"noopener\">Eklenti Sayfas\u0131<\/a><\/td>\n<\/tr>\n<tr class=\"row-9 odd\">\n\t<td class=\"column-1\">Analytify Pro WooCommerce Add-on<\/td><td class=\"column-2\">5.5.1<\/td><td class=\"column-3\"><a class=\"download-link\" title=\"\u0130ndir &ldquo;Analytify Pro WooCommerce Add-on&rdquo;&nbsp;Versiyon 5.5.1\" href=\"https:\/\/wpdepo.com\/tr\/\/download\/8130\/\" rel=\"nofollow\">\n\t\u0130ndir<\/a><\/td><td class=\"column-4\">4 \u015eubat 2025<\/td><td class=\"column-5\"><a href=\"https:\/\/analytify.io\/add-ons\/woocommerce\/\" target=\"_blank\" rel=\"noopener\">Eklenti Sayfas\u0131<\/a><\/td>\n<\/tr>\n<\/tbody>\n<\/table>\n\r\n\r\n\t\t<\/div>\n\t\t\t\t\t<\/div>\n\n\t\r\n\r\n<\/div>\r\n\r\n\t\t<\/div>\n\n\t\t\n<style>\n#section_790219174 {\n  padding-top: 30px;\n  padding-bottom: 30px;\n}\n<\/style>\n\t<\/section>\n\t","protected":false},"excerpt":{"rendered":"","protected":false},"author":1,"featured_media":0,"parent":0,"menu_order":0,"comment_status":"closed","ping_status":"closed","template":"page-blank.php","meta":{"footnotes":""},"class_list":["post-8134","page","type-page","status-publish","hentry"],"_links":{"self":[{"href":"https:\/\/wpdepo.com\/tr\/wp-json\/wp\/v2\/pages\/8134","targetHints":{"allow":["GET"]}}],"collection":[{"href":"https:\/\/wpdepo.com\/tr\/wp-json\/wp\/v2\/pages"}],"about":[{"href":"https:\/\/wpdepo.com\/tr\/wp-json\/wp\/v2\/types\/page"}],"author":[{"embeddable":true,"href":"https:\/\/wpdepo.com\/tr\/wp-json\/wp\/v2\/users\/1"}],"replies":[{"embeddable":true,"href":"https:\/\/wpdepo.com\/tr\/wp-json\/wp\/v2\/comments?post=8134"}],"version-history":[{"count":0,"href":"https:\/\/wpdepo.com\/tr\/wp-json\/wp\/v2\/pages\/8134\/revisions"}],"wp:attachment":[{"href":"https:\/\/wpdepo.com\/tr\/wp-json\/wp\/v2\/media?parent=8134"}],"curies":[{"name":"wp","href":"https:\/\/api.w.org\/{rel}","templated":true}]}}