{"id":80732,"date":"2023-07-09T17:10:26","date_gmt":"2023-07-09T17:10:26","guid":{"rendered":"https:\/\/wpdepo.com\/?page_id=80732"},"modified":"2023-07-09T17:10:26","modified_gmt":"2023-07-09T17:10:26","slug":"wp-sheet-editor-eklentileri","status":"publish","type":"page","link":"https:\/\/wpdepo.com\/tr\/wp-sheet-editor-eklentileri\/","title":{"rendered":"WP Sheet Editor Eklentileri"},"content":{"rendered":"\n\t<section class=\"section\" id=\"section_747763815\">\n\t\t<div class=\"section-bg fill\" >\n\t\t\t\t\t\t\t\t\t\n\t\t\t\n\n\t\t<\/div>\n\n\t\t\n\n\t\t<div class=\"section-content relative\">\n\t\t\t\r\n\r\n<div class=\"row\"  id=\"row-855072538\">\r\n\r\n\n\t<div id=\"col-1143761545\" class=\"col small-12 large-12\"  >\n\t\t\t\t<div class=\"col-inner text-left\"  >\n\t\t\t\n\t\t\t\r\n\r\n<h2 style=\"text-align: center;\">WP Sheet Editor<\/h2>\r\n<p>WP Sheet Editor eklentilerinin yard\u0131m\u0131yla WordPress sayfalar\u0131n\u0131z\u0131, yaz\u0131lar\u0131n\u0131z\u0131, resimlerinizi, yorumlar\u0131n\u0131z\u0131, kullan\u0131c\u0131lar\u0131n\u0131z\u0131 topluca ve kolayca d\u00fczenleyebilirsiniz. Ayr\u0131ca, WooCommerce \u00fcr\u00fcnlerinizi ve sipari\u015flerinizi toplu bir \u015fekilde d\u00fczenleyebilirsiniz. \u00d6rne\u011fin, WooCommerce sitenizde hi\u00e7 sipari\u015f vermemi\u015f m\u00fc\u015fterilerinizi kolayca bulabilir ve bu kullan\u0131c\u0131lar\u0131 tek tu\u015fla silebilirsiniz. WP Sheet Editor ayr\u0131ca Easy Digital Downloads ve GiveWP i\u00e7in de toplu d\u00fczenleme eklentileri sunmaktad\u0131r.<\/p>\r\n<p>\u0130htiyac\u0131n\u0131za uygun eklentileri bu sayfadan indirebilir, kolayca kurarak hemen kullanmaya ba\u015flayabilirsiniz. Geli\u015ftiricinin yard\u0131m sayfas\u0131na g\u00f6z atmay\u0131 ihmal etmeyin.<\/p>\r\n\r\n\t\t<\/div>\n\t\t\t\t\t<\/div>\n\n\t\r\n\r\n<\/div>\r\n\r\n\t\t<\/div>\n\n\t\t\n<style>\n#section_747763815 {\n  padding-top: 0px;\n  padding-bottom: 0px;\n  background-color: rgb(245, 245, 245);\n}\n<\/style>\n\t<\/section>\n\t\r\n\n\t<section class=\"section\" id=\"section_973638954\">\n\t\t<div class=\"section-bg fill\" >\n\t\t\t\t\t\t\t\t\t\n\t\t\t\n\n\t\t<\/div>\n\n\t\t\n\n\t\t<div class=\"section-content relative\">\n\t\t\t\r\n\r\n<div class=\"row\"  id=\"row-1659356955\">\r\n\r\n\n\t<div id=\"col-1447240795\" class=\"col small-12 large-12\"  >\n\t\t\t\t<div class=\"col-inner text-left\"  >\n\t\t\t\n\t\t\t\r\n\r\n\n<table id=\"tablepress-97\" class=\"tablepress tablepress-id-97\">\n<thead>\n<tr class=\"row-1 odd\">\n\t<th class=\"column-1\">Eklenti Ad\u0131<\/th><th class=\"column-2\">Versiyon<\/th><th class=\"column-3\">\u0130ndir<\/th><th class=\"column-4\">G\u00fcncelleme<\/th><th class=\"column-5\">Bilgi<\/th>\n<\/tr>\n<\/thead>\n<tbody class=\"row-hover\">\n<tr class=\"row-2 even\">\n\t<td class=\"column-1\">WP Sheet Editor - Automations<\/td><td class=\"column-2\">1.1.0<\/td><td class=\"column-3\"><a class=\"download-link\" title=\"\u0130ndir &ldquo;WP Sheet Editor - Automations&rdquo;&nbsp;Versiyon 1.1.0\" href=\"https:\/\/wpdepo.com\/tr\/\/download\/81250\/\" rel=\"nofollow\">\n\t\u0130ndir<\/a><\/td><td class=\"column-4\">7 Ocak 2026<\/td><td class=\"column-5\"><a href=\"https:\/\/wpsheeteditor.com\/extensions\/automations\/\" target=\"_blank\" rel=\"noopener noreferrer\">Eklenti Sayfas\u0131<\/a><\/td>\n<\/tr>\n<tr class=\"row-3 odd\">\n\t<td class=\"column-1\">WP Sheet Editor - Comments Pro<\/td><td class=\"column-2\">1.1.40<\/td><td class=\"column-3\"><a class=\"download-link\" title=\"\u0130ndir &ldquo;WP Sheet Editor - Comments Pro&rdquo;&nbsp;Versiyon 1.1.40\" href=\"https:\/\/wpdepo.com\/tr\/\/download\/80706\/\" rel=\"nofollow\">\n\t\u0130ndir<\/a><\/td><td class=\"column-4\">19 Ocak 2026<\/td><td class=\"column-5\"><a href=\"https:\/\/wpsheeteditor.com\/extensions\/comments-and-reviews-spreadsheet\/\" target=\"_blank\" rel=\"noopener noreferrer\">Eklenti Sayfas\u0131<\/a><\/td>\n<\/tr>\n<tr class=\"row-4 even\">\n\t<td class=\"column-1\">WP Sheet Editor - Courses<\/td><td class=\"column-2\">1.1.0<\/td><td class=\"column-3\"><a class=\"download-link\" title=\"\u0130ndir &ldquo;WP Sheet Editor - Courses&rdquo;&nbsp;Versiyon 1.1.0\" href=\"https:\/\/wpdepo.com\/tr\/\/download\/88318\/\" rel=\"nofollow\">\n\t\u0130ndir<\/a><\/td><td class=\"column-4\">19 Ocak 2026<\/td><td class=\"column-5\"><a href=\"https:\/\/wpsheeteditor.com\/extensions\/courses-spreadsheet\/\" target=\"_blank\" rel=\"noopener noreferrer\">Eklenti Sayfas\u0131<\/a><\/td>\n<\/tr>\n<tr class=\"row-5 odd\">\n\t<td class=\"column-1\">WP Sheet Editor - Custom Tables Pro<\/td><td class=\"column-2\">1.2.25<\/td><td class=\"column-3\"><a class=\"download-link\" title=\"\u0130ndir &ldquo;WP Sheet Editor - Custom Tables Pro&rdquo;&nbsp;Versiyon 1.2.25\" href=\"https:\/\/wpdepo.com\/tr\/\/download\/80708\/\" rel=\"nofollow\">\n\t\u0130ndir<\/a><\/td><td class=\"column-4\">19 Ocak 2026<\/td><td class=\"column-5\"><a href=\"https:\/\/wpsheeteditor.com\/extensions\/custom-database-tables-spreadsheet\/\" target=\"_blank\" rel=\"noopener noreferrer\">Eklenti Sayfas\u0131<\/a><\/td>\n<\/tr>\n<tr class=\"row-6 even\">\n\t<td class=\"column-1\">WP Sheet Editor - Editable Frontend Tables (Premium)<\/td><td class=\"column-2\">2.4.45<\/td><td class=\"column-3\"><a class=\"download-link\" title=\"\u0130ndir &ldquo;WP Sheet Editor - Editable Frontend Tables (Premium)&rdquo;&nbsp;Versiyon 2.4.45\" href=\"https:\/\/wpdepo.com\/tr\/\/download\/80714\/\" rel=\"nofollow\">\n\t\u0130ndir<\/a><\/td><td class=\"column-4\">19 Ocak 2026<\/td><td class=\"column-5\"><a href=\"https:\/\/wpsheeteditor.com\/extensions\/frontend-spreadsheet-editor\/\" target=\"_blank\" rel=\"noopener noreferrer\">Eklenti Sayfas\u0131<\/a><\/td>\n<\/tr>\n<tr class=\"row-7 odd\">\n\t<td class=\"column-1\">WP Sheet Editor - Easy Digital Downloads Pro<\/td><td class=\"column-2\">1.0.79<\/td><td class=\"column-3\"><a class=\"download-link\" title=\"\u0130ndir &ldquo;WP Sheet Editor - Easy Digital Downloads Pro&rdquo;&nbsp;Versiyon 1.0.79\" href=\"https:\/\/wpdepo.com\/tr\/\/download\/80724\/\" rel=\"nofollow\">\n\t\u0130ndir<\/a><\/td><td class=\"column-4\">19 Ocak 2026<\/td><td class=\"column-5\"><a href=\"https:\/\/wpsheeteditor.com\/extensions\/easy-digital-downloads-spreadsheet\/\" target=\"_blank\" rel=\"noopener noreferrer\">Eklenti Sayfas\u0131<\/a><\/td>\n<\/tr>\n<tr class=\"row-8 even\">\n\t<td class=\"column-1\">WP Sheet Editor - Events Pro<\/td><td class=\"column-2\">1.1.39<\/td><td class=\"column-3\"><a class=\"download-link\" title=\"\u0130ndir &ldquo;WP Sheet Editor - Events Pro&rdquo;&nbsp;Versiyon 1.1.39\" href=\"https:\/\/wpdepo.com\/tr\/\/download\/80710\/\" rel=\"nofollow\">\n\t\u0130ndir<\/a><\/td><td class=\"column-4\">19 Ocak 2026<\/td><td class=\"column-5\"><a href=\"https:\/\/wpsheeteditor.com\/extensions\/events-spreadsheet\/\" target=\"_blank\" rel=\"noopener noreferrer\">Eklenti Sayfas\u0131<\/a><\/td>\n<\/tr>\n<tr class=\"row-9 odd\">\n\t<td class=\"column-1\">WP Sheet Editor - GiveWP Pro<\/td><td class=\"column-2\">1.0.68<\/td><td class=\"column-3\"><a class=\"download-link\" title=\"\u0130ndir &ldquo;WP Sheet Editor - GiveWP Pro&rdquo;&nbsp;Versiyon 1.0.68\" href=\"https:\/\/wpdepo.com\/tr\/\/download\/80712\/\" rel=\"nofollow\">\n\t\u0130ndir<\/a><\/td><td class=\"column-4\">19 Ocak 2026<\/td><td class=\"column-5\"><a href=\"https:\/\/wpsheeteditor.com\/\" target=\"_blank\" rel=\"noopener noreferrer\">Eklenti Sayfas\u0131<\/a><\/td>\n<\/tr>\n<tr class=\"row-10 even\">\n\t<td class=\"column-1\">WP Sheet Editor - Media Library Pro<\/td><td class=\"column-2\">1.10.23<\/td><td class=\"column-3\"><a class=\"download-link\" title=\"\u0130ndir &ldquo;WP Sheet Editor - Media Library Pro&rdquo;&nbsp;Versiyon 1.10.23\" href=\"https:\/\/wpdepo.com\/tr\/\/download\/80726\/\" rel=\"nofollow\">\n\t\u0130ndir<\/a><\/td><td class=\"column-4\">19 Ocak 2026<\/td><td class=\"column-5\"><a href=\"https:\/\/wpsheeteditor.com\/extensions\/media-files-library-spreadsheet\/\" target=\"_blank\" rel=\"noopener noreferrer\">Eklenti Sayfas\u0131<\/a><\/td>\n<\/tr>\n<tr class=\"row-11 odd\">\n\t<td class=\"column-1\">WP Sheet Editor - Post Types (Premium)<\/td><td class=\"column-2\">2.26.1<\/td><td class=\"column-3\"><a class=\"download-link\" title=\"\u0130ndir &ldquo;WP Sheet Editor - Post Types (Premium)&rdquo;&nbsp;Versiyon 2.26.1\" href=\"https:\/\/wpdepo.com\/tr\/\/download\/80728\/\" rel=\"nofollow\">\n\t\u0130ndir<\/a><\/td><td class=\"column-4\">19 Ocak 2026<\/td><td class=\"column-5\"><a href=\"https:\/\/wpsheeteditor.com\/extensions\/posts-pages-post-types-spreadsheet\/\" target=\"_blank\" rel=\"noopener noreferrer\">Eklenti Sayfas\u0131<\/a><\/td>\n<\/tr>\n<tr class=\"row-12 even\">\n\t<td class=\"column-1\">WP Sheet Editor - Taxonomy Terms Pro<\/td><td class=\"column-2\">1.7.23<\/td><td class=\"column-3\"><a class=\"download-link\" title=\"\u0130ndir &ldquo;WP Sheet Editor - Taxonomy Terms Pro&rdquo;&nbsp;Versiyon 1.7.23\" href=\"https:\/\/wpdepo.com\/tr\/\/download\/80704\/\" rel=\"nofollow\">\n\t\u0130ndir<\/a><\/td><td class=\"column-4\">19 Ocak 2026<\/td><td class=\"column-5\"><a href=\"https:\/\/wpsheeteditor.com\/extensions\/categories-tags-product-attributes-taxonomies-spreadsheet\/\" target=\"_blank\" rel=\"noopener noreferrer\">Eklenti Sayfas\u0131<\/a><\/td>\n<\/tr>\n<tr class=\"row-13 odd\">\n\t<td class=\"column-1\">WP Sheet Editor - Users (Premium)<\/td><td class=\"column-2\">1.5.43<\/td><td class=\"column-3\"><a class=\"download-link\" title=\"\u0130ndir &ldquo;WP Sheet Editor - Users (Premium)&rdquo;&nbsp;Versiyon 1.5.43\" href=\"https:\/\/wpdepo.com\/tr\/\/download\/80716\/\" rel=\"nofollow\">\n\t\u0130ndir<\/a><\/td><td class=\"column-4\">9 \u015eubat 2026<\/td><td class=\"column-5\"><a href=\"https:\/\/wpsheeteditor.com\/extensions\/edit-users-spreadsheet\/\" target=\"_blank\" rel=\"noopener noreferrer\">Eklenti Sayfas\u0131<\/a><\/td>\n<\/tr>\n<tr class=\"row-14 even\">\n\t<td class=\"column-1\">WP Sheet Editor - WooCommerce Coupons (Premium)<\/td><td class=\"column-2\">1.3.58<\/td><td class=\"column-3\"><a class=\"download-link\" title=\"\u0130ndir &ldquo;WP Sheet Editor - WooCommerce Coupons (Premium)&rdquo;&nbsp;Versiyon 1.3.58\" href=\"https:\/\/wpdepo.com\/tr\/\/download\/80718\/\" rel=\"nofollow\">\n\t\u0130ndir<\/a><\/td><td class=\"column-4\">19 Ocak 2026<\/td><td class=\"column-5\"><a href=\"https:\/\/wpsheeteditor.com\/extensions\/woocommerce-coupons-spreadsheet\/\" target=\"_blank\" rel=\"noopener noreferrer\">Eklenti Sayfas\u0131<\/a><\/td>\n<\/tr>\n<tr class=\"row-15 odd\">\n\t<td class=\"column-1\">WP Sheet Editor - WooCommerce Orders Pro<\/td><td class=\"column-2\">1.3.23<\/td><td class=\"column-3\"><a class=\"download-link\" title=\"\u0130ndir &ldquo;WP Sheet Editor - WooCommerce Orders Pro&rdquo;&nbsp;Versiyon 1.3.23\" href=\"https:\/\/wpdepo.com\/tr\/\/download\/80720\/\" rel=\"nofollow\">\n\t\u0130ndir<\/a><\/td><td class=\"column-4\">19 Ocak 2026<\/td><td class=\"column-5\"><a href=\"https:\/\/wpsheeteditor.com\/extensions\/woocommerce-orders-spreadsheet\/\" target=\"_blank\" rel=\"noopener noreferrer\">Eklenti Sayfas\u0131<\/a><\/td>\n<\/tr>\n<tr class=\"row-16 even\">\n\t<td class=\"column-1\">WP Sheet Editor - WooCommerce Products (Premium)<\/td><td class=\"column-2\">1.8.21<\/td><td class=\"column-3\"><a class=\"download-link\" title=\"\u0130ndir &ldquo;WP Sheet Editor - WooCommerce Products (Premium)&rdquo;&nbsp;Versiyon 1.8.21\" href=\"https:\/\/wpdepo.com\/tr\/\/download\/80722\/\" rel=\"nofollow\">\n\t\u0130ndir<\/a><\/td><td class=\"column-4\">19 Ocak 2026<\/td><td class=\"column-5\"><a href=\"https:\/\/wpsheeteditor.com\/extensions\/woocommerce-spreadsheet\/\" target=\"_blank\" rel=\"noopener noreferrer\">Eklenti Sayfas\u0131<\/a><\/td>\n<\/tr>\n<\/tbody>\n<\/table>\n\r\n\r\n\t\t<\/div>\n\t\t\t\t\t<\/div>\n\n\t\r\n\r\n<\/div>\r\n\r\n\t\t<\/div>\n\n\t\t\n<style>\n#section_973638954 {\n  padding-top: 30px;\n  padding-bottom: 30px;\n}\n<\/style>\n\t<\/section>\n\t","protected":false},"excerpt":{"rendered":"","protected":false},"author":1,"featured_media":0,"parent":0,"menu_order":0,"comment_status":"closed","ping_status":"closed","template":"page-blank.php","meta":{"footnotes":""},"class_list":["post-80732","page","type-page","status-publish","hentry"],"_links":{"self":[{"href":"https:\/\/wpdepo.com\/tr\/wp-json\/wp\/v2\/pages\/80732","targetHints":{"allow":["GET"]}}],"collection":[{"href":"https:\/\/wpdepo.com\/tr\/wp-json\/wp\/v2\/pages"}],"about":[{"href":"https:\/\/wpdepo.com\/tr\/wp-json\/wp\/v2\/types\/page"}],"author":[{"embeddable":true,"href":"https:\/\/wpdepo.com\/tr\/wp-json\/wp\/v2\/users\/1"}],"replies":[{"embeddable":true,"href":"https:\/\/wpdepo.com\/tr\/wp-json\/wp\/v2\/comments?post=80732"}],"version-history":[{"count":0,"href":"https:\/\/wpdepo.com\/tr\/wp-json\/wp\/v2\/pages\/80732\/revisions"}],"wp:attachment":[{"href":"https:\/\/wpdepo.com\/tr\/wp-json\/wp\/v2\/media?parent=80732"}],"curies":[{"name":"wp","href":"https:\/\/api.w.org\/{rel}","templated":true}]}}