{"id":7710,"date":"2018-04-03T16:55:29","date_gmt":"2018-04-03T13:55:29","guid":{"rendered":"https:\/\/wpdepo.com\/?page_id=7710"},"modified":"2018-09-03T20:46:57","modified_gmt":"2018-09-03T17:46:57","slug":"wedevs-eklentileri","status":"publish","type":"page","link":"https:\/\/wpdepo.com\/tr\/wedevs-eklentileri\/","title":{"rendered":"weDevs Eklentileri"},"content":{"rendered":"\n\t<section class=\"section\" id=\"section_1671763485\">\n\t\t<div class=\"section-bg fill\" >\n\t\t\t\t\t\t\t\t\t\n\t\t\t\n\n\t\t<\/div>\n\n\t\t\n\n\t\t<div class=\"section-content relative\">\n\t\t\t\r\n\r\n<div class=\"row\"  id=\"row-1803344002\">\r\n\r\n\n\t<div id=\"col-1803334458\" class=\"col small-12 large-12\"  >\n\t\t\t\t<div class=\"col-inner text-left\"  >\n\t\t\t\n\t\t\t\r\n\r\n<h2 style=\"text-align: center;\">weDevs<\/h2>\r\n<p>weDevs, WordPress \u00fczerine uzmanla\u015fm\u0131\u015ft\u0131r ve i\u015finizi geli\u015ftirmek i\u00e7in profesyonel eklentiler olu\u015fturmaktad\u0131r. weDevs eklentileri, i\u015f operasyonlar\u0131n\u0131z\u0131 h\u0131zland\u0131rmak, ekip verimlili\u011fini art\u0131rmak, sizi ve i\u015finizi g\u00fc\u00e7lendirmek i\u00e7in tasarlanm\u0131\u015ft\u0131r. weDevs, WordPress i\u00e7in \u00e7ok sat\u0131c\u0131l\u0131 e-ticaret \u00e7\u00f6z\u00fcm\u00fc, proje y\u00f6netimi, ERP, form y\u00f6netimi ve kullan\u0131c\u0131 \u00f6ny\u00fcz y\u00f6netimi gibi alanlara odakl\u0131 eklentilere sahiptir.<\/p>\r\n<p>WordPress eklenti deposunda \u00fccretsiz s\u00fcr\u00fcmleri yer alan weDevs eklentilerinin Pro s\u00fcr\u00fcmleri weDevs taraf\u0131ndan farkl\u0131 lisans tipleriyle sat\u0131lmaktad\u0131r. weDevs taraf\u0131ndan geli\u015ftirilen eklentilerin Pro s\u00fcr\u00fcmlerini depomuzdan indirebilirsiniz. Eklentiler hakk\u0131nda daha fazla bilgi edinmek ve lisans tipleri aras\u0131ndaki farklar\u0131 incelemek i\u00e7in eklenti sayfalar\u0131n\u0131 ziyaret edebilirsiniz.<\/p>\r\n\r\n\t\t<\/div>\n\t\t\t\t\t<\/div>\n\n\t\r\n\r\n<\/div>\r\n\r\n\t\t<\/div>\n\n\t\t\n<style>\n#section_1671763485 {\n  padding-top: 0px;\n  padding-bottom: 0px;\n  background-color: rgb(245, 245, 245);\n}\n<\/style>\n\t<\/section>\n\t\r\n\n\t<section class=\"section\" id=\"section_1471860594\">\n\t\t<div class=\"section-bg fill\" >\n\t\t\t\t\t\t\t\t\t\n\t\t\t\n\n\t\t<\/div>\n\n\t\t\n\n\t\t<div class=\"section-content relative\">\n\t\t\t\r\n\r\n<div class=\"row\"  id=\"row-670939010\">\r\n\r\n\n\t<div id=\"col-1525277862\" class=\"col small-12 large-12\"  >\n\t\t\t\t<div class=\"col-inner text-left\"  >\n\t\t\t\n\t\t\t\r\n\r\n\n<table id=\"tablepress-65\" class=\"tablepress tablepress-id-65\">\n<thead>\n<tr class=\"row-1 odd\">\n\t<th class=\"column-1\">Eklenti Ad\u0131<\/th><th class=\"column-2\">Versiyon<\/th><th class=\"column-3\">\u0130ndir<\/th><th class=\"column-4\">G\u00fcncelleme<\/th><th class=\"column-5\">Bilgi<\/th>\n<\/tr>\n<\/thead>\n<tbody class=\"row-hover\">\n<tr class=\"row-2 even\">\n\t<td class=\"column-1\">Dokan Pro - business<\/td><td class=\"column-2\">4.3.3<\/td><td class=\"column-3\"><a class=\"download-link\" title=\"\u0130ndir &ldquo;Dokan Pro - business&rdquo;&nbsp;Versiyon 4.3.3\" href=\"https:\/\/wpdepo.com\/tr\/\/download\/7271\/\" rel=\"nofollow\">\n\t\u0130ndir<\/a><\/td><td class=\"column-4\">6 Nisan 2026<\/td><td class=\"column-5\"><a href=\"https:\/\/wedevs.com\/dokan\/\" target=\"_blank\" rel=\"noopener\">Eklenti Sayfas\u0131<\/a><\/td>\n<\/tr>\n<tr class=\"row-3 odd\">\n\t<td class=\"column-1\">weForms Pro - Business<\/td><td class=\"column-2\">1.3.19<\/td><td class=\"column-3\"><a class=\"download-link\" title=\"\u0130ndir &ldquo;weForms Pro - Business&rdquo;&nbsp;Versiyon 1.3.19\" href=\"https:\/\/wpdepo.com\/tr\/\/download\/7703\/\" rel=\"nofollow\">\n\t\u0130ndir<\/a><\/td><td class=\"column-4\">10 \u015eubat 2026<\/td><td class=\"column-5\"><a href=\"https:\/\/wedevs.com\/weforms\/\" target=\"_blank\" rel=\"noopener\">Eklenti Sayfas\u0131<\/a><\/td>\n<\/tr>\n<tr class=\"row-4 even\">\n\t<td class=\"column-1\">wePOS - Pro<\/td><td class=\"column-2\">1.1.3<\/td><td class=\"column-3\"><a class=\"download-link\" title=\"\u0130ndir &ldquo;wePOS - Pro&rdquo;&nbsp;Versiyon 1.1.3\" href=\"https:\/\/wpdepo.com\/tr\/\/download\/69809\/\" rel=\"nofollow\">\n\t\u0130ndir<\/a><\/td><td class=\"column-4\">31 Aral\u0131k 2021<\/td><td class=\"column-5\"><a href=\"https:\/\/wedevs.com\/wepos\" target=\"_blank\" rel=\"noopener\">Eklenti Sayfas\u0131<\/a><\/td>\n<\/tr>\n<tr class=\"row-5 odd\">\n\t<td class=\"column-1\">WooCommerce Conversion Tracking Pro<\/td><td class=\"column-2\">1.1.3<\/td><td class=\"column-3\"><a class=\"download-link\" title=\"\u0130ndir &ldquo;WooCommerce Conversion Tracking Pro&rdquo;&nbsp;Versiyon 1.1.3\" href=\"https:\/\/wpdepo.com\/tr\/\/download\/32515\/\" rel=\"nofollow\">\n\t\u0130ndir<\/a><\/td><td class=\"column-4\">11 \u015eubat 2026<\/td><td class=\"column-5\"><a href=\"https:\/\/wedevs.com\/woocommerce-conversion-tracking\/\" target=\"_blank\" rel=\"noopener\">Eklenti Sayfas\u0131<\/a><\/td>\n<\/tr>\n<tr class=\"row-6 even\">\n\t<td class=\"column-1\">WP ERP Pro<\/td><td class=\"column-2\">1.4.3<\/td><td class=\"column-3\"><a class=\"download-link\" title=\"\u0130ndir &ldquo;WP ERP Pro&rdquo;&nbsp;Versiyon 1.4.3\" href=\"https:\/\/wpdepo.com\/tr\/\/download\/96878\/\" rel=\"nofollow\">\n\t\u0130ndir<\/a><\/td><td class=\"column-4\">21 Kas\u0131m 2025<\/td><td class=\"column-5\"><a href=\"https:\/\/wperp.com\/\" target=\"_blank\" rel=\"noopener\">Eklenti Sayfas\u0131<\/a><\/td>\n<\/tr>\n<tr class=\"row-7 odd\">\n\t<td class=\"column-1\">WP Project Manager Pro - Business<\/td><td class=\"column-2\">3.0.0<\/td><td class=\"column-3\"><a class=\"download-link\" title=\"\u0130ndir &ldquo;WP Project Manager Pro - Business&rdquo;&nbsp;Versiyon 3.0.0\" href=\"https:\/\/wpdepo.com\/tr\/\/download\/7691\/\" rel=\"nofollow\">\n\t\u0130ndir<\/a><\/td><td class=\"column-4\">19 Ocak 2026<\/td><td class=\"column-5\"><a href=\"https:\/\/wedevs.com\/wp-project-manager-pro\/\" target=\"_blank\" rel=\"noopener\">Eklenti Sayfas\u0131<\/a><\/td>\n<\/tr>\n<tr class=\"row-8 even\">\n\t<td class=\"column-1\">WP Project Manager Pro - Sub Task Extension<\/td><td class=\"column-2\">1.3<\/td><td class=\"column-3\"><a class=\"download-link\" title=\"\u0130ndir &ldquo;WP Project Manager Pro - Sub Task Extension&rdquo;&nbsp;Versiyon 1.3\" href=\"https:\/\/wpdepo.com\/tr\/\/download\/7693\/\" rel=\"nofollow\">\n\t\u0130ndir<\/a><\/td><td class=\"column-4\">31 Ocak 2018<\/td><td class=\"column-5\"><a href=\"https:\/\/wedevs.com\/products\/plugins\/wp-project-manager-pro\/sub-task\/\" target=\"_blank\" rel=\"noopener\">Eklenti Sayfas\u0131<\/a><\/td>\n<\/tr>\n<tr class=\"row-9 odd\">\n\t<td class=\"column-1\">WP Project Manager Pro - WooCommerce Order Extension<\/td><td class=\"column-2\">1.2<\/td><td class=\"column-3\"><a class=\"download-link\" title=\"\u0130ndir &ldquo;WP Project Manager Pro - WooCommerce Order Extension&rdquo;&nbsp;Versiyon 1.2\" href=\"https:\/\/wpdepo.com\/tr\/\/download\/7696\/\" rel=\"nofollow\">\n\t\u0130ndir<\/a><\/td><td class=\"column-4\">25 Kas\u0131m 2016<\/td><td class=\"column-5\"><a href=\"https:\/\/wedevs.com\/products\/plugins\/wp-project-manager-pro\/woocommerce-order\/\" target=\"_blank\" rel=\"noopener\">Eklenti Sayfas\u0131<\/a><\/td>\n<\/tr>\n<tr class=\"row-10 even\">\n\t<td class=\"column-1\">WP User Frontend Pro - Business<\/td><td class=\"column-2\">4.2.12<\/td><td class=\"column-3\"><a class=\"download-link\" title=\"\u0130ndir &ldquo;WP User Frontend Pro - Business&rdquo;&nbsp;Versiyon 4.2.12\" href=\"https:\/\/wpdepo.com\/tr\/\/download\/7701\/\" rel=\"nofollow\">\n\t\u0130ndir<\/a><\/td><td class=\"column-4\">9 Nisan 2026<\/td><td class=\"column-5\"><a href=\"https:\/\/wedevs.com\/wp-user-frontend-pro\/\" target=\"_blank\" rel=\"noopener\">Eklenti Sayfas\u0131<\/a><\/td>\n<\/tr>\n<\/tbody>\n<\/table>\n\r\n\r\n\t\t<\/div>\n\t\t\t\t\t<\/div>\n\n\t\r\n\r\n<\/div>\r\n\r\n\t\t<\/div>\n\n\t\t\n<style>\n#section_1471860594 {\n  padding-top: 30px;\n  padding-bottom: 30px;\n}\n<\/style>\n\t<\/section>\n\t","protected":false},"excerpt":{"rendered":"","protected":false},"author":1,"featured_media":0,"parent":0,"menu_order":0,"comment_status":"closed","ping_status":"closed","template":"page-blank.php","meta":{"footnotes":""},"class_list":["post-7710","page","type-page","status-publish","hentry"],"_links":{"self":[{"href":"https:\/\/wpdepo.com\/tr\/wp-json\/wp\/v2\/pages\/7710","targetHints":{"allow":["GET"]}}],"collection":[{"href":"https:\/\/wpdepo.com\/tr\/wp-json\/wp\/v2\/pages"}],"about":[{"href":"https:\/\/wpdepo.com\/tr\/wp-json\/wp\/v2\/types\/page"}],"author":[{"embeddable":true,"href":"https:\/\/wpdepo.com\/tr\/wp-json\/wp\/v2\/users\/1"}],"replies":[{"embeddable":true,"href":"https:\/\/wpdepo.com\/tr\/wp-json\/wp\/v2\/comments?post=7710"}],"version-history":[{"count":0,"href":"https:\/\/wpdepo.com\/tr\/wp-json\/wp\/v2\/pages\/7710\/revisions"}],"wp:attachment":[{"href":"https:\/\/wpdepo.com\/tr\/wp-json\/wp\/v2\/media?parent=7710"}],"curies":[{"name":"wp","href":"https:\/\/api.w.org\/{rel}","templated":true}]}}