{"id":77,"date":"2017-04-22T17:28:03","date_gmt":"2017-04-22T14:28:03","guid":{"rendered":"https:\/\/wpdepo.com\/?page_id=77"},"modified":"2025-12-10T14:33:29","modified_gmt":"2025-12-10T14:33:29","slug":"abonelik-paketleri","status":"publish","type":"page","link":"https:\/\/wpdepo.com\/tr\/abonelik-paketleri\/","title":{"rendered":"Abonelik Paketleri"},"content":{"rendered":"\n\t<section class=\"section abonelik-banner\" id=\"section_590856876\">\n\t\t<div class=\"section-bg fill\" >\n\t\t\t\t\t\t\t\t\t\n\t\t\t\n\n\t\t<\/div>\n\n\t\t\n\n\t\t<div class=\"section-content relative\">\n\t\t\t\r\n\r\n<div class=\"row align-center\"  id=\"row-1816354584\">\r\n\r\n\n\t<div id=\"col-885569342\" class=\"col medium-10 small-12 large-10\"  >\n\t\t\t\t<div class=\"col-inner text-center\"  >\n\t\t\t\n\t\t\t\r\n\r\n<h2>%100 Orijinal \u00dcr\u00fcn. S\u0131n\u0131rs\u0131z Kullan\u0131m. D\u00fczenli G\u00fcncelleme.<\/h2>\r\n<h3>3600+ Premium WordPress Temas\u0131 ve Eklentisi Tek Abonelikte<\/h3>\r\n\r\n\t\t<\/div>\n\t\t\t\t\t<\/div>\n\n\t\r\n\r\n<\/div>\r\n\r\n\t\t<\/div>\n\n\t\t\n<style>\n#section_590856876 {\n  padding-top: 30px;\n  padding-bottom: 30px;\n  background-color: rgb(236, 240, 241);\n}\n<\/style>\n\t<\/section>\n\t\r\n\n\t<section class=\"section\" id=\"section_1074650465\">\n\t\t<div class=\"section-bg fill\" >\n\t\t\t\t\t\t\t\t\t\n\t\t\t\n\n\t\t<\/div>\n\n\t\t\n\n\t\t<div class=\"section-content relative\">\n\t\t\t\r\n\r\n<div class=\"row align-center\"  id=\"row-224092722\">\r\n\r\n\n\t<div id=\"col-21600543\" class=\"col medium-6 small-12 large-6\"  >\n\t\t\t\t<div class=\"col-inner text-center\"  >\n\t\t\t\n\t\t\t\r\n\r\n<div class=\"pricing-table-wrapper\">\n  <div class=\"pricing-table ux_price_table text-center box-shadow-3-hover\"style=\"background-color:rgb(250, 250, 250);\">\n    <div class=\"pricing-table-header\">\n      <div class=\"title uppercase strong\">Ayl\u0131k<\/div>\n      <div class=\"price is-xxlarge\">$12<\/div>\n          <\/div>\n    <div class=\"pricing-table-items items\">\n      \r\n\r\n<div class=\"bullet-item\" title=\"\"><span class=\"text\">3600+ Premium Tema ve Eklenti<\/span><\/div>\r\n\r\n<div class=\"bullet-item\" title=\"\"><span class=\"text\">S\u0131n\u0131rs\u0131z Kullan\u0131m<\/span><\/div>\r\n\r\n<div class=\"bullet-item\" title=\"\"><span class=\"text\">H\u0131zl\u0131 \u0130ndirme<\/span><\/div>\r\n\r\n<div class=\"bullet-item\" title=\"\"><span class=\"text\">D\u00fczenli G\u00fcncelleme<\/span><\/div>\r\n\r\n<div class=\"bullet-item\" title=\"\"><span class=\"text\">T\u00fcm Yeni Payla\u015f\u0131mlara Eri\u015fim<\/span><\/div>\r\n\r\n<div class=\"bullet-item\" title=\"\"><span class=\"text\">Tamamen GPL Lisansl\u0131<\/span><\/div>\r\n\r\n<div class=\"bullet-item\" title=\"\"><span class=\"text\">Diledi\u011finde \u0130ptal. Sorgusuz, Sualsiz.<\/span><\/div>\r\n\r\n\r\n    <\/div>\n      <\/div>\n<\/div>\n\n\r\n\t<div id=\"gap-2083908882\" class=\"gap-element clearfix\" style=\"display:block; height:auto;\">\n\t\t\n<style>\n#gap-2083908882 {\n  padding-top: 15px;\n}\n<\/style>\n\t<\/div>\n\t\r\n\r\n<a href=\"\/tr\/?add-to-cart=13\" class=\"button primary\" >\n\t<i class=\"icon-plus\" aria-hidden=\"true\"><\/i>\t<span>Abone Ol<\/span>\n\t<\/a>\n\r\n\r\n\r\n\t\t<\/div>\n\t\t\t\t\t<\/div>\n\n\t\r\n\n\t<div id=\"col-820647220\" class=\"col medium-6 small-12 large-6\"  >\n\t\t\t\t<div class=\"col-inner text-center\"  >\n\t\t\t\n\t\t\t\r\n\r\n<div class=\"pricing-table-wrapper\">\n  <div class=\"pricing-table ux_price_table text-center box-shadow-3-hover featured-table\">\n    <div class=\"pricing-table-header\">\n      <div class=\"title uppercase strong\">Y\u0131ll\u0131k<\/div>\n      <div class=\"price is-xxlarge\">$79<\/div>\n          <\/div>\n    <div class=\"pricing-table-items items\">\n      \r\n\r\n<div class=\"bullet-item\" title=\"\"><span class=\"text\"><strong>Ayl\u0131k $6.58<\/strong><\/span><\/div>\r\n\r\n<div class=\"bullet-item\" title=\"\"><span class=\"text\">3600+ Premium Tema ve Eklenti<\/span><\/div>\r\n\r\n<div class=\"bullet-item\" title=\"\"><span class=\"text\">S\u0131n\u0131rs\u0131z Kullan\u0131m<\/span><\/div>\r\n\r\n<div class=\"bullet-item\" title=\"\"><span class=\"text\">H\u0131zl\u0131 \u0130ndirme<\/span><\/div>\r\n\r\n<div class=\"bullet-item\" title=\"\"><span class=\"text\">D\u00fczenli G\u00fcncelleme<\/span><\/div>\r\n\r\n<div class=\"bullet-item\" title=\"\"><span class=\"text\">T\u00fcm Yeni Payla\u015f\u0131mlara Eri\u015fim<\/span><\/div>\r\n\r\n<div class=\"bullet-item\" title=\"\"><span class=\"text\">Tamamen GPL Lisansl\u0131<\/span><\/div>\r\n\r\n<div class=\"bullet-item\" title=\"\"><span class=\"text\">Diledi\u011finde \u0130ptal. Sorgusuz, Sualsiz.<\/span><\/div>\r\n\r\n\r\n    <\/div>\n      <\/div>\n<\/div>\n\n\r\n\t<div id=\"gap-192860627\" class=\"gap-element clearfix\" style=\"display:block; height:auto;\">\n\t\t\n<style>\n#gap-192860627 {\n  padding-top: 15px;\n}\n<\/style>\n\t<\/div>\n\t\r\n\r\n<a href=\"\/tr\/?add-to-cart=15\" class=\"button primary\" >\n\t<i class=\"icon-plus\" aria-hidden=\"true\"><\/i>\t<span>Abone Ol<\/span>\n\t<\/a>\n\r\n\r\n\r\n\t\t<\/div>\n\t\t\t\t\t<\/div>\n\n\t\r\n\r\n<\/div>\r\n<div class=\"row align-center\"  id=\"row-1206268469\">\r\n\r\n\n\t<div id=\"col-1266129748\" class=\"col small-12 large-12\"  >\n\t\t\t\t<div class=\"col-inner text-center\"  >\n\t\t\t\n\t\t\t\r\n\r\n<p>* Fiyatlara KDV dahildir ve herhangi bir ek \u00fccret s\u00f6z konusu de\u011fildir.<br \/>\r\n** T\u00fcm sat\u0131n al\u0131mlarda kullan\u0131m ko\u015fullar\u0131m\u0131z ge\u00e7erlidir.<\/p>\r\n\r\n\t\t<\/div>\n\t\t\t\t\t<\/div>\n\n\t\r\n\r\n<\/div>\r\n\r\n\t\t<\/div>\n\n\t\t\n<style>\n#section_1074650465 {\n  padding-top: 60px;\n  padding-bottom: 60px;\n}\n<\/style>\n\t<\/section>\n\t\r\n\n\t<section class=\"section\" id=\"section_960611019\">\n\t\t<div class=\"section-bg fill\" >\n\t\t\t\t\t\t\t\t\t\n\t\t\t\n\n\t\t<\/div>\n\n\t\t\n\n\t\t<div class=\"section-content relative\">\n\t\t\t\r\n\r\n<div class=\"row\"  id=\"row-275682151\">\r\n\r\n\n\t<div id=\"col-1782408036\" class=\"col small-12 large-12\"  >\n\t\t\t\t<div class=\"col-inner\"  >\n\t\t\t\n\t\t\t\r\n\r\n<h2 style=\"text-align: center;\">S\u0131k\u00e7a Sorulan Sorular<\/h2>\r\n<div class=\"accordion\">\r\n\r\n\t<div id=\"accordion-672358810\" class=\"accordion-item\">\n\t\t<a id=\"accordion-672358810-label\" class=\"accordion-title plain active\" href=\"#accordion-item-eklenti-veya-temalar\u0131-ka\u00e7-sitede-kullanabilirim?\" aria-expanded=\"true\" aria-controls=\"accordion-672358810-content\">\n\t\t\t<button class=\"toggle\" aria-label=\"Toggle\"><i class=\"icon-angle-down\" aria-hidden=\"true\"><\/i><\/button>\n\t\t\t<span>Eklenti veya temalar\u0131 ka\u00e7 sitede kullanabilirim?<\/span>\n\t\t<\/a>\n\t\t<div id=\"accordion-672358810-content\" class=\"accordion-inner\" style=\"display: block;\" aria-labelledby=\"accordion-672358810-label\">\n\t\t\t\r\n\r\n<p>Ne kadar isterseniz, o kadar. Eklentiler ve temalar GPL lisans\u0131na sahiptir, b\u00f6ylece istedi\u011finiz kadar sitede ve istedi\u011finiz s\u0131kl\u0131kta kullanabilirsiniz.<\/p>\r\n\r\n\t\t<\/div>\n\t<\/div>\n\t\r\n\t<div id=\"accordion-4217630591\" class=\"accordion-item\">\n\t\t<a id=\"accordion-4217630591-label\" class=\"accordion-title plain\" href=\"#accordion-item-\u00dcr\u00fcn-g\u00fcncellemelerini-sa\u011fl\u0131yor-musunuz?\" aria-expanded=\"false\" aria-controls=\"accordion-4217630591-content\">\n\t\t\t<button class=\"toggle\" aria-label=\"Toggle\"><i class=\"icon-angle-down\" aria-hidden=\"true\"><\/i><\/button>\n\t\t\t<span>\u00dcr\u00fcn g\u00fcncellemelerini sa\u011fl\u0131yor musunuz?<\/span>\n\t\t<\/a>\n\t\t<div id=\"accordion-4217630591-content\" class=\"accordion-inner\" aria-labelledby=\"accordion-4217630591-label\">\n\t\t\t\r\n\r\n<p>Evet. Bir g\u00fcncelleme bilgisine ula\u015ft\u0131\u011f\u0131m\u0131zda, \u00fcr\u00fcn\u00fc indirip sitemizde g\u00fcncelliyoruz. T\u00fcm de\u011fi\u015fiklikleri <a href=\"\/tr\/degisiklik-gunlugu\/\">de\u011fi\u015fiklik g\u00fcnl\u00fc\u011f\u00fc<\/a> sayfas\u0131na ekliyor ve bilginiz olmas\u0131 i\u00e7in sitemizin en \u00fcst k\u0131sm\u0131nda payla\u015f\u0131yoruz.<\/p>\r\n\r\n\t\t<\/div>\n\t<\/div>\n\t\r\n\t<div id=\"accordion-2191818692\" class=\"accordion-item\">\n\t\t<a id=\"accordion-2191818692-label\" class=\"accordion-title plain\" href=\"#accordion-item-yeni-eklenen-eklenti-ve-temalara-eri\u015febilir-miyim?\" aria-expanded=\"false\" aria-controls=\"accordion-2191818692-content\">\n\t\t\t<button class=\"toggle\" aria-label=\"Toggle\"><i class=\"icon-angle-down\" aria-hidden=\"true\"><\/i><\/button>\n\t\t\t<span>Yeni eklenen eklenti ve temalara eri\u015febilir miyim?<\/span>\n\t\t<\/a>\n\t\t<div id=\"accordion-2191818692-content\" class=\"accordion-inner\" aria-labelledby=\"accordion-2191818692-label\">\n\t\t\t\r\n\r\n<p>Evet. Aktif bir aboneli\u011finiz oldu\u011fu s\u00fcrece, t\u00fcm yeni yay\u0131nlar\u0131m\u0131za eri\u015feceksiniz.<\/p>\r\n\r\n\t\t<\/div>\n\t<\/div>\n\t\r\n\t<div id=\"accordion-2491513457\" class=\"accordion-item\">\n\t\t<a id=\"accordion-2491513457-label\" class=\"accordion-title plain\" href=\"#accordion-item-bunlar-orijinal-\u00fcr\u00fcnler-mi?\" aria-expanded=\"false\" aria-controls=\"accordion-2491513457-content\">\n\t\t\t<button class=\"toggle\" aria-label=\"Toggle\"><i class=\"icon-angle-down\" aria-hidden=\"true\"><\/i><\/button>\n\t\t\t<span>Bunlar orijinal \u00fcr\u00fcnler mi?<\/span>\n\t\t<\/a>\n\t\t<div id=\"accordion-2491513457-content\" class=\"accordion-inner\" aria-labelledby=\"accordion-2491513457-label\">\n\t\t\t\r\n\r\n<p>Evet, kesinlikle. Web sitemizde yer alan \u00fcr\u00fcnlere eri\u015febilmek i\u00e7in aktif aboneliklerimiz bulunmaktad\u0131r. Onlardan indirip size da\u011f\u0131t\u0131yoruz. \u0130ndirdi\u011fimiz dosyalar herhangi bir \u015fekilde de\u011fi\u015ftirilmez, k\u00f6t\u00fc ama\u00e7l\u0131 yaz\u0131l\u0131m i\u00e7ermez.<\/p>\r\n\r\n\t\t<\/div>\n\t<\/div>\n\t\r\n\t<div id=\"accordion-1086548552\" class=\"accordion-item\">\n\t\t<a id=\"accordion-1086548552-label\" class=\"accordion-title plain\" href=\"#accordion-item-ka\u00e7-\u00fcr\u00fcn-indirebilirim?\" aria-expanded=\"false\" aria-controls=\"accordion-1086548552-content\">\n\t\t\t<button class=\"toggle\" aria-label=\"Toggle\"><i class=\"icon-angle-down\" aria-hidden=\"true\"><\/i><\/button>\n\t\t\t<span>Ka\u00e7 \u00fcr\u00fcn indirebilirim?<\/span>\n\t\t<\/a>\n\t\t<div id=\"accordion-1086548552-content\" class=\"accordion-inner\" aria-labelledby=\"accordion-1086548552-label\">\n\t\t\t\r\n\r\n<p>Adil kullan\u0131m politikam\u0131z gere\u011fi kullan\u0131c\u0131 ba\u015f\u0131na g\u00fcnl\u00fck indirme s\u0131n\u0131r\u0131n\u0131 20 olarak belirledik.<\/p>\r\n\r\n\t\t<\/div>\n\t<\/div>\n\t\r\n\t<div id=\"accordion-1493944673\" class=\"accordion-item\">\n\t\t<a id=\"accordion-1493944673-label\" class=\"accordion-title plain\" href=\"#accordion-item-\u0130stedi\u011fim-zaman-iptal-edebilir-miyim?\" aria-expanded=\"false\" aria-controls=\"accordion-1493944673-content\">\n\t\t\t<button class=\"toggle\" aria-label=\"Toggle\"><i class=\"icon-angle-down\" aria-hidden=\"true\"><\/i><\/button>\n\t\t\t<span>\u0130stedi\u011fim zaman iptal edebilir miyim?<\/span>\n\t\t<\/a>\n\t\t<div id=\"accordion-1493944673-content\" class=\"accordion-inner\" aria-labelledby=\"accordion-1493944673-label\">\n\t\t\t\r\n\r\n<p>Tabii ki. Sizi s\u0131n\u0131rlayan bir\u015fey bulunmuyor. <a href=\"\/tr\/hesabim\">Hesab\u0131m<\/a> sayfas\u0131na giri\u015f yap\u0131p abonelik ba\u011flant\u0131s\u0131n\u0131 t\u0131klayarak aboneli\u011finizi iptal edebilirsiniz. Herhangi bir teknik sorununuz olursa o zaman bize bildirin, aboneli\u011finizi sorgusuz sualsiz iptal etmekten mutluluk duyar\u0131z.<\/p>\r\n\r\n\t\t<\/div>\n\t<\/div>\n\t\r\n\r\n<\/div>\r\n<h4 style=\"text-align: center;\">Daha fazla soru i\u00e7in l\u00fctfen <a href=\"\/tr\/sss\/\">SSS sayfam\u0131za<\/a> g\u00f6z at\u0131n\u0131z<\/h4>\r\n\r\n\t\t<\/div>\n\t\t\t\t\t<\/div>\n\n\t\r\n\r\n<\/div>\r\n\r\n\t\t<\/div>\n\n\t\t\n<style>\n#section_960611019 {\n  padding-top: 0px;\n  padding-bottom: 0px;\n  background-color: rgb(250, 250, 250);\n}\n<\/style>\n\t<\/section>\n\t","protected":false},"excerpt":{"rendered":"","protected":false},"author":1,"featured_media":0,"parent":0,"menu_order":0,"comment_status":"closed","ping_status":"closed","template":"page-blank.php","meta":{"footnotes":""},"class_list":["post-77","page","type-page","status-publish","hentry"],"_links":{"self":[{"href":"https:\/\/wpdepo.com\/tr\/wp-json\/wp\/v2\/pages\/77","targetHints":{"allow":["GET"]}}],"collection":[{"href":"https:\/\/wpdepo.com\/tr\/wp-json\/wp\/v2\/pages"}],"about":[{"href":"https:\/\/wpdepo.com\/tr\/wp-json\/wp\/v2\/types\/page"}],"author":[{"embeddable":true,"href":"https:\/\/wpdepo.com\/tr\/wp-json\/wp\/v2\/users\/1"}],"replies":[{"embeddable":true,"href":"https:\/\/wpdepo.com\/tr\/wp-json\/wp\/v2\/comments?post=77"}],"version-history":[{"count":0,"href":"https:\/\/wpdepo.com\/tr\/wp-json\/wp\/v2\/pages\/77\/revisions"}],"wp:attachment":[{"href":"https:\/\/wpdepo.com\/tr\/wp-json\/wp\/v2\/media?parent=77"}],"curies":[{"name":"wp","href":"https:\/\/api.w.org\/{rel}","templated":true}]}}