{"id":7663,"date":"2018-04-01T21:57:20","date_gmt":"2018-04-01T18:57:20","guid":{"rendered":"https:\/\/wpdepo.com\/?page_id=7663"},"modified":"2018-09-03T20:46:56","modified_gmt":"2018-09-03T17:46:56","slug":"soliloquy-eklentileri","status":"publish","type":"page","link":"https:\/\/wpdepo.com\/tr\/soliloquy-eklentileri\/","title":{"rendered":"Soliloquy Eklentileri"},"content":{"rendered":"\n\t<section class=\"section\" id=\"section_1894196694\">\n\t\t<div class=\"section-bg fill\" >\n\t\t\t\t\t\t\t\t\t\n\t\t\t\n\n\t\t<\/div>\n\n\t\t\n\n\t\t<div class=\"section-content relative\">\n\t\t\t\r\n\r\n<div class=\"row\"  id=\"row-1374865248\">\r\n\r\n\n\t<div id=\"col-1949483880\" class=\"col small-12 large-12\"  >\n\t\t\t\t<div class=\"col-inner text-left\"  >\n\t\t\t\n\t\t\t\r\n\r\n<h2 style=\"text-align: center;\">Soliloquy<\/h2>\r\n<p>Soliloquy, dakikalar i\u00e7erisinde h\u0131zl\u0131, mobil uyumlu ve SEO dostu sliderlar olu\u015fturman\u0131za olanak veren bir WordPress slider eklentisidir.<\/p>\r\n<p>Soliloquy slider eklentisi ve Custom CSS bile\u015fenini bu sayfadan indirebilirsiniz.<\/p>\r\n\r\n\t\t<\/div>\n\t\t\t\t\t<\/div>\n\n\t\r\n\r\n<\/div>\r\n\r\n\t\t<\/div>\n\n\t\t\n<style>\n#section_1894196694 {\n  padding-top: 0px;\n  padding-bottom: 0px;\n  background-color: rgb(245, 245, 245);\n}\n<\/style>\n\t<\/section>\n\t\r\n\n\t<section class=\"section\" id=\"section_1315330067\">\n\t\t<div class=\"section-bg fill\" >\n\t\t\t\t\t\t\t\t\t\n\t\t\t\n\n\t\t<\/div>\n\n\t\t\n\n\t\t<div class=\"section-content relative\">\n\t\t\t\r\n\r\n<div class=\"row\"  id=\"row-369879737\">\r\n\r\n\n\t<div id=\"col-1207009710\" class=\"col small-12 large-12\"  >\n\t\t\t\t<div class=\"col-inner text-left\"  >\n\t\t\t\n\t\t\t\r\n\r\n\n<table id=\"tablepress-64\" class=\"tablepress tablepress-id-64\">\n<thead>\n<tr class=\"row-1 odd\">\n\t<th class=\"column-1\">Eklenti Ad\u0131<\/th><th class=\"column-2\">Versiyon<\/th><th class=\"column-3\">\u0130ndir<\/th><th class=\"column-4\">G\u00fcncelleme<\/th><th class=\"column-5\">Bilgi<\/th>\n<\/tr>\n<\/thead>\n<tbody class=\"row-hover\">\n<tr class=\"row-2 even\">\n\t<td class=\"column-1\">Soliloquy Responsive WordPress Slider Plugin<\/td><td class=\"column-2\">2.7.2<\/td><td class=\"column-3\"><a class=\"download-link\" title=\"\u0130ndir &ldquo;Soliloquy Responsive WordPress Slider Plugin&rdquo;&nbsp;Versiyon 2.7.2\" href=\"https:\/\/wpdepo.com\/tr\/\/download\/7650\/\" rel=\"nofollow\">\n\t\u0130ndir<\/a><\/td><td class=\"column-4\">15 Kas\u0131m 2025<\/td><td class=\"column-5\"><a href=\"https:\/\/soliloquywp.com\/\" target=\"_blank\" rel=\"noopener\">Eklenti Sayfas\u0131<\/a><\/td>\n<\/tr>\n<tr class=\"row-3 odd\">\n\t<td class=\"column-1\">Soliloquy - Carousel Addon<\/td><td class=\"column-2\">2.2.2<\/td><td class=\"column-3\"><a class=\"download-link\" title=\"\u0130ndir &ldquo;Soliloquy - Carousel Addon&rdquo;&nbsp;Versiyon 2.2.2\" href=\"https:\/\/wpdepo.com\/tr\/\/download\/17861\/\" rel=\"nofollow\">\n\t\u0130ndir<\/a><\/td><td class=\"column-4\">12 Aral\u0131k 2018<\/td><td class=\"column-5\"><a href=\"https:\/\/soliloquywp.com\/addons\/carousel\/\" target=\"_blank\" rel=\"noopener\">Eklenti Sayfas\u0131<\/a><\/td>\n<\/tr>\n<tr class=\"row-4 even\">\n\t<td class=\"column-1\">Soliloquy - CSS Addon<\/td><td class=\"column-2\">2.2.1<\/td><td class=\"column-3\"><a class=\"download-link\" title=\"\u0130ndir &ldquo;Soliloquy - CSS Addon&rdquo;&nbsp;Versiyon 2.2.1\" href=\"https:\/\/wpdepo.com\/tr\/\/download\/7652\/\" rel=\"nofollow\">\n\t\u0130ndir<\/a><\/td><td class=\"column-4\">1 Eyl\u00fcl 2016<\/td><td class=\"column-5\"><a href=\"https:\/\/soliloquywp.com\/addons\/css\/\" target=\"_blank\" rel=\"noopener\">Eklenti Sayfas\u0131<\/a><\/td>\n<\/tr>\n<tr class=\"row-5 odd\">\n\t<td class=\"column-1\">Soliloquy - Defaults Addon<\/td><td class=\"column-2\">2.2.0<\/td><td class=\"column-3\"><a class=\"download-link\" title=\"\u0130ndir &ldquo;Soliloquy - Defaults Addon&rdquo;&nbsp;Versiyon 2.2.0\" href=\"https:\/\/wpdepo.com\/tr\/\/download\/17863\/\" rel=\"nofollow\">\n\t\u0130ndir<\/a><\/td><td class=\"column-4\">12 Aral\u0131k 2018<\/td><td class=\"column-5\"><a href=\"https:\/\/soliloquywp.com\/addons\/defaults-addon\/\" target=\"_blank\" rel=\"noopener\">Eklenti Sayfas\u0131<\/a><\/td>\n<\/tr>\n<tr class=\"row-6 even\">\n\t<td class=\"column-1\">Soliloquy - Dynamic Addon<\/td><td class=\"column-2\">2.3.4<\/td><td class=\"column-3\"><a class=\"download-link\" title=\"\u0130ndir &ldquo;Soliloquy - Dynamic Addon&rdquo;&nbsp;Versiyon 2.3.4\" href=\"https:\/\/wpdepo.com\/tr\/\/download\/17865\/\" rel=\"nofollow\">\n\t\u0130ndir<\/a><\/td><td class=\"column-4\">15 Nisan 2022<\/td><td class=\"column-5\"><a href=\"https:\/\/soliloquywp.com\/addons\/dynamic\/\" target=\"_blank\" rel=\"noopener\">Eklenti Sayfas\u0131<\/a><\/td>\n<\/tr>\n<tr class=\"row-7 odd\">\n\t<td class=\"column-1\">Soliloquy - Featured Content Addon<\/td><td class=\"column-2\">2.4.7<\/td><td class=\"column-3\"><a class=\"download-link\" title=\"\u0130ndir &ldquo;Soliloquy - Featured Content Addon&rdquo;&nbsp;Versiyon 2.4.7\" href=\"https:\/\/wpdepo.com\/tr\/\/download\/17867\/\" rel=\"nofollow\">\n\t\u0130ndir<\/a><\/td><td class=\"column-4\">13 May\u0131s 2024<\/td><td class=\"column-5\"><a href=\"https:\/\/soliloquywp.com\/addons\/featured-content\/\" target=\"_blank\" rel=\"noopener\">Eklenti Sayfas\u0131<\/a><\/td>\n<\/tr>\n<tr class=\"row-8 even\">\n\t<td class=\"column-1\">Soliloquy - Instagram Addon<\/td><td class=\"column-2\">2.3.5<\/td><td class=\"column-3\"><a class=\"download-link\" title=\"\u0130ndir &ldquo;Soliloquy - Instagram Addon&rdquo;&nbsp;Versiyon 2.3.5\" href=\"https:\/\/wpdepo.com\/tr\/\/download\/17869\/\" rel=\"nofollow\">\n\t\u0130ndir<\/a><\/td><td class=\"column-4\">7 A\u011fustos 2020<\/td><td class=\"column-5\"><a href=\"https:\/\/soliloquywp.com\/addons\/instagram\/\" target=\"_blank\" rel=\"noopener\">Eklenti Sayfas\u0131<\/a><\/td>\n<\/tr>\n<tr class=\"row-9 odd\">\n\t<td class=\"column-1\">Soliloquy - Lightbox Addon<\/td><td class=\"column-2\">2.3.6<\/td><td class=\"column-3\"><a class=\"download-link\" title=\"\u0130ndir &ldquo;Soliloquy - Lightbox Addon&rdquo;&nbsp;Versiyon 2.3.6\" href=\"https:\/\/wpdepo.com\/tr\/\/download\/17871\/\" rel=\"nofollow\">\n\t\u0130ndir<\/a><\/td><td class=\"column-4\">19 Nisan 2022<\/td><td class=\"column-5\"><a href=\"https:\/\/soliloquywp.com\/addons\/lightbox\/\" target=\"_blank\" rel=\"noopener\">Eklenti Sayfas\u0131<\/a><\/td>\n<\/tr>\n<tr class=\"row-10 even\">\n\t<td class=\"column-1\">Soliloquy - PDF Slider Addon<\/td><td class=\"column-2\">1.1.0<\/td><td class=\"column-3\"><a class=\"download-link\" title=\"\u0130ndir &ldquo;Soliloquy - PDF Slider Addon&rdquo;&nbsp;Versiyon 1.1.0\" href=\"https:\/\/wpdepo.com\/tr\/\/download\/17873\/\" rel=\"nofollow\">\n\t\u0130ndir<\/a><\/td><td class=\"column-4\">1 Temmuz 2025<\/td><td class=\"column-5\"><a href=\"https:\/\/soliloquywp.com\/addons\/pdf\/\" target=\"_blank\" rel=\"noopener\">Eklenti Sayfas\u0131<\/a><\/td>\n<\/tr>\n<tr class=\"row-11 odd\">\n\t<td class=\"column-1\">Soliloquy - Pinterest Addon<\/td><td class=\"column-2\">2.2.0<\/td><td class=\"column-3\"><a class=\"download-link\" title=\"\u0130ndir &ldquo;Soliloquy - Pinterest Addon&rdquo;&nbsp;Versiyon 2.2.0\" href=\"https:\/\/wpdepo.com\/tr\/\/download\/17875\/\" rel=\"nofollow\">\n\t\u0130ndir<\/a><\/td><td class=\"column-4\">28 May\u0131s 2016<\/td><td class=\"column-5\"><a href=\"https:\/\/soliloquywp.com\/addons\/pinterest\/\" target=\"_blank\" rel=\"noopener\">Eklenti Sayfas\u0131<\/a><\/td>\n<\/tr>\n<tr class=\"row-12 even\">\n\t<td class=\"column-1\">Soliloquy - Protection Addon<\/td><td class=\"column-2\">1.1.1<\/td><td class=\"column-3\"><a class=\"download-link\" title=\"\u0130ndir &ldquo;Soliloquy - Protection Addon&rdquo;&nbsp;Versiyon 1.1.1\" href=\"https:\/\/wpdepo.com\/tr\/\/download\/17877\/\" rel=\"nofollow\">\n\t\u0130ndir<\/a><\/td><td class=\"column-4\">12 Aral\u0131k 2018<\/td><td class=\"column-5\"><a href=\"https:\/\/soliloquywp.com\/addons\/protection-addon\/\" target=\"_blank\" rel=\"noopener\">Eklenti Sayfas\u0131<\/a><\/td>\n<\/tr>\n<tr class=\"row-13 odd\">\n\t<td class=\"column-1\">Soliloquy - Schedule Addon<\/td><td class=\"column-2\">2.4.0<\/td><td class=\"column-3\"><a class=\"download-link\" title=\"\u0130ndir &ldquo;Soliloquy - Schedule Addon&rdquo;&nbsp;Versiyon 2.4.0\" href=\"https:\/\/wpdepo.com\/tr\/\/download\/17879\/\" rel=\"nofollow\">\n\t\u0130ndir<\/a><\/td><td class=\"column-4\">25 Haziran 2025<\/td><td class=\"column-5\"><a href=\"https:\/\/soliloquywp.com\/addons\/schedule\/\" target=\"_blank\" rel=\"noopener\">Eklenti Sayfas\u0131<\/a><\/td>\n<\/tr>\n<tr class=\"row-14 even\">\n\t<td class=\"column-1\">Soliloquy - Slider Themes Addon<\/td><td class=\"column-2\">2.2.2<\/td><td class=\"column-3\"><a class=\"download-link\" title=\"\u0130ndir &ldquo;Soliloquy - Slider Themes Addon&rdquo;&nbsp;Versiyon 2.2.2\" href=\"https:\/\/wpdepo.com\/tr\/\/download\/17881\/\" rel=\"nofollow\">\n\t\u0130ndir<\/a><\/td><td class=\"column-4\">15 Nisan 2022<\/td><td class=\"column-5\"><a href=\"https:\/\/soliloquywp.com\/addons\/themes\/\" target=\"_blank\" rel=\"noopener\">Eklenti Sayfas\u0131<\/a><\/td>\n<\/tr>\n<tr class=\"row-15 odd\">\n\t<td class=\"column-1\">Soliloquy - Thumbnails Addon<\/td><td class=\"column-2\">2.3.6<\/td><td class=\"column-3\"><a class=\"download-link\" title=\"\u0130ndir &ldquo;Soliloquy - Thumbnails Addon&rdquo;&nbsp;Versiyon 2.3.6\" href=\"https:\/\/wpdepo.com\/tr\/\/download\/17883\/\" rel=\"nofollow\">\n\t\u0130ndir<\/a><\/td><td class=\"column-4\">15 Nisan 2022<\/td><td class=\"column-5\"><a href=\"https:\/\/soliloquywp.com\/addons\/thumbnails\/\" target=\"_blank\" rel=\"noopener\">Eklenti Sayfas\u0131<\/a><\/td>\n<\/tr>\n<tr class=\"row-16 even\">\n\t<td class=\"column-1\">Soliloquy - WooCommerce Addon<\/td><td class=\"column-2\">1.2.0<\/td><td class=\"column-3\"><a class=\"download-link\" title=\"\u0130ndir &ldquo;Soliloquy - WooCommerce Addon&rdquo;&nbsp;Versiyon 1.2.0\" href=\"https:\/\/wpdepo.com\/tr\/\/download\/17885\/\" rel=\"nofollow\">\n\t\u0130ndir<\/a><\/td><td class=\"column-4\">25 Haziran 2025<\/td><td class=\"column-5\"><a href=\"https:\/\/soliloquywp.com\/addons\/woocommerce-addon\/\" target=\"_blank\" rel=\"noopener\">Eklenti Sayfas\u0131<\/a><\/td>\n<\/tr>\n<\/tbody>\n<\/table>\n\r\n\r\n\t\t<\/div>\n\t\t\t\t\t<\/div>\n\n\t\r\n\r\n<\/div>\r\n\r\n\t\t<\/div>\n\n\t\t\n<style>\n#section_1315330067 {\n  padding-top: 30px;\n  padding-bottom: 30px;\n}\n<\/style>\n\t<\/section>\n\t","protected":false},"excerpt":{"rendered":"","protected":false},"author":1,"featured_media":0,"parent":0,"menu_order":0,"comment_status":"closed","ping_status":"closed","template":"page-blank.php","meta":{"footnotes":""},"class_list":["post-7663","page","type-page","status-publish","hentry"],"_links":{"self":[{"href":"https:\/\/wpdepo.com\/tr\/wp-json\/wp\/v2\/pages\/7663","targetHints":{"allow":["GET"]}}],"collection":[{"href":"https:\/\/wpdepo.com\/tr\/wp-json\/wp\/v2\/pages"}],"about":[{"href":"https:\/\/wpdepo.com\/tr\/wp-json\/wp\/v2\/types\/page"}],"author":[{"embeddable":true,"href":"https:\/\/wpdepo.com\/tr\/wp-json\/wp\/v2\/users\/1"}],"replies":[{"embeddable":true,"href":"https:\/\/wpdepo.com\/tr\/wp-json\/wp\/v2\/comments?post=7663"}],"version-history":[{"count":0,"href":"https:\/\/wpdepo.com\/tr\/wp-json\/wp\/v2\/pages\/7663\/revisions"}],"wp:attachment":[{"href":"https:\/\/wpdepo.com\/tr\/wp-json\/wp\/v2\/media?parent=7663"}],"curies":[{"name":"wp","href":"https:\/\/api.w.org\/{rel}","templated":true}]}}