{"id":72501,"date":"2023-03-13T12:58:57","date_gmt":"2023-03-13T12:58:57","guid":{"rendered":"https:\/\/wpdepo.com\/?page_id=72501"},"modified":"2023-03-13T12:58:57","modified_gmt":"2023-03-13T12:58:57","slug":"bricks-builder-ve-eklentileri","status":"publish","type":"page","link":"https:\/\/wpdepo.com\/tr\/bricks-builder-ve-eklentileri\/","title":{"rendered":"Bricks Builder ve Eklentileri"},"content":{"rendered":"\n\t<section class=\"section\" id=\"section_673164313\">\n\t\t<div class=\"section-bg fill\" >\n\t\t\t\t\t\t\t\t\t\n\t\t\t\n\n\t\t<\/div>\n\n\t\t\n\n\t\t<div class=\"section-content relative\">\n\t\t\t\r\n\r\n<div class=\"row\"  id=\"row-372954389\">\r\n\r\n\n\t<div id=\"col-2123315600\" class=\"col small-12 large-12\"  >\n\t\t\t\t<div class=\"col-inner text-left\"  >\n\t\t\t\n\t\t\t\r\n\r\n<h2 style=\"text-align: center;\">Bricks Builder<\/h2>\r\n<p>Bricks, h\u0131zl\u0131 bir \u015fekilde WordPress siteleri olu\u015fturman\u0131za yard\u0131mc\u0131 olan bir WordPress temas\u0131d\u0131r. Bricks, Vue.js \u00e7er\u00e7evesinde \u00e7al\u0131\u015fmaktad\u0131r. Kodlama bilgisine ihtiya\u00e7 duymadan t\u00fcm sitenizi g\u00f6rsel olarak tasarlayabilirsiniz. Nas\u0131l kod yaz\u0131laca\u011f\u0131n\u0131 biliyorsan\u0131z, daha fazlas\u0131n\u0131 yapabilir ve kendi \u00f6\u011felerinizi de olu\u015fturabilirsiniz.<\/p>\r\n<p>Bricks Builder eklentisi hakk\u0131nda daha fazla bilgiye geli\u015ftiricinin internet sitesinden eri\u015febilirsiniz. Bricks web site olu\u015fturma arac\u0131 ile birlikte Bricks i\u00e7in geli\u015ftirilmi\u015f eklentileri bu sayfam\u0131zdan indirebilirsiniz.<\/p>\r\n\r\n\t\t<\/div>\n\t\t\t\t\t<\/div>\n\n\t\r\n\r\n<\/div>\r\n\r\n\t\t<\/div>\n\n\t\t\n<style>\n#section_673164313 {\n  padding-top: 0px;\n  padding-bottom: 0px;\n  background-color: rgb(245, 245, 245);\n}\n<\/style>\n\t<\/section>\n\t\r\n\n\t<section class=\"section\" id=\"section_2125154822\">\n\t\t<div class=\"section-bg fill\" >\n\t\t\t\t\t\t\t\t\t\n\t\t\t\n\n\t\t<\/div>\n\n\t\t\n\n\t\t<div class=\"section-content relative\">\n\t\t\t\r\n\r\n<div class=\"row\"  id=\"row-635681693\">\r\n\r\n\n\t<div id=\"col-873281839\" class=\"col small-12 large-12\"  >\n\t\t\t\t<div class=\"col-inner text-left\"  >\n\t\t\t\n\t\t\t\r\n\r\n\n<table id=\"tablepress-96\" class=\"tablepress tablepress-id-96\">\n<thead>\n<tr class=\"row-1 odd\">\n\t<th class=\"column-1\">Eklenti Ad\u0131<\/th><th class=\"column-2\">Versiyon<\/th><th class=\"column-3\">\u0130ndir<\/th><th class=\"column-4\">G\u00fcncelleme<\/th><th class=\"column-5\">Bilgi<\/th>\n<\/tr>\n<\/thead>\n<tbody class=\"row-hover\">\n<tr class=\"row-2 even\">\n\t<td class=\"column-1\">Advanced Themer for Bricks<\/td><td class=\"column-2\">3.3.14<\/td><td class=\"column-3\"><a class=\"download-link\" title=\"\u0130ndir &ldquo;Advanced Themer for Bricks&rdquo;&nbsp;Versiyon 3.3.14\" href=\"https:\/\/wpdepo.com\/tr\/\/download\/80058\/\" rel=\"nofollow\">\n\t\u0130ndir<\/a><\/td><td class=\"column-4\">31 Mart 2026<\/td><td class=\"column-5\"><a href=\"https:\/\/advancedthemer.com\/\" target=\"_blank\" rel=\"noopener\">Tema Sayfas\u0131<\/a><\/td>\n<\/tr>\n<tr class=\"row-3 odd\">\n\t<td class=\"column-1\">Bricks Builder<\/td><td class=\"column-2\">2.3.2<\/td><td class=\"column-3\"><a class=\"download-link\" title=\"\u0130ndir &ldquo;Bricks Builder&rdquo;&nbsp;Versiyon 2.3.2\" href=\"https:\/\/wpdepo.com\/tr\/\/download\/72488\/\" rel=\"nofollow\">\n\t\u0130ndir<\/a><\/td><td class=\"column-4\">9 Nisan 2026<\/td><td class=\"column-5\"><a href=\"https:\/\/bricksbuilder.io\/\" target=\"_blank\" rel=\"noopener\">Tema Sayfas\u0131<\/a><\/td>\n<\/tr>\n<tr class=\"row-4 even\">\n\t<td class=\"column-1\">Brickscore (Next Bricks)<\/td><td class=\"column-2\">2.2.9<\/td><td class=\"column-3\"><a class=\"download-link\" title=\"\u0130ndir &ldquo;Brickscore (Next Bricks)&rdquo;&nbsp;Versiyon 2.2.9\" href=\"https:\/\/wpdepo.com\/tr\/\/download\/83672\/\" rel=\"nofollow\">\n\t\u0130ndir<\/a><\/td><td class=\"column-4\">31 Mart 2026<\/td><td class=\"column-5\"><a href=\"https:\/\/brickscore.io\/\" target=\"_blank\" rel=\"noopener\">Tema Sayfas\u0131<\/a><\/td>\n<\/tr>\n<tr class=\"row-5 odd\">\n\t<td class=\"column-1\">BricksExtras<\/td><td class=\"column-2\">1.6.9<\/td><td class=\"column-3\"><a class=\"download-link\" title=\"\u0130ndir &ldquo;BricksExtras&rdquo;&nbsp;Versiyon 1.6.9\" href=\"https:\/\/wpdepo.com\/tr\/\/download\/72490\/\" rel=\"nofollow\">\n\t\u0130ndir<\/a><\/td><td class=\"column-4\">31 Mart 2026<\/td><td class=\"column-5\"><a href=\"https:\/\/bricksextras.com\/\" target=\"_blank\" rel=\"noopener\">Eklenti Sayfas\u0131<\/a><\/td>\n<\/tr>\n<tr class=\"row-6 even\">\n\t<td class=\"column-1\">Bricksforge<\/td><td class=\"column-2\">3.1.8.5<\/td><td class=\"column-3\"><a class=\"download-link\" title=\"\u0130ndir &ldquo;Bricksforge&rdquo;&nbsp;Versiyon 3.1.8.5\" href=\"https:\/\/wpdepo.com\/tr\/\/download\/72492\/\" rel=\"nofollow\">\n\t\u0130ndir<\/a><\/td><td class=\"column-4\">7 Nisan 2026<\/td><td class=\"column-5\"><a href=\"https:\/\/bricksforge.io\/\" target=\"_blank\" rel=\"noopener\">Eklenti Sayfas\u0131<\/a><\/td>\n<\/tr>\n<tr class=\"row-7 odd\">\n\t<td class=\"column-1\">BricksUltimate<\/td><td class=\"column-2\">2.2.19<\/td><td class=\"column-3\"><a class=\"download-link\" title=\"\u0130ndir &ldquo;BricksUltimate&rdquo;&nbsp;Versiyon 2.2.19\" href=\"https:\/\/wpdepo.com\/tr\/\/download\/72494\/\" rel=\"nofollow\">\n\t\u0130ndir<\/a><\/td><td class=\"column-4\">13 \u015eubat 2026<\/td><td class=\"column-5\"><a href=\"https:\/\/www.bricksultimate.com\/\" target=\"_blank\" rel=\"noopener\">Eklenti Sayfas\u0131<\/a><\/td>\n<\/tr>\n<tr class=\"row-8 even\">\n\t<td class=\"column-1\">Core Framework - Bricks Builder Integration<\/td><td class=\"column-2\">1.7.0<\/td><td class=\"column-3\"><a class=\"download-link\" title=\"\u0130ndir &ldquo;Core Framework - Bricks Builder Integration&rdquo;&nbsp;Versiyon 1.7.0\" href=\"https:\/\/wpdepo.com\/tr\/\/download\/88615\/\" rel=\"nofollow\">\n\t\u0130ndir<\/a><\/td><td class=\"column-4\">17 \u015eubat 2025<\/td><td class=\"column-5\"><a href=\"https:\/\/coreframework.com\/marketplace\/bricks-builder-addon\" target=\"_blank\" rel=\"noopener\">Eklenti Sayfas\u0131<\/a><\/td>\n<\/tr>\n<tr class=\"row-9 odd\">\n\t<td class=\"column-1\">Dynamic.ooo - Dynamic Toolbox for Bricks<\/td><td class=\"column-2\">1.1.3<\/td><td class=\"column-3\"><a class=\"download-link\" title=\"\u0130ndir &ldquo;Dynamic.ooo - Dynamic Toolbox for Bricks&rdquo;&nbsp;Versiyon 1.1.3\" href=\"https:\/\/wpdepo.com\/tr\/\/download\/99129\/\" rel=\"nofollow\">\n\t\u0130ndir<\/a><\/td><td class=\"column-4\">15 Ocak 2026<\/td><td class=\"column-5\"><a href=\"https:\/\/www.dynamic.ooo\/dynamic-toolbox-for-bricks\/\" target=\"_blank\" rel=\"noopener\">Eklenti Sayfas\u0131<\/a><\/td>\n<\/tr>\n<tr class=\"row-10 even\">\n\t<td class=\"column-1\">GutenBricks<\/td><td class=\"column-2\">1.1.26.1<\/td><td class=\"column-3\"><a class=\"download-link\" title=\"\u0130ndir &ldquo;GutenBricks&rdquo;&nbsp;Versiyon 1.1.26.1\" href=\"https:\/\/wpdepo.com\/tr\/\/download\/96949\/\" rel=\"nofollow\">\n\t\u0130ndir<\/a><\/td><td class=\"column-4\">30 Eyl\u00fcl 2025<\/td><td class=\"column-5\"><a href=\"https:\/\/gutenbricks.com\/\" target=\"_blank\" rel=\"noopener\">Eklenti Sayfas\u0131<\/a><\/td>\n<\/tr>\n<tr class=\"row-11 odd\">\n\t<td class=\"column-1\">Max Addons Pro for Bricks<\/td><td class=\"column-2\">1.16.10<\/td><td class=\"column-3\"><a class=\"download-link\" title=\"\u0130ndir &ldquo;Max Addons Pro for Bricks&rdquo;&nbsp;Versiyon 1.16.10\" href=\"https:\/\/wpdepo.com\/tr\/\/download\/72497\/\" rel=\"nofollow\">\n\t\u0130ndir<\/a><\/td><td class=\"column-4\">2 Nisan 2026<\/td><td class=\"column-5\"><a href=\"https:\/\/wpbricksaddons.com\/\" target=\"_blank\" rel=\"noopener\">Eklenti Sayfas\u0131<\/a><\/td>\n<\/tr>\n<\/tbody>\n<\/table>\n\r\n\r\n\t\t<\/div>\n\t\t\t\t\t<\/div>\n\n\t\r\n\r\n<\/div>\r\n\r\n\t\t<\/div>\n\n\t\t\n<style>\n#section_2125154822 {\n  padding-top: 30px;\n  padding-bottom: 30px;\n}\n<\/style>\n\t<\/section>\n\t","protected":false},"excerpt":{"rendered":"","protected":false},"author":1,"featured_media":0,"parent":0,"menu_order":0,"comment_status":"closed","ping_status":"closed","template":"page-blank.php","meta":{"footnotes":""},"class_list":["post-72501","page","type-page","status-publish","hentry"],"_links":{"self":[{"href":"https:\/\/wpdepo.com\/tr\/wp-json\/wp\/v2\/pages\/72501","targetHints":{"allow":["GET"]}}],"collection":[{"href":"https:\/\/wpdepo.com\/tr\/wp-json\/wp\/v2\/pages"}],"about":[{"href":"https:\/\/wpdepo.com\/tr\/wp-json\/wp\/v2\/types\/page"}],"author":[{"embeddable":true,"href":"https:\/\/wpdepo.com\/tr\/wp-json\/wp\/v2\/users\/1"}],"replies":[{"embeddable":true,"href":"https:\/\/wpdepo.com\/tr\/wp-json\/wp\/v2\/comments?post=72501"}],"version-history":[{"count":0,"href":"https:\/\/wpdepo.com\/tr\/wp-json\/wp\/v2\/pages\/72501\/revisions"}],"wp:attachment":[{"href":"https:\/\/wpdepo.com\/tr\/wp-json\/wp\/v2\/media?parent=72501"}],"curies":[{"name":"wp","href":"https:\/\/api.w.org\/{rel}","templated":true}]}}