{"id":7248,"date":"2018-03-29T20:53:51","date_gmt":"2018-03-29T17:53:51","guid":{"rendered":"https:\/\/wpdepo.com\/?page_id=7248"},"modified":"2018-09-03T20:46:55","modified_gmt":"2018-09-03T17:46:55","slug":"page-builder-framework-premium","status":"publish","type":"page","link":"https:\/\/wpdepo.com\/tr\/page-builder-framework-premium\/","title":{"rendered":"Page Builder Framework Premium"},"content":{"rendered":"\n\t<section class=\"section\" id=\"section_915950379\">\n\t\t<div class=\"section-bg fill\" >\n\t\t\t\t\t\t\t\t\t\n\t\t\t\n\n\t\t<\/div>\n\n\t\t\n\n\t\t<div class=\"section-content relative\">\n\t\t\t\r\n\r\n<div class=\"row\"  id=\"row-1772300584\">\r\n\r\n\n\t<div id=\"col-797868284\" class=\"col small-12 large-12\"  >\n\t\t\t\t<div class=\"col-inner text-left\"  >\n\t\t\t\n\t\t\t\r\n\r\n<h2 style=\"text-align: center;\">Page Builder Framework Premium<\/h2>\r\n<p>Page Builder Framework, Beaver Builder, Elementor, Divi gibi sayfa olu\u015fturucularla \u00e7al\u0131\u015fmak i\u00e7in tasarlanm\u0131\u015f hafif, h\u0131zl\u0131 ve son derece \u00f6zelle\u015ftirilebilir bir WordPress temas\u0131d\u0131r. Ba\u015f\u0131ndan sonuna SEO dikkate al\u0131narak yaz\u0131lm\u0131\u015f ve en son web standartlar\u0131n\u0131 takip etmi\u015ftir.<\/p>\r\n<p>Bu sayfam\u0131zda ayr\u0131ca Page Builder Framework&#8217;a ait t\u00fcm \u00f6zellikleri a\u00e7man\u0131z\u0131 sa\u011flayacak Premium eklentisini de indirebilirsiniz.<\/p>\r\n\r\n\t\t<\/div>\n\t\t\t\t\t<\/div>\n\n\t\r\n\r\n<\/div>\r\n\r\n\t\t<\/div>\n\n\t\t\n<style>\n#section_915950379 {\n  padding-top: 0px;\n  padding-bottom: 0px;\n  background-color: rgb(245, 245, 245);\n}\n<\/style>\n\t<\/section>\n\t\r\n\n\t<section class=\"section\" id=\"section_136881474\">\n\t\t<div class=\"section-bg fill\" >\n\t\t\t\t\t\t\t\t\t\n\t\t\t\n\n\t\t<\/div>\n\n\t\t\n\n\t\t<div class=\"section-content relative\">\n\t\t\t\r\n\r\n<div class=\"row\"  id=\"row-60238583\">\r\n\r\n\n\t<div id=\"col-1114052590\" class=\"col small-12 large-12\"  >\n\t\t\t\t<div class=\"col-inner text-left\"  >\n\t\t\t\n\t\t\t\r\n\r\n\n<table id=\"tablepress-62\" class=\"tablepress tablepress-id-62\">\n<thead>\n<tr class=\"row-1 odd\">\n\t<th class=\"column-1\">Tema Ad\u0131<\/th><th class=\"column-2\">Versiyon<\/th><th class=\"column-3\">\u0130ndir<\/th><th class=\"column-4\">G\u00fcncelleme<\/th><th class=\"column-5\">Bilgi<\/th>\n<\/tr>\n<\/thead>\n<tbody class=\"row-hover\">\n<tr class=\"row-2 even\">\n\t<td class=\"column-1\">Page Builder Framework Premium Add-On<\/td><td class=\"column-2\">2.10.3<\/td><td class=\"column-3\"><a class=\"download-link\" title=\"\u0130ndir &ldquo;Page Builder Framework Premium Add-On&rdquo;&nbsp;Versiyon 2.10.3\" href=\"https:\/\/wpdepo.com\/tr\/\/download\/7245\/\" rel=\"nofollow\">\n\t\u0130ndir<\/a><\/td><td class=\"column-4\">6 Ekim 2025<\/td><td class=\"column-5\"><a href=\"https:\/\/wp-pagebuilderframework.com\/premium\" target=\"_blank\" rel=\"noopener\">Eklenti Sayfas\u0131<\/a><\/td>\n<\/tr>\n<tr class=\"row-3 odd\">\n\t<td class=\"column-1\">Page Builder Framework WordPress Theme<\/td><td class=\"column-2\">2.11.7<\/td><td class=\"column-3\"><a class=\"download-link\" title=\"\u0130ndir &ldquo;Page Builder Framework WordPress Theme&rdquo;&nbsp;Versiyon 2.11.7\" href=\"https:\/\/wpdepo.com\/tr\/\/download\/7242\/\" rel=\"nofollow\">\n\t\u0130ndir<\/a><\/td><td class=\"column-4\">6 Ekim 2025<\/td><td class=\"column-5\"><a href=\"https:\/\/wp-pagebuilderframework.com\/\" target=\"_blank\" rel=\"noopener\">Tema Sayfas\u0131<\/a><\/td>\n<\/tr>\n<\/tbody>\n<\/table>\n\r\n\r\n\t\t<\/div>\n\t\t\t\t\t<\/div>\n\n\t\r\n\r\n<\/div>\r\n\r\n\t\t<\/div>\n\n\t\t\n<style>\n#section_136881474 {\n  padding-top: 30px;\n  padding-bottom: 30px;\n}\n<\/style>\n\t<\/section>\n\t","protected":false},"excerpt":{"rendered":"","protected":false},"author":1,"featured_media":0,"parent":0,"menu_order":0,"comment_status":"closed","ping_status":"closed","template":"page-blank.php","meta":{"footnotes":""},"class_list":["post-7248","page","type-page","status-publish","hentry"],"_links":{"self":[{"href":"https:\/\/wpdepo.com\/tr\/wp-json\/wp\/v2\/pages\/7248","targetHints":{"allow":["GET"]}}],"collection":[{"href":"https:\/\/wpdepo.com\/tr\/wp-json\/wp\/v2\/pages"}],"about":[{"href":"https:\/\/wpdepo.com\/tr\/wp-json\/wp\/v2\/types\/page"}],"author":[{"embeddable":true,"href":"https:\/\/wpdepo.com\/tr\/wp-json\/wp\/v2\/users\/1"}],"replies":[{"embeddable":true,"href":"https:\/\/wpdepo.com\/tr\/wp-json\/wp\/v2\/comments?post=7248"}],"version-history":[{"count":0,"href":"https:\/\/wpdepo.com\/tr\/wp-json\/wp\/v2\/pages\/7248\/revisions"}],"wp:attachment":[{"href":"https:\/\/wpdepo.com\/tr\/wp-json\/wp\/v2\/media?parent=7248"}],"curies":[{"name":"wp","href":"https:\/\/api.w.org\/{rel}","templated":true}]}}