{"id":70625,"date":"2022-08-11T15:38:27","date_gmt":"2022-08-11T15:38:27","guid":{"rendered":"https:\/\/wpdepo.com\/?page_id=70625"},"modified":"2022-08-11T15:53:59","modified_gmt":"2022-08-11T15:53:59","slug":"publishpress-eklentileri","status":"publish","type":"page","link":"https:\/\/wpdepo.com\/tr\/publishpress-eklentileri\/","title":{"rendered":"PublishPress Eklentileri"},"content":{"rendered":"\n\t<section class=\"section\" id=\"section_181900461\">\n\t\t<div class=\"section-bg fill\" >\n\t\t\t\t\t\t\t\t\t\n\t\t\t\n\n\t\t<\/div>\n\n\t\t\n\n\t\t<div class=\"section-content relative\">\n\t\t\t\r\n\r\n<div class=\"row\"  id=\"row-1734244945\">\r\n\r\n\n\t<div id=\"col-616998688\" class=\"col small-12 large-12\"  >\n\t\t\t\t<div class=\"col-inner text-left\"  >\n\t\t\t\n\t\t\t\r\n\r\n<h2 style=\"text-align: center;\">PublishPress Pro<\/h2>\r\n<p>PublishPress, WordPress i\u00e7eriklerinizi planlamak ve y\u00f6netmek i\u00e7in ihtiyac\u0131n\u0131z olan t\u00fcm ara\u00e7lara sahip, profesyonel yay\u0131nc\u0131l\u0131k eklentisidir. Genellikle \u015firketler, kar amac\u0131 g\u00fctmeyen kurulu\u015flar, \u00fcniversiteler, okullar, dergiler, gazeteler ve bloglar taraf\u0131ndan kullan\u0131lan PublishPress eklentileri birden fazla kullan\u0131c\u0131ya sahip herhangi bir site i\u00e7in \u00e7\u00f6z\u00fcmler geli\u015ftirmektedir.<\/p>\r\n<p>\u00dccretsiz s\u00fcr\u00fcmlerini WordPress indirme ar\u015fivinden indirebilece\u011finiz PublishPress eklentilerinin Pro s\u00fcr\u00fcmlerini bu sayfadan indirebilirsiniz.<\/p>\r\n\r\n\t\t<\/div>\n\t\t\t\t\t<\/div>\n\n\t\r\n\r\n<\/div>\r\n\r\n\t\t<\/div>\n\n\t\t\n<style>\n#section_181900461 {\n  padding-top: 0px;\n  padding-bottom: 0px;\n  background-color: rgb(245, 245, 245);\n}\n<\/style>\n\t<\/section>\n\t\r\n\n\t<section class=\"section\" id=\"section_1708069508\">\n\t\t<div class=\"section-bg fill\" >\n\t\t\t\t\t\t\t\t\t\n\t\t\t\n\n\t\t<\/div>\n\n\t\t\n\n\t\t<div class=\"section-content relative\">\n\t\t\t\r\n\r\n<div class=\"row\"  id=\"row-1000420271\">\r\n\r\n\n\t<div id=\"col-1617042320\" class=\"col small-12 large-12\"  >\n\t\t\t\t<div class=\"col-inner text-left\"  >\n\t\t\t\n\t\t\t\r\n\r\n\n<table id=\"tablepress-95\" class=\"tablepress tablepress-id-95\">\n<thead>\n<tr class=\"row-1 odd\">\n\t<th class=\"column-1\">Eklenti Ad\u0131<\/th><th class=\"column-2\">Versiyon<\/th><th class=\"column-3\">\u0130ndir<\/th><th class=\"column-4\">G\u00fcncelleme<\/th><th class=\"column-5\">Bilgi<\/th>\n<\/tr>\n<\/thead>\n<tbody class=\"row-hover\">\n<tr class=\"row-2 even\">\n\t<td class=\"column-1\">PublishPress Planner Pro<\/td><td class=\"column-2\">4.8.0<\/td><td class=\"column-3\"><a class=\"download-link\" title=\"\u0130ndir &ldquo;PublishPress Planner Pro&rdquo;&nbsp;Versiyon 4.8.0\" href=\"https:\/\/wpdepo.com\/tr\/\/download\/70618\/\" rel=\"nofollow\">\n\t\u0130ndir<\/a><\/td><td class=\"column-4\">16 Nisan 2026<\/td><td class=\"column-5\"><a href=\"https:\/\/publishpress.com\/publishpress\/\" target=\"_blank\" rel=\"noopener noreferrer\">Eklenti Sayfas\u0131<\/a><\/td>\n<\/tr>\n<tr class=\"row-3 odd\">\n\t<td class=\"column-1\">PublishPress Authors Pro<\/td><td class=\"column-2\">4.13.0<\/td><td class=\"column-3\"><a class=\"download-link\" title=\"\u0130ndir &ldquo;PublishPress Authors Pro&rdquo;&nbsp;Versiyon 4.13.0\" href=\"https:\/\/wpdepo.com\/tr\/\/download\/70608\/\" rel=\"nofollow\">\n\t\u0130ndir<\/a><\/td><td class=\"column-4\">3 Nisan 2026<\/td><td class=\"column-5\"><a href=\"https:\/\/publishpress.com\/authors\/\" target=\"_blank\" rel=\"noopener noreferrer\">Eklenti Sayfas\u0131<\/a><\/td>\n<\/tr>\n<tr class=\"row-4 even\">\n\t<td class=\"column-1\">PublishPress Blocks Pro<\/td><td class=\"column-2\">3.7.0<\/td><td class=\"column-3\"><a class=\"download-link\" title=\"\u0130ndir &ldquo;PublishPress Blocks Pro&rdquo;&nbsp;Versiyon 3.7.0\" href=\"https:\/\/wpdepo.com\/tr\/\/download\/70610\/\" rel=\"nofollow\">\n\t\u0130ndir<\/a><\/td><td class=\"column-4\">9 Nisan 2026<\/td><td class=\"column-5\"><a href=\"https:\/\/publishpress.com\/blocks\/\" target=\"_blank\" rel=\"noopener noreferrer\">Eklenti Sayfas\u0131<\/a><\/td>\n<\/tr>\n<tr class=\"row-5 odd\">\n\t<td class=\"column-1\">PublishPress Capabilities Pro<\/td><td class=\"column-2\">2.42.0<\/td><td class=\"column-3\"><a class=\"download-link\" title=\"\u0130ndir &ldquo;PublishPress Capabilities Pro&rdquo;&nbsp;Versiyon 2.42.0\" href=\"https:\/\/wpdepo.com\/tr\/\/download\/70612\/\" rel=\"nofollow\">\n\t\u0130ndir<\/a><\/td><td class=\"column-4\">3 Nisan 2026<\/td><td class=\"column-5\"><a href=\"https:\/\/publishpress.com\/capabilities\/\" target=\"_blank\" rel=\"noopener noreferrer\">Eklenti Sayfas\u0131<\/a><\/td>\n<\/tr>\n<tr class=\"row-6 even\">\n\t<td class=\"column-1\">PublishPress Checklists Pro<\/td><td class=\"column-2\">2.27.0<\/td><td class=\"column-3\"><a class=\"download-link\" title=\"\u0130ndir &ldquo;PublishPress Checklists Pro&rdquo;&nbsp;Versiyon 2.27.0\" href=\"https:\/\/wpdepo.com\/tr\/\/download\/70614\/\" rel=\"nofollow\">\n\t\u0130ndir<\/a><\/td><td class=\"column-4\">3 Nisan 2026<\/td><td class=\"column-5\"><a href=\"https:\/\/publishpress.com\/checklists\/\" target=\"_blank\" rel=\"noopener noreferrer\">Eklenti Sayfas\u0131<\/a><\/td>\n<\/tr>\n<tr class=\"row-7 odd\">\n\t<td class=\"column-1\">PublishPress Future Pro<\/td><td class=\"column-2\">4.10.0<\/td><td class=\"column-3\"><a class=\"download-link\" title=\"\u0130ndir &ldquo;PublishPress Future Pro&rdquo;&nbsp;Versiyon 4.10.0\" href=\"https:\/\/wpdepo.com\/tr\/\/download\/72398\/\" rel=\"nofollow\">\n\t\u0130ndir<\/a><\/td><td class=\"column-4\">3 Nisan 2026<\/td><td class=\"column-5\"><a href=\"https:\/\/publishpress.com\/future\/\" target=\"_blank\" rel=\"noopener noreferrer\">Eklenti Sayfas\u0131<\/a><\/td>\n<\/tr>\n<tr class=\"row-8 even\">\n\t<td class=\"column-1\">PublishPress Permissions Pro<\/td><td class=\"column-2\">4.8.0<\/td><td class=\"column-3\"><a class=\"download-link\" title=\"\u0130ndir &ldquo;PublishPress Permissions Pro&rdquo;&nbsp;Versiyon 4.8.0\" href=\"https:\/\/wpdepo.com\/tr\/\/download\/70616\/\" rel=\"nofollow\">\n\t\u0130ndir<\/a><\/td><td class=\"column-4\">7 Nisan 2026<\/td><td class=\"column-5\"><a href=\"https:\/\/publishpress.com\/permissions\/\" target=\"_blank\" rel=\"noopener noreferrer\">Eklenti Sayfas\u0131<\/a><\/td>\n<\/tr>\n<tr class=\"row-9 odd\">\n\t<td class=\"column-1\">PublishPress Revisions Pro<\/td><td class=\"column-2\">3.7.24<\/td><td class=\"column-3\"><a class=\"download-link\" title=\"\u0130ndir &ldquo;PublishPress Revisions Pro&rdquo;&nbsp;Versiyon 3.7.24\" href=\"https:\/\/wpdepo.com\/tr\/\/download\/70620\/\" rel=\"nofollow\">\n\t\u0130ndir<\/a><\/td><td class=\"column-4\">3 Nisan 2026<\/td><td class=\"column-5\"><a href=\"https:\/\/publishpress.com\/revisions\/\" target=\"_blank\" rel=\"noopener noreferrer\">Eklenti Sayfas\u0131<\/a><\/td>\n<\/tr>\n<tr class=\"row-10 even\">\n\t<td class=\"column-1\">PublishPress Series Pro<\/td><td class=\"column-2\">3.1.1<\/td><td class=\"column-3\"><a class=\"download-link\" title=\"\u0130ndir &ldquo;PublishPress Series Pro&rdquo;&nbsp;Versiyon 3.1.1\" href=\"https:\/\/wpdepo.com\/tr\/\/download\/70622\/\" rel=\"nofollow\">\n\t\u0130ndir<\/a><\/td><td class=\"column-4\">7 Nisan 2026<\/td><td class=\"column-5\"><a href=\"https:\/\/publishpress.com\/series\/\" target=\"_blank\" rel=\"noopener noreferrer\">Eklenti Sayfas\u0131<\/a><\/td>\n<\/tr>\n<tr class=\"row-11 odd\">\n\t<td class=\"column-1\">PublishPress Shortlinks Pro<\/td><td class=\"column-2\">1.4.1<\/td><td class=\"column-3\"><a class=\"download-link\" title=\"\u0130ndir &ldquo;PublishPress Shortlinks Pro&rdquo;&nbsp;Versiyon 1.4.1\" href=\"https:\/\/wpdepo.com\/tr\/\/download\/99774\/\" rel=\"nofollow\">\n\t\u0130ndir<\/a><\/td><td class=\"column-4\">7 Nisan 2026<\/td><td class=\"column-5\"><a href=\"https:\/\/publishpress.com\/shortlinks\/\" target=\"_blank\" rel=\"noopener noreferrer\">Eklenti Sayfas\u0131<\/a><\/td>\n<\/tr>\n<\/tbody>\n<\/table>\n\r\n\r\n\t\t<\/div>\n\t\t\t\t\t<\/div>\n\n\t\r\n\r\n<\/div>\r\n\r\n\t\t<\/div>\n\n\t\t\n<style>\n#section_1708069508 {\n  padding-top: 30px;\n  padding-bottom: 30px;\n}\n<\/style>\n\t<\/section>\n\t","protected":false},"excerpt":{"rendered":"","protected":false},"author":1,"featured_media":0,"parent":0,"menu_order":0,"comment_status":"closed","ping_status":"closed","template":"page-blank.php","meta":{"footnotes":""},"class_list":["post-70625","page","type-page","status-publish","hentry"],"_links":{"self":[{"href":"https:\/\/wpdepo.com\/tr\/wp-json\/wp\/v2\/pages\/70625","targetHints":{"allow":["GET"]}}],"collection":[{"href":"https:\/\/wpdepo.com\/tr\/wp-json\/wp\/v2\/pages"}],"about":[{"href":"https:\/\/wpdepo.com\/tr\/wp-json\/wp\/v2\/types\/page"}],"author":[{"embeddable":true,"href":"https:\/\/wpdepo.com\/tr\/wp-json\/wp\/v2\/users\/1"}],"replies":[{"embeddable":true,"href":"https:\/\/wpdepo.com\/tr\/wp-json\/wp\/v2\/comments?post=70625"}],"version-history":[{"count":0,"href":"https:\/\/wpdepo.com\/tr\/wp-json\/wp\/v2\/pages\/70625\/revisions"}],"wp:attachment":[{"href":"https:\/\/wpdepo.com\/tr\/wp-json\/wp\/v2\/media?parent=70625"}],"curies":[{"name":"wp","href":"https:\/\/api.w.org\/{rel}","templated":true}]}}