{"id":698,"date":"2017-06-08T16:11:14","date_gmt":"2017-06-08T13:11:14","guid":{"rendered":"https:\/\/wpdepo.com\/?page_id=698"},"modified":"2019-05-15T21:50:46","modified_gmt":"2019-05-15T21:50:46","slug":"wp-lab-wp-lister-eklentileri","status":"publish","type":"page","link":"https:\/\/wpdepo.com\/tr\/wp-lab-wp-lister-eklentileri\/","title":{"rendered":"WP Lab &#038; WP-Lister Eklentileri"},"content":{"rendered":"\n\t<section class=\"section\" id=\"section_1604804072\">\n\t\t<div class=\"section-bg fill\" >\n\t\t\t\t\t\t\t\t\t\n\t\t\t\n\n\t\t<\/div>\n\n\t\t\n\n\t\t<div class=\"section-content relative\">\n\t\t\t\r\n\r\n<div class=\"row\"  id=\"row-1135693590\">\r\n\r\n\n\t<div id=\"col-1431059842\" class=\"col small-12 large-12\"  >\n\t\t\t\t<div class=\"col-inner text-left\"  >\n\t\t\t\n\t\t\t\r\n\r\n<h2 style=\"text-align: center;\">WP Lab &#038; WP-Lister Eklentileri<\/h2>\r\n<p>eBay ve Amazon \u00fczerinden sat\u0131\u015f yaparken ayn\u0131 zamanda kendi e-ticaret sitenizi kurmak, eBay ve Amazon ma\u011fazalar\u0131n\u0131z\u0131 WordPress ve WooCommerce ile entegre etmek ve tek noktadan t\u00fcm sat\u0131\u015f noktalar\u0131n\u0131z\u0131 kontrol etmek istiyorsan\u0131z WP-Lister Pro eklentileri i\u015finizi g\u00f6recektir. Amazon T\u00fcrkiye ile WordPress \u00fczerinden sat\u0131\u015f yapabilirsiniz. N11, Gittigidiyor, Hepsiburada, ePTTAVM, Akak\u00e7e, Sanalpazar, Trendyol entegrasyonlar\u0131nda oldu\u011fu gibi bu eklentilerle WooCommerce sitenizi eBay ve Amazon ma\u011fazalar\u0131n\u0131za entegre edebilirsiniz.<\/p>\r\n<p>WP-Lister eklentileri, WooCommerce sitenizi eBay ve Amazon ma\u011fazalar\u0131n\u0131za ba\u011flar. \u00dcr\u00fcnler sayfan\u0131zdan \u00fcr\u00fcnleri se\u00e7ip ve bunlar\u0131 yaln\u0131zca birka\u00e7 t\u0131klama ile eBay ve Amazon&#8217;da listeleyebilirsiniz. Stok entegrasyonu sa\u011flay\u0131n ve sat\u0131\u015flar\u0131n\u0131z\u0131 WooCommerce \u00fczerinden takip edin.<\/p>\r\n<p>WP-Lister eklentilerinin Lite versiyonlar\u0131 da mevcut. <a href=\"https:\/\/tr.wordpress.org\/plugins\/wp-lister-for-ebay\/\" target=\"_blank\" rel=\"noopener noreferrer\">WP-Lister Lite for eBay<\/a> eklentisi ile <a href=\"https:\/\/tr.wordpress.org\/plugins\/wp-lister-for-amazon\/\" target=\"_blank\" rel=\"noopener noreferrer\">WP-Lister Lite for Amazon<\/a> eklentisini \u00fccretsiz olarak deneyebilirsiniz. Lite versiyonu ile Pro versiyonu aras\u0131ndaki farklar\u0131 merak ediyorsan\u0131z WP-Lister for eBay i\u00e7in <a href=\"https:\/\/www.wplab.com\/plugins\/wp-lister\/feature-comparison\/\" target=\"_blank\" rel=\"noopener noreferrer\">buray\u0131<\/a>, WP-Lister for Amazon i\u00e7in ise <a href=\"https:\/\/www.wplab.com\/plugins\/wp-lister-for-amazon\/feature-comparison\/\" target=\"_blank\" rel=\"noopener noreferrer\">buray\u0131<\/a> t\u0131klayabilirsiniz.<\/p>\r\n\r\n\t\t<\/div>\n\t\t\t\t\t<\/div>\n\n\t\r\n\r\n<\/div>\r\n\r\n\t\t<\/div>\n\n\t\t\n<style>\n#section_1604804072 {\n  padding-top: 0px;\n  padding-bottom: 0px;\n  background-color: rgb(245, 245, 245);\n}\n<\/style>\n\t<\/section>\n\t\r\n\n\t<section class=\"section\" id=\"section_1141730040\">\n\t\t<div class=\"section-bg fill\" >\n\t\t\t\t\t\t\t\t\t\n\t\t\t\n\n\t\t<\/div>\n\n\t\t\n\n\t\t<div class=\"section-content relative\">\n\t\t\t\r\n\r\n<div class=\"row\"  id=\"row-325353429\">\r\n\r\n\n\t<div id=\"col-1308744778\" class=\"col small-12 large-12\"  >\n\t\t\t\t<div class=\"col-inner text-left\"  >\n\t\t\t\n\t\t\t\r\n\r\n\n<table id=\"tablepress-7\" class=\"tablepress tablepress-id-7\">\n<thead>\n<tr class=\"row-1 odd\">\n\t<th class=\"column-1\">Eklenti Ad\u0131<\/th><th class=\"column-2\">Versiyon<\/th><th class=\"column-3\">\u0130ndir<\/th><th class=\"column-4\">G\u00fcncelleme<\/th><th class=\"column-5\">Bilgi<\/th>\n<\/tr>\n<\/thead>\n<tbody class=\"row-hover\">\n<tr class=\"row-2 even\">\n\t<td class=\"column-1\">Bulk Pricing for WooCommerce<\/td><td class=\"column-2\">1.9.6<\/td><td class=\"column-3\"><a class=\"download-link\" title=\"\u0130ndir &ldquo;Bulk Pricing for WooCommerce&rdquo;&nbsp;Versiyon 1.9.6\" href=\"https:\/\/wpdepo.com\/tr\/\/download\/51960\/\" rel=\"nofollow\">\n\t\u0130ndir<\/a><\/td><td class=\"column-4\">6 May\u0131s 2020<\/td><td class=\"column-5\"><a href=\"https:\/\/www.wplab.com\/plugins\/bulk-pricing-for-woocommerce\/\" target=\"_blank\" rel=\"noopener noreferrer\">Eklenti Sayfas\u0131<\/a><\/td>\n<\/tr>\n<tr class=\"row-3 odd\">\n\t<td class=\"column-1\">Import from eBay to WooCommerce<\/td><td class=\"column-2\">1.8.4<\/td><td class=\"column-3\"><a class=\"download-link\" title=\"\u0130ndir &ldquo;Import from eBay to WooCommerce&rdquo;&nbsp;Versiyon 1.8.4\" href=\"https:\/\/wpdepo.com\/tr\/\/download\/15418\/\" rel=\"nofollow\">\n\t\u0130ndir<\/a><\/td><td class=\"column-4\">18 Eyl\u00fcl 2022<\/td><td class=\"column-5\"><a href=\"https:\/\/www.wplab.com\/plugins\/import-from-ebay-to-woocommerce\/\" target=\"_blank\" rel=\"noopener noreferrer\">Eklenti Sayfas\u0131<\/a><\/td>\n<\/tr>\n<tr class=\"row-4 even\">\n\t<td class=\"column-1\">WooCommerce Offline Credit Card Processing<\/td><td class=\"column-2\">1.7.12<\/td><td class=\"column-3\"><a class=\"download-link\" title=\"\u0130ndir &ldquo;WooCommerce Offline Credit Card Processing&rdquo;&nbsp;Versiyon 1.7.12\" href=\"https:\/\/wpdepo.com\/tr\/\/download\/15516\/\" rel=\"nofollow\">\n\t\u0130ndir<\/a><\/td><td class=\"column-4\">3 Eyl\u00fcl 2022<\/td><td class=\"column-5\"><a href=\"https:\/\/www.wplab.com\/plugins\/offline-credit-card-processing-woocommerce\/\" target=\"_blank\" rel=\"noopener noreferrer\">Eklenti Sayfas\u0131<\/a><\/td>\n<\/tr>\n<tr class=\"row-5 odd\">\n\t<td class=\"column-1\">WP-Lister Pro for Amazon<\/td><td class=\"column-2\">2.7.1<\/td><td class=\"column-3\"><a class=\"download-link\" title=\"\u0130ndir &ldquo;WP-Lister Pro for Amazon&rdquo;&nbsp;Versiyon 2.7.1\" href=\"https:\/\/wpdepo.com\/tr\/\/download\/694\/\" rel=\"nofollow\">\n\t\u0130ndir<\/a><\/td><td class=\"column-4\">19 Ekim 2024<\/td><td class=\"column-5\"><a href=\"https:\/\/www.wplab.com\/plugins\/wp-lister-for-amazon\/\" target=\"_blank\" rel=\"noopener noreferrer\">Eklenti Sayfas\u0131<\/a><\/td>\n<\/tr>\n<tr class=\"row-6 even\">\n\t<td class=\"column-1\">WP-Lister Pro for eBay<\/td><td class=\"column-2\">3.8.5<\/td><td class=\"column-3\"><a class=\"download-link\" title=\"\u0130ndir &ldquo;WP-Lister Pro for eBay&rdquo;&nbsp;Versiyon 3.8.5\" href=\"https:\/\/wpdepo.com\/tr\/\/download\/692\/\" rel=\"nofollow\">\n\t\u0130ndir<\/a><\/td><td class=\"column-4\">29 Aral\u0131k 2025<\/td><td class=\"column-5\"><a href=\"https:\/\/www.wplab.com\/plugins\/wp-lister\/\" target=\"_blank\" rel=\"noopener noreferrer\">Eklenti Sayfas\u0131<\/a><\/td>\n<\/tr>\n<\/tbody>\n<\/table>\n\r\n\r\n\t\t<\/div>\n\t\t\t\t\t<\/div>\n\n\t\r\n\r\n<\/div>\r\n\r\n\t\t<\/div>\n\n\t\t\n<style>\n#section_1141730040 {\n  padding-top: 30px;\n  padding-bottom: 30px;\n}\n<\/style>\n\t<\/section>\n\t","protected":false},"excerpt":{"rendered":"","protected":false},"author":1,"featured_media":0,"parent":0,"menu_order":0,"comment_status":"closed","ping_status":"closed","template":"page-blank.php","meta":{"footnotes":""},"class_list":["post-698","page","type-page","status-publish","hentry"],"_links":{"self":[{"href":"https:\/\/wpdepo.com\/tr\/wp-json\/wp\/v2\/pages\/698","targetHints":{"allow":["GET"]}}],"collection":[{"href":"https:\/\/wpdepo.com\/tr\/wp-json\/wp\/v2\/pages"}],"about":[{"href":"https:\/\/wpdepo.com\/tr\/wp-json\/wp\/v2\/types\/page"}],"author":[{"embeddable":true,"href":"https:\/\/wpdepo.com\/tr\/wp-json\/wp\/v2\/users\/1"}],"replies":[{"embeddable":true,"href":"https:\/\/wpdepo.com\/tr\/wp-json\/wp\/v2\/comments?post=698"}],"version-history":[{"count":0,"href":"https:\/\/wpdepo.com\/tr\/wp-json\/wp\/v2\/pages\/698\/revisions"}],"wp:attachment":[{"href":"https:\/\/wpdepo.com\/tr\/wp-json\/wp\/v2\/media?parent=698"}],"curies":[{"name":"wp","href":"https:\/\/api.w.org\/{rel}","templated":true}]}}