{"id":6562,"date":"2018-02-11T15:19:04","date_gmt":"2018-02-11T12:19:04","guid":{"rendered":"https:\/\/wpdepo.com\/?page_id=6562"},"modified":"2018-09-03T20:46:20","modified_gmt":"2018-09-03T17:46:20","slug":"envira-gallery-eklentileri","status":"publish","type":"page","link":"https:\/\/wpdepo.com\/tr\/envira-gallery-eklentileri\/","title":{"rendered":"Envira Gallery Eklentileri"},"content":{"rendered":"\n\t<section class=\"section\" id=\"section_173276937\">\n\t\t<div class=\"section-bg fill\" >\n\t\t\t\t\t\t\t\t\t\n\t\t\t\n\n\t\t<\/div>\n\n\t\t\n\n\t\t<div class=\"section-content relative\">\n\t\t\t\r\n\r\n<div class=\"row\"  id=\"row-227813751\">\r\n\r\n\n\t<div id=\"col-642248755\" class=\"col small-12 large-12\"  >\n\t\t\t\t<div class=\"col-inner text-left\"  >\n\t\t\t\n\t\t\t\r\n\r\n<h2 style=\"text-align: center;\">Envira Gallery<\/h2>\r\n<p>Envira Gallery, WordPress web siteleriniz i\u00e7in dakikalar i\u00e7erisinde g\u00fczel ve uyumlu resim ve video galerileri olu\u015fturman\u0131za imkan veren kullan\u0131m\u0131 kolay ve g\u00fc\u00e7l\u00fc bir WordPress galeri eklentisidir.<\/p>\r\n<p>Bu sayfadan Envira Gallery eklentisini ve eklenti ile birlikte gelen ekstralar\u0131 indirebilirsiniz.<\/p>\r\n\r\n\t\t<\/div>\n\t\t\t\t\t<\/div>\n\n\t\r\n\r\n<\/div>\r\n\r\n\t\t<\/div>\n\n\t\t\n<style>\n#section_173276937 {\n  padding-top: 0px;\n  padding-bottom: 0px;\n  background-color: rgb(245, 245, 245);\n}\n<\/style>\n\t<\/section>\n\t\r\n\n\t<section class=\"section\" id=\"section_1379553054\">\n\t\t<div class=\"section-bg fill\" >\n\t\t\t\t\t\t\t\t\t\n\t\t\t\n\n\t\t<\/div>\n\n\t\t\n\n\t\t<div class=\"section-content relative\">\n\t\t\t\r\n\r\n<div class=\"row\"  id=\"row-1222168477\">\r\n\r\n\n\t<div id=\"col-1238840196\" class=\"col small-12 large-12\"  >\n\t\t\t\t<div class=\"col-inner text-left\"  >\n\t\t\t\n\t\t\t\r\n\r\n\n<table id=\"tablepress-60\" class=\"tablepress tablepress-id-60\">\n<thead>\n<tr class=\"row-1 odd\">\n\t<th class=\"column-1\">Eklenti Ad\u0131<\/th><th class=\"column-2\">Versiyon<\/th><th class=\"column-3\">\u0130ndir<\/th><th class=\"column-4\">G\u00fcncelleme<\/th><th class=\"column-5\">Bilgi<\/th>\n<\/tr>\n<\/thead>\n<tbody class=\"row-hover\">\n<tr class=\"row-2 even\">\n\t<td class=\"column-1\">Envira Gallery Pro WordPress Plugin<\/td><td class=\"column-2\">1.13.1<\/td><td class=\"column-3\"><a class=\"download-link\" title=\"\u0130ndir &ldquo;Envira Gallery Pro WordPress Plugin&rdquo;&nbsp;Versiyon 1.13.1\" href=\"https:\/\/wpdepo.com\/tr\/\/download\/6535\/\" rel=\"nofollow\">\n\t\u0130ndir<\/a><\/td><td class=\"column-4\">22 Aral\u0131k 2025<\/td><td class=\"column-5\"><a href=\"https:\/\/enviragallery.com\/\" target=\"_blank\" rel=\"noopener\">Eklenti Sayfas\u0131<\/a><\/td>\n<\/tr>\n<tr class=\"row-3 odd\">\n\t<td class=\"column-1\">Envira Gallery - Albums Addon<\/td><td class=\"column-2\">1.7.13<\/td><td class=\"column-3\"><a class=\"download-link\" title=\"\u0130ndir &ldquo;Envira Gallery - Albums Addon&rdquo;&nbsp;Versiyon 1.7.13\" href=\"https:\/\/wpdepo.com\/tr\/\/download\/6537\/\" rel=\"nofollow\">\n\t\u0130ndir<\/a><\/td><td class=\"column-4\">1 Aral\u0131k 2025<\/td><td class=\"column-5\"><a href=\"https:\/\/enviragallery.com\/addons\/albums-addon\/\" target=\"_blank\" rel=\"noopener\">Eklenti Sayfas\u0131<\/a><\/td>\n<\/tr>\n<tr class=\"row-4 even\">\n\t<td class=\"column-1\">Envira Gallery - Animations Addon<\/td><td class=\"column-2\">1.0.0<\/td><td class=\"column-3\"><a class=\"download-link\" title=\"\u0130ndir &ldquo;Envira Gallery - Animations Addon&rdquo;&nbsp;Versiyon 1.0.0\" href=\"https:\/\/wpdepo.com\/tr\/\/download\/86821\/\" rel=\"nofollow\">\n\t\u0130ndir<\/a><\/td><td class=\"column-4\">8 Ekim 2024<\/td><td class=\"column-5\"><a href=\"https:\/\/enviragallery.com\/addons\/animations-addon\/\" target=\"_blank\" rel=\"noopener\">Eklenti Sayfas\u0131<\/a><\/td>\n<\/tr>\n<tr class=\"row-5 odd\">\n\t<td class=\"column-1\">Envira Gallery - Audio Addon<\/td><td class=\"column-2\">1.0.5<\/td><td class=\"column-3\"><a class=\"download-link\" title=\"\u0130ndir &ldquo;Envira Gallery - Audio Addon&rdquo;&nbsp;Versiyon 1.0.5\" href=\"https:\/\/wpdepo.com\/tr\/\/download\/61394\/\" rel=\"nofollow\">\n\t\u0130ndir<\/a><\/td><td class=\"column-4\">13 \u015eubat 2024<\/td><td class=\"column-5\"><a href=\"https:\/\/enviragallery.com\/addons\/audio-addon\/\" target=\"_blank\" rel=\"noopener\">Eklenti Sayfas\u0131<\/a><\/td>\n<\/tr>\n<tr class=\"row-6 even\">\n\t<td class=\"column-1\">Envira Gallery - Beaver Builder Addon<\/td><td class=\"column-2\">1.1.4<\/td><td class=\"column-3\"><a class=\"download-link\" title=\"\u0130ndir &ldquo;Envira Gallery - Beaver Builder Addon&rdquo;&nbsp;Versiyon 1.1.4\" href=\"https:\/\/wpdepo.com\/tr\/\/download\/61397\/\" rel=\"nofollow\">\n\t\u0130ndir<\/a><\/td><td class=\"column-4\">22 Aral\u0131k 2025<\/td><td class=\"column-5\"><a href=\"https:\/\/enviragallery.com\/addons\/beaver-builder-addon\/\" target=\"_blank\" rel=\"noopener\">Eklenti Sayfas\u0131<\/a><\/td>\n<\/tr>\n<tr class=\"row-7 odd\">\n\t<td class=\"column-1\">Envira Gallery - Breadcrumbs Addon<\/td><td class=\"column-2\">1.2.2<\/td><td class=\"column-3\"><a class=\"download-link\" title=\"\u0130ndir &ldquo;Envira Gallery - Breadcrumbs Addon&rdquo;&nbsp;Versiyon 1.2.2\" href=\"https:\/\/wpdepo.com\/tr\/\/download\/6540\/\" rel=\"nofollow\">\n\t\u0130ndir<\/a><\/td><td class=\"column-4\">5 Haziran 2019<\/td><td class=\"column-5\"><a href=\"https:\/\/enviragallery.com\/addons\/breadcrumbs-addon\/\" target=\"_blank\" rel=\"noopener\">Eklenti Sayfas\u0131<\/a><\/td>\n<\/tr>\n<tr class=\"row-8 even\">\n\t<td class=\"column-1\">Envira Gallery - Comments Addon<\/td><td class=\"column-2\">1.0.0<\/td><td class=\"column-3\"><a class=\"download-link\" title=\"\u0130ndir &ldquo;Envira Gallery - Comments Addon&rdquo;&nbsp;Versiyon 1.0.0\" href=\"https:\/\/wpdepo.com\/tr\/\/download\/86823\/\" rel=\"nofollow\">\n\t\u0130ndir<\/a><\/td><td class=\"column-4\">8 Ekim 2024<\/td><td class=\"column-5\"><a href=\"https:\/\/enviragallery.com\/addons\/comments-addon\/\" target=\"_blank\" rel=\"noopener\">Eklenti Sayfas\u0131<\/a><\/td>\n<\/tr>\n<tr class=\"row-9 odd\">\n\t<td class=\"column-1\">Envira Gallery - CSS Addon<\/td><td class=\"column-2\">1.3.7<\/td><td class=\"column-3\"><a class=\"download-link\" title=\"\u0130ndir &ldquo;Envira Gallery - CSS Addon&rdquo;&nbsp;Versiyon 1.3.7\" href=\"https:\/\/wpdepo.com\/tr\/\/download\/6542\/\" rel=\"nofollow\">\n\t\u0130ndir<\/a><\/td><td class=\"column-4\">13 \u015eubat 2024<\/td><td class=\"column-5\"><a href=\"https:\/\/enviragallery.com\/addons\/css-addon\/\" target=\"_blank\" rel=\"noopener\">Eklenti Sayfas\u0131<\/a><\/td>\n<\/tr>\n<tr class=\"row-10 even\">\n\t<td class=\"column-1\">Envira Gallery - Deeplinking Addon<\/td><td class=\"column-2\">1.5.3<\/td><td class=\"column-3\"><a class=\"download-link\" title=\"\u0130ndir &ldquo;Envira Gallery - Deeplinking Addon&rdquo;&nbsp;Versiyon 1.5.3\" href=\"https:\/\/wpdepo.com\/tr\/\/download\/6544\/\" rel=\"nofollow\">\n\t\u0130ndir<\/a><\/td><td class=\"column-4\">28 A\u011fustos 2024<\/td><td class=\"column-5\"><a href=\"https:\/\/enviragallery.com\/addons\/deeplinking-addon\/\" target=\"_blank\" rel=\"noopener\">Eklenti Sayfas\u0131<\/a><\/td>\n<\/tr>\n<tr class=\"row-11 odd\">\n\t<td class=\"column-1\">Envira Gallery - Defaults Addon<\/td><td class=\"column-2\">1.5.3<\/td><td class=\"column-3\"><a class=\"download-link\" title=\"\u0130ndir &ldquo;Envira Gallery - Defaults Addon&rdquo;&nbsp;Versiyon 1.5.3\" href=\"https:\/\/wpdepo.com\/tr\/\/download\/6546\/\" rel=\"nofollow\">\n\t\u0130ndir<\/a><\/td><td class=\"column-4\">13 \u015eubat 2024<\/td><td class=\"column-5\"><a href=\"https:\/\/enviragallery.com\/addons\/defaults-addon\/\" target=\"_blank\" rel=\"noopener\">Eklenti Sayfas\u0131<\/a><\/td>\n<\/tr>\n<tr class=\"row-12 even\">\n\t<td class=\"column-1\">Envira Gallery - Downloads Addon<\/td><td class=\"column-2\">1.5.11<\/td><td class=\"column-3\"><a class=\"download-link\" title=\"\u0130ndir &ldquo;Envira Gallery - Downloads Addon&rdquo;&nbsp;Versiyon 1.5.11\" href=\"https:\/\/wpdepo.com\/tr\/\/download\/6548\/\" rel=\"nofollow\">\n\t\u0130ndir<\/a><\/td><td class=\"column-4\">28 A\u011fustos 2024<\/td><td class=\"column-5\"><a href=\"https:\/\/enviragallery.com\/addons\/downloads-addon\/\" target=\"_blank\" rel=\"noopener\">Eklenti Sayfas\u0131<\/a><\/td>\n<\/tr>\n<tr class=\"row-13 odd\">\n\t<td class=\"column-1\">Envira Gallery - Dropbox Importer Addon<\/td><td class=\"column-2\">1.3.6<\/td><td class=\"column-3\"><a class=\"download-link\" title=\"\u0130ndir &ldquo;Envira Gallery - Dropbox Importer Addon&rdquo;&nbsp;Versiyon 1.3.6\" href=\"https:\/\/wpdepo.com\/tr\/\/download\/6550\/\" rel=\"nofollow\">\n\t\u0130ndir<\/a><\/td><td class=\"column-4\">13 \u015eubat 2024<\/td><td class=\"column-5\"><a href=\"https:\/\/enviragallery.com\/addons\/dropbox-importer-addon\/\" target=\"_blank\" rel=\"noopener\">Eklenti Sayfas\u0131<\/a><\/td>\n<\/tr>\n<tr class=\"row-14 even\">\n\t<td class=\"column-1\">Envira Gallery - Dynamic Addon<\/td><td class=\"column-2\">1.6.7<\/td><td class=\"column-3\"><a class=\"download-link\" title=\"\u0130ndir &ldquo;Envira Gallery - Dynamic Addon&rdquo;&nbsp;Versiyon 1.6.7\" href=\"https:\/\/wpdepo.com\/tr\/\/download\/6552\/\" rel=\"nofollow\">\n\t\u0130ndir<\/a><\/td><td class=\"column-4\">28 A\u011fustos 2024<\/td><td class=\"column-5\"><a href=\"https:\/\/enviragallery.com\/addons\/dynamic-addon\/\" target=\"_blank\" rel=\"noopener\">Eklenti Sayfas\u0131<\/a><\/td>\n<\/tr>\n<tr class=\"row-15 odd\">\n\t<td class=\"column-1\">Envira Gallery - Elementor Addon<\/td><td class=\"column-2\">1.1.4<\/td><td class=\"column-3\"><a class=\"download-link\" title=\"\u0130ndir &ldquo;Envira Gallery - Elementor Addon&rdquo;&nbsp;Versiyon 1.1.4\" href=\"https:\/\/wpdepo.com\/tr\/\/download\/57054\/\" rel=\"nofollow\">\n\t\u0130ndir<\/a><\/td><td class=\"column-4\">22 Aral\u0131k 2025<\/td><td class=\"column-5\"><a href=\"https:\/\/enviragallery.com\/addons\/elementor-addon\/\" target=\"_blank\" rel=\"noopener\">Eklenti Sayfas\u0131<\/a><\/td>\n<\/tr>\n<tr class=\"row-16 even\">\n\t<td class=\"column-1\">Envira Gallery - EXIF Addon<\/td><td class=\"column-2\">1.6.0<\/td><td class=\"column-3\"><a class=\"download-link\" title=\"\u0130ndir &ldquo;Envira Gallery - EXIF Addon&rdquo;&nbsp;Versiyon 1.6.0\" href=\"https:\/\/wpdepo.com\/tr\/\/download\/6555\/\" rel=\"nofollow\">\n\t\u0130ndir<\/a><\/td><td class=\"column-4\">1 Aral\u0131k 2025<\/td><td class=\"column-5\"><a href=\"https:\/\/enviragallery.com\/addons\/exif-addon\/\" target=\"_blank\" rel=\"noopener\">Eklenti Sayfas\u0131<\/a><\/td>\n<\/tr>\n<tr class=\"row-17 odd\">\n\t<td class=\"column-1\">Envira Gallery - Featured Content Addon<\/td><td class=\"column-2\">1.3.1<\/td><td class=\"column-3\"><a class=\"download-link\" title=\"\u0130ndir &ldquo;Envira Gallery - Featured Content Addon&rdquo;&nbsp;Versiyon 1.3.1\" href=\"https:\/\/wpdepo.com\/tr\/\/download\/6557\/\" rel=\"nofollow\">\n\t\u0130ndir<\/a><\/td><td class=\"column-4\">13 \u015eubat 2024<\/td><td class=\"column-5\"><a href=\"https:\/\/enviragallery.com\/addons\/featured-content-addon\/\" target=\"_blank\" rel=\"noopener\">Eklenti Sayfas\u0131<\/a><\/td>\n<\/tr>\n<tr class=\"row-18 even\">\n\t<td class=\"column-1\">Envira Gallery - Fullscreen Addon<\/td><td class=\"column-2\">1.2.7<\/td><td class=\"column-3\"><a class=\"download-link\" title=\"\u0130ndir &ldquo;Envira Gallery - Fullscreen Addon&rdquo;&nbsp;Versiyon 1.2.7\" href=\"https:\/\/wpdepo.com\/tr\/\/download\/6559\/\" rel=\"nofollow\">\n\t\u0130ndir<\/a><\/td><td class=\"column-4\">13 \u015eubat 2024<\/td><td class=\"column-5\"><a href=\"https:\/\/enviragallery.com\/addons\/fullscreen-addon\/\" target=\"_blank\" rel=\"noopener\">Eklenti Sayfas\u0131<\/a><\/td>\n<\/tr>\n<tr class=\"row-19 odd\">\n\t<td class=\"column-1\">Envira Gallery - Gallery Themes Addon<\/td><td class=\"column-2\">2.0.6<\/td><td class=\"column-3\"><a class=\"download-link\" title=\"\u0130ndir &ldquo;Envira Gallery - Gallery Themes Addon&rdquo;&nbsp;Versiyon 2.0.6\" href=\"https:\/\/wpdepo.com\/tr\/\/download\/6627\/\" rel=\"nofollow\">\n\t\u0130ndir<\/a><\/td><td class=\"column-4\">14 Kas\u0131m 2023<\/td><td class=\"column-5\"><a href=\"https:\/\/enviragallery.com\/addons\/gallery-themes-addon\/\" target=\"_blank\" rel=\"noopener\">Eklenti Sayfas\u0131<\/a><\/td>\n<\/tr>\n<tr class=\"row-20 even\">\n\t<td class=\"column-1\">Envira Gallery - Image Licensing Addon<\/td><td class=\"column-2\">1.0.0<\/td><td class=\"column-3\"><a class=\"download-link\" title=\"\u0130ndir &ldquo;Envira Gallery - Image Licensing Addon&rdquo;&nbsp;Versiyon 1.0.0\" href=\"https:\/\/wpdepo.com\/tr\/\/download\/86825\/\" rel=\"nofollow\">\n\t\u0130ndir<\/a><\/td><td class=\"column-4\">8 Ekim 2024<\/td><td class=\"column-5\"><a href=\"https:\/\/enviragallery.com\/addons\/image-licensing-addon\/\" target=\"_blank\" rel=\"noopener\">Eklenti Sayfas\u0131<\/a><\/td>\n<\/tr>\n<tr class=\"row-21 odd\">\n\t<td class=\"column-1\">Envira Gallery - Instagram Addon<\/td><td class=\"column-2\">1.6.4<\/td><td class=\"column-3\"><a class=\"download-link\" title=\"\u0130ndir &ldquo;Envira Gallery - Instagram Addon&rdquo;&nbsp;Versiyon 1.6.4\" href=\"https:\/\/wpdepo.com\/tr\/\/download\/6629\/\" rel=\"nofollow\">\n\t\u0130ndir<\/a><\/td><td class=\"column-4\">30 Aral\u0131k 2024<\/td><td class=\"column-5\"><a href=\"https:\/\/enviragallery.com\/addons\/instagram-addon\/\" target=\"_blank\" rel=\"noopener\">Eklenti Sayfas\u0131<\/a><\/td>\n<\/tr>\n<tr class=\"row-22 even\">\n\t<td class=\"column-1\">Envira Gallery - Lightroom Addon<\/td><td class=\"column-2\">2.3.5<\/td><td class=\"column-3\"><a class=\"download-link\" title=\"\u0130ndir &ldquo;Envira Gallery - Lightroom Addon&rdquo;&nbsp;Versiyon 2.3.5\" href=\"https:\/\/wpdepo.com\/tr\/\/download\/6631\/\" rel=\"nofollow\">\n\t\u0130ndir<\/a><\/td><td class=\"column-4\">13 \u015eubat 2024<\/td><td class=\"column-5\"><a href=\"https:\/\/enviragallery.com\/addons\/lightroom-addon\/\" target=\"_blank\" rel=\"noopener\">Eklenti Sayfas\u0131<\/a><\/td>\n<\/tr>\n<tr class=\"row-23 odd\">\n\t<td class=\"column-1\">Envira Gallery - NextGEN Importer Addon<\/td><td class=\"column-2\">1.2.6<\/td><td class=\"column-3\"><a class=\"download-link\" title=\"\u0130ndir &ldquo;Envira Gallery - NextGEN Importer Addon&rdquo;&nbsp;Versiyon 1.2.6\" href=\"https:\/\/wpdepo.com\/tr\/\/download\/6633\/\" rel=\"nofollow\">\n\t\u0130ndir<\/a><\/td><td class=\"column-4\">13 \u015eubat 2024<\/td><td class=\"column-5\"><a href=\"https:\/\/enviragallery.com\/addons\/nextgen-importer-addon\/\" target=\"_blank\" rel=\"noopener\">Eklenti Sayfas\u0131<\/a><\/td>\n<\/tr>\n<tr class=\"row-24 even\">\n\t<td class=\"column-1\">Envira Gallery - Pagination Addon<\/td><td class=\"column-2\">1.9.0<\/td><td class=\"column-3\"><a class=\"download-link\" title=\"\u0130ndir &ldquo;Envira Gallery - Pagination Addon&rdquo;&nbsp;Versiyon 1.9.0\" href=\"https:\/\/wpdepo.com\/tr\/\/download\/6635\/\" rel=\"nofollow\">\n\t\u0130ndir<\/a><\/td><td class=\"column-4\">1 Aral\u0131k 2025<\/td><td class=\"column-5\"><a href=\"https:\/\/enviragallery.com\/addons\/pagination-addon\/\" target=\"_blank\" rel=\"noopener\">Eklenti Sayfas\u0131<\/a><\/td>\n<\/tr>\n<tr class=\"row-25 odd\">\n\t<td class=\"column-1\">Envira Gallery - Password Protection Addon<\/td><td class=\"column-2\">1.5.0<\/td><td class=\"column-3\"><a class=\"download-link\" title=\"\u0130ndir &ldquo;Envira Gallery - Password Protection Addon&rdquo;&nbsp;Versiyon 1.5.0\" href=\"https:\/\/wpdepo.com\/tr\/\/download\/6637\/\" rel=\"nofollow\">\n\t\u0130ndir<\/a><\/td><td class=\"column-4\">22 Aral\u0131k 2025<\/td><td class=\"column-5\"><a href=\"https:\/\/enviragallery.com\/addons\/password-protection-addon\/\" target=\"_blank\" rel=\"noopener\">Eklenti Sayfas\u0131<\/a><\/td>\n<\/tr>\n<tr class=\"row-26 even\">\n\t<td class=\"column-1\">Envira Gallery - Pinterest Addon<\/td><td class=\"column-2\">1.3.0<\/td><td class=\"column-3\"><a class=\"download-link\" title=\"\u0130ndir &ldquo;Envira Gallery - Pinterest Addon&rdquo;&nbsp;Versiyon 1.3.0\" href=\"https:\/\/wpdepo.com\/tr\/\/download\/6639\/\" rel=\"nofollow\">\n\t\u0130ndir<\/a><\/td><td class=\"column-4\">11 Nisan 2018<\/td><td class=\"column-5\"><a href=\"https:\/\/enviragallery.com\/addons\/pinterest-addon\/\" target=\"_blank\" rel=\"noopener\">Eklenti Sayfas\u0131<\/a><\/td>\n<\/tr>\n<tr class=\"row-27 odd\">\n\t<td class=\"column-1\">Envira Gallery - Printing Addon<\/td><td class=\"column-2\">1.4.1<\/td><td class=\"column-3\"><a class=\"download-link\" title=\"\u0130ndir &ldquo;Envira Gallery - Printing Addon&rdquo;&nbsp;Versiyon 1.4.1\" href=\"https:\/\/wpdepo.com\/tr\/\/download\/6641\/\" rel=\"nofollow\">\n\t\u0130ndir<\/a><\/td><td class=\"column-4\">13 \u015eubat 2024<\/td><td class=\"column-5\"><a href=\"https:\/\/enviragallery.com\/addons\/printing-addon\/\" target=\"_blank\" rel=\"noopener\">Eklenti Sayfas\u0131<\/a><\/td>\n<\/tr>\n<tr class=\"row-28 even\">\n\t<td class=\"column-1\">Envira Gallery - Proofing Addon<\/td><td class=\"column-2\">2.1.0<\/td><td class=\"column-3\"><a class=\"download-link\" title=\"\u0130ndir &ldquo;Envira Gallery - Proofing Addon&rdquo;&nbsp;Versiyon 2.1.0\" href=\"https:\/\/wpdepo.com\/tr\/\/download\/6643\/\" rel=\"nofollow\">\n\t\u0130ndir<\/a><\/td><td class=\"column-4\">1 Aral\u0131k 2025<\/td><td class=\"column-5\"><a href=\"https:\/\/enviragallery.com\/addons\/proofing-addon\/\" target=\"_blank\" rel=\"noopener\">Eklenti Sayfas\u0131<\/a><\/td>\n<\/tr>\n<tr class=\"row-29 odd\">\n\t<td class=\"column-1\">Envira Gallery - Protection Addon<\/td><td class=\"column-2\">1.3.8<\/td><td class=\"column-3\"><a class=\"download-link\" title=\"\u0130ndir &ldquo;Envira Gallery - Protection Addon&rdquo;&nbsp;Versiyon 1.3.8\" href=\"https:\/\/wpdepo.com\/tr\/\/download\/6645\/\" rel=\"nofollow\">\n\t\u0130ndir<\/a><\/td><td class=\"column-4\">28 A\u011fustos 2024<\/td><td class=\"column-5\"><a href=\"https:\/\/enviragallery.com\/addons\/protection-addon\/\" target=\"_blank\" rel=\"noopener\">Eklenti Sayfas\u0131<\/a><\/td>\n<\/tr>\n<tr class=\"row-30 even\">\n\t<td class=\"column-1\">Envira Gallery - Schedule Addon<\/td><td class=\"column-2\">1.2.6<\/td><td class=\"column-3\"><a class=\"download-link\" title=\"\u0130ndir &ldquo;Envira Gallery - Schedule Addon&rdquo;&nbsp;Versiyon 1.2.6\" href=\"https:\/\/wpdepo.com\/tr\/\/download\/6647\/\" rel=\"nofollow\">\n\t\u0130ndir<\/a><\/td><td class=\"column-4\">13 \u015eubat 2024<\/td><td class=\"column-5\"><a href=\"https:\/\/enviragallery.com\/addons\/schedule-addon\/\" target=\"_blank\" rel=\"noopener\">Eklenti Sayfas\u0131<\/a><\/td>\n<\/tr>\n<tr class=\"row-31 odd\">\n\t<td class=\"column-1\">Envira Gallery - Slideshow Addon<\/td><td class=\"column-2\">1.3.9<\/td><td class=\"column-3\"><a class=\"download-link\" title=\"\u0130ndir &ldquo;Envira Gallery - Slideshow Addon&rdquo;&nbsp;Versiyon 1.3.9\" href=\"https:\/\/wpdepo.com\/tr\/\/download\/6649\/\" rel=\"nofollow\">\n\t\u0130ndir<\/a><\/td><td class=\"column-4\">13 \u015eubat 2024<\/td><td class=\"column-5\"><a href=\"https:\/\/enviragallery.com\/addons\/slideshow-addon\/\" target=\"_blank\" rel=\"noopener\">Eklenti Sayfas\u0131<\/a><\/td>\n<\/tr>\n<tr class=\"row-32 even\">\n\t<td class=\"column-1\">Envira Gallery - Social Addon<\/td><td class=\"column-2\">1.6.10<\/td><td class=\"column-3\"><a class=\"download-link\" title=\"\u0130ndir &ldquo;Envira Gallery - Social Addon&rdquo;&nbsp;Versiyon 1.6.10\" href=\"https:\/\/wpdepo.com\/tr\/\/download\/6651\/\" rel=\"nofollow\">\n\t\u0130ndir<\/a><\/td><td class=\"column-4\">28 A\u011fustos 2024<\/td><td class=\"column-5\"><a href=\"https:\/\/enviragallery.com\/addons\/social-addon\/\" target=\"_blank\" rel=\"noopener\">Eklenti Sayfas\u0131<\/a><\/td>\n<\/tr>\n<tr class=\"row-33 odd\">\n\t<td class=\"column-1\">Envira Gallery - Tags Addon<\/td><td class=\"column-2\">1.9.0<\/td><td class=\"column-3\"><a class=\"download-link\" title=\"\u0130ndir &ldquo;Envira Gallery - Tags Addon&rdquo;&nbsp;Versiyon 1.9.0\" href=\"https:\/\/wpdepo.com\/tr\/\/download\/6653\/\" rel=\"nofollow\">\n\t\u0130ndir<\/a><\/td><td class=\"column-4\">1 Aral\u0131k 2025<\/td><td class=\"column-5\"><a href=\"https:\/\/enviragallery.com\/addons\/tags-addon\/\" target=\"_blank\" rel=\"noopener\">Eklenti Sayfas\u0131<\/a><\/td>\n<\/tr>\n<tr class=\"row-34 even\">\n\t<td class=\"column-1\">Envira Gallery - Videos Addon<\/td><td class=\"column-2\">1.6.10<\/td><td class=\"column-3\"><a class=\"download-link\" title=\"\u0130ndir &ldquo;Envira Gallery - Videos Addon&rdquo;&nbsp;Versiyon 1.6.10\" href=\"https:\/\/wpdepo.com\/tr\/\/download\/6655\/\" rel=\"nofollow\">\n\t\u0130ndir<\/a><\/td><td class=\"column-4\">13 \u015eubat 2024<\/td><td class=\"column-5\"><a href=\"https:\/\/enviragallery.com\/addons\/videos-addon\/\" target=\"_blank\" rel=\"noopener\">Eklenti Sayfas\u0131<\/a><\/td>\n<\/tr>\n<tr class=\"row-35 odd\">\n\t<td class=\"column-1\">Envira Gallery - Watermarking Addon<\/td><td class=\"column-2\">1.4.6<\/td><td class=\"column-3\"><a class=\"download-link\" title=\"\u0130ndir &ldquo;Envira Gallery - Watermarking Addon&rdquo;&nbsp;Versiyon 1.4.6\" href=\"https:\/\/wpdepo.com\/tr\/\/download\/6679\/\" rel=\"nofollow\">\n\t\u0130ndir<\/a><\/td><td class=\"column-4\">13 \u015eubat 2024<\/td><td class=\"column-5\"><a href=\"https:\/\/enviragallery.com\/addons\/watermarking-addon\/\" target=\"_blank\" rel=\"noopener\">Eklenti Sayfas\u0131<\/a><\/td>\n<\/tr>\n<tr class=\"row-36 even\">\n\t<td class=\"column-1\">Envira Gallery - WooCommerce Addon<\/td><td class=\"column-2\">1.5.10<\/td><td class=\"column-3\"><a class=\"download-link\" title=\"\u0130ndir &ldquo;Envira Gallery - WooCommerce Addon&rdquo;&nbsp;Versiyon 1.5.10\" href=\"https:\/\/wpdepo.com\/tr\/\/download\/6681\/\" rel=\"nofollow\">\n\t\u0130ndir<\/a><\/td><td class=\"column-4\">3 Nisan 2024<\/td><td class=\"column-5\"><a href=\"https:\/\/enviragallery.com\/addons\/woocommerce-addon\/\" target=\"_blank\" rel=\"noopener\">Eklenti Sayfas\u0131<\/a><\/td>\n<\/tr>\n<tr class=\"row-37 odd\">\n\t<td class=\"column-1\">Envira Gallery - ZIP Importer Addon<\/td><td class=\"column-2\">1.2.6<\/td><td class=\"column-3\"><a class=\"download-link\" title=\"\u0130ndir &ldquo;Envira Gallery - ZIP Importer Addon&rdquo;&nbsp;Versiyon 1.2.6\" href=\"https:\/\/wpdepo.com\/tr\/\/download\/6683\/\" rel=\"nofollow\">\n\t\u0130ndir<\/a><\/td><td class=\"column-4\">13 \u015eubat 2024<\/td><td class=\"column-5\"><a href=\"https:\/\/enviragallery.com\/addons\/zip-importer-addon\/\" target=\"_blank\" rel=\"noopener\">Eklenti Sayfas\u0131<\/a><\/td>\n<\/tr>\n<tr class=\"row-38 even\">\n\t<td class=\"column-1\">Envira Gallery - Zoom Addon<\/td><td class=\"column-2\">1.4.1<\/td><td class=\"column-3\"><a class=\"download-link\" title=\"\u0130ndir &ldquo;Envira Gallery - Zoom Addon&rdquo;&nbsp;Versiyon 1.4.1\" href=\"https:\/\/wpdepo.com\/tr\/\/download\/6685\/\" rel=\"nofollow\">\n\t\u0130ndir<\/a><\/td><td class=\"column-4\">13 \u015eubat 2024<\/td><td class=\"column-5\"><a href=\"https:\/\/enviragallery.com\/addons\/zoom-addon\/\" target=\"_blank\" rel=\"noopener\">Eklenti Sayfas\u0131<\/a><\/td>\n<\/tr>\n<\/tbody>\n<\/table>\n\r\n\r\n\t\t<\/div>\n\t\t\t\t\t<\/div>\n\n\t\r\n\r\n<\/div>\r\n\r\n\t\t<\/div>\n\n\t\t\n<style>\n#section_1379553054 {\n  padding-top: 30px;\n  padding-bottom: 30px;\n}\n<\/style>\n\t<\/section>\n\t","protected":false},"excerpt":{"rendered":"","protected":false},"author":1,"featured_media":0,"parent":0,"menu_order":0,"comment_status":"closed","ping_status":"closed","template":"page-blank.php","meta":{"footnotes":""},"class_list":["post-6562","page","type-page","status-publish","hentry"],"_links":{"self":[{"href":"https:\/\/wpdepo.com\/tr\/wp-json\/wp\/v2\/pages\/6562","targetHints":{"allow":["GET"]}}],"collection":[{"href":"https:\/\/wpdepo.com\/tr\/wp-json\/wp\/v2\/pages"}],"about":[{"href":"https:\/\/wpdepo.com\/tr\/wp-json\/wp\/v2\/types\/page"}],"author":[{"embeddable":true,"href":"https:\/\/wpdepo.com\/tr\/wp-json\/wp\/v2\/users\/1"}],"replies":[{"embeddable":true,"href":"https:\/\/wpdepo.com\/tr\/wp-json\/wp\/v2\/comments?post=6562"}],"version-history":[{"count":0,"href":"https:\/\/wpdepo.com\/tr\/wp-json\/wp\/v2\/pages\/6562\/revisions"}],"wp:attachment":[{"href":"https:\/\/wpdepo.com\/tr\/wp-json\/wp\/v2\/media?parent=6562"}],"curies":[{"name":"wp","href":"https:\/\/api.w.org\/{rel}","templated":true}]}}