{"id":6301,"date":"2018-01-23T18:16:22","date_gmt":"2018-01-23T15:16:22","guid":{"rendered":"https:\/\/wpdepo.com\/?page_id=6301"},"modified":"2018-09-03T20:46:55","modified_gmt":"2018-09-03T17:46:55","slug":"oceanwp-eklentileri","status":"publish","type":"page","link":"https:\/\/wpdepo.com\/tr\/oceanwp-eklentileri\/","title":{"rendered":"OceanWP Eklentileri"},"content":{"rendered":"\n\t<section class=\"section\" id=\"section_2046711474\">\n\t\t<div class=\"section-bg fill\" >\n\t\t\t\t\t\t\t\t\t\n\t\t\t\n\n\t\t<\/div>\n\n\t\t\n\n\t\t<div class=\"section-content relative\">\n\t\t\t\r\n\r\n<div class=\"row\"  id=\"row-785186276\">\r\n\r\n\n\t<div id=\"col-2136139703\" class=\"col small-12 large-12\"  >\n\t\t\t\t<div class=\"col-inner text-left\"  >\n\t\t\t\n\t\t\t\r\n\r\n<h2 style=\"text-align: center;\">OceanWP<\/h2>\r\n<p>OceanWP, WordPress ile g\u00fczel ve benzersiz web siteleri olu\u015fturmay\u0131 kolay hale getiren \u00fccretsiz, \u00e7ok ama\u00e7l\u0131 bir WordPress temas\u0131d\u0131r. OceanWP temas\u0131n\u0131 WordPress deposundan indirip kurabilirsiniz.<\/p>\r\n<p>OceanWP taraf\u0131ndan geli\u015ftirilen \u00fccretli geni\u015fletme paketlerini depomuzdan indirebilirsiniz.<\/p>\r\n\r\n\t\t<\/div>\n\t\t\t\t\t<\/div>\n\n\t\r\n\r\n<\/div>\r\n\r\n\t\t<\/div>\n\n\t\t\n<style>\n#section_2046711474 {\n  padding-top: 0px;\n  padding-bottom: 0px;\n  background-color: rgb(245, 245, 245);\n}\n<\/style>\n\t<\/section>\n\t\r\n\n\t<section class=\"section\" id=\"section_59055780\">\n\t\t<div class=\"section-bg fill\" >\n\t\t\t\t\t\t\t\t\t\n\t\t\t\n\n\t\t<\/div>\n\n\t\t\n\n\t\t<div class=\"section-content relative\">\n\t\t\t\r\n\r\n<div class=\"row\"  id=\"row-786067477\">\r\n\r\n\n\t<div id=\"col-830603562\" class=\"col small-12 large-12\"  >\n\t\t\t\t<div class=\"col-inner text-left\"  >\n\t\t\t\n\t\t\t\r\n\r\n\n<table id=\"tablepress-58\" class=\"tablepress tablepress-id-58\">\n<thead>\n<tr class=\"row-1 odd\">\n\t<th class=\"column-1\">Eklenti Ad\u0131<\/th><th class=\"column-2\">Versiyon<\/th><th class=\"column-3\">\u0130ndir<\/th><th class=\"column-4\">G\u00fcncelleme<\/th><th class=\"column-5\">Bilgi<\/th>\n<\/tr>\n<\/thead>\n<tbody class=\"row-hover\">\n<tr class=\"row-2 even\">\n\t<td class=\"column-1\">OceanWP Cookie Notice<\/td><td class=\"column-2\">2.2.1<\/td><td class=\"column-3\"><a class=\"download-link\" title=\"\u0130ndir &ldquo;OceanWP Cookie Notice&rdquo;&nbsp;Versiyon 2.2.1\" href=\"https:\/\/wpdepo.com\/tr\/\/download\/12954\/\" rel=\"nofollow\">\n\t\u0130ndir<\/a><\/td><td class=\"column-4\">3 Haziran 2025<\/td><td class=\"column-5\"><a href=\"https:\/\/oceanwp.org\/extension\/ocean-cookie-notice\/\" target=\"_blank\" rel=\"noopener\">Eklenti Sayfas\u0131<\/a><\/td>\n<\/tr>\n<tr class=\"row-3 odd\">\n\t<td class=\"column-1\">OceanWP Elementor Widgets<\/td><td class=\"column-2\">2.4.8<\/td><td class=\"column-3\"><a class=\"download-link\" title=\"\u0130ndir &ldquo;OceanWP Elementor Widgets&rdquo;&nbsp;Versiyon 2.4.8\" href=\"https:\/\/wpdepo.com\/tr\/\/download\/6275\/\" rel=\"nofollow\">\n\t\u0130ndir<\/a><\/td><td class=\"column-4\">7 Nisan 2025<\/td><td class=\"column-5\"><a href=\"https:\/\/oceanwp.org\/extension\/ocean-elementor-widgets\/\" target=\"_blank\" rel=\"noopener\">Eklenti Sayfas\u0131<\/a><\/td>\n<\/tr>\n<tr class=\"row-4 even\">\n\t<td class=\"column-1\">OceanWP Footer Callout<\/td><td class=\"column-2\">2.2.2<\/td><td class=\"column-3\"><a class=\"download-link\" title=\"\u0130ndir &ldquo;OceanWP Footer Callout&rdquo;&nbsp;Versiyon 2.2.2\" href=\"https:\/\/wpdepo.com\/tr\/\/download\/6278\/\" rel=\"nofollow\">\n\t\u0130ndir<\/a><\/td><td class=\"column-4\">3 Haziran 2025<\/td><td class=\"column-5\"><a href=\"https:\/\/oceanwp.org\/extension\/ocean-footer-callout\/\" target=\"_blank\" rel=\"noopener\">Eklenti Sayfas\u0131<\/a><\/td>\n<\/tr>\n<tr class=\"row-5 odd\">\n\t<td class=\"column-1\">OceanWP Full Screen<\/td><td class=\"column-2\">2.1.6<\/td><td class=\"column-3\"><a class=\"download-link\" title=\"\u0130ndir &ldquo;OceanWP Full Screen&rdquo;&nbsp;Versiyon 2.1.6\" href=\"https:\/\/wpdepo.com\/tr\/\/download\/13328\/\" rel=\"nofollow\">\n\t\u0130ndir<\/a><\/td><td class=\"column-4\">21 May\u0131s 2025<\/td><td class=\"column-5\"><a href=\"https:\/\/oceanwp.org\/extension\/ocean-full-screen\/\" target=\"_blank\" rel=\"noopener\">Eklenti Sayfas\u0131<\/a><\/td>\n<\/tr>\n<tr class=\"row-6 even\">\n\t<td class=\"column-1\">OceanWP Gutenberg Blocks<\/td><td class=\"column-2\">1.2.0<\/td><td class=\"column-3\"><a class=\"download-link\" title=\"\u0130ndir &ldquo;OceanWP Gutenberg Blocks&rdquo;&nbsp;Versiyon 1.2.0\" href=\"https:\/\/wpdepo.com\/tr\/\/download\/72029\/\" rel=\"nofollow\">\n\t\u0130ndir<\/a><\/td><td class=\"column-4\">8 Aral\u0131k 2025<\/td><td class=\"column-5\"><a href=\"https:\/\/oceanwp.org\/\" target=\"_blank\" rel=\"noopener\">Eklenti Sayfas\u0131<\/a><\/td>\n<\/tr>\n<tr class=\"row-7 odd\">\n\t<td class=\"column-1\">OceanWP Hooks<\/td><td class=\"column-2\">2.1.6<\/td><td class=\"column-3\"><a class=\"download-link\" title=\"\u0130ndir &ldquo;OceanWP Hooks&rdquo;&nbsp;Versiyon 2.1.6\" href=\"https:\/\/wpdepo.com\/tr\/\/download\/6280\/\" rel=\"nofollow\">\n\t\u0130ndir<\/a><\/td><td class=\"column-4\">3 Nisan 2026<\/td><td class=\"column-5\"><a href=\"https:\/\/oceanwp.org\/extension\/ocean-hooks\/\" target=\"_blank\" rel=\"noopener\">Eklenti Sayfas\u0131<\/a><\/td>\n<\/tr>\n<tr class=\"row-8 even\">\n\t<td class=\"column-1\">OceanWP Instagram<\/td><td class=\"column-2\">1.2.4<\/td><td class=\"column-3\"><a class=\"download-link\" title=\"\u0130ndir &ldquo;OceanWP Instagram&rdquo;&nbsp;Versiyon 1.2.4\" href=\"https:\/\/wpdepo.com\/tr\/\/download\/6282\/\" rel=\"nofollow\">\n\t\u0130ndir<\/a><\/td><td class=\"column-4\">21 May\u0131s 2025<\/td><td class=\"column-5\"><a href=\"https:\/\/oceanwp.org\/extension\/ocean-instagram\/\" target=\"_blank\" rel=\"noopener\">Eklenti Sayfas\u0131<\/a><\/td>\n<\/tr>\n<tr class=\"row-9 odd\">\n\t<td class=\"column-1\">OceanWP Ocean Extra<\/td><td class=\"column-2\">2.5.5<\/td><td class=\"column-3\"><a class=\"download-link\" title=\"\u0130ndir &ldquo;OceanWP Ocean Extra&rdquo;&nbsp;Versiyon 2.5.5\" href=\"https:\/\/wpdepo.com\/tr\/\/download\/35906\/\" rel=\"nofollow\">\n\t\u0130ndir<\/a><\/td><td class=\"column-4\">3 Nisan 2026<\/td><td class=\"column-5\"><a href=\"https:\/\/oceanwp.org\/extension\/ocean-extra\/\" target=\"_blank\" rel=\"noopener\">Eklenti Sayfas\u0131<\/a><\/td>\n<\/tr>\n<tr class=\"row-10 even\">\n\t<td class=\"column-1\">OceanWP Popup Login<\/td><td class=\"column-2\">2.2.1<\/td><td class=\"column-3\"><a class=\"download-link\" title=\"\u0130ndir &ldquo;OceanWP Popup Login&rdquo;&nbsp;Versiyon 2.2.1\" href=\"https:\/\/wpdepo.com\/tr\/\/download\/6284\/\" rel=\"nofollow\">\n\t\u0130ndir<\/a><\/td><td class=\"column-4\">4 Mart 2025<\/td><td class=\"column-5\"><a href=\"https:\/\/oceanwp.org\/extension\/ocean-popup-login\/\" target=\"_blank\" rel=\"noopener\">Eklenti Sayfas\u0131<\/a><\/td>\n<\/tr>\n<tr class=\"row-11 odd\">\n\t<td class=\"column-1\">OceanWP Portfolio<\/td><td class=\"column-2\">2.3.1<\/td><td class=\"column-3\"><a class=\"download-link\" title=\"\u0130ndir &ldquo;OceanWP Portfolio&rdquo;&nbsp;Versiyon 2.3.1\" href=\"https:\/\/wpdepo.com\/tr\/\/download\/6286\/\" rel=\"nofollow\">\n\t\u0130ndir<\/a><\/td><td class=\"column-4\">18 Aral\u0131k 2024<\/td><td class=\"column-5\"><a href=\"https:\/\/oceanwp.org\/extension\/ocean-portfolio\/\" target=\"_blank\" rel=\"noopener\">Eklenti Sayfas\u0131<\/a><\/td>\n<\/tr>\n<tr class=\"row-12 even\">\n\t<td class=\"column-1\">OceanWP Pro Demos<\/td><td class=\"column-2\">1.5.2<\/td><td class=\"column-3\"><a class=\"download-link\" title=\"\u0130ndir &ldquo;OceanWP Pro Demos&rdquo;&nbsp;Versiyon 1.5.2\" href=\"https:\/\/wpdepo.com\/tr\/\/download\/6288\/\" rel=\"nofollow\">\n\t\u0130ndir<\/a><\/td><td class=\"column-4\">14 Kas\u0131m 2024<\/td><td class=\"column-5\"><a href=\"https:\/\/oceanwp.org\/demos\/\" target=\"_blank\" rel=\"noopener\">Eklenti Sayfas\u0131<\/a><\/td>\n<\/tr>\n<tr class=\"row-13 odd\">\n\t<td class=\"column-1\">OceanWP Side Panel<\/td><td class=\"column-2\">2.2.1<\/td><td class=\"column-3\"><a class=\"download-link\" title=\"\u0130ndir &ldquo;OceanWP Side Panel&rdquo;&nbsp;Versiyon 2.2.1\" href=\"https:\/\/wpdepo.com\/tr\/\/download\/6290\/\" rel=\"nofollow\">\n\t\u0130ndir<\/a><\/td><td class=\"column-4\">18 Aral\u0131k 2024<\/td><td class=\"column-5\"><a href=\"https:\/\/oceanwp.org\/extension\/ocean-side-panel\/\" target=\"_blank\" rel=\"noopener\">Eklenti Sayfas\u0131<\/a><\/td>\n<\/tr>\n<tr class=\"row-14 even\">\n\t<td class=\"column-1\">OceanWP Sticky Footer<\/td><td class=\"column-2\">2.1.0<\/td><td class=\"column-3\"><a class=\"download-link\" title=\"\u0130ndir &ldquo;OceanWP Sticky Footer&rdquo;&nbsp;Versiyon 2.1.0\" href=\"https:\/\/wpdepo.com\/tr\/\/download\/6292\/\" rel=\"nofollow\">\n\t\u0130ndir<\/a><\/td><td class=\"column-4\">18 Ekim 2024<\/td><td class=\"column-5\"><a href=\"https:\/\/oceanwp.org\/extension\/ocean-sticky-footer\/\" target=\"_blank\" rel=\"noopener\">Eklenti Sayfas\u0131<\/a><\/td>\n<\/tr>\n<tr class=\"row-15 odd\">\n\t<td class=\"column-1\">OceanWP Sticky Header<\/td><td class=\"column-2\">2.2.3<\/td><td class=\"column-3\"><a class=\"download-link\" title=\"\u0130ndir &ldquo;OceanWP Sticky Header&rdquo;&nbsp;Versiyon 2.2.3\" href=\"https:\/\/wpdepo.com\/tr\/\/download\/6294\/\" rel=\"nofollow\">\n\t\u0130ndir<\/a><\/td><td class=\"column-4\">3 Nisan 2026<\/td><td class=\"column-5\"><a href=\"https:\/\/oceanwp.org\/extension\/ocean-sticky-header\/\" target=\"_blank\" rel=\"noopener\">Eklenti Sayfas\u0131<\/a><\/td>\n<\/tr>\n<tr class=\"row-16 even\">\n\t<td class=\"column-1\">OceanWP White Label<\/td><td class=\"column-2\">2.1.1<\/td><td class=\"column-3\"><a class=\"download-link\" title=\"\u0130ndir &ldquo;OceanWP White Label&rdquo;&nbsp;Versiyon 2.1.1\" href=\"https:\/\/wpdepo.com\/tr\/\/download\/6296\/\" rel=\"nofollow\">\n\t\u0130ndir<\/a><\/td><td class=\"column-4\">21 May\u0131s 2025<\/td><td class=\"column-5\"><a href=\"https:\/\/oceanwp.org\/extension\/ocean-white-label\/\" target=\"_blank\" rel=\"noopener\">Eklenti Sayfas\u0131<\/a><\/td>\n<\/tr>\n<tr class=\"row-17 odd\">\n\t<td class=\"column-1\">OceanWP Woo Popup<\/td><td class=\"column-2\">2.1.1<\/td><td class=\"column-3\"><a class=\"download-link\" title=\"\u0130ndir &ldquo;OceanWP Woo Popup&rdquo;&nbsp;Versiyon 2.1.1\" href=\"https:\/\/wpdepo.com\/tr\/\/download\/6298\/\" rel=\"nofollow\">\n\t\u0130ndir<\/a><\/td><td class=\"column-4\">21 May\u0131s 2025<\/td><td class=\"column-5\"><a href=\"https:\/\/oceanwp.org\/extension\/ocean-woo-popup\/\" target=\"_blank\" rel=\"noopener\">Eklenti Sayfas\u0131<\/a><\/td>\n<\/tr>\n<\/tbody>\n<\/table>\n\r\n\r\n\t\t<\/div>\n\t\t\t\t\t<\/div>\n\n\t\r\n\r\n<\/div>\r\n\r\n\t\t<\/div>\n\n\t\t\n<style>\n#section_59055780 {\n  padding-top: 30px;\n  padding-bottom: 30px;\n}\n<\/style>\n\t<\/section>\n\t","protected":false},"excerpt":{"rendered":"","protected":false},"author":1,"featured_media":0,"parent":0,"menu_order":0,"comment_status":"closed","ping_status":"closed","template":"page-blank.php","meta":{"footnotes":""},"class_list":["post-6301","page","type-page","status-publish","hentry"],"_links":{"self":[{"href":"https:\/\/wpdepo.com\/tr\/wp-json\/wp\/v2\/pages\/6301","targetHints":{"allow":["GET"]}}],"collection":[{"href":"https:\/\/wpdepo.com\/tr\/wp-json\/wp\/v2\/pages"}],"about":[{"href":"https:\/\/wpdepo.com\/tr\/wp-json\/wp\/v2\/types\/page"}],"author":[{"embeddable":true,"href":"https:\/\/wpdepo.com\/tr\/wp-json\/wp\/v2\/users\/1"}],"replies":[{"embeddable":true,"href":"https:\/\/wpdepo.com\/tr\/wp-json\/wp\/v2\/comments?post=6301"}],"version-history":[{"count":0,"href":"https:\/\/wpdepo.com\/tr\/wp-json\/wp\/v2\/pages\/6301\/revisions"}],"wp:attachment":[{"href":"https:\/\/wpdepo.com\/tr\/wp-json\/wp\/v2\/media?parent=6301"}],"curies":[{"name":"wp","href":"https:\/\/api.w.org\/{rel}","templated":true}]}}