{"id":61,"date":"2017-04-22T14:21:59","date_gmt":"2017-04-22T11:21:59","guid":{"rendered":"https:\/\/wpdepo.com\/?page_id=61"},"modified":"2024-07-22T20:17:12","modified_gmt":"2024-07-22T20:17:12","slug":"sss","status":"publish","type":"page","link":"https:\/\/wpdepo.com\/tr\/sss\/","title":{"rendered":"S\u0131k\u00e7a Sorulan Sorular"},"content":{"rendered":"\n\t<section class=\"section sss-banner\" id=\"section_17047809\">\n\t\t<div class=\"section-bg fill\" >\n\t\t\t\t\t\t\t\t\t\n\t\t\t\n\n\t\t<\/div>\n\n\t\t\n\n\t\t<div class=\"section-content relative\">\n\t\t\t\n\n<div class=\"row align-center\"  id=\"row-599318552\">\n\n\n\t<div id=\"col-1395981050\" class=\"col medium-10 small-12 large-10\"  >\n\t\t\t\t<div class=\"col-inner text-center\"  >\n\t\t\t\n\t\t\t\n\n<h4 style=\"text-align: center;\"><strong>SIK\u00c7A SORULAN SORULAR<\/strong><\/h4>\n<h1 style=\"text-align: center;color:#303030;\">Akl\u0131n\u0131zdaki sorular\u0131n cevaplar\u0131<\/h1>\n\n\t\t<\/div>\n\t\t\t\t\t<\/div>\n\n\t\n\n<\/div>\n\n\t\t<\/div>\n\n\t\t\n<style>\n#section_17047809 {\n  padding-top: 60px;\n  padding-bottom: 60px;\n  background-color: rgb(241, 196, 15);\n}\n<\/style>\n\t<\/section>\n\t\n\n\t<section class=\"section\" id=\"section_1456994194\">\n\t\t<div class=\"section-bg fill\" >\n\t\t\t\t\t\t\t\t\t\n\t\t\t\n\n\t\t<\/div>\n\n\t\t\n\n\t\t<div class=\"section-content relative\">\n\t\t\t\n\n<div class=\"row\"  id=\"row-3727989\">\n\n\n\t<div id=\"col-390975652\" class=\"col medium-6 small-12 large-6\"  >\n\t\t\t\t<div class=\"col-inner\"  >\n\t\t\t\n\t\t\t\n\n<h4>Neden WP Depo&#8217;yu tercih etmelisiniz?<\/h4>\n<p>A\u00e7\u0131k kaynak toplulu\u011funa inan\u0131yoruz ve WordPress&#8217;in herkese a\u00e7\u0131k olmas\u0131 gerekti\u011fine inan\u0131yoruz. Ne yaz\u0131k ki, premium eklenti ve tema geli\u015ftiricileri kod ile deste\u011fin ayr\u0131 ayr\u0131 sunulmas\u0131n\u0131\u00a0reddetmekte, b\u00f6lgesel fiyat farkl\u0131l\u0131klar\u0131 belirlememekte ve dar gelirlilere, gen\u00e7lere veya \u00f6\u011frencilere nadiren indirim sunmaktad\u0131r. Gereksiz ekstralar olmadan kodu yeniden da\u011f\u0131tarak \u00fc\u00e7\u00fcnc\u00fc bir yol sa\u011fl\u0131yoruz.<\/p>\n\n\t\t<\/div>\n\t\t\t\t\t<\/div>\n\n\t\n\n\t<div id=\"col-520751827\" class=\"col medium-6 small-12 large-6\"  >\n\t\t\t\t<div class=\"col-inner\"  >\n\t\t\t\n\t\t\t\n\n<h4>Eklentiyi veya temay\u0131 ka\u00e7 sitede kullanabilirim?<\/h4>\n<p>Ne kadar isterseniz, o kadar. Eklentiler ve temalar GPL lisans\u0131na sahiptir, b\u00f6ylece istedi\u011finiz say\u0131da site \u00fczerinde istedi\u011finiz s\u0131kl\u0131kta kullanabilirsiniz. Bir site kuran bir arkada\u015f\u0131n\u0131z m\u0131 var? Gidip elinizdekileri arkada\u015f\u0131n\u0131zla payla\u015f\u0131n. Cidden, bir s\u0131n\u0131r yok.<\/p>\n\n\t\t<\/div>\n\t\t\t\t\t<\/div>\n\n\t\n\n<\/div>\n<div class=\"row\"  id=\"row-1851703953\">\n\n\n\t<div id=\"col-1938246815\" class=\"col medium-6 small-12 large-6\"  >\n\t\t\t\t<div class=\"col-inner\"  >\n\t\t\t\n\t\t\t\n\n<h4>\u00dcr\u00fcnleri b\u00f6yle d\u00fc\u015f\u00fck fiyatlarla nas\u0131l sunabiliyorsunuz?<\/h4>\n<p>Eklentiler ve temalar gibi t\u00fcm WordPress \u00fcr\u00fcnleri Genel Kamu Lisans\u0131 (GPL) kapsam\u0131nda lisanslan\u0131r. Bu, \u00fcr\u00fcn\u00fc sat\u0131n ald\u0131ktan sonra, arzu ederseniz, yeniden da\u011f\u0131tmakta \u00f6zg\u00fcr oldu\u011funuz anlam\u0131na gelir.<\/p>\n<p>Sahip oldu\u011fumuz aboneliklerimiz sayesinde tema ve eklenti depomuzu geni\u015fletiyoruz. Sitemize \u00fcye oldu\u011funuzda bunlar\u0131 korumaya ve yenilerini sat\u0131n almaya katk\u0131 sa\u011flam\u0131\u015f olursunuz. Kitlesel fonlama, fiyatlar\u0131 d\u00fc\u015f\u00fck tutmaya yard\u0131mc\u0131 olur ve siz de bundan faydalanabilirsiniz. &#8216;<a href=\"\/tr\/hakkimizda\/\">Hakk\u0131m\u0131zda<\/a>&#8216; sayfam\u0131zda bunu daha ayr\u0131nt\u0131l\u0131 olarak a\u00e7\u0131kl\u0131yoruz.<\/p>\n\n\t\t<\/div>\n\t\t\t\t\t<\/div>\n\n\t\n\n\t<div id=\"col-920222691\" class=\"col medium-6 small-12 large-6\"  >\n\t\t\t\t<div class=\"col-inner\"  >\n\t\t\t\n\t\t\t\n\n<h4>Bir \u00fcyelik ne kadar s\u00fcrer?<\/h4>\n<p>\u015eu anda ayl\u0131k ve y\u0131ll\u0131k abonelikler sunmaktay\u0131z. Ne kadar uzun s\u00fcreli\u011fine abone olursan\u0131z, o kadar indirim sunabiliriz. \u015eu anda y\u0131ll\u0131k abonelik se\u00e7erek ayl\u0131\u011fa oranla %45 tasarruf edebilirsiniz. <a href=\"\/tr\/abonelik-paketleri\">Abonelik Paketleri ve Fiyatland\u0131rma<\/a> sayfam\u0131zda daha ayr\u0131nt\u0131l\u0131 bilgi bulabilirsiniz.<\/p>\n\n\t\t<\/div>\n\t\t\t\t\t<\/div>\n\n\t\n\n<\/div>\n<div class=\"row\"  id=\"row-1268386036\">\n\n\n\t<div id=\"col-1166890602\" class=\"col medium-6 small-12 large-6\"  >\n\t\t\t\t<div class=\"col-inner\"  >\n\t\t\t\n\t\t\t\n\n<h4>Destek dahil mi?<\/h4>\n<p>Hay\u0131r. Eklenti veya temayla ilgili teknik deste\u011fe ihtiyac\u0131n\u0131z varsa, \u00fcr\u00fcn\u00fc do\u011frudan geli\u015ftiricisinden sat\u0131n alman\u0131z veya sizin i\u00e7in bunu yapabilecek serbest \u00e7al\u0131\u015fan bir ki\u015fiyi kiralaman\u0131z gerekecektir. Alternatif olarak, yararl\u0131 WordPress forumlar\u0131na dan\u0131\u015fabilirsiniz.<\/p>\n<p>Destek hizmeti sunmayarak, \u00fcr\u00fcnleri indirimli fiyata sunabilmekteyiz.<\/p>\n\n\t\t<\/div>\n\t\t\t\t\t<\/div>\n\n\t\n\n\t<div id=\"col-40746100\" class=\"col medium-6 small-12 large-6\"  >\n\t\t\t\t<div class=\"col-inner\"  >\n\t\t\t\n\t\t\t\n\n<h4>\u0130ndirme say\u0131s\u0131yla ilgili herhangi bir k\u0131s\u0131tlama var m\u0131?<\/h4>\n<p>Adil kullan\u0131m politikam\u0131z gere\u011fi kullan\u0131c\u0131 ba\u015f\u0131na g\u00fcnl\u00fck indirme s\u0131n\u0131r\u0131n\u0131 20 olarak belirledik.<\/p>\n\n\t\t<\/div>\n\t\t\t\t\t<\/div>\n\n\t\n\n<\/div>\n<div class=\"row\"  id=\"row-186554511\">\n\n\n\t<div id=\"col-730723075\" class=\"col medium-6 small-12 large-6\"  >\n\t\t\t\t<div class=\"col-inner\"  >\n\t\t\t\n\t\t\t\n\n<h4>Bunlar orijinal \u00fcr\u00fcnler mi?<\/h4>\n<p>Evet, kesinlikle. Web sitemizde yer alan \u00fcr\u00fcnlere eri\u015febilmek i\u00e7in aktif aboneliklerimiz bulunmaktad\u0131r. Onlardan indirip size da\u011f\u0131t\u0131yoruz. \u0130ndirdi\u011fimiz dosyalar herhangi bir \u015fekilde de\u011fi\u015ftirilmez, k\u00f6t\u00fc ama\u00e7l\u0131 yaz\u0131l\u0131m i\u00e7ermez.<\/p>\n\n\t\t<\/div>\n\t\t\t\t\t<\/div>\n\n\t\n\n\t<div id=\"col-220685849\" class=\"col medium-6 small-12 large-6\"  >\n\t\t\t\t<div class=\"col-inner\"  >\n\t\t\t\n\t\t\t\n\n<h4>Aboneli\u011fim bittikten sonra eklentileri\/temalar\u0131 saklayabilir miyim?<\/h4>\n<p>Elbette. GPL lisans\u0131 alt\u0131nda isterseniz onlar\u0131 saklamakta serbestsiniz. Gelecekteki herhangi bir g\u00fcncelle\u015ftirmeye eri\u015fmek istiyorsan\u0131z, aktif bir aboneli\u011finiz olmas\u0131 gereklidir.<\/p>\n\n\t\t<\/div>\n\t\t\t\t\t<\/div>\n\n\t\n\n<\/div>\n<div class=\"row\"  id=\"row-219334065\">\n\n\n\t<div id=\"col-191444419\" class=\"col medium-6 small-12 large-6\"  >\n\t\t\t\t<div class=\"col-inner\"  >\n\t\t\t\n\t\t\t\n\n<h4>\u00dcr\u00fcn g\u00fcncellemelerini sa\u011fl\u0131yor musunuz?<\/h4>\n<p>Evet. Bir g\u00fcncelleme bilgisine ula\u015ft\u0131\u011f\u0131m\u0131zda, \u00fcr\u00fcn\u00fc indirip sitemizde g\u00fcncelliyoruz. T\u00fcm de\u011fi\u015fiklikleri <a href=\"\/tr\/degisiklik-gunlugu\/\">de\u011fi\u015fiklik g\u00fcnl\u00fc\u011f\u00fc<\/a> sayfas\u0131na ekliyor ve bilginiz olmas\u0131 i\u00e7in sitemizin en \u00fcst k\u0131sm\u0131nda payla\u015f\u0131yoruz.<\/p>\n\n\t\t<\/div>\n\t\t\t\t\t<\/div>\n\n\t\n\n\t<div id=\"col-1683302420\" class=\"col medium-6 small-12 large-6\"  >\n\t\t\t\t<div class=\"col-inner\"  >\n\t\t\t\n\t\t\t\n\n<h4>Para iadesi alabilir miyim?<\/h4>\n<p>Maalesef, hay\u0131r. Dijital medyan\u0131n do\u011fas\u0131 gere\u011fi, bir kez bir eklentiyi veya temay\u0131 indirdikten sonra geri d\u00f6nd\u00fcrmenin bir yolu yoktur. Sitemizle ilgili baz\u0131 ku\u015fkular\u0131n\u0131z varsa, uzun bir abonelik ba\u015flatmadan \u00f6nce bir ayl\u0131\u011f\u0131na abone olmay\u0131 d\u00fc\u015f\u00fcnebilirsiniz.<\/p>\n\n\t\t<\/div>\n\t\t\t\t\t<\/div>\n\n\t\n\n<\/div>\n<div class=\"row\"  id=\"row-1605795983\">\n\n\n\t<div id=\"col-677860551\" class=\"col medium-6 small-12 large-6\"  >\n\t\t\t\t<div class=\"col-inner\"  >\n\t\t\t\n\t\t\t\n\n<h4>Deponuzda olmayan bir tema veya eklentiyi alabilir miyiz?<\/h4>\n<p>E\u011fer GPL lisansl\u0131 ise deneyebiliriz! <a href=\"\/tr\/iletisim\">\u0130leti\u015fim formumuzu<\/a> kullanarak bize not b\u0131rak\u0131n ve depomuza hangi \u00fcr\u00fcnlerin eklenmesini istedi\u011finizi bildirin. Ka\u00e7 kullan\u0131c\u0131m\u0131z\u0131n o \u00fcr\u00fcn i\u00e7in istekte bulundu\u011funa g\u00f6re her ay sitemize yeni \u00fcr\u00fcnler getirmeyi deniyoruz.<\/p>\n\n\t\t<\/div>\n\t\t\t\t\t<\/div>\n\n\t\n\n\t<div id=\"col-762066246\" class=\"col medium-6 small-12 large-6\"  >\n\t\t\t\t<div class=\"col-inner\"  >\n\t\t\t\n\t\t\t\n\n<h4>Telif hakk\u0131 ihlalini size nas\u0131l bildirebilirim?<\/h4>\n<p>T\u00fcm \u00f6\u011feler GPL lisans\u0131na sahip oldu\u011fundan, bu ihtimal son derece d\u00fc\u015f\u00fckt\u00fcr. \u015eirket ve \u00fcr\u00fcn isimlerini bir \u00f6genin di\u011ferinden ayr\u0131lmas\u0131 i\u00e7in kullan\u0131r\u0131z. Sitemizdeki hi\u00e7bir \u00fcr\u00fcn\u00fcn herhangi bir ticari marka sahibi taraf\u0131ndan desteklenmedi\u011fi veya sponsor edilmedi\u011fini belirtmek isteriz. Bununla birlikte, endi\u015felerinizi belirtmek i\u00e7in l\u00fctfen <a href=\"\/tr\/iletisim\">ileti\u015fim formumuzu<\/a> kullan\u0131n\u0131z. Sizinle \u00e7al\u0131\u015fmaktan memnuniyet duyar\u0131z.<\/p>\n\n\t\t<\/div>\n\t\t\t\t\t<\/div>\n\n\t\n\n<\/div>\n<div class=\"row\"  id=\"row-901496771\">\n\n\n\t<div id=\"col-1881066359\" class=\"col medium-6 small-12 large-6\"  >\n\t\t\t\t<div class=\"col-inner\"  >\n\t\t\t\n\t\t\t\n\n<h4>\u0130ndirdi\u011fim bir \u00fcr\u00fcn kay\u0131t kodu istiyor. Ne yapmal\u0131y\u0131m?<\/h4>\n<p>\u00d6nemsemeyin. Geli\u015ftiriciler, eklentinin veya teman\u0131n otomatik olarak g\u00fcncellenebilmesi veya destek alabilmeniz i\u00e7in bunu koymaktad\u0131r. Kay\u0131t kodu alan\u0131na herhangi bir \u015fey girilmeden de \u00fcr\u00fcn \u00e7al\u0131\u015facakt\u0131r. Sitemizde g\u00fcncellemeler oldu\u011funda tema veya eklentilerinizi manuel olarak g\u00fcncellemenizi \u00f6neririz.<\/p>\n\n\t\t<\/div>\n\t\t\t\t\t<\/div>\n\n\t\n\n\t<div id=\"col-1893511875\" class=\"col medium-6 small-12 large-6\"  >\n\t\t\t\t<div class=\"col-inner\"  >\n\t\t\t\n\t\t\t\n\n<h4>Her an iptal edebilir miyim?<\/h4>\n<p>Tabii ki. Sizi s\u0131n\u0131rlayan bir\u015fey bulunmuyor. <a href=\"\/tr\/hesabim\">Hesab\u0131m<\/a> sayfas\u0131na giri\u015f yap\u0131p abonelik ba\u011flant\u0131s\u0131n\u0131 t\u0131klayarak aboneli\u011finizi iptal edebilirsiniz. Herhangi bir teknik sorununuz olursa o zaman bize bildirin, aboneli\u011finizi sorgusuz sualsiz iptal etmekten mutluluk duyar\u0131z.<\/p>\n\n\t\t<\/div>\n\t\t\t\t\t<\/div>\n\n\t\n\n<\/div>\n<div class=\"row\"  id=\"row-1579296415\">\n\n\n\t<div id=\"col-1245561860\" class=\"col medium-6 small-12 large-6\"  >\n\t\t\t\t<div class=\"col-inner\"  >\n\t\t\t\n\t\t\t\n\n<h4>Ayl\u0131k abonelikten y\u0131ll\u0131k aboneli\u011fe y\u00fckseltebilir miyim?<\/h4>\n<p>Evet, istedi\u011finiz zaman y\u00fckseltebilirsiniz. Daha uzun bir abonelikten \u00f6nce bir \u00f6n deneme yapmak isteyebilece\u011finizi anl\u0131yoruz. \u0130lk ay\u0131n\u0131z\u0131n sonunda bize bir e-posta g\u00f6ndermeniz yeterlidir. \u0130lk ay\u0131n \u00f6demesini telafi edecek bir indirim kodu g\u00f6nderece\u011fiz.<\/p>\n\n\t\t<\/div>\n\t\t\t\t\t<\/div>\n\n\t\n\n\t<div id=\"col-1602686565\" class=\"col medium-6 small-12 large-6\"  >\n\t\t\t\t<div class=\"col-inner\"  >\n\t\t\t\n\t\t\t\n\n<h4>\u0130ndirme programlar\u0131 kullanabilir miyim?<\/h4>\n<p>Dosyalar\u0131 indirmek i\u00e7in bir indirme program\u0131 kullanman\u0131z\u0131 \u00f6nermiyoruz. \u0130ndirme y\u00f6neticileri k\u0131sa bir s\u00fcre i\u00e7inde sunucuya birden fazla istek g\u00f6nderir. Sunucu, trafi\u011fin yaz\u0131l\u0131m taraf\u0131ndan olu\u015fturuldu\u011funu bilemeyecek ve her ba\u011flant\u0131 iste\u011fi bir indirme i\u015flemi olarak say\u0131lacakt\u0131r. Bu da mevcut indirme s\u0131n\u0131r\u0131n\u0131 a\u015fman\u0131za neden olabilir.<\/p>\n\n\t\t<\/div>\n\t\t\t\t\t<\/div>\n\n\t\n\n<\/div>\n\n\t\t<\/div>\n\n\t\t\n<style>\n#section_1456994194 {\n  padding-top: 60px;\n  padding-bottom: 60px;\n}\n<\/style>\n\t<\/section>\n\t","protected":false},"excerpt":{"rendered":"","protected":false},"author":1,"featured_media":0,"parent":0,"menu_order":0,"comment_status":"closed","ping_status":"closed","template":"page-blank.php","meta":{"footnotes":""},"class_list":["post-61","page","type-page","status-publish","hentry"],"_links":{"self":[{"href":"https:\/\/wpdepo.com\/tr\/wp-json\/wp\/v2\/pages\/61","targetHints":{"allow":["GET"]}}],"collection":[{"href":"https:\/\/wpdepo.com\/tr\/wp-json\/wp\/v2\/pages"}],"about":[{"href":"https:\/\/wpdepo.com\/tr\/wp-json\/wp\/v2\/types\/page"}],"author":[{"embeddable":true,"href":"https:\/\/wpdepo.com\/tr\/wp-json\/wp\/v2\/users\/1"}],"replies":[{"embeddable":true,"href":"https:\/\/wpdepo.com\/tr\/wp-json\/wp\/v2\/comments?post=61"}],"version-history":[{"count":0,"href":"https:\/\/wpdepo.com\/tr\/wp-json\/wp\/v2\/pages\/61\/revisions"}],"wp:attachment":[{"href":"https:\/\/wpdepo.com\/tr\/wp-json\/wp\/v2\/media?parent=61"}],"curies":[{"name":"wp","href":"https:\/\/api.w.org\/{rel}","templated":true}]}}