{"id":59770,"date":"2021-04-24T14:20:40","date_gmt":"2021-04-24T14:20:40","guid":{"rendered":"https:\/\/wpdepo.com\/?page_id=59770"},"modified":"2021-04-24T14:21:11","modified_gmt":"2021-04-24T14:21:11","slug":"wordpress-download-manager-eklentileri","status":"publish","type":"page","link":"https:\/\/wpdepo.com\/tr\/wordpress-download-manager-eklentileri\/","title":{"rendered":"WordPress Download Manager Eklentileri"},"content":{"rendered":"\n\t<section class=\"section\" id=\"section_2094420028\">\n\t\t<div class=\"section-bg fill\" >\n\t\t\t\t\t\t\t\t\t\n\t\t\t\n\n\t\t<\/div>\n\n\t\t\n\n\t\t<div class=\"section-content relative\">\n\t\t\t\r\n\r\n<div class=\"row\"  id=\"row-102855620\">\r\n\r\n\n\t<div id=\"col-618165368\" class=\"col small-12 large-12\"  >\n\t\t\t\t<div class=\"col-inner text-left\"  >\n\t\t\t\n\t\t\t\r\n\r\n<h2 style=\"text-align: center;\">WordPress Download Manager<\/h2>\r\n<p>WordPress Download Manager, WordPress sitenizden yap\u0131lacak olan dosya indirmelerini y\u00f6netmek, izlemek ve kontrol etmek i\u00e7in geli\u015ftirilmi\u015f bir dosya y\u00f6netim eklentisidir. Parola ve kullan\u0131c\u0131 rollerini kullanarak dosyalara eri\u015fimi k\u0131s\u0131tlayabilir, g\u00fcnl\u00fck indirme limiti koyabilir, indirme h\u0131z\u0131n\u0131 belirleyebilir, Captcha veya IP Engelleme \u00f6zelli\u011fini kullanarak istenmeyen kullan\u0131c\u0131lar\u0131 veya spam g\u00f6nderenleri engelleyebilir, indirmeden \u00f6nce okudum ve anlad\u0131m se\u00e7ece\u011fini i\u015faretlemeyi zorunlu k\u0131labilirsiniz.<\/p>\r\n<p>WordPress Download Manager Pro eklentisini ve WordPress Download Manager Special Pack eklentilerini bu sayfadan indirebilirsiniz.<\/p>\r\n\r\n\t\t<\/div>\n\t\t\t\t\t<\/div>\n\n\t\r\n\r\n<\/div>\r\n\r\n\t\t<\/div>\n\n\t\t\n<style>\n#section_2094420028 {\n  padding-top: 0px;\n  padding-bottom: 0px;\n  background-color: rgb(245, 245, 245);\n}\n<\/style>\n\t<\/section>\n\t\r\n\n\t<section class=\"section\" id=\"section_945328142\">\n\t\t<div class=\"section-bg fill\" >\n\t\t\t\t\t\t\t\t\t\n\t\t\t\n\n\t\t<\/div>\n\n\t\t\n\n\t\t<div class=\"section-content relative\">\n\t\t\t\r\n\r\n<div class=\"row\"  id=\"row-787779159\">\r\n\r\n\n\t<div id=\"col-1242418826\" class=\"col small-12 large-12\"  >\n\t\t\t\t<div class=\"col-inner text-left\"  >\n\t\t\t\n\t\t\t\r\n\r\n\n<table id=\"tablepress-94\" class=\"tablepress tablepress-id-94\">\n<thead>\n<tr class=\"row-1 odd\">\n\t<th class=\"column-1\">Eklenti Ad\u0131<\/th><th class=\"column-2\">Versiyon<\/th><th class=\"column-3\">\u0130ndir<\/th><th class=\"column-4\">G\u00fcncelleme<\/th><th class=\"column-5\">Bilgi<\/th>\n<\/tr>\n<\/thead>\n<tbody class=\"row-hover\">\n<tr class=\"row-2 even\">\n\t<td class=\"column-1\">WordPress Download Manager Pro<\/td><td class=\"column-2\">7.3.1<\/td><td class=\"column-3\"><a class=\"download-link\" title=\"\u0130ndir &ldquo;WordPress Download Manager Pro&rdquo;&nbsp;Versiyon 7.3.1\" href=\"https:\/\/wpdepo.com\/tr\/\/download\/59732\/\" rel=\"nofollow\">\n\t\u0130ndir<\/a><\/td><td class=\"column-4\">13 Mart 2026<\/td><td class=\"column-5\"><a href=\"https:\/\/www.wpdownloadmanager.com\/\" target=\"_blank\" rel=\"noopener noreferrer\">Eklenti Sayfas\u0131<\/a><\/td>\n<\/tr>\n<tr class=\"row-3 odd\">\n\t<td class=\"column-1\">WordPress Download Manager - Advanced Access Control<\/td><td class=\"column-2\">3.3.0<\/td><td class=\"column-3\"><a class=\"download-link\" title=\"\u0130ndir &ldquo;WordPress Download Manager - Advanced Access Control&rdquo;&nbsp;Versiyon 3.3.0\" href=\"https:\/\/wpdepo.com\/tr\/\/download\/59741\/\" rel=\"nofollow\">\n\t\u0130ndir<\/a><\/td><td class=\"column-4\">21 Ocak 2024<\/td><td class=\"column-5\"><a href=\"https:\/\/www.wpdownloadmanager.com\/download\/advanced-access-control\/\" target=\"_blank\" rel=\"noopener noreferrer\">Eklenti Sayfas\u0131<\/a><\/td>\n<\/tr>\n<tr class=\"row-4 even\">\n\t<td class=\"column-1\">WordPress Download Manager - Advanced Custom Fields<\/td><td class=\"column-2\">2.3.0<\/td><td class=\"column-3\"><a class=\"download-link\" title=\"\u0130ndir &ldquo;WordPress Download Manager - Advanced Custom Fields&rdquo;&nbsp;Versiyon 2.3.0\" href=\"https:\/\/wpdepo.com\/tr\/\/download\/59735\/\" rel=\"nofollow\">\n\t\u0130ndir<\/a><\/td><td class=\"column-4\">21 Ocak 2024<\/td><td class=\"column-5\"><a href=\"https:\/\/www.wpdownloadmanager.com\/download\/advanced-custom-fields\/\" target=\"_blank\" rel=\"noopener noreferrer\">Eklenti Sayfas\u0131<\/a><\/td>\n<\/tr>\n<tr class=\"row-5 odd\">\n\t<td class=\"column-1\">WordPress Download Manager - Amazon S3 Storage<\/td><td class=\"column-2\">3.2.0<\/td><td class=\"column-3\"><a class=\"download-link\" title=\"\u0130ndir &ldquo;WordPress Download Manager - Amazon S3 Storage&rdquo;&nbsp;Versiyon 3.2.0\" href=\"https:\/\/wpdepo.com\/tr\/\/download\/59737\/\" rel=\"nofollow\">\n\t\u0130ndir<\/a><\/td><td class=\"column-4\">21 Ocak 2024<\/td><td class=\"column-5\"><a href=\"https:\/\/www.wpdownloadmanager.com\/download\/wordpress-amazon-s3-storage-plugin\/\" target=\"_blank\" rel=\"noopener noreferrer\">Eklenti Sayfas\u0131<\/a><\/td>\n<\/tr>\n<tr class=\"row-6 even\">\n\t<td class=\"column-1\">WordPress Download Manager - Block Hotlink<\/td><td class=\"column-2\">3.1.7<\/td><td class=\"column-3\"><a class=\"download-link\" title=\"\u0130ndir &ldquo;WordPress Download Manager - Block Hotlink&rdquo;&nbsp;Versiyon 3.1.7\" href=\"https:\/\/wpdepo.com\/tr\/\/download\/59739\/\" rel=\"nofollow\">\n\t\u0130ndir<\/a><\/td><td class=\"column-4\">23 Eyl\u00fcl 2020<\/td><td class=\"column-5\"><a href=\"https:\/\/www.wpdownloadmanager.com\/download\/wpdm-block-hotlink\/\" target=\"_blank\" rel=\"noopener noreferrer\">Eklenti Sayfas\u0131<\/a><\/td>\n<\/tr>\n<tr class=\"row-7 odd\">\n\t<td class=\"column-1\">WordPress Download Manager - Default Values<\/td><td class=\"column-2\">2.0.1<\/td><td class=\"column-3\"><a class=\"download-link\" title=\"\u0130ndir &ldquo;WordPress Download Manager - Default Values&rdquo;&nbsp;Versiyon 2.0.1\" href=\"https:\/\/wpdepo.com\/tr\/\/download\/67338\/\" rel=\"nofollow\">\n\t\u0130ndir<\/a><\/td><td class=\"column-4\">21 Ocak 2024<\/td><td class=\"column-5\"><a href=\"https:\/\/www.wpdownloadmanager.com\/download\/wpdm-default-values\/\" target=\"_blank\" rel=\"noopener noreferrer\">Eklenti Sayfas\u0131<\/a><\/td>\n<\/tr>\n<tr class=\"row-8 even\">\n\t<td class=\"column-1\">WordPress Download Manager - Directory Add-on<\/td><td class=\"column-2\">4.5.1<\/td><td class=\"column-3\"><a class=\"download-link\" title=\"\u0130ndir &ldquo;WordPress Download Manager - Directory Add-on&rdquo;&nbsp;Versiyon 4.5.1\" href=\"https:\/\/wpdepo.com\/tr\/\/download\/59747\/\" rel=\"nofollow\">\n\t\u0130ndir<\/a><\/td><td class=\"column-4\">1 Ekim 2024<\/td><td class=\"column-5\"><a href=\"https:\/\/www.wpdownloadmanager.com\/download\/wpdm-directory-add-on\/\" target=\"_blank\" rel=\"noopener noreferrer\">Eklenti Sayfas\u0131<\/a><\/td>\n<\/tr>\n<tr class=\"row-9 odd\">\n\t<td class=\"column-1\">WordPress Download Manager - Download Limit<\/td><td class=\"column-2\">2.6.7<\/td><td class=\"column-3\"><a class=\"download-link\" title=\"\u0130ndir &ldquo;WordPress Download Manager - Download Limit&rdquo;&nbsp;Versiyon 2.6.7\" href=\"https:\/\/wpdepo.com\/tr\/\/download\/59743\/\" rel=\"nofollow\">\n\t\u0130ndir<\/a><\/td><td class=\"column-4\">21 Ocak 2024<\/td><td class=\"column-5\"><a href=\"https:\/\/www.wpdownloadmanager.com\/download\/download-limit\/\" target=\"_blank\" rel=\"noopener noreferrer\">Eklenti Sayfas\u0131<\/a><\/td>\n<\/tr>\n<tr class=\"row-10 even\">\n\t<td class=\"column-1\">WordPress Download Manager - File Cart<\/td><td class=\"column-2\">1.4.0<\/td><td class=\"column-3\"><a class=\"download-link\" title=\"\u0130ndir &ldquo;WordPress Download Manager - File Cart&rdquo;&nbsp;Versiyon 1.4.0\" href=\"https:\/\/wpdepo.com\/tr\/\/download\/59745\/\" rel=\"nofollow\">\n\t\u0130ndir<\/a><\/td><td class=\"column-4\">4 Temmuz 2021<\/td><td class=\"column-5\"><a href=\"https:\/\/www.wpdownloadmanager.com\/download\/wpdm-file-cart\/\" target=\"_blank\" rel=\"noopener noreferrer\">Eklenti Sayfas\u0131<\/a><\/td>\n<\/tr>\n<tr class=\"row-11 odd\">\n\t<td class=\"column-1\">WordPress Download Manager - Form Lock<\/td><td class=\"column-2\">2.1.2<\/td><td class=\"column-3\"><a class=\"download-link\" title=\"\u0130ndir &ldquo;WordPress Download Manager - Form Lock&rdquo;&nbsp;Versiyon 2.1.2\" href=\"https:\/\/wpdepo.com\/tr\/\/download\/59749\/\" rel=\"nofollow\">\n\t\u0130ndir<\/a><\/td><td class=\"column-4\">21 Ocak 2024<\/td><td class=\"column-5\"><a href=\"https:\/\/www.wpdownloadmanager.com\/download\/wpdm-form-lock\/\" target=\"_blank\" rel=\"noopener noreferrer\">Eklenti Sayfas\u0131<\/a><\/td>\n<\/tr>\n<tr class=\"row-12 even\">\n\t<td class=\"column-1\">WordPress Download Manager - Front-end Category Manager<\/td><td class=\"column-2\">2.1.1<\/td><td class=\"column-3\"><a class=\"download-link\" title=\"\u0130ndir &ldquo;WordPress Download Manager - Front-end Category Manager&rdquo;&nbsp;Versiyon 2.1.1\" href=\"https:\/\/wpdepo.com\/tr\/\/download\/59751\/\" rel=\"nofollow\">\n\t\u0130ndir<\/a><\/td><td class=\"column-4\">1 Mart 2022<\/td><td class=\"column-5\"><a href=\"https:\/\/www.wpdownloadmanager.com\/download\/front-end-category-manager\/\" target=\"_blank\" rel=\"noopener noreferrer\">Eklenti Sayfas\u0131<\/a><\/td>\n<\/tr>\n<tr class=\"row-13 odd\">\n\t<td class=\"column-1\">WordPress Download Manager - Image Watermark<\/td><td class=\"column-2\">1.1.0<\/td><td class=\"column-3\"><a class=\"download-link\" title=\"\u0130ndir &ldquo;WordPress Download Manager - Image Watermark&rdquo;&nbsp;Versiyon 1.1.0\" href=\"https:\/\/wpdepo.com\/tr\/\/download\/59760\/\" rel=\"nofollow\">\n\t\u0130ndir<\/a><\/td><td class=\"column-4\">14 Mart 2022<\/td><td class=\"column-5\"><a href=\"https:\/\/www.wpdownloadmanager.com\/download\/wordpress-image-watermark\/\" target=\"_blank\" rel=\"noopener noreferrer\">Eklenti Sayfas\u0131<\/a><\/td>\n<\/tr>\n<tr class=\"row-14 even\">\n\t<td class=\"column-1\">WordPress Download Manager - PDF Viewer<\/td><td class=\"column-2\">3.0.6<\/td><td class=\"column-3\"><a class=\"download-link\" title=\"\u0130ndir &ldquo;WordPress Download Manager - PDF Viewer&rdquo;&nbsp;Versiyon 3.0.6\" href=\"https:\/\/wpdepo.com\/tr\/\/download\/59754\/\" rel=\"nofollow\">\n\t\u0130ndir<\/a><\/td><td class=\"column-4\">21 Ocak 2024<\/td><td class=\"column-5\"><a href=\"https:\/\/www.wpdownloadmanager.com\/download\/wordpress-pdf-viewer\/\" target=\"_blank\" rel=\"noopener noreferrer\">Eklenti Sayfas\u0131<\/a><\/td>\n<\/tr>\n<tr class=\"row-15 odd\">\n\t<td class=\"column-1\">WordPress Download Manager - Premium Package<\/td><td class=\"column-2\">5.8.2<\/td><td class=\"column-3\"><a class=\"download-link\" title=\"\u0130ndir &ldquo;WordPress Download Manager - Premium Package&rdquo;&nbsp;Versiyon 5.8.2\" href=\"https:\/\/wpdepo.com\/tr\/\/download\/59756\/\" rel=\"nofollow\">\n\t\u0130ndir<\/a><\/td><td class=\"column-4\">21 Ocak 2024<\/td><td class=\"column-5\"><a href=\"https:\/\/www.wpdownloadmanager.com\/download\/premium-package-wordpress-digital-store-solution\/\" target=\"_blank\" rel=\"noopener noreferrer\">Eklenti Sayfas\u0131<\/a><\/td>\n<\/tr>\n<tr class=\"row-16 even\">\n\t<td class=\"column-1\">WordPress Download Manager - Remote FTP Add-on<\/td><td class=\"column-2\">2.4.5<\/td><td class=\"column-3\"><a class=\"download-link\" title=\"\u0130ndir &ldquo;WordPress Download Manager - Remote FTP Add-on&rdquo;&nbsp;Versiyon 2.4.5\" href=\"https:\/\/wpdepo.com\/tr\/\/download\/59763\/\" rel=\"nofollow\">\n\t\u0130ndir<\/a><\/td><td class=\"column-4\">21 Ocak 2024<\/td><td class=\"column-5\"><a href=\"https:\/\/www.wpdownloadmanager.com\/download\/wpdm-remote-ftp-add-on\/\" target=\"_blank\" rel=\"noopener noreferrer\">Eklenti Sayfas\u0131<\/a><\/td>\n<\/tr>\n<tr class=\"row-17 odd\">\n\t<td class=\"column-1\">WordPress Download Manager - The Movie Database<\/td><td class=\"column-2\">1.0.0<\/td><td class=\"column-3\"><a class=\"download-link\" title=\"\u0130ndir &ldquo;WordPress Download Manager - The Movie Database&rdquo;&nbsp;Versiyon 1.0.0\" href=\"https:\/\/wpdepo.com\/tr\/\/download\/59758\/\" rel=\"nofollow\">\n\t\u0130ndir<\/a><\/td><td class=\"column-4\">31 Mart 2020<\/td><td class=\"column-5\"><a href=\"https:\/\/www.wpdownloadmanager.com\/download\/wpdm-the-movie-database\/\" target=\"_blank\" rel=\"noopener noreferrer\">Eklenti Sayfas\u0131<\/a><\/td>\n<\/tr>\n<tr class=\"row-18 even\">\n\t<td class=\"column-1\">Live Forms - Drag and Drop Form Builder<\/td><td class=\"column-2\">4.4.1<\/td><td class=\"column-3\"><a class=\"download-link\" title=\"\u0130ndir &ldquo;Live Forms - Drag and Drop Form Builder&rdquo;&nbsp;Versiyon 4.4.1\" href=\"https:\/\/wpdepo.com\/tr\/\/download\/59767\/\" rel=\"nofollow\">\n\t\u0130ndir<\/a><\/td><td class=\"column-4\">29 Mart 2021<\/td><td class=\"column-5\"><a href=\"https:\/\/wpliveforms.com\/\" target=\"_blank\" rel=\"noopener noreferrer\">Eklenti Sayfas\u0131<\/a><\/td>\n<\/tr>\n<tr class=\"row-19 odd\">\n\t<td class=\"column-1\">WordPress Private Message<\/td><td class=\"column-2\">3.7.1<\/td><td class=\"column-3\"><a class=\"download-link\" title=\"\u0130ndir &ldquo;WordPress Private Message&rdquo;&nbsp;Versiyon 3.7.1\" href=\"https:\/\/wpdepo.com\/tr\/\/download\/59765\/\" rel=\"nofollow\">\n\t\u0130ndir<\/a><\/td><td class=\"column-4\">21 Ocak 2024<\/td><td class=\"column-5\"><a href=\"https:\/\/www.wpdownloadmanager.com\/download\/wordpress-private-message\/\" target=\"_blank\" rel=\"noopener noreferrer\">Eklenti Sayfas\u0131<\/a><\/td>\n<\/tr>\n<\/tbody>\n<\/table>\n\r\n\r\n\t\t<\/div>\n\t\t\t\t\t<\/div>\n\n\t\r\n\r\n<\/div>\r\n\r\n\t\t<\/div>\n\n\t\t\n<style>\n#section_945328142 {\n  padding-top: 30px;\n  padding-bottom: 30px;\n}\n<\/style>\n\t<\/section>\n\t","protected":false},"excerpt":{"rendered":"","protected":false},"author":1,"featured_media":0,"parent":0,"menu_order":0,"comment_status":"closed","ping_status":"closed","template":"page-blank.php","meta":{"footnotes":""},"class_list":["post-59770","page","type-page","status-publish","hentry"],"_links":{"self":[{"href":"https:\/\/wpdepo.com\/tr\/wp-json\/wp\/v2\/pages\/59770","targetHints":{"allow":["GET"]}}],"collection":[{"href":"https:\/\/wpdepo.com\/tr\/wp-json\/wp\/v2\/pages"}],"about":[{"href":"https:\/\/wpdepo.com\/tr\/wp-json\/wp\/v2\/types\/page"}],"author":[{"embeddable":true,"href":"https:\/\/wpdepo.com\/tr\/wp-json\/wp\/v2\/users\/1"}],"replies":[{"embeddable":true,"href":"https:\/\/wpdepo.com\/tr\/wp-json\/wp\/v2\/comments?post=59770"}],"version-history":[{"count":0,"href":"https:\/\/wpdepo.com\/tr\/wp-json\/wp\/v2\/pages\/59770\/revisions"}],"wp:attachment":[{"href":"https:\/\/wpdepo.com\/tr\/wp-json\/wp\/v2\/media?parent=59770"}],"curies":[{"name":"wp","href":"https:\/\/api.w.org\/{rel}","templated":true}]}}