{"id":56351,"date":"2021-01-23T17:06:32","date_gmt":"2021-01-23T17:06:32","guid":{"rendered":"https:\/\/wpdepo.com\/?page_id=56351"},"modified":"2021-01-23T17:08:15","modified_gmt":"2021-01-23T17:08:15","slug":"lifterlms-eklentileri","status":"publish","type":"page","link":"https:\/\/wpdepo.com\/tr\/lifterlms-eklentileri\/","title":{"rendered":"LifterLMS Eklentileri"},"content":{"rendered":"\n\t<section class=\"section\" id=\"section_1098260145\">\n\t\t<div class=\"section-bg fill\" >\n\t\t\t\t\t\t\t\t\t\n\t\t\t\n\n\t\t<\/div>\n\n\t\t\n\n\t\t<div class=\"section-content relative\">\n\t\t\t\r\n\r\n<div class=\"row\"  id=\"row-1036441050\">\r\n\r\n\n\t<div id=\"col-748271571\" class=\"col small-12 large-12\"  >\n\t\t\t\t<div class=\"col-inner text-left\"  >\n\t\t\t\n\t\t\t\r\n\r\n<h2 style=\"text-align: center;\">LifterLMS<\/h2>\r\n<p>LifterLMS eklentisi, isminden de anla\u015f\u0131laca\u011f\u0131 \u00fczere WordPress i\u00e7in geli\u015ftirilmi\u015f kapsaml\u0131 ve \u00fccretsiz bir \u00f6\u011fretim y\u00f6netim sistemi eklentisidir. LifterLMS eklentisi ile \u00e7evrimi\u00e7i kurs veya e\u011fitim siteleri olu\u015fturabilir; haz\u0131rlad\u0131\u011f\u0131n\u0131z online kurslar\u0131 veya e\u011fitim materyallerini siteniz \u00fczerinden satabilirsiniz. LifterLMS, iyi kodlanm\u0131\u015f herhangi bir WordPress temas\u0131yla ve t\u00fcm pop\u00fcler WordPress sayfa olu\u015fturucularla (Elementor, Beaver Builder, Divi gibi) uyumlu \u00e7al\u0131\u015fabilmektedir. Ayr\u0131ca, WordPress LMS web sitenizi Zapier arac\u0131l\u0131\u011f\u0131yla di\u011fer uygulamalara da ba\u011flayabilirsiniz.<\/p>\r\n<p>WordPress eklenti deposu \u00fczerinden \u00fccretsiz olarak olarak sunulan LifterLMS eklentisini \u00fc\u00e7\u00fcnc\u00fc parti ara\u00e7larla entegre etmenizi sa\u011flayacak eklentiler depomuzdan indirebilirsiniz.<\/p>\r\n\r\n\t\t<\/div>\n\t\t\t\t\t<\/div>\n\n\t\r\n\r\n<\/div>\r\n\r\n\t\t<\/div>\n\n\t\t\n<style>\n#section_1098260145 {\n  padding-top: 0px;\n  padding-bottom: 0px;\n  background-color: rgb(245, 245, 245);\n}\n<\/style>\n\t<\/section>\n\t\r\n\n\t<section class=\"section\" id=\"section_496484521\">\n\t\t<div class=\"section-bg fill\" >\n\t\t\t\t\t\t\t\t\t\n\t\t\t\n\n\t\t<\/div>\n\n\t\t\n\n\t\t<div class=\"section-content relative\">\n\t\t\t\r\n\r\n<div class=\"row\"  id=\"row-160020548\">\r\n\r\n\n\t<div id=\"col-631197600\" class=\"col small-12 large-12\"  >\n\t\t\t\t<div class=\"col-inner text-left\"  >\n\t\t\t\n\t\t\t\r\n\r\n\n<table id=\"tablepress-93\" class=\"tablepress tablepress-id-93\">\n<thead>\n<tr class=\"row-1 odd\">\n\t<th class=\"column-1\">Eklenti Ad\u0131<\/th><th class=\"column-2\">Versiyon<\/th><th class=\"column-3\">\u0130ndir<\/th><th class=\"column-4\">G\u00fcncelleme<\/th><th class=\"column-5\">Bilgi<\/th>\n<\/tr>\n<\/thead>\n<tbody class=\"row-hover\">\n<tr class=\"row-2 even\">\n\t<td class=\"column-1\">LifterLMS - WordPress LMS Plugin<\/td><td class=\"column-2\">8.0.2<\/td><td class=\"column-3\"><a class=\"download-link\" title=\"\u0130ndir &ldquo;LifterLMS - WordPress LMS Plugin&rdquo;&nbsp;Versiyon 8.0.2\" href=\"https:\/\/wpdepo.com\/tr\/\/download\/53776\/\" rel=\"nofollow\">\n\t\u0130ndir<\/a><\/td><td class=\"column-4\">26 Mart 2025<\/td><td class=\"column-5\"><a href=\"https:\/\/lifterlms.com\/\" target=\"_blank\" rel=\"noopener noreferrer\">Eklenti Sayfas\u0131<\/a><\/td>\n<\/tr>\n<tr class=\"row-3 odd\">\n\t<td class=\"column-1\">LifterLMS Advanced Quizzes<\/td><td class=\"column-2\">3.3.0<\/td><td class=\"column-3\"><a class=\"download-link\" title=\"\u0130ndir &ldquo;LifterLMS Advanced Quizzes&rdquo;&nbsp;Versiyon 3.3.0\" href=\"https:\/\/wpdepo.com\/tr\/\/download\/87409\/\" rel=\"nofollow\">\n\t\u0130ndir<\/a><\/td><td class=\"column-4\">17 Kas\u0131m 2024<\/td><td class=\"column-5\"><a href=\"https:\/\/lifterlms.com\/product\/advanced-quizzes\/\" rel=\"noopener noreferrer\">Eklenti Sayfas\u0131<\/a><\/td>\n<\/tr>\n<tr class=\"row-4 even\">\n\t<td class=\"column-1\">LifterLMS Assignments<\/td><td class=\"column-2\">2.0.1<\/td><td class=\"column-3\"><a class=\"download-link\" title=\"\u0130ndir &ldquo;LifterLMS Assignments&rdquo;&nbsp;Versiyon 2.0.1\" href=\"https:\/\/wpdepo.com\/tr\/\/download\/72407\/\" rel=\"nofollow\">\n\t\u0130ndir<\/a><\/td><td class=\"column-4\">17 Ekim 2022<\/td><td class=\"column-5\"><a href=\"https:\/\/lifterlms.com\/product\/assignments\/\" target=\"_blank\" rel=\"noopener noreferrer\">Eklenti Sayfas\u0131<\/a><\/td>\n<\/tr>\n<tr class=\"row-5 odd\">\n\t<td class=\"column-1\">LifterLMS Authorize.Net Payment Gateway<\/td><td class=\"column-2\">1.1.0<\/td><td class=\"column-3\"><a class=\"download-link\" title=\"\u0130ndir &ldquo;LifterLMS Authorize.Net Payment Gateway&rdquo;&nbsp;Versiyon 1.1.0\" href=\"https:\/\/wpdepo.com\/tr\/\/download\/56323\/\" rel=\"nofollow\">\n\t\u0130ndir<\/a><\/td><td class=\"column-4\">25 Ocak 2021<\/td><td class=\"column-5\"><a href=\"https:\/\/lifterlms.com\/product\/authorize-net\/\" target=\"_blank\" rel=\"noopener noreferrer\">Eklenti Sayfas\u0131<\/a><\/td>\n<\/tr>\n<tr class=\"row-6 even\">\n\t<td class=\"column-1\">LifterLMS ConvertKit<\/td><td class=\"column-2\">2.2.0<\/td><td class=\"column-3\"><a class=\"download-link\" title=\"\u0130ndir &ldquo;LifterLMS ConvertKit&rdquo;&nbsp;Versiyon 2.2.0\" href=\"https:\/\/wpdepo.com\/tr\/\/download\/56325\/\" rel=\"nofollow\">\n\t\u0130ndir<\/a><\/td><td class=\"column-4\">6 Kas\u0131m 2024<\/td><td class=\"column-5\"><a href=\"https:\/\/lifterlms.com\/product\/lifterlms-convertkit\/\" target=\"_blank\" rel=\"noopener noreferrer\">Eklenti Sayfas\u0131<\/a><\/td>\n<\/tr>\n<tr class=\"row-7 odd\">\n\t<td class=\"column-1\">LifterLMS Formidable Forms<\/td><td class=\"column-2\">1.0.5<\/td><td class=\"column-3\"><a class=\"download-link\" title=\"\u0130ndir &ldquo;LifterLMS Formidable Forms&rdquo;&nbsp;Versiyon 1.0.5\" href=\"https:\/\/wpdepo.com\/tr\/\/download\/56327\/\" rel=\"nofollow\">\n\t\u0130ndir<\/a><\/td><td class=\"column-4\">28 Mart 2022<\/td><td class=\"column-5\"><a href=\"https:\/\/lifterlms.com\/product\/formidable-forms\/\" target=\"_blank\" rel=\"noopener noreferrer\">Eklenti Sayfas\u0131<\/a><\/td>\n<\/tr>\n<tr class=\"row-8 even\">\n\t<td class=\"column-1\">LifterLMS Graphics Pack<\/td><td class=\"column-2\">3.6.0<\/td><td class=\"column-3\"><a class=\"download-link\" title=\"\u0130ndir &ldquo;LifterLMS Graphics Pack&rdquo;&nbsp;Versiyon 3.6.0\" href=\"https:\/\/wpdepo.com\/tr\/\/download\/56329\/\" rel=\"nofollow\">\n\t\u0130ndir<\/a><\/td><td class=\"column-4\">5 Eyl\u00fcl 2018<\/td><td class=\"column-5\"><a href=\"https:\/\/lifterlms.com\/product\/lifterlms-graphics-pack\/\" target=\"_blank\" rel=\"noopener noreferrer\">Eklenti Sayfas\u0131<\/a><\/td>\n<\/tr>\n<tr class=\"row-9 odd\">\n\t<td class=\"column-1\">LifterLMS Gravity Forms<\/td><td class=\"column-2\">2.1.4<\/td><td class=\"column-3\"><a class=\"download-link\" title=\"\u0130ndir &ldquo;LifterLMS Gravity Forms&rdquo;&nbsp;Versiyon 2.1.4\" href=\"https:\/\/wpdepo.com\/tr\/\/download\/56331\/\" rel=\"nofollow\">\n\t\u0130ndir<\/a><\/td><td class=\"column-4\">27 Kas\u0131m 2023<\/td><td class=\"column-5\"><a href=\"https:\/\/lifterlms.com\/product\/gravity-forms\/\" target=\"_blank\" rel=\"noopener noreferrer\">Eklenti Sayfas\u0131<\/a><\/td>\n<\/tr>\n<tr class=\"row-10 even\">\n\t<td class=\"column-1\">LifterLMS LaunchPad<\/td><td class=\"column-2\">2.4.9<\/td><td class=\"column-3\"><a class=\"download-link\" title=\"\u0130ndir &ldquo;LifterLMS LaunchPad&rdquo;&nbsp;Versiyon 2.4.9\" href=\"https:\/\/wpdepo.com\/tr\/\/download\/56333\/\" rel=\"nofollow\">\n\t\u0130ndir<\/a><\/td><td class=\"column-4\">3 Eyl\u00fcl 2021<\/td><td class=\"column-5\"><a href=\"https:\/\/lifterlms.com\/product\/launchpad\/\" target=\"_blank\" rel=\"noopener noreferrer\">Eklenti Sayfas\u0131<\/a><\/td>\n<\/tr>\n<tr class=\"row-11 odd\">\n\t<td class=\"column-1\">LifterLMS MailChimp<\/td><td class=\"column-2\">3.3.1<\/td><td class=\"column-3\"><a class=\"download-link\" title=\"\u0130ndir &ldquo;LifterLMS MailChimp&rdquo;&nbsp;Versiyon 3.3.1\" href=\"https:\/\/wpdepo.com\/tr\/\/download\/56335\/\" rel=\"nofollow\">\n\t\u0130ndir<\/a><\/td><td class=\"column-4\">17 \u015eubat 2022<\/td><td class=\"column-5\"><a href=\"https:\/\/lifterlms.com\/product\/mailchimp-extension\/\" target=\"_blank\" rel=\"noopener noreferrer\">Eklenti Sayfas\u0131<\/a><\/td>\n<\/tr>\n<tr class=\"row-12 even\">\n\t<td class=\"column-1\">LifterLMS Ninja Forms<\/td><td class=\"column-2\">1.1.1<\/td><td class=\"column-3\"><a class=\"download-link\" title=\"\u0130ndir &ldquo;LifterLMS Ninja Forms&rdquo;&nbsp;Versiyon 1.1.1\" href=\"https:\/\/wpdepo.com\/tr\/\/download\/56337\/\" rel=\"nofollow\">\n\t\u0130ndir<\/a><\/td><td class=\"column-4\">21 Haziran 2021<\/td><td class=\"column-5\"><a href=\"https:\/\/lifterlms.com\/product\/ninja-forms\/\" target=\"_blank\" rel=\"noopener noreferrer\">Eklenti Sayfas\u0131<\/a><\/td>\n<\/tr>\n<tr class=\"row-13 odd\">\n\t<td class=\"column-1\">LifterLMS PayPal Gateway<\/td><td class=\"column-2\">1.4.0<\/td><td class=\"column-3\"><a class=\"download-link\" title=\"\u0130ndir &ldquo;LifterLMS PayPal Gateway&rdquo;&nbsp;Versiyon 1.4.0\" href=\"https:\/\/wpdepo.com\/tr\/\/download\/56339\/\" rel=\"nofollow\">\n\t\u0130ndir<\/a><\/td><td class=\"column-4\">4 Nisan 2022<\/td><td class=\"column-5\"><a href=\"https:\/\/lifterlms.com\/product\/paypal-extension\/\" target=\"_blank\" rel=\"noopener noreferrer\">Eklenti Sayfas\u0131<\/a><\/td>\n<\/tr>\n<tr class=\"row-14 even\">\n\t<td class=\"column-1\">LifterLMS Sky Pilot Theme<\/td><td class=\"column-2\">2.0.0<\/td><td class=\"column-3\"><a class=\"download-link\" title=\"\u0130ndir &ldquo;LifterLMS Sky Pilot Theme&rdquo;&nbsp;Versiyon 2.0.0\" href=\"https:\/\/wpdepo.com\/tr\/\/download\/89147\/\" rel=\"nofollow\">\n\t\u0130ndir<\/a><\/td><td class=\"column-4\">26 Mart 2025<\/td><td class=\"column-5\"><a href=\"https:\/\/lifterlms.com\/product\/sky-pilot\/\" target=\"_blank\" rel=\"noopener noreferrer\">Eklenti Sayfas\u0131<\/a><\/td>\n<\/tr>\n<tr class=\"row-15 odd\">\n\t<td class=\"column-1\">LifterLMS Stripe Payment Gateway<\/td><td class=\"column-2\">5.6.0<\/td><td class=\"column-3\"><a class=\"download-link\" title=\"\u0130ndir &ldquo;LifterLMS Stripe Payment Gateway&rdquo;&nbsp;Versiyon 5.6.0\" href=\"https:\/\/wpdepo.com\/tr\/\/download\/56341\/\" rel=\"nofollow\">\n\t\u0130ndir<\/a><\/td><td class=\"column-4\">6 Kas\u0131m 2024<\/td><td class=\"column-5\"><a href=\"https:\/\/lifterlms.com\/product\/stripe-extension\/\" target=\"_blank\" rel=\"noopener noreferrer\">Eklenti Sayfas\u0131<\/a><\/td>\n<\/tr>\n<tr class=\"row-16 even\">\n\t<td class=\"column-1\">LifterLMS Twilio<\/td><td class=\"column-2\">2.0.0<\/td><td class=\"column-3\"><a class=\"download-link\" title=\"\u0130ndir &ldquo;LifterLMS Twilio&rdquo;&nbsp;Versiyon 2.0.0\" href=\"https:\/\/wpdepo.com\/tr\/\/download\/56343\/\" rel=\"nofollow\">\n\t\u0130ndir<\/a><\/td><td class=\"column-4\">7 Eyl\u00fcl 2022<\/td><td class=\"column-5\"><a href=\"https:\/\/lifterlms.com\/product\/lifterlms-twilio\/\" target=\"_blank\" rel=\"noopener noreferrer\">Eklenti Sayfas\u0131<\/a><\/td>\n<\/tr>\n<tr class=\"row-17 odd\">\n\t<td class=\"column-1\">LifterLMS WooCommerce<\/td><td class=\"column-2\">2.7.0<\/td><td class=\"column-3\"><a class=\"download-link\" title=\"\u0130ndir &ldquo;LifterLMS WooCommerce&rdquo;&nbsp;Versiyon 2.7.0\" href=\"https:\/\/wpdepo.com\/tr\/\/download\/56345\/\" rel=\"nofollow\">\n\t\u0130ndir<\/a><\/td><td class=\"column-4\">6 May\u0131s 2025<\/td><td class=\"column-5\"><a href=\"https:\/\/lifterlms.com\/product\/woocommerce-extension\/\" target=\"_blank\" rel=\"noopener noreferrer\">Eklenti Sayfas\u0131<\/a><\/td>\n<\/tr>\n<tr class=\"row-18 even\">\n\t<td class=\"column-1\">LifterLMS WPForms<\/td><td class=\"column-2\">1.1.2<\/td><td class=\"column-3\"><a class=\"download-link\" title=\"\u0130ndir &ldquo;LifterLMS WPForms&rdquo;&nbsp;Versiyon 1.1.2\" href=\"https:\/\/wpdepo.com\/tr\/\/download\/56347\/\" rel=\"nofollow\">\n\t\u0130ndir<\/a><\/td><td class=\"column-4\">28 Mart 2022<\/td><td class=\"column-5\"><a href=\"https:\/\/lifterlms.com\/product\/wpforms\/\" target=\"_blank\" rel=\"noopener noreferrer\">Eklenti Sayfas\u0131<\/a><\/td>\n<\/tr>\n<\/tbody>\n<\/table>\n\r\n\r\n\t\t<\/div>\n\t\t\t\t\t<\/div>\n\n\t\r\n\r\n<\/div>\r\n\r\n\t\t<\/div>\n\n\t\t\n<style>\n#section_496484521 {\n  padding-top: 30px;\n  padding-bottom: 30px;\n}\n<\/style>\n\t<\/section>\n\t","protected":false},"excerpt":{"rendered":"","protected":false},"author":1,"featured_media":0,"parent":0,"menu_order":0,"comment_status":"closed","ping_status":"closed","template":"page-blank.php","meta":{"footnotes":""},"class_list":["post-56351","page","type-page","status-publish","hentry"],"_links":{"self":[{"href":"https:\/\/wpdepo.com\/tr\/wp-json\/wp\/v2\/pages\/56351","targetHints":{"allow":["GET"]}}],"collection":[{"href":"https:\/\/wpdepo.com\/tr\/wp-json\/wp\/v2\/pages"}],"about":[{"href":"https:\/\/wpdepo.com\/tr\/wp-json\/wp\/v2\/types\/page"}],"author":[{"embeddable":true,"href":"https:\/\/wpdepo.com\/tr\/wp-json\/wp\/v2\/users\/1"}],"replies":[{"embeddable":true,"href":"https:\/\/wpdepo.com\/tr\/wp-json\/wp\/v2\/comments?post=56351"}],"version-history":[{"count":0,"href":"https:\/\/wpdepo.com\/tr\/wp-json\/wp\/v2\/pages\/56351\/revisions"}],"wp:attachment":[{"href":"https:\/\/wpdepo.com\/tr\/wp-json\/wp\/v2\/media?parent=56351"}],"curies":[{"name":"wp","href":"https:\/\/api.w.org\/{rel}","templated":true}]}}