{"id":55756,"date":"2021-01-02T12:35:14","date_gmt":"2021-01-02T12:35:14","guid":{"rendered":"https:\/\/wpdepo.com\/?page_id=55756"},"modified":"2021-01-02T12:43:46","modified_gmt":"2021-01-02T12:43:46","slug":"kadence-temasi-eklentileri","status":"publish","type":"page","link":"https:\/\/wpdepo.com\/tr\/kadence-temasi-eklentileri\/","title":{"rendered":"Kadence Temas\u0131 ve Eklentileri"},"content":{"rendered":"\n\t<section class=\"section\" id=\"section_563838959\">\n\t\t<div class=\"section-bg fill\" >\n\t\t\t\t\t\t\t\t\t\n\t\t\t\n\n\t\t<\/div>\n\n\t\t\n\n\t\t<div class=\"section-content relative\">\n\t\t\t\r\n\r\n<div class=\"row\"  id=\"row-1979484365\">\r\n\r\n\n\t<div id=\"col-1954368929\" class=\"col small-12 large-12\"  >\n\t\t\t\t<div class=\"col-inner text-left\"  >\n\t\t\t\n\t\t\t\r\n\r\n<h2 style=\"text-align: center;\">Kadence<\/h2>\r\n<p>WordPress deposu \u00fczerinden \u00fccretsiz olarak <a href=\"https:\/\/wordpress.org\/themes\/kadence\/\" rel=\"noopener\" target=\"_blank\">indirebilece\u011finiz<\/a> Kadence temas\u0131 ile h\u0131zl\u0131 y\u00fcklenen, kullan\u0131\u015fl\u0131 ve g\u00fczel web sitelerine sahip olabilirsiniz. H\u0131zl\u0131 bir ba\u015flang\u0131\u00e7 i\u00e7in mevcut demolar\u0131ndan faydalanabilir, s\u00fcr\u00fckle-b\u0131rak yetene\u011fi ile i\u00e7eri\u011finizi kolayca olu\u015fturabilirsiniz.<\/p>\r\n<p>Kadence WP taraf\u0131ndan sunulan Kadence Pro ve Kadence Blocks Pro gibi premium eklentilerin yard\u0131m\u0131yla web sitenizin yeteneklerini geni\u015fletebilir ve ekstra \u00f6zelliklere sahip olabilirsiniz.<\/p>\r\n\r\n\t\t<\/div>\n\t\t\t\t\t<\/div>\n\n\t\r\n\r\n<\/div>\r\n\r\n\t\t<\/div>\n\n\t\t\n<style>\n#section_563838959 {\n  padding-top: 0px;\n  padding-bottom: 0px;\n  background-color: rgb(245, 245, 245);\n}\n<\/style>\n\t<\/section>\n\t\r\n\n\t<section class=\"section\" id=\"section_1960479073\">\n\t\t<div class=\"section-bg fill\" >\n\t\t\t\t\t\t\t\t\t\n\t\t\t\n\n\t\t<\/div>\n\n\t\t\n\n\t\t<div class=\"section-content relative\">\n\t\t\t\r\n\r\n<div class=\"row\"  id=\"row-1616252068\">\r\n\r\n\n\t<div id=\"col-176974188\" class=\"col small-12 large-12\"  >\n\t\t\t\t<div class=\"col-inner text-left\"  >\n\t\t\t\n\t\t\t\r\n\r\n\n<table id=\"tablepress-91\" class=\"tablepress tablepress-id-91\">\n<thead>\n<tr class=\"row-1 odd\">\n\t<th class=\"column-1\">Eklenti Ad\u0131<\/th><th class=\"column-2\">Versiyon<\/th><th class=\"column-3\">\u0130ndir<\/th><th class=\"column-4\">G\u00fcncelleme<\/th><th class=\"column-5\">Bilgi<\/th>\n<\/tr>\n<\/thead>\n<tbody class=\"row-hover\">\n<tr class=\"row-2 even\">\n\t<td class=\"column-1\">Kadence Theme<\/td><td class=\"column-2\">1.4.4<\/td><td class=\"column-3\"><a class=\"download-link\" title=\"\u0130ndir &ldquo;Kadence Theme&rdquo;&nbsp;Versiyon 1.4.4\" href=\"https:\/\/wpdepo.com\/tr\/\/download\/55717\/\" rel=\"nofollow\">\n\t\u0130ndir<\/a><\/td><td class=\"column-4\">27 \u015eubat 2026<\/td><td class=\"column-5\"><a href=\"https:\/\/kadence-theme.com\/\" target=\"_blank\" rel=\"noopener noreferrer\">Tema Sayfas\u0131<\/a><\/td>\n<\/tr>\n<tr class=\"row-3 odd\">\n\t<td class=\"column-1\">Kadence AMP<\/td><td class=\"column-2\">1.0.24<\/td><td class=\"column-3\"><a class=\"download-link\" title=\"\u0130ndir &ldquo;Kadence AMP&rdquo;&nbsp;Versiyon 1.0.24\" href=\"https:\/\/wpdepo.com\/tr\/\/download\/55719\/\" rel=\"nofollow\">\n\t\u0130ndir<\/a><\/td><td class=\"column-4\">11 A\u011fustos 2023<\/td><td class=\"column-5\"><a href=\"https:\/\/www.kadencewp.com\/product\/kadence-amp\/\" target=\"_blank\" rel=\"noopener noreferrer\">Eklenti Sayfas\u0131<\/a><\/td>\n<\/tr>\n<tr class=\"row-4 even\">\n\t<td class=\"column-1\">Kadence Blocks Pro<\/td><td class=\"column-2\">2.8.14<\/td><td class=\"column-3\"><a class=\"download-link\" title=\"\u0130ndir &ldquo;Kadence Blocks Pro&rdquo;&nbsp;Versiyon 2.8.14\" href=\"https:\/\/wpdepo.com\/tr\/\/download\/55721\/\" rel=\"nofollow\">\n\t\u0130ndir<\/a><\/td><td class=\"column-4\">9 Nisan 2026<\/td><td class=\"column-5\"><a href=\"https:\/\/www.kadenceblocks.com\/pro\/\" target=\"_blank\" rel=\"noopener noreferrer\">Eklenti Sayfas\u0131<\/a><\/td>\n<\/tr>\n<tr class=\"row-5 odd\">\n\t<td class=\"column-1\">Kadence Child Theme Builder<\/td><td class=\"column-2\">1.0.9<\/td><td class=\"column-3\"><a class=\"download-link\" title=\"\u0130ndir &ldquo;Kadence Child Theme Builder&rdquo;&nbsp;Versiyon 1.0.9\" href=\"https:\/\/wpdepo.com\/tr\/\/download\/68024\/\" rel=\"nofollow\">\n\t\u0130ndir<\/a><\/td><td class=\"column-4\">18 Aral\u0131k 2024<\/td><td class=\"column-5\"><a href=\"https:\/\/www.kadencewp.com\/kadence-theme\/\" target=\"_blank\" rel=\"noopener noreferrer\">Eklenti Sayfas\u0131<\/a><\/td>\n<\/tr>\n<tr class=\"row-6 even\">\n\t<td class=\"column-1\">Kadence Cloud<\/td><td class=\"column-2\">1.1.2<\/td><td class=\"column-3\"><a class=\"download-link\" title=\"\u0130ndir &ldquo;Kadence Cloud&rdquo;&nbsp;Versiyon 1.1.2\" href=\"https:\/\/wpdepo.com\/tr\/\/download\/68026\/\" rel=\"nofollow\">\n\t\u0130ndir<\/a><\/td><td class=\"column-4\">26 Temmuz 2025<\/td><td class=\"column-5\"><a href=\"https:\/\/www.kadencewp.com\/kadence-cloud\/\" target=\"_blank\" rel=\"noopener noreferrer\">Eklenti Sayfas\u0131<\/a><\/td>\n<\/tr>\n<tr class=\"row-7 odd\">\n\t<td class=\"column-1\">Kadence Conversions<\/td><td class=\"column-2\">1.1.5<\/td><td class=\"column-3\"><a class=\"download-link\" title=\"\u0130ndir &ldquo;Kadence Conversions&rdquo;&nbsp;Versiyon 1.1.5\" href=\"https:\/\/wpdepo.com\/tr\/\/download\/67998\/\" rel=\"nofollow\">\n\t\u0130ndir<\/a><\/td><td class=\"column-4\">13 \u015eubat 2026<\/td><td class=\"column-5\"><a href=\"https:\/\/www.kadencewp.com\/kadence-conversions\/\" target=\"_blank\" rel=\"noopener noreferrer\">Eklenti Sayfas\u0131<\/a><\/td>\n<\/tr>\n<tr class=\"row-8 even\">\n\t<td class=\"column-1\">Kadence Creative Kit<\/td><td class=\"column-2\">1.1.3<\/td><td class=\"column-3\"><a class=\"download-link\" title=\"\u0130ndir &ldquo;Kadence Creative Kit&rdquo;&nbsp;Versiyon 1.1.3\" href=\"https:\/\/wpdepo.com\/tr\/\/download\/89045\/\" rel=\"nofollow\">\n\t\u0130ndir<\/a><\/td><td class=\"column-4\">13 Mart 2026<\/td><td class=\"column-5\"><a href=\"https:\/\/www.kadencewp.com\/help-center\/docs\/kadence-general\/kadence-creative-kit\/\" target=\"_blank\" rel=\"noopener noreferrer\">Eklenti Sayfas\u0131<\/a><\/td>\n<\/tr>\n<tr class=\"row-9 odd\">\n\t<td class=\"column-1\">Kadence Custom Fonts<\/td><td class=\"column-2\">1.1.6<\/td><td class=\"column-3\"><a class=\"download-link\" title=\"\u0130ndir &ldquo;Kadence Custom Fonts&rdquo;&nbsp;Versiyon 1.1.6\" href=\"https:\/\/wpdepo.com\/tr\/\/download\/55723\/\" rel=\"nofollow\">\n\t\u0130ndir<\/a><\/td><td class=\"column-4\">9 Nisan 2026<\/td><td class=\"column-5\"><a href=\"https:\/\/www.kadencewp.com\/product\/kadence-custom-fonts\/\" target=\"_blank\" rel=\"noopener noreferrer\">Eklenti Sayfas\u0131<\/a><\/td>\n<\/tr>\n<tr class=\"row-10 even\">\n\t<td class=\"column-1\">Kadence Fullpane Vertical Slider<\/td><td class=\"column-2\">1.0.6<\/td><td class=\"column-3\"><a class=\"download-link\" title=\"\u0130ndir &ldquo;Kadence Fullpane Vertical Slider&rdquo;&nbsp;Versiyon 1.0.6\" href=\"https:\/\/wpdepo.com\/tr\/\/download\/55725\/\" rel=\"nofollow\">\n\t\u0130ndir<\/a><\/td><td class=\"column-4\">1 \u015eubat 2026<\/td><td class=\"column-5\"><a href=\"https:\/\/www.kadencewp.com\/product\/kadence-fullpane-vertical-slider\/\" target=\"_blank\" rel=\"noopener noreferrer\">Eklenti Sayfas\u0131<\/a><\/td>\n<\/tr>\n<tr class=\"row-11 odd\">\n\t<td class=\"column-1\">Kadence Galleries<\/td><td class=\"column-2\">1.3.3<\/td><td class=\"column-3\"><a class=\"download-link\" title=\"\u0130ndir &ldquo;Kadence Galleries&rdquo;&nbsp;Versiyon 1.3.3\" href=\"https:\/\/wpdepo.com\/tr\/\/download\/55727\/\" rel=\"nofollow\">\n\t\u0130ndir<\/a><\/td><td class=\"column-4\">21 Ocak 2025<\/td><td class=\"column-5\"><a href=\"https:\/\/www.kadencewp.com\/product\/kadence-galleries\/\" target=\"_blank\" rel=\"noopener noreferrer\">Eklenti Sayfas\u0131<\/a><\/td>\n<\/tr>\n<tr class=\"row-12 even\">\n\t<td class=\"column-1\">Kadence Insights - A\/B Testing<\/td><td class=\"column-2\">1.0.3<\/td><td class=\"column-3\"><a class=\"download-link\" title=\"\u0130ndir &ldquo;Kadence Insights - A\/B Testing&rdquo;&nbsp;Versiyon 1.0.3\" href=\"https:\/\/wpdepo.com\/tr\/\/download\/89047\/\" rel=\"nofollow\">\n\t\u0130ndir<\/a><\/td><td class=\"column-4\">10 Nisan 2025<\/td><td class=\"column-5\"><a href=\"https:\/\/www.kadencewp.com\/kadence-insights\/\" target=\"_blank\" rel=\"noopener noreferrer\">Eklenti Sayfas\u0131<\/a><\/td>\n<\/tr>\n<tr class=\"row-13 odd\">\n\t<td class=\"column-1\">Kadence Page Transitions<\/td><td class=\"column-2\">1.0.9<\/td><td class=\"column-3\"><a class=\"download-link\" title=\"\u0130ndir &ldquo;Kadence Page Transitions&rdquo;&nbsp;Versiyon 1.0.9\" href=\"https:\/\/wpdepo.com\/tr\/\/download\/55729\/\" rel=\"nofollow\">\n\t\u0130ndir<\/a><\/td><td class=\"column-4\">22 Kas\u0131m 2025<\/td><td class=\"column-5\"><a href=\"https:\/\/www.kadencewp.com\/product\/kadence-page-transitions\/\" target=\"_blank\" rel=\"noopener noreferrer\">Eklenti Sayfas\u0131<\/a><\/td>\n<\/tr>\n<tr class=\"row-14 even\">\n\t<td class=\"column-1\">Kadence Pricing Table<\/td><td class=\"column-2\">1.0.11<\/td><td class=\"column-3\"><a class=\"download-link\" title=\"\u0130ndir &ldquo;Kadence Pricing Table&rdquo;&nbsp;Versiyon 1.0.11\" href=\"https:\/\/wpdepo.com\/tr\/\/download\/55731\/\" rel=\"nofollow\">\n\t\u0130ndir<\/a><\/td><td class=\"column-4\">22 Kas\u0131m 2025<\/td><td class=\"column-5\"><a href=\"https:\/\/www.kadencewp.com\/product\/kadence-pricing-table\/\" target=\"_blank\" rel=\"noopener noreferrer\">Eklenti Sayfas\u0131<\/a><\/td>\n<\/tr>\n<tr class=\"row-15 odd\">\n\t<td class=\"column-1\">Kadence Pro - Premium Addon for the Kadence Theme<\/td><td class=\"column-2\">1.1.19<\/td><td class=\"column-3\"><a class=\"download-link\" title=\"\u0130ndir &ldquo;Kadence Pro - Premium Addon for the Kadence Theme&rdquo;&nbsp;Versiyon 1.1.19\" href=\"https:\/\/wpdepo.com\/tr\/\/download\/55733\/\" rel=\"nofollow\">\n\t\u0130ndir<\/a><\/td><td class=\"column-4\">9 Nisan 2026<\/td><td class=\"column-5\"><a href=\"https:\/\/kadence-theme.com\/premium\/\" target=\"_blank\" rel=\"noopener noreferrer\">Eklenti Sayfas\u0131<\/a><\/td>\n<\/tr>\n<tr class=\"row-16 even\">\n\t<td class=\"column-1\">Kadence Reading Time<\/td><td class=\"column-2\">1.0.5<\/td><td class=\"column-3\"><a class=\"download-link\" title=\"\u0130ndir &ldquo;Kadence Reading Time&rdquo;&nbsp;Versiyon 1.0.5\" href=\"https:\/\/wpdepo.com\/tr\/\/download\/55735\/\" rel=\"nofollow\">\n\t\u0130ndir<\/a><\/td><td class=\"column-4\">26 \u015eubat 2025<\/td><td class=\"column-5\"><a href=\"https:\/\/www.kadencewp.com\/product\/kadence-reading-time\/\" target=\"_blank\" rel=\"noopener noreferrer\">Eklenti Sayfas\u0131<\/a><\/td>\n<\/tr>\n<tr class=\"row-17 odd\">\n\t<td class=\"column-1\">Kadence reCAPTCHA<\/td><td class=\"column-2\">1.3.7<\/td><td class=\"column-3\"><a class=\"download-link\" title=\"\u0130ndir &ldquo;Kadence reCAPTCHA&rdquo;&nbsp;Versiyon 1.3.7\" href=\"https:\/\/wpdepo.com\/tr\/\/download\/55737\/\" rel=\"nofollow\">\n\t\u0130ndir<\/a><\/td><td class=\"column-4\">19 Kas\u0131m 2025<\/td><td class=\"column-5\"><a href=\"https:\/\/www.kadencewp.com\/product\/kadence-google-recaptcha\/\" target=\"_blank\" rel=\"noopener noreferrer\">Eklenti Sayfas\u0131<\/a><\/td>\n<\/tr>\n<tr class=\"row-18 even\">\n\t<td class=\"column-1\">Kadence Pattern Hub - SureCart Licensing<\/td><td class=\"column-2\">1.0.4<\/td><td class=\"column-3\"><a class=\"download-link\" title=\"\u0130ndir &ldquo;Kadence Pattern Hub - SureCart Licensing&rdquo;&nbsp;Versiyon 1.0.4\" href=\"https:\/\/wpdepo.com\/tr\/\/download\/89043\/\" rel=\"nofollow\">\n\t\u0130ndir<\/a><\/td><td class=\"column-4\">20 Mart 2025<\/td><td class=\"column-5\"><a href=\"https:\/\/www.kadencewp.com\/help-center\/docs\/kadence-cloud\/how-to-sell-access-keys-surecart\/\" target=\"_blank\" rel=\"noopener noreferrer\">Eklenti Sayfas\u0131<\/a><\/td>\n<\/tr>\n<tr class=\"row-19 odd\">\n\t<td class=\"column-1\">Kadence Related Content<\/td><td class=\"column-2\">1.0.14<\/td><td class=\"column-3\"><a class=\"download-link\" title=\"\u0130ndir &ldquo;Kadence Related Content&rdquo;&nbsp;Versiyon 1.0.14\" href=\"https:\/\/wpdepo.com\/tr\/\/download\/55739\/\" rel=\"nofollow\">\n\t\u0130ndir<\/a><\/td><td class=\"column-4\">13 \u015eubat 2026<\/td><td class=\"column-5\"><a href=\"https:\/\/www.kadencewp.com\/product\/kadence-related-content\/\" target=\"_blank\" rel=\"noopener noreferrer\">Eklenti Sayfas\u0131<\/a><\/td>\n<\/tr>\n<tr class=\"row-20 even\">\n\t<td class=\"column-1\">Kadence Simple Share<\/td><td class=\"column-2\">1.2.13<\/td><td class=\"column-3\"><a class=\"download-link\" title=\"\u0130ndir &ldquo;Kadence Simple Share&rdquo;&nbsp;Versiyon 1.2.13\" href=\"https:\/\/wpdepo.com\/tr\/\/download\/55741\/\" rel=\"nofollow\">\n\t\u0130ndir<\/a><\/td><td class=\"column-4\">12 \u015eubat 2025<\/td><td class=\"column-5\"><a href=\"https:\/\/www.kadencewp.com\/product\/kadence-simple-share\/\" target=\"_blank\" rel=\"noopener noreferrer\">Eklenti Sayfas\u0131<\/a><\/td>\n<\/tr>\n<tr class=\"row-21 odd\">\n\t<td class=\"column-1\">Kadence Slider Pro<\/td><td class=\"column-2\">2.3.7<\/td><td class=\"column-3\"><a class=\"download-link\" title=\"\u0130ndir &ldquo;Kadence Slider Pro&rdquo;&nbsp;Versiyon 2.3.7\" href=\"https:\/\/wpdepo.com\/tr\/\/download\/55743\/\" rel=\"nofollow\">\n\t\u0130ndir<\/a><\/td><td class=\"column-4\">9 Nisan 2026<\/td><td class=\"column-5\"><a href=\"https:\/\/www.kadencewp.com\/product\/kadence-slider-pro\/\" target=\"_blank\" rel=\"noopener noreferrer\">Eklenti Sayfas\u0131<\/a><\/td>\n<\/tr>\n<tr class=\"row-22 even\">\n\t<td class=\"column-1\">Kadence White Label<\/td><td class=\"column-2\">1.0.1<\/td><td class=\"column-3\"><a class=\"download-link\" title=\"\u0130ndir &ldquo;Kadence White Label&rdquo;&nbsp;Versiyon 1.0.1\" href=\"https:\/\/wpdepo.com\/tr\/\/download\/89041\/\" rel=\"nofollow\">\n\t\u0130ndir<\/a><\/td><td class=\"column-4\">20 Mart 2025<\/td><td class=\"column-5\"><a href=\"https:\/\/www.kadencewp.com\/help-center\/docs\/kadence-general\/kadence-white-label\/\" target=\"_blank\" rel=\"noopener noreferrer\">Eklenti Sayfas\u0131<\/a><\/td>\n<\/tr>\n<tr class=\"row-23 odd\">\n\t<td class=\"column-1\">Kadence Widget Dock<\/td><td class=\"column-2\">1.0.6<\/td><td class=\"column-3\"><a class=\"download-link\" title=\"\u0130ndir &ldquo;Kadence Widget Dock&rdquo;&nbsp;Versiyon 1.0.6\" href=\"https:\/\/wpdepo.com\/tr\/\/download\/55745\/\" rel=\"nofollow\">\n\t\u0130ndir<\/a><\/td><td class=\"column-4\">10 Aral\u0131k 2020<\/td><td class=\"column-5\"><a href=\"https:\/\/www.kadencewp.com\/product\/kadence-widget-dock\/\" target=\"_blank\" rel=\"noopener noreferrer\">Eklenti Sayfas\u0131<\/a><\/td>\n<\/tr>\n<tr class=\"row-24 even\">\n\t<td class=\"column-1\">Kadence Woocommerce Elementor Pro<\/td><td class=\"column-2\">1.1.11<\/td><td class=\"column-3\"><a class=\"download-link\" title=\"\u0130ndir &ldquo;Kadence Woocommerce Elementor Pro&rdquo;&nbsp;Versiyon 1.1.11\" href=\"https:\/\/wpdepo.com\/tr\/\/download\/55747\/\" rel=\"nofollow\">\n\t\u0130ndir<\/a><\/td><td class=\"column-4\">1 Aral\u0131k 2025<\/td><td class=\"column-5\"><a href=\"https:\/\/www.kadencewp.com\/product\/kadence-woocommerce-elementor\/\" target=\"_blank\" rel=\"noopener noreferrer\">Eklenti Sayfas\u0131<\/a><\/td>\n<\/tr>\n<tr class=\"row-25 odd\">\n\t<td class=\"column-1\">Kadence WooCommerce Extras<\/td><td class=\"column-2\">2.4.15.1<\/td><td class=\"column-3\"><a class=\"download-link\" title=\"\u0130ndir &ldquo;Kadence WooCommerce Extras&rdquo;&nbsp;Versiyon 2.4.15.1\" href=\"https:\/\/wpdepo.com\/tr\/\/download\/55749\/\" rel=\"nofollow\">\n\t\u0130ndir<\/a><\/td><td class=\"column-4\">2 Nisan 2026<\/td><td class=\"column-5\"><a href=\"https:\/\/www.kadencewp.com\/product\/kadence-woo-extras\/\" target=\"_blank\" rel=\"noopener noreferrer\">Eklenti Sayfas\u0131<\/a><\/td>\n<\/tr>\n<tr class=\"row-26 even\">\n\t<td class=\"column-1\">Kadence WooCommerce SiteOrigin Builder<\/td><td class=\"column-2\">1.1.8<\/td><td class=\"column-3\"><a class=\"download-link\" title=\"\u0130ndir &ldquo;Kadence WooCommerce SiteOrigin Builder&rdquo;&nbsp;Versiyon 1.1.8\" href=\"https:\/\/wpdepo.com\/tr\/\/download\/55751\/\" rel=\"nofollow\">\n\t\u0130ndir<\/a><\/td><td class=\"column-4\">3 Mart 2022<\/td><td class=\"column-5\"><a href=\"https:\/\/www.kadencewp.com\/product\/kadence-woo-template-builder\/\" target=\"_blank\" rel=\"noopener noreferrer\">Eklenti Sayfas\u0131<\/a><\/td>\n<\/tr>\n<\/tbody>\n<\/table>\n\r\n\r\n\t\t<\/div>\n\t\t\t\t\t<\/div>\n\n\t\r\n\r\n<\/div>\r\n\r\n\t\t<\/div>\n\n\t\t\n<style>\n#section_1960479073 {\n  padding-top: 30px;\n  padding-bottom: 30px;\n}\n<\/style>\n\t<\/section>\n\t","protected":false},"excerpt":{"rendered":"","protected":false},"author":1,"featured_media":0,"parent":0,"menu_order":0,"comment_status":"closed","ping_status":"closed","template":"page-blank.php","meta":{"footnotes":""},"class_list":["post-55756","page","type-page","status-publish","hentry"],"_links":{"self":[{"href":"https:\/\/wpdepo.com\/tr\/wp-json\/wp\/v2\/pages\/55756","targetHints":{"allow":["GET"]}}],"collection":[{"href":"https:\/\/wpdepo.com\/tr\/wp-json\/wp\/v2\/pages"}],"about":[{"href":"https:\/\/wpdepo.com\/tr\/wp-json\/wp\/v2\/types\/page"}],"author":[{"embeddable":true,"href":"https:\/\/wpdepo.com\/tr\/wp-json\/wp\/v2\/users\/1"}],"replies":[{"embeddable":true,"href":"https:\/\/wpdepo.com\/tr\/wp-json\/wp\/v2\/comments?post=55756"}],"version-history":[{"count":0,"href":"https:\/\/wpdepo.com\/tr\/wp-json\/wp\/v2\/pages\/55756\/revisions"}],"wp:attachment":[{"href":"https:\/\/wpdepo.com\/tr\/wp-json\/wp\/v2\/media?parent=55756"}],"curies":[{"name":"wp","href":"https:\/\/api.w.org\/{rel}","templated":true}]}}