{"id":55702,"date":"2021-01-01T14:11:08","date_gmt":"2021-01-01T14:11:08","guid":{"rendered":"https:\/\/wpdepo.com\/?page_id=55702"},"modified":"2021-01-01T14:11:08","modified_gmt":"2021-01-01T14:11:08","slug":"pimwick-eklentileri","status":"publish","type":"page","link":"https:\/\/wpdepo.com\/tr\/pimwick-eklentileri\/","title":{"rendered":"Pimwick Eklentileri"},"content":{"rendered":"\n\t<section class=\"section\" id=\"section_2033748418\">\n\t\t<div class=\"section-bg fill\" >\n\t\t\t\t\t\t\t\t\t\n\t\t\t\n\n\t\t<\/div>\n\n\t\t\n\n\t\t<div class=\"section-content relative\">\n\t\t\t\r\n\r\n<div class=\"row\"  id=\"row-1802110349\">\r\n\r\n\n\t<div id=\"col-246463192\" class=\"col small-12 large-12\"  >\n\t\t\t\t<div class=\"col-inner text-left\"  >\n\t\t\t\n\t\t\t\r\n\r\n<h2 style=\"text-align: center;\">Pimwick<\/h2>\r\n<p>Pimwick, size zaman kazand\u0131racak, WooCommerce ma\u011fazan\u0131z\u0131 geli\u015ftirecek ve daha fazla para kazanman\u0131z\u0131na destek olacak \u00e7e\u015fitli \u00fccretsiz ve premium WordPress eklentileri sunmaktad\u0131r.<\/p>\r\n<p>Hediye kart\u0131, toplu d\u00fczenleme, bir alana bir bedava gibi WooCommerce eklentileri geli\u015ftiren Pimwick&#8217;in eklentilerini sitemizden indirebilirsiniz.<\/p>\r\n\r\n\t\t<\/div>\n\t\t\t\t\t<\/div>\n\n\t\r\n\r\n<\/div>\r\n\r\n\t\t<\/div>\n\n\t\t\n<style>\n#section_2033748418 {\n  padding-top: 0px;\n  padding-bottom: 0px;\n  background-color: rgb(245, 245, 245);\n}\n<\/style>\n\t<\/section>\n\t\r\n\n\t<section class=\"section\" id=\"section_908017546\">\n\t\t<div class=\"section-bg fill\" >\n\t\t\t\t\t\t\t\t\t\n\t\t\t\n\n\t\t<\/div>\n\n\t\t\n\n\t\t<div class=\"section-content relative\">\n\t\t\t\r\n\r\n<div class=\"row\"  id=\"row-618108884\">\r\n\r\n\n\t<div id=\"col-1127901791\" class=\"col small-12 large-12\"  >\n\t\t\t\t<div class=\"col-inner text-left\"  >\n\t\t\t\n\t\t\t\r\n\r\n\n<table id=\"tablepress-90\" class=\"tablepress tablepress-id-90\">\n<thead>\n<tr class=\"row-1 odd\">\n\t<th class=\"column-1\">Eklenti Ad\u0131<\/th><th class=\"column-2\">Versiyon<\/th><th class=\"column-3\">\u0130ndir<\/th><th class=\"column-4\">G\u00fcncelleme<\/th><th class=\"column-5\">Bilgi<\/th>\n<\/tr>\n<\/thead>\n<tbody class=\"row-hover\">\n<tr class=\"row-2 even\">\n\t<td class=\"column-1\">PW WooCommerce Affiliates Pro<\/td><td class=\"column-2\">2.30<\/td><td class=\"column-3\"><a class=\"download-link\" title=\"\u0130ndir &ldquo;PW WooCommerce Affiliates Pro&rdquo;&nbsp;Versiyon 2.30\" href=\"https:\/\/wpdepo.com\/tr\/\/download\/20958\/\" rel=\"nofollow\">\n\t\u0130ndir<\/a><\/td><td class=\"column-4\">3 A\u011fustos 2021<\/td><td class=\"column-5\"><a href=\"https:\/\/www.pimwick.com\/affiliates\/\" target=\"_blank\" rel=\"noopener noreferrer\">Eklenti Sayfas\u0131<\/a><\/td>\n<\/tr>\n<tr class=\"row-3 odd\">\n\t<td class=\"column-1\">PW WooCommerce BOGO Pro<\/td><td class=\"column-2\">4.9<\/td><td class=\"column-3\"><a class=\"download-link\" title=\"\u0130ndir &ldquo;PW WooCommerce BOGO Pro&rdquo;&nbsp;Versiyon 4.9\" href=\"https:\/\/wpdepo.com\/tr\/\/download\/21000\/\" rel=\"nofollow\">\n\t\u0130ndir<\/a><\/td><td class=\"column-4\">12 May\u0131s 2025<\/td><td class=\"column-5\"><a href=\"https:\/\/www.pimwick.com\/pw-bogo\/\" target=\"_blank\" rel=\"noopener noreferrer\">Eklenti Sayfas\u0131<\/a><\/td>\n<\/tr>\n<tr class=\"row-4 even\">\n\t<td class=\"column-1\">PW WooCommerce Bulk Edit Pro<\/td><td class=\"column-2\">3.27<\/td><td class=\"column-3\"><a class=\"download-link\" title=\"\u0130ndir &ldquo;PW WooCommerce Bulk Edit Pro&rdquo;&nbsp;Versiyon 3.27\" href=\"https:\/\/wpdepo.com\/tr\/\/download\/21002\/\" rel=\"nofollow\">\n\t\u0130ndir<\/a><\/td><td class=\"column-4\">3 Nisan 2026<\/td><td class=\"column-5\"><a href=\"https:\/\/www.pimwick.com\/pw-bulk-edit\/\" target=\"_blank\" rel=\"noopener noreferrer\">Eklenti Sayfas\u0131<\/a><\/td>\n<\/tr>\n<tr class=\"row-5 odd\">\n\t<td class=\"column-1\">PW WooCommerce Gift Cards Pro<\/td><td class=\"column-2\">3.35<\/td><td class=\"column-3\"><a class=\"download-link\" title=\"\u0130ndir &ldquo;PW WooCommerce Gift Cards Pro&rdquo;&nbsp;Versiyon 3.35\" href=\"https:\/\/wpdepo.com\/tr\/\/download\/21004\/\" rel=\"nofollow\">\n\t\u0130ndir<\/a><\/td><td class=\"column-4\">22 Temmuz 2025<\/td><td class=\"column-5\"><a href=\"https:\/\/www.pimwick.com\/gift-cards\/\" target=\"_blank\" rel=\"noopener noreferrer\">Eklenti Sayfas\u0131<\/a><\/td>\n<\/tr>\n<tr class=\"row-6 even\">\n\t<td class=\"column-1\">PW WooCommerce Let's Export! Pro<\/td><td class=\"column-2\">1.27<\/td><td class=\"column-3\"><a class=\"download-link\" title=\"\u0130ndir &ldquo;PW WooCommerce Let&#039;s Export! Pro&rdquo;&nbsp;Versiyon 1.27\" href=\"https:\/\/wpdepo.com\/tr\/\/download\/55673\/\" rel=\"nofollow\">\n\t\u0130ndir<\/a><\/td><td class=\"column-4\">4 A\u011fustos 2021<\/td><td class=\"column-5\"><a href=\"https:\/\/www.pimwick.com\/pw-woocommerce-lets-export\/\" target=\"_blank\" rel=\"noopener noreferrer\">Eklenti Sayfas\u0131<\/a><\/td>\n<\/tr>\n<tr class=\"row-7 odd\">\n\t<td class=\"column-1\">PW WooCommerce On Sale! Pro<\/td><td class=\"column-2\">1.40<\/td><td class=\"column-3\"><a class=\"download-link\" title=\"\u0130ndir &ldquo;PW WooCommerce On Sale! Pro&rdquo;&nbsp;Versiyon 1.40\" href=\"https:\/\/wpdepo.com\/tr\/\/download\/55675\/\" rel=\"nofollow\">\n\t\u0130ndir<\/a><\/td><td class=\"column-4\">7 \u015eubat 2022<\/td><td class=\"column-5\"><a href=\"https:\/\/www.pimwick.com\/pw-woocommerce-on-sale\/\" target=\"_blank\" rel=\"noopener noreferrer\">Eklenti Sayfas\u0131<\/a><\/td>\n<\/tr>\n<\/tbody>\n<\/table>\n\r\n\r\n\t\t<\/div>\n\t\t\t\t\t<\/div>\n\n\t\r\n\r\n<\/div>\r\n\r\n\t\t<\/div>\n\n\t\t\n<style>\n#section_908017546 {\n  padding-top: 30px;\n  padding-bottom: 30px;\n}\n<\/style>\n\t<\/section>\n\t","protected":false},"excerpt":{"rendered":"","protected":false},"author":1,"featured_media":0,"parent":0,"menu_order":0,"comment_status":"closed","ping_status":"closed","template":"page-blank.php","meta":{"footnotes":""},"class_list":["post-55702","page","type-page","status-publish","hentry"],"_links":{"self":[{"href":"https:\/\/wpdepo.com\/tr\/wp-json\/wp\/v2\/pages\/55702","targetHints":{"allow":["GET"]}}],"collection":[{"href":"https:\/\/wpdepo.com\/tr\/wp-json\/wp\/v2\/pages"}],"about":[{"href":"https:\/\/wpdepo.com\/tr\/wp-json\/wp\/v2\/types\/page"}],"author":[{"embeddable":true,"href":"https:\/\/wpdepo.com\/tr\/wp-json\/wp\/v2\/users\/1"}],"replies":[{"embeddable":true,"href":"https:\/\/wpdepo.com\/tr\/wp-json\/wp\/v2\/comments?post=55702"}],"version-history":[{"count":0,"href":"https:\/\/wpdepo.com\/tr\/wp-json\/wp\/v2\/pages\/55702\/revisions"}],"wp:attachment":[{"href":"https:\/\/wpdepo.com\/tr\/wp-json\/wp\/v2\/media?parent=55702"}],"curies":[{"name":"wp","href":"https:\/\/api.w.org\/{rel}","templated":true}]}}