{"id":5281,"date":"2017-12-01T21:32:44","date_gmt":"2017-12-01T18:32:44","guid":{"rendered":"https:\/\/wpdepo.com\/?page_id=5281"},"modified":"2018-09-03T20:46:17","modified_gmt":"2018-09-03T17:46:17","slug":"aelia-eklentileri","status":"publish","type":"page","link":"https:\/\/wpdepo.com\/tr\/aelia-eklentileri\/","title":{"rendered":"Aelia Eklentileri"},"content":{"rendered":"\n\t<section class=\"section\" id=\"section_1336609334\">\n\t\t<div class=\"section-bg fill\" >\n\t\t\t\t\t\t\t\t\t\n\t\t\t\n\n\t\t<\/div>\n\n\t\t\n\n\t\t<div class=\"section-content relative\">\n\t\t\t\r\n\r\n<div class=\"row\"  id=\"row-1912116493\">\r\n\r\n\n\t<div id=\"col-1218911519\" class=\"col small-12 large-12\"  >\n\t\t\t\t<div class=\"col-inner text-left\"  >\n\t\t\t\n\t\t\t\r\n\r\n<h2 style=\"text-align: center;\">Aelia<\/h2>\r\n<p>Aelia, WooCommerce ma\u011fazan\u0131z\u0131n uluslararas\u0131 pazarlara da satmas\u0131na imkan vermek i\u00e7in \u00e7ok sat\u0131lan eklentiler \u00fcretmektedir. Ma\u011fazan\u0131z\u0131n birden \u00e7ok para biriminde fiyatlar\u0131 g\u00f6r\u00fcnt\u00fclemesini ve \u00f6demeleri kabul etmesini sa\u011flayan Currency Switcher eklentisini ve Aelia taraf\u0131ndan geli\u015ftirilen di\u011fer premium eklentileri bu sayfadan indirebilirsiniz.<\/p>\r\n<p>Currency Switcher eklentisinin Product Bundles, Composite Products gibi WooCommerce eklentileri ile entegre \u00e7al\u0131\u015fmas\u0131n\u0131 istiyorsan\u0131z \u00fccretsiz sunulan Aelia eklentilerine <a href=\"https:\/\/aelia.co\/shop\/product-category\/woocommerce\/\" rel=\"noopener\" target=\"_blank\">buradan<\/a> g\u00f6z atabilirsiniz.<\/p>\r\n\r\n\t\t<\/div>\n\t\t\t\t\t<\/div>\n\n\t\r\n\r\n<\/div>\r\n\r\n\t\t<\/div>\n\n\t\t\n<style>\n#section_1336609334 {\n  padding-top: 0px;\n  padding-bottom: 0px;\n  background-color: rgb(245, 245, 245);\n}\n<\/style>\n\t<\/section>\n\t\r\n\n\t<section class=\"section\" id=\"section_475242328\">\n\t\t<div class=\"section-bg fill\" >\n\t\t\t\t\t\t\t\t\t\n\t\t\t\n\n\t\t<\/div>\n\n\t\t\n\n\t\t<div class=\"section-content relative\">\n\t\t\t\r\n\r\n<div class=\"row\"  id=\"row-677930602\">\r\n\r\n\n\t<div id=\"col-1260307057\" class=\"col small-12 large-12\"  >\n\t\t\t\t<div class=\"col-inner text-left\"  >\n\t\t\t\n\t\t\t\r\n\r\n\n<table id=\"tablepress-57\" class=\"tablepress tablepress-id-57\">\n<thead>\n<tr class=\"row-1 odd\">\n\t<th class=\"column-1\">Eklenti Ad\u0131<\/th><th class=\"column-2\">Versiyon<\/th><th class=\"column-3\">\u0130ndir<\/th><th class=\"column-4\">G\u00fcncelleme<\/th><th class=\"column-5\">Bilgi<\/th>\n<\/tr>\n<\/thead>\n<tbody class=\"row-hover\">\n<tr class=\"row-2 even\">\n\t<td class=\"column-1\">Aelia Blacklister for WooCommerce<\/td><td class=\"column-2\">2.2.23.250918<\/td><td class=\"column-3\"><a class=\"download-link\" title=\"\u0130ndir &ldquo;Aelia Blacklister for WooCommerce&rdquo;&nbsp;Versiyon 2.2.23.250918\" href=\"https:\/\/wpdepo.com\/tr\/\/download\/98643\/\" rel=\"nofollow\">\n\t\u0130ndir<\/a><\/td><td class=\"column-4\">18 Kas\u0131m 2025<\/td><td class=\"column-5\"><a href=\"https:\/\/aelia.co\/shop\/blacklister-for-woocommerce\/\" target=\"_blank\" rel=\"noopener noreferrer\">Eklenti Sayfas\u0131<\/a><\/td>\n<\/tr>\n<tr class=\"row-3 odd\">\n\t<td class=\"column-1\">Aelia Currency Switcher for WooCommerce<\/td><td class=\"column-2\">5.2.14.250918<\/td><td class=\"column-3\"><a class=\"download-link\" title=\"\u0130ndir &ldquo;Aelia Currency Switcher for WooCommerce&rdquo;&nbsp;Versiyon 5.2.14.250918\" href=\"https:\/\/wpdepo.com\/tr\/\/download\/5276\/\" rel=\"nofollow\">\n\t\u0130ndir<\/a><\/td><td class=\"column-4\">17 Kas\u0131m 2025<\/td><td class=\"column-5\"><a href=\"https:\/\/aelia.co\/shop\/currency-switcher-woocommerce\/\" target=\"_blank\" rel=\"noopener noreferrer\">Eklenti Sayfas\u0131<\/a><\/td>\n<\/tr>\n<tr class=\"row-4 even\">\n\t<td class=\"column-1\">Aelia EU VAT Assistant for WooCommerce<\/td><td class=\"column-2\">1.9.6.190208<\/td><td class=\"column-3\"><a class=\"download-link\" title=\"\u0130ndir &ldquo;Aelia EU VAT Assistant for WooCommerce&rdquo;&nbsp;Versiyon 1.9.6.190208\" href=\"https:\/\/wpdepo.com\/tr\/\/download\/19785\/\" rel=\"nofollow\">\n\t\u0130ndir<\/a><\/td><td class=\"column-4\">11 \u015eubat 2019<\/td><td class=\"column-5\"><a href=\"https:\/\/aelia.co\/shop\/eu-vat-assistant-woocommerce\/\" target=\"_blank\" rel=\"noopener noreferrer\">Eklenti Sayfas\u0131<\/a><\/td>\n<\/tr>\n<tr class=\"row-5 odd\">\n\t<td class=\"column-1\">Aelia PayPal Standard Multi-Account for WooCommerce<\/td><td class=\"column-2\">1.5.25.250918<\/td><td class=\"column-3\"><a class=\"download-link\" title=\"\u0130ndir &ldquo;Aelia PayPal Standard Multi-Account for WooCommerce&rdquo;&nbsp;Versiyon 1.5.25.250918\" href=\"https:\/\/wpdepo.com\/tr\/\/download\/68215\/\" rel=\"nofollow\">\n\t\u0130ndir<\/a><\/td><td class=\"column-4\">17 Kas\u0131m 2025<\/td><td class=\"column-5\"><a href=\"https:\/\/aelia.co\/shop\/paypal-multi-account-woocommerce\/\" target=\"_blank\" rel=\"noopener noreferrer\">Eklenti Sayfas\u0131<\/a><\/td>\n<\/tr>\n<tr class=\"row-6 even\">\n\t<td class=\"column-1\">Aelia Prices by Country for WooCommerce<\/td><td class=\"column-2\">1.18.5.250918<\/td><td class=\"column-3\"><a class=\"download-link\" title=\"\u0130ndir &ldquo;Aelia Prices by Country for WooCommerce&rdquo;&nbsp;Versiyon 1.18.5.250918\" href=\"https:\/\/wpdepo.com\/tr\/\/download\/21251\/\" rel=\"nofollow\">\n\t\u0130ndir<\/a><\/td><td class=\"column-4\">17 Kas\u0131m 2025<\/td><td class=\"column-5\"><a href=\"https:\/\/aelia.co\/shop\/prices-by-country-woocommerce\/\" target=\"_blank\" rel=\"noopener noreferrer\">Eklenti Sayfas\u0131<\/a><\/td>\n<\/tr>\n<tr class=\"row-7 odd\">\n\t<td class=\"column-1\">Aelia Tax Display by Country for WooCommerce<\/td><td class=\"column-2\">1.21.8.250918<\/td><td class=\"column-3\"><a class=\"download-link\" title=\"\u0130ndir &ldquo;Aelia Tax Display by Country for WooCommerce&rdquo;&nbsp;Versiyon 1.21.8.250918\" href=\"https:\/\/wpdepo.com\/tr\/\/download\/4791\/\" rel=\"nofollow\">\n\t\u0130ndir<\/a><\/td><td class=\"column-4\">17 Kas\u0131m 2025<\/td><td class=\"column-5\"><a href=\"https:\/\/aelia.co\/shop\/tax-display-by-country-for-woocommerce\/\" target=\"_blank\" rel=\"noopener noreferrer\">Eklenti Sayfas\u0131<\/a><\/td>\n<\/tr>\n<tr class=\"row-8 even\">\n\t<td class=\"column-1\">Easy Digital Downloads - Aelia Currency Switcher<\/td><td class=\"column-2\">1.5.0.190129<\/td><td class=\"column-3\"><a class=\"download-link\" title=\"\u0130ndir &ldquo;Easy Digital Downloads - Aelia Currency Switcher&rdquo;&nbsp;Versiyon 1.5.0.190129\" href=\"https:\/\/wpdepo.com\/tr\/\/download\/51335\/\" rel=\"nofollow\">\n\t\u0130ndir<\/a><\/td><td class=\"column-4\">29 Ocak 2019<\/td><td class=\"column-5\"><a href=\"https:\/\/aelia.co\/shop\/currency-switcher-for-easy-digital-downloads\/\" target=\"_blank\" rel=\"noopener noreferrer\">Eklenti Sayfas\u0131<\/a><\/td>\n<\/tr>\n<\/tbody>\n<\/table>\n\r\n\r\n\t\t<\/div>\n\t\t\t\t\t<\/div>\n\n\t\r\n\r\n<\/div>\r\n\r\n\t\t<\/div>\n\n\t\t\n<style>\n#section_475242328 {\n  padding-top: 30px;\n  padding-bottom: 30px;\n}\n<\/style>\n\t<\/section>\n\t","protected":false},"excerpt":{"rendered":"","protected":false},"author":1,"featured_media":0,"parent":0,"menu_order":0,"comment_status":"closed","ping_status":"closed","template":"page-blank.php","meta":{"footnotes":""},"class_list":["post-5281","page","type-page","status-publish","hentry"],"_links":{"self":[{"href":"https:\/\/wpdepo.com\/tr\/wp-json\/wp\/v2\/pages\/5281","targetHints":{"allow":["GET"]}}],"collection":[{"href":"https:\/\/wpdepo.com\/tr\/wp-json\/wp\/v2\/pages"}],"about":[{"href":"https:\/\/wpdepo.com\/tr\/wp-json\/wp\/v2\/types\/page"}],"author":[{"embeddable":true,"href":"https:\/\/wpdepo.com\/tr\/wp-json\/wp\/v2\/users\/1"}],"replies":[{"embeddable":true,"href":"https:\/\/wpdepo.com\/tr\/wp-json\/wp\/v2\/comments?post=5281"}],"version-history":[{"count":0,"href":"https:\/\/wpdepo.com\/tr\/wp-json\/wp\/v2\/pages\/5281\/revisions"}],"wp:attachment":[{"href":"https:\/\/wpdepo.com\/tr\/wp-json\/wp\/v2\/media?parent=5281"}],"curies":[{"name":"wp","href":"https:\/\/api.w.org\/{rel}","templated":true}]}}