{"id":5258,"date":"2017-12-01T02:08:12","date_gmt":"2017-11-30T23:08:12","guid":{"rendered":"https:\/\/wpdepo.com\/?page_id=5258"},"modified":"2018-09-03T20:46:20","modified_gmt":"2018-09-03T17:46:20","slug":"generatepress-premium","status":"publish","type":"page","link":"https:\/\/wpdepo.com\/tr\/generatepress-premium\/","title":{"rendered":"GeneratePress Premium"},"content":{"rendered":"\n\t<section class=\"section\" id=\"section_620712845\">\n\t\t<div class=\"section-bg fill\" >\n\t\t\t\t\t\t\t\t\t\n\t\t\t\n\n\t\t<\/div>\n\n\t\t\n\n\t\t<div class=\"section-content relative\">\n\t\t\t\r\n\r\n<div class=\"row\"  id=\"row-1644016202\">\r\n\r\n\n\t<div id=\"col-1301656940\" class=\"col small-12 large-12\"  >\n\t\t\t\t<div class=\"col-inner text-left\"  >\n\t\t\t\n\t\t\t\r\n\r\n<h2 style=\"text-align: center;\">GeneratePress Premium<\/h2>\r\n<p>GeneratePress h\u0131zl\u0131, hafif, g\u00fc\u00e7l\u00fc ve esnek bir WordPress temas\u0131 sunmaktad\u0131r. GeneratePress temas\u0131n\u0131n premium s\u00fcr\u00fcm\u00fcn\u00fc bu sayfadan indirebilirsiniz. GeneratePress temas\u0131n\u0131n premium s\u00fcr\u00fcm\u00fcn\u00fc kurmadan \u00f6nce \u00fccretsiz s\u00fcr\u00fcm\u00fcn\u00fc WordPress deposu \u00fczerinden <a href=\"https:\/\/wordpress.org\/themes\/generatepress\/\" rel=\"noopener\" target=\"_blank\">indirmeniz<\/a> ve kurman\u0131z gerekmektedir.<\/p>\r\n<p>GP Premium bir tema olarak an\u0131lsa da indirdi\u011finiz dosyay\u0131 eklenti y\u00fckleme ekran\u0131ndan y\u00fcklemeniz ve etkinle\u015ftirmeniz gerekmektedir. GP Premium ile birlikte gelen ekstralar men\u00fcde kar\u015f\u0131n\u0131za \u00e7\u0131kacakt\u0131r.<\/p>\r\n\r\n\t\t<\/div>\n\t\t\t\t\t<\/div>\n\n\t\r\n\r\n<\/div>\r\n\r\n\t\t<\/div>\n\n\t\t\n<style>\n#section_620712845 {\n  padding-top: 0px;\n  padding-bottom: 0px;\n  background-color: rgb(245, 245, 245);\n}\n<\/style>\n\t<\/section>\n\t\r\n\n\t<section class=\"section\" id=\"section_379306255\">\n\t\t<div class=\"section-bg fill\" >\n\t\t\t\t\t\t\t\t\t\n\t\t\t\n\n\t\t<\/div>\n\n\t\t\n\n\t\t<div class=\"section-content relative\">\n\t\t\t\r\n\r\n<div class=\"row\"  id=\"row-1732280530\">\r\n\r\n\n\t<div id=\"col-467699758\" class=\"col small-12 large-12\"  >\n\t\t\t\t<div class=\"col-inner text-left\"  >\n\t\t\t\n\t\t\t\r\n\r\n\n<table id=\"tablepress-56\" class=\"tablepress tablepress-id-56\">\n<thead>\n<tr class=\"row-1 odd\">\n\t<th class=\"column-1\">Tema Ad\u0131<\/th><th class=\"column-2\">Versiyon<\/th><th class=\"column-3\">\u0130ndir<\/th><th class=\"column-4\">G\u00fcncelleme<\/th><th class=\"column-5\">Bilgi<\/th>\n<\/tr>\n<\/thead>\n<tbody class=\"row-hover\">\n<tr class=\"row-2 even\">\n\t<td class=\"column-1\">GeneratePress GP Premium<\/td><td class=\"column-2\">2.5.5<\/td><td class=\"column-3\"><a class=\"download-link\" title=\"\u0130ndir &ldquo;GeneratePress GP Premium&rdquo;&nbsp;Versiyon 2.5.5\" href=\"https:\/\/wpdepo.com\/tr\/\/download\/5255\/\" rel=\"nofollow\">\n\t\u0130ndir<\/a><\/td><td class=\"column-4\">23 Temmuz 2025<\/td><td class=\"column-5\"><a href=\"https:\/\/generatepress.com\/premium\/\" target=\"_blank\" rel=\"noopener\">Tema Sayfas\u0131<\/a><\/td>\n<\/tr>\n<\/tbody>\n<\/table>\n\r\n\r\n\t\t<\/div>\n\t\t\t\t\t<\/div>\n\n\t\r\n\r\n<\/div>\r\n\r\n\t\t<\/div>\n\n\t\t\n<style>\n#section_379306255 {\n  padding-top: 30px;\n  padding-bottom: 30px;\n}\n<\/style>\n\t<\/section>\n\t","protected":false},"excerpt":{"rendered":"","protected":false},"author":1,"featured_media":0,"parent":0,"menu_order":0,"comment_status":"closed","ping_status":"closed","template":"page-blank.php","meta":{"footnotes":""},"class_list":["post-5258","page","type-page","status-publish","hentry"],"_links":{"self":[{"href":"https:\/\/wpdepo.com\/tr\/wp-json\/wp\/v2\/pages\/5258","targetHints":{"allow":["GET"]}}],"collection":[{"href":"https:\/\/wpdepo.com\/tr\/wp-json\/wp\/v2\/pages"}],"about":[{"href":"https:\/\/wpdepo.com\/tr\/wp-json\/wp\/v2\/types\/page"}],"author":[{"embeddable":true,"href":"https:\/\/wpdepo.com\/tr\/wp-json\/wp\/v2\/users\/1"}],"replies":[{"embeddable":true,"href":"https:\/\/wpdepo.com\/tr\/wp-json\/wp\/v2\/comments?post=5258"}],"version-history":[{"count":0,"href":"https:\/\/wpdepo.com\/tr\/wp-json\/wp\/v2\/pages\/5258\/revisions"}],"wp:attachment":[{"href":"https:\/\/wpdepo.com\/tr\/wp-json\/wp\/v2\/media?parent=5258"}],"curies":[{"name":"wp","href":"https:\/\/api.w.org\/{rel}","templated":true}]}}