{"id":502,"date":"2017-06-02T19:38:01","date_gmt":"2017-06-02T16:38:01","guid":{"rendered":"https:\/\/wpdepo.com\/?page_id=502"},"modified":"2024-05-31T13:55:26","modified_gmt":"2024-05-31T13:55:26","slug":"cache-eklentileri","status":"publish","type":"page","link":"https:\/\/wpdepo.com\/tr\/cache-eklentileri\/","title":{"rendered":"Cache Eklentileri"},"content":{"rendered":"\n\t<section class=\"section\" id=\"section_1119210932\">\n\t\t<div class=\"section-bg fill\" >\n\t\t\t\t\t\t\t\t\t\n\t\t\t\n\n\t\t<\/div>\n\n\t\t\n\n\t\t<div class=\"section-content relative\">\n\t\t\t\r\n\r\n<div class=\"row\"  id=\"row-884045465\">\r\n\r\n\n\t<div id=\"col-2031970946\" class=\"col small-12 large-12\"  >\n\t\t\t\t<div class=\"col-inner text-left\"  >\n\t\t\t\n\t\t\t\r\n\r\n<h2 style=\"text-align: center;\">WP Rocket &#038; Di\u011fer Cache Eklentileri<\/h2>\r\n<p>Web sitenizin bir roket gibi u\u00e7mas\u0131n\u0131 ister misiniz? Web sitenizin h\u0131z\u0131 \u015fu anda Google i\u00e7in bir s\u0131ralama fakt\u00f6r\u00fc oldu\u011fundan, en iyi \u00f6nbellekleme eklentilerinin elinizde olmas\u0131n\u0131 isteyeceksiniz. Neyse ki buraday\u0131z.<\/p>\r\n<p>Bu sayfadan sitenizi veya sunucunuzu h\u0131zland\u0131rmak i\u00e7in tasarlanm\u0131\u015f di\u011fer eklentilere ula\u015fabilirsiniz.<\/p>\r\n<p>Not: WP Fastest Cache Premium s\u00fcr\u00fcm \u00fccretsiz s\u00fcr\u00fcm\u00fc ile \u00e7al\u0131\u015f\u0131r. L\u00fctfen \u00fccretsiz s\u00fcr\u00fcm\u00fc silmeyin.<\/p>\r\n\r\n\t\t<\/div>\n\t\t\t\t\t<\/div>\n\n\t\r\n\r\n<\/div>\r\n\r\n\t\t<\/div>\n\n\t\t\n<style>\n#section_1119210932 {\n  padding-top: 0px;\n  padding-bottom: 0px;\n  background-color: rgb(245, 245, 245);\n}\n<\/style>\n\t<\/section>\n\t\r\n\n\t<section class=\"section\" id=\"section_1821013944\">\n\t\t<div class=\"section-bg fill\" >\n\t\t\t\t\t\t\t\t\t\n\t\t\t\n\n\t\t<\/div>\n\n\t\t\n\n\t\t<div class=\"section-content relative\">\n\t\t\t\r\n\r\n<div class=\"row\"  id=\"row-916145174\">\r\n\r\n\n\t<div id=\"col-1088962786\" class=\"col small-12 large-12\"  >\n\t\t\t\t<div class=\"col-inner text-left\"  >\n\t\t\t\n\t\t\t\r\n\r\n\n<table id=\"tablepress-6\" class=\"tablepress tablepress-id-6\">\n<thead>\n<tr class=\"row-1 odd\">\n\t<th class=\"column-1\">Eklenti Ad\u0131<\/th><th class=\"column-2\">Versiyon<\/th><th class=\"column-3\">\u0130ndir<\/th><th class=\"column-4\">G\u00fcncelleme<\/th><th class=\"column-5\">Bilgi<\/th>\n<\/tr>\n<\/thead>\n<tbody class=\"row-hover\">\n<tr class=\"row-2 even\">\n\t<td class=\"column-1\">Admin and Site Enhancements (ASE) Pro<\/td><td class=\"column-2\">8.6.1.1<\/td><td class=\"column-3\"><a class=\"download-link\" title=\"\u0130ndir &ldquo;Admin and Site Enhancements (ASE) Pro&rdquo;&nbsp;Versiyon 8.6.1.1\" href=\"https:\/\/wpdepo.com\/tr\/\/download\/83965\/\" rel=\"nofollow\">\n\t\u0130ndir<\/a><\/td><td class=\"column-4\">7 Nisan 2026<\/td><td class=\"column-5\"><a href=\"https:\/\/www.wpase.com\/\" target=\"_blank\" rel=\"noopener noreferrer\">Eklenti Sayfas\u0131<\/a><\/td>\n<\/tr>\n<tr class=\"row-3 odd\">\n\t<td class=\"column-1\">Asset CleanUp Pro - Page Speed Booster<\/td><td class=\"column-2\">1.2.7.0<\/td><td class=\"column-3\"><a class=\"download-link\" title=\"\u0130ndir &ldquo;Asset CleanUp Pro - Page Speed Booster&rdquo;&nbsp;Versiyon 1.2.7.0\" href=\"https:\/\/wpdepo.com\/tr\/\/download\/34459\/\" rel=\"nofollow\">\n\t\u0130ndir<\/a><\/td><td class=\"column-4\">1 Kas\u0131m 2025<\/td><td class=\"column-5\"><a href=\"https:\/\/gabelivan.com\/items\/wp-asset-cleanup-pro\/\" target=\"_blank\" rel=\"noopener noreferrer\">Eklenti Sayfas\u0131<\/a><\/td>\n<\/tr>\n<tr class=\"row-4 even\">\n\t<td class=\"column-1\">BerqWP - Automatic All-In-One PageSpeed Optimization Plugin<\/td><td class=\"column-2\">3.1.21<\/td><td class=\"column-3\"><a class=\"download-link\" title=\"\u0130ndir &ldquo;BerqWP - Automatic All-In-One PageSpeed Optimization Plugin&rdquo;&nbsp;Versiyon 3.1.21\" href=\"https:\/\/wpdepo.com\/tr\/\/download\/99243\/\" rel=\"nofollow\">\n\t\u0130ndir<\/a><\/td><td class=\"column-4\">9 Nisan 2026<\/td><td class=\"column-5\"><a href=\"https:\/\/berqwp.com\/\" target=\"_blank\" rel=\"noopener noreferrer\">Eklenti Sayfas\u0131<\/a><\/td>\n<\/tr>\n<tr class=\"row-5 odd\">\n\t<td class=\"column-1\">Comet Cache Pro<\/td><td class=\"column-2\">170220<\/td><td class=\"column-3\"><a class=\"download-link\" title=\"\u0130ndir &ldquo;Comet Cache Pro&rdquo;&nbsp;Versiyon 170220\" href=\"https:\/\/wpdepo.com\/tr\/\/download\/16967\/\" rel=\"nofollow\">\n\t\u0130ndir<\/a><\/td><td class=\"column-4\">20 \u015eubat 2017<\/td><td class=\"column-5\"><a href=\"https:\/\/cometcache.com\/\" target=\"_blank\" rel=\"noopener noreferrer\">Eklenti Sayfas\u0131<\/a><\/td>\n<\/tr>\n<tr class=\"row-6 even\">\n\t<td class=\"column-1\">Disable Bloat for WordPress & WooCommerce Pro<\/td><td class=\"column-2\">3.3.1<\/td><td class=\"column-3\"><a class=\"download-link\" title=\"\u0130ndir &ldquo;Disable Bloat for WordPress &amp; WooCommerce Pro&rdquo;&nbsp;Versiyon 3.3.1\" href=\"https:\/\/wpdepo.com\/tr\/\/download\/81831\/\" rel=\"nofollow\">\n\t\u0130ndir<\/a><\/td><td class=\"column-4\">3 Eyl\u00fcl 2023<\/td><td class=\"column-5\"><a href=\"https:\/\/disablebloat.com\/\" target=\"_blank\" rel=\"noopener noreferrer\">Eklenti Sayfas\u0131<\/a><\/td>\n<\/tr>\n<tr class=\"row-7 odd\">\n\t<td class=\"column-1\">FlyingPress - Speed Optimization Plugin<\/td><td class=\"column-2\">5.4.0<\/td><td class=\"column-3\"><a class=\"download-link\" title=\"\u0130ndir &ldquo;FlyingPress - Speed Optimization Plugin&rdquo;&nbsp;Versiyon 5.4.0\" href=\"https:\/\/wpdepo.com\/tr\/\/download\/81713\/\" rel=\"nofollow\">\n\t\u0130ndir<\/a><\/td><td class=\"column-4\">9 Nisan 2026<\/td><td class=\"column-5\"><a href=\"https:\/\/flyingpress.com\/\" target=\"_blank\" rel=\"noopener noreferrer\">Eklenti Sayfas\u0131<\/a><\/td>\n<\/tr>\n<tr class=\"row-8 even\">\n\t<td class=\"column-1\">Gonzales WordPress Plugin<\/td><td class=\"column-2\">2.3<\/td><td class=\"column-3\"><a class=\"download-link\" title=\"\u0130ndir &ldquo;Gonzales WordPress Plugin&rdquo;&nbsp;Versiyon 2.3\" href=\"https:\/\/wpdepo.com\/tr\/\/download\/2558\/\" rel=\"nofollow\">\n\t\u0130ndir<\/a><\/td><td class=\"column-4\">1 Mart 2021<\/td><td class=\"column-5\"><a href=\"https:\/\/tomasz-dobrzynski.com\/wordpress-gonzales\" target=\"_blank\" rel=\"noopener noreferrer\">Eklenti Sayfas\u0131<\/a><\/td>\n<\/tr>\n<tr class=\"row-9 odd\">\n\t<td class=\"column-1\">Lighthouse - WordPress Performance Plugin<\/td><td class=\"column-2\">4.4.0<\/td><td class=\"column-3\"><a class=\"download-link\" title=\"\u0130ndir &ldquo;Lighthouse - WordPress Performance Plugin&rdquo;&nbsp;Versiyon 4.4.0\" href=\"https:\/\/wpdepo.com\/tr\/\/download\/81353\/\" rel=\"nofollow\">\n\t\u0130ndir<\/a><\/td><td class=\"column-4\">16 May\u0131s 2025<\/td><td class=\"column-5\"><a href=\"https:\/\/getbutterfly.com\/wordpress-plugins\/lighthouse\/\" target=\"_blank\" rel=\"noopener noreferrer\">Eklenti Sayfas\u0131<\/a><\/td>\n<\/tr>\n<tr class=\"row-10 even\">\n\t<td class=\"column-1\">Perfmatters WordPress Plugin<\/td><td class=\"column-2\">2.6.0<\/td><td class=\"column-3\"><a class=\"download-link\" title=\"\u0130ndir &ldquo;Perfmatters WordPress Plugin&rdquo;&nbsp;Versiyon 2.6.0\" href=\"https:\/\/wpdepo.com\/tr\/\/download\/7996\/\" rel=\"nofollow\">\n\t\u0130ndir<\/a><\/td><td class=\"column-4\">26 Mart 2026<\/td><td class=\"column-5\"><a href=\"https:\/\/perfmatters.io\/\" target=\"_blank\" rel=\"noopener noreferrer\">Eklenti Sayfas\u0131<\/a><\/td>\n<\/tr>\n<tr class=\"row-11 odd\">\n\t<td class=\"column-1\">Redis Object Cache Pro<\/td><td class=\"column-2\">1.25.1<\/td><td class=\"column-3\"><a class=\"download-link\" title=\"\u0130ndir &ldquo;Redis Object Cache Pro&rdquo;&nbsp;Versiyon 1.25.1\" href=\"https:\/\/wpdepo.com\/tr\/\/download\/80343\/\" rel=\"nofollow\">\n\t\u0130ndir<\/a><\/td><td class=\"column-4\">4 Aral\u0131k 2025<\/td><td class=\"column-5\"><a href=\"https:\/\/objectcache.pro\/\" target=\"_blank\" rel=\"noopener noreferrer\">Eklenti Sayfas\u0131<\/a><\/td>\n<\/tr>\n<tr class=\"row-12 even\">\n\t<td class=\"column-1\">Scalability Pro<\/td><td class=\"column-2\">6.18<\/td><td class=\"column-3\"><a class=\"download-link\" title=\"\u0130ndir &ldquo;Scalability Pro&rdquo;&nbsp;Versiyon 6.18\" href=\"https:\/\/wpdepo.com\/tr\/\/download\/80370\/\" rel=\"nofollow\">\n\t\u0130ndir<\/a><\/td><td class=\"column-4\">16 Aral\u0131k 2025<\/td><td class=\"column-5\"><a href=\"https:\/\/www.wpintense.com\/product\/scalability-pro\/\" target=\"_blank\" rel=\"noopener noreferrer\">Eklenti Sayfas\u0131<\/a><\/td>\n<\/tr>\n<tr class=\"row-13 odd\">\n\t<td class=\"column-1\">Seraphinite Accelerator Premium<\/td><td class=\"column-2\">2.29.5<\/td><td class=\"column-3\"><a class=\"download-link\" title=\"\u0130ndir &ldquo;Seraphinite Accelerator Premium&rdquo;&nbsp;Versiyon 2.29.5\" href=\"https:\/\/wpdepo.com\/tr\/\/download\/88525\/\" rel=\"nofollow\">\n\t\u0130ndir<\/a><\/td><td class=\"column-4\">9 Nisan 2026<\/td><td class=\"column-5\"><a href=\"https:\/\/www.s-sols.com\/products\/wordpress\/accelerator\" target=\"_blank\" rel=\"noopener noreferrer\">Eklenti Sayfas\u0131<\/a><\/td>\n<\/tr>\n<tr class=\"row-14 even\">\n\t<td class=\"column-1\">Super Page Cache Pro<\/td><td class=\"column-2\">5.2.3<\/td><td class=\"column-3\"><a class=\"download-link\" title=\"\u0130ndir &ldquo;Super Page Cache Pro&rdquo;&nbsp;Versiyon 5.2.3\" href=\"https:\/\/wpdepo.com\/tr\/\/download\/98718\/\" rel=\"nofollow\">\n\t\u0130ndir<\/a><\/td><td class=\"column-4\">11 \u015eubat 2026<\/td><td class=\"column-5\"><a href=\"https:\/\/themeisle.com\/plugins\/super-page-cache-pro\/\" target=\"_blank\" rel=\"noopener noreferrer\">Eklenti Sayfas\u0131<\/a><\/td>\n<\/tr>\n<tr class=\"row-15 odd\">\n\t<td class=\"column-1\">W3 Total Cache Pro<\/td><td class=\"column-2\">2.9.4<\/td><td class=\"column-3\"><a class=\"download-link\" title=\"\u0130ndir &ldquo;W3 Total Cache Pro&rdquo;&nbsp;Versiyon 2.9.4\" href=\"https:\/\/wpdepo.com\/tr\/\/download\/55434\/\" rel=\"nofollow\">\n\t\u0130ndir<\/a><\/td><td class=\"column-4\">6 Nisan 2026<\/td><td class=\"column-5\"><a href=\"https:\/\/www.w3-edge.com\/solutions\/w3-total-cache-pro\/\" target=\"_blank\" rel=\"noopener noreferrer\">Eklenti Sayfas\u0131<\/a><\/td>\n<\/tr>\n<tr class=\"row-16 even\">\n\t<td class=\"column-1\">Webcraftic Clearfy - WordPress Optimization Plugin<\/td><td class=\"column-2\">2.3.3<\/td><td class=\"column-3\"><a class=\"download-link\" title=\"\u0130ndir &ldquo;Webcraftic Clearfy - WordPress Optimization Plugin&rdquo;&nbsp;Versiyon 2.3.3\" href=\"https:\/\/wpdepo.com\/tr\/\/download\/55057\/\" rel=\"nofollow\">\n\t\u0130ndir<\/a><\/td><td class=\"column-4\">8 Nisan 2025<\/td><td class=\"column-5\"><a href=\"https:\/\/clearfy.pro\/\" target=\"_blank\" rel=\"noopener noreferrer\">Eklenti Sayfas\u0131<\/a><\/td>\n<\/tr>\n<tr class=\"row-17 odd\">\n\t<td class=\"column-1\">WP Fastest Cache Premium<\/td><td class=\"column-2\">1.7.6<\/td><td class=\"column-3\"><a class=\"download-link\" title=\"\u0130ndir &ldquo;WP Fastest Cache Premium&rdquo;&nbsp;Versiyon 1.7.6\" href=\"https:\/\/wpdepo.com\/tr\/\/download\/2612\/\" rel=\"nofollow\">\n\t\u0130ndir<\/a><\/td><td class=\"column-4\">17 Aral\u0131k 2025<\/td><td class=\"column-5\"><a href=\"http:\/\/www.wpfastestcache.com\/\" target=\"_blank\" rel=\"noopener noreferrer\">Eklenti Sayfas\u0131<\/a><\/td>\n<\/tr>\n<tr class=\"row-18 even\">\n\t<td class=\"column-1\">WP Rocket<\/td><td class=\"column-2\">3.21.1<\/td><td class=\"column-3\"><a class=\"download-link\" title=\"\u0130ndir &ldquo;WP Rocket&rdquo;&nbsp;Versiyon 3.21.1\" href=\"https:\/\/wpdepo.com\/tr\/\/download\/508\/\" rel=\"nofollow\">\n\t\u0130ndir<\/a><\/td><td class=\"column-4\">9 Nisan 2026<\/td><td class=\"column-5\"><a href=\"https:\/\/wp-rocket.me\/\" target=\"_blank\" rel=\"noopener noreferrer\">Eklenti Sayfas\u0131<\/a><\/td>\n<\/tr>\n<\/tbody>\n<\/table>\n\r\n\r\n\t\t<\/div>\n\t\t\t\t\t<\/div>\n\n\t\r\n\r\n<\/div>\r\n\r\n\t\t<\/div>\n\n\t\t\n<style>\n#section_1821013944 {\n  padding-top: 30px;\n  padding-bottom: 30px;\n}\n<\/style>\n\t<\/section>\n\t","protected":false},"excerpt":{"rendered":"","protected":false},"author":1,"featured_media":0,"parent":0,"menu_order":0,"comment_status":"closed","ping_status":"closed","template":"page-blank.php","meta":{"footnotes":""},"class_list":["post-502","page","type-page","status-publish","hentry"],"_links":{"self":[{"href":"https:\/\/wpdepo.com\/tr\/wp-json\/wp\/v2\/pages\/502","targetHints":{"allow":["GET"]}}],"collection":[{"href":"https:\/\/wpdepo.com\/tr\/wp-json\/wp\/v2\/pages"}],"about":[{"href":"https:\/\/wpdepo.com\/tr\/wp-json\/wp\/v2\/types\/page"}],"author":[{"embeddable":true,"href":"https:\/\/wpdepo.com\/tr\/wp-json\/wp\/v2\/users\/1"}],"replies":[{"embeddable":true,"href":"https:\/\/wpdepo.com\/tr\/wp-json\/wp\/v2\/comments?post=502"}],"version-history":[{"count":0,"href":"https:\/\/wpdepo.com\/tr\/wp-json\/wp\/v2\/pages\/502\/revisions"}],"wp:attachment":[{"href":"https:\/\/wpdepo.com\/tr\/wp-json\/wp\/v2\/media?parent=502"}],"curies":[{"name":"wp","href":"https:\/\/api.w.org\/{rel}","templated":true}]}}