{"id":494,"date":"2017-06-02T19:24:03","date_gmt":"2017-06-02T16:24:03","guid":{"rendered":"https:\/\/wpdepo.com\/?page_id=494"},"modified":"2018-09-03T20:46:57","modified_gmt":"2018-09-03T17:46:57","slug":"wp-all-import-eklentileri","status":"publish","type":"page","link":"https:\/\/wpdepo.com\/tr\/wp-all-import-eklentileri\/","title":{"rendered":"WP All Import Eklentileri"},"content":{"rendered":"\n\t<section class=\"section\" id=\"section_2108351376\">\n\t\t<div class=\"section-bg fill\" >\n\t\t\t\t\t\t\t\t\t\n\t\t\t\n\n\t\t<\/div>\n\n\t\t\n\n\t\t<div class=\"section-content relative\">\n\t\t\t\r\n\r\n<div class=\"row\"  id=\"row-1689046056\">\r\n\r\n\n\t<div id=\"col-83150376\" class=\"col small-12 large-12\"  >\n\t\t\t\t<div class=\"col-inner text-left\"  >\n\t\t\t\n\t\t\t\r\n\r\n<h2 style=\"text-align: center;\">WP All Import<\/h2>\r\n<p>WP All Import eklentisinin piyasadaki en iyi WordPress i\u00e7e aktarma eklentisi oldu\u011fu bir\u00e7ok ki\u015fi taraf\u0131ndan dile getirilmektedir. Web siteleri aras\u0131nda yo\u011fun veri transferi yapman\u0131z gerekiyorsa o zaman bu eklenti \u00e7ok i\u015finize yarayacakt\u0131r.<\/p>\r\n<p>WooCommerce \u00fcr\u00fcnleri, kullan\u0131c\u0131lar (users) ve geli\u015fmi\u015f \u00f6zel alanlar (advanced custom fields) da dahil olmak \u00fczere \u00e7o\u011fu veriyi alabilir (ve d\u0131\u015fa aktarabilir). Ayr\u0131ca ayn\u0131 \u00fcreticinin di\u011fer eklentilerinin de i\u015finize yarayaca\u011f\u0131n\u0131 s\u00f6yleyebiliriz.<\/p>\r\n<p>Kullan\u0131m k\u0131lavuzunu <a href=\"http:\/\/www.wpallimport.com\/documentation\/\" target=\"_blank\" rel=\"noopener\">geli\u015ftiricinin web sitesinde<\/a> bulabilirsiniz.<\/p>\r\n\r\n\t\t<\/div>\n\t\t\t\t\t<\/div>\n\n\t\r\n\r\n<\/div>\r\n\r\n\t\t<\/div>\n\n\t\t\n<style>\n#section_2108351376 {\n  padding-top: 0px;\n  padding-bottom: 0px;\n  background-color: rgb(245, 245, 245);\n}\n<\/style>\n\t<\/section>\n\t\r\n\n\t<section class=\"section\" id=\"section_1247535737\">\n\t\t<div class=\"section-bg fill\" >\n\t\t\t\t\t\t\t\t\t\n\t\t\t\n\n\t\t<\/div>\n\n\t\t\n\n\t\t<div class=\"section-content relative\">\n\t\t\t\r\n\r\n<div class=\"row\"  id=\"row-1696065493\">\r\n\r\n\n\t<div id=\"col-1620931064\" class=\"col small-12 large-12\"  >\n\t\t\t\t<div class=\"col-inner text-left\"  >\n\t\t\t\n\t\t\t\r\n\r\n\n<table id=\"tablepress-5\" class=\"tablepress tablepress-id-5\">\n<thead>\n<tr class=\"row-1 odd\">\n\t<th class=\"column-1\">Eklenti Ad\u0131<\/th><th class=\"column-2\">Versiyon<\/th><th class=\"column-3\">\u0130ndir<\/th><th class=\"column-4\">G\u00fcncelleme<\/th><th class=\"column-5\">Bilgi<\/th>\n<\/tr>\n<\/thead>\n<tbody class=\"row-hover\">\n<tr class=\"row-2 even\">\n\t<td class=\"column-1\">Soflyy WP All Export Pro Premium<\/td><td class=\"column-2\">1.9.15<\/td><td class=\"column-3\"><a class=\"download-link\" title=\"\u0130ndir &ldquo;Soflyy WP All Export Pro Premium&rdquo;&nbsp;Versiyon 1.9.15\" href=\"https:\/\/wpdepo.com\/tr\/\/download\/828\/\" rel=\"nofollow\">\n\t\u0130ndir<\/a><\/td><td class=\"column-4\">16 Aral\u0131k 2025<\/td><td class=\"column-5\"><a href=\"http:\/\/www.wpallimport.com\/export\/\" target=\"_blank\" rel=\"noopener\">Eklenti Sayfas\u0131<\/a><\/td>\n<\/tr>\n<tr class=\"row-3 odd\">\n\t<td class=\"column-1\">Soflyy WP All Export - ACF Export Add-On Pro<\/td><td class=\"column-2\">2.0.0<\/td><td class=\"column-3\"><a class=\"download-link\" title=\"\u0130ndir &ldquo;Soflyy WP All Export - ACF Export Add-On Pro&rdquo;&nbsp;Versiyon 2.0.0\" href=\"https:\/\/wpdepo.com\/tr\/\/download\/61132\/\" rel=\"nofollow\">\n\t\u0130ndir<\/a><\/td><td class=\"column-4\">2 Nisan 2026<\/td><td class=\"column-5\"><a href=\"https:\/\/www.wpallimport.com\/downloads\/acf-export-add-on\/\" target=\"_blank\" rel=\"noopener\">Eklenti Sayfas\u0131<\/a><\/td>\n<\/tr>\n<tr class=\"row-4 even\">\n\t<td class=\"column-1\">Soflyy WP All Export - Gravity Forms Add-On<\/td><td class=\"column-2\">1.0.3-beta-1.0<\/td><td class=\"column-3\"><a class=\"download-link\" title=\"\u0130ndir &ldquo;Soflyy WP All Export - Gravity Forms Add-On&rdquo;&nbsp;Versiyon 1.0.3-beta-1.0\" href=\"https:\/\/wpdepo.com\/tr\/\/download\/71983\/\" rel=\"nofollow\">\n\t\u0130ndir<\/a><\/td><td class=\"column-4\">13 \u015eubat 2025<\/td><td class=\"column-5\"><a href=\"https:\/\/www.wpallimport.com\/export-gravity-forms-entries\/\" target=\"_blank\" rel=\"noopener\">Eklenti Sayfas\u0131<\/a><\/td>\n<\/tr>\n<tr class=\"row-5 odd\">\n\t<td class=\"column-1\">Soflyy WP All Export - JetEngine Add-On<\/td><td class=\"column-2\">1.0.0<\/td><td class=\"column-3\"><a class=\"download-link\" title=\"\u0130ndir &ldquo;Soflyy WP All Export - JetEngine Add-On&rdquo;&nbsp;Versiyon 1.0.0\" href=\"https:\/\/wpdepo.com\/tr\/\/download\/88552\/\" rel=\"nofollow\">\n\t\u0130ndir<\/a><\/td><td class=\"column-4\">13 \u015eubat 2025<\/td><td class=\"column-5\"><a href=\"https:\/\/www.wpallimport.com\/export-jetengine-fields\/\" target=\"_blank\" rel=\"noopener\">Eklenti Sayfas\u0131<\/a><\/td>\n<\/tr>\n<tr class=\"row-6 even\">\n\t<td class=\"column-1\">Soflyy WP All Export - Meta Box Add-On<\/td><td class=\"column-2\">1.0.0<\/td><td class=\"column-3\"><a class=\"download-link\" title=\"\u0130ndir &ldquo;Soflyy WP All Export - Meta Box Add-On&rdquo;&nbsp;Versiyon 1.0.0\" href=\"https:\/\/wpdepo.com\/tr\/\/download\/89302\/\" rel=\"nofollow\">\n\t\u0130ndir<\/a><\/td><td class=\"column-4\">8 Nisan 2025<\/td><td class=\"column-5\"><a href=\"https:\/\/www.wpallimport.com\/export-meta-box-fields\/\" target=\"_blank\" rel=\"noopener\">Eklenti Sayfas\u0131<\/a><\/td>\n<\/tr>\n<tr class=\"row-7 odd\">\n\t<td class=\"column-1\">Soflyy WP All Export - User Add-On Pro<\/td><td class=\"column-2\">1.0.11<\/td><td class=\"column-3\"><a class=\"download-link\" title=\"\u0130ndir &ldquo;Soflyy WP All Export - User Add-On Pro&rdquo;&nbsp;Versiyon 1.0.11\" href=\"https:\/\/wpdepo.com\/tr\/\/download\/25838\/\" rel=\"nofollow\">\n\t\u0130ndir<\/a><\/td><td class=\"column-4\">6 Ekim 2025<\/td><td class=\"column-5\"><a href=\"http:\/\/www.wpallimport.com\/2019\/04\/user-export-add-on\/\" target=\"_blank\" rel=\"noopener\">Eklenti Sayfas\u0131<\/a><\/td>\n<\/tr>\n<tr class=\"row-8 even\">\n\t<td class=\"column-1\">Soflyy WP All Export - WooCommerce Export Add-On Pro<\/td><td class=\"column-2\">1.0.10<\/td><td class=\"column-3\"><a class=\"download-link\" title=\"\u0130ndir &ldquo;Soflyy WP All Export - WooCommerce Export Add-On Pro&rdquo;&nbsp;Versiyon 1.0.10\" href=\"https:\/\/wpdepo.com\/tr\/\/download\/61212\/\" rel=\"nofollow\">\n\t\u0130ndir<\/a><\/td><td class=\"column-4\">6 A\u011fustos 2025<\/td><td class=\"column-5\"><a href=\"https:\/\/www.wpallimport.com\/woocommerce-product-export\/\" target=\"_blank\" rel=\"noopener\">Eklenti Sayfas\u0131<\/a><\/td>\n<\/tr>\n<tr class=\"row-9 odd\">\n\t<td class=\"column-1\">Soflyy WP All Import Pro Advanced Custom Fields<\/td><td class=\"column-2\">4.0.1<\/td><td class=\"column-3\"><a class=\"download-link\" title=\"\u0130ndir &ldquo;Soflyy WP All Import Pro Advanced Custom Fields&rdquo;&nbsp;Versiyon 4.0.1\" href=\"https:\/\/wpdepo.com\/tr\/\/download\/1734\/\" rel=\"nofollow\">\n\t\u0130ndir<\/a><\/td><td class=\"column-4\">6 Ekim 2025<\/td><td class=\"column-5\"><a href=\"http:\/\/www.wpallimport.com\/advanced-custom-fields\/\" target=\"_blank\" rel=\"noopener\">Eklenti Sayfas\u0131<\/a><\/td>\n<\/tr>\n<tr class=\"row-10 even\">\n\t<td class=\"column-1\">Soflyy WP All Import Pro Gravity Forms<\/td><td class=\"column-2\">1.0.2<\/td><td class=\"column-3\"><a class=\"download-link\" title=\"\u0130ndir &ldquo;Soflyy WP All Import Pro Gravity Forms&rdquo;&nbsp;Versiyon 1.0.2\" href=\"https:\/\/wpdepo.com\/tr\/\/download\/71980\/\" rel=\"nofollow\">\n\t\u0130ndir<\/a><\/td><td class=\"column-4\">6 A\u011fustos 2025<\/td><td class=\"column-5\"><a href=\"https:\/\/www.wpallimport.com\/import-gravity-forms-entries-from-xml-csv\/\" target=\"_blank\" rel=\"noopener\">Eklenti Sayfas\u0131<\/a><\/td>\n<\/tr>\n<tr class=\"row-11 odd\">\n\t<td class=\"column-1\">Soflyy WP All Import Pro - JetEngine Add-On<\/td><td class=\"column-2\">1.0.1-beta-1.2<\/td><td class=\"column-3\"><a class=\"download-link\" title=\"\u0130ndir &ldquo;Soflyy WP All Import Pro - JetEngine Add-On&rdquo;&nbsp;Versiyon 1.0.1-beta-1.2\" href=\"https:\/\/wpdepo.com\/tr\/\/download\/88550\/\" rel=\"nofollow\">\n\t\u0130ndir<\/a><\/td><td class=\"column-4\">26 Temmuz 2025<\/td><td class=\"column-5\"><a href=\"https:\/\/www.wpallimport.com\/import-jetengine-fields\/\" target=\"_blank\" rel=\"noopener\">Eklenti Sayfas\u0131<\/a><\/td>\n<\/tr>\n<tr class=\"row-12 even\">\n\t<td class=\"column-1\">Soflyy WP All Import Pro Link Cloaking<\/td><td class=\"column-2\">1.1.5<\/td><td class=\"column-3\"><a class=\"download-link\" title=\"\u0130ndir &ldquo;Soflyy WP All Import Pro Link Cloaking&rdquo;&nbsp;Versiyon 1.1.5\" href=\"https:\/\/wpdepo.com\/tr\/\/download\/1876\/\" rel=\"nofollow\">\n\t\u0130ndir<\/a><\/td><td class=\"column-4\">1 Haziran 2021<\/td><td class=\"column-5\"><a href=\"http:\/\/www.wpallimport.com\/add-ons\/link-cloaking\/\" target=\"_blank\" rel=\"noopener\">Eklenti Sayfas\u0131<\/a><\/td>\n<\/tr>\n<tr class=\"row-13 odd\">\n\t<td class=\"column-1\">Soflyy WP All Import Pro - Meta Box Add-On<\/td><td class=\"column-2\">1.0.1<\/td><td class=\"column-3\"><a class=\"download-link\" title=\"\u0130ndir &ldquo;Soflyy WP All Import Pro - Meta Box Add-On&rdquo;&nbsp;Versiyon 1.0.1\" href=\"https:\/\/wpdepo.com\/tr\/\/download\/88554\/\" rel=\"nofollow\">\n\t\u0130ndir<\/a><\/td><td class=\"column-4\">13 \u015eubat 2025<\/td><td class=\"column-5\"><a href=\"https:\/\/www.wpallimport.com\/import-meta-box-fields\/\" target=\"_blank\" rel=\"noopener\">Eklenti Sayfas\u0131<\/a><\/td>\n<\/tr>\n<tr class=\"row-14 even\">\n\t<td class=\"column-1\">Soflyy WP All Import Pro Premium<\/td><td class=\"column-2\">5.0.6<\/td><td class=\"column-3\"><a class=\"download-link\" title=\"\u0130ndir &ldquo;Soflyy WP All Import Pro Premium&rdquo;&nbsp;Versiyon 5.0.6\" href=\"https:\/\/wpdepo.com\/tr\/\/download\/490\/\" rel=\"nofollow\">\n\t\u0130ndir<\/a><\/td><td class=\"column-4\">9 Nisan 2026<\/td><td class=\"column-5\"><a href=\"http:\/\/www.wpallimport.com\/\" target=\"_blank\" rel=\"noopener\">Eklenti Sayfas\u0131<\/a><\/td>\n<\/tr>\n<tr class=\"row-15 odd\">\n\t<td class=\"column-1\">Soflyy WP All Import Pro Toolset Types<\/td><td class=\"column-2\">1.0.7<\/td><td class=\"column-3\"><a class=\"download-link\" title=\"\u0130ndir &ldquo;Soflyy WP All Import Pro Toolset Types&rdquo;&nbsp;Versiyon 1.0.7\" href=\"https:\/\/wpdepo.com\/tr\/\/download\/61136\/\" rel=\"nofollow\">\n\t\u0130ndir<\/a><\/td><td class=\"column-4\">21 Kas\u0131m 2024<\/td><td class=\"column-5\"><a href=\"https:\/\/www.wpallimport.com\/toolset-types-import-csv-xml\/\" target=\"_blank\" rel=\"noopener\">Eklenti Sayfas\u0131<\/a><\/td>\n<\/tr>\n<tr class=\"row-16 even\">\n\t<td class=\"column-1\">Soflyy WP All Import Pro User Import<\/td><td class=\"column-2\">1.1.10<\/td><td class=\"column-3\"><a class=\"download-link\" title=\"\u0130ndir &ldquo;Soflyy WP All Import Pro User Import&rdquo;&nbsp;Versiyon 1.1.10\" href=\"https:\/\/wpdepo.com\/tr\/\/download\/1878\/\" rel=\"nofollow\">\n\t\u0130ndir<\/a><\/td><td class=\"column-4\">15 Kas\u0131m 2025<\/td><td class=\"column-5\"><a href=\"http:\/\/www.wpallimport.com\/add-ons\/user-import\/\" target=\"_blank\" rel=\"noopener\">Eklenti Sayfas\u0131<\/a><\/td>\n<\/tr>\n<tr class=\"row-17 odd\">\n\t<td class=\"column-1\">Soflyy WP All Import Pro WooCommerce<\/td><td class=\"column-2\">4.0.6<\/td><td class=\"column-3\"><a class=\"download-link\" title=\"\u0130ndir &ldquo;Soflyy WP All Import Pro WooCommerce&rdquo;&nbsp;Versiyon 4.0.6\" href=\"https:\/\/wpdepo.com\/tr\/\/download\/492\/\" rel=\"nofollow\">\n\t\u0130ndir<\/a><\/td><td class=\"column-4\">15 Kas\u0131m 2025<\/td><td class=\"column-5\"><a href=\"http:\/\/www.wpallimport.com\/woocommerce-product-import\/\" target=\"_blank\" rel=\"noopener\">Eklenti Sayfas\u0131<\/a><\/td>\n<\/tr>\n<\/tbody>\n<\/table>\n\r\n\r\n\t\t<\/div>\n\t\t\t\t\t<\/div>\n\n\t\r\n\r\n<\/div>\r\n\r\n\t\t<\/div>\n\n\t\t\n<style>\n#section_1247535737 {\n  padding-top: 30px;\n  padding-bottom: 30px;\n}\n<\/style>\n\t<\/section>\n\t","protected":false},"excerpt":{"rendered":"","protected":false},"author":1,"featured_media":0,"parent":0,"menu_order":0,"comment_status":"closed","ping_status":"closed","template":"page-blank.php","meta":{"footnotes":""},"class_list":["post-494","page","type-page","status-publish","hentry"],"_links":{"self":[{"href":"https:\/\/wpdepo.com\/tr\/wp-json\/wp\/v2\/pages\/494","targetHints":{"allow":["GET"]}}],"collection":[{"href":"https:\/\/wpdepo.com\/tr\/wp-json\/wp\/v2\/pages"}],"about":[{"href":"https:\/\/wpdepo.com\/tr\/wp-json\/wp\/v2\/types\/page"}],"author":[{"embeddable":true,"href":"https:\/\/wpdepo.com\/tr\/wp-json\/wp\/v2\/users\/1"}],"replies":[{"embeddable":true,"href":"https:\/\/wpdepo.com\/tr\/wp-json\/wp\/v2\/comments?post=494"}],"version-history":[{"count":0,"href":"https:\/\/wpdepo.com\/tr\/wp-json\/wp\/v2\/pages\/494\/revisions"}],"wp:attachment":[{"href":"https:\/\/wpdepo.com\/tr\/wp-json\/wp\/v2\/media?parent=494"}],"curies":[{"name":"wp","href":"https:\/\/api.w.org\/{rel}","templated":true}]}}