{"id":4761,"date":"2017-11-14T19:17:11","date_gmt":"2017-11-14T16:17:11","guid":{"rendered":"https:\/\/wpdepo.com\/?page_id=4761"},"modified":"2018-09-03T20:46:56","modified_gmt":"2018-09-03T17:46:56","slug":"themeisle-eklentileri","status":"publish","type":"page","link":"https:\/\/wpdepo.com\/tr\/themeisle-eklentileri\/","title":{"rendered":"ThemeIsle Eklentileri"},"content":{"rendered":"\n\t<section class=\"section\" id=\"section_1626244873\">\n\t\t<div class=\"section-bg fill\" >\n\t\t\t\t\t\t\t\t\t\n\t\t\t\n\n\t\t<\/div>\n\n\t\t\n\n\t\t<div class=\"section-content relative\">\n\t\t\t\r\n\r\n<div class=\"row\"  id=\"row-922746809\">\r\n\r\n\n\t<div id=\"col-1799302720\" class=\"col small-12 large-12\"  >\n\t\t\t\t<div class=\"col-inner text-left\"  >\n\t\t\t\n\t\t\t\r\n\r\n<h2 style=\"text-align: center;\">ThemeIsle Eklentileri<\/h2>\r\n<p>Farkl\u0131 sekmentlerde eklentiler geli\u015ftiren ThemeIsle grubuna ait \u00fccretli eklentileri bu sayfadan indirebilirsiniz. ThemeIsle taraf\u0131ndan geli\u015ftirilen \u00fccretsiz eklentilere <a href=\"https:\/\/themeisle.com\/wordpress-plugins\/\" rel=\"noopener\" target=\"_blank\">buradan<\/a> g\u00f6z atabilirsiniz.<\/p>\r\n<p>ThemeIsle taraf\u0131ndan geli\u015ftirilen temalar depomuzda yer almaktad\u0131r, <a href=\"\/themeisle-temalari\/\">ThemeIsle Temalar\u0131<\/a> sayfam\u0131zdan inceleyebilir ve indirebilirsiniz.<\/p>\r\n\r\n\t\t<\/div>\n\t\t\t\t\t<\/div>\n\n\t\r\n\r\n<\/div>\r\n\r\n\t\t<\/div>\n\n\t\t\n<style>\n#section_1626244873 {\n  padding-top: 0px;\n  padding-bottom: 0px;\n  background-color: rgb(245, 245, 245);\n}\n<\/style>\n\t<\/section>\n\t\r\n\n\t<section class=\"section\" id=\"section_1578763612\">\n\t\t<div class=\"section-bg fill\" >\n\t\t\t\t\t\t\t\t\t\n\t\t\t\n\n\t\t<\/div>\n\n\t\t\n\n\t\t<div class=\"section-content relative\">\n\t\t\t\r\n\r\n<div class=\"row\"  id=\"row-807267766\">\r\n\r\n\n\t<div id=\"col-170349512\" class=\"col small-12 large-12\"  >\n\t\t\t\t<div class=\"col-inner text-left\"  >\n\t\t\t\n\t\t\t\r\n\r\n\n<table id=\"tablepress-55\" class=\"tablepress tablepress-id-55\">\n<thead>\n<tr class=\"row-1 odd\">\n\t<th class=\"column-1\">Eklenti Ad\u0131<\/th><th class=\"column-2\">Versiyon<\/th><th class=\"column-3\">\u0130ndir<\/th><th class=\"column-4\">G\u00fcncelleme<\/th><th class=\"column-5\">Bilgi<\/th>\n<\/tr>\n<\/thead>\n<tbody class=\"row-hover\">\n<tr class=\"row-2 even\">\n\t<td class=\"column-1\">ThemeIsle Easy Content Types<\/td><td class=\"column-2\">3.2.2<\/td><td class=\"column-3\"><a class=\"download-link\" title=\"\u0130ndir &ldquo;ThemeIsle Easy Content Types&rdquo;&nbsp;Versiyon 3.2.2\" href=\"https:\/\/wpdepo.com\/tr\/\/download\/4739\/\" rel=\"nofollow\">\n\t\u0130ndir<\/a><\/td><td class=\"column-4\">9 Mart 2019<\/td><td class=\"column-5\"><a href=\"https:\/\/themeisle.com\/plugins\/easy-content-types\/\" target=\"_blank\" rel=\"noopener\">Eklenti Sayfas\u0131<\/a><\/td>\n<\/tr>\n<tr class=\"row-3 odd\">\n\t<td class=\"column-1\">ThemeIsle Feedzy RSS Feeds Premium<\/td><td class=\"column-2\">3.0.2<\/td><td class=\"column-3\"><a class=\"download-link\" title=\"\u0130ndir &ldquo;ThemeIsle Feedzy RSS Feeds Premium&rdquo;&nbsp;Versiyon 3.0.2\" href=\"https:\/\/wpdepo.com\/tr\/\/download\/4742\/\" rel=\"nofollow\">\n\t\u0130ndir<\/a><\/td><td class=\"column-4\">7 Nisan 2025<\/td><td class=\"column-5\"><a href=\"https:\/\/themeisle.com\/plugins\/feedzy-rss-feeds\/\" target=\"_blank\" rel=\"noopener\">Eklenti Sayfas\u0131<\/a><\/td>\n<\/tr>\n<tr class=\"row-4 even\">\n\t<td class=\"column-1\">ThemeIsle Intergeo Maps - Google Maps Plugin Pro Add-on<\/td><td class=\"column-2\">1.4.2<\/td><td class=\"column-3\"><a class=\"download-link\" title=\"\u0130ndir &ldquo;ThemeIsle Intergeo Maps - Google Maps Plugin Pro Add-on&rdquo;&nbsp;Versiyon 1.4.2\" href=\"https:\/\/wpdepo.com\/tr\/\/download\/4744\/\" rel=\"nofollow\">\n\t\u0130ndir<\/a><\/td><td class=\"column-4\">5 Ocak 2018<\/td><td class=\"column-5\"><a href=\"https:\/\/themeisle.com\/plugins\/intergeo-maps\/\" target=\"_blank\" rel=\"noopener\">Eklenti Sayfas\u0131<\/a><\/td>\n<\/tr>\n<tr class=\"row-5 odd\">\n\t<td class=\"column-1\">ThemeIsle Metro CustomizR<\/td><td class=\"column-2\">1.0.0<\/td><td class=\"column-3\"><a class=\"download-link\" title=\"\u0130ndir &ldquo;ThemeIsle Metro CustomizR&rdquo;&nbsp;Versiyon 1.0.0\" href=\"https:\/\/wpdepo.com\/tr\/\/download\/4746\/\" rel=\"nofollow\">\n\t\u0130ndir<\/a><\/td><td class=\"column-4\">28 A\u011fustos 2015<\/td><td class=\"column-5\"><a href=\"https:\/\/themeisle.com\/plugins\/metro-customizr\/\" target=\"_blank\" rel=\"noopener\">Eklenti Sayfas\u0131<\/a><\/td>\n<\/tr>\n<tr class=\"row-6 even\">\n\t<td class=\"column-1\">ThemeIsle Nivo Slider<\/td><td class=\"column-2\">3.1.1<\/td><td class=\"column-3\"><a class=\"download-link\" title=\"\u0130ndir &ldquo;ThemeIsle Nivo Slider&rdquo;&nbsp;Versiyon 3.1.1\" href=\"https:\/\/wpdepo.com\/tr\/\/download\/4748\/\" rel=\"nofollow\">\n\t\u0130ndir<\/a><\/td><td class=\"column-4\">5 Ocak 2018<\/td><td class=\"column-5\"><a href=\"https:\/\/themeisle.com\/plugins\/nivo-slider\/\" target=\"_blank\" rel=\"noopener\">Eklenti Sayfas\u0131<\/a><\/td>\n<\/tr>\n<tr class=\"row-7 odd\">\n\t<td class=\"column-1\">ThemeIsle Otter Blocks Pro<\/td><td class=\"column-2\">3.1.4<\/td><td class=\"column-3\"><a class=\"download-link\" title=\"\u0130ndir &ldquo;ThemeIsle Otter Blocks Pro&rdquo;&nbsp;Versiyon 3.1.4\" href=\"https:\/\/wpdepo.com\/tr\/\/download\/72076\/\" rel=\"nofollow\">\n\t\u0130ndir<\/a><\/td><td class=\"column-4\">19 Ocak 2026<\/td><td class=\"column-5\"><a href=\"https:\/\/themeisle.com\/plugins\/otter-blocks\/\" target=\"_blank\" rel=\"noopener\">Eklenti Sayfas\u0131<\/a><\/td>\n<\/tr>\n<tr class=\"row-8 even\">\n\t<td class=\"column-1\">ThemeIsle Pirate Forms Extended<\/td><td class=\"column-2\">1.6.2<\/td><td class=\"column-3\"><a class=\"download-link\" title=\"\u0130ndir &ldquo;ThemeIsle Pirate Forms Extended&rdquo;&nbsp;Versiyon 1.6.2\" href=\"https:\/\/wpdepo.com\/tr\/\/download\/4750\/\" rel=\"nofollow\">\n\t\u0130ndir<\/a><\/td><td class=\"column-4\">13 Temmuz 2018<\/td><td class=\"column-5\"><a href=\"https:\/\/themeisle.com\/plugins\/pirate-forms-extended\/\" target=\"_blank\" rel=\"noopener\">Eklenti Sayfas\u0131<\/a><\/td>\n<\/tr>\n<tr class=\"row-9 odd\">\n\t<td class=\"column-1\">ThemeIsle PPOM Pro for WooCommerce<\/td><td class=\"column-2\">26.0.6<\/td><td class=\"column-3\"><a class=\"download-link\" title=\"\u0130ndir &ldquo;ThemeIsle PPOM Pro for WooCommerce&rdquo;&nbsp;Versiyon 26.0.6\" href=\"https:\/\/wpdepo.com\/tr\/\/download\/89127\/\" rel=\"nofollow\">\n\t\u0130ndir<\/a><\/td><td class=\"column-4\">25 Mart 2025<\/td><td class=\"column-5\"><a href=\"https:\/\/themeisle.com\/plugins\/ppom-pro\/\" target=\"_blank\" rel=\"noopener\">Eklenti Sayfas\u0131<\/a><\/td>\n<\/tr>\n<tr class=\"row-10 even\">\n\t<td class=\"column-1\">ThemeIsle Revive old post Pro Add-on<\/td><td class=\"column-2\">1.9.1<\/td><td class=\"column-3\"><a class=\"download-link\" title=\"\u0130ndir &ldquo;ThemeIsle Revive old post Pro Add-on&rdquo;&nbsp;Versiyon 1.9.1\" href=\"https:\/\/wpdepo.com\/tr\/\/download\/4752\/\" rel=\"nofollow\">\n\t\u0130ndir<\/a><\/td><td class=\"column-4\">23 Ocak 2017<\/td><td class=\"column-5\"><a href=\"https:\/\/revive.social\/plugins\/revive-old-post\" target=\"_blank\" rel=\"noopener\">Eklenti Sayfas\u0131<\/a><\/td>\n<\/tr>\n<tr class=\"row-11 odd\">\n\t<td class=\"column-1\">ThemeIsle Sparks for WooCommerce<\/td><td class=\"column-2\">2.0.1<\/td><td class=\"column-3\"><a class=\"download-link\" title=\"\u0130ndir &ldquo;ThemeIsle Sparks for WooCommerce&rdquo;&nbsp;Versiyon 2.0.1\" href=\"https:\/\/wpdepo.com\/tr\/\/download\/72069\/\" rel=\"nofollow\">\n\t\u0130ndir<\/a><\/td><td class=\"column-4\">27 Kas\u0131m 2025<\/td><td class=\"column-5\"><a href=\"https:\/\/themeisle.com\/plugins\/sparks-for-woocommerce\/\" target=\"_blank\" rel=\"noopener\">Eklenti Sayfas\u0131<\/a><\/td>\n<\/tr>\n<tr class=\"row-12 even\">\n\t<td class=\"column-1\">ThemeIsle Visualizer: Charts and Graphs<\/td><td class=\"column-2\">1.14.2<\/td><td class=\"column-3\"><a class=\"download-link\" title=\"\u0130ndir &ldquo;ThemeIsle Visualizer: Charts and Graphs&rdquo;&nbsp;Versiyon 1.14.2\" href=\"https:\/\/wpdepo.com\/tr\/\/download\/4754\/\" rel=\"nofollow\">\n\t\u0130ndir<\/a><\/td><td class=\"column-4\">23 Aral\u0131k 2024<\/td><td class=\"column-5\"><a href=\"https:\/\/themeisle.com\/plugins\/visualizer-charts-and-graphs\/\" target=\"_blank\" rel=\"noopener\">Eklenti Sayfas\u0131<\/a><\/td>\n<\/tr>\n<tr class=\"row-13 odd\">\n\t<td class=\"column-1\">ThemeIsle WP Product Review<\/td><td class=\"column-2\">2.6.1<\/td><td class=\"column-3\"><a class=\"download-link\" title=\"\u0130ndir &ldquo;ThemeIsle WP Product Review&rdquo;&nbsp;Versiyon 2.6.1\" href=\"https:\/\/wpdepo.com\/tr\/\/download\/4756\/\" rel=\"nofollow\">\n\t\u0130ndir<\/a><\/td><td class=\"column-4\">25 A\u011fustos 2020<\/td><td class=\"column-5\"><a href=\"https:\/\/themeisle.com\/plugins\/wp-product-review\/\" target=\"_blank\" rel=\"noopener\">Eklenti Sayfas\u0131<\/a><\/td>\n<\/tr>\n<\/tbody>\n<\/table>\n\r\n\r\n\t\t<\/div>\n\t\t\t\t\t<\/div>\n\n\t\r\n\r\n<\/div>\r\n\r\n\t\t<\/div>\n\n\t\t\n<style>\n#section_1578763612 {\n  padding-top: 30px;\n  padding-bottom: 30px;\n}\n<\/style>\n\t<\/section>\n\t","protected":false},"excerpt":{"rendered":"","protected":false},"author":1,"featured_media":0,"parent":0,"menu_order":0,"comment_status":"closed","ping_status":"closed","template":"page-blank.php","meta":{"footnotes":""},"class_list":["post-4761","page","type-page","status-publish","hentry"],"_links":{"self":[{"href":"https:\/\/wpdepo.com\/tr\/wp-json\/wp\/v2\/pages\/4761","targetHints":{"allow":["GET"]}}],"collection":[{"href":"https:\/\/wpdepo.com\/tr\/wp-json\/wp\/v2\/pages"}],"about":[{"href":"https:\/\/wpdepo.com\/tr\/wp-json\/wp\/v2\/types\/page"}],"author":[{"embeddable":true,"href":"https:\/\/wpdepo.com\/tr\/wp-json\/wp\/v2\/users\/1"}],"replies":[{"embeddable":true,"href":"https:\/\/wpdepo.com\/tr\/wp-json\/wp\/v2\/comments?post=4761"}],"version-history":[{"count":0,"href":"https:\/\/wpdepo.com\/tr\/wp-json\/wp\/v2\/pages\/4761\/revisions"}],"wp:attachment":[{"href":"https:\/\/wpdepo.com\/tr\/wp-json\/wp\/v2\/media?parent=4761"}],"curies":[{"name":"wp","href":"https:\/\/api.w.org\/{rel}","templated":true}]}}