{"id":4721,"date":"2017-11-13T23:24:04","date_gmt":"2017-11-13T20:24:04","guid":{"rendered":"https:\/\/wpdepo.com\/?page_id=4721"},"modified":"2018-09-03T20:46:20","modified_gmt":"2018-09-03T17:46:20","slug":"graph-paper-press-eklentileri","status":"publish","type":"page","link":"https:\/\/wpdepo.com\/tr\/graph-paper-press-eklentileri\/","title":{"rendered":"Graph Paper Press Eklentileri"},"content":{"rendered":"\n\t<section class=\"section\" id=\"section_2125183740\">\n\t\t<div class=\"section-bg fill\" >\n\t\t\t\t\t\t\t\t\t\n\t\t\t\n\n\t\t<\/div>\n\n\t\t\n\n\t\t<div class=\"section-content relative\">\n\t\t\t\r\n\r\n<div class=\"row\"  id=\"row-1733265231\">\r\n\r\n\n\t<div id=\"col-2036566258\" class=\"col small-12 large-12\"  >\n\t\t\t\t<div class=\"col-inner text-left\"  >\n\t\t\t\n\t\t\t\r\n\r\n<h2 style=\"text-align: center;\">Graph Paper Press Eklentileri<\/h2>\r\n<p>Sell Media eklentisi, web sitenizdeki foto\u011fraflar\u0131n\u0131z\u0131 veya eserinizi satman\u0131za olanak tan\u0131yan bir eklentidir.<\/p>\r\n<p>Graph Paper Press taraf\u0131ndan geli\u015ftirilen Sell Media eklentisini ve Sell Media uzant\u0131lar\u0131n\u0131 bu sayfadan indirilebilirsiniz.<\/p>\r\n\r\n\t\t<\/div>\n\t\t\t\t\t<\/div>\n\n\t\r\n\r\n<\/div>\r\n\r\n\t\t<\/div>\n\n\t\t\n<style>\n#section_2125183740 {\n  padding-top: 0px;\n  padding-bottom: 0px;\n  background-color: rgb(245, 245, 245);\n}\n<\/style>\n\t<\/section>\n\t\r\n\n\t<section class=\"section\" id=\"section_869313010\">\n\t\t<div class=\"section-bg fill\" >\n\t\t\t\t\t\t\t\t\t\n\t\t\t\n\n\t\t<\/div>\n\n\t\t\n\n\t\t<div class=\"section-content relative\">\n\t\t\t\r\n\r\n<div class=\"row\"  id=\"row-343982140\">\r\n\r\n\n\t<div id=\"col-1807718829\" class=\"col small-12 large-12\"  >\n\t\t\t\t<div class=\"col-inner text-left\"  >\n\t\t\t\n\t\t\t\r\n\r\n\n<table id=\"tablepress-54\" class=\"tablepress tablepress-id-54\">\n<thead>\n<tr class=\"row-1 odd\">\n\t<th class=\"column-1\">Eklenti Ad\u0131<\/th><th class=\"column-2\">Versiyon<\/th><th class=\"column-3\">\u0130ndir<\/th><th class=\"column-4\">G\u00fcncelleme<\/th><th class=\"column-5\">Bilgi<\/th>\n<\/tr>\n<\/thead>\n<tbody class=\"row-hover\">\n<tr class=\"row-2 even\">\n\t<td class=\"column-1\">Graph Paper Press Sell Media<\/td><td class=\"column-2\">2.5.7.3<\/td><td class=\"column-3\"><a class=\"download-link\" title=\"\u0130ndir &ldquo;Graph Paper Press Sell Media&rdquo;&nbsp;Versiyon 2.5.7.3\" href=\"https:\/\/wpdepo.com\/tr\/\/download\/4689\/\" rel=\"nofollow\">\n\t\u0130ndir<\/a><\/td><td class=\"column-4\">4 Mart 2022<\/td><td class=\"column-5\"><a href=\"https:\/\/graphpaperpress.com\/plugins\/sell-media\/\" target=\"_blank\" rel=\"noopener\">Eklenti Sayfas\u0131<\/a><\/td>\n<\/tr>\n<tr class=\"row-3 odd\">\n\t<td class=\"column-1\">Graph Paper Press Sell Media Access Control<\/td><td class=\"column-2\">1.1<\/td><td class=\"column-3\"><a class=\"download-link\" title=\"\u0130ndir &ldquo;Graph Paper Press Sell Media Access Control&rdquo;&nbsp;Versiyon 1.1\" href=\"https:\/\/wpdepo.com\/tr\/\/download\/4692\/\" rel=\"nofollow\">\n\t\u0130ndir<\/a><\/td><td class=\"column-4\">1 \u015eubat 2017<\/td><td class=\"column-5\"><a href=\"https:\/\/graphpaperpress.com\/plugins\/sell-media-access-control\/\" target=\"_blank\" rel=\"noopener\">Eklenti Sayfas\u0131<\/a><\/td>\n<\/tr>\n<tr class=\"row-4 even\">\n\t<td class=\"column-1\">Graph Paper Press Sell Media Add Bulk<\/td><td class=\"column-2\">2.1.3<\/td><td class=\"column-3\"><a class=\"download-link\" title=\"\u0130ndir &ldquo;Graph Paper Press Sell Media Add Bulk&rdquo;&nbsp;Versiyon 2.1.3\" href=\"https:\/\/wpdepo.com\/tr\/\/download\/4694\/\" rel=\"nofollow\">\n\t\u0130ndir<\/a><\/td><td class=\"column-4\">17 Kas\u0131m 2016<\/td><td class=\"column-5\"><a href=\"https:\/\/graphpaperpress.com\/plugins\/sell-media-add-bulk\/\" target=\"_blank\" rel=\"noopener\">Eklenti Sayfas\u0131<\/a><\/td>\n<\/tr>\n<tr class=\"row-5 odd\">\n\t<td class=\"column-1\">Graph Paper Press Sell Media Commissions<\/td><td class=\"column-2\">2.0.8<\/td><td class=\"column-3\"><a class=\"download-link\" title=\"\u0130ndir &ldquo;Graph Paper Press Sell Media Commissions&rdquo;&nbsp;Versiyon 2.0.8\" href=\"https:\/\/wpdepo.com\/tr\/\/download\/4696\/\" rel=\"nofollow\">\n\t\u0130ndir<\/a><\/td><td class=\"column-4\">27 Eyl\u00fcl 2017<\/td><td class=\"column-5\"><a href=\"https:\/\/graphpaperpress.com\/plugins\/sell-media-commissions\/\" target=\"_blank\" rel=\"noopener\">Eklenti Sayfas\u0131<\/a><\/td>\n<\/tr>\n<tr class=\"row-6 even\">\n\t<td class=\"column-1\">Graph Paper Press Sell Media Discount Codes<\/td><td class=\"column-2\">2.1.5<\/td><td class=\"column-3\"><a class=\"download-link\" title=\"\u0130ndir &ldquo;Graph Paper Press Sell Media Discount Codes&rdquo;&nbsp;Versiyon 2.1.5\" href=\"https:\/\/wpdepo.com\/tr\/\/download\/4698\/\" rel=\"nofollow\">\n\t\u0130ndir<\/a><\/td><td class=\"column-4\">29 Mart 2017<\/td><td class=\"column-5\"><a href=\"https:\/\/graphpaperpress.com\/plugins\/sell-media-discount-codes\/\" target=\"_blank\" rel=\"noopener\">Eklenti Sayfas\u0131<\/a><\/td>\n<\/tr>\n<tr class=\"row-7 odd\">\n\t<td class=\"column-1\">Graph Paper Press Sell Media Download Lightbox<\/td><td class=\"column-2\">1.0.2<\/td><td class=\"column-3\"><a class=\"download-link\" title=\"\u0130ndir &ldquo;Graph Paper Press Sell Media Download Lightbox&rdquo;&nbsp;Versiyon 1.0.2\" href=\"https:\/\/wpdepo.com\/tr\/\/download\/4700\/\" rel=\"nofollow\">\n\t\u0130ndir<\/a><\/td><td class=\"column-4\">9 Eyl\u00fcl 2016<\/td><td class=\"column-5\"><a href=\"https:\/\/graphpaperpress.com\/plugins\/sell-media-download-lightbox\/\" target=\"_blank\" rel=\"noopener\">Eklenti Sayfas\u0131<\/a><\/td>\n<\/tr>\n<tr class=\"row-8 even\">\n\t<td class=\"column-1\">Graph Paper Press Sell Media Expire Download<\/td><td class=\"column-2\">1.0.0<\/td><td class=\"column-3\"><a class=\"download-link\" title=\"\u0130ndir &ldquo;Graph Paper Press Sell Media Expire Download&rdquo;&nbsp;Versiyon 1.0.0\" href=\"https:\/\/wpdepo.com\/tr\/\/download\/4702\/\" rel=\"nofollow\">\n\t\u0130ndir<\/a><\/td><td class=\"column-4\">13 Haziran 2016<\/td><td class=\"column-5\"><a href=\"https:\/\/graphpaperpress.com\/plugins\/sell-media-expire-download\/\" target=\"_blank\" rel=\"noopener\">Eklenti Sayfas\u0131<\/a><\/td>\n<\/tr>\n<tr class=\"row-9 odd\">\n\t<td class=\"column-1\">Graph Paper Press Sell Media Free Downloads<\/td><td class=\"column-2\">2.1.4<\/td><td class=\"column-3\"><a class=\"download-link\" title=\"\u0130ndir &ldquo;Graph Paper Press Sell Media Free Downloads&rdquo;&nbsp;Versiyon 2.1.4\" href=\"https:\/\/wpdepo.com\/tr\/\/download\/4704\/\" rel=\"nofollow\">\n\t\u0130ndir<\/a><\/td><td class=\"column-4\">7 \u015eubat 2017<\/td><td class=\"column-5\"><a href=\"https:\/\/graphpaperpress.com\/plugins\/sell-media-free-downloads\/\" target=\"_blank\" rel=\"noopener\">Eklenti Sayfas\u0131<\/a><\/td>\n<\/tr>\n<tr class=\"row-10 even\">\n\t<td class=\"column-1\">Graph Paper Press Sell Media Magnifier<\/td><td class=\"column-2\">2.0.1<\/td><td class=\"column-3\"><a class=\"download-link\" title=\"\u0130ndir &ldquo;Graph Paper Press Sell Media Magnifier&rdquo;&nbsp;Versiyon 2.0.1\" href=\"https:\/\/wpdepo.com\/tr\/\/download\/4706\/\" rel=\"nofollow\">\n\t\u0130ndir<\/a><\/td><td class=\"column-4\">17 Aral\u0131k 2015<\/td><td class=\"column-5\"><a href=\"https:\/\/graphpaperpress.com\/plugins\/sell-media-magnifier\/\" target=\"_blank\" rel=\"noopener\">Eklenti Sayfas\u0131<\/a><\/td>\n<\/tr>\n<tr class=\"row-11 odd\">\n\t<td class=\"column-1\">Graph Paper Press Sell Media Mailchimp<\/td><td class=\"column-2\">2.1.2<\/td><td class=\"column-3\"><a class=\"download-link\" title=\"\u0130ndir &ldquo;Graph Paper Press Sell Media Mailchimp&rdquo;&nbsp;Versiyon 2.1.2\" href=\"https:\/\/wpdepo.com\/tr\/\/download\/4708\/\" rel=\"nofollow\">\n\t\u0130ndir<\/a><\/td><td class=\"column-4\">16 Temmuz 2019<\/td><td class=\"column-5\"><a href=\"https:\/\/graphpaperpress.com\/plugins\/sell-media-mailchimp\/\" target=\"_blank\" rel=\"noopener\">Eklenti Sayfas\u0131<\/a><\/td>\n<\/tr>\n<tr class=\"row-12 even\">\n\t<td class=\"column-1\">Graph Paper Press Sell Media Manual Purchases<\/td><td class=\"column-2\">1.0.3<\/td><td class=\"column-3\"><a class=\"download-link\" title=\"\u0130ndir &ldquo;Graph Paper Press Sell Media Manual Purchases&rdquo;&nbsp;Versiyon 1.0.3\" href=\"https:\/\/wpdepo.com\/tr\/\/download\/4710\/\" rel=\"nofollow\">\n\t\u0130ndir<\/a><\/td><td class=\"column-4\">16 Aral\u0131k 2016<\/td><td class=\"column-5\"><a href=\"https:\/\/graphpaperpress.com\/plugins\/sell-media-manual-purchases\/\" target=\"_blank\" rel=\"noopener\">Eklenti Sayfas\u0131<\/a><\/td>\n<\/tr>\n<tr class=\"row-13 odd\">\n\t<td class=\"column-1\">Graph Paper Press Sell Media Model Release<\/td><td class=\"column-2\">1.1<\/td><td class=\"column-3\"><a class=\"download-link\" title=\"\u0130ndir &ldquo;Graph Paper Press Sell Media Model Release&rdquo;&nbsp;Versiyon 1.1\" href=\"https:\/\/wpdepo.com\/tr\/\/download\/4712\/\" rel=\"nofollow\">\n\t\u0130ndir<\/a><\/td><td class=\"column-4\">1 \u015eubat 2017<\/td><td class=\"column-5\"><a href=\"https:\/\/graphpaperpress.com\/plugins\/sell-media-model-release\/\" target=\"_blank\" rel=\"noopener\">Eklenti Sayfas\u0131<\/a><\/td>\n<\/tr>\n<tr class=\"row-14 even\">\n\t<td class=\"column-1\">Graph Paper Press Sell Media Reprints<\/td><td class=\"column-2\">2.2.1<\/td><td class=\"column-3\"><a class=\"download-link\" title=\"\u0130ndir &ldquo;Graph Paper Press Sell Media Reprints&rdquo;&nbsp;Versiyon 2.2.1\" href=\"https:\/\/wpdepo.com\/tr\/\/download\/4714\/\" rel=\"nofollow\">\n\t\u0130ndir<\/a><\/td><td class=\"column-4\">10 A\u011fustos 2017<\/td><td class=\"column-5\"><a href=\"https:\/\/graphpaperpress.com\/plugins\/sell-media-reprints\/\" target=\"_blank\" rel=\"noopener\">Eklenti Sayfas\u0131<\/a><\/td>\n<\/tr>\n<tr class=\"row-15 odd\">\n\t<td class=\"column-1\">Graph Paper Press Sell Media S3<\/td><td class=\"column-2\">2.1.5<\/td><td class=\"column-3\"><a class=\"download-link\" title=\"\u0130ndir &ldquo;Graph Paper Press Sell Media S3&rdquo;&nbsp;Versiyon 2.1.5\" href=\"https:\/\/wpdepo.com\/tr\/\/download\/4716\/\" rel=\"nofollow\">\n\t\u0130ndir<\/a><\/td><td class=\"column-4\">27 Kas\u0131m 2019<\/td><td class=\"column-5\"><a href=\"https:\/\/graphpaperpress.com\/plugins\/sell-media-s3\/\" target=\"_blank\" rel=\"noopener\">Eklenti Sayfas\u0131<\/a><\/td>\n<\/tr>\n<tr class=\"row-16 even\">\n\t<td class=\"column-1\">Graph Paper Press Sell Media Stripe<\/td><td class=\"column-2\">2.1.7<\/td><td class=\"column-3\"><a class=\"download-link\" title=\"\u0130ndir &ldquo;Graph Paper Press Sell Media Stripe&rdquo;&nbsp;Versiyon 2.1.7\" href=\"https:\/\/wpdepo.com\/tr\/\/download\/4718\/\" rel=\"nofollow\">\n\t\u0130ndir<\/a><\/td><td class=\"column-4\">10 Ocak 2017<\/td><td class=\"column-5\"><a href=\"https:\/\/graphpaperpress.com\/plugins\/sell-media-stripe\/\" target=\"_blank\" rel=\"noopener\">Eklenti Sayfas\u0131<\/a><\/td>\n<\/tr>\n<tr class=\"row-17 odd\">\n\t<td class=\"column-1\">Graph Paper Press Sell Media Subscription<\/td><td class=\"column-2\">1.0.3<\/td><td class=\"column-3\"><a class=\"download-link\" title=\"\u0130ndir &ldquo;Graph Paper Press Sell Media Subscription&rdquo;&nbsp;Versiyon 1.0.3\" href=\"https:\/\/wpdepo.com\/tr\/\/download\/4732\/\" rel=\"nofollow\">\n\t\u0130ndir<\/a><\/td><td class=\"column-4\">6 Nisan 2017<\/td><td class=\"column-5\"><a href=\"https:\/\/graphpaperpress.com\/plugins\/sell-media-subscription\/\" target=\"_blank\" rel=\"noopener\">Eklenti Sayfas\u0131<\/a><\/td>\n<\/tr>\n<tr class=\"row-18 even\">\n\t<td class=\"column-1\">Graph Paper Press Sell Media Watermark<\/td><td class=\"column-2\">2.0.4<\/td><td class=\"column-3\"><a class=\"download-link\" title=\"\u0130ndir &ldquo;Graph Paper Press Sell Media Watermark&rdquo;&nbsp;Versiyon 2.0.4\" href=\"https:\/\/wpdepo.com\/tr\/\/download\/4734\/\" rel=\"nofollow\">\n\t\u0130ndir<\/a><\/td><td class=\"column-4\">14 Mart 2017<\/td><td class=\"column-5\"><a href=\"https:\/\/graphpaperpress.com\/plugins\/sell-media-watermark\/\" target=\"_blank\" rel=\"noopener\">Eklenti Sayfas\u0131<\/a><\/td>\n<\/tr>\n<\/tbody>\n<\/table>\n\r\n\r\n\t\t<\/div>\n\t\t\t\t\t<\/div>\n\n\t\r\n\r\n<\/div>\r\n\r\n\t\t<\/div>\n\n\t\t\n<style>\n#section_869313010 {\n  padding-top: 30px;\n  padding-bottom: 30px;\n}\n<\/style>\n\t<\/section>\n\t","protected":false},"excerpt":{"rendered":"","protected":false},"author":1,"featured_media":0,"parent":0,"menu_order":0,"comment_status":"closed","ping_status":"closed","template":"page-blank.php","meta":{"footnotes":""},"class_list":["post-4721","page","type-page","status-publish","hentry"],"_links":{"self":[{"href":"https:\/\/wpdepo.com\/tr\/wp-json\/wp\/v2\/pages\/4721","targetHints":{"allow":["GET"]}}],"collection":[{"href":"https:\/\/wpdepo.com\/tr\/wp-json\/wp\/v2\/pages"}],"about":[{"href":"https:\/\/wpdepo.com\/tr\/wp-json\/wp\/v2\/types\/page"}],"author":[{"embeddable":true,"href":"https:\/\/wpdepo.com\/tr\/wp-json\/wp\/v2\/users\/1"}],"replies":[{"embeddable":true,"href":"https:\/\/wpdepo.com\/tr\/wp-json\/wp\/v2\/comments?post=4721"}],"version-history":[{"count":0,"href":"https:\/\/wpdepo.com\/tr\/wp-json\/wp\/v2\/pages\/4721\/revisions"}],"wp:attachment":[{"href":"https:\/\/wpdepo.com\/tr\/wp-json\/wp\/v2\/media?parent=4721"}],"curies":[{"name":"wp","href":"https:\/\/api.w.org\/{rel}","templated":true}]}}