{"id":45453,"date":"2020-04-08T19:46:18","date_gmt":"2020-04-08T19:46:18","guid":{"rendered":"https:\/\/wpdepo.com\/?page_id=45453"},"modified":"2020-04-08T19:46:19","modified_gmt":"2020-04-08T19:46:19","slug":"modern-events-calendar-eklentileri","status":"publish","type":"page","link":"https:\/\/wpdepo.com\/tr\/modern-events-calendar-eklentileri\/","title":{"rendered":"Modern Events Calendar Eklentileri"},"content":{"rendered":"\n\t<section class=\"section\" id=\"section_434909410\">\n\t\t<div class=\"section-bg fill\" >\n\t\t\t\t\t\t\t\t\t\n\t\t\t\n\n\t\t<\/div>\n\n\t\t\n\n\t\t<div class=\"section-content relative\">\n\t\t\t\r\n\r\n<div class=\"row\"  id=\"row-1997013482\">\r\n\r\n\n\t<div id=\"col-2036563207\" class=\"col small-12 large-12\"  >\n\t\t\t\t<div class=\"col-inner text-left\"  >\n\t\t\t\n\t\t\t\r\n\r\n<h2 style=\"text-align: center;\">Modern Events Calendar<\/h2>\r\n<p>Modern Events Calendar, WordPress i\u00e7in bir etkinlik takvimi ve etkinlik y\u00f6netimi eklentisidir. Web sitelerinde etkinlikleri ve etkinlik takvimini g\u00f6r\u00fcnt\u00fclemek i\u00e7in tasarlanm\u0131\u015f; kapsaml\u0131, kullan\u0131c\u0131 dostu ve mobil uyumlu bir eklentidir. Eklentinin \u00f6zellikleri hakk\u0131nda daha fazla bilgiyi geli\u015ftiricinin <a href=\"https:\/\/webnus.net\/modern-events-calendar\/\" rel=\"noopener noreferrer\" target=\"_blank\">web sitesinde<\/a> bulabilirsiniz.<\/p>\r\n<p>Eklentinin Pro s\u00fcr\u00fcm\u00fcn\u00fc ve Modern Events Calendar eklentilerini bu sayfadan indirebilirsiniz.<\/p>\r\n\r\n\t\t<\/div>\n\t\t\t\t\t<\/div>\n\n\t\r\n\r\n<\/div>\r\n\r\n\t\t<\/div>\n\n\t\t\n<style>\n#section_434909410 {\n  padding-top: 0px;\n  padding-bottom: 0px;\n  background-color: rgb(245, 245, 245);\n}\n<\/style>\n\t<\/section>\n\t\r\n\n\t<section class=\"section\" id=\"section_1853246591\">\n\t\t<div class=\"section-bg fill\" >\n\t\t\t\t\t\t\t\t\t\n\t\t\t\n\n\t\t<\/div>\n\n\t\t\n\n\t\t<div class=\"section-content relative\">\n\t\t\t\r\n\r\n<div class=\"row\"  id=\"row-1263486799\">\r\n\r\n\n\t<div id=\"col-1411848049\" class=\"col small-12 large-12\"  >\n\t\t\t\t<div class=\"col-inner text-left\"  >\n\t\t\t\n\t\t\t\r\n\r\n\n<table id=\"tablepress-89\" class=\"tablepress tablepress-id-89\">\n<thead>\n<tr class=\"row-1 odd\">\n\t<th class=\"column-1\">Eklenti Ad\u0131<\/th><th class=\"column-2\">Versiyon<\/th><th class=\"column-3\">\u0130ndir<\/th><th class=\"column-4\">G\u00fcncelleme<\/th><th class=\"column-5\">Bilgi<\/th>\n<\/tr>\n<\/thead>\n<tbody class=\"row-hover\">\n<tr class=\"row-2 even\">\n\t<td class=\"column-1\">Modern Events Calendar<\/td><td class=\"column-2\">7.32.0<\/td><td class=\"column-3\"><a class=\"download-link\" title=\"\u0130ndir &ldquo;Modern Events Calendar&rdquo;&nbsp;Versiyon 7.32.0\" href=\"https:\/\/wpdepo.com\/tr\/\/download\/5399\/\" rel=\"nofollow\">\n\t\u0130ndir<\/a><\/td><td class=\"column-4\">7 Nisan 2026<\/td><td class=\"column-5\"><a href=\"https:\/\/webnus.net\/modern-events-calendar\/\" target=\"_blank\" rel=\"noopener noreferrer\">Eklenti Sayfas\u0131<\/a><\/td>\n<\/tr>\n<tr class=\"row-3 odd\">\n\t<td class=\"column-1\">Modern Events Calendar - Advanced Importer<\/td><td class=\"column-2\">1.6.0<\/td><td class=\"column-3\"><a class=\"download-link\" title=\"\u0130ndir &ldquo;Modern Events Calendar - Advanced Importer&rdquo;&nbsp;Versiyon 1.6.0\" href=\"https:\/\/wpdepo.com\/tr\/\/download\/56701\/\" rel=\"nofollow\">\n\t\u0130ndir<\/a><\/td><td class=\"column-4\">15 Ocak 2026<\/td><td class=\"column-5\"><a href=\"https:\/\/webnus.net\/modern-events-calendar\/addons\/advanced-importer\/\" target=\"_blank\" rel=\"noopener noreferrer\">Eklenti Sayfas\u0131<\/a><\/td>\n<\/tr>\n<tr class=\"row-4 even\">\n\t<td class=\"column-1\">Modern Events Calendar - Advanced Location<\/td><td class=\"column-2\">1.4.0<\/td><td class=\"column-3\"><a class=\"download-link\" title=\"\u0130ndir &ldquo;Modern Events Calendar - Advanced Location&rdquo;&nbsp;Versiyon 1.4.0\" href=\"https:\/\/wpdepo.com\/tr\/\/download\/56703\/\" rel=\"nofollow\">\n\t\u0130ndir<\/a><\/td><td class=\"column-4\">15 Ocak 2026<\/td><td class=\"column-5\"><a href=\"https:\/\/webnus.net\/modern-events-calendar\/addons\/advanced-location\/\" target=\"_blank\" rel=\"noopener noreferrer\">Eklenti Sayfas\u0131<\/a><\/td>\n<\/tr>\n<tr class=\"row-5 odd\">\n\t<td class=\"column-1\">Modern Events Calendar - Advanced Map<\/td><td class=\"column-2\">1.2.0<\/td><td class=\"column-3\"><a class=\"download-link\" title=\"\u0130ndir &ldquo;Modern Events Calendar - Advanced Map&rdquo;&nbsp;Versiyon 1.2.0\" href=\"https:\/\/wpdepo.com\/tr\/\/download\/45431\/\" rel=\"nofollow\">\n\t\u0130ndir<\/a><\/td><td class=\"column-4\">15 Kas\u0131m 2025<\/td><td class=\"column-5\"><a href=\"https:\/\/webnus.net\/modern-events-calendar\/addons\/advanced-map\/\" target=\"_blank\" rel=\"noopener noreferrer\">Eklenti Sayfas\u0131<\/a><\/td>\n<\/tr>\n<tr class=\"row-6 even\">\n\t<td class=\"column-1\">Modern Events Calendar - Advanced Organizer<\/td><td class=\"column-2\">1.4.0<\/td><td class=\"column-3\"><a class=\"download-link\" title=\"\u0130ndir &ldquo;Modern Events Calendar - Advanced Organizer&rdquo;&nbsp;Versiyon 1.4.0\" href=\"https:\/\/wpdepo.com\/tr\/\/download\/56705\/\" rel=\"nofollow\">\n\t\u0130ndir<\/a><\/td><td class=\"column-4\">15 Ocak 2026<\/td><td class=\"column-5\"><a href=\"https:\/\/webnus.net\/modern-events-calendar\/addons\/advanced-organizer\/\" target=\"_blank\" rel=\"noopener noreferrer\">Eklenti Sayfas\u0131<\/a><\/td>\n<\/tr>\n<tr class=\"row-7 odd\">\n\t<td class=\"column-1\">Modern Events Calendar - Advanced Reports<\/td><td class=\"column-2\">1.2.0<\/td><td class=\"column-3\"><a class=\"download-link\" title=\"\u0130ndir &ldquo;Modern Events Calendar - Advanced Reports&rdquo;&nbsp;Versiyon 1.2.0\" href=\"https:\/\/wpdepo.com\/tr\/\/download\/52650\/\" rel=\"nofollow\">\n\t\u0130ndir<\/a><\/td><td class=\"column-4\">13 May\u0131s 2025<\/td><td class=\"column-5\"><a href=\"https:\/\/webnus.net\/modern-events-calendar\/addons\/advanced-reports\/\" target=\"_blank\" rel=\"noopener noreferrer\">Eklenti Sayfas\u0131<\/a><\/td>\n<\/tr>\n<tr class=\"row-8 even\">\n\t<td class=\"column-1\">Modern Events Calendar - Advanced Speaker<\/td><td class=\"column-2\">1.4.0<\/td><td class=\"column-3\"><a class=\"download-link\" title=\"\u0130ndir &ldquo;Modern Events Calendar - Advanced Speaker&rdquo;&nbsp;Versiyon 1.4.0\" href=\"https:\/\/wpdepo.com\/tr\/\/download\/56707\/\" rel=\"nofollow\">\n\t\u0130ndir<\/a><\/td><td class=\"column-4\">15 Ocak 2026<\/td><td class=\"column-5\"><a href=\"https:\/\/webnus.net\/modern-events-calendar\/addons\/advanced-speaker\/\" target=\"_blank\" rel=\"noopener noreferrer\">Eklenti Sayfas\u0131<\/a><\/td>\n<\/tr>\n<tr class=\"row-9 odd\">\n\t<td class=\"column-1\">Modern Events Calendar - BuddyBoss Integration<\/td><td class=\"column-2\">2.6.0<\/td><td class=\"column-3\"><a class=\"download-link\" title=\"\u0130ndir &ldquo;Modern Events Calendar - BuddyBoss Integration&rdquo;&nbsp;Versiyon 2.6.0\" href=\"https:\/\/wpdepo.com\/tr\/\/download\/67152\/\" rel=\"nofollow\">\n\t\u0130ndir<\/a><\/td><td class=\"column-4\">15 Ocak 2026<\/td><td class=\"column-5\"><a href=\"https:\/\/webnus.net\/modern-events-calendar\/addons\/buddyboss-integration\/\" target=\"_blank\" rel=\"noopener noreferrer\">Eklenti Sayfas\u0131<\/a><\/td>\n<\/tr>\n<tr class=\"row-10 even\">\n\t<td class=\"column-1\">Modern Events Calendar - Divi Single Builder<\/td><td class=\"column-2\">1.5.0<\/td><td class=\"column-3\"><a class=\"download-link\" title=\"\u0130ndir &ldquo;Modern Events Calendar - Divi Single Builder&rdquo;&nbsp;Versiyon 1.5.0\" href=\"https:\/\/wpdepo.com\/tr\/\/download\/54494\/\" rel=\"nofollow\">\n\t\u0130ndir<\/a><\/td><td class=\"column-4\">15 Ocak 2026<\/td><td class=\"column-5\"><a href=\"https:\/\/webnus.net\/modern-events-calendar\/addons\/divi-single-builder\/\" target=\"_blank\" rel=\"noopener noreferrer\">Eklenti Sayfas\u0131<\/a><\/td>\n<\/tr>\n<tr class=\"row-11 odd\">\n\t<td class=\"column-1\">Modern Events Calendar - Elementor FES Builder<\/td><td class=\"column-2\">1.4.0<\/td><td class=\"column-3\"><a class=\"download-link\" title=\"\u0130ndir &ldquo;Modern Events Calendar - Elementor FES Builder&rdquo;&nbsp;Versiyon 1.4.0\" href=\"https:\/\/wpdepo.com\/tr\/\/download\/71670\/\" rel=\"nofollow\">\n\t\u0130ndir<\/a><\/td><td class=\"column-4\">12 Ocak 2026<\/td><td class=\"column-5\"><a href=\"https:\/\/webnus.net\/modern-events-calendar\/addons\/elementor-frontend-event-submission-builder\" target=\"_blank\" rel=\"noopener noreferrer\">Eklenti Sayfas\u0131<\/a><\/td>\n<\/tr>\n<tr class=\"row-12 even\">\n\t<td class=\"column-1\">Modern Events Calendar - Elementor Form Builder<\/td><td class=\"column-2\">1.6.0<\/td><td class=\"column-3\"><a class=\"download-link\" title=\"\u0130ndir &ldquo;Modern Events Calendar - Elementor Form Builder&rdquo;&nbsp;Versiyon 1.6.0\" href=\"https:\/\/wpdepo.com\/tr\/\/download\/54496\/\" rel=\"nofollow\">\n\t\u0130ndir<\/a><\/td><td class=\"column-4\">16 Aral\u0131k 2025<\/td><td class=\"column-5\"><a href=\"https:\/\/webnus.net\/modern-events-calendar\/addons\/elementor-form-builder\/\" target=\"_blank\" rel=\"noopener noreferrer\">Eklenti Sayfas\u0131<\/a><\/td>\n<\/tr>\n<tr class=\"row-13 odd\">\n\t<td class=\"column-1\">Modern Events Calendar - Elementor Shortcode Builder<\/td><td class=\"column-2\">2.0.0<\/td><td class=\"column-3\"><a class=\"download-link\" title=\"\u0130ndir &ldquo;Modern Events Calendar - Elementor Shortcode Builder&rdquo;&nbsp;Versiyon 2.0.0\" href=\"https:\/\/wpdepo.com\/tr\/\/download\/45433\/\" rel=\"nofollow\">\n\t\u0130ndir<\/a><\/td><td class=\"column-4\">26 Aral\u0131k 2025<\/td><td class=\"column-5\"><a href=\"https:\/\/webnus.net\/modern-events-calendar\/addons\/elementor-shortcode-builder\/\" target=\"_blank\" rel=\"noopener noreferrer\">Eklenti Sayfas\u0131<\/a><\/td>\n<\/tr>\n<tr class=\"row-14 even\">\n\t<td class=\"column-1\">Modern Events Calendar - Elementor Shortcode Designer<\/td><td class=\"column-2\">1.5.0<\/td><td class=\"column-3\"><a class=\"download-link\" title=\"\u0130ndir &ldquo;Modern Events Calendar - Elementor Shortcode Designer&rdquo;&nbsp;Versiyon 1.5.0\" href=\"https:\/\/wpdepo.com\/tr\/\/download\/45435\/\" rel=\"nofollow\">\n\t\u0130ndir<\/a><\/td><td class=\"column-4\">16 Aral\u0131k 2025<\/td><td class=\"column-5\"><a href=\"https:\/\/webnus.net\/modern-events-calendar\/addons\/elementor-shortcode-designer\/\" target=\"_blank\" rel=\"noopener noreferrer\">Eklenti Sayfas\u0131<\/a><\/td>\n<\/tr>\n<tr class=\"row-15 odd\">\n\t<td class=\"column-1\">Modern Events Calendar - Elementor Single Builder<\/td><td class=\"column-2\">1.13.0<\/td><td class=\"column-3\"><a class=\"download-link\" title=\"\u0130ndir &ldquo;Modern Events Calendar - Elementor Single Builder&rdquo;&nbsp;Versiyon 1.13.0\" href=\"https:\/\/wpdepo.com\/tr\/\/download\/45437\/\" rel=\"nofollow\">\n\t\u0130ndir<\/a><\/td><td class=\"column-4\">16 Aral\u0131k 2025<\/td><td class=\"column-5\"><a href=\"https:\/\/webnus.net\/modern-events-calendar\/addons\/elementor-single-builder\/\" target=\"_blank\" rel=\"noopener noreferrer\">Eklenti Sayfas\u0131<\/a><\/td>\n<\/tr>\n<tr class=\"row-16 even\">\n\t<td class=\"column-1\">Modern Events Calendar - Event API<\/td><td class=\"column-2\">1.3.0<\/td><td class=\"column-3\"><a class=\"download-link\" title=\"\u0130ndir &ldquo;Modern Events Calendar - Event API&rdquo;&nbsp;Versiyon 1.3.0\" href=\"https:\/\/wpdepo.com\/tr\/\/download\/45439\/\" rel=\"nofollow\">\n\t\u0130ndir<\/a><\/td><td class=\"column-4\">15 Ocak 2026<\/td><td class=\"column-5\"><a href=\"https:\/\/webnus.net\/modern-events-calendar\/addons\/event-api\/\" target=\"_blank\" rel=\"noopener noreferrer\">Eklenti Sayfas\u0131<\/a><\/td>\n<\/tr>\n<tr class=\"row-17 odd\">\n\t<td class=\"column-1\">Modern Events Calendar - Fluent View Layouts<\/td><td class=\"column-2\">1.7.5<\/td><td class=\"column-3\"><a class=\"download-link\" title=\"\u0130ndir &ldquo;Modern Events Calendar - Fluent View Layouts&rdquo;&nbsp;Versiyon 1.7.5\" href=\"https:\/\/wpdepo.com\/tr\/\/download\/54504\/\" rel=\"nofollow\">\n\t\u0130ndir<\/a><\/td><td class=\"column-4\">16 Aral\u0131k 2025<\/td><td class=\"column-5\"><a href=\"https:\/\/webnus.net\/modern-events-calendar\/addons\/fluent-view-layouts\/\" target=\"_blank\" rel=\"noopener noreferrer\">Eklenti Sayfas\u0131<\/a><\/td>\n<\/tr>\n<tr class=\"row-18 even\">\n\t<td class=\"column-1\">Modern Events Calendar - Gutenberg Single Builder<\/td><td class=\"column-2\">1.2.0<\/td><td class=\"column-3\"><a class=\"download-link\" title=\"\u0130ndir &ldquo;Modern Events Calendar - Gutenberg Single Builder&rdquo;&nbsp;Versiyon 1.2.0\" href=\"https:\/\/wpdepo.com\/tr\/\/download\/71679\/\" rel=\"nofollow\">\n\t\u0130ndir<\/a><\/td><td class=\"column-4\">15 Ocak 2026<\/td><td class=\"column-5\"><a href=\"https:\/\/webnus.net\/modern-events-calendar\/addons\/gutenberg-single-builder\/\" target=\"_blank\" rel=\"noopener noreferrer\">Eklenti Sayfas\u0131<\/a><\/td>\n<\/tr>\n<tr class=\"row-19 odd\">\n\t<td class=\"column-1\">Modern Events Calendar - Liquid View Layouts<\/td><td class=\"column-2\">1.5.0<\/td><td class=\"column-3\"><a class=\"download-link\" title=\"\u0130ndir &ldquo;Modern Events Calendar - Liquid View Layouts&rdquo;&nbsp;Versiyon 1.5.0\" href=\"https:\/\/wpdepo.com\/tr\/\/download\/72208\/\" rel=\"nofollow\">\n\t\u0130ndir<\/a><\/td><td class=\"column-4\">16 Nisan 2026<\/td><td class=\"column-5\"><a href=\"https:\/\/webnus.net\/modern-events-calendar\/addons\/liquid-view-layout\/\" target=\"_blank\" rel=\"noopener noreferrer\">Eklenti Sayfas\u0131<\/a><\/td>\n<\/tr>\n<tr class=\"row-20 even\">\n\t<td class=\"column-1\">Modern Events Calendar - Multisite Event Sync<\/td><td class=\"column-2\">1.2.0<\/td><td class=\"column-3\"><a class=\"download-link\" title=\"\u0130ndir &ldquo;Modern Events Calendar - Multisite Event Sync&rdquo;&nbsp;Versiyon 1.2.0\" href=\"https:\/\/wpdepo.com\/tr\/\/download\/45441\/\" rel=\"nofollow\">\n\t\u0130ndir<\/a><\/td><td class=\"column-4\">15 Ocak 2026<\/td><td class=\"column-5\"><a href=\"https:\/\/webnus.net\/modern-events-calendar\/addons\/multisite-event-sync\/\" target=\"_blank\" rel=\"noopener noreferrer\">Eklenti Sayfas\u0131<\/a><\/td>\n<\/tr>\n<tr class=\"row-21 odd\">\n\t<td class=\"column-1\">Modern Events Calendar - RSVP Events<\/td><td class=\"column-2\">1.6.0<\/td><td class=\"column-3\"><a class=\"download-link\" title=\"\u0130ndir &ldquo;Modern Events Calendar - RSVP Events&rdquo;&nbsp;Versiyon 1.6.0\" href=\"https:\/\/wpdepo.com\/tr\/\/download\/67150\/\" rel=\"nofollow\">\n\t\u0130ndir<\/a><\/td><td class=\"column-4\">12 Ocak 2026<\/td><td class=\"column-5\"><a href=\"https:\/\/webnus.net\/modern-events-calendar\/addons\/rsvp-events\/\" target=\"_blank\" rel=\"noopener noreferrer\">Eklenti Sayfas\u0131<\/a><\/td>\n<\/tr>\n<tr class=\"row-22 even\">\n\t<td class=\"column-1\">Modern Events Calendar - Seat<\/td><td class=\"column-2\">1.5.0<\/td><td class=\"column-3\"><a class=\"download-link\" title=\"\u0130ndir &ldquo;Modern Events Calendar - Seat&rdquo;&nbsp;Versiyon 1.5.0\" href=\"https:\/\/wpdepo.com\/tr\/\/download\/71673\/\" rel=\"nofollow\">\n\t\u0130ndir<\/a><\/td><td class=\"column-4\">15 Ocak 2026<\/td><td class=\"column-5\"><a href=\"https:\/\/webnus.net\/modern-events-calendar\/addons\/seat\/\" target=\"_blank\" rel=\"noopener noreferrer\">Eklenti Sayfas\u0131<\/a><\/td>\n<\/tr>\n<tr class=\"row-23 odd\">\n\t<td class=\"column-1\">Modern Events Calendar - Social Auto Poster<\/td><td class=\"column-2\">1.3.0<\/td><td class=\"column-3\"><a class=\"download-link\" title=\"\u0130ndir &ldquo;Modern Events Calendar - Social Auto Poster&rdquo;&nbsp;Versiyon 1.3.0\" href=\"https:\/\/wpdepo.com\/tr\/\/download\/71682\/\" rel=\"nofollow\">\n\t\u0130ndir<\/a><\/td><td class=\"column-4\">3 Haziran 2025<\/td><td class=\"column-5\"><a href=\"https:\/\/webnus.net\/modern-events-calendar\/addons\/social-auto-poster\/\" target=\"_blank\" rel=\"noopener noreferrer\">Eklenti Sayfas\u0131<\/a><\/td>\n<\/tr>\n<tr class=\"row-24 even\">\n\t<td class=\"column-1\">Modern Events Calendar - Square Payment<\/td><td class=\"column-2\">1.2.0<\/td><td class=\"column-3\"><a class=\"download-link\" title=\"\u0130ndir &ldquo;Modern Events Calendar - Square Payment&rdquo;&nbsp;Versiyon 1.2.0\" href=\"https:\/\/wpdepo.com\/tr\/\/download\/71676\/\" rel=\"nofollow\">\n\t\u0130ndir<\/a><\/td><td class=\"column-4\">21 Haziran 2025<\/td><td class=\"column-5\"><a href=\"https:\/\/webnus.net\/modern-events-calendar\/addons\/square-payment\/\" target=\"_blank\" rel=\"noopener noreferrer\">Eklenti Sayfas\u0131<\/a><\/td>\n<\/tr>\n<tr class=\"row-25 odd\">\n\t<td class=\"column-1\">Modern Events Calendar - Ticket and Invoice<\/td><td class=\"column-2\">3.6.0<\/td><td class=\"column-3\"><a class=\"download-link\" title=\"\u0130ndir &ldquo;Modern Events Calendar - Ticket and Invoice&rdquo;&nbsp;Versiyon 3.6.0\" href=\"https:\/\/wpdepo.com\/tr\/\/download\/45443\/\" rel=\"nofollow\">\n\t\u0130ndir<\/a><\/td><td class=\"column-4\">16 Nisan 2026<\/td><td class=\"column-5\"><a href=\"https:\/\/webnus.net\/modern-events-calendar\/addons\/ticket-invoice\/\" target=\"_blank\" rel=\"noopener noreferrer\">Eklenti Sayfas\u0131<\/a><\/td>\n<\/tr>\n<tr class=\"row-26 even\">\n\t<td class=\"column-1\">Modern Events Calendar - User Dashboard<\/td><td class=\"column-2\">1.6.5<\/td><td class=\"column-3\"><a class=\"download-link\" title=\"\u0130ndir &ldquo;Modern Events Calendar - User Dashboard&rdquo;&nbsp;Versiyon 1.6.5\" href=\"https:\/\/wpdepo.com\/tr\/\/download\/45445\/\" rel=\"nofollow\">\n\t\u0130ndir<\/a><\/td><td class=\"column-4\">12 Ocak 2026<\/td><td class=\"column-5\"><a href=\"https:\/\/webnus.net\/modern-events-calendar\/addons\/user-dashboard\/\" target=\"_blank\" rel=\"noopener noreferrer\">Eklenti Sayfas\u0131<\/a><\/td>\n<\/tr>\n<tr class=\"row-27 odd\">\n\t<td class=\"column-1\">Modern Events Calendar - Virtual Events<\/td><td class=\"column-2\">1.2.3<\/td><td class=\"column-3\"><a class=\"download-link\" title=\"\u0130ndir &ldquo;Modern Events Calendar - Virtual Events&rdquo;&nbsp;Versiyon 1.2.3\" href=\"https:\/\/wpdepo.com\/tr\/\/download\/54498\/\" rel=\"nofollow\">\n\t\u0130ndir<\/a><\/td><td class=\"column-4\">15 Ocak 2026<\/td><td class=\"column-5\"><a href=\"https:\/\/webnus.net\/modern-events-calendar\/addons\/virtual-events\/\" target=\"_blank\" rel=\"noopener noreferrer\">Eklenti Sayfas\u0131<\/a><\/td>\n<\/tr>\n<tr class=\"row-28 even\">\n\t<td class=\"column-1\">Modern Events Calendar - Waiting List<\/td><td class=\"column-2\">1.5.0<\/td><td class=\"column-3\"><a class=\"download-link\" title=\"\u0130ndir &ldquo;Modern Events Calendar - Waiting List&rdquo;&nbsp;Versiyon 1.5.0\" href=\"https:\/\/wpdepo.com\/tr\/\/download\/54500\/\" rel=\"nofollow\">\n\t\u0130ndir<\/a><\/td><td class=\"column-4\">15 Ocak 2026<\/td><td class=\"column-5\"><a href=\"https:\/\/webnus.net\/modern-events-calendar\/addons\/waiting-list\/\" target=\"_blank\" rel=\"noopener noreferrer\">Eklenti Sayfas\u0131<\/a><\/td>\n<\/tr>\n<tr class=\"row-29 odd\">\n\t<td class=\"column-1\">Modern Events Calendar - Webex Integration<\/td><td class=\"column-2\">1.2.0<\/td><td class=\"column-3\"><a class=\"download-link\" title=\"\u0130ndir &ldquo;Modern Events Calendar - Webex Integration&rdquo;&nbsp;Versiyon 1.2.0\" href=\"https:\/\/wpdepo.com\/tr\/\/download\/71667\/\" rel=\"nofollow\">\n\t\u0130ndir<\/a><\/td><td class=\"column-4\">21 Haziran 2025<\/td><td class=\"column-5\"><a href=\"https:\/\/webnus.net\/modern-events-calendar\/addons\/webex-integration\/\" target=\"_blank\" rel=\"noopener noreferrer\">Eklenti Sayfas\u0131<\/a><\/td>\n<\/tr>\n<tr class=\"row-30 even\">\n\t<td class=\"column-1\">Modern Events Calendar - WooCommerce Integration<\/td><td class=\"column-2\">2.2.0<\/td><td class=\"column-3\"><a class=\"download-link\" title=\"\u0130ndir &ldquo;Modern Events Calendar - WooCommerce Integration&rdquo;&nbsp;Versiyon 2.2.0\" href=\"https:\/\/wpdepo.com\/tr\/\/download\/45447\/\" rel=\"nofollow\">\n\t\u0130ndir<\/a><\/td><td class=\"column-4\">15 Nisan 2025<\/td><td class=\"column-5\"><a href=\"https:\/\/webnus.net\/modern-events-calendar\/addons\/woocommerce-integration\/\" target=\"_blank\" rel=\"noopener noreferrer\">Eklenti Sayfas\u0131<\/a><\/td>\n<\/tr>\n<tr class=\"row-31 odd\">\n\t<td class=\"column-1\">Modern Events Calendar - Zapier Integration<\/td><td class=\"column-2\">2.3.0<\/td><td class=\"column-3\"><a class=\"download-link\" title=\"\u0130ndir &ldquo;Modern Events Calendar - Zapier Integration&rdquo;&nbsp;Versiyon 2.3.0\" href=\"https:\/\/wpdepo.com\/tr\/\/download\/54502\/\" rel=\"nofollow\">\n\t\u0130ndir<\/a><\/td><td class=\"column-4\">15 Ocak 2026<\/td><td class=\"column-5\"><a href=\"https:\/\/webnus.net\/modern-events-calendar\/addons\/zapier-integration\/\" target=\"_blank\" rel=\"noopener noreferrer\">Eklenti Sayfas\u0131<\/a><\/td>\n<\/tr>\n<tr class=\"row-32 even\">\n\t<td class=\"column-1\">Modern Events Calendar - Zoom Integration<\/td><td class=\"column-2\">1.3.5<\/td><td class=\"column-3\"><a class=\"download-link\" title=\"\u0130ndir &ldquo;Modern Events Calendar - Zoom Integration&rdquo;&nbsp;Versiyon 1.3.5\" href=\"https:\/\/wpdepo.com\/tr\/\/download\/56197\/\" rel=\"nofollow\">\n\t\u0130ndir<\/a><\/td><td class=\"column-4\">15 Kas\u0131m 2025<\/td><td class=\"column-5\"><a href=\"https:\/\/webnus.net\/modern-events-calendar\/addons\/zoom-integration\/\" target=\"_blank\" rel=\"noopener noreferrer\">Eklenti Sayfas\u0131<\/a><\/td>\n<\/tr>\n<\/tbody>\n<\/table>\n\r\n\r\n\t\t<\/div>\n\t\t\t\t\t<\/div>\n\n\t\r\n\r\n<\/div>\r\n\r\n\t\t<\/div>\n\n\t\t\n<style>\n#section_1853246591 {\n  padding-top: 30px;\n  padding-bottom: 30px;\n}\n<\/style>\n\t<\/section>\n\t","protected":false},"excerpt":{"rendered":"","protected":false},"author":1,"featured_media":0,"parent":0,"menu_order":0,"comment_status":"closed","ping_status":"closed","template":"page-blank.php","meta":{"footnotes":""},"class_list":["post-45453","page","type-page","status-publish","hentry"],"_links":{"self":[{"href":"https:\/\/wpdepo.com\/tr\/wp-json\/wp\/v2\/pages\/45453","targetHints":{"allow":["GET"]}}],"collection":[{"href":"https:\/\/wpdepo.com\/tr\/wp-json\/wp\/v2\/pages"}],"about":[{"href":"https:\/\/wpdepo.com\/tr\/wp-json\/wp\/v2\/types\/page"}],"author":[{"embeddable":true,"href":"https:\/\/wpdepo.com\/tr\/wp-json\/wp\/v2\/users\/1"}],"replies":[{"embeddable":true,"href":"https:\/\/wpdepo.com\/tr\/wp-json\/wp\/v2\/comments?post=45453"}],"version-history":[{"count":0,"href":"https:\/\/wpdepo.com\/tr\/wp-json\/wp\/v2\/pages\/45453\/revisions"}],"wp:attachment":[{"href":"https:\/\/wpdepo.com\/tr\/wp-json\/wp\/v2\/media?parent=45453"}],"curies":[{"name":"wp","href":"https:\/\/api.w.org\/{rel}","templated":true}]}}