{"id":4160,"date":"2017-10-21T16:25:44","date_gmt":"2017-10-21T13:25:44","guid":{"rendered":"https:\/\/wpdepo.com\/?page_id=4160"},"modified":"2018-09-03T20:46:18","modified_gmt":"2018-09-03T17:46:18","slug":"convert-pro-eklentileri","status":"publish","type":"page","link":"https:\/\/wpdepo.com\/tr\/convert-pro-eklentileri\/","title":{"rendered":"Convert Pro Eklentileri"},"content":{"rendered":"\n\t<section class=\"section\" id=\"section_1569854904\">\n\t\t<div class=\"section-bg fill\" >\n\t\t\t\t\t\t\t\t\t\n\t\t\t\n\n\t\t<\/div>\n\n\t\t\n\n\t\t<div class=\"section-content relative\">\n\t\t\t\r\n\r\n<div class=\"row\"  id=\"row-1183047962\">\r\n\r\n\n\t<div id=\"col-2005351202\" class=\"col small-12 large-12\"  >\n\t\t\t\t<div class=\"col-inner text-left\"  >\n\t\t\t\n\t\t\t\r\n\r\n<h2 style=\"text-align: center;\">Convert Pro<\/h2>\r\n<p>Convert Pro eklentisi, web trafi\u011finizi potansiyel m\u00fc\u015fterilere d\u00f6n\u00fc\u015ft\u00fcren g\u00fc\u00e7l\u00fc bir aday m\u00fc\u015fteri olu\u015fturma arac\u0131d\u0131r. S\u00fcr\u00fckle-b\u0131rak arac\u0131 ile sitede beliren g\u00fczel ve mobil uyumlu pencereler ve e-posta formlar\u0131 tasarlayabilirsiniz.<\/p>\r\n<p>Convert Pro ekleri ile ihtiya\u00e7lar\u0131n\u0131za g\u00f6re etkinle\u015ftirilebilen veya devre d\u0131\u015f\u0131 b\u0131rak\u0131labilen \u015fu 5 adet geli\u015fmi\u015f \u00e7\u00f6z\u00fcme de sahip olabilirsiniz: Convert Pro Connects, Convert Pro Analytics, Convert Pro Advanced Script, Convert Pro Grid ve Convert Pro A\/B Test.<\/p>\r\n\r\n\t\t<\/div>\n\t\t\t\t\t<\/div>\n\n\t\r\n\r\n<\/div>\r\n\r\n\t\t<\/div>\n\n\t\t\n<style>\n#section_1569854904 {\n  padding-top: 0px;\n  padding-bottom: 0px;\n  background-color: rgb(245, 245, 245);\n}\n<\/style>\n\t<\/section>\n\t\r\n\n\t<section class=\"section\" id=\"section_1470010447\">\n\t\t<div class=\"section-bg fill\" >\n\t\t\t\t\t\t\t\t\t\n\t\t\t\n\n\t\t<\/div>\n\n\t\t\n\n\t\t<div class=\"section-content relative\">\n\t\t\t\r\n\r\n<div class=\"row\"  id=\"row-1282953835\">\r\n\r\n\n\t<div id=\"col-750427524\" class=\"col small-12 large-12\"  >\n\t\t\t\t<div class=\"col-inner text-left\"  >\n\t\t\t\n\t\t\t\r\n\r\n\n<table id=\"tablepress-49\" class=\"tablepress tablepress-id-49\">\n<thead>\n<tr class=\"row-1 odd\">\n\t<th class=\"column-1\">Eklenti Ad\u0131<\/th><th class=\"column-2\">Versiyon<\/th><th class=\"column-3\">\u0130ndir<\/th><th class=\"column-4\">G\u00fcncelleme<\/th><th class=\"column-5\">Bilgi<\/th>\n<\/tr>\n<\/thead>\n<tbody class=\"row-hover\">\n<tr class=\"row-2 even\">\n\t<td class=\"column-1\">ConvertPlus - Popup Plugin For WordPress<\/td><td class=\"column-2\">3.6.3<\/td><td class=\"column-3\"><a class=\"download-link\" title=\"\u0130ndir &ldquo;ConvertPlus - Popup Plugin For WordPress&rdquo;&nbsp;Versiyon 3.6.3\" href=\"https:\/\/wpdepo.com\/tr\/\/download\/2561\/\" rel=\"nofollow\">\n\t\u0130ndir<\/a><\/td><td class=\"column-4\">3 Nisan 2026<\/td><td class=\"column-5\"><a href=\"https:\/\/www.convertplug.com\/plus\/\" target=\"_blank\" rel=\"noopener\">Eklenti Sayfas\u0131<\/a><\/td>\n<\/tr>\n<tr class=\"row-3 odd\">\n\t<td class=\"column-1\">Convert Pro<\/td><td class=\"column-2\">1.8.8<\/td><td class=\"column-3\"><a class=\"download-link\" title=\"\u0130ndir &ldquo;Convert Pro&rdquo;&nbsp;Versiyon 1.8.8\" href=\"https:\/\/wpdepo.com\/tr\/\/download\/4153\/\" rel=\"nofollow\">\n\t\u0130ndir<\/a><\/td><td class=\"column-4\">16 Aral\u0131k 2025<\/td><td class=\"column-5\"><a href=\"https:\/\/www.convertplug.com\/pro\/\" target=\"_blank\" rel=\"noopener\">Eklenti Sayfas\u0131<\/a><\/td>\n<\/tr>\n<tr class=\"row-4 even\">\n\t<td class=\"column-1\">Convert Pro Addon<\/td><td class=\"column-2\">1.5.16<\/td><td class=\"column-3\"><a class=\"download-link\" title=\"\u0130ndir &ldquo;Convert Pro Addon&rdquo;&nbsp;Versiyon 1.5.16\" href=\"https:\/\/wpdepo.com\/tr\/\/download\/4155\/\" rel=\"nofollow\">\n\t\u0130ndir<\/a><\/td><td class=\"column-4\">22 Nisan 2025<\/td><td class=\"column-5\"><a href=\"https:\/\/www.convertplug.com\/pro\/docs\/install-convert-pro-addons\/\" target=\"_blank\" rel=\"noopener\">Eklenti Sayfas\u0131<\/a><\/td>\n<\/tr>\n<\/tbody>\n<\/table>\n\r\n\r\n\t\t<\/div>\n\t\t\t\t\t<\/div>\n\n\t\r\n\r\n<\/div>\r\n\r\n\t\t<\/div>\n\n\t\t\n<style>\n#section_1470010447 {\n  padding-top: 30px;\n  padding-bottom: 30px;\n}\n<\/style>\n\t<\/section>\n\t","protected":false},"excerpt":{"rendered":"","protected":false},"author":1,"featured_media":0,"parent":0,"menu_order":0,"comment_status":"closed","ping_status":"closed","template":"page-blank.php","meta":{"footnotes":""},"class_list":["post-4160","page","type-page","status-publish","hentry"],"_links":{"self":[{"href":"https:\/\/wpdepo.com\/tr\/wp-json\/wp\/v2\/pages\/4160","targetHints":{"allow":["GET"]}}],"collection":[{"href":"https:\/\/wpdepo.com\/tr\/wp-json\/wp\/v2\/pages"}],"about":[{"href":"https:\/\/wpdepo.com\/tr\/wp-json\/wp\/v2\/types\/page"}],"author":[{"embeddable":true,"href":"https:\/\/wpdepo.com\/tr\/wp-json\/wp\/v2\/users\/1"}],"replies":[{"embeddable":true,"href":"https:\/\/wpdepo.com\/tr\/wp-json\/wp\/v2\/comments?post=4160"}],"version-history":[{"count":0,"href":"https:\/\/wpdepo.com\/tr\/wp-json\/wp\/v2\/pages\/4160\/revisions"}],"wp:attachment":[{"href":"https:\/\/wpdepo.com\/tr\/wp-json\/wp\/v2\/media?parent=4160"}],"curies":[{"name":"wp","href":"https:\/\/api.w.org\/{rel}","templated":true}]}}