{"id":4041,"date":"2017-10-18T22:18:45","date_gmt":"2017-10-18T19:18:45","guid":{"rendered":"https:\/\/wpdepo.com\/?page_id=4041"},"modified":"2018-09-03T20:46:57","modified_gmt":"2018-09-03T17:46:57","slug":"themify-eklentileri","status":"publish","type":"page","link":"https:\/\/wpdepo.com\/tr\/themify-eklentileri\/","title":{"rendered":"Themify Eklentileri"},"content":{"rendered":"\n\t<section class=\"section\" id=\"section_896299943\">\n\t\t<div class=\"section-bg fill\" >\n\t\t\t\t\t\t\t\t\t\n\t\t\t\n\n\t\t<\/div>\n\n\t\t\n\n\t\t<div class=\"section-content relative\">\n\t\t\t\r\n\r\n<div class=\"row\"  id=\"row-1397314834\">\r\n\r\n\n\t<div id=\"col-1659288265\" class=\"col small-12 large-12\"  >\n\t\t\t\t<div class=\"col-inner text-left\"  >\n\t\t\t\n\t\t\t\r\n\r\n<h2 style=\"text-align: center;\">Themify Eklentileri<\/h2>\r\n<p>Themify taraf\u0131ndan geli\u015ftirilen s\u00fcr\u00fckle ve b\u0131rak sayfas\u0131 olu\u015fturucusu ile elastik ve mobil dostu WordPress siteleri olu\u015fturabilirsiniz.\r\n Themify taraf\u0131ndan \u00fcretilen temalara <a href=\"\/themify-temalari\/\">Themify Temalar\u0131<\/a> sayfas\u0131ndan ula\u015fabilir, diledi\u011finizi indirebilirsiniz.<\/p>\r\n\r\n\t\t<\/div>\n\t\t\t\t\t<\/div>\n\n\t\r\n\r\n<\/div>\r\n\r\n\t\t<\/div>\n\n\t\t\n<style>\n#section_896299943 {\n  padding-top: 0px;\n  padding-bottom: 0px;\n  background-color: rgb(245, 245, 245);\n}\n<\/style>\n\t<\/section>\n\t\r\n\n\t<section class=\"section\" id=\"section_165488670\">\n\t\t<div class=\"section-bg fill\" >\n\t\t\t\t\t\t\t\t\t\n\t\t\t\n\n\t\t<\/div>\n\n\t\t\n\n\t\t<div class=\"section-content relative\">\n\t\t\t\r\n\r\n<div class=\"row\"  id=\"row-1053375982\">\r\n\r\n\n\t<div id=\"col-399392855\" class=\"col small-12 large-12\"  >\n\t\t\t\t<div class=\"col-inner text-left\"  >\n\t\t\t\n\t\t\t\r\n\r\n\n<table id=\"tablepress-48\" class=\"tablepress tablepress-id-48\">\n<thead>\n<tr class=\"row-1 odd\">\n\t<th class=\"column-1\">Eklenti Ad\u0131<\/th><th class=\"column-2\">Versiyon<\/th><th class=\"column-3\">\u0130ndir<\/th><th class=\"column-4\">G\u00fcncelleme<\/th><th class=\"column-5\">Bilgi<\/th>\n<\/tr>\n<\/thead>\n<tbody class=\"row-hover\">\n<tr class=\"row-2 even\">\n\t<td class=\"column-1\">Themify Announcement Bar<\/td><td class=\"column-2\">2.2.4<\/td><td class=\"column-3\"><a class=\"download-link\" title=\"\u0130ndir &ldquo;Themify Announcement Bar&rdquo;&nbsp;Versiyon 2.2.4\" href=\"https:\/\/wpdepo.com\/tr\/\/download\/4018\/\" rel=\"nofollow\">\n\t\u0130ndir<\/a><\/td><td class=\"column-4\">26 Kas\u0131m 2025<\/td><td class=\"column-5\"><a href=\"https:\/\/themify.me\/announcement-bar\" target=\"_blank\" rel=\"noopener noreferrer\">Eklenti Sayfas\u0131<\/a><\/td>\n<\/tr>\n<tr class=\"row-3 odd\">\n\t<td class=\"column-1\">Themify Builder<\/td><td class=\"column-2\">7.7.0<\/td><td class=\"column-3\"><a class=\"download-link\" title=\"\u0130ndir &ldquo;Themify Builder&rdquo;&nbsp;Versiyon 7.7.0\" href=\"https:\/\/wpdepo.com\/tr\/\/download\/4020\/\" rel=\"nofollow\">\n\t\u0130ndir<\/a><\/td><td class=\"column-4\">6 Ekim 2025<\/td><td class=\"column-5\"><a href=\"https:\/\/themify.me\/builder\" target=\"_blank\" rel=\"noopener noreferrer\">Eklenti Sayfas\u0131<\/a><\/td>\n<\/tr>\n<tr class=\"row-4 even\">\n\t<td class=\"column-1\">Themify Builder Pro<\/td><td class=\"column-2\">3.8.3<\/td><td class=\"column-3\"><a class=\"download-link\" title=\"\u0130ndir &ldquo;Themify Builder Pro&rdquo;&nbsp;Versiyon 3.8.3\" href=\"https:\/\/wpdepo.com\/tr\/\/download\/44388\/\" rel=\"nofollow\">\n\t\u0130ndir<\/a><\/td><td class=\"column-4\">9 Nisan 2026<\/td><td class=\"column-5\"><a href=\"https:\/\/themify.me\/builder-pro\" target=\"_blank\" rel=\"noopener noreferrer\">Eklenti Sayfas\u0131<\/a><\/td>\n<\/tr>\n<tr class=\"row-5 odd\">\n\t<td class=\"column-1\">Themify Builder A\/B Image<\/td><td class=\"column-2\">3.5.3<\/td><td class=\"column-3\"><a class=\"download-link\" title=\"\u0130ndir &ldquo;Themify Builder A\/B Image&rdquo;&nbsp;Versiyon 3.5.3\" href=\"https:\/\/wpdepo.com\/tr\/\/download\/4022\/\" rel=\"nofollow\">\n\t\u0130ndir<\/a><\/td><td class=\"column-4\">5 Aral\u0131k 2025<\/td><td class=\"column-5\"><a href=\"https:\/\/themify.me\/addons\/ab-image\" target=\"_blank\" rel=\"noopener noreferrer\">Eklenti Sayfas\u0131<\/a><\/td>\n<\/tr>\n<tr class=\"row-6 even\">\n\t<td class=\"column-1\">Themify Builder Audio<\/td><td class=\"column-2\">3.5.4<\/td><td class=\"column-3\"><a class=\"download-link\" title=\"\u0130ndir &ldquo;Themify Builder Audio&rdquo;&nbsp;Versiyon 3.5.4\" href=\"https:\/\/wpdepo.com\/tr\/\/download\/4024\/\" rel=\"nofollow\">\n\t\u0130ndir<\/a><\/td><td class=\"column-4\">5 Aral\u0131k 2025<\/td><td class=\"column-5\"><a href=\"https:\/\/themify.me\/addons\/audio\" target=\"_blank\" rel=\"noopener noreferrer\">Eklenti Sayfas\u0131<\/a><\/td>\n<\/tr>\n<tr class=\"row-7 odd\">\n\t<td class=\"column-1\">Themify Builder Bar Chart<\/td><td class=\"column-2\">2.0.2<\/td><td class=\"column-3\"><a class=\"download-link\" title=\"\u0130ndir &ldquo;Themify Builder Bar Chart&rdquo;&nbsp;Versiyon 2.0.2\" href=\"https:\/\/wpdepo.com\/tr\/\/download\/4026\/\" rel=\"nofollow\">\n\t\u0130ndir<\/a><\/td><td class=\"column-4\">16 Mart 2022<\/td><td class=\"column-5\"><a href=\"https:\/\/themify.me\/addons\/bar-chart\" target=\"_blank\" rel=\"noopener noreferrer\">Eklenti Sayfas\u0131<\/a><\/td>\n<\/tr>\n<tr class=\"row-8 even\">\n\t<td class=\"column-1\">Themify Builder BG Video Slider<\/td><td class=\"column-2\">3.5.1<\/td><td class=\"column-3\"><a class=\"download-link\" title=\"\u0130ndir &ldquo;Themify Builder BG Video Slider&rdquo;&nbsp;Versiyon 3.5.1\" href=\"https:\/\/wpdepo.com\/tr\/\/download\/4028\/\" rel=\"nofollow\">\n\t\u0130ndir<\/a><\/td><td class=\"column-4\">26 \u015eubat 2024<\/td><td class=\"column-5\"><a href=\"https:\/\/themify.me\/addons\/bg-video-slider\" target=\"_blank\" rel=\"noopener noreferrer\">Eklenti Sayfas\u0131<\/a><\/td>\n<\/tr>\n<tr class=\"row-9 odd\">\n\t<td class=\"column-1\">Themify Builder Button Pro<\/td><td class=\"column-2\">3.5.3<\/td><td class=\"column-3\"><a class=\"download-link\" title=\"\u0130ndir &ldquo;Themify Builder Button Pro&rdquo;&nbsp;Versiyon 3.5.3\" href=\"https:\/\/wpdepo.com\/tr\/\/download\/4030\/\" rel=\"nofollow\">\n\t\u0130ndir<\/a><\/td><td class=\"column-4\">5 Nisan 2024<\/td><td class=\"column-5\"><a href=\"https:\/\/themify.me\/addons\/button\" target=\"_blank\" rel=\"noopener noreferrer\">Eklenti Sayfas\u0131<\/a><\/td>\n<\/tr>\n<tr class=\"row-10 even\">\n\t<td class=\"column-1\">Themify Builder Contact<\/td><td class=\"column-2\">3.5.9<\/td><td class=\"column-3\"><a class=\"download-link\" title=\"\u0130ndir &ldquo;Themify Builder Contact&rdquo;&nbsp;Versiyon 3.5.9\" href=\"https:\/\/wpdepo.com\/tr\/\/download\/4032\/\" rel=\"nofollow\">\n\t\u0130ndir<\/a><\/td><td class=\"column-4\">5 Aral\u0131k 2025<\/td><td class=\"column-5\"><a href=\"https:\/\/themify.me\/addons\/contact\" target=\"_blank\" rel=\"noopener noreferrer\">Eklenti Sayfas\u0131<\/a><\/td>\n<\/tr>\n<tr class=\"row-11 odd\">\n\t<td class=\"column-1\">Themify Builder Content Restriction<\/td><td class=\"column-2\">3.5.4<\/td><td class=\"column-3\"><a class=\"download-link\" title=\"\u0130ndir &ldquo;Themify Builder Content Restriction&rdquo;&nbsp;Versiyon 3.5.4\" href=\"https:\/\/wpdepo.com\/tr\/\/download\/4034\/\" rel=\"nofollow\">\n\t\u0130ndir<\/a><\/td><td class=\"column-4\">7 \u015eubat 2025<\/td><td class=\"column-5\"><a href=\"https:\/\/themify.me\/addons\/content-restriction\" target=\"_blank\" rel=\"noopener noreferrer\">Eklenti Sayfas\u0131<\/a><\/td>\n<\/tr>\n<tr class=\"row-12 even\">\n\t<td class=\"column-1\">Themify Builder Countdown<\/td><td class=\"column-2\">3.5.3<\/td><td class=\"column-3\"><a class=\"download-link\" title=\"\u0130ndir &ldquo;Themify Builder Countdown&rdquo;&nbsp;Versiyon 3.5.3\" href=\"https:\/\/wpdepo.com\/tr\/\/download\/4036\/\" rel=\"nofollow\">\n\t\u0130ndir<\/a><\/td><td class=\"column-4\">5 Aral\u0131k 2025<\/td><td class=\"column-5\"><a href=\"https:\/\/themify.me\/addons\/countdown\" target=\"_blank\" rel=\"noopener noreferrer\">Eklenti Sayfas\u0131<\/a><\/td>\n<\/tr>\n<tr class=\"row-13 odd\">\n\t<td class=\"column-1\">Themify Builder Counter<\/td><td class=\"column-2\">3.5.4<\/td><td class=\"column-3\"><a class=\"download-link\" title=\"\u0130ndir &ldquo;Themify Builder Counter&rdquo;&nbsp;Versiyon 3.5.4\" href=\"https:\/\/wpdepo.com\/tr\/\/download\/4038\/\" rel=\"nofollow\">\n\t\u0130ndir<\/a><\/td><td class=\"column-4\">6 Aral\u0131k 2024<\/td><td class=\"column-5\"><a href=\"https:\/\/themify.me\/addons\/counter\" target=\"_blank\" rel=\"noopener noreferrer\">Eklenti Sayfas\u0131<\/a><\/td>\n<\/tr>\n<tr class=\"row-14 even\">\n\t<td class=\"column-1\">Themify Builder FitText<\/td><td class=\"column-2\">3.5.3<\/td><td class=\"column-3\"><a class=\"download-link\" title=\"\u0130ndir &ldquo;Themify Builder FitText&rdquo;&nbsp;Versiyon 3.5.3\" href=\"https:\/\/wpdepo.com\/tr\/\/download\/4084\/\" rel=\"nofollow\">\n\t\u0130ndir<\/a><\/td><td class=\"column-4\">5 Aral\u0131k 2025<\/td><td class=\"column-5\"><a href=\"https:\/\/themify.me\/addons\/fittext\" target=\"_blank\" rel=\"noopener noreferrer\">Eklenti Sayfas\u0131<\/a><\/td>\n<\/tr>\n<tr class=\"row-15 odd\">\n\t<td class=\"column-1\">Themify Builder Image Pro<\/td><td class=\"column-2\">3.5.7<\/td><td class=\"column-3\"><a class=\"download-link\" title=\"\u0130ndir &ldquo;Themify Builder Image Pro&rdquo;&nbsp;Versiyon 3.5.7\" href=\"https:\/\/wpdepo.com\/tr\/\/download\/4086\/\" rel=\"nofollow\">\n\t\u0130ndir<\/a><\/td><td class=\"column-4\">5 Aral\u0131k 2025<\/td><td class=\"column-5\"><a href=\"https:\/\/themify.me\/addons\/image-pro\" target=\"_blank\" rel=\"noopener noreferrer\">Eklenti Sayfas\u0131<\/a><\/td>\n<\/tr>\n<tr class=\"row-16 even\">\n\t<td class=\"column-1\">Themify Builder Infinite Background<\/td><td class=\"column-2\">3.5.1<\/td><td class=\"column-3\"><a class=\"download-link\" title=\"\u0130ndir &ldquo;Themify Builder Infinite Background&rdquo;&nbsp;Versiyon 3.5.1\" href=\"https:\/\/wpdepo.com\/tr\/\/download\/4088\/\" rel=\"nofollow\">\n\t\u0130ndir<\/a><\/td><td class=\"column-4\">26 \u015eubat 2024<\/td><td class=\"column-5\"><a href=\"https:\/\/themify.me\/addons\/infinite-background\" target=\"_blank\" rel=\"noopener noreferrer\">Eklenti Sayfas\u0131<\/a><\/td>\n<\/tr>\n<tr class=\"row-17 odd\">\n\t<td class=\"column-1\">Themify Builder Infinite Posts<\/td><td class=\"column-2\">3.5.3<\/td><td class=\"column-3\"><a class=\"download-link\" title=\"\u0130ndir &ldquo;Themify Builder Infinite Posts&rdquo;&nbsp;Versiyon 3.5.3\" href=\"https:\/\/wpdepo.com\/tr\/\/download\/4090\/\" rel=\"nofollow\">\n\t\u0130ndir<\/a><\/td><td class=\"column-4\">28 Mart 2024<\/td><td class=\"column-5\"><a href=\"https:\/\/themify.me\/addons\/infinite-posts\" target=\"_blank\" rel=\"noopener noreferrer\">Eklenti Sayfas\u0131<\/a><\/td>\n<\/tr>\n<tr class=\"row-18 even\">\n\t<td class=\"column-1\">Themify Builder Maps Pro<\/td><td class=\"column-2\">3.5.5<\/td><td class=\"column-3\"><a class=\"download-link\" title=\"\u0130ndir &ldquo;Themify Builder Maps Pro&rdquo;&nbsp;Versiyon 3.5.5\" href=\"https:\/\/wpdepo.com\/tr\/\/download\/4092\/\" rel=\"nofollow\">\n\t\u0130ndir<\/a><\/td><td class=\"column-4\">18 Ekim 2024<\/td><td class=\"column-5\"><a href=\"https:\/\/themify.me\/addons\/maps-pro\" target=\"_blank\" rel=\"noopener noreferrer\">Eklenti Sayfas\u0131<\/a><\/td>\n<\/tr>\n<tr class=\"row-19 odd\">\n\t<td class=\"column-1\">Themify Builder Masked Image<\/td><td class=\"column-2\">3.5.3<\/td><td class=\"column-3\"><a class=\"download-link\" title=\"\u0130ndir &ldquo;Themify Builder Masked Image&rdquo;&nbsp;Versiyon 3.5.3\" href=\"https:\/\/wpdepo.com\/tr\/\/download\/8579\/\" rel=\"nofollow\">\n\t\u0130ndir<\/a><\/td><td class=\"column-4\">5 Aral\u0131k 2025<\/td><td class=\"column-5\"><a href=\"https:\/\/themify.me\/addons\/masked-image\" target=\"_blank\" rel=\"noopener noreferrer\">Eklenti Sayfas\u0131<\/a><\/td>\n<\/tr>\n<tr class=\"row-20 even\">\n\t<td class=\"column-1\">Themify Builder Mosaic<\/td><td class=\"column-2\">3.5.5<\/td><td class=\"column-3\"><a class=\"download-link\" title=\"\u0130ndir &ldquo;Themify Builder Mosaic&rdquo;&nbsp;Versiyon 3.5.5\" href=\"https:\/\/wpdepo.com\/tr\/\/download\/16952\/\" rel=\"nofollow\">\n\t\u0130ndir<\/a><\/td><td class=\"column-4\">4 \u015eubat 2025<\/td><td class=\"column-5\"><a href=\"https:\/\/themify.me\/addons\/mosaic\" target=\"_blank\" rel=\"noopener noreferrer\">Eklenti Sayfas\u0131<\/a><\/td>\n<\/tr>\n<tr class=\"row-21 odd\">\n\t<td class=\"column-1\">Themify Builder Pointers<\/td><td class=\"column-2\">3.5.5<\/td><td class=\"column-3\"><a class=\"download-link\" title=\"\u0130ndir &ldquo;Themify Builder Pointers&rdquo;&nbsp;Versiyon 3.5.5\" href=\"https:\/\/wpdepo.com\/tr\/\/download\/4094\/\" rel=\"nofollow\">\n\t\u0130ndir<\/a><\/td><td class=\"column-4\">5 Aral\u0131k 2025<\/td><td class=\"column-5\"><a href=\"https:\/\/themify.me\/addons\/pointers\" target=\"_blank\" rel=\"noopener noreferrer\">Eklenti Sayfas\u0131<\/a><\/td>\n<\/tr>\n<tr class=\"row-22 even\">\n\t<td class=\"column-1\">Themify Builder Pricing Table<\/td><td class=\"column-2\">3.5.3<\/td><td class=\"column-3\"><a class=\"download-link\" title=\"\u0130ndir &ldquo;Themify Builder Pricing Table&rdquo;&nbsp;Versiyon 3.5.3\" href=\"https:\/\/wpdepo.com\/tr\/\/download\/4096\/\" rel=\"nofollow\">\n\t\u0130ndir<\/a><\/td><td class=\"column-4\">5 Aral\u0131k 2025<\/td><td class=\"column-5\"><a href=\"https:\/\/themify.me\/addons\/pricing-table\" target=\"_blank\" rel=\"noopener noreferrer\">Eklenti Sayfas\u0131<\/a><\/td>\n<\/tr>\n<tr class=\"row-23 odd\">\n\t<td class=\"column-1\">Themify Builder Progress Bar<\/td><td class=\"column-2\">3.5.5<\/td><td class=\"column-3\"><a class=\"download-link\" title=\"\u0130ndir &ldquo;Themify Builder Progress Bar&rdquo;&nbsp;Versiyon 3.5.5\" href=\"https:\/\/wpdepo.com\/tr\/\/download\/4098\/\" rel=\"nofollow\">\n\t\u0130ndir<\/a><\/td><td class=\"column-4\">5 Aral\u0131k 2025<\/td><td class=\"column-5\"><a href=\"https:\/\/themify.me\/addons\/progress-bar\" target=\"_blank\" rel=\"noopener noreferrer\">Eklenti Sayfas\u0131<\/a><\/td>\n<\/tr>\n<tr class=\"row-24 even\">\n\t<td class=\"column-1\">Themify Builder Slider Pro<\/td><td class=\"column-2\">3.5.3<\/td><td class=\"column-3\"><a class=\"download-link\" title=\"\u0130ndir &ldquo;Themify Builder Slider Pro&rdquo;&nbsp;Versiyon 3.5.3\" href=\"https:\/\/wpdepo.com\/tr\/\/download\/4100\/\" rel=\"nofollow\">\n\t\u0130ndir<\/a><\/td><td class=\"column-4\">13 May\u0131s 2024<\/td><td class=\"column-5\"><a href=\"https:\/\/themify.me\/addons\/slider-pro\" target=\"_blank\" rel=\"noopener noreferrer\">Eklenti Sayfas\u0131<\/a><\/td>\n<\/tr>\n<tr class=\"row-25 odd\">\n\t<td class=\"column-1\">Themify Builder Slideshow<\/td><td class=\"column-2\">3.5.1<\/td><td class=\"column-3\"><a class=\"download-link\" title=\"\u0130ndir &ldquo;Themify Builder Slideshow&rdquo;&nbsp;Versiyon 3.5.1\" href=\"https:\/\/wpdepo.com\/tr\/\/download\/4102\/\" rel=\"nofollow\">\n\t\u0130ndir<\/a><\/td><td class=\"column-4\">26 \u015eubat 2024<\/td><td class=\"column-5\"><a href=\"https:\/\/themify.me\/addons\/slideshow\" target=\"_blank\" rel=\"noopener noreferrer\">Eklenti Sayfas\u0131<\/a><\/td>\n<\/tr>\n<tr class=\"row-26 even\">\n\t<td class=\"column-1\">Themify Builder Tiles<\/td><td class=\"column-2\">3.5.5<\/td><td class=\"column-3\"><a class=\"download-link\" title=\"\u0130ndir &ldquo;Themify Builder Tiles&rdquo;&nbsp;Versiyon 3.5.5\" href=\"https:\/\/wpdepo.com\/tr\/\/download\/4104\/\" rel=\"nofollow\">\n\t\u0130ndir<\/a><\/td><td class=\"column-4\">5 Aral\u0131k 2025<\/td><td class=\"column-5\"><a href=\"https:\/\/themify.me\/addons\/tiles\" target=\"_blank\" rel=\"noopener noreferrer\">Eklenti Sayfas\u0131<\/a><\/td>\n<\/tr>\n<tr class=\"row-27 odd\">\n\t<td class=\"column-1\">Themify Builder Timeline<\/td><td class=\"column-2\">3.5.1<\/td><td class=\"column-3\"><a class=\"download-link\" title=\"\u0130ndir &ldquo;Themify Builder Timeline&rdquo;&nbsp;Versiyon 3.5.1\" href=\"https:\/\/wpdepo.com\/tr\/\/download\/4106\/\" rel=\"nofollow\">\n\t\u0130ndir<\/a><\/td><td class=\"column-4\">26 \u015eubat 2024<\/td><td class=\"column-5\"><a href=\"https:\/\/themify.me\/addons\/timeline\" target=\"_blank\" rel=\"noopener noreferrer\">Eklenti Sayfas\u0131<\/a><\/td>\n<\/tr>\n<tr class=\"row-28 even\">\n\t<td class=\"column-1\">Themify Builder Typewriter<\/td><td class=\"column-2\">3.5.1<\/td><td class=\"column-3\"><a class=\"download-link\" title=\"\u0130ndir &ldquo;Themify Builder Typewriter&rdquo;&nbsp;Versiyon 3.5.1\" href=\"https:\/\/wpdepo.com\/tr\/\/download\/4108\/\" rel=\"nofollow\">\n\t\u0130ndir<\/a><\/td><td class=\"column-4\">26 \u015eubat 2024<\/td><td class=\"column-5\"><a href=\"https:\/\/themify.me\/addons\/typewriter\" target=\"_blank\" rel=\"noopener noreferrer\">Eklenti Sayfas\u0131<\/a><\/td>\n<\/tr>\n<tr class=\"row-29 odd\">\n\t<td class=\"column-1\">Themify Builder WooCommerce<\/td><td class=\"column-2\">3.6.5<\/td><td class=\"column-3\"><a class=\"download-link\" title=\"\u0130ndir &ldquo;Themify Builder WooCommerce&rdquo;&nbsp;Versiyon 3.6.5\" href=\"https:\/\/wpdepo.com\/tr\/\/download\/4110\/\" rel=\"nofollow\">\n\t\u0130ndir<\/a><\/td><td class=\"column-4\">5 Aral\u0131k 2025<\/td><td class=\"column-5\"><a href=\"https:\/\/themify.me\/addons\/woocommerce\" target=\"_blank\" rel=\"noopener noreferrer\">Eklenti Sayfas\u0131<\/a><\/td>\n<\/tr>\n<tr class=\"row-30 even\">\n\t<td class=\"column-1\">Themify Post Type Builder<\/td><td class=\"column-2\">2.2.5<\/td><td class=\"column-3\"><a class=\"download-link\" title=\"\u0130ndir &ldquo;Themify Post Type Builder&rdquo;&nbsp;Versiyon 2.2.5\" href=\"https:\/\/wpdepo.com\/tr\/\/download\/4112\/\" rel=\"nofollow\">\n\t\u0130ndir<\/a><\/td><td class=\"column-4\">5 Aral\u0131k 2025<\/td><td class=\"column-5\"><a href=\"https:\/\/themify.me\/post-type-builder\" target=\"_blank\" rel=\"noopener noreferrer\">Eklenti Sayfas\u0131<\/a><\/td>\n<\/tr>\n<tr class=\"row-31 odd\">\n\t<td class=\"column-1\">Themify Post Type Builder Extra Fields<\/td><td class=\"column-2\">2.0.1<\/td><td class=\"column-3\"><a class=\"download-link\" title=\"\u0130ndir &ldquo;Themify Post Type Builder Extra Fields&rdquo;&nbsp;Versiyon 2.0.1\" href=\"https:\/\/wpdepo.com\/tr\/\/download\/4114\/\" rel=\"nofollow\">\n\t\u0130ndir<\/a><\/td><td class=\"column-4\">17 Ekim 2023<\/td><td class=\"column-5\"><a href=\"https:\/\/themify.me\/ptb-addons\/extra-fields\" target=\"_blank\" rel=\"noopener noreferrer\">Eklenti Sayfas\u0131<\/a><\/td>\n<\/tr>\n<tr class=\"row-32 even\">\n\t<td class=\"column-1\">Themify Post Type Builder Map View<\/td><td class=\"column-2\">2.0.7<\/td><td class=\"column-3\"><a class=\"download-link\" title=\"\u0130ndir &ldquo;Themify Post Type Builder Map View&rdquo;&nbsp;Versiyon 2.0.7\" href=\"https:\/\/wpdepo.com\/tr\/\/download\/4116\/\" rel=\"nofollow\">\n\t\u0130ndir<\/a><\/td><td class=\"column-4\">27 A\u011fustos 2024<\/td><td class=\"column-5\"><a href=\"https:\/\/themify.me\/ptb-addons\/map-view\" target=\"_blank\" rel=\"noopener noreferrer\">Eklenti Sayfas\u0131<\/a><\/td>\n<\/tr>\n<tr class=\"row-33 odd\">\n\t<td class=\"column-1\">Themify Post Type Builder Relation<\/td><td class=\"column-2\">2.0.7<\/td><td class=\"column-3\"><a class=\"download-link\" title=\"\u0130ndir &ldquo;Themify Post Type Builder Relation&rdquo;&nbsp;Versiyon 2.0.7\" href=\"https:\/\/wpdepo.com\/tr\/\/download\/4118\/\" rel=\"nofollow\">\n\t\u0130ndir<\/a><\/td><td class=\"column-4\">6 Aral\u0131k 2024<\/td><td class=\"column-5\"><a href=\"https:\/\/themify.me\/ptb-addons\/relation\" target=\"_blank\" rel=\"noopener noreferrer\">Eklenti Sayfas\u0131<\/a><\/td>\n<\/tr>\n<tr class=\"row-34 even\">\n\t<td class=\"column-1\">Themify Post Type Builder Search<\/td><td class=\"column-2\">2.1.5<\/td><td class=\"column-3\"><a class=\"download-link\" title=\"\u0130ndir &ldquo;Themify Post Type Builder Search&rdquo;&nbsp;Versiyon 2.1.5\" href=\"https:\/\/wpdepo.com\/tr\/\/download\/4120\/\" rel=\"nofollow\">\n\t\u0130ndir<\/a><\/td><td class=\"column-4\">5 Aral\u0131k 2025<\/td><td class=\"column-5\"><a href=\"https:\/\/themify.me\/ptb-addons\/search\" target=\"_blank\" rel=\"noopener noreferrer\">Eklenti Sayfas\u0131<\/a><\/td>\n<\/tr>\n<tr class=\"row-35 odd\">\n\t<td class=\"column-1\">Themify Post Type Builder Submissions<\/td><td class=\"column-2\">2.2.0<\/td><td class=\"column-3\"><a class=\"download-link\" title=\"\u0130ndir &ldquo;Themify Post Type Builder Submissions&rdquo;&nbsp;Versiyon 2.2.0\" href=\"https:\/\/wpdepo.com\/tr\/\/download\/4122\/\" rel=\"nofollow\">\n\t\u0130ndir<\/a><\/td><td class=\"column-4\">13 May\u0131s 2025<\/td><td class=\"column-5\"><a href=\"https:\/\/themify.me\/ptb-addons\/submissions\" target=\"_blank\" rel=\"noopener noreferrer\">Eklenti Sayfas\u0131<\/a><\/td>\n<\/tr>\n<\/tbody>\n<\/table>\n\r\n\r\n\t\t<\/div>\n\t\t\t\t\t<\/div>\n\n\t\r\n\r\n<\/div>\r\n\r\n\t\t<\/div>\n\n\t\t\n<style>\n#section_165488670 {\n  padding-top: 30px;\n  padding-bottom: 30px;\n}\n<\/style>\n\t<\/section>\n\t","protected":false},"excerpt":{"rendered":"","protected":false},"author":1,"featured_media":0,"parent":0,"menu_order":0,"comment_status":"closed","ping_status":"closed","template":"page-blank.php","meta":{"footnotes":""},"class_list":["post-4041","page","type-page","status-publish","hentry"],"_links":{"self":[{"href":"https:\/\/wpdepo.com\/tr\/wp-json\/wp\/v2\/pages\/4041","targetHints":{"allow":["GET"]}}],"collection":[{"href":"https:\/\/wpdepo.com\/tr\/wp-json\/wp\/v2\/pages"}],"about":[{"href":"https:\/\/wpdepo.com\/tr\/wp-json\/wp\/v2\/types\/page"}],"author":[{"embeddable":true,"href":"https:\/\/wpdepo.com\/tr\/wp-json\/wp\/v2\/users\/1"}],"replies":[{"embeddable":true,"href":"https:\/\/wpdepo.com\/tr\/wp-json\/wp\/v2\/comments?post=4041"}],"version-history":[{"count":0,"href":"https:\/\/wpdepo.com\/tr\/wp-json\/wp\/v2\/pages\/4041\/revisions"}],"wp:attachment":[{"href":"https:\/\/wpdepo.com\/tr\/wp-json\/wp\/v2\/media?parent=4041"}],"curies":[{"name":"wp","href":"https:\/\/api.w.org\/{rel}","templated":true}]}}