{"id":3999,"date":"2017-10-18T21:45:18","date_gmt":"2017-10-18T18:45:18","guid":{"rendered":"https:\/\/wpdepo.com\/?page_id=3999"},"modified":"2018-09-03T20:46:57","modified_gmt":"2018-09-03T17:46:57","slug":"themify-temalari","status":"publish","type":"page","link":"https:\/\/wpdepo.com\/tr\/themify-temalari\/","title":{"rendered":"Themify Temalar\u0131"},"content":{"rendered":"\n\t<section class=\"section\" id=\"section_171092021\">\n\t\t<div class=\"section-bg fill\" >\n\t\t\t\t\t\t\t\t\t\n\t\t\t\n\n\t\t<\/div>\n\n\t\t\n\n\t\t<div class=\"section-content relative\">\n\t\t\t\r\n\r\n<div class=\"row\"  id=\"row-14635428\">\r\n\r\n\n\t<div id=\"col-1155781621\" class=\"col small-12 large-12\"  >\n\t\t\t\t<div class=\"col-inner text-left\"  >\n\t\t\t\n\t\t\t\r\n\r\n<h2 style=\"text-align: center;\">Themify Temalar\u0131<\/h2>\r\n<p>Themify, WordPress \u00fcr\u00fcn \u00e7e\u015fitlerini kul\u00fcp \u00fcyeli\u011fi yoluyla satan bir WordPress tema kul\u00fcb\u00fcd\u00fcr. Ayr\u0131ca Themify baz\u0131 yararl\u0131 eklentiler geli\u015ftirmekte ve Themify eklentileri sayfas\u0131ndan indirebilece\u011finiz kendi s\u00fcr\u00fckle-b\u0131rak sayfa olu\u015fturucusu yaz\u0131l\u0131m\u0131n\u0131 geli\u015ftirmektedir. Ayr\u0131ca Shopdock adl\u0131 kullan\u0131\u015fl\u0131 bir WooCommerce eklentisine de sahipler.<\/p>\r\n\r\n\t\t<\/div>\n\t\t\t\t\t<\/div>\n\n\t\r\n\r\n<\/div>\r\n\r\n\t\t<\/div>\n\n\t\t\n<style>\n#section_171092021 {\n  padding-top: 0px;\n  padding-bottom: 0px;\n  background-color: rgb(245, 245, 245);\n}\n<\/style>\n\t<\/section>\n\t\r\n\n\t<section class=\"section\" id=\"section_1715640367\">\n\t\t<div class=\"section-bg fill\" >\n\t\t\t\t\t\t\t\t\t\n\t\t\t\n\n\t\t<\/div>\n\n\t\t\n\n\t\t<div class=\"section-content relative\">\n\t\t\t\r\n\r\n<div class=\"row\"  id=\"row-1895700234\">\r\n\r\n\n\t<div id=\"col-1983806746\" class=\"col small-12 large-12\"  >\n\t\t\t\t<div class=\"col-inner text-left\"  >\n\t\t\t\n\t\t\t\r\n\r\n\n<table id=\"tablepress-47\" class=\"tablepress tablepress-id-47\">\n<thead>\n<tr class=\"row-1 odd\">\n\t<th class=\"column-1\">Tema Ad\u0131<\/th><th class=\"column-2\">Versiyon<\/th><th class=\"column-3\">\u0130ndir<\/th><th class=\"column-4\">G\u00fcncelleme<\/th><th class=\"column-5\">Bilgi<\/th>\n<\/tr>\n<\/thead>\n<tbody class=\"row-hover\">\n<tr class=\"row-2 even\">\n\t<td class=\"column-1\">Themify Agency WordPress Theme<\/td><td class=\"column-2\">7.6.2<\/td><td class=\"column-3\"><a class=\"download-link\" title=\"\u0130ndir &ldquo;Themify Agency WordPress Theme&rdquo;&nbsp;Versiyon 7.6.2\" href=\"https:\/\/wpdepo.com\/tr\/\/download\/3919\/\" rel=\"nofollow\">\n\t\u0130ndir<\/a><\/td><td class=\"column-4\">2 Nisan 2026<\/td><td class=\"column-5\"><a href=\"https:\/\/themify.me\/themes\/agency\" target=\"_blank\" rel=\"noopener\">Tema Sayfas\u0131<\/a><\/td>\n<\/tr>\n<tr class=\"row-3 odd\">\n\t<td class=\"column-1\">Themify Bizco WordPress Theme<\/td><td class=\"column-2\">7.5.7<\/td><td class=\"column-3\"><a class=\"download-link\" title=\"\u0130ndir &ldquo;Themify Bizco WordPress Theme&rdquo;&nbsp;Versiyon 7.5.7\" href=\"https:\/\/wpdepo.com\/tr\/\/download\/3921\/\" rel=\"nofollow\">\n\t\u0130ndir<\/a><\/td><td class=\"column-4\">2 Nisan 2026<\/td><td class=\"column-5\"><a href=\"https:\/\/themify.me\/themes\/bizco\" target=\"_blank\" rel=\"noopener\">Tema Sayfas\u0131<\/a><\/td>\n<\/tr>\n<tr class=\"row-4 even\">\n\t<td class=\"column-1\">Themify Bold WordPress Theme<\/td><td class=\"column-2\">7.5.7<\/td><td class=\"column-3\"><a class=\"download-link\" title=\"\u0130ndir &ldquo;Themify Bold WordPress Theme&rdquo;&nbsp;Versiyon 7.5.7\" href=\"https:\/\/wpdepo.com\/tr\/\/download\/3924\/\" rel=\"nofollow\">\n\t\u0130ndir<\/a><\/td><td class=\"column-4\">2 Nisan 2026<\/td><td class=\"column-5\"><a href=\"https:\/\/themify.me\/themes\/bold\" target=\"_blank\" rel=\"noopener\">Tema Sayfas\u0131<\/a><\/td>\n<\/tr>\n<tr class=\"row-5 odd\">\n\t<td class=\"column-1\">Themify Corporate WordPress Theme<\/td><td class=\"column-2\">7.6.4<\/td><td class=\"column-3\"><a class=\"download-link\" title=\"\u0130ndir &ldquo;Themify Corporate WordPress Theme&rdquo;&nbsp;Versiyon 7.6.4\" href=\"https:\/\/wpdepo.com\/tr\/\/download\/3926\/\" rel=\"nofollow\">\n\t\u0130ndir<\/a><\/td><td class=\"column-4\">2 Nisan 2026<\/td><td class=\"column-5\"><a href=\"https:\/\/themify.me\/themes\/corporate\" target=\"_blank\" rel=\"noopener\">Tema Sayfas\u0131<\/a><\/td>\n<\/tr>\n<tr class=\"row-6 even\">\n\t<td class=\"column-1\">Themify Elegant WordPress Theme<\/td><td class=\"column-2\">7.6.4<\/td><td class=\"column-3\"><a class=\"download-link\" title=\"\u0130ndir &ldquo;Themify Elegant WordPress Theme&rdquo;&nbsp;Versiyon 7.6.4\" href=\"https:\/\/wpdepo.com\/tr\/\/download\/3928\/\" rel=\"nofollow\">\n\t\u0130ndir<\/a><\/td><td class=\"column-4\">2 Nisan 2026<\/td><td class=\"column-5\"><a href=\"https:\/\/themify.me\/themes\/elegant\" target=\"_blank\" rel=\"noopener\">Tema Sayfas\u0131<\/a><\/td>\n<\/tr>\n<tr class=\"row-7 odd\">\n\t<td class=\"column-1\">Themify Elemin WordPress Theme<\/td><td class=\"column-2\">7.5.7<\/td><td class=\"column-3\"><a class=\"download-link\" title=\"\u0130ndir &ldquo;Themify Elemin WordPress Theme&rdquo;&nbsp;Versiyon 7.5.7\" href=\"https:\/\/wpdepo.com\/tr\/\/download\/3930\/\" rel=\"nofollow\">\n\t\u0130ndir<\/a><\/td><td class=\"column-4\">2 Nisan 2026<\/td><td class=\"column-5\"><a href=\"https:\/\/themify.me\/themes\/elemin\" target=\"_blank\" rel=\"noopener\">Tema Sayfas\u0131<\/a><\/td>\n<\/tr>\n<tr class=\"row-8 even\">\n\t<td class=\"column-1\">Themify Event WordPress Theme<\/td><td class=\"column-2\">7.5.9<\/td><td class=\"column-3\"><a class=\"download-link\" title=\"\u0130ndir &ldquo;Themify Event WordPress Theme&rdquo;&nbsp;Versiyon 7.5.9\" href=\"https:\/\/wpdepo.com\/tr\/\/download\/3932\/\" rel=\"nofollow\">\n\t\u0130ndir<\/a><\/td><td class=\"column-4\">2 Nisan 2026<\/td><td class=\"column-5\"><a href=\"https:\/\/themify.me\/themes\/event\" target=\"_blank\" rel=\"noopener\">Tema Sayfas\u0131<\/a><\/td>\n<\/tr>\n<tr class=\"row-9 odd\">\n\t<td class=\"column-1\">Themify Flat WordPress Theme<\/td><td class=\"column-2\">7.6.0<\/td><td class=\"column-3\"><a class=\"download-link\" title=\"\u0130ndir &ldquo;Themify Flat WordPress Theme&rdquo;&nbsp;Versiyon 7.6.0\" href=\"https:\/\/wpdepo.com\/tr\/\/download\/3936\/\" rel=\"nofollow\">\n\t\u0130ndir<\/a><\/td><td class=\"column-4\">2 Nisan 2026<\/td><td class=\"column-5\"><a href=\"https:\/\/themify.me\/themes\/flat\" target=\"_blank\" rel=\"noopener\">Tema Sayfas\u0131<\/a><\/td>\n<\/tr>\n<tr class=\"row-10 even\">\n\t<td class=\"column-1\">Themify Flatshop WooCommerce Theme<\/td><td class=\"column-2\">7.6.4<\/td><td class=\"column-3\"><a class=\"download-link\" title=\"\u0130ndir &ldquo;Themify Flatshop WooCommerce Theme&rdquo;&nbsp;Versiyon 7.6.4\" href=\"https:\/\/wpdepo.com\/tr\/\/download\/3934\/\" rel=\"nofollow\">\n\t\u0130ndir<\/a><\/td><td class=\"column-4\">2 Nisan 2026<\/td><td class=\"column-5\"><a href=\"https:\/\/themify.me\/themes\/flatshop\" target=\"_blank\" rel=\"noopener\">Tema Sayfas\u0131<\/a><\/td>\n<\/tr>\n<tr class=\"row-11 odd\">\n\t<td class=\"column-1\">Themify Float WordPress Theme<\/td><td class=\"column-2\">7.6.4<\/td><td class=\"column-3\"><a class=\"download-link\" title=\"\u0130ndir &ldquo;Themify Float WordPress Theme&rdquo;&nbsp;Versiyon 7.6.4\" href=\"https:\/\/wpdepo.com\/tr\/\/download\/3938\/\" rel=\"nofollow\">\n\t\u0130ndir<\/a><\/td><td class=\"column-4\">5 Aral\u0131k 2025<\/td><td class=\"column-5\"><a href=\"https:\/\/themify.me\/themes\/float\" target=\"_blank\" rel=\"noopener\">Tema Sayfas\u0131<\/a><\/td>\n<\/tr>\n<tr class=\"row-12 even\">\n\t<td class=\"column-1\">Themify Fullpane WordPress Theme<\/td><td class=\"column-2\">7.9.6<\/td><td class=\"column-3\"><a class=\"download-link\" title=\"\u0130ndir &ldquo;Themify Fullpane WordPress Theme&rdquo;&nbsp;Versiyon 7.9.6\" href=\"https:\/\/wpdepo.com\/tr\/\/download\/3940\/\" rel=\"nofollow\">\n\t\u0130ndir<\/a><\/td><td class=\"column-4\">5 Aral\u0131k 2025<\/td><td class=\"column-5\"><a href=\"https:\/\/themify.me\/themes\/fullpane\" target=\"_blank\" rel=\"noopener\">Tema Sayfas\u0131<\/a><\/td>\n<\/tr>\n<tr class=\"row-13 odd\">\n\t<td class=\"column-1\">Themify Fullscreen WordPress Theme<\/td><td class=\"column-2\">7.5.7<\/td><td class=\"column-3\"><a class=\"download-link\" title=\"\u0130ndir &ldquo;Themify Fullscreen WordPress Theme&rdquo;&nbsp;Versiyon 7.5.7\" href=\"https:\/\/wpdepo.com\/tr\/\/download\/3942\/\" rel=\"nofollow\">\n\t\u0130ndir<\/a><\/td><td class=\"column-4\">2 Nisan 2026<\/td><td class=\"column-5\"><a href=\"https:\/\/themify.me\/themes\/fullscreen\" target=\"_blank\" rel=\"noopener\">Tema Sayfas\u0131<\/a><\/td>\n<\/tr>\n<tr class=\"row-14 even\">\n\t<td class=\"column-1\">Themify Funki WordPress Theme<\/td><td class=\"column-2\">7.5.7<\/td><td class=\"column-3\"><a class=\"download-link\" title=\"\u0130ndir &ldquo;Themify Funki WordPress Theme&rdquo;&nbsp;Versiyon 7.5.7\" href=\"https:\/\/wpdepo.com\/tr\/\/download\/3944\/\" rel=\"nofollow\">\n\t\u0130ndir<\/a><\/td><td class=\"column-4\">2 Nisan 2026<\/td><td class=\"column-5\"><a href=\"https:\/\/themify.me\/themes\/funki\" target=\"_blank\" rel=\"noopener\">Tema Sayfas\u0131<\/a><\/td>\n<\/tr>\n<tr class=\"row-15 odd\">\n\t<td class=\"column-1\">Themify Grido WordPress Theme<\/td><td class=\"column-2\">7.5.7<\/td><td class=\"column-3\"><a class=\"download-link\" title=\"\u0130ndir &ldquo;Themify Grido WordPress Theme&rdquo;&nbsp;Versiyon 7.5.7\" href=\"https:\/\/wpdepo.com\/tr\/\/download\/3946\/\" rel=\"nofollow\">\n\t\u0130ndir<\/a><\/td><td class=\"column-4\">2 Nisan 2026<\/td><td class=\"column-5\"><a href=\"https:\/\/themify.me\/themes\/grido\" target=\"_blank\" rel=\"noopener\">Tema Sayfas\u0131<\/a><\/td>\n<\/tr>\n<tr class=\"row-16 even\">\n\t<td class=\"column-1\">Themify Infinite WordPress Theme<\/td><td class=\"column-2\">7.6.2<\/td><td class=\"column-3\"><a class=\"download-link\" title=\"\u0130ndir &ldquo;Themify Infinite WordPress Theme&rdquo;&nbsp;Versiyon 7.6.2\" href=\"https:\/\/wpdepo.com\/tr\/\/download\/3948\/\" rel=\"nofollow\">\n\t\u0130ndir<\/a><\/td><td class=\"column-4\">2 Nisan 2026<\/td><td class=\"column-5\"><a href=\"https:\/\/themify.me\/themes\/infinite\" target=\"_blank\" rel=\"noopener\">Tema Sayfas\u0131<\/a><\/td>\n<\/tr>\n<tr class=\"row-17 odd\">\n\t<td class=\"column-1\">Themify Landing WordPress Theme<\/td><td class=\"column-2\">7.6.6<\/td><td class=\"column-3\"><a class=\"download-link\" title=\"\u0130ndir &ldquo;Themify Landing WordPress Theme&rdquo;&nbsp;Versiyon 7.6.6\" href=\"https:\/\/wpdepo.com\/tr\/\/download\/3950\/\" rel=\"nofollow\">\n\t\u0130ndir<\/a><\/td><td class=\"column-4\">5 Aral\u0131k 2025<\/td><td class=\"column-5\"><a href=\"https:\/\/themify.me\/themes\/landing\" target=\"_blank\" rel=\"noopener\">Tema Sayfas\u0131<\/a><\/td>\n<\/tr>\n<tr class=\"row-18 even\">\n\t<td class=\"column-1\">Themify Magazine WordPress Theme<\/td><td class=\"column-2\">7.6.1<\/td><td class=\"column-3\"><a class=\"download-link\" title=\"\u0130ndir &ldquo;Themify Magazine WordPress Theme&rdquo;&nbsp;Versiyon 7.6.1\" href=\"https:\/\/wpdepo.com\/tr\/\/download\/3952\/\" rel=\"nofollow\">\n\t\u0130ndir<\/a><\/td><td class=\"column-4\">2 Nisan 2026<\/td><td class=\"column-5\"><a href=\"https:\/\/themify.me\/themes\/magazine\" target=\"_blank\" rel=\"noopener\">Tema Sayfas\u0131<\/a><\/td>\n<\/tr>\n<tr class=\"row-19 odd\">\n\t<td class=\"column-1\">Themify Metro WordPress Theme<\/td><td class=\"column-2\">7.6.0<\/td><td class=\"column-3\"><a class=\"download-link\" title=\"\u0130ndir &ldquo;Themify Metro WordPress Theme&rdquo;&nbsp;Versiyon 7.6.0\" href=\"https:\/\/wpdepo.com\/tr\/\/download\/3954\/\" rel=\"nofollow\">\n\t\u0130ndir<\/a><\/td><td class=\"column-4\">2 Nisan 2026<\/td><td class=\"column-5\"><a href=\"https:\/\/themify.me\/themes\/metro\" target=\"_blank\" rel=\"noopener\">Tema Sayfas\u0131<\/a><\/td>\n<\/tr>\n<tr class=\"row-20 even\">\n\t<td class=\"column-1\">Themify Minblr WordPress Theme<\/td><td class=\"column-2\">7.5.7<\/td><td class=\"column-3\"><a class=\"download-link\" title=\"\u0130ndir &ldquo;Themify Minblr WordPress Theme&rdquo;&nbsp;Versiyon 7.5.7\" href=\"https:\/\/wpdepo.com\/tr\/\/download\/3956\/\" rel=\"nofollow\">\n\t\u0130ndir<\/a><\/td><td class=\"column-4\">2 Nisan 2026<\/td><td class=\"column-5\"><a href=\"https:\/\/themify.me\/themes\/minblr\" target=\"_blank\" rel=\"noopener\">Tema Sayfas\u0131<\/a><\/td>\n<\/tr>\n<tr class=\"row-21 odd\">\n\t<td class=\"column-1\">Themify Minshop WooCommerce Theme<\/td><td class=\"column-2\">7.6.1<\/td><td class=\"column-3\"><a class=\"download-link\" title=\"\u0130ndir &ldquo;Themify Minshop WooCommerce Theme&rdquo;&nbsp;Versiyon 7.6.1\" href=\"https:\/\/wpdepo.com\/tr\/\/download\/3958\/\" rel=\"nofollow\">\n\t\u0130ndir<\/a><\/td><td class=\"column-4\">2 Nisan 2026<\/td><td class=\"column-5\"><a href=\"https:\/\/themify.me\/themes\/minshop\" target=\"_blank\" rel=\"noopener\">Tema Sayfas\u0131<\/a><\/td>\n<\/tr>\n<tr class=\"row-22 even\">\n\t<td class=\"column-1\">Themify Music WordPress Theme<\/td><td class=\"column-2\">7.9.5<\/td><td class=\"column-3\"><a class=\"download-link\" title=\"\u0130ndir &ldquo;Themify Music WordPress Theme&rdquo;&nbsp;Versiyon 7.9.5\" href=\"https:\/\/wpdepo.com\/tr\/\/download\/3960\/\" rel=\"nofollow\">\n\t\u0130ndir<\/a><\/td><td class=\"column-4\">5 Aral\u0131k 2025<\/td><td class=\"column-5\"><a href=\"https:\/\/themify.me\/themes\/music\" target=\"_blank\" rel=\"noopener\">Tema Sayfas\u0131<\/a><\/td>\n<\/tr>\n<tr class=\"row-23 odd\">\n\t<td class=\"column-1\">Themify Notes WordPress Theme<\/td><td class=\"column-2\">7.5.7<\/td><td class=\"column-3\"><a class=\"download-link\" title=\"\u0130ndir &ldquo;Themify Notes WordPress Theme&rdquo;&nbsp;Versiyon 7.5.7\" href=\"https:\/\/wpdepo.com\/tr\/\/download\/3962\/\" rel=\"nofollow\">\n\t\u0130ndir<\/a><\/td><td class=\"column-4\">2 Nisan 2026<\/td><td class=\"column-5\"><a href=\"https:\/\/themify.me\/themes\/notes\" target=\"_blank\" rel=\"noopener\">Tema Sayfas\u0131<\/a><\/td>\n<\/tr>\n<tr class=\"row-24 even\">\n\t<td class=\"column-1\">Themify Parallax WordPress Theme<\/td><td class=\"column-2\">7.9.8<\/td><td class=\"column-3\"><a class=\"download-link\" title=\"\u0130ndir &ldquo;Themify Parallax WordPress Theme&rdquo;&nbsp;Versiyon 7.9.8\" href=\"https:\/\/wpdepo.com\/tr\/\/download\/3965\/\" rel=\"nofollow\">\n\t\u0130ndir<\/a><\/td><td class=\"column-4\">5 Aral\u0131k 2025<\/td><td class=\"column-5\"><a href=\"https:\/\/themify.me\/themes\/parallax\" target=\"_blank\" rel=\"noopener\">Tema Sayfas\u0131<\/a><\/td>\n<\/tr>\n<tr class=\"row-25 odd\">\n\t<td class=\"column-1\">Themify Peak WordPress Theme<\/td><td class=\"column-2\">7.6.2<\/td><td class=\"column-3\"><a class=\"download-link\" title=\"\u0130ndir &ldquo;Themify Peak WordPress Theme&rdquo;&nbsp;Versiyon 7.6.2\" href=\"https:\/\/wpdepo.com\/tr\/\/download\/3967\/\" rel=\"nofollow\">\n\t\u0130ndir<\/a><\/td><td class=\"column-4\">5 Aral\u0131k 2025<\/td><td class=\"column-5\"><a href=\"https:\/\/themify.me\/themes\/peak\" target=\"_blank\" rel=\"noopener\">Tema Sayfas\u0131<\/a><\/td>\n<\/tr>\n<tr class=\"row-26 even\">\n\t<td class=\"column-1\">Themify Phototouch WordPress Theme<\/td><td class=\"column-2\">7.5.7<\/td><td class=\"column-3\"><a class=\"download-link\" title=\"\u0130ndir &ldquo;Themify Phototouch WordPress Theme&rdquo;&nbsp;Versiyon 7.5.7\" href=\"https:\/\/wpdepo.com\/tr\/\/download\/3969\/\" rel=\"nofollow\">\n\t\u0130ndir<\/a><\/td><td class=\"column-4\">2 Nisan 2026<\/td><td class=\"column-5\"><a href=\"https:\/\/themify.me\/themes\/phototouch\" target=\"_blank\" rel=\"noopener\">Tema Sayfas\u0131<\/a><\/td>\n<\/tr>\n<tr class=\"row-27 odd\">\n\t<td class=\"column-1\">Themify Pinboard WordPress Theme<\/td><td class=\"column-2\">7.5.9<\/td><td class=\"column-3\"><a class=\"download-link\" title=\"\u0130ndir &ldquo;Themify Pinboard WordPress Theme&rdquo;&nbsp;Versiyon 7.5.9\" href=\"https:\/\/wpdepo.com\/tr\/\/download\/3971\/\" rel=\"nofollow\">\n\t\u0130ndir<\/a><\/td><td class=\"column-4\">2 Nisan 2026<\/td><td class=\"column-5\"><a href=\"https:\/\/themify.me\/themes\/pinboard\" target=\"_blank\" rel=\"noopener\">Tema Sayfas\u0131<\/a><\/td>\n<\/tr>\n<tr class=\"row-28 even\">\n\t<td class=\"column-1\">Themify Pinshop WooCommerce Theme<\/td><td class=\"column-2\">7.5.9<\/td><td class=\"column-3\"><a class=\"download-link\" title=\"\u0130ndir &ldquo;Themify Pinshop WooCommerce Theme&rdquo;&nbsp;Versiyon 7.5.9\" href=\"https:\/\/wpdepo.com\/tr\/\/download\/3973\/\" rel=\"nofollow\">\n\t\u0130ndir<\/a><\/td><td class=\"column-4\">2 Nisan 2026<\/td><td class=\"column-5\"><a href=\"https:\/\/themify.me\/themes\/pinshop\" target=\"_blank\" rel=\"noopener\">Tema Sayfas\u0131<\/a><\/td>\n<\/tr>\n<tr class=\"row-29 odd\">\n\t<td class=\"column-1\">Themify Postline WordPress Theme<\/td><td class=\"column-2\">7.5.7<\/td><td class=\"column-3\"><a class=\"download-link\" title=\"\u0130ndir &ldquo;Themify Postline WordPress Theme&rdquo;&nbsp;Versiyon 7.5.7\" href=\"https:\/\/wpdepo.com\/tr\/\/download\/3975\/\" rel=\"nofollow\">\n\t\u0130ndir<\/a><\/td><td class=\"column-4\">2 Nisan 2026<\/td><td class=\"column-5\"><a href=\"https:\/\/themify.me\/themes\/postline\" target=\"_blank\" rel=\"noopener\">Tema Sayfas\u0131<\/a><\/td>\n<\/tr>\n<tr class=\"row-30 even\">\n\t<td class=\"column-1\">Themify Responz WordPress Theme<\/td><td class=\"column-2\">7.5.9<\/td><td class=\"column-3\"><a class=\"download-link\" title=\"\u0130ndir &ldquo;Themify Responz WordPress Theme&rdquo;&nbsp;Versiyon 7.5.9\" href=\"https:\/\/wpdepo.com\/tr\/\/download\/3977\/\" rel=\"nofollow\">\n\t\u0130ndir<\/a><\/td><td class=\"column-4\">2 Nisan 2026<\/td><td class=\"column-5\"><a href=\"https:\/\/themify.me\/themes\/responz\" target=\"_blank\" rel=\"noopener\">Tema Sayfas\u0131<\/a><\/td>\n<\/tr>\n<tr class=\"row-31 odd\">\n\t<td class=\"column-1\">Themify Shopdock WooCommerce Theme<\/td><td class=\"column-2\">7.6.1<\/td><td class=\"column-3\"><a class=\"download-link\" title=\"\u0130ndir &ldquo;Themify Shopdock WooCommerce Theme&rdquo;&nbsp;Versiyon 7.6.1\" href=\"https:\/\/wpdepo.com\/tr\/\/download\/3979\/\" rel=\"nofollow\">\n\t\u0130ndir<\/a><\/td><td class=\"column-4\">2 Nisan 2026<\/td><td class=\"column-5\"><a href=\"https:\/\/themify.me\/themes\/shopdock\" target=\"_blank\" rel=\"noopener\">Tema Sayfas\u0131<\/a><\/td>\n<\/tr>\n<tr class=\"row-32 even\">\n\t<td class=\"column-1\">Themify Shoppe WooCommerce Theme<\/td><td class=\"column-2\">8.0.9<\/td><td class=\"column-3\"><a class=\"download-link\" title=\"\u0130ndir &ldquo;Themify Shoppe WooCommerce Theme&rdquo;&nbsp;Versiyon 8.0.9\" href=\"https:\/\/wpdepo.com\/tr\/\/download\/3981\/\" rel=\"nofollow\">\n\t\u0130ndir<\/a><\/td><td class=\"column-4\">2 Nisan 2026<\/td><td class=\"column-5\"><a href=\"https:\/\/themify.me\/themes\/shoppe\" target=\"_blank\" rel=\"noopener\">Tema Sayfas\u0131<\/a><\/td>\n<\/tr>\n<tr class=\"row-33 odd\">\n\t<td class=\"column-1\">Themify Simfo WordPress Theme<\/td><td class=\"column-2\">7.5.7<\/td><td class=\"column-3\"><a class=\"download-link\" title=\"\u0130ndir &ldquo;Themify Simfo WordPress Theme&rdquo;&nbsp;Versiyon 7.5.7\" href=\"https:\/\/wpdepo.com\/tr\/\/download\/3983\/\" rel=\"nofollow\">\n\t\u0130ndir<\/a><\/td><td class=\"column-4\">2 Nisan 2026<\/td><td class=\"column-5\"><a href=\"https:\/\/themify.me\/themes\/simfo\" target=\"_blank\" rel=\"noopener\">Tema Sayfas\u0131<\/a><\/td>\n<\/tr>\n<tr class=\"row-34 even\">\n\t<td class=\"column-1\">Themify Split WordPress Theme<\/td><td class=\"column-2\">7.7.0<\/td><td class=\"column-3\"><a class=\"download-link\" title=\"\u0130ndir &ldquo;Themify Split WordPress Theme&rdquo;&nbsp;Versiyon 7.7.0\" href=\"https:\/\/wpdepo.com\/tr\/\/download\/3985\/\" rel=\"nofollow\">\n\t\u0130ndir<\/a><\/td><td class=\"column-4\">5 Aral\u0131k 2025<\/td><td class=\"column-5\"><a href=\"https:\/\/themify.me\/themes\/split\" target=\"_blank\" rel=\"noopener\">Tema Sayfas\u0131<\/a><\/td>\n<\/tr>\n<tr class=\"row-35 odd\">\n\t<td class=\"column-1\">Themify Stack WordPress Theme<\/td><td class=\"column-2\">7.6.4<\/td><td class=\"column-3\"><a class=\"download-link\" title=\"\u0130ndir &ldquo;Themify Stack WordPress Theme&rdquo;&nbsp;Versiyon 7.6.4\" href=\"https:\/\/wpdepo.com\/tr\/\/download\/3987\/\" rel=\"nofollow\">\n\t\u0130ndir<\/a><\/td><td class=\"column-4\">2 Nisan 2026<\/td><td class=\"column-5\"><a href=\"https:\/\/themify.me\/themes\/stack\" target=\"_blank\" rel=\"noopener\">Tema Sayfas\u0131<\/a><\/td>\n<\/tr>\n<tr class=\"row-36 even\">\n\t<td class=\"column-1\">Themify Suco WordPress Theme<\/td><td class=\"column-2\">7.5.7<\/td><td class=\"column-3\"><a class=\"download-link\" title=\"\u0130ndir &ldquo;Themify Suco WordPress Theme&rdquo;&nbsp;Versiyon 7.5.7\" href=\"https:\/\/wpdepo.com\/tr\/\/download\/3989\/\" rel=\"nofollow\">\n\t\u0130ndir<\/a><\/td><td class=\"column-4\">2 Nisan 2026<\/td><td class=\"column-5\"><a href=\"https:\/\/themify.me\/themes\/suco\" target=\"_blank\" rel=\"noopener\">Tema Sayfas\u0131<\/a><\/td>\n<\/tr>\n<tr class=\"row-37 odd\">\n\t<td class=\"column-1\">Themify ThemeMin WordPress Theme<\/td><td class=\"column-2\">7.5.7<\/td><td class=\"column-3\"><a class=\"download-link\" title=\"\u0130ndir &ldquo;Themify ThemeMin WordPress Theme&rdquo;&nbsp;Versiyon 7.5.7\" href=\"https:\/\/wpdepo.com\/tr\/\/download\/3991\/\" rel=\"nofollow\">\n\t\u0130ndir<\/a><\/td><td class=\"column-4\">2 Nisan 2026<\/td><td class=\"column-5\"><a href=\"https:\/\/themify.me\/themes\/thememin\" target=\"_blank\" rel=\"noopener\">Tema Sayfas\u0131<\/a><\/td>\n<\/tr>\n<tr class=\"row-38 even\">\n\t<td class=\"column-1\">Themify Tisa WordPress Theme<\/td><td class=\"column-2\">7.5.7<\/td><td class=\"column-3\"><a class=\"download-link\" title=\"\u0130ndir &ldquo;Themify Tisa WordPress Theme&rdquo;&nbsp;Versiyon 7.5.7\" href=\"https:\/\/wpdepo.com\/tr\/\/download\/3993\/\" rel=\"nofollow\">\n\t\u0130ndir<\/a><\/td><td class=\"column-4\">2 Nisan 2026<\/td><td class=\"column-5\"><a href=\"https:\/\/themify.me\/themes\/tisa\" target=\"_blank\" rel=\"noopener\">Tema Sayfas\u0131<\/a><\/td>\n<\/tr>\n<tr class=\"row-39 odd\">\n\t<td class=\"column-1\">Themify Ultra WordPress Theme<\/td><td class=\"column-2\">8.1.0<\/td><td class=\"column-3\"><a class=\"download-link\" title=\"\u0130ndir &ldquo;Themify Ultra WordPress Theme&rdquo;&nbsp;Versiyon 8.1.0\" href=\"https:\/\/wpdepo.com\/tr\/\/download\/3995\/\" rel=\"nofollow\">\n\t\u0130ndir<\/a><\/td><td class=\"column-4\">27 \u015eubat 2026<\/td><td class=\"column-5\"><a href=\"https:\/\/themify.me\/themes\/ultra\" target=\"_blank\" rel=\"noopener\">Tema Sayfas\u0131<\/a><\/td>\n<\/tr>\n<tr class=\"row-40 even\">\n\t<td class=\"column-1\">Themify Wumblr WordPress Theme<\/td><td class=\"column-2\">7.5.7<\/td><td class=\"column-3\"><a class=\"download-link\" title=\"\u0130ndir &ldquo;Themify Wumblr WordPress Theme&rdquo;&nbsp;Versiyon 7.5.7\" href=\"https:\/\/wpdepo.com\/tr\/\/download\/3997\/\" rel=\"nofollow\">\n\t\u0130ndir<\/a><\/td><td class=\"column-4\">2 Nisan 2026<\/td><td class=\"column-5\"><a href=\"https:\/\/themify.me\/themes\/wumblr\" target=\"_blank\" rel=\"noopener\">Tema Sayfas\u0131<\/a><\/td>\n<\/tr>\n<\/tbody>\n<\/table>\n\r\n\r\n\t\t<\/div>\n\t\t\t\t\t<\/div>\n\n\t\r\n\r\n<\/div>\r\n\r\n\t\t<\/div>\n\n\t\t\n<style>\n#section_1715640367 {\n  padding-top: 30px;\n  padding-bottom: 30px;\n}\n<\/style>\n\t<\/section>\n\t","protected":false},"excerpt":{"rendered":"","protected":false},"author":1,"featured_media":0,"parent":0,"menu_order":0,"comment_status":"closed","ping_status":"closed","template":"page-blank.php","meta":{"footnotes":""},"class_list":["post-3999","page","type-page","status-publish","hentry"],"_links":{"self":[{"href":"https:\/\/wpdepo.com\/tr\/wp-json\/wp\/v2\/pages\/3999","targetHints":{"allow":["GET"]}}],"collection":[{"href":"https:\/\/wpdepo.com\/tr\/wp-json\/wp\/v2\/pages"}],"about":[{"href":"https:\/\/wpdepo.com\/tr\/wp-json\/wp\/v2\/types\/page"}],"author":[{"embeddable":true,"href":"https:\/\/wpdepo.com\/tr\/wp-json\/wp\/v2\/users\/1"}],"replies":[{"embeddable":true,"href":"https:\/\/wpdepo.com\/tr\/wp-json\/wp\/v2\/comments?post=3999"}],"version-history":[{"count":0,"href":"https:\/\/wpdepo.com\/tr\/wp-json\/wp\/v2\/pages\/3999\/revisions"}],"wp:attachment":[{"href":"https:\/\/wpdepo.com\/tr\/wp-json\/wp\/v2\/media?parent=3999"}],"curies":[{"name":"wp","href":"https:\/\/api.w.org\/{rel}","templated":true}]}}