{"id":383,"date":"2017-05-29T14:55:16","date_gmt":"2017-05-29T11:55:16","guid":{"rendered":"https:\/\/wpdepo.com\/?page_id=383"},"modified":"2018-09-03T20:46:58","modified_gmt":"2018-09-03T17:46:58","slug":"wp-multi-lingual-wpml-eklentileri","status":"publish","type":"page","link":"https:\/\/wpdepo.com\/tr\/wp-multi-lingual-wpml-eklentileri\/","title":{"rendered":"WP Multi-Lingual (WPML) Eklentileri"},"content":{"rendered":"\n\t<section class=\"section\" id=\"section_1255427250\">\n\t\t<div class=\"section-bg fill\" >\n\t\t\t\t\t\t\t\t\t\n\t\t\t\n\n\t\t<\/div>\n\n\t\t\n\n\t\t<div class=\"section-content relative\">\n\t\t\t\r\n\r\n<div class=\"row\"  id=\"row-742560178\">\r\n\r\n\n\t<div id=\"col-347874648\" class=\"col small-12 large-12\"  >\n\t\t\t\t<div class=\"col-inner text-left\"  >\n\t\t\t\n\t\t\t\r\n\r\n<h2 style=\"text-align: center;\">WP Multi-Lingual (WPML)<\/h2>\r\n<p>WordPress Multi-Lingual (WPML) eklentisi, web sitenizi terc\u00fcme etmeyi veya ba\u015fka dillerde yay\u0131n yapmay\u0131 d\u00fc\u015f\u00fcn\u00fcyorsan\u0131z en iyi se\u00e7imlerden biridir. WPML eklentisinin benzer i\u015fi yapan di\u011fer \u00fccretsiz ve \u00fccretli eklentilerle kar\u015f\u0131la\u015ft\u0131rmas\u0131na <a href=\"https:\/\/wpml.org\/home\/comparing-wpml-free-paid-alternatives\/\" target=\"_blank\" rel=\"noopener\">buradan<\/a> eri\u015febilirsiniz.<\/p>\r\n<p>WPML, bir \u00e7ekirdek eklenti ve eklerden olu\u015fmaktad\u0131r. \u00c7ekirdek WPML Multilingual CMS her zaman gereklidir. Ek eklentilerle daha fazla i\u015flevsellik kazanabilir, WooCommerce gibi eklentilerle entegrasyon sa\u011flayabilirsiniz.<\/p>\r\n\r\n\t\t<\/div>\n\t\t\t\t\t<\/div>\n\n\t\r\n\r\n<\/div>\r\n\r\n\t\t<\/div>\n\n\t\t\n<style>\n#section_1255427250 {\n  padding-top: 0px;\n  padding-bottom: 0px;\n  background-color: rgb(245, 245, 245);\n}\n<\/style>\n\t<\/section>\n\t\r\n\n\t<section class=\"section\" id=\"section_696058127\">\n\t\t<div class=\"section-bg fill\" >\n\t\t\t\t\t\t\t\t\t\n\t\t\t\n\n\t\t<\/div>\n\n\t\t\n\n\t\t<div class=\"section-content relative\">\n\t\t\t\r\n\r\n<div class=\"row\"  id=\"row-791543977\">\r\n\r\n\n\t<div id=\"col-1872108417\" class=\"col small-12 large-12\"  >\n\t\t\t\t<div class=\"col-inner text-left\"  >\n\t\t\t\n\t\t\t\r\n\r\n\n<table id=\"tablepress-4\" class=\"tablepress tablepress-id-4\">\n<thead>\n<tr class=\"row-1 odd\">\n\t<th class=\"column-1\">Eklenti Ad\u0131<\/th><th class=\"column-2\">Versiyon<\/th><th class=\"column-3\">\u0130ndir<\/th><th class=\"column-4\">G\u00fcncelleme<\/th><th class=\"column-5\">Bilgi<\/th>\n<\/tr>\n<\/thead>\n<tbody class=\"row-hover\">\n<tr class=\"row-2 even\">\n\t<td class=\"column-1\">WPML Multilingual CMS WordPress Plugin<\/td><td class=\"column-2\">4.9.2<\/td><td class=\"column-3\"><a class=\"download-link\" title=\"\u0130ndir &ldquo;WPML Multilingual CMS WordPress Plugin&rdquo;&nbsp;Versiyon 4.9.2\" href=\"https:\/\/wpdepo.com\/tr\/\/download\/389\/\" rel=\"nofollow\">\n\t\u0130ndir<\/a><\/td><td class=\"column-4\">26 Mart 2026<\/td><td class=\"column-5\"><a href=\"https:\/\/wpml.org\/\" target=\"_blank\" rel=\"noopener noreferrer\">Eklenti Sayfas\u0131<\/a><\/td>\n<\/tr>\n<tr class=\"row-3 odd\">\n\t<td class=\"column-1\">WPML Advanced Custom Fields Multilingual Add-on<\/td><td class=\"column-2\">2.2.3<\/td><td class=\"column-3\"><a class=\"download-link\" title=\"\u0130ndir &ldquo;WPML Advanced Custom Fields Multilingual Add-on&rdquo;&nbsp;Versiyon 2.2.3\" href=\"https:\/\/wpdepo.com\/tr\/\/download\/2552\/\" rel=\"nofollow\">\n\t\u0130ndir<\/a><\/td><td class=\"column-4\">7 Nisan 2026<\/td><td class=\"column-5\"><a href=\"https:\/\/wpml.org\/documentation\/related-projects\/translate-sites-built-with-acf\/\" target=\"_blank\" rel=\"noopener noreferrer\">Eklenti Sayfas\u0131<\/a><\/td>\n<\/tr>\n<tr class=\"row-4 even\">\n\t<td class=\"column-1\">WPML All Import Add-on<\/td><td class=\"column-2\">2.3.2<\/td><td class=\"column-3\"><a class=\"download-link\" title=\"\u0130ndir &ldquo;WPML All Import Add-on&rdquo;&nbsp;Versiyon 2.3.2\" href=\"https:\/\/wpdepo.com\/tr\/\/download\/2555\/\" rel=\"nofollow\">\n\t\u0130ndir<\/a><\/td><td class=\"column-4\">2 Eyl\u00fcl 2025<\/td><td class=\"column-5\"><a href=\"https:\/\/wpml.org\/documentation\/related-projects\/wpml-all-import-plugin-website-import-with-wpml\/\" target=\"_blank\" rel=\"noopener noreferrer\">Eklenti Sayfas\u0131<\/a><\/td>\n<\/tr>\n<tr class=\"row-5 odd\">\n\t<td class=\"column-1\">WPML BuddyPress Multilingual Add-on<\/td><td class=\"column-2\">1.9.2<\/td><td class=\"column-3\"><a class=\"download-link\" title=\"\u0130ndir &ldquo;WPML BuddyPress Multilingual Add-on&rdquo;&nbsp;Versiyon 1.9.2\" href=\"https:\/\/wpdepo.com\/tr\/\/download\/60759\/\" rel=\"nofollow\">\n\t\u0130ndir<\/a><\/td><td class=\"column-4\">10 \u015eubat 2026<\/td><td class=\"column-5\"><a href=\"https:\/\/wpml.org\/documentation\/related-projects\/buddypress-multilingual\/\" target=\"_blank\" rel=\"noopener noreferrer\">Eklenti Sayfas\u0131<\/a><\/td>\n<\/tr>\n<tr class=\"row-6 even\">\n\t<td class=\"column-1\">WPML CMS Navigation Add-on<\/td><td class=\"column-2\">1.5.6<\/td><td class=\"column-3\"><a class=\"download-link\" title=\"\u0130ndir &ldquo;WPML CMS Navigation Add-on&rdquo;&nbsp;Versiyon 1.5.6\" href=\"https:\/\/wpdepo.com\/tr\/\/download\/395\/\" rel=\"nofollow\">\n\t\u0130ndir<\/a><\/td><td class=\"column-4\">16 May\u0131s 2025<\/td><td class=\"column-5\"><a href=\"https:\/\/wpml.org\/documentation\/getting-started-guide\/site-navigation\/\" target=\"_blank\" rel=\"noopener noreferrer\">Eklenti Sayfas\u0131<\/a><\/td>\n<\/tr>\n<tr class=\"row-7 odd\">\n\t<td class=\"column-1\">WPML Contact Form 7 Multilingual Add-on<\/td><td class=\"column-2\">1.3.3<\/td><td class=\"column-3\"><a class=\"download-link\" title=\"\u0130ndir &ldquo;WPML Contact Form 7 Multilingual Add-on&rdquo;&nbsp;Versiyon 1.3.3\" href=\"https:\/\/wpdepo.com\/tr\/\/download\/20985\/\" rel=\"nofollow\">\n\t\u0130ndir<\/a><\/td><td class=\"column-4\">25 Ekim 2025<\/td><td class=\"column-5\"><a href=\"https:\/\/wpml.org\/documentation\/plugins-compatibility\/using-contact-form-7-with-wpml\/\" target=\"_blank\" rel=\"noopener noreferrer\">Eklenti Sayfas\u0131<\/a><\/td>\n<\/tr>\n<tr class=\"row-8 even\">\n\t<td class=\"column-1\">WPML Easy Digital Downloads Multilingual Add-on<\/td><td class=\"column-2\">1.2.2<\/td><td class=\"column-3\"><a class=\"download-link\" title=\"\u0130ndir &ldquo;WPML Easy Digital Downloads Multilingual Add-on&rdquo;&nbsp;Versiyon 1.2.2\" href=\"https:\/\/wpdepo.com\/tr\/\/download\/1908\/\" rel=\"nofollow\">\n\t\u0130ndir<\/a><\/td><td class=\"column-4\">9 Eyl\u00fcl 2016<\/td><td class=\"column-5\"><a href=\"https:\/\/wpml.org\/documentation\/related-projects\/easy-digital-downloads-multilingual\/\" target=\"_blank\" rel=\"noopener noreferrer\">Eklenti Sayfas\u0131<\/a><\/td>\n<\/tr>\n<tr class=\"row-9 odd\">\n\t<td class=\"column-1\">WPML ElasticPress Add-on<\/td><td class=\"column-2\">2.1.0<\/td><td class=\"column-3\"><a class=\"download-link\" title=\"\u0130ndir &ldquo;WPML ElasticPress Add-on&rdquo;&nbsp;Versiyon 2.1.0\" href=\"https:\/\/wpdepo.com\/tr\/\/download\/81155\/\" rel=\"nofollow\">\n\t\u0130ndir<\/a><\/td><td class=\"column-4\">2 Aral\u0131k 2025<\/td><td class=\"column-5\"><a href=\"https:\/\/wpml.org\/documentation\/related-projects\/using-elasticpress-on-your-multilingual-site\/\" target=\"_blank\" rel=\"noopener noreferrer\">Eklenti Sayfas\u0131<\/a><\/td>\n<\/tr>\n<tr class=\"row-10 even\">\n\t<td class=\"column-1\">WPML Export and Import Add-on<\/td><td class=\"column-2\">1.1.1<\/td><td class=\"column-3\"><a class=\"download-link\" title=\"\u0130ndir &ldquo;WPML Export and Import Add-on&rdquo;&nbsp;Versiyon 1.1.1\" href=\"https:\/\/wpdepo.com\/tr\/\/download\/83742\/\" rel=\"nofollow\">\n\t\u0130ndir<\/a><\/td><td class=\"column-4\">2 Aral\u0131k 2025<\/td><td class=\"column-5\"><a href=\"https:\/\/wpml.org\/documentation\/related-projects\/wpml-export-and-import\/\" target=\"_blank\" rel=\"noopener noreferrer\">Eklenti Sayfas\u0131<\/a><\/td>\n<\/tr>\n<tr class=\"row-11 odd\">\n\t<td class=\"column-1\">WPML GraphQL Add-on<\/td><td class=\"column-2\">1.1.3<\/td><td class=\"column-3\"><a class=\"download-link\" title=\"\u0130ndir &ldquo;WPML GraphQL Add-on&rdquo;&nbsp;Versiyon 1.1.3\" href=\"https:\/\/wpdepo.com\/tr\/\/download\/80223\/\" rel=\"nofollow\">\n\t\u0130ndir<\/a><\/td><td class=\"column-4\">20 \u015eubat 2025<\/td><td class=\"column-5\"><a href=\"https:\/\/wpml.org\/documentation\/related-projects\/wpml-graphql\/\" target=\"_blank\" rel=\"noopener noreferrer\">Eklenti Sayfas\u0131<\/a><\/td>\n<\/tr>\n<tr class=\"row-12 even\">\n\t<td class=\"column-1\">WPML Gravity Forms Multilingual Add-on<\/td><td class=\"column-2\">1.8.4<\/td><td class=\"column-3\"><a class=\"download-link\" title=\"\u0130ndir &ldquo;WPML Gravity Forms Multilingual Add-on&rdquo;&nbsp;Versiyon 1.8.4\" href=\"https:\/\/wpdepo.com\/tr\/\/download\/1905\/\" rel=\"nofollow\">\n\t\u0130ndir<\/a><\/td><td class=\"column-4\">7 Nisan 2026<\/td><td class=\"column-5\"><a href=\"https:\/\/wpml.org\/documentation\/related-projects\/gravity-forms-multilingual\/\" target=\"_blank\" rel=\"noopener noreferrer\">Eklenti Sayfas\u0131<\/a><\/td>\n<\/tr>\n<tr class=\"row-13 odd\">\n\t<td class=\"column-1\">WPML MailChimp for WordPress Multilingual Add-on<\/td><td class=\"column-2\">0.1.0<\/td><td class=\"column-3\"><a class=\"download-link\" title=\"\u0130ndir &ldquo;WPML MailChimp for WordPress Multilingual Add-on&rdquo;&nbsp;Versiyon 0.1.0\" href=\"https:\/\/wpdepo.com\/tr\/\/download\/8077\/\" rel=\"nofollow\">\n\t\u0130ndir<\/a><\/td><td class=\"column-4\">12 \u015eubat 2025<\/td><td class=\"column-5\"><a href=\"https:\/\/wpml.org\/documentation\/related-projects\/mailchimp-for-wordpress-multilingual\/\" target=\"_blank\" rel=\"noopener noreferrer\">Eklenti Sayfas\u0131<\/a><\/td>\n<\/tr>\n<tr class=\"row-14 even\">\n\t<td class=\"column-1\">WPML Media Translation Add-on<\/td><td class=\"column-2\">3.1.0<\/td><td class=\"column-3\"><a class=\"download-link\" title=\"\u0130ndir &ldquo;WPML Media Translation Add-on&rdquo;&nbsp;Versiyon 3.1.0\" href=\"https:\/\/wpdepo.com\/tr\/\/download\/867\/\" rel=\"nofollow\">\n\t\u0130ndir<\/a><\/td><td class=\"column-4\">10 \u015eubat 2026<\/td><td class=\"column-5\"><a href=\"https:\/\/wpml.org\/documentation\/getting-started-guide\/media-translation\/\" target=\"_blank\" rel=\"noopener noreferrer\">Eklenti Sayfas\u0131<\/a><\/td>\n<\/tr>\n<tr class=\"row-15 odd\">\n\t<td class=\"column-1\">WPML Ninja Forms Multilingual Add-on<\/td><td class=\"column-2\">0.5.0<\/td><td class=\"column-3\"><a class=\"download-link\" title=\"\u0130ndir &ldquo;WPML Ninja Forms Multilingual Add-on&rdquo;&nbsp;Versiyon 0.5.0\" href=\"https:\/\/wpdepo.com\/tr\/\/download\/44712\/\" rel=\"nofollow\">\n\t\u0130ndir<\/a><\/td><td class=\"column-4\">7 Nisan 2026<\/td><td class=\"column-5\"><a href=\"https:\/\/wpml.org\/documentation\/related-projects\/creating-multilingual-forms-using-ninja-forms-and-wpml\/?utm_source=wpmlplugin&amp;utm_campaign=forms-plugin&amp;utm_medium=plugin&amp;utm_term=forms\" target=\"_blank\" rel=\"noopener noreferrer\">Eklenti Sayfas\u0131<\/a><\/td>\n<\/tr>\n<tr class=\"row-16 even\">\n\t<td class=\"column-1\">WPML SEO Add-on<\/td><td class=\"column-2\">2.2.5<\/td><td class=\"column-3\"><a class=\"download-link\" title=\"\u0130ndir &ldquo;WPML SEO Add-on&rdquo;&nbsp;Versiyon 2.2.5\" href=\"https:\/\/wpdepo.com\/tr\/\/download\/24158\/\" rel=\"nofollow\">\n\t\u0130ndir<\/a><\/td><td class=\"column-4\">31 Mart 2026<\/td><td class=\"column-5\"><a href=\"https:\/\/wpml.org\/documentation\/plugins-compatibility\/using-wordpress-seo-with-wpml\/\" target=\"_blank\" rel=\"noopener noreferrer\">Eklenti Sayfas\u0131<\/a><\/td>\n<\/tr>\n<tr class=\"row-17 odd\">\n\t<td class=\"column-1\">WPML Sticky Links Add-on<\/td><td class=\"column-2\">1.5.5<\/td><td class=\"column-3\"><a class=\"download-link\" title=\"\u0130ndir &ldquo;WPML Sticky Links Add-on&rdquo;&nbsp;Versiyon 1.5.5\" href=\"https:\/\/wpdepo.com\/tr\/\/download\/397\/\" rel=\"nofollow\">\n\t\u0130ndir<\/a><\/td><td class=\"column-4\">16 May\u0131s 2025<\/td><td class=\"column-5\"><a href=\"https:\/\/wpml.org\/documentation\/getting-started-guide\/sticky-links\/\" target=\"_blank\" rel=\"noopener noreferrer\">Eklenti Sayfas\u0131<\/a><\/td>\n<\/tr>\n<tr class=\"row-18 even\">\n\t<td class=\"column-1\">WPML String Translation Add-on<\/td><td class=\"column-2\">3.5.1<\/td><td class=\"column-3\"><a class=\"download-link\" title=\"\u0130ndir &ldquo;WPML String Translation Add-on&rdquo;&nbsp;Versiyon 3.5.1\" href=\"https:\/\/wpdepo.com\/tr\/\/download\/399\/\" rel=\"nofollow\">\n\t\u0130ndir<\/a><\/td><td class=\"column-4\">26 \u015eubat 2026<\/td><td class=\"column-5\"><a href=\"https:\/\/wpml.org\/documentation\/getting-started-guide\/string-translation\/\" target=\"_blank\" rel=\"noopener noreferrer\">Eklenti Sayfas\u0131<\/a><\/td>\n<\/tr>\n<tr class=\"row-19 odd\">\n\t<td class=\"column-1\">WPML Translation Management Add-on<\/td><td class=\"column-2\">2.10.8<\/td><td class=\"column-3\"><a class=\"download-link\" title=\"\u0130ndir &ldquo;WPML Translation Management Add-on&rdquo;&nbsp;Versiyon 2.10.8\" href=\"https:\/\/wpdepo.com\/tr\/\/download\/869\/\" rel=\"nofollow\">\n\t\u0130ndir<\/a><\/td><td class=\"column-4\">20 A\u011fustos 2021<\/td><td class=\"column-5\"><a href=\"https:\/\/wpml.org\/documentation\/translating-your-contents\/using-the-translation-editor\/\" target=\"_blank\" rel=\"noopener noreferrer\">Eklenti Sayfas\u0131<\/a><\/td>\n<\/tr>\n<tr class=\"row-20 even\">\n\t<td class=\"column-1\">WPML WooCommerce Gateways Country Limiter Add-on<\/td><td class=\"column-2\">1.4<\/td><td class=\"column-3\"><a class=\"download-link\" title=\"\u0130ndir &ldquo;WPML WooCommerce Gateways Country Limiter Add-on&rdquo;&nbsp;Versiyon 1.4\" href=\"https:\/\/wpdepo.com\/tr\/\/download\/393\/\" rel=\"nofollow\">\n\t\u0130ndir<\/a><\/td><td class=\"column-4\">4 Temmuz 2016<\/td><td class=\"column-5\"><a href=\"https:\/\/wpml.org\/documentation\/related-projects\/woocommerce-gateways-country-limiter\/\" target=\"_blank\" rel=\"noopener noreferrer\">Eklenti Sayfas\u0131<\/a><\/td>\n<\/tr>\n<tr class=\"row-21 odd\">\n\t<td class=\"column-1\">WPML WooCommerce Multilingual Add-on<\/td><td class=\"column-2\">5.5.5<\/td><td class=\"column-3\"><a class=\"download-link\" title=\"\u0130ndir &ldquo;WPML WooCommerce Multilingual Add-on&rdquo;&nbsp;Versiyon 5.5.5\" href=\"https:\/\/wpdepo.com\/tr\/\/download\/391\/\" rel=\"nofollow\">\n\t\u0130ndir<\/a><\/td><td class=\"column-4\">26 Mart 2026<\/td><td class=\"column-5\"><a href=\"https:\/\/wpml.org\/documentation\/related-projects\/woocommerce-multilingual\/\" target=\"_blank\" rel=\"noopener noreferrer\">Eklenti Sayfas\u0131<\/a><\/td>\n<\/tr>\n<tr class=\"row-22 even\">\n\t<td class=\"column-1\">WPML WPForms Multilingual Add-on<\/td><td class=\"column-2\">0.5.0<\/td><td class=\"column-3\"><a class=\"download-link\" title=\"\u0130ndir &ldquo;WPML WPForms Multilingual Add-on&rdquo;&nbsp;Versiyon 0.5.0\" href=\"https:\/\/wpdepo.com\/tr\/\/download\/44714\/\" rel=\"nofollow\">\n\t\u0130ndir<\/a><\/td><td class=\"column-4\">7 Nisan 2026<\/td><td class=\"column-5\"><a href=\"https:\/\/wpml.org\/documentation\/related-projects\/creating-multilingual-forms-using-wpforms-and-wpml\/?utm_source=wpmlplugin&amp;utm_campaign=forms-plugin&amp;utm_medium=plugin&amp;utm_term=forms\" target=\"_blank\" rel=\"noopener noreferrer\">Eklenti Sayfas\u0131<\/a><\/td>\n<\/tr>\n<\/tbody>\n<\/table>\n\r\n\r\n\t\t<\/div>\n\t\t\t\t\t<\/div>\n\n\t\r\n\r\n<\/div>\r\n\r\n\t\t<\/div>\n\n\t\t\n<style>\n#section_696058127 {\n  padding-top: 30px;\n  padding-bottom: 30px;\n}\n<\/style>\n\t<\/section>\n\t","protected":false},"excerpt":{"rendered":"","protected":false},"author":1,"featured_media":0,"parent":0,"menu_order":0,"comment_status":"closed","ping_status":"closed","template":"page-blank.php","meta":{"footnotes":""},"class_list":["post-383","page","type-page","status-publish","hentry"],"_links":{"self":[{"href":"https:\/\/wpdepo.com\/tr\/wp-json\/wp\/v2\/pages\/383","targetHints":{"allow":["GET"]}}],"collection":[{"href":"https:\/\/wpdepo.com\/tr\/wp-json\/wp\/v2\/pages"}],"about":[{"href":"https:\/\/wpdepo.com\/tr\/wp-json\/wp\/v2\/types\/page"}],"author":[{"embeddable":true,"href":"https:\/\/wpdepo.com\/tr\/wp-json\/wp\/v2\/users\/1"}],"replies":[{"embeddable":true,"href":"https:\/\/wpdepo.com\/tr\/wp-json\/wp\/v2\/comments?post=383"}],"version-history":[{"count":0,"href":"https:\/\/wpdepo.com\/tr\/wp-json\/wp\/v2\/pages\/383\/revisions"}],"wp:attachment":[{"href":"https:\/\/wpdepo.com\/tr\/wp-json\/wp\/v2\/media?parent=383"}],"curies":[{"name":"wp","href":"https:\/\/api.w.org\/{rel}","templated":true}]}}