{"id":3567,"date":"2017-10-03T12:55:02","date_gmt":"2017-10-03T09:55:02","guid":{"rendered":"https:\/\/wpdepo.com\/?page_id=3567"},"modified":"2018-09-03T20:46:55","modified_gmt":"2018-09-03T17:46:55","slug":"mythemeshop-eklentileri","status":"publish","type":"page","link":"https:\/\/wpdepo.com\/tr\/mythemeshop-eklentileri\/","title":{"rendered":"MyThemeShop Eklentileri"},"content":{"rendered":"\n\t<section class=\"section\" id=\"section_1716279904\">\n\t\t<div class=\"section-bg fill\" >\n\t\t\t\t\t\t\t\t\t\n\t\t\t\n\n\t\t<\/div>\n\n\t\t\n\n\t\t<div class=\"section-content relative\">\n\t\t\t\r\n\r\n<div class=\"row\"  id=\"row-100518306\">\r\n\r\n\n\t<div id=\"col-1246235668\" class=\"col small-12 large-12\"  >\n\t\t\t\t<div class=\"col-inner text-left\"  >\n\t\t\t\n\t\t\t\r\n\r\n<h2 style=\"text-align: center;\">MyThemeShop Eklentileri<\/h2>\r\n<p>MyThemeShop (MTS) ilgin\u00e7 bir eklenti paketi sunmaktad\u0131r. \u00dcr\u00fcn a\u00e7\u0131klamalar\u0131 ve demolara ilgili eklenti sayfalar\u0131ndan eri\u015febilirsiniz.<\/p>\r\n\t\t<\/div>\n\t\t\t\t\t<\/div>\n\n\t\r\n\r\n<\/div>\r\n\r\n\t\t<\/div>\n\n\t\t\n<style>\n#section_1716279904 {\n  padding-top: 0px;\n  padding-bottom: 0px;\n  background-color: rgb(245, 245, 245);\n}\n<\/style>\n\t<\/section>\n\t\r\n\n\t<section class=\"section\" id=\"section_1113968638\">\n\t\t<div class=\"section-bg fill\" >\n\t\t\t\t\t\t\t\t\t\n\t\t\t\n\n\t\t<\/div>\n\n\t\t\n\n\t\t<div class=\"section-content relative\">\n\t\t\t\r\n\r\n<div class=\"row\"  id=\"row-1245820377\">\r\n\r\n\n\t<div id=\"col-864089028\" class=\"col small-12 large-12\"  >\n\t\t\t\t<div class=\"col-inner text-left\"  >\n\t\t\t\n\t\t\t\r\n\r\n\n<table id=\"tablepress-46\" class=\"tablepress tablepress-id-46\">\n<thead>\n<tr class=\"row-1 odd\">\n\t<th class=\"column-1\">Eklenti Ad\u0131<\/th><th class=\"column-2\">Versiyon<\/th><th class=\"column-3\">\u0130ndir<\/th><th class=\"column-4\">G\u00fcncelleme<\/th><th class=\"column-5\">Bilgi<\/th>\n<\/tr>\n<\/thead>\n<tbody class=\"row-hover\">\n<tr class=\"row-2 even\">\n\t<td class=\"column-1\">MyThemeShop Content Locker - Pro<\/td><td class=\"column-2\">1.0.16<\/td><td class=\"column-3\"><a class=\"download-link\" title=\"\u0130ndir &ldquo;MyThemeShop Content Locker - Pro&rdquo;&nbsp;Versiyon 1.0.16\" href=\"https:\/\/wpdepo.com\/tr\/\/download\/3541\/\" rel=\"nofollow\">\n\t\u0130ndir<\/a><\/td><td class=\"column-4\">19 Eyl\u00fcl 2018<\/td><td class=\"column-5\"><a href=\"https:\/\/mythemeshop.com\/plugins\/content-locker-pro\/\" target=\"_blank\" rel=\"noopener\">Eklenti Sayfas\u0131<\/a><\/td>\n<\/tr>\n<tr class=\"row-3 odd\">\n\t<td class=\"column-1\">MyThemeShop URL Shortener Pro<\/td><td class=\"column-2\">1.0.16<\/td><td class=\"column-3\"><a class=\"download-link\" title=\"\u0130ndir &ldquo;MyThemeShop URL Shortener Pro&rdquo;&nbsp;Versiyon 1.0.16\" href=\"https:\/\/wpdepo.com\/tr\/\/download\/3543\/\" rel=\"nofollow\">\n\t\u0130ndir<\/a><\/td><td class=\"column-4\">1 Aral\u0131k 2021<\/td><td class=\"column-5\"><a href=\"https:\/\/mythemeshop.com\/plugins\/url-shortener-pro\/\" target=\"_blank\" rel=\"noopener\">Eklenti Sayfas\u0131<\/a><\/td>\n<\/tr>\n<tr class=\"row-4 even\">\n\t<td class=\"column-1\">MyThemeShop My WP Backup Pro<\/td><td class=\"column-2\">1.3.13<\/td><td class=\"column-3\"><a class=\"download-link\" title=\"\u0130ndir &ldquo;MyThemeShop My WP Backup Pro&rdquo;&nbsp;Versiyon 1.3.13\" href=\"https:\/\/wpdepo.com\/tr\/\/download\/3547\/\" rel=\"nofollow\">\n\t\u0130ndir<\/a><\/td><td class=\"column-4\">15 Kas\u0131m 2019<\/td><td class=\"column-5\"><a href=\"https:\/\/mythemeshop.com\/plugins\/my-wp-backup-pro\/\" target=\"_blank\" rel=\"noopener\">Eklenti Sayfas\u0131<\/a><\/td>\n<\/tr>\n<tr class=\"row-5 odd\">\n\t<td class=\"column-1\">MyThemeShop My WP Mega Menu<\/td><td class=\"column-2\">1.1.11<\/td><td class=\"column-3\"><a class=\"download-link\" title=\"\u0130ndir &ldquo;MyThemeShop My WP Mega Menu&rdquo;&nbsp;Versiyon 1.1.11\" href=\"https:\/\/wpdepo.com\/tr\/\/download\/3556\/\" rel=\"nofollow\">\n\t\u0130ndir<\/a><\/td><td class=\"column-4\">16 Nisan 2018<\/td><td class=\"column-5\"><a href=\"https:\/\/mythemeshop.com\/plugins\/wp-mega-menu\/\" target=\"_blank\" rel=\"noopener\">Eklenti Sayfas\u0131<\/a><\/td>\n<\/tr>\n<tr class=\"row-6 even\">\n\t<td class=\"column-1\">MyThemeShop WooCommerce Checkout Field Modifier<\/td><td class=\"column-2\">1.0.2<\/td><td class=\"column-3\"><a class=\"download-link\" title=\"\u0130ndir &ldquo;MyThemeShop WooCommerce Checkout Field Modifier&rdquo;&nbsp;Versiyon 1.0.2\" href=\"https:\/\/wpdepo.com\/tr\/\/download\/3545\/\" rel=\"nofollow\">\n\t\u0130ndir<\/a><\/td><td class=\"column-4\">11 Nisan 2018<\/td><td class=\"column-5\"><a href=\"https:\/\/mythemeshop.com\/plugins\/woocommerce-checkout-field-modifier\/\" target=\"_blank\" rel=\"noopener\">Eklenti Sayfas\u0131<\/a><\/td>\n<\/tr>\n<tr class=\"row-7 odd\">\n\t<td class=\"column-1\">MyThemeShop WooCommerce Products Already Added To Cart Or Purchased<\/td><td class=\"column-2\">1.0.2<\/td><td class=\"column-3\"><a class=\"download-link\" title=\"\u0130ndir &ldquo;MyThemeShop WooCommerce Products Already Added To Cart Or Purchased&rdquo;&nbsp;Versiyon 1.0.2\" href=\"https:\/\/wpdepo.com\/tr\/\/download\/3538\/\" rel=\"nofollow\">\n\t\u0130ndir<\/a><\/td><td class=\"column-4\">18 Ocak 2019<\/td><td class=\"column-5\"><a href=\"https:\/\/mythemeshop.com\/plugins\/woocommerce-products-already-added-to-cart-or-purchased\/\" target=\"_blank\" rel=\"noopener\">Eklenti Sayfas\u0131<\/a><\/td>\n<\/tr>\n<tr class=\"row-8 even\">\n\t<td class=\"column-1\">MyThemeShop WP Contact Widget<\/td><td class=\"column-2\">1.0.3<\/td><td class=\"column-3\"><a class=\"download-link\" title=\"\u0130ndir &ldquo;MyThemeShop WP Contact Widget&rdquo;&nbsp;Versiyon 1.0.3\" href=\"https:\/\/wpdepo.com\/tr\/\/download\/3549\/\" rel=\"nofollow\">\n\t\u0130ndir<\/a><\/td><td class=\"column-4\">8 May\u0131s 2018<\/td><td class=\"column-5\"><a href=\"https:\/\/mythemeshop.com\/plugins\/wp-contact-widget\/\" target=\"_blank\" rel=\"noopener\">Eklenti Sayfas\u0131<\/a><\/td>\n<\/tr>\n<tr class=\"row-9 odd\">\n\t<td class=\"column-1\">MyThemeShop WP Google Translate<\/td><td class=\"column-2\">1.0.7<\/td><td class=\"column-3\"><a class=\"download-link\" title=\"\u0130ndir &ldquo;MyThemeShop WP Google Translate&rdquo;&nbsp;Versiyon 1.0.7\" href=\"https:\/\/wpdepo.com\/tr\/\/download\/3552\/\" rel=\"nofollow\">\n\t\u0130ndir<\/a><\/td><td class=\"column-4\">6 Nisan 2018<\/td><td class=\"column-5\"><a href=\"https:\/\/mythemeshop.com\/plugins\/wp-google-translate\/\" target=\"_blank\" rel=\"noopener\">Eklenti Sayfas\u0131<\/a><\/td>\n<\/tr>\n<tr class=\"row-10 even\">\n\t<td class=\"column-1\">MyThemeShop WP In Post Ads<\/td><td class=\"column-2\">1.2.3<\/td><td class=\"column-3\"><a class=\"download-link\" title=\"\u0130ndir &ldquo;MyThemeShop WP In Post Ads&rdquo;&nbsp;Versiyon 1.2.3\" href=\"https:\/\/wpdepo.com\/tr\/\/download\/3554\/\" rel=\"nofollow\">\n\t\u0130ndir<\/a><\/td><td class=\"column-4\">25 Eyl\u00fcl 2018<\/td><td class=\"column-5\"><a href=\"https:\/\/mythemeshop.com\/plugins\/wp-in-post-ads\/\" target=\"_blank\" rel=\"noopener\">Eklenti Sayfas\u0131<\/a><\/td>\n<\/tr>\n<tr class=\"row-11 odd\">\n\t<td class=\"column-1\">MyThemeShop WP Notification Bar Pro<\/td><td class=\"column-2\">1.2.0<\/td><td class=\"column-3\"><a class=\"download-link\" title=\"\u0130ndir &ldquo;MyThemeShop WP Notification Bar Pro&rdquo;&nbsp;Versiyon 1.2.0\" href=\"https:\/\/wpdepo.com\/tr\/\/download\/3559\/\" rel=\"nofollow\">\n\t\u0130ndir<\/a><\/td><td class=\"column-4\">27 Temmuz 2020<\/td><td class=\"column-5\"><a href=\"https:\/\/mythemeshop.com\/plugins\/wp-notification-bar\/\" target=\"_blank\" rel=\"noopener\">Eklenti Sayfas\u0131<\/a><\/td>\n<\/tr>\n<tr class=\"row-12 even\">\n\t<td class=\"column-1\">MyThemeShop WP Quiz Pro<\/td><td class=\"column-2\">2.1.11<\/td><td class=\"column-3\"><a class=\"download-link\" title=\"\u0130ndir &ldquo;MyThemeShop WP Quiz Pro&rdquo;&nbsp;Versiyon 2.1.11\" href=\"https:\/\/wpdepo.com\/tr\/\/download\/3561\/\" rel=\"nofollow\">\n\t\u0130ndir<\/a><\/td><td class=\"column-4\">7 Nisan 2022<\/td><td class=\"column-5\"><a href=\"https:\/\/mythemeshop.com\/plugins\/wp-quiz-pro\/\" target=\"_blank\" rel=\"noopener\">Eklenti Sayfas\u0131<\/a><\/td>\n<\/tr>\n<tr class=\"row-13 odd\">\n\t<td class=\"column-1\">MyThemeShop WP Real Estate Pro<\/td><td class=\"column-2\">1.1.25<\/td><td class=\"column-3\"><a class=\"download-link\" title=\"\u0130ndir &ldquo;MyThemeShop WP Real Estate Pro&rdquo;&nbsp;Versiyon 1.1.25\" href=\"https:\/\/wpdepo.com\/tr\/\/download\/5321\/\" rel=\"nofollow\">\n\t\u0130ndir<\/a><\/td><td class=\"column-4\">6 May\u0131s 2019<\/td><td class=\"column-5\"><a href=\"https:\/\/mythemeshop.com\/plugins\/wp-real-estate-pro\/\" target=\"_blank\" rel=\"noopener\">Eklenti Sayfas\u0131<\/a><\/td>\n<\/tr>\n<tr class=\"row-14 even\">\n\t<td class=\"column-1\">MyThemeShop WP Review Pro<\/td><td class=\"column-2\">3.4.11<\/td><td class=\"column-3\"><a class=\"download-link\" title=\"\u0130ndir &ldquo;MyThemeShop WP Review Pro&rdquo;&nbsp;Versiyon 3.4.11\" href=\"https:\/\/wpdepo.com\/tr\/\/download\/3563\/\" rel=\"nofollow\">\n\t\u0130ndir<\/a><\/td><td class=\"column-4\">27 Ekim 2020<\/td><td class=\"column-5\"><a href=\"https:\/\/mythemeshop.com\/plugins\/wp-review-pro\/\" target=\"_blank\" rel=\"noopener\">Eklenti Sayfas\u0131<\/a><\/td>\n<\/tr>\n<tr class=\"row-15 odd\">\n\t<td class=\"column-1\">MyThemeShop WP Shortcode Pro<\/td><td class=\"column-2\">1.1.5<\/td><td class=\"column-3\"><a class=\"download-link\" title=\"\u0130ndir &ldquo;MyThemeShop WP Shortcode Pro&rdquo;&nbsp;Versiyon 1.1.5\" href=\"https:\/\/wpdepo.com\/tr\/\/download\/12592\/\" rel=\"nofollow\">\n\t\u0130ndir<\/a><\/td><td class=\"column-4\">16 Aral\u0131k 2019<\/td><td class=\"column-5\"><a href=\"https:\/\/mythemeshop.com\/plugins\/wp-shortcode-pro\/\" target=\"_blank\" rel=\"noopener\">Eklenti Sayfas\u0131<\/a><\/td>\n<\/tr>\n<tr class=\"row-16 even\">\n\t<td class=\"column-1\">MyThemeShop WP Subscribe Pro<\/td><td class=\"column-2\">1.6.0<\/td><td class=\"column-3\"><a class=\"download-link\" title=\"\u0130ndir &ldquo;MyThemeShop WP Subscribe Pro&rdquo;&nbsp;Versiyon 1.6.0\" href=\"https:\/\/wpdepo.com\/tr\/\/download\/3597\/\" rel=\"nofollow\">\n\t\u0130ndir<\/a><\/td><td class=\"column-4\">9 Nisan 2019<\/td><td class=\"column-5\"><a href=\"https:\/\/mythemeshop.com\/plugins\/wp-subscribe-pro\/\" target=\"_blank\" rel=\"noopener\">Eklenti Sayfas\u0131<\/a><\/td>\n<\/tr>\n<tr class=\"row-17 odd\">\n\t<td class=\"column-1\">MyThemeShop WP Tab Widget Pro<\/td><td class=\"column-2\">1.0.7<\/td><td class=\"column-3\"><a class=\"download-link\" title=\"\u0130ndir &ldquo;MyThemeShop WP Tab Widget Pro&rdquo;&nbsp;Versiyon 1.0.7\" href=\"https:\/\/wpdepo.com\/tr\/\/download\/3599\/\" rel=\"nofollow\">\n\t\u0130ndir<\/a><\/td><td class=\"column-4\">15 Nisan 2018<\/td><td class=\"column-5\"><a href=\"https:\/\/mythemeshop.com\/plugins\/wp-tab-widget-pro\/\" target=\"_blank\" rel=\"noopener\">Eklenti Sayfas\u0131<\/a><\/td>\n<\/tr>\n<tr class=\"row-18 even\">\n\t<td class=\"column-1\">MyThemeShop WP Testimonials<\/td><td class=\"column-2\">1.0.9<\/td><td class=\"column-3\"><a class=\"download-link\" title=\"\u0130ndir &ldquo;MyThemeShop WP Testimonials&rdquo;&nbsp;Versiyon 1.0.9\" href=\"https:\/\/wpdepo.com\/tr\/\/download\/3601\/\" rel=\"nofollow\">\n\t\u0130ndir<\/a><\/td><td class=\"column-4\">14 Aral\u0131k 2019<\/td><td class=\"column-5\"><a href=\"https:\/\/mythemeshop.com\/plugins\/wp-testimonials\/\" target=\"_blank\" rel=\"noopener\">Eklenti Sayfas\u0131<\/a><\/td>\n<\/tr>\n<tr class=\"row-19 odd\">\n\t<td class=\"column-1\">MyThemeShop WP Time To Read<\/td><td class=\"column-2\">1.0.2<\/td><td class=\"column-3\"><a class=\"download-link\" title=\"\u0130ndir &ldquo;MyThemeShop WP Time To Read&rdquo;&nbsp;Versiyon 1.0.2\" href=\"https:\/\/wpdepo.com\/tr\/\/download\/3603\/\" rel=\"nofollow\">\n\t\u0130ndir<\/a><\/td><td class=\"column-4\">11 Eyl\u00fcl 2020<\/td><td class=\"column-5\"><a href=\"https:\/\/mythemeshop.com\/plugins\/wp-time-to-read\/\" target=\"_blank\" rel=\"noopener\">Eklenti Sayfas\u0131<\/a><\/td>\n<\/tr>\n<\/tbody>\n<\/table>\n\r\n\r\n\t\t<\/div>\n\t\t\t\t\t<\/div>\n\n\t\r\n\r\n<\/div>\r\n\r\n\t\t<\/div>\n\n\t\t\n<style>\n#section_1113968638 {\n  padding-top: 30px;\n  padding-bottom: 30px;\n}\n<\/style>\n\t<\/section>\n\t","protected":false},"excerpt":{"rendered":"","protected":false},"author":1,"featured_media":0,"parent":0,"menu_order":0,"comment_status":"closed","ping_status":"closed","template":"page-blank.php","meta":{"footnotes":""},"class_list":["post-3567","page","type-page","status-publish","hentry"],"_links":{"self":[{"href":"https:\/\/wpdepo.com\/tr\/wp-json\/wp\/v2\/pages\/3567","targetHints":{"allow":["GET"]}}],"collection":[{"href":"https:\/\/wpdepo.com\/tr\/wp-json\/wp\/v2\/pages"}],"about":[{"href":"https:\/\/wpdepo.com\/tr\/wp-json\/wp\/v2\/types\/page"}],"author":[{"embeddable":true,"href":"https:\/\/wpdepo.com\/tr\/wp-json\/wp\/v2\/users\/1"}],"replies":[{"embeddable":true,"href":"https:\/\/wpdepo.com\/tr\/wp-json\/wp\/v2\/comments?post=3567"}],"version-history":[{"count":0,"href":"https:\/\/wpdepo.com\/tr\/wp-json\/wp\/v2\/pages\/3567\/revisions"}],"wp:attachment":[{"href":"https:\/\/wpdepo.com\/tr\/wp-json\/wp\/v2\/media?parent=3567"}],"curies":[{"name":"wp","href":"https:\/\/api.w.org\/{rel}","templated":true}]}}