{"id":3508,"date":"2017-10-02T23:48:04","date_gmt":"2017-10-02T20:48:04","guid":{"rendered":"https:\/\/wpdepo.com\/?page_id=3508"},"modified":"2018-09-03T20:46:57","modified_gmt":"2018-09-03T17:46:57","slug":"themeisle-temalari","status":"publish","type":"page","link":"https:\/\/wpdepo.com\/tr\/themeisle-temalari\/","title":{"rendered":"ThemeIsle Temalar\u0131"},"content":{"rendered":"\n\t<section class=\"section\" id=\"section_386678552\">\n\t\t<div class=\"section-bg fill\" >\n\t\t\t\t\t\t\t\t\t\n\t\t\t\n\n\t\t<\/div>\n\n\t\t\n\n\t\t<div class=\"section-content relative\">\n\t\t\t\r\n\r\n<div class=\"row\"  id=\"row-1344404725\">\r\n\r\n\n\t<div id=\"col-741487655\" class=\"col small-12 large-12\"  >\n\t\t\t\t<div class=\"col-inner text-left\"  >\n\t\t\t\n\t\t\t\r\n\r\n<h2 style=\"text-align: center;\">ThemeIsle<\/h2>\r\n<p>WordPress deposu \u00fczerinden 100 binden fazla indirilen Zerif temas\u0131n\u0131n \u00fcreticisi ThemeIsle firmas\u0131n\u0131n \u00fccretli WordPress tema ar\u015fivini bu sayfadan indirebilirsiniz.<\/p>\r\n<p>ThemeIsle <a href=\"https:\/\/themeisle.com\/wordpress-themes\/free\/\" rel=\"noopener\" target=\"_blank\">\u00fccretsiz temalar\u0131na<\/a> ise tema \u00fcreticisinin sayfas\u0131ndan g\u00f6z atabilir, dilerseniz indirilebilirsiniz.<\/p>\r\n\r\n\t\t<\/div>\n\t\t\t\t\t<\/div>\n\n\t\r\n\r\n<\/div>\r\n\r\n\t\t<\/div>\n\n\t\t\n<style>\n#section_386678552 {\n  padding-top: 0px;\n  padding-bottom: 0px;\n  background-color: rgb(245, 245, 245);\n}\n<\/style>\n\t<\/section>\n\t\r\n\n\t<section class=\"section\" id=\"section_1335219319\">\n\t\t<div class=\"section-bg fill\" >\n\t\t\t\t\t\t\t\t\t\n\t\t\t\n\n\t\t<\/div>\n\n\t\t\n\n\t\t<div class=\"section-content relative\">\n\t\t\t\r\n\r\n<div class=\"row\"  id=\"row-1574686244\">\r\n\r\n\n\t<div id=\"col-884340047\" class=\"col small-12 large-12\"  >\n\t\t\t\t<div class=\"col-inner text-left\"  >\n\t\t\t\n\t\t\t\r\n\r\n\n<table id=\"tablepress-45\" class=\"tablepress tablepress-id-45\">\n<thead>\n<tr class=\"row-1 odd\">\n\t<th class=\"column-1\">Tema Ad\u0131<\/th><th class=\"column-2\">Versiyon<\/th><th class=\"column-3\">\u0130ndir<\/th><th class=\"column-4\">G\u00fcncelleme<\/th><th class=\"column-5\">Bilgi<\/th>\n<\/tr>\n<\/thead>\n<tbody class=\"row-hover\">\n<tr class=\"row-2 even\">\n\t<td class=\"column-1\">ThemeIsle Adrenaline WordPress Theme<\/td><td class=\"column-2\">2.1.1<\/td><td class=\"column-3\"><a class=\"download-link\" title=\"\u0130ndir &ldquo;ThemeIsle Adrenaline WordPress Theme&rdquo;&nbsp;Versiyon 2.1.1\" href=\"https:\/\/wpdepo.com\/tr\/\/download\/3462\/\" rel=\"nofollow\">\n\t\u0130ndir<\/a><\/td><td class=\"column-4\">20 Aral\u0131k 2024<\/td><td class=\"column-5\"><a href=\"https:\/\/themeisle.com\/themes\/adrenaline\/\" target=\"_blank\" rel=\"noopener\">Tema Sayfas\u0131<\/a><\/td>\n<\/tr>\n<tr class=\"row-3 odd\">\n\t<td class=\"column-1\">ThemeIsle Amadeus Pro WordPress Theme<\/td><td class=\"column-2\">1.6.1<\/td><td class=\"column-3\"><a class=\"download-link\" title=\"\u0130ndir &ldquo;ThemeIsle Amadeus Pro WordPress Theme&rdquo;&nbsp;Versiyon 1.6.1\" href=\"https:\/\/wpdepo.com\/tr\/\/download\/3464\/\" rel=\"nofollow\">\n\t\u0130ndir<\/a><\/td><td class=\"column-4\">17 Temmuz 2018<\/td><td class=\"column-5\"><a href=\"https:\/\/themeisle.com\/themes\/amadeus-pro\/\" target=\"_blank\" rel=\"noopener\">Tema Sayfas\u0131<\/a><\/td>\n<\/tr>\n<tr class=\"row-4 even\">\n\t<td class=\"column-1\">ThemeIsle Arkitek WordPress Theme<\/td><td class=\"column-2\">1.1.1<\/td><td class=\"column-3\"><a class=\"download-link\" title=\"\u0130ndir &ldquo;ThemeIsle Arkitek WordPress Theme&rdquo;&nbsp;Versiyon 1.1.1\" href=\"https:\/\/wpdepo.com\/tr\/\/download\/3466\/\" rel=\"nofollow\">\n\t\u0130ndir<\/a><\/td><td class=\"column-4\">11 May\u0131s 2018<\/td><td class=\"column-5\"><a href=\"https:\/\/themeisle.com\/themes\/arkitek\/\" target=\"_blank\" rel=\"noopener\">Tema Sayfas\u0131<\/a><\/td>\n<\/tr>\n<tr class=\"row-5 odd\">\n\t<td class=\"column-1\">ThemeIsle Belise WordPress Theme<\/td><td class=\"column-2\">1.0.16<\/td><td class=\"column-3\"><a class=\"download-link\" title=\"\u0130ndir &ldquo;ThemeIsle Belise WordPress Theme&rdquo;&nbsp;Versiyon 1.0.16\" href=\"https:\/\/wpdepo.com\/tr\/\/download\/3468\/\" rel=\"nofollow\">\n\t\u0130ndir<\/a><\/td><td class=\"column-4\">29 May\u0131s 2018<\/td><td class=\"column-5\"><a href=\"https:\/\/themeisle.com\/themes\/belise\/\" target=\"_blank\" rel=\"noopener\">Tema Sayfas\u0131<\/a><\/td>\n<\/tr>\n<tr class=\"row-6 even\">\n\t<td class=\"column-1\">ThemeIsle Bolts PT WordPress Theme<\/td><td class=\"column-2\">1.7.1<\/td><td class=\"column-3\"><a class=\"download-link\" title=\"\u0130ndir &ldquo;ThemeIsle Bolts PT WordPress Theme&rdquo;&nbsp;Versiyon 1.7.1\" href=\"https:\/\/wpdepo.com\/tr\/\/download\/3470\/\" rel=\"nofollow\">\n\t\u0130ndir<\/a><\/td><td class=\"column-4\">9 Ocak 2018<\/td><td class=\"column-5\"><a href=\"https:\/\/themeisle.com\/themes\/bolts\/\" target=\"_blank\" rel=\"noopener\">Tema Sayfas\u0131<\/a><\/td>\n<\/tr>\n<tr class=\"row-7 odd\">\n\t<td class=\"column-1\">ThemeIsle BookRev WordPress Theme<\/td><td class=\"column-2\">1.1.8<\/td><td class=\"column-3\"><a class=\"download-link\" title=\"\u0130ndir &ldquo;ThemeIsle BookRev WordPress Theme&rdquo;&nbsp;Versiyon 1.1.8\" href=\"https:\/\/wpdepo.com\/tr\/\/download\/3472\/\" rel=\"nofollow\">\n\t\u0130ndir<\/a><\/td><td class=\"column-4\">11 May\u0131s 2018<\/td><td class=\"column-5\"><a href=\"https:\/\/themeisle.com\/themes\/bookrev\/\" target=\"_blank\" rel=\"noopener\">Tema Sayfas\u0131<\/a><\/td>\n<\/tr>\n<tr class=\"row-8 even\">\n\t<td class=\"column-1\">ThemeIsle Capri Pro WordPress Theme<\/td><td class=\"column-2\">1.1.22<\/td><td class=\"column-3\"><a class=\"download-link\" title=\"\u0130ndir &ldquo;ThemeIsle Capri Pro WordPress Theme&rdquo;&nbsp;Versiyon 1.1.22\" href=\"https:\/\/wpdepo.com\/tr\/\/download\/3474\/\" rel=\"nofollow\">\n\t\u0130ndir<\/a><\/td><td class=\"column-4\">29 May\u0131s 2018<\/td><td class=\"column-5\"><a href=\"https:\/\/themeisle.com\/themes\/capri-pro\/\" target=\"_blank\" rel=\"noopener\">Tema Sayfas\u0131<\/a><\/td>\n<\/tr>\n<tr class=\"row-9 odd\">\n\t<td class=\"column-1\">ThemeIsle Caresland WordPress Theme<\/td><td class=\"column-2\">1.3<\/td><td class=\"column-3\"><a class=\"download-link\" title=\"\u0130ndir &ldquo;ThemeIsle Caresland WordPress Theme&rdquo;&nbsp;Versiyon 1.3\" href=\"https:\/\/wpdepo.com\/tr\/\/download\/3476\/\" rel=\"nofollow\">\n\t\u0130ndir<\/a><\/td><td class=\"column-4\">19 Haziran 2017<\/td><td class=\"column-5\"><a href=\"https:\/\/themeisle.com\/themes\/caresland-premium-kindergarten-wordpress-theme\/\" target=\"_blank\" rel=\"noopener\">Tema Sayfas\u0131<\/a><\/td>\n<\/tr>\n<tr class=\"row-10 even\">\n\t<td class=\"column-1\">ThemeIsle Constructzine WordPress Theme<\/td><td class=\"column-2\">1.1.12<\/td><td class=\"column-3\"><a class=\"download-link\" title=\"\u0130ndir &ldquo;ThemeIsle Constructzine WordPress Theme&rdquo;&nbsp;Versiyon 1.1.12\" href=\"https:\/\/wpdepo.com\/tr\/\/download\/3478\/\" rel=\"nofollow\">\n\t\u0130ndir<\/a><\/td><td class=\"column-4\">11 May\u0131s 2018<\/td><td class=\"column-5\"><a href=\"https:\/\/themeisle.com\/themes\/constructzine-construction-wordpress-theme\/\" target=\"_blank\" rel=\"noopener\">Tema Sayfas\u0131<\/a><\/td>\n<\/tr>\n<tr class=\"row-11 odd\">\n\t<td class=\"column-1\">ThemeIsle ConsultPress PT WordPress Theme<\/td><td class=\"column-2\">1.6.1<\/td><td class=\"column-3\"><a class=\"download-link\" title=\"\u0130ndir &ldquo;ThemeIsle ConsultPress PT WordPress Theme&rdquo;&nbsp;Versiyon 1.6.1\" href=\"https:\/\/wpdepo.com\/tr\/\/download\/3481\/\" rel=\"nofollow\">\n\t\u0130ndir<\/a><\/td><td class=\"column-4\">24 Ekim 2018<\/td><td class=\"column-5\"><a href=\"https:\/\/themeisle.com\/themes\/consultpress\/\" target=\"_blank\" rel=\"noopener\">Tema Sayfas\u0131<\/a><\/td>\n<\/tr>\n<tr class=\"row-12 even\">\n\t<td class=\"column-1\">ThemeIsle Didi WordPress Theme<\/td><td class=\"column-2\">1.1.9<\/td><td class=\"column-3\"><a class=\"download-link\" title=\"\u0130ndir &ldquo;ThemeIsle Didi WordPress Theme&rdquo;&nbsp;Versiyon 1.1.9\" href=\"https:\/\/wpdepo.com\/tr\/\/download\/3483\/\" rel=\"nofollow\">\n\t\u0130ndir<\/a><\/td><td class=\"column-4\">19 Kas\u0131m 2018<\/td><td class=\"column-5\"><a href=\"https:\/\/themeisle.com\/themes\/didi\/\" target=\"_blank\" rel=\"noopener\">Tema Sayfas\u0131<\/a><\/td>\n<\/tr>\n<tr class=\"row-13 odd\">\n\t<td class=\"column-1\">ThemeIsle FlyMag Pro WordPress Theme<\/td><td class=\"column-2\">2.0.6<\/td><td class=\"column-3\"><a class=\"download-link\" title=\"\u0130ndir &ldquo;ThemeIsle FlyMag Pro WordPress Theme&rdquo;&nbsp;Versiyon 2.0.6\" href=\"https:\/\/wpdepo.com\/tr\/\/download\/3485\/\" rel=\"nofollow\">\n\t\u0130ndir<\/a><\/td><td class=\"column-4\">28 Kas\u0131m 2018<\/td><td class=\"column-5\"><a href=\"https:\/\/themeisle.com\/themes\/flymag-pro\/\" target=\"_blank\" rel=\"noopener\">Tema Sayfas\u0131<\/a><\/td>\n<\/tr>\n<tr class=\"row-14 even\">\n\t<td class=\"column-1\">ThemeIsle Girly WordPress Theme<\/td><td class=\"column-2\">1.2.9<\/td><td class=\"column-3\"><a class=\"download-link\" title=\"\u0130ndir &ldquo;ThemeIsle Girly WordPress Theme&rdquo;&nbsp;Versiyon 1.2.9\" href=\"https:\/\/wpdepo.com\/tr\/\/download\/3663\/\" rel=\"nofollow\">\n\t\u0130ndir<\/a><\/td><td class=\"column-4\">19 Kas\u0131m 2018<\/td><td class=\"column-5\"><a href=\"https:\/\/themeisle.com\/themes\/girly\/\" target=\"_blank\" rel=\"noopener\">Tema Sayfas\u0131<\/a><\/td>\n<\/tr>\n<tr class=\"row-15 odd\">\n\t<td class=\"column-1\">ThemeIsle GymPress PT WordPress Theme<\/td><td class=\"column-2\">1.3.2<\/td><td class=\"column-3\"><a class=\"download-link\" title=\"\u0130ndir &ldquo;ThemeIsle GymPress PT WordPress Theme&rdquo;&nbsp;Versiyon 1.3.2\" href=\"https:\/\/wpdepo.com\/tr\/\/download\/3487\/\" rel=\"nofollow\">\n\t\u0130ndir<\/a><\/td><td class=\"column-4\">1 A\u011fustos 2019<\/td><td class=\"column-5\"><a href=\"https:\/\/themeisle.com\/themes\/gympress\/\" target=\"_blank\" rel=\"noopener\">Tema Sayfas\u0131<\/a><\/td>\n<\/tr>\n<tr class=\"row-16 even\">\n\t<td class=\"column-1\">ThemeIsle Hestia Pro WordPress Theme<\/td><td class=\"column-2\">3.1.1<\/td><td class=\"column-3\"><a class=\"download-link\" title=\"\u0130ndir &ldquo;ThemeIsle Hestia Pro WordPress Theme&rdquo;&nbsp;Versiyon 3.1.1\" href=\"https:\/\/wpdepo.com\/tr\/\/download\/3489\/\" rel=\"nofollow\">\n\t\u0130ndir<\/a><\/td><td class=\"column-4\">12 Ocak 2024<\/td><td class=\"column-5\"><a href=\"https:\/\/themeisle.com\/themes\/hestia-pro\/\" target=\"_blank\" rel=\"noopener\">Tema Sayfas\u0131<\/a><\/td>\n<\/tr>\n<tr class=\"row-17 odd\">\n\t<td class=\"column-1\">ThemeIsle Lawyeria WordPress Theme<\/td><td class=\"column-2\">1.3.8<\/td><td class=\"column-3\"><a class=\"download-link\" title=\"\u0130ndir &ldquo;ThemeIsle Lawyeria WordPress Theme&rdquo;&nbsp;Versiyon 1.3.8\" href=\"https:\/\/wpdepo.com\/tr\/\/download\/3491\/\" rel=\"nofollow\">\n\t\u0130ndir<\/a><\/td><td class=\"column-4\">18 A\u011fustos 2017<\/td><td class=\"column-5\"><a href=\"http:\/\/themeisle.com\/themes\/lawyeria-attorney-lawyer-wordpress-theme\/\" target=\"_blank\" rel=\"noopener\">Tema Sayfas\u0131<\/a><\/td>\n<\/tr>\n<tr class=\"row-18 even\">\n\t<td class=\"column-1\">ThemeIsle LawyeriaX WordPress Theme<\/td><td class=\"column-2\">1.1.4<\/td><td class=\"column-3\"><a class=\"download-link\" title=\"\u0130ndir &ldquo;ThemeIsle LawyeriaX WordPress Theme&rdquo;&nbsp;Versiyon 1.1.4\" href=\"https:\/\/wpdepo.com\/tr\/\/download\/3493\/\" rel=\"nofollow\">\n\t\u0130ndir<\/a><\/td><td class=\"column-4\">15 Mart 2017<\/td><td class=\"column-5\"><a href=\"https:\/\/themeisle.com\/themes\/lawyeriax\/\" target=\"_blank\" rel=\"noopener\">Tema Sayfas\u0131<\/a><\/td>\n<\/tr>\n<tr class=\"row-19 odd\">\n\t<td class=\"column-1\">ThemeIsle LegalPress PT WordPress Theme<\/td><td class=\"column-2\">2.5.0<\/td><td class=\"column-3\"><a class=\"download-link\" title=\"\u0130ndir &ldquo;ThemeIsle LegalPress PT WordPress Theme&rdquo;&nbsp;Versiyon 2.5.0\" href=\"https:\/\/wpdepo.com\/tr\/\/download\/3495\/\" rel=\"nofollow\">\n\t\u0130ndir<\/a><\/td><td class=\"column-4\">27 Eyl\u00fcl 2024<\/td><td class=\"column-5\"><a href=\"https:\/\/themeisle.com\/themes\/legalpress-pt\/\" target=\"_blank\" rel=\"noopener\">Tema Sayfas\u0131<\/a><\/td>\n<\/tr>\n<tr class=\"row-20 even\">\n\t<td class=\"column-1\">ThemeIsle Liber WordPress Theme<\/td><td class=\"column-2\">1.2.1<\/td><td class=\"column-3\"><a class=\"download-link\" title=\"\u0130ndir &ldquo;ThemeIsle Liber WordPress Theme&rdquo;&nbsp;Versiyon 1.2.1\" href=\"https:\/\/wpdepo.com\/tr\/\/download\/3497\/\" rel=\"nofollow\">\n\t\u0130ndir<\/a><\/td><td class=\"column-4\">19 Kas\u0131m 2018<\/td><td class=\"column-5\"><a href=\"https:\/\/themeisle.com\/themes\/liber\/\" target=\"_blank\" rel=\"noopener\">Tema Sayfas\u0131<\/a><\/td>\n<\/tr>\n<tr class=\"row-21 odd\">\n\t<td class=\"column-1\">ThemeIsle Maisha WordPress Theme<\/td><td class=\"column-2\">1.7.5<\/td><td class=\"column-3\"><a class=\"download-link\" title=\"\u0130ndir &ldquo;ThemeIsle Maisha WordPress Theme&rdquo;&nbsp;Versiyon 1.7.5\" href=\"https:\/\/wpdepo.com\/tr\/\/download\/3499\/\" rel=\"nofollow\">\n\t\u0130ndir<\/a><\/td><td class=\"column-4\">7 Ocak 2019<\/td><td class=\"column-5\"><a href=\"https:\/\/themeisle.com\/themes\/maisha\/\" target=\"_blank\" rel=\"noopener\">Tema Sayfas\u0131<\/a><\/td>\n<\/tr>\n<tr class=\"row-22 even\">\n\t<td class=\"column-1\">ThemeIsle MedicPress PT WordPress Theme<\/td><td class=\"column-2\">1.9.5<\/td><td class=\"column-3\"><a class=\"download-link\" title=\"\u0130ndir &ldquo;ThemeIsle MedicPress PT WordPress Theme&rdquo;&nbsp;Versiyon 1.9.5\" href=\"https:\/\/wpdepo.com\/tr\/\/download\/3501\/\" rel=\"nofollow\">\n\t\u0130ndir<\/a><\/td><td class=\"column-4\">24 Eyl\u00fcl 2024<\/td><td class=\"column-5\"><a href=\"https:\/\/themeisle.com\/themes\/medicpress-pt\/\" target=\"_blank\" rel=\"noopener\">Tema Sayfas\u0131<\/a><\/td>\n<\/tr>\n<tr class=\"row-23 odd\">\n\t<td class=\"column-1\">ThemeIsle Naturelle WordPress Theme<\/td><td class=\"column-2\">1.0.5<\/td><td class=\"column-3\"><a class=\"download-link\" title=\"\u0130ndir &ldquo;ThemeIsle Naturelle WordPress Theme&rdquo;&nbsp;Versiyon 1.0.5\" href=\"https:\/\/wpdepo.com\/tr\/\/download\/3503\/\" rel=\"nofollow\">\n\t\u0130ndir<\/a><\/td><td class=\"column-4\">15 \u015eubat 2017<\/td><td class=\"column-5\"><a href=\"https:\/\/themeisle.com\/themes\/naturelle\/\" target=\"_blank\" rel=\"noopener\">Tema Sayfas\u0131<\/a><\/td>\n<\/tr>\n<tr class=\"row-24 even\">\n\t<td class=\"column-1\">ThemeIsle Neve Pro WordPress Theme<\/td><td class=\"column-2\">4.2.2<\/td><td class=\"column-3\"><a class=\"download-link\" title=\"\u0130ndir &ldquo;ThemeIsle Neve Pro WordPress Theme&rdquo;&nbsp;Versiyon 4.2.2\" href=\"https:\/\/wpdepo.com\/tr\/\/download\/34315\/\" rel=\"nofollow\">\n\t\u0130ndir<\/a><\/td><td class=\"column-4\">19 Ocak 2026<\/td><td class=\"column-5\"><a href=\"https:\/\/themeisle.com\/themes\/neve\/\" target=\"_blank\" rel=\"noopener\">Tema Sayfas\u0131<\/a><\/td>\n<\/tr>\n<tr class=\"row-25 odd\">\n\t<td class=\"column-1\">ThemeIsle Oblique Pro WordPress Theme<\/td><td class=\"column-2\">2.0.16<\/td><td class=\"column-3\"><a class=\"download-link\" title=\"\u0130ndir &ldquo;ThemeIsle Oblique Pro WordPress Theme&rdquo;&nbsp;Versiyon 2.0.16\" href=\"https:\/\/wpdepo.com\/tr\/\/download\/3505\/\" rel=\"nofollow\">\n\t\u0130ndir<\/a><\/td><td class=\"column-4\">29 Mart 2019<\/td><td class=\"column-5\"><a href=\"https:\/\/themeisle.com\/themes\/oblique-pro\/\" target=\"_blank\" rel=\"noopener\">Tema Sayfas\u0131<\/a><\/td>\n<\/tr>\n<tr class=\"row-26 even\">\n\t<td class=\"column-1\">ThemeIsle Pena WordPress Theme<\/td><td class=\"column-2\">1.1.9<\/td><td class=\"column-3\"><a class=\"download-link\" title=\"\u0130ndir &ldquo;ThemeIsle Pena WordPress Theme&rdquo;&nbsp;Versiyon 1.1.9\" href=\"https:\/\/wpdepo.com\/tr\/\/download\/3521\/\" rel=\"nofollow\">\n\t\u0130ndir<\/a><\/td><td class=\"column-4\">19 Kas\u0131m 2018<\/td><td class=\"column-5\"><a href=\"https:\/\/themeisle.com\/themes\/pena\/\" target=\"_blank\" rel=\"noopener\">Tema Sayfas\u0131<\/a><\/td>\n<\/tr>\n<tr class=\"row-27 odd\">\n\t<td class=\"column-1\">ThemeIsle Plumbelt WordPress Theme<\/td><td class=\"column-2\">1.2.5<\/td><td class=\"column-3\"><a class=\"download-link\" title=\"\u0130ndir &ldquo;ThemeIsle Plumbelt WordPress Theme&rdquo;&nbsp;Versiyon 1.2.5\" href=\"https:\/\/wpdepo.com\/tr\/\/download\/3523\/\" rel=\"nofollow\">\n\t\u0130ndir<\/a><\/td><td class=\"column-4\">1 A\u011fustos 2016<\/td><td class=\"column-5\"><a href=\"https:\/\/themeisle.com\/themes\/plumbelt-plumbing-wordpress-theme\/\" target=\"_blank\" rel=\"noopener\">Tema Sayfas\u0131<\/a><\/td>\n<\/tr>\n<tr class=\"row-28 even\">\n\t<td class=\"column-1\">ThemeIsle Readable WordPress Theme<\/td><td class=\"column-2\">2.3.2<\/td><td class=\"column-3\"><a class=\"download-link\" title=\"\u0130ndir &ldquo;ThemeIsle Readable WordPress Theme&rdquo;&nbsp;Versiyon 2.3.2\" href=\"https:\/\/wpdepo.com\/tr\/\/download\/3525\/\" rel=\"nofollow\">\n\t\u0130ndir<\/a><\/td><td class=\"column-4\">18 \u015eubat 2020<\/td><td class=\"column-5\"><a href=\"https:\/\/themeisle.com\/themes\/readable\/\" target=\"_blank\" rel=\"noopener\">Tema Sayfas\u0131<\/a><\/td>\n<\/tr>\n<tr class=\"row-29 odd\">\n\t<td class=\"column-1\">ThemeIsle RokoPhoto WordPress Theme<\/td><td class=\"column-2\">1.1.25<\/td><td class=\"column-3\"><a class=\"download-link\" title=\"\u0130ndir &ldquo;ThemeIsle RokoPhoto WordPress Theme&rdquo;&nbsp;Versiyon 1.1.25\" href=\"https:\/\/wpdepo.com\/tr\/\/download\/3527\/\" rel=\"nofollow\">\n\t\u0130ndir<\/a><\/td><td class=\"column-4\">9 A\u011fustos 2019<\/td><td class=\"column-5\"><a href=\"https:\/\/themeisle.com\/themes\/rokophoto\/\" target=\"_blank\" rel=\"noopener\">Tema Sayfas\u0131<\/a><\/td>\n<\/tr>\n<tr class=\"row-30 even\">\n\t<td class=\"column-1\">ThemeIsle ShopIsle Pro WordPress Theme<\/td><td class=\"column-2\">2.2.56<\/td><td class=\"column-3\"><a class=\"download-link\" title=\"\u0130ndir &ldquo;ThemeIsle ShopIsle Pro WordPress Theme&rdquo;&nbsp;Versiyon 2.2.56\" href=\"https:\/\/wpdepo.com\/tr\/\/download\/3529\/\" rel=\"nofollow\">\n\t\u0130ndir<\/a><\/td><td class=\"column-4\">10 A\u011fustos 2020<\/td><td class=\"column-5\"><a href=\"https:\/\/themeisle.com\/themes\/shop-isle-pro\/\" target=\"_blank\" rel=\"noopener\">Tema Sayfas\u0131<\/a><\/td>\n<\/tr>\n<tr class=\"row-31 odd\">\n\t<td class=\"column-1\">ThemeIsle The Motion WordPress Theme<\/td><td class=\"column-2\">1.2.10<\/td><td class=\"column-3\"><a class=\"download-link\" title=\"\u0130ndir &ldquo;ThemeIsle The Motion WordPress Theme&rdquo;&nbsp;Versiyon 1.2.10\" href=\"https:\/\/wpdepo.com\/tr\/\/download\/3531\/\" rel=\"nofollow\">\n\t\u0130ndir<\/a><\/td><td class=\"column-4\">8 A\u011fustos 2019<\/td><td class=\"column-5\"><a href=\"https:\/\/themeisle.com\/themes\/themotion\/\" target=\"_blank\" rel=\"noopener\">Tema Sayfas\u0131<\/a><\/td>\n<\/tr>\n<tr class=\"row-32 even\">\n\t<td class=\"column-1\">ThemeIsle Veggie WordPress Theme<\/td><td class=\"column-2\">1.1.8<\/td><td class=\"column-3\"><a class=\"download-link\" title=\"\u0130ndir &ldquo;ThemeIsle Veggie WordPress Theme&rdquo;&nbsp;Versiyon 1.1.8\" href=\"https:\/\/wpdepo.com\/tr\/\/download\/3665\/\" rel=\"nofollow\">\n\t\u0130ndir<\/a><\/td><td class=\"column-4\">19 Kas\u0131m 2018<\/td><td class=\"column-5\"><a href=\"https:\/\/themeisle.com\/themes\/veggie\/\" target=\"_blank\" rel=\"noopener\">Tema Sayfas\u0131<\/a><\/td>\n<\/tr>\n<tr class=\"row-33 odd\">\n\t<td class=\"column-1\">ThemeIsle Woga WordPress Theme<\/td><td class=\"column-2\">1.3.1<\/td><td class=\"column-3\"><a class=\"download-link\" title=\"\u0130ndir &ldquo;ThemeIsle Woga WordPress Theme&rdquo;&nbsp;Versiyon 1.3.1\" href=\"https:\/\/wpdepo.com\/tr\/\/download\/3533\/\" rel=\"nofollow\">\n\t\u0130ndir<\/a><\/td><td class=\"column-4\">11 May\u0131s 2018<\/td><td class=\"column-5\"><a href=\"https:\/\/themeisle.com\/themes\/woga\/\" target=\"_blank\" rel=\"noopener\">Tema Sayfas\u0131<\/a><\/td>\n<\/tr>\n<tr class=\"row-34 even\">\n\t<td class=\"column-1\">ThemeIsle Zeko WordPress Theme<\/td><td class=\"column-2\">1.2.2<\/td><td class=\"column-3\"><a class=\"download-link\" title=\"\u0130ndir &ldquo;ThemeIsle Zeko WordPress Theme&rdquo;&nbsp;Versiyon 1.2.2\" href=\"https:\/\/wpdepo.com\/tr\/\/download\/3667\/\" rel=\"nofollow\">\n\t\u0130ndir<\/a><\/td><td class=\"column-4\">22 Kas\u0131m 2018<\/td><td class=\"column-5\"><a href=\"https:\/\/themeisle.com\/themes\/zeko\/\" target=\"_blank\" rel=\"noopener\">Tema Sayfas\u0131<\/a><\/td>\n<\/tr>\n<tr class=\"row-35 odd\">\n\t<td class=\"column-1\">ThemeIsle Zelle Pro WordPress Theme<\/td><td class=\"column-2\">2.1.6<\/td><td class=\"column-3\"><a class=\"download-link\" title=\"\u0130ndir &ldquo;ThemeIsle Zelle Pro WordPress Theme&rdquo;&nbsp;Versiyon 2.1.6\" href=\"https:\/\/wpdepo.com\/tr\/\/download\/3535\/\" rel=\"nofollow\">\n\t\u0130ndir<\/a><\/td><td class=\"column-4\">3 A\u011fustos 2020<\/td><td class=\"column-5\"><a href=\"https:\/\/themeisle.com\/themes\/zerif-pro-one-page-wordpress-theme\/\" target=\"_blank\" rel=\"noopener\">Tema Sayfas\u0131<\/a><\/td>\n<\/tr>\n<\/tbody>\n<\/table>\n\r\n\r\n\t\t<\/div>\n\t\t\t\t\t<\/div>\n\n\t\r\n\r\n<\/div>\r\n\r\n\t\t<\/div>\n\n\t\t\n<style>\n#section_1335219319 {\n  padding-top: 30px;\n  padding-bottom: 30px;\n}\n<\/style>\n\t<\/section>\n\t","protected":false},"excerpt":{"rendered":"","protected":false},"author":1,"featured_media":0,"parent":0,"menu_order":0,"comment_status":"closed","ping_status":"closed","template":"page-blank.php","meta":{"footnotes":""},"class_list":["post-3508","page","type-page","status-publish","hentry"],"_links":{"self":[{"href":"https:\/\/wpdepo.com\/tr\/wp-json\/wp\/v2\/pages\/3508","targetHints":{"allow":["GET"]}}],"collection":[{"href":"https:\/\/wpdepo.com\/tr\/wp-json\/wp\/v2\/pages"}],"about":[{"href":"https:\/\/wpdepo.com\/tr\/wp-json\/wp\/v2\/types\/page"}],"author":[{"embeddable":true,"href":"https:\/\/wpdepo.com\/tr\/wp-json\/wp\/v2\/users\/1"}],"replies":[{"embeddable":true,"href":"https:\/\/wpdepo.com\/tr\/wp-json\/wp\/v2\/comments?post=3508"}],"version-history":[{"count":0,"href":"https:\/\/wpdepo.com\/tr\/wp-json\/wp\/v2\/pages\/3508\/revisions"}],"wp:attachment":[{"href":"https:\/\/wpdepo.com\/tr\/wp-json\/wp\/v2\/media?parent=3508"}],"curies":[{"name":"wp","href":"https:\/\/api.w.org\/{rel}","templated":true}]}}