{"id":3434,"date":"2017-10-01T01:35:00","date_gmt":"2017-09-30T22:35:00","guid":{"rendered":"https:\/\/wpdepo.com\/?page_id=3434"},"modified":"2018-09-03T20:46:58","modified_gmt":"2018-09-03T17:46:58","slug":"wp-types-toolset-eklentileri","status":"publish","type":"page","link":"https:\/\/wpdepo.com\/tr\/wp-types-toolset-eklentileri\/","title":{"rendered":"WP Types Toolset Eklentileri"},"content":{"rendered":"\n\t<section class=\"section\" id=\"section_1288233424\">\n\t\t<div class=\"section-bg fill\" >\n\t\t\t\t\t\t\t\t\t\n\t\t\t\n\n\t\t<\/div>\n\n\t\t\n\n\t\t<div class=\"section-content relative\">\n\t\t\t\r\n\r\n<div class=\"row\"  id=\"row-1818828317\">\r\n\r\n\n\t<div id=\"col-225433722\" class=\"col small-12 large-12\"  >\n\t\t\t\t<div class=\"col-inner text-left\"  >\n\t\t\t\n\t\t\t\r\n\r\n<h2 style=\"text-align: center;\">WP Types &#8211; Toolset<\/h2>\r\n<p>OnTheGoSystems taraf\u0131ndan geli\u015ftirilen Toolset eklentileri PHP kodu yazmadan yaz\u0131lar, haritalar, formlar gibi \u00f6zel yaz\u0131 tipleri ve \u00f6zel alanlara dayal\u0131 siteler olu\u015fturman\u0131za imkan sa\u011flayan WordPress eklentileridir.<\/p>\r\n\r\n\t\t<\/div>\n\t\t\t\t\t<\/div>\n\n\t\r\n\r\n<\/div>\r\n\r\n\t\t<\/div>\n\n\t\t\n<style>\n#section_1288233424 {\n  padding-top: 0px;\n  padding-bottom: 0px;\n  background-color: rgb(245, 245, 245);\n}\n<\/style>\n\t<\/section>\n\t\r\n\n\t<section class=\"section\" id=\"section_1601143287\">\n\t\t<div class=\"section-bg fill\" >\n\t\t\t\t\t\t\t\t\t\n\t\t\t\n\n\t\t<\/div>\n\n\t\t\n\n\t\t<div class=\"section-content relative\">\n\t\t\t\r\n\r\n<div class=\"row\"  id=\"row-1358174038\">\r\n\r\n\n\t<div id=\"col-1151799380\" class=\"col small-12 large-12\"  >\n\t\t\t\t<div class=\"col-inner text-left\"  >\n\t\t\t\n\t\t\t\r\n\r\n\n<table id=\"tablepress-44\" class=\"tablepress tablepress-id-44\">\n<thead>\n<tr class=\"row-1 odd\">\n\t<th class=\"column-1\">Eklenti Ad\u0131<\/th><th class=\"column-2\">Versiyon<\/th><th class=\"column-3\">\u0130ndir<\/th><th class=\"column-4\">G\u00fcncelleme<\/th><th class=\"column-5\">Bilgi<\/th>\n<\/tr>\n<\/thead>\n<tbody class=\"row-hover\">\n<tr class=\"row-2 even\">\n\t<td class=\"column-1\">Toolset Access<\/td><td class=\"column-2\">2.9.4.2<\/td><td class=\"column-3\"><a class=\"download-link\" title=\"\u0130ndir &ldquo;Toolset Access&rdquo;&nbsp;Versiyon 2.9.4.2\" href=\"https:\/\/wpdepo.com\/tr\/\/download\/3391\/\" rel=\"nofollow\">\n\t\u0130ndir<\/a><\/td><td class=\"column-4\">17 Temmuz 2025<\/td><td class=\"column-5\"><a href=\"https:\/\/wp-types.com\/home\/types-access\/\" target=\"_blank\" rel=\"noopener\">Eklenti Sayfas\u0131<\/a><\/td>\n<\/tr>\n<tr class=\"row-3 odd\">\n\t<td class=\"column-1\">Toolset Advanced Export<\/td><td class=\"column-2\">1.0<\/td><td class=\"column-3\"><a class=\"download-link\" title=\"\u0130ndir &ldquo;Toolset Advanced Export&rdquo;&nbsp;Versiyon 1.0\" href=\"https:\/\/wpdepo.com\/tr\/\/download\/3394\/\" rel=\"nofollow\">\n\t\u0130ndir<\/a><\/td><td class=\"column-4\">24 Ocak 2017<\/td><td class=\"column-5\"><a href=\"https:\/\/github.com\/zaantar\/toolset-advanced-export\" target=\"_blank\" rel=\"noopener\">Eklenti Sayfas\u0131<\/a><\/td>\n<\/tr>\n<tr class=\"row-4 even\">\n\t<td class=\"column-1\">Toolset Avada Integration<\/td><td class=\"column-2\">1.5.3<\/td><td class=\"column-3\"><a class=\"download-link\" title=\"\u0130ndir &ldquo;Toolset Avada Integration&rdquo;&nbsp;Versiyon 1.5.3\" href=\"https:\/\/wpdepo.com\/tr\/\/download\/3396\/\" rel=\"nofollow\">\n\t\u0130ndir<\/a><\/td><td class=\"column-4\">24 May\u0131s 2017<\/td><td class=\"column-5\"><a href=\"https:\/\/wp-types.com\/documentation\/recommended-themes\/toolset-avada-integration\/\" target=\"_blank\" rel=\"noopener\">Eklenti Sayfas\u0131<\/a><\/td>\n<\/tr>\n<tr class=\"row-5 odd\">\n\t<td class=\"column-1\">Toolset Blocks<\/td><td class=\"column-2\">1.6.20<\/td><td class=\"column-3\"><a class=\"download-link\" title=\"\u0130ndir &ldquo;Toolset Blocks&rdquo;&nbsp;Versiyon 1.6.20\" href=\"https:\/\/wpdepo.com\/tr\/\/download\/25010\/\" rel=\"nofollow\">\n\t\u0130ndir<\/a><\/td><td class=\"column-4\">17 Temmuz 2025<\/td><td class=\"column-5\"><a href=\"https:\/\/toolset.com\/documentation\/user-guides\/how-toolset-plugins-work-with-gutenberg\/\" target=\"_blank\" rel=\"noopener\">Eklenti Sayfas\u0131<\/a><\/td>\n<\/tr>\n<tr class=\"row-6 even\">\n\t<td class=\"column-1\">Toolset Classifieds Addon<\/td><td class=\"column-2\">0.4<\/td><td class=\"column-3\"><a class=\"download-link\" title=\"\u0130ndir &ldquo;Toolset Classifieds Addon&rdquo;&nbsp;Versiyon 0.4\" href=\"https:\/\/wpdepo.com\/tr\/\/download\/13348\/\" rel=\"nofollow\">\n\t\u0130ndir<\/a><\/td><td class=\"column-4\">7 Haziran 2018<\/td><td class=\"column-5\"><a href=\"https:\/\/toolset.com\/reference-site\/toolset-classifieds\/\" target=\"_blank\" rel=\"noopener\">Eklenti Sayfas\u0131<\/a><\/td>\n<\/tr>\n<tr class=\"row-7 odd\">\n\t<td class=\"column-1\">Toolset Cornerstone Integration<\/td><td class=\"column-2\">1.2<\/td><td class=\"column-3\"><a class=\"download-link\" title=\"\u0130ndir &ldquo;Toolset Cornerstone Integration&rdquo;&nbsp;Versiyon 1.2\" href=\"https:\/\/wpdepo.com\/tr\/\/download\/3398\/\" rel=\"nofollow\">\n\t\u0130ndir<\/a><\/td><td class=\"column-4\">22 \u015eubat 2017<\/td><td class=\"column-5\"><a href=\"https:\/\/wp-types.com\/forums\/topic-tag\/cornerstone-integration\/\" target=\"_blank\" rel=\"noopener\">Eklenti Sayfas\u0131<\/a><\/td>\n<\/tr>\n<tr class=\"row-8 even\">\n\t<td class=\"column-1\">Toolset Forms<\/td><td class=\"column-2\">2.6.23<\/td><td class=\"column-3\"><a class=\"download-link\" title=\"\u0130ndir &ldquo;Toolset Forms&rdquo;&nbsp;Versiyon 2.6.23\" href=\"https:\/\/wpdepo.com\/tr\/\/download\/3400\/\" rel=\"nofollow\">\n\t\u0130ndir<\/a><\/td><td class=\"column-4\">7 Nisan 2025<\/td><td class=\"column-5\"><a href=\"https:\/\/wp-types.com\/home\/cred\/\" target=\"_blank\" rel=\"noopener\">Eklenti Sayfas\u0131<\/a><\/td>\n<\/tr>\n<tr class=\"row-9 odd\">\n\t<td class=\"column-1\">Toolset Forms Commerce<\/td><td class=\"column-2\">1.8.5<\/td><td class=\"column-3\"><a class=\"download-link\" title=\"\u0130ndir &ldquo;Toolset Forms Commerce&rdquo;&nbsp;Versiyon 1.8.5\" href=\"https:\/\/wpdepo.com\/tr\/\/download\/3402\/\" rel=\"nofollow\">\n\t\u0130ndir<\/a><\/td><td class=\"column-4\">14 Aral\u0131k 2022<\/td><td class=\"column-5\"><a href=\"https:\/\/wp-types.com\/documentation\/user-guides\/using-cred-commerce-to-add-payments-to-forms\/\" target=\"_blank\" rel=\"noopener\">Eklenti Sayfas\u0131<\/a><\/td>\n<\/tr>\n<tr class=\"row-10 even\">\n\t<td class=\"column-1\">Toolset Customizr Integration<\/td><td class=\"column-2\">1.3<\/td><td class=\"column-3\"><a class=\"download-link\" title=\"\u0130ndir &ldquo;Toolset Customizr Integration&rdquo;&nbsp;Versiyon 1.3\" href=\"https:\/\/wpdepo.com\/tr\/\/download\/3406\/\" rel=\"nofollow\">\n\t\u0130ndir<\/a><\/td><td class=\"column-4\">23 \u015eubat 2017<\/td><td class=\"column-5\"><a href=\"https:\/\/wp-types.com\/forums\/topic-tag\/customizr-integration\/\" target=\"_blank\" rel=\"noopener\">Eklenti Sayfas\u0131<\/a><\/td>\n<\/tr>\n<tr class=\"row-11 odd\">\n\t<td class=\"column-1\">Toolset Divi Integration<\/td><td class=\"column-2\">1.7.2<\/td><td class=\"column-3\"><a class=\"download-link\" title=\"\u0130ndir &ldquo;Toolset Divi Integration&rdquo;&nbsp;Versiyon 1.7.2\" href=\"https:\/\/wpdepo.com\/tr\/\/download\/3408\/\" rel=\"nofollow\">\n\t\u0130ndir<\/a><\/td><td class=\"column-4\">24 May\u0131s 2017<\/td><td class=\"column-5\"><a href=\"https:\/\/wp-types.com\/documentation\/recommended-themes\/toolset-divi-integration\/\" target=\"_blank\" rel=\"noopener\">Eklenti Sayfas\u0131<\/a><\/td>\n<\/tr>\n<tr class=\"row-12 even\">\n\t<td class=\"column-1\">Toolset Framework Installer<\/td><td class=\"column-2\">3.1.17<\/td><td class=\"column-3\"><a class=\"download-link\" title=\"\u0130ndir &ldquo;Toolset Framework Installer&rdquo;&nbsp;Versiyon 3.1.17\" href=\"https:\/\/wpdepo.com\/tr\/\/download\/3410\/\" rel=\"nofollow\">\n\t\u0130ndir<\/a><\/td><td class=\"column-4\">19 Ocak 2022<\/td><td class=\"column-5\"><a href=\"https:\/\/wp-types.com\/documentation\/user-guides\/using-framework-installer-to-install-reference-sites\/\" target=\"_blank\" rel=\"noopener\">Eklenti Sayfas\u0131<\/a><\/td>\n<\/tr>\n<tr class=\"row-13 odd\">\n\t<td class=\"column-1\">Toolset Genesis Integration<\/td><td class=\"column-2\">1.9.2<\/td><td class=\"column-3\"><a class=\"download-link\" title=\"\u0130ndir &ldquo;Toolset Genesis Integration&rdquo;&nbsp;Versiyon 1.9.2\" href=\"https:\/\/wpdepo.com\/tr\/\/download\/3412\/\" rel=\"nofollow\">\n\t\u0130ndir<\/a><\/td><td class=\"column-4\">24 May\u0131s 2017<\/td><td class=\"column-5\"><a href=\"https:\/\/wp-types.com\/documentation\/recommended-themes\/layouts-genesis-integration\/\" target=\"_blank\" rel=\"noopener\">Eklenti Sayfas\u0131<\/a><\/td>\n<\/tr>\n<tr class=\"row-14 even\">\n\t<td class=\"column-1\">Toolset Layouts<\/td><td class=\"column-2\">2.6.17<\/td><td class=\"column-3\"><a class=\"download-link\" title=\"\u0130ndir &ldquo;Toolset Layouts&rdquo;&nbsp;Versiyon 2.6.17\" href=\"https:\/\/wpdepo.com\/tr\/\/download\/3404\/\" rel=\"nofollow\">\n\t\u0130ndir<\/a><\/td><td class=\"column-4\">7 Nisan 2025<\/td><td class=\"column-5\"><a href=\"https:\/\/wp-types.com\/home\/layouts\/\" target=\"_blank\" rel=\"noopener\">Eklenti Sayfas\u0131<\/a><\/td>\n<\/tr>\n<tr class=\"row-15 odd\">\n\t<td class=\"column-1\">Toolset Maps<\/td><td class=\"column-2\">2.2.0<\/td><td class=\"column-3\"><a class=\"download-link\" title=\"\u0130ndir &ldquo;Toolset Maps&rdquo;&nbsp;Versiyon 2.2.0\" href=\"https:\/\/wpdepo.com\/tr\/\/download\/3414\/\" rel=\"nofollow\">\n\t\u0130ndir<\/a><\/td><td class=\"column-4\">7 Nisan 2025<\/td><td class=\"column-5\"><a href=\"https:\/\/wp-types.com\/documentation\/user-guides\/#toolset-maps\" target=\"_blank\" rel=\"noopener\">Eklenti Sayfas\u0131<\/a><\/td>\n<\/tr>\n<tr class=\"row-16 even\">\n\t<td class=\"column-1\">Toolset Module Manager<\/td><td class=\"column-2\">1.8.10<\/td><td class=\"column-3\"><a class=\"download-link\" title=\"\u0130ndir &ldquo;Toolset Module Manager&rdquo;&nbsp;Versiyon 1.8.10\" href=\"https:\/\/wpdepo.com\/tr\/\/download\/3416\/\" rel=\"nofollow\">\n\t\u0130ndir<\/a><\/td><td class=\"column-4\">27 Kas\u0131m 2024<\/td><td class=\"column-5\"><a href=\"https:\/\/wp-types.com\/home\/module-manager\/\" target=\"_blank\" rel=\"noopener\">Eklenti Sayfas\u0131<\/a><\/td>\n<\/tr>\n<tr class=\"row-17 odd\">\n\t<td class=\"column-1\">Toolset Starter Theme<\/td><td class=\"column-2\">1.4.2<\/td><td class=\"column-3\"><a class=\"download-link\" title=\"\u0130ndir &ldquo;Toolset Starter Theme&rdquo;&nbsp;Versiyon 1.4.2\" href=\"https:\/\/wpdepo.com\/tr\/\/download\/3418\/\" rel=\"nofollow\">\n\t\u0130ndir<\/a><\/td><td class=\"column-4\">24 May\u0131s 2017<\/td><td class=\"column-5\"><a href=\"https:\/\/wp-types.com\/home\/toolset-starter\/\" target=\"_blank\" rel=\"noopener\">Eklenti Sayfas\u0131<\/a><\/td>\n<\/tr>\n<tr class=\"row-18 even\">\n\t<td class=\"column-1\">Toolset Twenty Fifteen Integration<\/td><td class=\"column-2\">1.4<\/td><td class=\"column-3\"><a class=\"download-link\" title=\"\u0130ndir &ldquo;Toolset Twenty Fifteen Integration&rdquo;&nbsp;Versiyon 1.4\" href=\"https:\/\/wpdepo.com\/tr\/\/download\/3420\/\" rel=\"nofollow\">\n\t\u0130ndir<\/a><\/td><td class=\"column-4\">24 May\u0131s 2017<\/td><td class=\"column-5\"><a href=\"https:\/\/wp-types.com\/forums\/topic-tag\/twentyfifteen-integration\/\" target=\"_blank\" rel=\"noopener\">Eklenti Sayfas\u0131<\/a><\/td>\n<\/tr>\n<tr class=\"row-19 odd\">\n\t<td class=\"column-1\">Toolset Twenty Seventeen Integration<\/td><td class=\"column-2\">1.2.1<\/td><td class=\"column-3\"><a class=\"download-link\" title=\"\u0130ndir &ldquo;Toolset Twenty Seventeen Integration&rdquo;&nbsp;Versiyon 1.2.1\" href=\"https:\/\/wpdepo.com\/tr\/\/download\/3422\/\" rel=\"nofollow\">\n\t\u0130ndir<\/a><\/td><td class=\"column-4\">24 May\u0131s 2017<\/td><td class=\"column-5\"><a href=\"https:\/\/wp-types.com\/forums\/topic-tag\/toolset-theme-integration\/\" target=\"_blank\" rel=\"noopener\">Eklenti Sayfas\u0131<\/a><\/td>\n<\/tr>\n<tr class=\"row-20 even\">\n\t<td class=\"column-1\">Toolset Twenty Sixteen Integration<\/td><td class=\"column-2\">1.4.1<\/td><td class=\"column-3\"><a class=\"download-link\" title=\"\u0130ndir &ldquo;Toolset Twenty Sixteen Integration&rdquo;&nbsp;Versiyon 1.4.1\" href=\"https:\/\/wpdepo.com\/tr\/\/download\/3424\/\" rel=\"nofollow\">\n\t\u0130ndir<\/a><\/td><td class=\"column-4\">14 Mart 2017<\/td><td class=\"column-5\"><a href=\"https:\/\/wp-types.com\/forums\/topic-tag\/twentysixteen-integration\/\" target=\"_blank\" rel=\"noopener\">Eklenti Sayfas\u0131<\/a><\/td>\n<\/tr>\n<tr class=\"row-21 odd\">\n\t<td class=\"column-1\">Toolset Types WordPress Plugin<\/td><td class=\"column-2\">3.6.1<\/td><td class=\"column-3\"><a class=\"download-link\" title=\"\u0130ndir &ldquo;Toolset Types WordPress Plugin&rdquo;&nbsp;Versiyon 3.6.1\" href=\"https:\/\/wpdepo.com\/tr\/\/download\/3426\/\" rel=\"nofollow\">\n\t\u0130ndir<\/a><\/td><td class=\"column-4\">15 Temmuz 2025<\/td><td class=\"column-5\"><a href=\"https:\/\/wp-types.com\/home\/types-manage-post-types-taxonomy-and-custom-fields\/\" target=\"_blank\" rel=\"noopener\">Eklenti Sayfas\u0131<\/a><\/td>\n<\/tr>\n<tr class=\"row-22 even\">\n\t<td class=\"column-1\">Toolset Views<\/td><td class=\"column-2\">3.6.20<\/td><td class=\"column-3\"><a class=\"download-link\" title=\"\u0130ndir &ldquo;Toolset Views&rdquo;&nbsp;Versiyon 3.6.20\" href=\"https:\/\/wpdepo.com\/tr\/\/download\/3428\/\" rel=\"nofollow\">\n\t\u0130ndir<\/a><\/td><td class=\"column-4\">22 Temmuz 2025<\/td><td class=\"column-5\"><a href=\"https:\/\/wp-types.com\/home\/views-create-elegant-displays-for-your-content\/\" target=\"_blank\" rel=\"noopener\">Eklenti Sayfas\u0131<\/a><\/td>\n<\/tr>\n<tr class=\"row-23 odd\">\n\t<td class=\"column-1\">Toolset WooCommerce Blocks<\/td><td class=\"column-2\">3.1.6<\/td><td class=\"column-3\"><a class=\"download-link\" title=\"\u0130ndir &ldquo;Toolset WooCommerce Blocks&rdquo;&nbsp;Versiyon 3.1.6\" href=\"https:\/\/wpdepo.com\/tr\/\/download\/3430\/\" rel=\"nofollow\">\n\t\u0130ndir<\/a><\/td><td class=\"column-4\">28 Temmuz 2024<\/td><td class=\"column-5\"><a href=\"https:\/\/wp-types.com\/home\/WooCommerce-views\/\" target=\"_blank\" rel=\"noopener\">Eklenti Sayfas\u0131<\/a><\/td>\n<\/tr>\n<\/tbody>\n<\/table>\n\r\n\r\n\t\t<\/div>\n\t\t\t\t\t<\/div>\n\n\t\r\n\r\n<\/div>\r\n\r\n\t\t<\/div>\n\n\t\t\n<style>\n#section_1601143287 {\n  padding-top: 30px;\n  padding-bottom: 30px;\n}\n<\/style>\n\t<\/section>\n\t","protected":false},"excerpt":{"rendered":"","protected":false},"author":1,"featured_media":0,"parent":0,"menu_order":0,"comment_status":"closed","ping_status":"closed","template":"page-blank.php","meta":{"footnotes":""},"class_list":["post-3434","page","type-page","status-publish","hentry"],"_links":{"self":[{"href":"https:\/\/wpdepo.com\/tr\/wp-json\/wp\/v2\/pages\/3434","targetHints":{"allow":["GET"]}}],"collection":[{"href":"https:\/\/wpdepo.com\/tr\/wp-json\/wp\/v2\/pages"}],"about":[{"href":"https:\/\/wpdepo.com\/tr\/wp-json\/wp\/v2\/types\/page"}],"author":[{"embeddable":true,"href":"https:\/\/wpdepo.com\/tr\/wp-json\/wp\/v2\/users\/1"}],"replies":[{"embeddable":true,"href":"https:\/\/wpdepo.com\/tr\/wp-json\/wp\/v2\/comments?post=3434"}],"version-history":[{"count":0,"href":"https:\/\/wpdepo.com\/tr\/wp-json\/wp\/v2\/pages\/3434\/revisions"}],"wp:attachment":[{"href":"https:\/\/wpdepo.com\/tr\/wp-json\/wp\/v2\/media?parent=3434"}],"curies":[{"name":"wp","href":"https:\/\/api.w.org\/{rel}","templated":true}]}}