{"id":3375,"date":"2017-09-29T16:38:09","date_gmt":"2017-09-29T13:38:09","guid":{"rendered":"https:\/\/wpdepo.com\/?page_id=3375"},"modified":"2018-09-03T20:46:21","modified_gmt":"2018-09-03T17:46:21","slug":"ithemes-eklentileri","status":"publish","type":"page","link":"https:\/\/wpdepo.com\/tr\/ithemes-eklentileri\/","title":{"rendered":"iThemes Eklentileri"},"content":{"rendered":"\n\t<section class=\"section\" id=\"section_1843192972\">\n\t\t<div class=\"section-bg fill\" >\n\t\t\t\t\t\t\t\t\t\n\t\t\t\n\n\t\t<\/div>\n\n\t\t\n\n\t\t<div class=\"section-content relative\">\n\t\t\t\r\n\r\n<div class=\"row\"  id=\"row-294808223\">\r\n\r\n\n\t<div id=\"col-834082098\" class=\"col small-12 large-12\"  >\n\t\t\t\t<div class=\"col-inner text-left\"  >\n\t\t\t\n\t\t\t\r\n\r\n<h2 style=\"text-align: center;\">iThemes Eklentileri<\/h2>\r\n<p>BackupBuddy, yedekleri, geri y\u00fcklemeleri, site ta\u015f\u0131malar\u0131n\u0131 ve WordPress a\u015famalar\u0131n\u0131 y\u00fcr\u00fctebilece\u011finiz hepsi bir arada WordPress yedekleme eklentisidir.<\/p>\r\n<p>WordPress sitenizi WordPress g\u00fcvenlik eklentisi olan iThemes Security ile h\u0131zla ve kolayca koruma alt\u0131na alabilirsiniz.<\/p>\r\n\r\n\t\t<\/div>\n\t\t\t\t\t<\/div>\n\n\t\r\n\r\n<\/div>\r\n\r\n\t\t<\/div>\n\n\t\t\n<style>\n#section_1843192972 {\n  padding-top: 0px;\n  padding-bottom: 0px;\n  background-color: rgb(245, 245, 245);\n}\n<\/style>\n\t<\/section>\n\t\r\n\n\t<section class=\"section\" id=\"section_240071481\">\n\t\t<div class=\"section-bg fill\" >\n\t\t\t\t\t\t\t\t\t\n\t\t\t\n\n\t\t<\/div>\n\n\t\t\n\n\t\t<div class=\"section-content relative\">\n\t\t\t\r\n\r\n<div class=\"row\"  id=\"row-2108247108\">\r\n\r\n\n\t<div id=\"col-1644023113\" class=\"col small-12 large-12\"  >\n\t\t\t\t<div class=\"col-inner text-left\"  >\n\t\t\t\n\t\t\t\r\n\r\n\n<table id=\"tablepress-43\" class=\"tablepress tablepress-id-43\">\n<thead>\n<tr class=\"row-1 odd\">\n\t<th class=\"column-1\">Eklenti Ad\u0131<\/th><th class=\"column-2\">Versiyon<\/th><th class=\"column-3\">\u0130ndir<\/th><th class=\"column-4\">G\u00fcncelleme<\/th><th class=\"column-5\">Bilgi<\/th>\n<\/tr>\n<\/thead>\n<tbody class=\"row-hover\">\n<tr class=\"row-2 even\">\n\t<td class=\"column-1\">Solid Backups (iThemes BackupBuddy)<\/td><td class=\"column-2\">9.1.18<\/td><td class=\"column-3\"><a class=\"download-link\" title=\"\u0130ndir &ldquo;Solid Backups (iThemes BackupBuddy)&rdquo;&nbsp;Versiyon 9.1.18\" href=\"https:\/\/wpdepo.com\/tr\/\/download\/3356\/\" rel=\"nofollow\">\n\t\u0130ndir<\/a><\/td><td class=\"column-4\">3 Nisan 2026<\/td><td class=\"column-5\"><a href=\"https:\/\/ithemes.com\/purchase\/backupbuddy\/\" target=\"_blank\" rel=\"noopener\">Eklenti Sayfas\u0131<\/a><\/td>\n<\/tr>\n<tr class=\"row-3 odd\">\n\t<td class=\"column-1\">iThemes Sales Accelerator Inventory<\/td><td class=\"column-2\">1.0.4<\/td><td class=\"column-3\"><a class=\"download-link\" title=\"\u0130ndir &ldquo;iThemes Sales Accelerator Inventory&rdquo;&nbsp;Versiyon 1.0.4\" href=\"https:\/\/wpdepo.com\/tr\/\/download\/8107\/\" rel=\"nofollow\">\n\t\u0130ndir<\/a><\/td><td class=\"column-4\">25 Ekim 2018<\/td><td class=\"column-5\"><a href=\"https:\/\/ithemes.com\/sales-accelerator\/\" target=\"_blank\" rel=\"noopener\">Eklenti Sayfas\u0131<\/a><\/td>\n<\/tr>\n<tr class=\"row-4 even\">\n\t<td class=\"column-1\">iThemes Sales Accelerator MultiChannel<\/td><td class=\"column-2\">1.1<\/td><td class=\"column-3\"><a class=\"download-link\" title=\"\u0130ndir &ldquo;iThemes Sales Accelerator MultiChannel&rdquo;&nbsp;Versiyon 1.1\" href=\"https:\/\/wpdepo.com\/tr\/\/download\/15511\/\" rel=\"nofollow\">\n\t\u0130ndir<\/a><\/td><td class=\"column-4\">25 Ekim 2018<\/td><td class=\"column-5\"><a href=\"https:\/\/ithemes.com\/sales-accelerator\/\" target=\"_blank\" rel=\"noopener\">Eklenti Sayfas\u0131<\/a><\/td>\n<\/tr>\n<tr class=\"row-5 odd\">\n\t<td class=\"column-1\">iThemes Sales Accelerator Reporting Pro<\/td><td class=\"column-2\">1.3.1<\/td><td class=\"column-3\"><a class=\"download-link\" title=\"\u0130ndir &ldquo;iThemes Sales Accelerator Reporting Pro&rdquo;&nbsp;Versiyon 1.3.1\" href=\"https:\/\/wpdepo.com\/tr\/\/download\/5604\/\" rel=\"nofollow\">\n\t\u0130ndir<\/a><\/td><td class=\"column-4\">22 Ekim 2018<\/td><td class=\"column-5\"><a href=\"https:\/\/ithemes.com\/sales-accelerator\/\" target=\"_blank\" rel=\"noopener\">Eklenti Sayfas\u0131<\/a><\/td>\n<\/tr>\n<tr class=\"row-6 even\">\n\t<td class=\"column-1\">Solid Security Pro (iThemes Security Pro)<\/td><td class=\"column-2\">8.7.2<\/td><td class=\"column-3\"><a class=\"download-link\" title=\"\u0130ndir &ldquo;Solid Security Pro (iThemes Security Pro)&rdquo;&nbsp;Versiyon 8.7.2\" href=\"https:\/\/wpdepo.com\/tr\/\/download\/3372\/\" rel=\"nofollow\">\n\t\u0130ndir<\/a><\/td><td class=\"column-4\">3 Nisan 2026<\/td><td class=\"column-5\"><a href=\"https:\/\/ithemes.com\/security\/\" target=\"_blank\" rel=\"noopener\">Eklenti Sayfas\u0131<\/a><\/td>\n<\/tr>\n<\/tbody>\n<\/table>\n\r\n\r\n\t\t<\/div>\n\t\t\t\t\t<\/div>\n\n\t\r\n\r\n<\/div>\r\n\r\n\t\t<\/div>\n\n\t\t\n<style>\n#section_240071481 {\n  padding-top: 30px;\n  padding-bottom: 30px;\n}\n<\/style>\n\t<\/section>\n\t","protected":false},"excerpt":{"rendered":"","protected":false},"author":1,"featured_media":0,"parent":0,"menu_order":0,"comment_status":"closed","ping_status":"closed","template":"page-blank.php","meta":{"footnotes":""},"class_list":["post-3375","page","type-page","status-publish","hentry"],"_links":{"self":[{"href":"https:\/\/wpdepo.com\/tr\/wp-json\/wp\/v2\/pages\/3375","targetHints":{"allow":["GET"]}}],"collection":[{"href":"https:\/\/wpdepo.com\/tr\/wp-json\/wp\/v2\/pages"}],"about":[{"href":"https:\/\/wpdepo.com\/tr\/wp-json\/wp\/v2\/types\/page"}],"author":[{"embeddable":true,"href":"https:\/\/wpdepo.com\/tr\/wp-json\/wp\/v2\/users\/1"}],"replies":[{"embeddable":true,"href":"https:\/\/wpdepo.com\/tr\/wp-json\/wp\/v2\/comments?post=3375"}],"version-history":[{"count":0,"href":"https:\/\/wpdepo.com\/tr\/wp-json\/wp\/v2\/pages\/3375\/revisions"}],"wp:attachment":[{"href":"https:\/\/wpdepo.com\/tr\/wp-json\/wp\/v2\/media?parent=3375"}],"curies":[{"name":"wp","href":"https:\/\/api.w.org\/{rel}","templated":true}]}}