{"id":3363,"date":"2017-09-29T16:15:29","date_gmt":"2017-09-29T13:15:29","guid":{"rendered":"https:\/\/wpdepo.com\/?page_id=3363"},"modified":"2018-09-03T20:46:58","modified_gmt":"2018-09-03T17:46:58","slug":"yedekleme-eklentileri","status":"publish","type":"page","link":"https:\/\/wpdepo.com\/tr\/yedekleme-eklentileri\/","title":{"rendered":"Yedekleme Eklentileri"},"content":{"rendered":"\n\t<section class=\"section\" id=\"section_403667349\">\n\t\t<div class=\"section-bg fill\" >\n\t\t\t\t\t\t\t\t\t\n\t\t\t\n\n\t\t<\/div>\n\n\t\t\n\n\t\t<div class=\"section-content relative\">\n\t\t\t\r\n\r\n<div class=\"row\"  id=\"row-1632562664\">\r\n\r\n\n\t<div id=\"col-1371084967\" class=\"col small-12 large-12\"  >\n\t\t\t\t<div class=\"col-inner text-left\"  >\n\t\t\t\n\t\t\t\r\n\r\n<h2 style=\"text-align: center;\">Yedekleme Eklentileri<\/h2>\r\n<p>Bu sayfada, WordPress sitenizin yedekleme, d\u0131\u015fa aktarma, i\u00e7e aktarma ve web sitesi aktar\u0131mlar\u0131 i\u00e7in kullanabilece\u011finiz \u00e7e\u015fitli eklentileri bulabilir ve indirebilirsiniz.<\/p>\r\n\r\n\t\t<\/div>\n\t\t\t\t\t<\/div>\n\n\t\r\n\r\n<\/div>\r\n\r\n\t\t<\/div>\n\n\t\t\n<style>\n#section_403667349 {\n  padding-top: 0px;\n  padding-bottom: 0px;\n  background-color: rgb(245, 245, 245);\n}\n<\/style>\n\t<\/section>\n\t\r\n\n\t<section class=\"section\" id=\"section_840862547\">\n\t\t<div class=\"section-bg fill\" >\n\t\t\t\t\t\t\t\t\t\n\t\t\t\n\n\t\t<\/div>\n\n\t\t\n\n\t\t<div class=\"section-content relative\">\n\t\t\t\r\n\r\n<div class=\"row\"  id=\"row-847231081\">\r\n\r\n\n\t<div id=\"col-193955056\" class=\"col small-12 large-12\"  >\n\t\t\t\t<div class=\"col-inner text-left\"  >\n\t\t\t\n\t\t\t\r\n\r\n\n<table id=\"tablepress-42\" class=\"tablepress tablepress-id-42\">\n<thead>\n<tr class=\"row-1 odd\">\n\t<th class=\"column-1\">Eklenti Ad\u0131<\/th><th class=\"column-2\">Versiyon<\/th><th class=\"column-3\">\u0130ndir<\/th><th class=\"column-4\">G\u00fcncelleme<\/th><th class=\"column-5\">Bilgi<\/th>\n<\/tr>\n<\/thead>\n<tbody class=\"row-hover\">\n<tr class=\"row-2 even\">\n\t<td class=\"column-1\">Backuply Pro<\/td><td class=\"column-2\">1.4.9<\/td><td class=\"column-3\"><a class=\"download-link\" title=\"\u0130ndir &ldquo;Backuply Pro&rdquo;&nbsp;Versiyon 1.4.9\" href=\"https:\/\/wpdepo.com\/tr\/\/download\/80500\/\" rel=\"nofollow\">\n\t\u0130ndir<\/a><\/td><td class=\"column-4\">1 Ekim 2025<\/td><td class=\"column-5\"><a href=\"https:\/\/backuply.com\/\" target=\"_blank\" rel=\"noopener\">Eklenti Sayfas\u0131<\/a><\/td>\n<\/tr>\n<tr class=\"row-3 odd\">\n\t<td class=\"column-1\">Duplicator Pro<\/td><td class=\"column-2\">4.5.25.3<\/td><td class=\"column-3\"><a class=\"download-link\" title=\"\u0130ndir &ldquo;Duplicator Pro&rdquo;&nbsp;Versiyon 4.5.25.3\" href=\"https:\/\/wpdepo.com\/tr\/\/download\/3358\/\" rel=\"nofollow\">\n\t\u0130ndir<\/a><\/td><td class=\"column-4\">16 Nisan 2026<\/td><td class=\"column-5\"><a href=\"https:\/\/snapcreek.com\/duplicator\/\" target=\"_blank\" rel=\"noopener\">Eklenti Sayfas\u0131<\/a><\/td>\n<\/tr>\n<tr class=\"row-4 even\">\n\t<td class=\"column-1\">Solid Backups (iThemes BackupBuddy)<\/td><td class=\"column-2\">9.1.18<\/td><td class=\"column-3\"><a class=\"download-link\" title=\"\u0130ndir &ldquo;Solid Backups (iThemes BackupBuddy)&rdquo;&nbsp;Versiyon 9.1.18\" href=\"https:\/\/wpdepo.com\/tr\/\/download\/3356\/\" rel=\"nofollow\">\n\t\u0130ndir<\/a><\/td><td class=\"column-4\">3 Nisan 2026<\/td><td class=\"column-5\"><a href=\"https:\/\/ithemes.com\/purchase\/backupbuddy\/\" target=\"_blank\" rel=\"noopener\">Eklenti Sayfas\u0131<\/a><\/td>\n<\/tr>\n<tr class=\"row-5 odd\">\n\t<td class=\"column-1\">Prime Mover Pro - Migrate WordPress Website & Backups<\/td><td class=\"column-2\">2.1.2<\/td><td class=\"column-3\"><a class=\"download-link\" title=\"\u0130ndir &ldquo;Prime Mover Pro - Migrate WordPress Website &amp; Backups&rdquo;&nbsp;Versiyon 2.1.2\" href=\"https:\/\/wpdepo.com\/tr\/\/download\/99125\/\" rel=\"nofollow\">\n\t\u0130ndir<\/a><\/td><td class=\"column-4\">9 \u015eubat 2026<\/td><td class=\"column-5\"><a href=\"https:\/\/codexonics.com\/prime_mover\/prime-mover\/\" target=\"_blank\" rel=\"noopener\">Eklenti Sayfas\u0131<\/a><\/td>\n<\/tr>\n<tr class=\"row-6 even\">\n\t<td class=\"column-1\">UpdraftPlus Premium<\/td><td class=\"column-2\">2.26.1.26<\/td><td class=\"column-3\"><a class=\"download-link\" title=\"\u0130ndir &ldquo;UpdraftPlus Premium&rdquo;&nbsp;Versiyon 2.26.1.26\" href=\"https:\/\/wpdepo.com\/tr\/\/download\/3360\/\" rel=\"nofollow\">\n\t\u0130ndir<\/a><\/td><td class=\"column-4\">25 Ocak 2026<\/td><td class=\"column-5\"><a href=\"https:\/\/updraftplus.com\/\" target=\"_blank\" rel=\"noopener\">Eklenti Sayfas\u0131<\/a><\/td>\n<\/tr>\n<tr class=\"row-7 odd\">\n\t<td class=\"column-1\">WordPress Advanced Database Cleaner Pro<\/td><td class=\"column-2\">4.1.0<\/td><td class=\"column-3\"><a class=\"download-link\" title=\"\u0130ndir &ldquo;WordPress Advanced Database Cleaner Pro&rdquo;&nbsp;Versiyon 4.1.0\" href=\"https:\/\/wpdepo.com\/tr\/\/download\/5731\/\" rel=\"nofollow\">\n\t\u0130ndir<\/a><\/td><td class=\"column-4\">9 Nisan 2026<\/td><td class=\"column-5\"><a href=\"https:\/\/sigmaplugin.com\/downloads\/wordpress-advanced-database-cleaner\" target=\"_blank\" rel=\"noopener\">Eklenti Sayfas\u0131<\/a><\/td>\n<\/tr>\n<tr class=\"row-8 even\">\n\t<td class=\"column-1\">WP Migrate DB Pro & Addons<\/td><td class=\"column-2\">2.7.7<\/td><td class=\"column-3\"><a class=\"download-link\" title=\"\u0130ndir &ldquo;WP Migrate DB Pro &amp; Addons&rdquo;&nbsp;Versiyon 2.7.7\" href=\"https:\/\/wpdepo.com\/tr\/\/download\/19243\/\" rel=\"nofollow\">\n\t\u0130ndir<\/a><\/td><td class=\"column-4\">17 Kas\u0131m 2025<\/td><td class=\"column-5\"><a href=\"https:\/\/deliciousbrains.com\/wp-migrate-db-pro\/\" target=\"_blank\" rel=\"noopener\">Eklenti Sayfas\u0131<\/a><\/td>\n<\/tr>\n<tr class=\"row-9 odd\">\n\t<td class=\"column-1\">WP Staging Pro<\/td><td class=\"column-2\">6.7.2<\/td><td class=\"column-3\"><a class=\"download-link\" title=\"\u0130ndir &ldquo;WP Staging Pro&rdquo;&nbsp;Versiyon 6.7.2\" href=\"https:\/\/wpdepo.com\/tr\/\/download\/7684\/\" rel=\"nofollow\">\n\t\u0130ndir<\/a><\/td><td class=\"column-4\">26 Mart 2026<\/td><td class=\"column-5\"><a href=\"https:\/\/wp-staging.com\/\" target=\"_blank\" rel=\"noopener\">Eklenti Sayfas\u0131<\/a><\/td>\n<\/tr>\n<tr class=\"row-10 even\">\n\t<td class=\"column-1\">WP Synchro Pro<\/td><td class=\"column-2\">1.14.0<\/td><td class=\"column-3\"><a class=\"download-link\" title=\"\u0130ndir &ldquo;WP Synchro Pro&rdquo;&nbsp;Versiyon 1.14.0\" href=\"https:\/\/wpdepo.com\/tr\/\/download\/84327\/\" rel=\"nofollow\">\n\t\u0130ndir<\/a><\/td><td class=\"column-4\">17 Aral\u0131k 2025<\/td><td class=\"column-5\"><a href=\"https:\/\/daev.tech\/wpsynchro\" target=\"_blank\" rel=\"noopener\">Eklenti Sayfas\u0131<\/a><\/td>\n<\/tr>\n<\/tbody>\n<\/table>\n\r\n\r\n\t\t<\/div>\n\t\t\t\t\t<\/div>\n\n\t\r\n\r\n<\/div>\r\n\r\n\t\t<\/div>\n\n\t\t\n<style>\n#section_840862547 {\n  padding-top: 30px;\n  padding-bottom: 30px;\n}\n<\/style>\n\t<\/section>\n\t","protected":false},"excerpt":{"rendered":"","protected":false},"author":1,"featured_media":0,"parent":0,"menu_order":0,"comment_status":"closed","ping_status":"closed","template":"page-blank.php","meta":{"footnotes":""},"class_list":["post-3363","page","type-page","status-publish","hentry"],"_links":{"self":[{"href":"https:\/\/wpdepo.com\/tr\/wp-json\/wp\/v2\/pages\/3363","targetHints":{"allow":["GET"]}}],"collection":[{"href":"https:\/\/wpdepo.com\/tr\/wp-json\/wp\/v2\/pages"}],"about":[{"href":"https:\/\/wpdepo.com\/tr\/wp-json\/wp\/v2\/types\/page"}],"author":[{"embeddable":true,"href":"https:\/\/wpdepo.com\/tr\/wp-json\/wp\/v2\/users\/1"}],"replies":[{"embeddable":true,"href":"https:\/\/wpdepo.com\/tr\/wp-json\/wp\/v2\/comments?post=3363"}],"version-history":[{"count":0,"href":"https:\/\/wpdepo.com\/tr\/wp-json\/wp\/v2\/pages\/3363\/revisions"}],"wp:attachment":[{"href":"https:\/\/wpdepo.com\/tr\/wp-json\/wp\/v2\/media?parent=3363"}],"curies":[{"name":"wp","href":"https:\/\/api.w.org\/{rel}","templated":true}]}}