{"id":3341,"date":"2017-09-29T01:15:47","date_gmt":"2017-09-28T22:15:47","guid":{"rendered":"https:\/\/wpdepo.com\/?page_id=3341"},"modified":"2018-09-03T20:46:56","modified_gmt":"2018-09-03T17:46:56","slug":"social-warfare-eklentileri","status":"publish","type":"page","link":"https:\/\/wpdepo.com\/tr\/social-warfare-eklentileri\/","title":{"rendered":"Social Warfare Eklentileri"},"content":{"rendered":"\n\t<section class=\"section\" id=\"section_1683775183\">\n\t\t<div class=\"section-bg fill\" >\n\t\t\t\t\t\t\t\t\t\n\t\t\t\n\n\t\t<\/div>\n\n\t\t\n\n\t\t<div class=\"section-content relative\">\n\t\t\t\r\n\r\n<div class=\"row\"  id=\"row-2108645288\">\r\n\r\n\n\t<div id=\"col-2013388355\" class=\"col small-12 large-12\"  >\n\t\t\t\t<div class=\"col-inner text-left\"  >\n\t\t\t\n\t\t\t\r\n\r\n<h2 style=\"text-align: center;\">Social Warfare<\/h2>\r\n<p>Social Warfare, web sitenize veya blogunuza g\u00fczel, y\u0131ld\u0131r\u0131m gibi h\u0131zl\u0131 sosyal payla\u015f\u0131m d\u00fc\u011fmeleri ekleyen bir WordPress eklentisidir. WordPress i\u00e7in en iyi payla\u015f\u0131m eklentisiyle daha fazla web sitesi trafi\u011fine neden olabilecek daha fazla sosyal medya payla\u015f\u0131m\u0131 al\u0131n.<\/p>\r\n<p>Eklentinin \u00fccretsiz s\u00fcr\u00fcm\u00fcn\u00fc indirmeniz ve PRO s\u00fcr\u00fcm\u00fcn\u00fc kullanmadan \u00f6nce y\u00fcklemeniz gerekmektedir. Social Warfare eklentisinin \u00fccretsiz s\u00fcr\u00fcm\u00fcn\u00fc <a href=\"https:\/\/tr.wordpress.org\/plugins\/social-warfare\/\" rel=\"noopener\" target=\"_blank\">buradan<\/a> indirebilirsiniz.<\/p>\r\n\r\n\t\t<\/div>\n\t\t\t\t\t<\/div>\n\n\t\r\n\r\n<\/div>\r\n\r\n\t\t<\/div>\n\n\t\t\n<style>\n#section_1683775183 {\n  padding-top: 0px;\n  padding-bottom: 0px;\n  background-color: rgb(245, 245, 245);\n}\n<\/style>\n\t<\/section>\n\t\r\n\n\t<section class=\"section\" id=\"section_597379193\">\n\t\t<div class=\"section-bg fill\" >\n\t\t\t\t\t\t\t\t\t\n\t\t\t\n\n\t\t<\/div>\n\n\t\t\n\n\t\t<div class=\"section-content relative\">\n\t\t\t\r\n\r\n<div class=\"row\"  id=\"row-1161306039\">\r\n\r\n\n\t<div id=\"col-321740855\" class=\"col small-12 large-12\"  >\n\t\t\t\t<div class=\"col-inner text-left\"  >\n\t\t\t\n\t\t\t\r\n\r\n\n<table id=\"tablepress-41\" class=\"tablepress tablepress-id-41\">\n<thead>\n<tr class=\"row-1 odd\">\n\t<th class=\"column-1\">Eklenti Ad\u0131<\/th><th class=\"column-2\">Versiyon<\/th><th class=\"column-3\">\u0130ndir<\/th><th class=\"column-4\">G\u00fcncelleme<\/th><th class=\"column-5\">Bilgi<\/th>\n<\/tr>\n<\/thead>\n<tbody class=\"row-hover\">\n<tr class=\"row-2 even\">\n\t<td class=\"column-1\">Social Warfare - AffiliateWP<\/td><td class=\"column-2\">2.2.0<\/td><td class=\"column-3\"><a class=\"download-link\" title=\"\u0130ndir &ldquo;Social Warfare - AffiliateWP&rdquo;&nbsp;Versiyon 2.2.0\" href=\"https:\/\/wpdepo.com\/tr\/\/download\/44709\/\" rel=\"nofollow\">\n\t\u0130ndir<\/a><\/td><td class=\"column-4\">6 Kas\u0131m 2018<\/td><td class=\"column-5\"><a href=\"https:\/\/warfareplugins.com\/products\/social-warfare-affiliatewp\/\" target=\"_blank\" rel=\"noopener noreferrer\">Eklenti Sayfas\u0131<\/a><\/td>\n<\/tr>\n<tr class=\"row-3 odd\">\n\t<td class=\"column-1\">Social Warfare - Pro<\/td><td class=\"column-2\">4.5.6<\/td><td class=\"column-3\"><a class=\"download-link\" title=\"\u0130ndir &ldquo;Social Warfare - Pro&rdquo;&nbsp;Versiyon 4.5.6\" href=\"https:\/\/wpdepo.com\/tr\/\/download\/3338\/\" rel=\"nofollow\">\n\t\u0130ndir<\/a><\/td><td class=\"column-4\">24 Mart 2025<\/td><td class=\"column-5\"><a href=\"https:\/\/warfareplugins.com\/\" target=\"_blank\" rel=\"noopener noreferrer\">Eklenti Sayfas\u0131<\/a><\/td>\n<\/tr>\n<\/tbody>\n<\/table>\n\r\n\r\n\t\t<\/div>\n\t\t\t\t\t<\/div>\n\n\t\r\n\r\n<\/div>\r\n\r\n\t\t<\/div>\n\n\t\t\n<style>\n#section_597379193 {\n  padding-top: 30px;\n  padding-bottom: 30px;\n}\n<\/style>\n\t<\/section>\n\t","protected":false},"excerpt":{"rendered":"","protected":false},"author":1,"featured_media":0,"parent":0,"menu_order":0,"comment_status":"closed","ping_status":"closed","template":"page-blank.php","meta":{"footnotes":""},"class_list":["post-3341","page","type-page","status-publish","hentry"],"_links":{"self":[{"href":"https:\/\/wpdepo.com\/tr\/wp-json\/wp\/v2\/pages\/3341","targetHints":{"allow":["GET"]}}],"collection":[{"href":"https:\/\/wpdepo.com\/tr\/wp-json\/wp\/v2\/pages"}],"about":[{"href":"https:\/\/wpdepo.com\/tr\/wp-json\/wp\/v2\/types\/page"}],"author":[{"embeddable":true,"href":"https:\/\/wpdepo.com\/tr\/wp-json\/wp\/v2\/users\/1"}],"replies":[{"embeddable":true,"href":"https:\/\/wpdepo.com\/tr\/wp-json\/wp\/v2\/comments?post=3341"}],"version-history":[{"count":0,"href":"https:\/\/wpdepo.com\/tr\/wp-json\/wp\/v2\/pages\/3341\/revisions"}],"wp:attachment":[{"href":"https:\/\/wpdepo.com\/tr\/wp-json\/wp\/v2\/media?parent=3341"}],"curies":[{"name":"wp","href":"https:\/\/api.w.org\/{rel}","templated":true}]}}