{"id":3294,"date":"2017-09-24T23:37:51","date_gmt":"2017-09-24T20:37:51","guid":{"rendered":"https:\/\/wpdepo.com\/?page_id=3294"},"modified":"2018-09-03T20:46:19","modified_gmt":"2018-09-03T17:46:19","slug":"dokan-eklentileri","status":"publish","type":"page","link":"https:\/\/wpdepo.com\/tr\/dokan-eklentileri\/","title":{"rendered":"Dokan Eklentileri"},"content":{"rendered":"\n\t<section class=\"section\" id=\"section_1550244173\">\n\t\t<div class=\"section-bg fill\" >\n\t\t\t\t\t\t\t\t\t\n\t\t\t\n\n\t\t<\/div>\n\n\t\t\n\n\t\t<div class=\"section-content relative\">\n\t\t\t\r\n\r\n<div class=\"row\"  id=\"row-1464581469\">\r\n\r\n\n\t<div id=\"col-914014834\" class=\"col small-12 large-12\"  >\n\t\t\t\t<div class=\"col-inner text-left\"  >\n\t\t\t\n\t\t\t\r\n\r\n<h2 style=\"text-align: center;\">Dokan<\/h2>\r\n<p>Dokan, WordPress&#8217;in en iyi \u00e7ok sat\u0131c\u0131l\u0131 pazar alanlar\u0131ndan biridir ve WooCommerce taraf\u0131ndan desteklenmektedir. Kendi Amazon, Shopify, eBay, Etsy tarz\u0131 pazarlar\u0131n\u0131z\u0131 olu\u015fturabilirsiniz.<\/p>\r\n<p>Pro versiyonunu bu sayfadan indirebilece\u011finiz Dokan eklentisinin Lite s\u00fcr\u00fcm\u00fcn\u00fc WordPress deposundan <a href=\"https:\/\/tr.wordpress.org\/plugins\/dokan-lite\/\" rel=\"noopener\" target=\"_blank\">indirebilirsiniz<\/a>.<\/p>\r\n\r\n\t\t<\/div>\n\t\t\t\t\t<\/div>\n\n\t\r\n\r\n<\/div>\r\n\r\n\t\t<\/div>\n\n\t\t\n<style>\n#section_1550244173 {\n  padding-top: 0px;\n  padding-bottom: 0px;\n  background-color: rgb(245, 245, 245);\n}\n<\/style>\n\t<\/section>\n\t\r\n\n\t<section class=\"section\" id=\"section_707570558\">\n\t\t<div class=\"section-bg fill\" >\n\t\t\t\t\t\t\t\t\t\n\t\t\t\n\n\t\t<\/div>\n\n\t\t\n\n\t\t<div class=\"section-content relative\">\n\t\t\t\r\n\r\n<div class=\"row\"  id=\"row-1080730278\">\r\n\r\n\n\t<div id=\"col-1878961714\" class=\"col small-12 large-12\"  >\n\t\t\t\t<div class=\"col-inner text-left\"  >\n\t\t\t\n\t\t\t\r\n\r\n\n<table id=\"tablepress-40\" class=\"tablepress tablepress-id-40\">\n<thead>\n<tr class=\"row-1 odd\">\n\t<th class=\"column-1\">Eklenti Ad\u0131<\/th><th class=\"column-2\">Versiyon<\/th><th class=\"column-3\">\u0130ndir<\/th><th class=\"column-4\">G\u00fcncelleme<\/th><th class=\"column-5\">Bilgi<\/th>\n<\/tr>\n<\/thead>\n<tbody class=\"row-hover\">\n<tr class=\"row-2 even\">\n\t<td class=\"column-1\">Dokan eCommerce Theme<\/td><td class=\"column-2\">2.3.8<\/td><td class=\"column-3\"><a class=\"download-link\" title=\"\u0130ndir &ldquo;Dokan eCommerce Theme&rdquo;&nbsp;Versiyon 2.3.8\" href=\"https:\/\/wpdepo.com\/tr\/\/download\/3291\/\" rel=\"nofollow\">\n\t\u0130ndir<\/a><\/td><td class=\"column-4\">26 Eyl\u00fcl 2023<\/td><td class=\"column-5\"><a href=\"https:\/\/wedevs.com\/dokan\/dokan-theme\/\" target=\"_blank\" rel=\"noopener\">Eklenti Sayfas\u0131<\/a><\/td>\n<\/tr>\n<tr class=\"row-3 odd\">\n\t<td class=\"column-1\">Dokan Pro - business<\/td><td class=\"column-2\">4.3.3<\/td><td class=\"column-3\"><a class=\"download-link\" title=\"\u0130ndir &ldquo;Dokan Pro - business&rdquo;&nbsp;Versiyon 4.3.3\" href=\"https:\/\/wpdepo.com\/tr\/\/download\/7271\/\" rel=\"nofollow\">\n\t\u0130ndir<\/a><\/td><td class=\"column-4\">6 Nisan 2026<\/td><td class=\"column-5\"><a href=\"https:\/\/wedevs.com\/dokan\/\" target=\"_blank\" rel=\"noopener\">Eklenti Sayfas\u0131<\/a><\/td>\n<\/tr>\n<tr class=\"row-4 even\">\n\t<td class=\"column-1\">Dokan - Simple Auctions Integration<\/td><td class=\"column-2\">1.5.5<\/td><td class=\"column-3\"><a class=\"download-link\" title=\"\u0130ndir &ldquo;Dokan - Simple Auctions Integration&rdquo;&nbsp;Versiyon 1.5.5\" href=\"https:\/\/wpdepo.com\/tr\/\/download\/15632\/\" rel=\"nofollow\">\n\t\u0130ndir<\/a><\/td><td class=\"column-4\">7 A\u011fustos 2018<\/td><td class=\"column-5\"><a href=\"https:\/\/wedevs.com\/products\/plugins\/dokan\/dokan-simple-auctions\/\" target=\"_blank\" rel=\"noopener\">Eklenti Sayfas\u0131<\/a><\/td>\n<\/tr>\n<tr class=\"row-5 odd\">\n\t<td class=\"column-1\">Dokan - WooCommerce Booking Integration<\/td><td class=\"column-2\">1.4.9<\/td><td class=\"column-3\"><a class=\"download-link\" title=\"\u0130ndir &ldquo;Dokan - WooCommerce Booking Integration&rdquo;&nbsp;Versiyon 1.4.9\" href=\"https:\/\/wpdepo.com\/tr\/\/download\/15635\/\" rel=\"nofollow\">\n\t\u0130ndir<\/a><\/td><td class=\"column-4\">1 \u015eubat 2021<\/td><td class=\"column-5\"><a href=\"https:\/\/wedevs.com\/products\/plugins\/dokan\/woocommerce-booking-integration\/\" target=\"_blank\" rel=\"noopener\">Eklenti Sayfas\u0131<\/a><\/td>\n<\/tr>\n<tr class=\"row-6 even\">\n\t<td class=\"column-1\">WooCommerce Refund & Exchange Dokan Addon<\/td><td class=\"column-2\">1.0.1<\/td><td class=\"column-3\"><a class=\"download-link\" title=\"\u0130ndir &ldquo;WooCommerce Refund &amp; Exchange Dokan Addon&rdquo;&nbsp;Versiyon 1.0.1\" href=\"https:\/\/wpdepo.com\/tr\/\/download\/15572\/\" rel=\"nofollow\">\n\t\u0130ndir<\/a><\/td><td class=\"column-4\">14 Aral\u0131k 2018<\/td><td class=\"column-5\"><a href=\"https:\/\/makewebbetter.com\/product\/dokan-woocommerce-refund-exchange-addon\/\" target=\"_blank\" rel=\"noopener\">Eklenti Sayfas\u0131<\/a><\/td>\n<\/tr>\n<\/tbody>\n<\/table>\n\r\n\r\n\t\t<\/div>\n\t\t\t\t\t<\/div>\n\n\t\r\n\r\n<\/div>\r\n\r\n\t\t<\/div>\n\n\t\t\n<style>\n#section_707570558 {\n  padding-top: 30px;\n  padding-bottom: 30px;\n}\n<\/style>\n\t<\/section>\n\t","protected":false},"excerpt":{"rendered":"","protected":false},"author":1,"featured_media":0,"parent":0,"menu_order":0,"comment_status":"closed","ping_status":"closed","template":"page-blank.php","meta":{"footnotes":""},"class_list":["post-3294","page","type-page","status-publish","hentry"],"_links":{"self":[{"href":"https:\/\/wpdepo.com\/tr\/wp-json\/wp\/v2\/pages\/3294","targetHints":{"allow":["GET"]}}],"collection":[{"href":"https:\/\/wpdepo.com\/tr\/wp-json\/wp\/v2\/pages"}],"about":[{"href":"https:\/\/wpdepo.com\/tr\/wp-json\/wp\/v2\/types\/page"}],"author":[{"embeddable":true,"href":"https:\/\/wpdepo.com\/tr\/wp-json\/wp\/v2\/users\/1"}],"replies":[{"embeddable":true,"href":"https:\/\/wpdepo.com\/tr\/wp-json\/wp\/v2\/comments?post=3294"}],"version-history":[{"count":0,"href":"https:\/\/wpdepo.com\/tr\/wp-json\/wp\/v2\/pages\/3294\/revisions"}],"wp:attachment":[{"href":"https:\/\/wpdepo.com\/tr\/wp-json\/wp\/v2\/media?parent=3294"}],"curies":[{"name":"wp","href":"https:\/\/api.w.org\/{rel}","templated":true}]}}