{"id":3256,"date":"2017-09-20T16:56:17","date_gmt":"2017-09-20T13:56:17","guid":{"rendered":"https:\/\/wpdepo.com\/?page_id=3256"},"modified":"2018-09-03T20:46:57","modified_gmt":"2018-09-03T17:46:57","slug":"ultimate-member-eklentileri","status":"publish","type":"page","link":"https:\/\/wpdepo.com\/tr\/ultimate-member-eklentileri\/","title":{"rendered":"Ultimate Member Eklentileri"},"content":{"rendered":"\n\t<section class=\"section\" id=\"section_20175321\">\n\t\t<div class=\"section-bg fill\" >\n\t\t\t\t\t\t\t\t\t\n\t\t\t\n\n\t\t<\/div>\n\n\t\t\n\n\t\t<div class=\"section-content relative\">\n\t\t\t\r\n\r\n<div class=\"row\"  id=\"row-1673112461\">\r\n\r\n\n\t<div id=\"col-2029864571\" class=\"col small-12 large-12\"  >\n\t\t\t\t<div class=\"col-inner text-left\"  >\n\t\t\t\n\t\t\t\r\n\r\n<h2 style=\"text-align: center;\">Ultimate Member<\/h2>\r\n<p>Ultimate Member, WordPress ile g\u00fc\u00e7l\u00fc \u00fcyelik altyap\u0131s\u0131, \u00e7evrimi\u00e7i topluluklar ve g\u00fczel kullan\u0131c\u0131 profilleri olu\u015fturmay\u0131 son derece kolay hale getiren \u00fccretsiz bir WordPress eklentisidir. Ultimate Member ana eklentisini WordPress deposundan \u00fccretsiz olarak <a href=\"https:\/\/tr.wordpress.org\/plugins\/ultimate-member\/\" rel=\"noopener\" target=\"_blank\">indirilebilirsiniz<\/a>.<\/p>\r\n<p>Ultimate Member taraf\u0131ndan geli\u015ftirilmi\u015f Pro ve \u00fccretsiz uzant\u0131lar\u0131 bu sayfadan indirilebilirsiniz. \u00d6ncelikle ana eklentiyi kurmay\u0131 unutmay\u0131n\u0131z.<\/p>\r\n\r\n\t\t<\/div>\n\t\t\t\t\t<\/div>\n\n\t\r\n\r\n<\/div>\r\n\r\n\t\t<\/div>\n\n\t\t\n<style>\n#section_20175321 {\n  padding-top: 0px;\n  padding-bottom: 0px;\n  background-color: rgb(245, 245, 245);\n}\n<\/style>\n\t<\/section>\n\t\r\n\n\t<section class=\"section\" id=\"section_780111832\">\n\t\t<div class=\"section-bg fill\" >\n\t\t\t\t\t\t\t\t\t\n\t\t\t\n\n\t\t<\/div>\n\n\t\t\n\n\t\t<div class=\"section-content relative\">\n\t\t\t\r\n\r\n<div class=\"row\"  id=\"row-1775562553\">\r\n\r\n\n\t<div id=\"col-1152386295\" class=\"col small-12 large-12\"  >\n\t\t\t\t<div class=\"col-inner text-left\"  >\n\t\t\t\n\t\t\t\r\n\r\n\n<table id=\"tablepress-39\" class=\"tablepress tablepress-id-39\">\n<thead>\n<tr class=\"row-1 odd\">\n\t<th class=\"column-1\">Eklenti Ad\u0131<\/th><th class=\"column-2\">Versiyon<\/th><th class=\"column-3\">\u0130ndir<\/th><th class=\"column-4\">G\u00fcncelleme<\/th><th class=\"column-5\">Bilgi<\/th>\n<\/tr>\n<\/thead>\n<tbody class=\"row-hover\">\n<tr class=\"row-2 even\">\n\t<td class=\"column-1\">Ultimate Member Core Extensions Bundle (07.2017)<\/td><td class=\"column-2\">1.x<\/td><td class=\"column-3\"><a class=\"download-link\" title=\"\u0130ndir &ldquo;Ultimate Member Core Extensions Bundle (07.2017)&rdquo;&nbsp;Versiyon 1.x\" href=\"https:\/\/wpdepo.com\/tr\/\/download\/7232\/\" rel=\"nofollow\">\n\t\u0130ndir<\/a><\/td><td class=\"column-4\">3 Ocak 2018<\/td><td class=\"column-5\"><a href=\"https:\/\/ultimatemember.com\/\" target=\"_blank\" rel=\"noopener noreferrer\">Eklenti Sayfas\u0131<\/a><\/td>\n<\/tr>\n<tr class=\"row-3 odd\">\n\t<td class=\"column-1\">Ultimate Member<\/td><td class=\"column-2\">2.11.3<\/td><td class=\"column-3\"><a class=\"download-link\" title=\"\u0130ndir &ldquo;Ultimate Member&rdquo;&nbsp;Versiyon 2.11.3\" href=\"https:\/\/wpdepo.com\/tr\/\/download\/5135\/\" rel=\"nofollow\">\n\t\u0130ndir<\/a><\/td><td class=\"column-4\">3 Nisan 2026<\/td><td class=\"column-5\"><a href=\"https:\/\/ultimatemember.com\/\" target=\"_blank\" rel=\"noopener noreferrer\">Eklenti Sayfas\u0131<\/a><\/td>\n<\/tr>\n<tr class=\"row-4 even\">\n\t<td class=\"column-1\">Ultimate Member Theme (UM Theme)<\/td><td class=\"column-2\">1.35<\/td><td class=\"column-3\"><a class=\"download-link\" title=\"\u0130ndir &ldquo;Ultimate Member Theme (UM Theme)&rdquo;&nbsp;Versiyon 1.35\" href=\"https:\/\/wpdepo.com\/tr\/\/download\/18978\/\" rel=\"nofollow\">\n\t\u0130ndir<\/a><\/td><td class=\"column-4\">27 A\u011fustos 2024<\/td><td class=\"column-5\"><a href=\"https:\/\/ultimatemember.com\/theme\/\" target=\"_blank\" rel=\"noopener noreferrer\">Eklenti Sayfas\u0131<\/a><\/td>\n<\/tr>\n<tr class=\"row-5 odd\">\n\t<td class=\"column-1\">Ultimate Member - bbPress<\/td><td class=\"column-2\">2.1.9<\/td><td class=\"column-3\"><a class=\"download-link\" title=\"\u0130ndir &ldquo;Ultimate Member - bbPress&rdquo;&nbsp;Versiyon 2.1.9\" href=\"https:\/\/wpdepo.com\/tr\/\/download\/3216\/\" rel=\"nofollow\">\n\t\u0130ndir<\/a><\/td><td class=\"column-4\">15 Kas\u0131m 2024<\/td><td class=\"column-5\"><a href=\"https:\/\/ultimatemember.com\/extensions\/bbpress\/\" target=\"_blank\" rel=\"noopener noreferrer\">Eklenti Sayfas\u0131<\/a><\/td>\n<\/tr>\n<tr class=\"row-6 even\">\n\t<td class=\"column-1\">Ultimate Member - Followers<\/td><td class=\"column-2\">2.3.5<\/td><td class=\"column-3\"><a class=\"download-link\" title=\"\u0130ndir &ldquo;Ultimate Member - Followers&rdquo;&nbsp;Versiyon 2.3.5\" href=\"https:\/\/wpdepo.com\/tr\/\/download\/3219\/\" rel=\"nofollow\">\n\t\u0130ndir<\/a><\/td><td class=\"column-4\">29 Aral\u0131k 2025<\/td><td class=\"column-5\"><a href=\"https:\/\/ultimatemember.com\/extensions\/followers\/\" target=\"_blank\" rel=\"noopener noreferrer\">Eklenti Sayfas\u0131<\/a><\/td>\n<\/tr>\n<tr class=\"row-7 odd\">\n\t<td class=\"column-1\">Ultimate Member - Friends<\/td><td class=\"column-2\">2.3.4<\/td><td class=\"column-3\"><a class=\"download-link\" title=\"\u0130ndir &ldquo;Ultimate Member - Friends&rdquo;&nbsp;Versiyon 2.3.4\" href=\"https:\/\/wpdepo.com\/tr\/\/download\/3221\/\" rel=\"nofollow\">\n\t\u0130ndir<\/a><\/td><td class=\"column-4\">29 Aral\u0131k 2025<\/td><td class=\"column-5\"><a href=\"https:\/\/ultimatemember.com\/extensions\/friends\/\" target=\"_blank\" rel=\"noopener noreferrer\">Eklenti Sayfas\u0131<\/a><\/td>\n<\/tr>\n<tr class=\"row-8 even\">\n\t<td class=\"column-1\">Ultimate Member - Google reCAPTCHA<\/td><td class=\"column-2\">2.3.8<\/td><td class=\"column-3\"><a class=\"download-link\" title=\"\u0130ndir &ldquo;Ultimate Member - Google reCAPTCHA&rdquo;&nbsp;Versiyon 2.3.8\" href=\"https:\/\/wpdepo.com\/tr\/\/download\/3223\/\" rel=\"nofollow\">\n\t\u0130ndir<\/a><\/td><td class=\"column-4\">27 Kas\u0131m 2024<\/td><td class=\"column-5\"><a href=\"https:\/\/ultimatemember.com\/extensions\/google-recaptcha\/\" target=\"_blank\" rel=\"noopener noreferrer\">Eklenti Sayfas\u0131<\/a><\/td>\n<\/tr>\n<tr class=\"row-9 odd\">\n\t<td class=\"column-1\">Ultimate Member - Groups<\/td><td class=\"column-2\">2.5.0<\/td><td class=\"column-3\"><a class=\"download-link\" title=\"\u0130ndir &ldquo;Ultimate Member - Groups&rdquo;&nbsp;Versiyon 2.5.0\" href=\"https:\/\/wpdepo.com\/tr\/\/download\/16274\/\" rel=\"nofollow\">\n\t\u0130ndir<\/a><\/td><td class=\"column-4\">29 Aral\u0131k 2025<\/td><td class=\"column-5\"><a href=\"https:\/\/ultimatemember.com\/extensions\/groups\/\" target=\"_blank\" rel=\"noopener noreferrer\">Eklenti Sayfas\u0131<\/a><\/td>\n<\/tr>\n<tr class=\"row-10 even\">\n\t<td class=\"column-1\">Ultimate Member - Instagram<\/td><td class=\"column-2\">2.0.6<\/td><td class=\"column-3\"><a class=\"download-link\" title=\"\u0130ndir &ldquo;Ultimate Member - Instagram&rdquo;&nbsp;Versiyon 2.0.6\" href=\"https:\/\/wpdepo.com\/tr\/\/download\/3225\/\" rel=\"nofollow\">\n\t\u0130ndir<\/a><\/td><td class=\"column-4\">28 Ocak 2020<\/td><td class=\"column-5\"><a href=\"https:\/\/ultimatemember.com\/extensions\/instagram\/\" target=\"_blank\" rel=\"noopener noreferrer\">Eklenti Sayfas\u0131<\/a><\/td>\n<\/tr>\n<tr class=\"row-11 odd\">\n\t<td class=\"column-1\">Ultimate Member - MailChimp<\/td><td class=\"column-2\">2.6.2<\/td><td class=\"column-3\"><a class=\"download-link\" title=\"\u0130ndir &ldquo;Ultimate Member - MailChimp&rdquo;&nbsp;Versiyon 2.6.2\" href=\"https:\/\/wpdepo.com\/tr\/\/download\/3227\/\" rel=\"nofollow\">\n\t\u0130ndir<\/a><\/td><td class=\"column-4\">29 Aral\u0131k 2025<\/td><td class=\"column-5\"><a href=\"https:\/\/ultimatemember.com\/extensions\/mailchimp\/\" target=\"_blank\" rel=\"noopener noreferrer\">Eklenti Sayfas\u0131<\/a><\/td>\n<\/tr>\n<tr class=\"row-12 even\">\n\t<td class=\"column-1\">Ultimate Member - myCRED<\/td><td class=\"column-2\">2.2.9<\/td><td class=\"column-3\"><a class=\"download-link\" title=\"\u0130ndir &ldquo;Ultimate Member - myCRED&rdquo;&nbsp;Versiyon 2.2.9\" href=\"https:\/\/wpdepo.com\/tr\/\/download\/3229\/\" rel=\"nofollow\">\n\t\u0130ndir<\/a><\/td><td class=\"column-4\">22 Kas\u0131m 2024<\/td><td class=\"column-5\"><a href=\"https:\/\/ultimatemember.com\/extensions\/mycred\/\" target=\"_blank\" rel=\"noopener noreferrer\">Eklenti Sayfas\u0131<\/a><\/td>\n<\/tr>\n<tr class=\"row-13 odd\">\n\t<td class=\"column-1\">Ultimate Member - Notices<\/td><td class=\"column-2\">2.1.9<\/td><td class=\"column-3\"><a class=\"download-link\" title=\"\u0130ndir &ldquo;Ultimate Member - Notices&rdquo;&nbsp;Versiyon 2.1.9\" href=\"https:\/\/wpdepo.com\/tr\/\/download\/3231\/\" rel=\"nofollow\">\n\t\u0130ndir<\/a><\/td><td class=\"column-4\">22 Kas\u0131m 2024<\/td><td class=\"column-5\"><a href=\"https:\/\/ultimatemember.com\/extensions\/notices\/\" target=\"_blank\" rel=\"noopener noreferrer\">Eklenti Sayfas\u0131<\/a><\/td>\n<\/tr>\n<tr class=\"row-14 even\">\n\t<td class=\"column-1\">Ultimate Member - Online Users<\/td><td class=\"column-2\">2.2.2<\/td><td class=\"column-3\"><a class=\"download-link\" title=\"\u0130ndir &ldquo;Ultimate Member - Online Users&rdquo;&nbsp;Versiyon 2.2.2\" href=\"https:\/\/wpdepo.com\/tr\/\/download\/3257\/\" rel=\"nofollow\">\n\t\u0130ndir<\/a><\/td><td class=\"column-4\">23 Kas\u0131m 2024<\/td><td class=\"column-5\"><a href=\"https:\/\/ultimatemember.com\/extensions\/online-users\/\" target=\"_blank\" rel=\"noopener noreferrer\">Eklenti Sayfas\u0131<\/a><\/td>\n<\/tr>\n<tr class=\"row-15 odd\">\n\t<td class=\"column-1\">Ultimate Member - Private Content<\/td><td class=\"column-2\">2.1.5<\/td><td class=\"column-3\"><a class=\"download-link\" title=\"\u0130ndir &ldquo;Ultimate Member - Private Content&rdquo;&nbsp;Versiyon 2.1.5\" href=\"https:\/\/wpdepo.com\/tr\/\/download\/3233\/\" rel=\"nofollow\">\n\t\u0130ndir<\/a><\/td><td class=\"column-4\">21 Kas\u0131m 2024<\/td><td class=\"column-5\"><a href=\"https:\/\/ultimatemember.com\/extensions\/private-content\/\" target=\"_blank\" rel=\"noopener noreferrer\">Eklenti Sayfas\u0131<\/a><\/td>\n<\/tr>\n<tr class=\"row-16 even\">\n\t<td class=\"column-1\">Ultimate Member - Private Messages<\/td><td class=\"column-2\">2.4.2<\/td><td class=\"column-3\"><a class=\"download-link\" title=\"\u0130ndir &ldquo;Ultimate Member - Private Messages&rdquo;&nbsp;Versiyon 2.4.2\" href=\"https:\/\/wpdepo.com\/tr\/\/download\/3235\/\" rel=\"nofollow\">\n\t\u0130ndir<\/a><\/td><td class=\"column-4\">22 Kas\u0131m 2024<\/td><td class=\"column-5\"><a href=\"https:\/\/ultimatemember.com\/extensions\/private-messages\/\" target=\"_blank\" rel=\"noopener noreferrer\">Eklenti Sayfas\u0131<\/a><\/td>\n<\/tr>\n<tr class=\"row-17 odd\">\n\t<td class=\"column-1\">Ultimate Member - Profile Completeness<\/td><td class=\"column-2\">2.3.2<\/td><td class=\"column-3\"><a class=\"download-link\" title=\"\u0130ndir &ldquo;Ultimate Member - Profile Completeness&rdquo;&nbsp;Versiyon 2.3.2\" href=\"https:\/\/wpdepo.com\/tr\/\/download\/3237\/\" rel=\"nofollow\">\n\t\u0130ndir<\/a><\/td><td class=\"column-4\">22 Kas\u0131m 2024<\/td><td class=\"column-5\"><a href=\"https:\/\/ultimatemember.com\/extensions\/profile-completeness\/\" target=\"_blank\" rel=\"noopener noreferrer\">Eklenti Sayfas\u0131<\/a><\/td>\n<\/tr>\n<tr class=\"row-18 even\">\n\t<td class=\"column-1\">Ultimate Member - Profile Tabs<\/td><td class=\"column-2\">1.1.1<\/td><td class=\"column-3\"><a class=\"download-link\" title=\"\u0130ndir &ldquo;Ultimate Member - Profile Tabs&rdquo;&nbsp;Versiyon 1.1.1\" href=\"https:\/\/wpdepo.com\/tr\/\/download\/54492\/\" rel=\"nofollow\">\n\t\u0130ndir<\/a><\/td><td class=\"column-4\">27 A\u011fustos 2024<\/td><td class=\"column-5\"><a href=\"https:\/\/ultimatemember.com\/extensions\/profile-tabs\/\" target=\"_blank\" rel=\"noopener noreferrer\">Eklenti Sayfas\u0131<\/a><\/td>\n<\/tr>\n<tr class=\"row-19 odd\">\n\t<td class=\"column-1\">Ultimate Member - Real-time Notifications<\/td><td class=\"column-2\">2.3.8<\/td><td class=\"column-3\"><a class=\"download-link\" title=\"\u0130ndir &ldquo;Ultimate Member - Real-time Notifications&rdquo;&nbsp;Versiyon 2.3.8\" href=\"https:\/\/wpdepo.com\/tr\/\/download\/3239\/\" rel=\"nofollow\">\n\t\u0130ndir<\/a><\/td><td class=\"column-4\">29 Aral\u0131k 2025<\/td><td class=\"column-5\"><a href=\"https:\/\/ultimatemember.com\/extensions\/real-time-notifications\/\" target=\"_blank\" rel=\"noopener noreferrer\">Eklenti Sayfas\u0131<\/a><\/td>\n<\/tr>\n<tr class=\"row-20 even\">\n\t<td class=\"column-1\">Ultimate Member - Social Activity<\/td><td class=\"column-2\">2.4.0<\/td><td class=\"column-3\"><a class=\"download-link\" title=\"\u0130ndir &ldquo;Ultimate Member - Social Activity&rdquo;&nbsp;Versiyon 2.4.0\" href=\"https:\/\/wpdepo.com\/tr\/\/download\/3241\/\" rel=\"nofollow\">\n\t\u0130ndir<\/a><\/td><td class=\"column-4\">29 Aral\u0131k 2025<\/td><td class=\"column-5\"><a href=\"https:\/\/ultimatemember.com\/extensions\/social-activity\/\" target=\"_blank\" rel=\"noopener noreferrer\">Eklenti Sayfas\u0131<\/a><\/td>\n<\/tr>\n<tr class=\"row-21 odd\">\n\t<td class=\"column-1\">Ultimate Member - Social Login<\/td><td class=\"column-2\">2.6.3<\/td><td class=\"column-3\"><a class=\"download-link\" title=\"\u0130ndir &ldquo;Ultimate Member - Social Login&rdquo;&nbsp;Versiyon 2.6.3\" href=\"https:\/\/wpdepo.com\/tr\/\/download\/3243\/\" rel=\"nofollow\">\n\t\u0130ndir<\/a><\/td><td class=\"column-4\">25 Ocak 2026<\/td><td class=\"column-5\"><a href=\"https:\/\/ultimatemember.com\/extensions\/social-login\/\" target=\"_blank\" rel=\"noopener noreferrer\">Eklenti Sayfas\u0131<\/a><\/td>\n<\/tr>\n<tr class=\"row-22 even\">\n\t<td class=\"column-1\">Ultimate Member - Terms & Conditions<\/td><td class=\"column-2\">2.1.9<\/td><td class=\"column-3\"><a class=\"download-link\" title=\"\u0130ndir &ldquo;Ultimate Member - Terms &amp; Conditions&rdquo;&nbsp;Versiyon 2.1.9\" href=\"https:\/\/wpdepo.com\/tr\/\/download\/3245\/\" rel=\"nofollow\">\n\t\u0130ndir<\/a><\/td><td class=\"column-4\">22 Kas\u0131m 2024<\/td><td class=\"column-5\"><a href=\"https:\/\/ultimatemember.com\/extensions\/terms-conditions\/\" target=\"_blank\" rel=\"noopener noreferrer\">Eklenti Sayfas\u0131<\/a><\/td>\n<\/tr>\n<tr class=\"row-23 odd\">\n\t<td class=\"column-1\">Ultimate Member - Unsplash<\/td><td class=\"column-2\">2.1.2<\/td><td class=\"column-3\"><a class=\"download-link\" title=\"\u0130ndir &ldquo;Ultimate Member - Unsplash&rdquo;&nbsp;Versiyon 2.1.2\" href=\"https:\/\/wpdepo.com\/tr\/\/download\/31632\/\" rel=\"nofollow\">\n\t\u0130ndir<\/a><\/td><td class=\"column-4\">27 A\u011fustos 2024<\/td><td class=\"column-5\"><a href=\"https:\/\/ultimatemember.com\/extensions\/unsplash\/\" target=\"_blank\" rel=\"noopener noreferrer\">Eklenti Sayfas\u0131<\/a><\/td>\n<\/tr>\n<tr class=\"row-24 even\">\n\t<td class=\"column-1\">Ultimate Member - User Bookmarks<\/td><td class=\"column-2\">2.1.5<\/td><td class=\"column-3\"><a class=\"download-link\" title=\"\u0130ndir &ldquo;Ultimate Member - User Bookmarks&rdquo;&nbsp;Versiyon 2.1.5\" href=\"https:\/\/wpdepo.com\/tr\/\/download\/29073\/\" rel=\"nofollow\">\n\t\u0130ndir<\/a><\/td><td class=\"column-4\">24 Aral\u0131k 2023<\/td><td class=\"column-5\"><a href=\"https:\/\/ultimatemember.com\/extensions\/user-bookmarks\/\" target=\"_blank\" rel=\"noopener noreferrer\">Eklenti Sayfas\u0131<\/a><\/td>\n<\/tr>\n<tr class=\"row-25 odd\">\n\t<td class=\"column-1\">Ultimate Member - User Locations<\/td><td class=\"column-2\">1.1.3<\/td><td class=\"column-3\"><a class=\"download-link\" title=\"\u0130ndir &ldquo;Ultimate Member - User Locations&rdquo;&nbsp;Versiyon 1.1.3\" href=\"https:\/\/wpdepo.com\/tr\/\/download\/45418\/\" rel=\"nofollow\">\n\t\u0130ndir<\/a><\/td><td class=\"column-4\">27 A\u011fustos 2024<\/td><td class=\"column-5\"><a href=\"https:\/\/ultimatemember.com\/extensions\/user-locations\/\" target=\"_blank\" rel=\"noopener noreferrer\">Eklenti Sayfas\u0131<\/a><\/td>\n<\/tr>\n<tr class=\"row-26 even\">\n\t<td class=\"column-1\">Ultimate Member - User Notes<\/td><td class=\"column-2\">1.1.4<\/td><td class=\"column-3\"><a class=\"download-link\" title=\"\u0130ndir &ldquo;Ultimate Member - User Notes&rdquo;&nbsp;Versiyon 1.1.4\" href=\"https:\/\/wpdepo.com\/tr\/\/download\/53879\/\" rel=\"nofollow\">\n\t\u0130ndir<\/a><\/td><td class=\"column-4\">27 A\u011fustos 2024<\/td><td class=\"column-5\"><a href=\"https:\/\/ultimatemember.com\/extensions\/user-notes\/\" target=\"_blank\" rel=\"noopener noreferrer\">Eklenti Sayfas\u0131<\/a><\/td>\n<\/tr>\n<tr class=\"row-27 odd\">\n\t<td class=\"column-1\">Ultimate Member - User Photos<\/td><td class=\"column-2\">2.2.0<\/td><td class=\"column-3\"><a class=\"download-link\" title=\"\u0130ndir &ldquo;Ultimate Member - User Photos&rdquo;&nbsp;Versiyon 2.2.0\" href=\"https:\/\/wpdepo.com\/tr\/\/download\/15945\/\" rel=\"nofollow\">\n\t\u0130ndir<\/a><\/td><td class=\"column-4\">23 Kas\u0131m 2024<\/td><td class=\"column-5\"><a href=\"https:\/\/ultimatemember.com\/extensions\/user-photos\/\" target=\"_blank\" rel=\"noopener noreferrer\">Eklenti Sayfas\u0131<\/a><\/td>\n<\/tr>\n<tr class=\"row-28 even\">\n\t<td class=\"column-1\">Ultimate Member - User Reviews<\/td><td class=\"column-2\">2.2.8<\/td><td class=\"column-3\"><a class=\"download-link\" title=\"\u0130ndir &ldquo;Ultimate Member - User Reviews&rdquo;&nbsp;Versiyon 2.2.8\" href=\"https:\/\/wpdepo.com\/tr\/\/download\/3247\/\" rel=\"nofollow\">\n\t\u0130ndir<\/a><\/td><td class=\"column-4\">22 Kas\u0131m 2024<\/td><td class=\"column-5\"><a href=\"https:\/\/ultimatemember.com\/extensions\/user-reviews\/\" target=\"_blank\" rel=\"noopener noreferrer\">Eklenti Sayfas\u0131<\/a><\/td>\n<\/tr>\n<tr class=\"row-29 odd\">\n\t<td class=\"column-1\">Ultimate Member - User Tags<\/td><td class=\"column-2\">2.3.1<\/td><td class=\"column-3\"><a class=\"download-link\" title=\"\u0130ndir &ldquo;Ultimate Member - User Tags&rdquo;&nbsp;Versiyon 2.3.1\" href=\"https:\/\/wpdepo.com\/tr\/\/download\/3249\/\" rel=\"nofollow\">\n\t\u0130ndir<\/a><\/td><td class=\"column-4\">7 Nisan 2025<\/td><td class=\"column-5\"><a href=\"https:\/\/ultimatemember.com\/extensions\/user-tags\/\" target=\"_blank\" rel=\"noopener noreferrer\">Eklenti Sayfas\u0131<\/a><\/td>\n<\/tr>\n<tr class=\"row-30 even\">\n\t<td class=\"column-1\">Ultimate Member - Verified Users<\/td><td class=\"column-2\">2.2.6<\/td><td class=\"column-3\"><a class=\"download-link\" title=\"\u0130ndir &ldquo;Ultimate Member - Verified Users&rdquo;&nbsp;Versiyon 2.2.6\" href=\"https:\/\/wpdepo.com\/tr\/\/download\/3251\/\" rel=\"nofollow\">\n\t\u0130ndir<\/a><\/td><td class=\"column-4\">28 Ocak 2025<\/td><td class=\"column-5\"><a href=\"https:\/\/ultimatemember.com\/extensions\/verified-users\/\" target=\"_blank\" rel=\"noopener noreferrer\">Eklenti Sayfas\u0131<\/a><\/td>\n<\/tr>\n<tr class=\"row-31 odd\">\n\t<td class=\"column-1\">Ultimate Member - WooCommerce<\/td><td class=\"column-2\">2.4.4<\/td><td class=\"column-3\"><a class=\"download-link\" title=\"\u0130ndir &ldquo;Ultimate Member - WooCommerce&rdquo;&nbsp;Versiyon 2.4.4\" href=\"https:\/\/wpdepo.com\/tr\/\/download\/3253\/\" rel=\"nofollow\">\n\t\u0130ndir<\/a><\/td><td class=\"column-4\">5 Mart 2025<\/td><td class=\"column-5\"><a href=\"https:\/\/ultimatemember.com\/extensions\/woocommerce\/\" target=\"_blank\" rel=\"noopener noreferrer\">Eklenti Sayfas\u0131<\/a><\/td>\n<\/tr>\n<\/tbody>\n<\/table>\n\r\n\r\n\t\t<\/div>\n\t\t\t\t\t<\/div>\n\n\t\r\n\r\n<\/div>\r\n\r\n\t\t<\/div>\n\n\t\t\n<style>\n#section_780111832 {\n  padding-top: 30px;\n  padding-bottom: 30px;\n}\n<\/style>\n\t<\/section>\n\t","protected":false},"excerpt":{"rendered":"","protected":false},"author":1,"featured_media":0,"parent":0,"menu_order":0,"comment_status":"closed","ping_status":"closed","template":"page-blank.php","meta":{"footnotes":""},"class_list":["post-3256","page","type-page","status-publish","hentry"],"_links":{"self":[{"href":"https:\/\/wpdepo.com\/tr\/wp-json\/wp\/v2\/pages\/3256","targetHints":{"allow":["GET"]}}],"collection":[{"href":"https:\/\/wpdepo.com\/tr\/wp-json\/wp\/v2\/pages"}],"about":[{"href":"https:\/\/wpdepo.com\/tr\/wp-json\/wp\/v2\/types\/page"}],"author":[{"embeddable":true,"href":"https:\/\/wpdepo.com\/tr\/wp-json\/wp\/v2\/users\/1"}],"replies":[{"embeddable":true,"href":"https:\/\/wpdepo.com\/tr\/wp-json\/wp\/v2\/comments?post=3256"}],"version-history":[{"count":0,"href":"https:\/\/wpdepo.com\/tr\/wp-json\/wp\/v2\/pages\/3256\/revisions"}],"wp:attachment":[{"href":"https:\/\/wpdepo.com\/tr\/wp-json\/wp\/v2\/media?parent=3256"}],"curies":[{"name":"wp","href":"https:\/\/api.w.org\/{rel}","templated":true}]}}