{"id":31742,"date":"2019-09-14T19:40:26","date_gmt":"2019-09-14T19:40:26","guid":{"rendered":"https:\/\/wpdepo.com\/?page_id=31742"},"modified":"2019-09-14T19:40:26","modified_gmt":"2019-09-14T19:40:26","slug":"profile-builder-pro-eklentileri","status":"publish","type":"page","link":"https:\/\/wpdepo.com\/tr\/profile-builder-pro-eklentileri\/","title":{"rendered":"Profile Builder Pro Eklentileri"},"content":{"rendered":"\n\t<section class=\"section\" id=\"section_90084256\">\n\t\t<div class=\"section-bg fill\" >\n\t\t\t\t\t\t\t\t\t\n\t\t\t\n\n\t\t<\/div>\n\n\t\t\n\n\t\t<div class=\"section-content relative\">\n\t\t\t\r\n\r\n<div class=\"row\"  id=\"row-1488654003\">\r\n\r\n\n\t<div id=\"col-2005496942\" class=\"col small-12 large-12\"  >\n\t\t\t\t<div class=\"col-inner text-left\"  >\n\t\t\t\n\t\t\t\r\n\r\n<h2 style=\"text-align: center;\">Profile Builder Pro<\/h2>\r\n<p>Profil Builder, WordPress i\u00e7in hepsi bir arada kullan\u0131c\u0131 profili eklentisidir. Kullan\u0131c\u0131 giri\u015fi ve kullan\u0131c\u0131 kayd\u0131 olu\u015fturmak, kullan\u0131c\u0131 rollerini y\u00f6netmek ve haz\u0131r kodlar\u0131 kullanarak kullan\u0131c\u0131 profili formlar\u0131n\u0131 d\u00fczenlemek i\u00e7in kullan\u0131m\u0131 kolay profil eklentisidir.<\/p>\r\n<p>\u00dccretsiz versiyonunu WordPress deposundan <a href=\"https:\/\/wordpress.org\/plugins\/profile-builder\/\" rel=\"noopener noreferrer\" target=\"_blank\">indirebilece\u011finiz<\/a> Profile Builder eklentisinin Pro versiyonunu ve premium eklentilerini bu sayfam\u0131zdan indirebilirsiniz.<\/p>\r\n\r\n\t\t<\/div>\n\t\t\t\t\t<\/div>\n\n\t\r\n\r\n<\/div>\r\n\r\n\t\t<\/div>\n\n\t\t\n<style>\n#section_90084256 {\n  padding-top: 0px;\n  padding-bottom: 0px;\n  background-color: rgb(245, 245, 245);\n}\n<\/style>\n\t<\/section>\n\t\r\n\n\t<section class=\"section\" id=\"section_360188907\">\n\t\t<div class=\"section-bg fill\" >\n\t\t\t\t\t\t\t\t\t\n\t\t\t\n\n\t\t<\/div>\n\n\t\t\n\n\t\t<div class=\"section-content relative\">\n\t\t\t\r\n\r\n<div class=\"row\"  id=\"row-1022364260\">\r\n\r\n\n\t<div id=\"col-1961455551\" class=\"col small-12 large-12\"  >\n\t\t\t\t<div class=\"col-inner text-left\"  >\n\t\t\t\n\t\t\t\r\n\r\n\n<table id=\"tablepress-87\" class=\"tablepress tablepress-id-87\">\n<thead>\n<tr class=\"row-1 odd\">\n\t<th class=\"column-1\">Eklenti Ad\u0131<\/th><th class=\"column-2\">Versiyon<\/th><th class=\"column-3\">\u0130ndir<\/th><th class=\"column-4\">G\u00fcncelleme<\/th><th class=\"column-5\">Bilgi<\/th>\n<\/tr>\n<\/thead>\n<tbody class=\"row-hover\">\n<tr class=\"row-2 even\">\n\t<td class=\"column-1\">Profile Builder Pro<\/td><td class=\"column-2\">3.14.5<\/td><td class=\"column-3\"><a class=\"download-link\" title=\"\u0130ndir &ldquo;Profile Builder Pro&rdquo;&nbsp;Versiyon 3.14.5\" href=\"https:\/\/wpdepo.com\/tr\/\/download\/14832\/\" rel=\"nofollow\">\n\t\u0130ndir<\/a><\/td><td class=\"column-4\">26 \u015eubat 2026<\/td><td class=\"column-5\"><a href=\"https:\/\/www.cozmoslabs.com\/wordpress-profile-builder\/\" target=\"_blank\" rel=\"noopener noreferrer\">Eklenti Sayfas\u0131<\/a><\/td>\n<\/tr>\n<tr class=\"row-3 odd\">\n\t<td class=\"column-1\">Profile Builder - bbPress Add-On<\/td><td class=\"column-2\">1.0.5<\/td><td class=\"column-3\"><a class=\"download-link\" title=\"\u0130ndir &ldquo;Profile Builder - bbPress Add-On&rdquo;&nbsp;Versiyon 1.0.5\" href=\"https:\/\/wpdepo.com\/tr\/\/download\/31709\/\" rel=\"nofollow\">\n\t\u0130ndir<\/a><\/td><td class=\"column-4\">14 Haziran 2021<\/td><td class=\"column-5\"><a href=\"https:\/\/www.cozmoslabs.com\/add-ons\/bbpress\/\" target=\"_blank\" rel=\"noopener noreferrer\">Eklenti Sayfas\u0131<\/a><\/td>\n<\/tr>\n<tr class=\"row-4 even\">\n\t<td class=\"column-1\">Profile Builder - BuddyPress Add-On<\/td><td class=\"column-2\">1.0.6<\/td><td class=\"column-3\"><a class=\"download-link\" title=\"\u0130ndir &ldquo;Profile Builder - BuddyPress Add-On&rdquo;&nbsp;Versiyon 1.0.6\" href=\"https:\/\/wpdepo.com\/tr\/\/download\/31711\/\" rel=\"nofollow\">\n\t\u0130ndir<\/a><\/td><td class=\"column-4\">14 \u015eubat 2019<\/td><td class=\"column-5\"><a href=\"https:\/\/www.cozmoslabs.com\/add-ons\/buddypress\/\" target=\"_blank\" rel=\"noopener noreferrer\">Eklenti Sayfas\u0131<\/a><\/td>\n<\/tr>\n<tr class=\"row-5 odd\">\n\t<td class=\"column-1\">Profile Builder - Campaign Monitor Add-On<\/td><td class=\"column-2\">1.1.0<\/td><td class=\"column-3\"><a class=\"download-link\" title=\"\u0130ndir &ldquo;Profile Builder - Campaign Monitor Add-On&rdquo;&nbsp;Versiyon 1.1.0\" href=\"https:\/\/wpdepo.com\/tr\/\/download\/31713\/\" rel=\"nofollow\">\n\t\u0130ndir<\/a><\/td><td class=\"column-4\">5 A\u011fustos 2020<\/td><td class=\"column-5\"><a href=\"https:\/\/www.cozmoslabs.com\/add-ons\/profile-builder-campaign-monitor\/\" target=\"_blank\" rel=\"noopener noreferrer\">Eklenti Sayfas\u0131<\/a><\/td>\n<\/tr>\n<tr class=\"row-6 even\">\n\t<td class=\"column-1\">Profile Builder - Custom Profile Menus Add-On<\/td><td class=\"column-2\">1.1.1<\/td><td class=\"column-3\"><a class=\"download-link\" title=\"\u0130ndir &ldquo;Profile Builder - Custom Profile Menus Add-On&rdquo;&nbsp;Versiyon 1.1.1\" href=\"https:\/\/wpdepo.com\/tr\/\/download\/31716\/\" rel=\"nofollow\">\n\t\u0130ndir<\/a><\/td><td class=\"column-4\">16 Kas\u0131m 2020<\/td><td class=\"column-5\"><a href=\"https:\/\/www.cozmoslabs.com\/add-ons\/custom-profile-menus\/\" target=\"_blank\" rel=\"noopener noreferrer\">Eklenti Sayfas\u0131<\/a><\/td>\n<\/tr>\n<tr class=\"row-7 odd\">\n\t<td class=\"column-1\">Profile Builder - Edit Profile Approved by Admin Add-On<\/td><td class=\"column-2\">1.0.8<\/td><td class=\"column-3\"><a class=\"download-link\" title=\"\u0130ndir &ldquo;Profile Builder - Edit Profile Approved by Admin Add-On&rdquo;&nbsp;Versiyon 1.0.8\" href=\"https:\/\/wpdepo.com\/tr\/\/download\/54590\/\" rel=\"nofollow\">\n\t\u0130ndir<\/a><\/td><td class=\"column-4\">2 Kas\u0131m 2020<\/td><td class=\"column-5\"><a href=\"https:\/\/www.cozmoslabs.com\/add-ons\/edit-profile-approved-by-admin\/\" target=\"_blank\" rel=\"noopener noreferrer\">Eklenti Sayfas\u0131<\/a><\/td>\n<\/tr>\n<tr class=\"row-8 even\">\n\t<td class=\"column-1\">Profile Builder - Field Visibility Add-On<\/td><td class=\"column-2\">1.2.4<\/td><td class=\"column-3\"><a class=\"download-link\" title=\"\u0130ndir &ldquo;Profile Builder - Field Visibility Add-On&rdquo;&nbsp;Versiyon 1.2.4\" href=\"https:\/\/wpdepo.com\/tr\/\/download\/31718\/\" rel=\"nofollow\">\n\t\u0130ndir<\/a><\/td><td class=\"column-4\">26 Ocak 2021<\/td><td class=\"column-5\"><a href=\"https:\/\/www.cozmoslabs.com\/add-ons\/field-visibility\/\" target=\"_blank\" rel=\"noopener noreferrer\">Eklenti Sayfas\u0131<\/a><\/td>\n<\/tr>\n<tr class=\"row-9 odd\">\n\t<td class=\"column-1\">Profile Builder - MailChimp Add-On<\/td><td class=\"column-2\">1.2.6<\/td><td class=\"column-3\"><a class=\"download-link\" title=\"\u0130ndir &ldquo;Profile Builder - MailChimp Add-On&rdquo;&nbsp;Versiyon 1.2.6\" href=\"https:\/\/wpdepo.com\/tr\/\/download\/31720\/\" rel=\"nofollow\">\n\t\u0130ndir<\/a><\/td><td class=\"column-4\">20 Ekim 2021<\/td><td class=\"column-5\"><a href=\"https:\/\/www.cozmoslabs.com\/add-ons\/profile-builder-mailchimp\/\" target=\"_blank\" rel=\"noopener noreferrer\">Eklenti Sayfas\u0131<\/a><\/td>\n<\/tr>\n<tr class=\"row-10 even\">\n\t<td class=\"column-1\">Profile Builder - MailPoet Add-On<\/td><td class=\"column-2\">1.0.7<\/td><td class=\"column-3\"><a class=\"download-link\" title=\"\u0130ndir &ldquo;Profile Builder - MailPoet Add-On&rdquo;&nbsp;Versiyon 1.0.7\" href=\"https:\/\/wpdepo.com\/tr\/\/download\/31722\/\" rel=\"nofollow\">\n\t\u0130ndir<\/a><\/td><td class=\"column-4\">7 \u015eubat 2022<\/td><td class=\"column-5\"><a href=\"https:\/\/www.cozmoslabs.com\/add-ons\/mailpoet\/\" target=\"_blank\" rel=\"noopener noreferrer\">Eklenti Sayfas\u0131<\/a><\/td>\n<\/tr>\n<tr class=\"row-11 odd\">\n\t<td class=\"column-1\">Profile Builder - Multi-Step Forms Add-On<\/td><td class=\"column-2\">1.1.3<\/td><td class=\"column-3\"><a class=\"download-link\" title=\"\u0130ndir &ldquo;Profile Builder - Multi-Step Forms Add-On&rdquo;&nbsp;Versiyon 1.1.3\" href=\"https:\/\/wpdepo.com\/tr\/\/download\/31724\/\" rel=\"nofollow\">\n\t\u0130ndir<\/a><\/td><td class=\"column-4\">31 Ocak 2022<\/td><td class=\"column-5\"><a href=\"https:\/\/www.cozmoslabs.com\/add-ons\/multi-step-forms\/\" target=\"_blank\" rel=\"noopener noreferrer\">Eklenti Sayfas\u0131<\/a><\/td>\n<\/tr>\n<tr class=\"row-12 even\">\n\t<td class=\"column-1\">Profile Builder - Social Connect Add-On<\/td><td class=\"column-2\">1.2.2<\/td><td class=\"column-3\"><a class=\"download-link\" title=\"\u0130ndir &ldquo;Profile Builder - Social Connect Add-On&rdquo;&nbsp;Versiyon 1.2.2\" href=\"https:\/\/wpdepo.com\/tr\/\/download\/31726\/\" rel=\"nofollow\">\n\t\u0130ndir<\/a><\/td><td class=\"column-4\">31 Ocak 2022<\/td><td class=\"column-5\"><a href=\"https:\/\/www.cozmoslabs.com\/add-ons\/social-connect\/\" target=\"_blank\" rel=\"noopener noreferrer\">Eklenti Sayfas\u0131<\/a><\/td>\n<\/tr>\n<tr class=\"row-13 odd\">\n\t<td class=\"column-1\">Profile Builder - WooCommerce Sync Add-On<\/td><td class=\"column-2\">1.6.1<\/td><td class=\"column-3\"><a class=\"download-link\" title=\"\u0130ndir &ldquo;Profile Builder - WooCommerce Sync Add-On&rdquo;&nbsp;Versiyon 1.6.1\" href=\"https:\/\/wpdepo.com\/tr\/\/download\/31728\/\" rel=\"nofollow\">\n\t\u0130ndir<\/a><\/td><td class=\"column-4\">31 Ocak 2022<\/td><td class=\"column-5\"><a href=\"https:\/\/www.cozmoslabs.com\/add-ons\/woocommerce-sync\/\" target=\"_blank\" rel=\"noopener noreferrer\">Eklenti Sayfas\u0131<\/a><\/td>\n<\/tr>\n<\/tbody>\n<\/table>\n\r\n\r\n\t\t<\/div>\n\t\t\t\t\t<\/div>\n\n\t\r\n\r\n<\/div>\r\n\r\n\t\t<\/div>\n\n\t\t\n<style>\n#section_360188907 {\n  padding-top: 30px;\n  padding-bottom: 30px;\n}\n<\/style>\n\t<\/section>\n\t","protected":false},"excerpt":{"rendered":"","protected":false},"author":1,"featured_media":0,"parent":0,"menu_order":0,"comment_status":"closed","ping_status":"closed","template":"page-blank.php","meta":{"footnotes":""},"class_list":["post-31742","page","type-page","status-publish","hentry"],"_links":{"self":[{"href":"https:\/\/wpdepo.com\/tr\/wp-json\/wp\/v2\/pages\/31742","targetHints":{"allow":["GET"]}}],"collection":[{"href":"https:\/\/wpdepo.com\/tr\/wp-json\/wp\/v2\/pages"}],"about":[{"href":"https:\/\/wpdepo.com\/tr\/wp-json\/wp\/v2\/types\/page"}],"author":[{"embeddable":true,"href":"https:\/\/wpdepo.com\/tr\/wp-json\/wp\/v2\/users\/1"}],"replies":[{"embeddable":true,"href":"https:\/\/wpdepo.com\/tr\/wp-json\/wp\/v2\/comments?post=31742"}],"version-history":[{"count":0,"href":"https:\/\/wpdepo.com\/tr\/wp-json\/wp\/v2\/pages\/31742\/revisions"}],"wp:attachment":[{"href":"https:\/\/wpdepo.com\/tr\/wp-json\/wp\/v2\/media?parent=31742"}],"curies":[{"name":"wp","href":"https:\/\/api.w.org\/{rel}","templated":true}]}}