{"id":3165,"date":"2017-09-18T21:15:10","date_gmt":"2017-09-18T18:15:10","guid":{"rendered":"https:\/\/wpdepo.com\/?page_id=3165"},"modified":"2018-09-03T20:46:55","modified_gmt":"2018-09-03T17:46:55","slug":"searchwp-eklentileri","status":"publish","type":"page","link":"https:\/\/wpdepo.com\/tr\/searchwp-eklentileri\/","title":{"rendered":"SearchWP Eklentileri"},"content":{"rendered":"\n\t<section class=\"section\" id=\"section_2044334289\">\n\t\t<div class=\"section-bg fill\" >\n\t\t\t\t\t\t\t\t\t\n\t\t\t\n\n\t\t<\/div>\n\n\t\t\n\n\t\t<div class=\"section-content relative\">\n\t\t\t\r\n\r\n<div class=\"row\"  id=\"row-441266722\">\r\n\r\n\n\t<div id=\"col-348185427\" class=\"col small-12 large-12\"  >\n\t\t\t\t<div class=\"col-inner text-left\"  >\n\t\t\t\n\t\t\t\r\n\r\n<h2 style=\"text-align: center;\">SearchWP<\/h2>\r\n<p>SearchWP eklentisi kod yazmadan WordPress sitenizin arama \u00f6zelliklerini geli\u015ftiren bir eklentidir. WooCommerce \u00fcr\u00fcnleri, PDF dosyalar\u0131, \u00f6zel \u00fcretilmi\u015f i\u00e7erik veya kod \u00e7\u0131kt\u0131s\u0131 olsun, SearchWP ziyaret\u00e7ilerin WordPress&#8217;in bulamad\u0131\u011f\u0131 i\u00e7eri\u011fi bulmalar\u0131na izin verecektir.<\/p>\r\n<p>Arama i\u015flevselli\u011fini \u00f6zelle\u015ftirerek ihtiya\u00e7lar\u0131n\u0131z\u0131 daha iyi kar\u015f\u0131lamak i\u00e7in SearchWP i\u00e7in olu\u015fturulan uzant\u0131lar\u0131 kullanabilirsiniz.<\/p>\r\n\r\n\t\t<\/div>\n\t\t\t\t\t<\/div>\n\n\t\r\n\r\n<\/div>\r\n\r\n\t\t<\/div>\n\n\t\t\n<style>\n#section_2044334289 {\n  padding-top: 0px;\n  padding-bottom: 0px;\n  background-color: rgb(245, 245, 245);\n}\n<\/style>\n\t<\/section>\n\t\r\n\n\t<section class=\"section\" id=\"section_732630634\">\n\t\t<div class=\"section-bg fill\" >\n\t\t\t\t\t\t\t\t\t\n\t\t\t\n\n\t\t<\/div>\n\n\t\t\n\n\t\t<div class=\"section-content relative\">\n\t\t\t\r\n\r\n<div class=\"row\"  id=\"row-497318674\">\r\n\r\n\n\t<div id=\"col-1353878736\" class=\"col small-12 large-12\"  >\n\t\t\t\t<div class=\"col-inner text-left\"  >\n\t\t\t\n\t\t\t\r\n\r\n\n<table id=\"tablepress-38\" class=\"tablepress tablepress-id-38\">\n<thead>\n<tr class=\"row-1 odd\">\n\t<th class=\"column-1\">Eklenti Ad\u0131<\/th><th class=\"column-2\">Versiyon<\/th><th class=\"column-3\">\u0130ndir<\/th><th class=\"column-4\">G\u00fcncelleme<\/th><th class=\"column-5\">Bilgi<\/th>\n<\/tr>\n<\/thead>\n<tbody class=\"row-hover\">\n<tr class=\"row-2 even\">\n\t<td class=\"column-1\">SearchWP WordPress Plugin<\/td><td class=\"column-2\">4.5.9<\/td><td class=\"column-3\"><a class=\"download-link\" title=\"\u0130ndir &ldquo;SearchWP WordPress Plugin&rdquo;&nbsp;Versiyon 4.5.9\" href=\"https:\/\/wpdepo.com\/tr\/\/download\/3068\/\" rel=\"nofollow\">\n\t\u0130ndir<\/a><\/td><td class=\"column-4\">31 Mart 2026<\/td><td class=\"column-5\"><a href=\"https:\/\/searchwp.com\/\" target=\"_blank\" rel=\"noopener noreferrer\">Eklenti Sayfas\u0131<\/a><\/td>\n<\/tr>\n<tr class=\"row-3 odd\">\n\t<td class=\"column-1\">SearchWP bbPress Integration<\/td><td class=\"column-2\">1.3.1<\/td><td class=\"column-3\"><a class=\"download-link\" title=\"\u0130ndir &ldquo;SearchWP bbPress Integration&rdquo;&nbsp;Versiyon 1.3.1\" href=\"https:\/\/wpdepo.com\/tr\/\/download\/3071\/\" rel=\"nofollow\">\n\t\u0130ndir<\/a><\/td><td class=\"column-4\">18 A\u011fustos 2020<\/td><td class=\"column-5\"><a href=\"https:\/\/searchwp.com\/extensions\/bbpress-integration\/\" target=\"_blank\" rel=\"noopener noreferrer\">Eklenti Sayfas\u0131<\/a><\/td>\n<\/tr>\n<tr class=\"row-4 even\">\n\t<td class=\"column-1\">SearchWP BetterDocs Integration<\/td><td class=\"column-2\">1.1.0<\/td><td class=\"column-3\"><a class=\"download-link\" title=\"\u0130ndir &ldquo;SearchWP BetterDocs Integration&rdquo;&nbsp;Versiyon 1.1.0\" href=\"https:\/\/wpdepo.com\/tr\/\/download\/54446\/\" rel=\"nofollow\">\n\t\u0130ndir<\/a><\/td><td class=\"column-4\">4 Mart 2025<\/td><td class=\"column-5\"><a href=\"https:\/\/searchwp.com\/extensions\/betterdocs-integration\/\" target=\"_blank\" rel=\"noopener noreferrer\">Eklenti Sayfas\u0131<\/a><\/td>\n<\/tr>\n<tr class=\"row-5 odd\">\n\t<td class=\"column-1\">SearchWP BigCommerce Integration<\/td><td class=\"column-2\">1.2.0<\/td><td class=\"column-3\"><a class=\"download-link\" title=\"\u0130ndir &ldquo;SearchWP BigCommerce Integration&rdquo;&nbsp;Versiyon 1.2.0\" href=\"https:\/\/wpdepo.com\/tr\/\/download\/70963\/\" rel=\"nofollow\">\n\t\u0130ndir<\/a><\/td><td class=\"column-4\">13 Temmuz 2020<\/td><td class=\"column-5\"><a href=\"https:\/\/searchwp.com\/extensions\/bigcommerce-integration\/\" target=\"_blank\" rel=\"noopener noreferrer\">Eklenti Sayfas\u0131<\/a><\/td>\n<\/tr>\n<tr class=\"row-6 even\">\n\t<td class=\"column-1\">SearchWP Boolean Search<\/td><td class=\"column-2\">1.4.3<\/td><td class=\"column-3\"><a class=\"download-link\" title=\"\u0130ndir &ldquo;SearchWP Boolean Search&rdquo;&nbsp;Versiyon 1.4.3\" href=\"https:\/\/wpdepo.com\/tr\/\/download\/3073\/\" rel=\"nofollow\">\n\t\u0130ndir<\/a><\/td><td class=\"column-4\">3 Nisan 2024<\/td><td class=\"column-5\"><a href=\"https:\/\/searchwp.com\/extensions\/boolean-search\/\" target=\"_blank\" rel=\"noopener noreferrer\">Eklenti Sayfas\u0131<\/a><\/td>\n<\/tr>\n<tr class=\"row-7 odd\">\n\t<td class=\"column-1\">SearchWP Co-Authors Plus Integration<\/td><td class=\"column-2\">1.2.0<\/td><td class=\"column-3\"><a class=\"download-link\" title=\"\u0130ndir &ldquo;SearchWP Co-Authors Plus Integration&rdquo;&nbsp;Versiyon 1.2.0\" href=\"https:\/\/wpdepo.com\/tr\/\/download\/3075\/\" rel=\"nofollow\">\n\t\u0130ndir<\/a><\/td><td class=\"column-4\">4 Mart 2020<\/td><td class=\"column-5\"><a href=\"https:\/\/searchwp.com\/extensions\/co-authors-plus-integration\/\" target=\"_blank\" rel=\"noopener noreferrer\">Eklenti Sayfas\u0131<\/a><\/td>\n<\/tr>\n<tr class=\"row-8 even\">\n\t<td class=\"column-1\">SearchWP Custom Results Order<\/td><td class=\"column-2\">1.3.10<\/td><td class=\"column-3\"><a class=\"download-link\" title=\"\u0130ndir &ldquo;SearchWP Custom Results Order&rdquo;&nbsp;Versiyon 1.3.10\" href=\"https:\/\/wpdepo.com\/tr\/\/download\/24510\/\" rel=\"nofollow\">\n\t\u0130ndir<\/a><\/td><td class=\"column-4\">6 A\u011fustos 2025<\/td><td class=\"column-5\"><a href=\"https:\/\/searchwp.com\/extensions\/custom-results-order\/\" target=\"_blank\" rel=\"noopener noreferrer\">Eklenti Sayfas\u0131<\/a><\/td>\n<\/tr>\n<tr class=\"row-9 odd\">\n\t<td class=\"column-1\">SearchWP Diagnostics<\/td><td class=\"column-2\">1.5.2<\/td><td class=\"column-3\"><a class=\"download-link\" title=\"\u0130ndir &ldquo;SearchWP Diagnostics&rdquo;&nbsp;Versiyon 1.5.2\" href=\"https:\/\/wpdepo.com\/tr\/\/download\/3077\/\" rel=\"nofollow\">\n\t\u0130ndir<\/a><\/td><td class=\"column-4\">17 \u015eubat 2022<\/td><td class=\"column-5\"><a href=\"https:\/\/searchwp.com\/extensions\/diagnostics\/\" target=\"_blank\" rel=\"noopener noreferrer\">Eklenti Sayfas\u0131<\/a><\/td>\n<\/tr>\n<tr class=\"row-10 even\">\n\t<td class=\"column-1\">SearchWP DirectoryPress Integration<\/td><td class=\"column-2\">1.7.0<\/td><td class=\"column-3\"><a class=\"download-link\" title=\"\u0130ndir &ldquo;SearchWP DirectoryPress Integration&rdquo;&nbsp;Versiyon 1.7.0\" href=\"https:\/\/wpdepo.com\/tr\/\/download\/3079\/\" rel=\"nofollow\">\n\t\u0130ndir<\/a><\/td><td class=\"column-4\">4 Mart 2020<\/td><td class=\"column-5\"><a href=\"https:\/\/searchwp.com\/extensions\/directorypress-integration\/\" target=\"_blank\" rel=\"noopener noreferrer\">Eklenti Sayfas\u0131<\/a><\/td>\n<\/tr>\n<tr class=\"row-11 odd\">\n\t<td class=\"column-1\">SearchWP Dutch Keyword Stemmer<\/td><td class=\"column-2\">1.2.4<\/td><td class=\"column-3\"><a class=\"download-link\" title=\"\u0130ndir &ldquo;SearchWP Dutch Keyword Stemmer&rdquo;&nbsp;Versiyon 1.2.4\" href=\"https:\/\/wpdepo.com\/tr\/\/download\/3081\/\" rel=\"nofollow\">\n\t\u0130ndir<\/a><\/td><td class=\"column-4\">30 Haziran 2017<\/td><td class=\"column-5\"><a href=\"https:\/\/searchwp.com\/extensions\/dutch-keyword-stemmer\/\" target=\"_blank\" rel=\"noopener noreferrer\">Eklenti Sayfas\u0131<\/a><\/td>\n<\/tr>\n<tr class=\"row-12 even\">\n\t<td class=\"column-1\">SearchWP EDD Integration<\/td><td class=\"column-2\">1.1.0<\/td><td class=\"column-3\"><a class=\"download-link\" title=\"\u0130ndir &ldquo;SearchWP EDD Integration&rdquo;&nbsp;Versiyon 1.1.0\" href=\"https:\/\/wpdepo.com\/tr\/\/download\/3083\/\" rel=\"nofollow\">\n\t\u0130ndir<\/a><\/td><td class=\"column-4\">4 Mart 2020<\/td><td class=\"column-5\"><a href=\"https:\/\/searchwp.com\/extensions\/easy-digital-downloads-edd-integration\/\" target=\"_blank\" rel=\"noopener noreferrer\">Eklenti Sayfas\u0131<\/a><\/td>\n<\/tr>\n<tr class=\"row-13 odd\">\n\t<td class=\"column-1\">SearchWP Enable Media Replace Integration<\/td><td class=\"column-2\">1.1.3<\/td><td class=\"column-3\"><a class=\"download-link\" title=\"\u0130ndir &ldquo;SearchWP Enable Media Replace Integration&rdquo;&nbsp;Versiyon 1.1.3\" href=\"https:\/\/wpdepo.com\/tr\/\/download\/3085\/\" rel=\"nofollow\">\n\t\u0130ndir<\/a><\/td><td class=\"column-4\">3 Nisan 2024<\/td><td class=\"column-5\"><a href=\"https:\/\/searchwp.com\/extensions\/enable-media-replace-integration\/\" target=\"_blank\" rel=\"noopener noreferrer\">Eklenti Sayfas\u0131<\/a><\/td>\n<\/tr>\n<tr class=\"row-14 even\">\n\t<td class=\"column-1\">SearchWP Exclude UI<\/td><td class=\"column-2\">1.2.5<\/td><td class=\"column-3\"><a class=\"download-link\" title=\"\u0130ndir &ldquo;SearchWP Exclude UI&rdquo;&nbsp;Versiyon 1.2.5\" href=\"https:\/\/wpdepo.com\/tr\/\/download\/3087\/\" rel=\"nofollow\">\n\t\u0130ndir<\/a><\/td><td class=\"column-4\">17 Aral\u0131k 2025<\/td><td class=\"column-5\"><a href=\"https:\/\/searchwp.com\/extensions\/exclude-ui\/\" target=\"_blank\" rel=\"noopener noreferrer\">Eklenti Sayfas\u0131<\/a><\/td>\n<\/tr>\n<tr class=\"row-15 odd\">\n\t<td class=\"column-1\">SearchWP Flatsome Integration<\/td><td class=\"column-2\">1.0.4<\/td><td class=\"column-3\"><a class=\"download-link\" title=\"\u0130ndir &ldquo;SearchWP Flatsome Integration&rdquo;&nbsp;Versiyon 1.0.4\" href=\"https:\/\/wpdepo.com\/tr\/\/download\/54448\/\" rel=\"nofollow\">\n\t\u0130ndir<\/a><\/td><td class=\"column-4\">27 Ekim 2023<\/td><td class=\"column-5\"><a href=\"https:\/\/searchwp.com\/extensions\/flatsome-integration\/\" target=\"_blank\" rel=\"noopener noreferrer\">Eklenti Sayfas\u0131<\/a><\/td>\n<\/tr>\n<tr class=\"row-16 even\">\n\t<td class=\"column-1\">SearchWP Fuzzy Matches<\/td><td class=\"column-2\">1.4.4<\/td><td class=\"column-3\"><a class=\"download-link\" title=\"\u0130ndir &ldquo;SearchWP Fuzzy Matches&rdquo;&nbsp;Versiyon 1.4.4\" href=\"https:\/\/wpdepo.com\/tr\/\/download\/3089\/\" rel=\"nofollow\">\n\t\u0130ndir<\/a><\/td><td class=\"column-4\">16 May\u0131s 2018<\/td><td class=\"column-5\"><a href=\"https:\/\/searchwp.com\/extensions\/fuzzy-matches\/\" target=\"_blank\" rel=\"noopener noreferrer\">Eklenti Sayfas\u0131<\/a><\/td>\n<\/tr>\n<tr class=\"row-17 odd\">\n\t<td class=\"column-1\">SearchWP German Keyword Stemmer<\/td><td class=\"column-2\">1.0.2<\/td><td class=\"column-3\"><a class=\"download-link\" title=\"\u0130ndir &ldquo;SearchWP German Keyword Stemmer&rdquo;&nbsp;Versiyon 1.0.2\" href=\"https:\/\/wpdepo.com\/tr\/\/download\/3091\/\" rel=\"nofollow\">\n\t\u0130ndir<\/a><\/td><td class=\"column-4\">13 Nisan 2018<\/td><td class=\"column-5\"><a href=\"https:\/\/searchwp.com\/extensions\/german-keyword-stemmer\/\" target=\"_blank\" rel=\"noopener noreferrer\">Eklenti Sayfas\u0131<\/a><\/td>\n<\/tr>\n<tr class=\"row-18 even\">\n\t<td class=\"column-1\">SearchWP Give Integration<\/td><td class=\"column-2\">1.2.0<\/td><td class=\"column-3\"><a class=\"download-link\" title=\"\u0130ndir &ldquo;SearchWP Give Integration&rdquo;&nbsp;Versiyon 1.2.0\" href=\"https:\/\/wpdepo.com\/tr\/\/download\/18353\/\" rel=\"nofollow\">\n\t\u0130ndir<\/a><\/td><td class=\"column-4\">22 Aral\u0131k 2025<\/td><td class=\"column-5\"><a href=\"https:\/\/searchwp.com\/extensions\/give-integration\/\" target=\"_blank\" rel=\"noopener noreferrer\">Eklenti Sayfas\u0131<\/a><\/td>\n<\/tr>\n<tr class=\"row-19 odd\">\n\t<td class=\"column-1\">SearchWP Greek Keyword Stemmer<\/td><td class=\"column-2\">1.0.2<\/td><td class=\"column-3\"><a class=\"download-link\" title=\"\u0130ndir &ldquo;SearchWP Greek Keyword Stemmer&rdquo;&nbsp;Versiyon 1.0.2\" href=\"https:\/\/wpdepo.com\/tr\/\/download\/3093\/\" rel=\"nofollow\">\n\t\u0130ndir<\/a><\/td><td class=\"column-4\">28 \u015eubat 2018<\/td><td class=\"column-5\"><a href=\"https:\/\/searchwp.com\/extensions\/greek-keyword-stemmer\/\" target=\"_blank\" rel=\"noopener noreferrer\">Eklenti Sayfas\u0131<\/a><\/td>\n<\/tr>\n<tr class=\"row-20 even\">\n\t<td class=\"column-1\">SearchWP HeroThemes Integration<\/td><td class=\"column-2\">1.2.0<\/td><td class=\"column-3\"><a class=\"download-link\" title=\"\u0130ndir &ldquo;SearchWP HeroThemes Integration&rdquo;&nbsp;Versiyon 1.2.0\" href=\"https:\/\/wpdepo.com\/tr\/\/download\/3095\/\" rel=\"nofollow\">\n\t\u0130ndir<\/a><\/td><td class=\"column-4\">20 May\u0131s 2020<\/td><td class=\"column-5\"><a href=\"https:\/\/searchwp.com\/extensions\/herothemes-integration\/\" target=\"_blank\" rel=\"noopener noreferrer\">Eklenti Sayfas\u0131<\/a><\/td>\n<\/tr>\n<tr class=\"row-21 odd\">\n\t<td class=\"column-1\">SearchWP LIKE Terms<\/td><td class=\"column-2\">2.4.6<\/td><td class=\"column-3\"><a class=\"download-link\" title=\"\u0130ndir &ldquo;SearchWP LIKE Terms&rdquo;&nbsp;Versiyon 2.4.6\" href=\"https:\/\/wpdepo.com\/tr\/\/download\/3097\/\" rel=\"nofollow\">\n\t\u0130ndir<\/a><\/td><td class=\"column-4\">14 \u015eubat 2018<\/td><td class=\"column-5\"><a href=\"https:\/\/searchwp.com\/extensions\/like-terms\/\" target=\"_blank\" rel=\"noopener noreferrer\">Eklenti Sayfas\u0131<\/a><\/td>\n<\/tr>\n<tr class=\"row-22 even\">\n\t<td class=\"column-1\">SearchWP Live Ajax Search<\/td><td class=\"column-2\">1.8.7<\/td><td class=\"column-3\"><a class=\"download-link\" title=\"\u0130ndir &ldquo;SearchWP Live Ajax Search&rdquo;&nbsp;Versiyon 1.8.7\" href=\"https:\/\/wpdepo.com\/tr\/\/download\/3099\/\" rel=\"nofollow\">\n\t\u0130ndir<\/a><\/td><td class=\"column-4\">16 Aral\u0131k 2025<\/td><td class=\"column-5\"><a href=\"https:\/\/searchwp.com\/extensions\/live-search\/\" target=\"_blank\" rel=\"noopener noreferrer\">Eklenti Sayfas\u0131<\/a><\/td>\n<\/tr>\n<tr class=\"row-23 odd\">\n\t<td class=\"column-1\">SearchWP Manage Ignored<\/td><td class=\"column-2\">1.0.0<\/td><td class=\"column-3\"><a class=\"download-link\" title=\"\u0130ndir &ldquo;SearchWP Manage Ignored&rdquo;&nbsp;Versiyon 1.0.0\" href=\"https:\/\/wpdepo.com\/tr\/\/download\/3101\/\" rel=\"nofollow\">\n\t\u0130ndir<\/a><\/td><td class=\"column-4\">25 May\u0131s 2017<\/td><td class=\"column-5\"><a href=\"https:\/\/searchwp.com\/extensions\/manage-ignored\/\" target=\"_blank\" rel=\"noopener noreferrer\">Eklenti Sayfas\u0131<\/a><\/td>\n<\/tr>\n<tr class=\"row-24 even\">\n\t<td class=\"column-1\">SearchWP Meta Box Integration<\/td><td class=\"column-2\">1.1.1<\/td><td class=\"column-3\"><a class=\"download-link\" title=\"\u0130ndir &ldquo;SearchWP Meta Box Integration&rdquo;&nbsp;Versiyon 1.1.1\" href=\"https:\/\/wpdepo.com\/tr\/\/download\/61029\/\" rel=\"nofollow\">\n\t\u0130ndir<\/a><\/td><td class=\"column-4\">15 Ocak 2025<\/td><td class=\"column-5\"><a href=\"https:\/\/searchwp.com\/extensions\/meta-box-integration\/\" target=\"_blank\" rel=\"noopener noreferrer\">Eklenti Sayfas\u0131<\/a><\/td>\n<\/tr>\n<tr class=\"row-25 odd\">\n\t<td class=\"column-1\">SearchWP Metrics<\/td><td class=\"column-2\">1.5.0<\/td><td class=\"column-3\"><a class=\"download-link\" title=\"\u0130ndir &ldquo;SearchWP Metrics&rdquo;&nbsp;Versiyon 1.5.0\" href=\"https:\/\/wpdepo.com\/tr\/\/download\/15246\/\" rel=\"nofollow\">\n\t\u0130ndir<\/a><\/td><td class=\"column-4\">6 A\u011fustos 2025<\/td><td class=\"column-5\"><a href=\"https:\/\/searchwp.com\/extensions\/metrics\/\" target=\"_blank\" rel=\"noopener noreferrer\">Eklenti Sayfas\u0131<\/a><\/td>\n<\/tr>\n<tr class=\"row-26 even\">\n\t<td class=\"column-1\">SearchWP MyListing Integration<\/td><td class=\"column-2\">1.1.0<\/td><td class=\"column-3\"><a class=\"download-link\" title=\"\u0130ndir &ldquo;SearchWP MyListing Integration&rdquo;&nbsp;Versiyon 1.1.0\" href=\"https:\/\/wpdepo.com\/tr\/\/download\/56214\/\" rel=\"nofollow\">\n\t\u0130ndir<\/a><\/td><td class=\"column-4\">17 \u015eubat 2021<\/td><td class=\"column-5\"><a href=\"https:\/\/searchwp.com\/extensions\/mylisting-integration\/\" target=\"_blank\" rel=\"noopener noreferrer\">Eklenti Sayfas\u0131<\/a><\/td>\n<\/tr>\n<tr class=\"row-27 odd\">\n\t<td class=\"column-1\">SearchWP Polylang Integration<\/td><td class=\"column-2\">1.5.1<\/td><td class=\"column-3\"><a class=\"download-link\" title=\"\u0130ndir &ldquo;SearchWP Polylang Integration&rdquo;&nbsp;Versiyon 1.5.1\" href=\"https:\/\/wpdepo.com\/tr\/\/download\/3103\/\" rel=\"nofollow\">\n\t\u0130ndir<\/a><\/td><td class=\"column-4\">25 Ocak 2026<\/td><td class=\"column-5\"><a href=\"https:\/\/searchwp.com\/extensions\/polylang-integration\/\" target=\"_blank\" rel=\"noopener noreferrer\">Eklenti Sayfas\u0131<\/a><\/td>\n<\/tr>\n<tr class=\"row-28 even\">\n\t<td class=\"column-1\">SearchWP PrivateContent Integration<\/td><td class=\"column-2\">1.3.1<\/td><td class=\"column-3\"><a class=\"download-link\" title=\"\u0130ndir &ldquo;SearchWP PrivateContent Integration&rdquo;&nbsp;Versiyon 1.3.1\" href=\"https:\/\/wpdepo.com\/tr\/\/download\/3105\/\" rel=\"nofollow\">\n\t\u0130ndir<\/a><\/td><td class=\"column-4\">6 A\u011fustos 2025<\/td><td class=\"column-5\"><a href=\"https:\/\/searchwp.com\/extensions\/privatecontent-integration\/\" target=\"_blank\" rel=\"noopener noreferrer\">Eklenti Sayfas\u0131<\/a><\/td>\n<\/tr>\n<tr class=\"row-29 odd\">\n\t<td class=\"column-1\">SearchWP Redirects<\/td><td class=\"column-2\">1.6.0<\/td><td class=\"column-3\"><a class=\"download-link\" title=\"\u0130ndir &ldquo;SearchWP Redirects&rdquo;&nbsp;Versiyon 1.6.0\" href=\"https:\/\/wpdepo.com\/tr\/\/download\/6148\/\" rel=\"nofollow\">\n\t\u0130ndir<\/a><\/td><td class=\"column-4\">26 Kas\u0131m 2025<\/td><td class=\"column-5\"><a href=\"https:\/\/searchwp.com\/extensions\/redirects\/\" target=\"_blank\" rel=\"noopener noreferrer\">Eklenti Sayfas\u0131<\/a><\/td>\n<\/tr>\n<tr class=\"row-30 even\">\n\t<td class=\"column-1\">SearchWP Related<\/td><td class=\"column-2\">1.5.5<\/td><td class=\"column-3\"><a class=\"download-link\" title=\"\u0130ndir &ldquo;SearchWP Related&rdquo;&nbsp;Versiyon 1.5.5\" href=\"https:\/\/wpdepo.com\/tr\/\/download\/6150\/\" rel=\"nofollow\">\n\t\u0130ndir<\/a><\/td><td class=\"column-4\">16 Aral\u0131k 2025<\/td><td class=\"column-5\"><a href=\"https:\/\/searchwp.com\/extensions\/related\/\" target=\"_blank\" rel=\"noopener noreferrer\">Eklenti Sayfas\u0131<\/a><\/td>\n<\/tr>\n<tr class=\"row-31 odd\">\n\t<td class=\"column-1\">SearchWP Shortcodes<\/td><td class=\"column-2\">1.8.5<\/td><td class=\"column-3\"><a class=\"download-link\" title=\"\u0130ndir &ldquo;SearchWP Shortcodes&rdquo;&nbsp;Versiyon 1.8.5\" href=\"https:\/\/wpdepo.com\/tr\/\/download\/3107\/\" rel=\"nofollow\">\n\t\u0130ndir<\/a><\/td><td class=\"column-4\">6 A\u011fustos 2025<\/td><td class=\"column-5\"><a href=\"https:\/\/searchwp.com\/extensions\/shortcodes\/\" target=\"_blank\" rel=\"noopener noreferrer\">Eklenti Sayfas\u0131<\/a><\/td>\n<\/tr>\n<tr class=\"row-32 even\">\n\t<td class=\"column-1\">SearchWP Source - Gravity Forms<\/td><td class=\"column-2\">0.0.3<\/td><td class=\"column-3\"><a class=\"download-link\" title=\"\u0130ndir &ldquo;SearchWP Source - Gravity Forms&rdquo;&nbsp;Versiyon 0.0.3\" href=\"https:\/\/wpdepo.com\/tr\/\/download\/54450\/\" rel=\"nofollow\">\n\t\u0130ndir<\/a><\/td><td class=\"column-4\">3 Nisan 2024<\/td><td class=\"column-5\"><a href=\"https:\/\/searchwp.com\/extensions\/source-gravity-forms\/\" target=\"_blank\" rel=\"noopener noreferrer\">Eklenti Sayfas\u0131<\/a><\/td>\n<\/tr>\n<tr class=\"row-33 odd\">\n\t<td class=\"column-1\">SearchWP Swedish Keyword Stemmer<\/td><td class=\"column-2\">2.0.2<\/td><td class=\"column-3\"><a class=\"download-link\" title=\"\u0130ndir &ldquo;SearchWP Swedish Keyword Stemmer&rdquo;&nbsp;Versiyon 2.0.2\" href=\"https:\/\/wpdepo.com\/tr\/\/download\/3109\/\" rel=\"nofollow\">\n\t\u0130ndir<\/a><\/td><td class=\"column-4\">10 Mart 2018<\/td><td class=\"column-5\"><a href=\"https:\/\/searchwp.com\/extensions\/swedish-keyword-stemmer\/\" target=\"_blank\" rel=\"noopener noreferrer\">Eklenti Sayfas\u0131<\/a><\/td>\n<\/tr>\n<tr class=\"row-34 even\">\n\t<td class=\"column-1\">SearchWP Term Archive Priority<\/td><td class=\"column-2\">1.2.2<\/td><td class=\"column-3\"><a class=\"download-link\" title=\"\u0130ndir &ldquo;SearchWP Term Archive Priority&rdquo;&nbsp;Versiyon 1.2.2\" href=\"https:\/\/wpdepo.com\/tr\/\/download\/3111\/\" rel=\"nofollow\">\n\t\u0130ndir<\/a><\/td><td class=\"column-4\">23 \u015eubat 2021<\/td><td class=\"column-5\"><a href=\"https:\/\/searchwp.com\/extensions\/term-archive-priority\/\" target=\"_blank\" rel=\"noopener noreferrer\">Eklenti Sayfas\u0131<\/a><\/td>\n<\/tr>\n<tr class=\"row-35 odd\">\n\t<td class=\"column-1\">SearchWP Term Highlight<\/td><td class=\"column-2\">2.1.14<\/td><td class=\"column-3\"><a class=\"download-link\" title=\"\u0130ndir &ldquo;SearchWP Term Highlight&rdquo;&nbsp;Versiyon 2.1.14\" href=\"https:\/\/wpdepo.com\/tr\/\/download\/3113\/\" rel=\"nofollow\">\n\t\u0130ndir<\/a><\/td><td class=\"column-4\">7 A\u011fustos 2018<\/td><td class=\"column-5\"><a href=\"https:\/\/searchwp.com\/extensions\/term-highlight\/\" target=\"_blank\" rel=\"noopener noreferrer\">Eklenti Sayfas\u0131<\/a><\/td>\n<\/tr>\n<tr class=\"row-36 even\">\n\t<td class=\"column-1\">SearchWP Term Synonyms<\/td><td class=\"column-2\">2.4.14<\/td><td class=\"column-3\"><a class=\"download-link\" title=\"\u0130ndir &ldquo;SearchWP Term Synonyms&rdquo;&nbsp;Versiyon 2.4.14\" href=\"https:\/\/wpdepo.com\/tr\/\/download\/3115\/\" rel=\"nofollow\">\n\t\u0130ndir<\/a><\/td><td class=\"column-4\">11 Eyl\u00fcl 2018<\/td><td class=\"column-5\"><a href=\"https:\/\/searchwp.com\/extensions\/term-synonyms\/\" target=\"_blank\" rel=\"noopener noreferrer\">Eklenti Sayfas\u0131<\/a><\/td>\n<\/tr>\n<tr class=\"row-37 odd\">\n\t<td class=\"column-1\">SearchWP WooCommerce Integration<\/td><td class=\"column-2\">1.4.1<\/td><td class=\"column-3\"><a class=\"download-link\" title=\"\u0130ndir &ldquo;SearchWP WooCommerce Integration&rdquo;&nbsp;Versiyon 1.4.1\" href=\"https:\/\/wpdepo.com\/tr\/\/download\/3117\/\" rel=\"nofollow\">\n\t\u0130ndir<\/a><\/td><td class=\"column-4\">31 Mart 2026<\/td><td class=\"column-5\"><a href=\"https:\/\/searchwp.com\/extensions\/woocommerce-integration\/\" target=\"_blank\" rel=\"noopener noreferrer\">Eklenti Sayfas\u0131<\/a><\/td>\n<\/tr>\n<tr class=\"row-38 even\">\n\t<td class=\"column-1\">SearchWP WooCommerce Product Table Integration<\/td><td class=\"column-2\">1.0.4<\/td><td class=\"column-3\"><a class=\"download-link\" title=\"\u0130ndir &ldquo;SearchWP WooCommerce Product Table Integration&rdquo;&nbsp;Versiyon 1.0.4\" href=\"https:\/\/wpdepo.com\/tr\/\/download\/68772\/\" rel=\"nofollow\">\n\t\u0130ndir<\/a><\/td><td class=\"column-4\">22 Mart 2021<\/td><td class=\"column-5\"><a href=\"https:\/\/searchwp.com\/extensions\/woocommerce-product-table-integration\/\" target=\"_blank\" rel=\"noopener noreferrer\">Eklenti Sayfas\u0131<\/a><\/td>\n<\/tr>\n<tr class=\"row-39 odd\">\n\t<td class=\"column-1\">SearchWP WP Document Revisions Integration<\/td><td class=\"column-2\">1.1.0<\/td><td class=\"column-3\"><a class=\"download-link\" title=\"\u0130ndir &ldquo;SearchWP WP Document Revisions Integration&rdquo;&nbsp;Versiyon 1.1.0\" href=\"https:\/\/wpdepo.com\/tr\/\/download\/3119\/\" rel=\"nofollow\">\n\t\u0130ndir<\/a><\/td><td class=\"column-4\">4 Mart 2020<\/td><td class=\"column-5\"><a href=\"https:\/\/searchwp.com\/extensions\/wp-document-revisions-integration\/\" target=\"_blank\" rel=\"noopener noreferrer\">Eklenti Sayfas\u0131<\/a><\/td>\n<\/tr>\n<tr class=\"row-40 even\">\n\t<td class=\"column-1\">SearchWP WP Job Manager Integration<\/td><td class=\"column-2\">1.6.2<\/td><td class=\"column-3\"><a class=\"download-link\" title=\"\u0130ndir &ldquo;SearchWP WP Job Manager Integration&rdquo;&nbsp;Versiyon 1.6.2\" href=\"https:\/\/wpdepo.com\/tr\/\/download\/3121\/\" rel=\"nofollow\">\n\t\u0130ndir<\/a><\/td><td class=\"column-4\">6 A\u011fustos 2025<\/td><td class=\"column-5\"><a href=\"https:\/\/searchwp.com\/extensions\/wp-job-manager-integration\/\" target=\"_blank\" rel=\"noopener noreferrer\">Eklenti Sayfas\u0131<\/a><\/td>\n<\/tr>\n<tr class=\"row-41 odd\">\n\t<td class=\"column-1\">SearchWP WPML Integration<\/td><td class=\"column-2\">1.7.2<\/td><td class=\"column-3\"><a class=\"download-link\" title=\"\u0130ndir &ldquo;SearchWP WPML Integration&rdquo;&nbsp;Versiyon 1.7.2\" href=\"https:\/\/wpdepo.com\/tr\/\/download\/3123\/\" rel=\"nofollow\">\n\t\u0130ndir<\/a><\/td><td class=\"column-4\">4 Mart 2025<\/td><td class=\"column-5\"><a href=\"https:\/\/searchwp.com\/extensions\/wpml-integration\/\" target=\"_blank\" rel=\"noopener noreferrer\">Eklenti Sayfas\u0131<\/a><\/td>\n<\/tr>\n<tr class=\"row-42 even\">\n\t<td class=\"column-1\">SearchWP Xpdf Integration<\/td><td class=\"column-2\">1.3.2<\/td><td class=\"column-3\"><a class=\"download-link\" title=\"\u0130ndir &ldquo;SearchWP Xpdf Integration&rdquo;&nbsp;Versiyon 1.3.2\" href=\"https:\/\/wpdepo.com\/tr\/\/download\/3125\/\" rel=\"nofollow\">\n\t\u0130ndir<\/a><\/td><td class=\"column-4\">6 A\u011fustos 2025<\/td><td class=\"column-5\"><a href=\"https:\/\/searchwp.com\/extensions\/xpdf-integration\/\" target=\"_blank\" rel=\"noopener noreferrer\">Eklenti Sayfas\u0131<\/a><\/td>\n<\/tr>\n<\/tbody>\n<\/table>\n\r\n\r\n\t\t<\/div>\n\t\t\t\t\t<\/div>\n\n\t\r\n\r\n<\/div>\r\n\r\n\t\t<\/div>\n\n\t\t\n<style>\n#section_732630634 {\n  padding-top: 30px;\n  padding-bottom: 30px;\n}\n<\/style>\n\t<\/section>\n\t","protected":false},"excerpt":{"rendered":"","protected":false},"author":1,"featured_media":0,"parent":0,"menu_order":0,"comment_status":"closed","ping_status":"closed","template":"page-blank.php","meta":{"footnotes":""},"class_list":["post-3165","page","type-page","status-publish","hentry"],"_links":{"self":[{"href":"https:\/\/wpdepo.com\/tr\/wp-json\/wp\/v2\/pages\/3165","targetHints":{"allow":["GET"]}}],"collection":[{"href":"https:\/\/wpdepo.com\/tr\/wp-json\/wp\/v2\/pages"}],"about":[{"href":"https:\/\/wpdepo.com\/tr\/wp-json\/wp\/v2\/types\/page"}],"author":[{"embeddable":true,"href":"https:\/\/wpdepo.com\/tr\/wp-json\/wp\/v2\/users\/1"}],"replies":[{"embeddable":true,"href":"https:\/\/wpdepo.com\/tr\/wp-json\/wp\/v2\/comments?post=3165"}],"version-history":[{"count":0,"href":"https:\/\/wpdepo.com\/tr\/wp-json\/wp\/v2\/pages\/3165\/revisions"}],"wp:attachment":[{"href":"https:\/\/wpdepo.com\/tr\/wp-json\/wp\/v2\/media?parent=3165"}],"curies":[{"name":"wp","href":"https:\/\/api.w.org\/{rel}","templated":true}]}}