{"id":31279,"date":"2019-09-07T19:16:03","date_gmt":"2019-09-07T19:16:03","guid":{"rendered":"https:\/\/wpdepo.com\/?page_id=31279"},"modified":"2019-09-07T19:20:39","modified_gmt":"2019-09-07T19:20:39","slug":"popup-maker-eklentileri","status":"publish","type":"page","link":"https:\/\/wpdepo.com\/tr\/popup-maker-eklentileri\/","title":{"rendered":"Popup Maker Eklentileri"},"content":{"rendered":"\n\t<section class=\"section\" id=\"section_751505844\">\n\t\t<div class=\"section-bg fill\" >\n\t\t\t\t\t\t\t\t\t\n\t\t\t\n\n\t\t<\/div>\n\n\t\t\n\n\t\t<div class=\"section-content relative\">\n\t\t\t\r\n\r\n<div class=\"row\"  id=\"row-776924910\">\r\n\r\n\n\t<div id=\"col-617764466\" class=\"col small-12 large-12\"  >\n\t\t\t\t<div class=\"col-inner text-left\"  >\n\t\t\t\n\t\t\t\r\n\r\n<h2 style=\"text-align: center;\">Popup Maker<\/h2>\r\n<p>Popup Maker eklentisi WordPress&#8217;in sundu\u011fu pop-up (a\u00e7\u0131l\u0131r pencere) eklentilerinden biridir. \u00c7ok y\u00f6nl\u00fc ve esnektir. WordPress web siteniz i\u00e7in herhangi bir pop-up, modal veya i\u00e7erik yerle\u015fimi olu\u015fturmak i\u00e7in eklentiyi kullanabilirsiniz.<\/p>\r\n<p>\u00dccretsiz olan Popup Maker eklentisini <a href=\"https:\/\/wordpress.org\/plugins\/popup-maker\/\" rel=\"noopener noreferrer\" target=\"_blank\">buradan<\/a> indirebilirsiniz. Bu sayfadan indirebilece\u011finiz \u00fccretli geli\u015ftirme paketleri ile Popup Maker eklentisinin \u00f6zelliklerini geni\u015fletebilirsiniz.<\/p>\r\n\r\n\t\t<\/div>\n\t\t\t\t\t<\/div>\n\n\t\r\n\r\n<\/div>\r\n\r\n\t\t<\/div>\n\n\t\t\n<style>\n#section_751505844 {\n  padding-top: 0px;\n  padding-bottom: 0px;\n  background-color: rgb(245, 245, 245);\n}\n<\/style>\n\t<\/section>\n\t\r\n\n\t<section class=\"section\" id=\"section_1847274753\">\n\t\t<div class=\"section-bg fill\" >\n\t\t\t\t\t\t\t\t\t\n\t\t\t\n\n\t\t<\/div>\n\n\t\t\n\n\t\t<div class=\"section-content relative\">\n\t\t\t\r\n\r\n<div class=\"row\"  id=\"row-1360616613\">\r\n\r\n\n\t<div id=\"col-2074495180\" class=\"col small-12 large-12\"  >\n\t\t\t\t<div class=\"col-inner text-left\"  >\n\t\t\t\n\t\t\t\r\n\r\n\n<table id=\"tablepress-86\" class=\"tablepress tablepress-id-86\">\n<thead>\n<tr class=\"row-1 odd\">\n\t<th class=\"column-1\">Eklenti Ad\u0131<\/th><th class=\"column-2\">Versiyon<\/th><th class=\"column-3\">\u0130ndir<\/th><th class=\"column-4\">G\u00fcncelleme<\/th><th class=\"column-5\">Bilgi<\/th>\n<\/tr>\n<\/thead>\n<tbody class=\"row-hover\">\n<tr class=\"row-2 even\">\n\t<td class=\"column-1\">Popup Maker - Advanced Targeting Conditions<\/td><td class=\"column-2\">1.4.6<\/td><td class=\"column-3\"><a class=\"download-link\" title=\"\u0130ndir &ldquo;Popup Maker - Advanced Targeting Conditions&rdquo;&nbsp;Versiyon 1.4.6\" href=\"https:\/\/wpdepo.com\/tr\/\/download\/31237\/\" rel=\"nofollow\">\n\t\u0130ndir<\/a><\/td><td class=\"column-4\">20 A\u011fustos 2019<\/td><td class=\"column-5\"><a href=\"https:\/\/wppopupmaker.com\/extensions\/advanced-targeting-conditions\/\" target=\"_blank\" rel=\"noopener\">Eklenti Sayfas\u0131<\/a><\/td>\n<\/tr>\n<tr class=\"row-3 odd\">\n\t<td class=\"column-1\">Popup Maker - Advanced Theme Builder<\/td><td class=\"column-2\">1.2.0<\/td><td class=\"column-3\"><a class=\"download-link\" title=\"\u0130ndir &ldquo;Popup Maker - Advanced Theme Builder&rdquo;&nbsp;Versiyon 1.2.0\" href=\"https:\/\/wpdepo.com\/tr\/\/download\/31247\/\" rel=\"nofollow\">\n\t\u0130ndir<\/a><\/td><td class=\"column-4\">15 Eyl\u00fcl 2020<\/td><td class=\"column-5\"><a href=\"https:\/\/wppopupmaker.com\/extensions\/advanced-theme-builder\/\" target=\"_blank\" rel=\"noopener\">Eklenti Sayfas\u0131<\/a><\/td>\n<\/tr>\n<tr class=\"row-4 even\">\n\t<td class=\"column-1\">Popup Maker - Age Verification Modals<\/td><td class=\"column-2\">1.2.4<\/td><td class=\"column-3\"><a class=\"download-link\" title=\"\u0130ndir &ldquo;Popup Maker - Age Verification Modals&rdquo;&nbsp;Versiyon 1.2.4\" href=\"https:\/\/wpdepo.com\/tr\/\/download\/31249\/\" rel=\"nofollow\">\n\t\u0130ndir<\/a><\/td><td class=\"column-4\">1 Eyl\u00fcl 2017<\/td><td class=\"column-5\"><a href=\"https:\/\/wppopupmaker.com\/extensions\/age-verification-modals\/\" target=\"_blank\" rel=\"noopener\">Eklenti Sayfas\u0131<\/a><\/td>\n<\/tr>\n<tr class=\"row-5 odd\">\n\t<td class=\"column-1\">Popup Maker - AJAX Login Modals<\/td><td class=\"column-2\">1.2.2<\/td><td class=\"column-3\"><a class=\"download-link\" title=\"\u0130ndir &ldquo;Popup Maker - AJAX Login Modals&rdquo;&nbsp;Versiyon 1.2.2\" href=\"https:\/\/wpdepo.com\/tr\/\/download\/31251\/\" rel=\"nofollow\">\n\t\u0130ndir<\/a><\/td><td class=\"column-4\">13 Haziran 2018<\/td><td class=\"column-5\"><a href=\"https:\/\/wppopupmaker.com\/extensions\/ajax-login-modals\/\" target=\"_blank\" rel=\"noopener\">Eklenti Sayfas\u0131<\/a><\/td>\n<\/tr>\n<tr class=\"row-6 even\">\n\t<td class=\"column-1\">Popup Maker - Aweber Integration<\/td><td class=\"column-2\">1.0.2<\/td><td class=\"column-3\"><a class=\"download-link\" title=\"\u0130ndir &ldquo;Popup Maker - Aweber Integration&rdquo;&nbsp;Versiyon 1.0.2\" href=\"https:\/\/wpdepo.com\/tr\/\/download\/31253\/\" rel=\"nofollow\">\n\t\u0130ndir<\/a><\/td><td class=\"column-4\">23 Nisan 2017<\/td><td class=\"column-5\"><a href=\"https:\/\/wppopupmaker.com\/extensions\/aweber-integration\/\" target=\"_blank\" rel=\"noopener\">Eklenti Sayfas\u0131<\/a><\/td>\n<\/tr>\n<tr class=\"row-7 odd\">\n\t<td class=\"column-1\">Popup Maker - Exit Intent Popups<\/td><td class=\"column-2\">1.4.0<\/td><td class=\"column-3\"><a class=\"download-link\" title=\"\u0130ndir &ldquo;Popup Maker - Exit Intent Popups&rdquo;&nbsp;Versiyon 1.4.0\" href=\"https:\/\/wpdepo.com\/tr\/\/download\/31255\/\" rel=\"nofollow\">\n\t\u0130ndir<\/a><\/td><td class=\"column-4\">5 Aral\u0131k 2019<\/td><td class=\"column-5\"><a href=\"https:\/\/wppopupmaker.com\/extensions\/exit-intent-popups\/\" target=\"_blank\" rel=\"noopener\">Eklenti Sayfas\u0131<\/a><\/td>\n<\/tr>\n<tr class=\"row-8 even\">\n\t<td class=\"column-1\">Popup Maker - Forced Interaction<\/td><td class=\"column-2\">1.0.2<\/td><td class=\"column-3\"><a class=\"download-link\" title=\"\u0130ndir &ldquo;Popup Maker - Forced Interaction&rdquo;&nbsp;Versiyon 1.0.2\" href=\"https:\/\/wpdepo.com\/tr\/\/download\/31257\/\" rel=\"nofollow\">\n\t\u0130ndir<\/a><\/td><td class=\"column-4\">3 Temmuz 2016<\/td><td class=\"column-5\"><a href=\"https:\/\/wppopupmaker.com\/extensions\/forced-interaction\/\" target=\"_blank\" rel=\"noopener\">Eklenti Sayfas\u0131<\/a><\/td>\n<\/tr>\n<tr class=\"row-9 odd\">\n\t<td class=\"column-1\">Popup Maker - Leaving Notices<\/td><td class=\"column-2\">1.1.2<\/td><td class=\"column-3\"><a class=\"download-link\" title=\"\u0130ndir &ldquo;Popup Maker - Leaving Notices&rdquo;&nbsp;Versiyon 1.1.2\" href=\"https:\/\/wpdepo.com\/tr\/\/download\/31259\/\" rel=\"nofollow\">\n\t\u0130ndir<\/a><\/td><td class=\"column-4\">24 A\u011fustos 2018<\/td><td class=\"column-5\"><a href=\"https:\/\/wppopupmaker.com\/extensions\/leaving-notices\/\" target=\"_blank\" rel=\"noopener\">Eklenti Sayfas\u0131<\/a><\/td>\n<\/tr>\n<tr class=\"row-10 even\">\n\t<td class=\"column-1\">Popup Maker - MailChimp Integration<\/td><td class=\"column-2\">1.3.5<\/td><td class=\"column-3\"><a class=\"download-link\" title=\"\u0130ndir &ldquo;Popup Maker - MailChimp Integration&rdquo;&nbsp;Versiyon 1.3.5\" href=\"https:\/\/wpdepo.com\/tr\/\/download\/31261\/\" rel=\"nofollow\">\n\t\u0130ndir<\/a><\/td><td class=\"column-4\">28 May\u0131s 2020<\/td><td class=\"column-5\"><a href=\"https:\/\/wppopupmaker.com\/extensions\/mailchimp-integration\/\" target=\"_blank\" rel=\"noopener\">Eklenti Sayfas\u0131<\/a><\/td>\n<\/tr>\n<tr class=\"row-11 odd\">\n\t<td class=\"column-1\">Popup Maker - Popup Analytics<\/td><td class=\"column-2\">1.1.13<\/td><td class=\"column-3\"><a class=\"download-link\" title=\"\u0130ndir &ldquo;Popup Maker - Popup Analytics&rdquo;&nbsp;Versiyon 1.1.13\" href=\"https:\/\/wpdepo.com\/tr\/\/download\/31263\/\" rel=\"nofollow\">\n\t\u0130ndir<\/a><\/td><td class=\"column-4\">8 Temmuz 2021<\/td><td class=\"column-5\"><a href=\"https:\/\/wppopupmaker.com\/extensions\/popup-analytics\/\" target=\"_blank\" rel=\"noopener\">Eklenti Sayfas\u0131<\/a><\/td>\n<\/tr>\n<tr class=\"row-12 even\">\n\t<td class=\"column-1\">Popup Maker - Remote Content<\/td><td class=\"column-2\">1.2.0<\/td><td class=\"column-3\"><a class=\"download-link\" title=\"\u0130ndir &ldquo;Popup Maker - Remote Content&rdquo;&nbsp;Versiyon 1.2.0\" href=\"https:\/\/wpdepo.com\/tr\/\/download\/31265\/\" rel=\"nofollow\">\n\t\u0130ndir<\/a><\/td><td class=\"column-4\">2 Nisan 2026<\/td><td class=\"column-5\"><a href=\"https:\/\/wppopupmaker.com\/extensions\/remote-content\/\" target=\"_blank\" rel=\"noopener\">Eklenti Sayfas\u0131<\/a><\/td>\n<\/tr>\n<tr class=\"row-13 odd\">\n\t<td class=\"column-1\">Popup Maker - Scheduling<\/td><td class=\"column-2\">1.1.1<\/td><td class=\"column-3\"><a class=\"download-link\" title=\"\u0130ndir &ldquo;Popup Maker - Scheduling&rdquo;&nbsp;Versiyon 1.1.1\" href=\"https:\/\/wpdepo.com\/tr\/\/download\/31267\/\" rel=\"nofollow\">\n\t\u0130ndir<\/a><\/td><td class=\"column-4\">11 Haziran 2018<\/td><td class=\"column-5\"><a href=\"https:\/\/wppopupmaker.com\/extensions\/scheduling\/\" target=\"_blank\" rel=\"noopener\">Eklenti Sayfas\u0131<\/a><\/td>\n<\/tr>\n<tr class=\"row-14 even\">\n\t<td class=\"column-1\">Popup Maker - Scroll Triggered Popups<\/td><td class=\"column-2\">1.3.2<\/td><td class=\"column-3\"><a class=\"download-link\" title=\"\u0130ndir &ldquo;Popup Maker - Scroll Triggered Popups&rdquo;&nbsp;Versiyon 1.3.2\" href=\"https:\/\/wpdepo.com\/tr\/\/download\/31269\/\" rel=\"nofollow\">\n\t\u0130ndir<\/a><\/td><td class=\"column-4\">24 A\u011fustos 2018<\/td><td class=\"column-5\"><a href=\"https:\/\/wppopupmaker.com\/extensions\/scroll-triggered-popups\/\" target=\"_blank\" rel=\"noopener\">Eklenti Sayfas\u0131<\/a><\/td>\n<\/tr>\n<tr class=\"row-15 odd\">\n\t<td class=\"column-1\">Popup Maker - Secure Idle User Logout<\/td><td class=\"column-2\">1.2.1<\/td><td class=\"column-3\"><a class=\"download-link\" title=\"\u0130ndir &ldquo;Popup Maker - Secure Idle User Logout&rdquo;&nbsp;Versiyon 1.2.1\" href=\"https:\/\/wpdepo.com\/tr\/\/download\/31271\/\" rel=\"nofollow\">\n\t\u0130ndir<\/a><\/td><td class=\"column-4\">24 A\u011fustos 2018<\/td><td class=\"column-5\"><a href=\"https:\/\/wppopupmaker.com\/extensions\/secure-idle-user-logout\/\" target=\"_blank\" rel=\"noopener\">Eklenti Sayfas\u0131<\/a><\/td>\n<\/tr>\n<tr class=\"row-16 even\">\n\t<td class=\"column-1\">Popup Maker - Terms & Conditions Popups<\/td><td class=\"column-2\">1.1.2<\/td><td class=\"column-3\"><a class=\"download-link\" title=\"\u0130ndir &ldquo;Popup Maker - Terms &amp; Conditions Popups&rdquo;&nbsp;Versiyon 1.1.2\" href=\"https:\/\/wpdepo.com\/tr\/\/download\/31273\/\" rel=\"nofollow\">\n\t\u0130ndir<\/a><\/td><td class=\"column-4\">24 A\u011fustos 2018<\/td><td class=\"column-5\"><a href=\"https:\/\/wppopupmaker.com\/extensions\/terms-conditions-popups\/\" target=\"_blank\" rel=\"noopener\">Eklenti Sayfas\u0131<\/a><\/td>\n<\/tr>\n<tr class=\"row-17 odd\">\n\t<td class=\"column-1\">Popup Maker - Videos<\/td><td class=\"column-2\">1.1.4<\/td><td class=\"column-3\"><a class=\"download-link\" title=\"\u0130ndir &ldquo;Popup Maker - Videos&rdquo;&nbsp;Versiyon 1.1.4\" href=\"https:\/\/wpdepo.com\/tr\/\/download\/31276\/\" rel=\"nofollow\">\n\t\u0130ndir<\/a><\/td><td class=\"column-4\">20 Ocak 2020<\/td><td class=\"column-5\"><a href=\"https:\/\/wppopupmaker.com\/extensions\/videos\/\" target=\"_blank\" rel=\"noopener\">Eklenti Sayfas\u0131<\/a><\/td>\n<\/tr>\n<\/tbody>\n<\/table>\n\r\n\r\n\t\t<\/div>\n\t\t\t\t\t<\/div>\n\n\t\r\n\r\n<\/div>\r\n\r\n\t\t<\/div>\n\n\t\t\n<style>\n#section_1847274753 {\n  padding-top: 30px;\n  padding-bottom: 30px;\n}\n<\/style>\n\t<\/section>\n\t","protected":false},"excerpt":{"rendered":"","protected":false},"author":1,"featured_media":0,"parent":0,"menu_order":0,"comment_status":"closed","ping_status":"closed","template":"page-blank.php","meta":{"footnotes":""},"class_list":["post-31279","page","type-page","status-publish","hentry"],"_links":{"self":[{"href":"https:\/\/wpdepo.com\/tr\/wp-json\/wp\/v2\/pages\/31279","targetHints":{"allow":["GET"]}}],"collection":[{"href":"https:\/\/wpdepo.com\/tr\/wp-json\/wp\/v2\/pages"}],"about":[{"href":"https:\/\/wpdepo.com\/tr\/wp-json\/wp\/v2\/types\/page"}],"author":[{"embeddable":true,"href":"https:\/\/wpdepo.com\/tr\/wp-json\/wp\/v2\/users\/1"}],"replies":[{"embeddable":true,"href":"https:\/\/wpdepo.com\/tr\/wp-json\/wp\/v2\/comments?post=31279"}],"version-history":[{"count":0,"href":"https:\/\/wpdepo.com\/tr\/wp-json\/wp\/v2\/pages\/31279\/revisions"}],"wp:attachment":[{"href":"https:\/\/wpdepo.com\/tr\/wp-json\/wp\/v2\/media?parent=31279"}],"curies":[{"name":"wp","href":"https:\/\/api.w.org\/{rel}","templated":true}]}}