{"id":3036,"date":"2017-09-15T16:35:23","date_gmt":"2017-09-15T13:35:23","guid":{"rendered":"https:\/\/wpdepo.com\/?page_id=3036"},"modified":"2018-09-03T20:46:18","modified_gmt":"2018-09-03T17:46:18","slug":"array-themes-temalari","status":"publish","type":"page","link":"https:\/\/wpdepo.com\/tr\/array-themes-temalari\/","title":{"rendered":"Array Themes Temalar\u0131"},"content":{"rendered":"\n\t<section class=\"section\" id=\"section_2025196552\">\n\t\t<div class=\"section-bg fill\" >\n\t\t\t\t\t\t\t\t\t\n\t\t\t\n\n\t\t<\/div>\n\n\t\t\n\n\t\t<div class=\"section-content relative\">\n\t\t\t\r\n\r\n<div class=\"row\"  id=\"row-780360190\">\r\n\r\n\n\t<div id=\"col-1254874244\" class=\"col small-12 large-12\"  >\n\t\t\t\t<div class=\"col-inner text-left\"  >\n\t\t\t\n\t\t\t\r\n\r\n<h2 style=\"text-align: center;\">Array Themes<\/h2>\r\n<p>Array Themes, detay ve kalite a\u00e7\u0131s\u0131ndan g\u00fczel bir \u00fcne sahip, k\u00fc\u00e7\u00fck ama \u00f6zel bir tema \u00fcreticidir. Blog ve foto\u011fraf stilinde temalar\u0131 \u00e7o\u011funlukta olmakla birlikte Easy Digital Downloads ve WooCommerce i\u00e7in de temalar\u0131 mevcuttur.<\/p>\r\n\r\n\t\t<\/div>\n\t\t\t\t\t<\/div>\n\n\t\r\n\r\n<\/div>\r\n\r\n\t\t<\/div>\n\n\t\t\n<style>\n#section_2025196552 {\n  padding-top: 0px;\n  padding-bottom: 0px;\n  background-color: rgb(245, 245, 245);\n}\n<\/style>\n\t<\/section>\n\t\r\n\n\t<section class=\"section\" id=\"section_1066973105\">\n\t\t<div class=\"section-bg fill\" >\n\t\t\t\t\t\t\t\t\t\n\t\t\t\n\n\t\t<\/div>\n\n\t\t\n\n\t\t<div class=\"section-content relative\">\n\t\t\t\r\n\r\n<div class=\"row\"  id=\"row-1429379310\">\r\n\r\n\n\t<div id=\"col-1854488705\" class=\"col small-12 large-12\"  >\n\t\t\t\t<div class=\"col-inner text-left\"  >\n\t\t\t\n\t\t\t\r\n\r\n\n<table id=\"tablepress-37\" class=\"tablepress tablepress-id-37\">\n<thead>\n<tr class=\"row-1 odd\">\n\t<th class=\"column-1\">Tema Ad\u0131<\/th><th class=\"column-2\">Versiyon<\/th><th class=\"column-3\">\u0130ndir<\/th><th class=\"column-4\">G\u00fcncelleme<\/th><th class=\"column-5\">Bilgi<\/th>\n<\/tr>\n<\/thead>\n<tbody class=\"row-hover\">\n<tr class=\"row-2 even\">\n\t<td class=\"column-1\">Array Themes Atomic WordPress Theme<\/td><td class=\"column-2\">2.2.8<\/td><td class=\"column-3\"><a class=\"download-link\" title=\"\u0130ndir &ldquo;Array Themes Atomic WordPress Theme&rdquo;&nbsp;Versiyon 2.2.8\" href=\"https:\/\/wpdepo.com\/tr\/\/download\/3008\/\" rel=\"nofollow\">\n\t\u0130ndir<\/a><\/td><td class=\"column-4\">11 Eyl\u00fcl 2018<\/td><td class=\"column-5\"><a href=\"https:\/\/arraythemes.com\/themes\/atomic-wordpress-theme\/\" target=\"_blank\" rel=\"noopener\">Tema Sayfas\u0131<\/a><\/td>\n<\/tr>\n<tr class=\"row-3 odd\">\n\t<td class=\"column-1\">Array Themes Author WordPress Theme<\/td><td class=\"column-2\">4.1.4<\/td><td class=\"column-3\"><a class=\"download-link\" title=\"\u0130ndir &ldquo;Array Themes Author WordPress Theme&rdquo;&nbsp;Versiyon 4.1.4\" href=\"https:\/\/wpdepo.com\/tr\/\/download\/3011\/\" rel=\"nofollow\">\n\t\u0130ndir<\/a><\/td><td class=\"column-4\">13 Nisan 2017<\/td><td class=\"column-5\"><a href=\"https:\/\/arraythemes.com\/themes\/author-wordpress-theme\/\" target=\"_blank\" rel=\"noopener\">Tema Sayfas\u0131<\/a><\/td>\n<\/tr>\n<tr class=\"row-4 even\">\n\t<td class=\"column-1\">Array Themes Baseline WordPress Theme<\/td><td class=\"column-2\">1.2.9<\/td><td class=\"column-3\"><a class=\"download-link\" title=\"\u0130ndir &ldquo;Array Themes Baseline WordPress Theme&rdquo;&nbsp;Versiyon 1.2.9\" href=\"https:\/\/wpdepo.com\/tr\/\/download\/3013\/\" rel=\"nofollow\">\n\t\u0130ndir<\/a><\/td><td class=\"column-4\">25 \u015eubat 2018<\/td><td class=\"column-5\"><a href=\"https:\/\/arraythemes.com\/themes\/baseline-wordpress-theme\/\" target=\"_blank\" rel=\"noopener\">Tema Sayfas\u0131<\/a><\/td>\n<\/tr>\n<tr class=\"row-5 odd\">\n\t<td class=\"column-1\">Array Themes Camera WordPress Theme<\/td><td class=\"column-2\">1.1.8<\/td><td class=\"column-3\"><a class=\"download-link\" title=\"\u0130ndir &ldquo;Array Themes Camera WordPress Theme&rdquo;&nbsp;Versiyon 1.1.8\" href=\"https:\/\/wpdepo.com\/tr\/\/download\/3015\/\" rel=\"nofollow\">\n\t\u0130ndir<\/a><\/td><td class=\"column-4\">3 May\u0131s 2017<\/td><td class=\"column-5\"><a href=\"https:\/\/arraythemes.com\/themes\/camera-wordpress-theme\/\" target=\"_blank\" rel=\"noopener\">Tema Sayfas\u0131<\/a><\/td>\n<\/tr>\n<tr class=\"row-6 even\">\n\t<td class=\"column-1\">Array Themes Candid WordPress Theme<\/td><td class=\"column-2\">1.6.6<\/td><td class=\"column-3\"><a class=\"download-link\" title=\"\u0130ndir &ldquo;Array Themes Candid WordPress Theme&rdquo;&nbsp;Versiyon 1.6.6\" href=\"https:\/\/wpdepo.com\/tr\/\/download\/3017\/\" rel=\"nofollow\">\n\t\u0130ndir<\/a><\/td><td class=\"column-4\">25 \u015eubat 2018<\/td><td class=\"column-5\"><a href=\"https:\/\/arraythemes.com\/themes\/candid-wordpress-theme\/\" target=\"_blank\" rel=\"noopener\">Tema Sayfas\u0131<\/a><\/td>\n<\/tr>\n<tr class=\"row-7 odd\">\n\t<td class=\"column-1\">Array Themes Checkout WordPress Theme<\/td><td class=\"column-2\">2.1.2<\/td><td class=\"column-3\"><a class=\"download-link\" title=\"\u0130ndir &ldquo;Array Themes Checkout WordPress Theme&rdquo;&nbsp;Versiyon 2.1.2\" href=\"https:\/\/wpdepo.com\/tr\/\/download\/3019\/\" rel=\"nofollow\">\n\t\u0130ndir<\/a><\/td><td class=\"column-4\">5 \u015eubat 2018<\/td><td class=\"column-5\"><a href=\"https:\/\/arraythemes.com\/themes\/checkout-wordpress-theme\/\" target=\"_blank\" rel=\"noopener\">Tema Sayfas\u0131<\/a><\/td>\n<\/tr>\n<tr class=\"row-8 even\">\n\t<td class=\"column-1\">Array Themes Editor WordPress Theme<\/td><td class=\"column-2\">1.1.8<\/td><td class=\"column-3\"><a class=\"download-link\" title=\"\u0130ndir &ldquo;Array Themes Editor WordPress Theme&rdquo;&nbsp;Versiyon 1.1.8\" href=\"https:\/\/wpdepo.com\/tr\/\/download\/3021\/\" rel=\"nofollow\">\n\t\u0130ndir<\/a><\/td><td class=\"column-4\">2 May\u0131s 2017<\/td><td class=\"column-5\"><a href=\"https:\/\/arraythemes.com\/themes\/editor-wordpress-theme\/\" target=\"_blank\" rel=\"noopener\">Tema Sayfas\u0131<\/a><\/td>\n<\/tr>\n<tr class=\"row-9 odd\">\n\t<td class=\"column-1\">Array Themes Fixed WordPress Theme<\/td><td class=\"column-2\">3.3.9<\/td><td class=\"column-3\"><a class=\"download-link\" title=\"\u0130ndir &ldquo;Array Themes Fixed WordPress Theme&rdquo;&nbsp;Versiyon 3.3.9\" href=\"https:\/\/wpdepo.com\/tr\/\/download\/3023\/\" rel=\"nofollow\">\n\t\u0130ndir<\/a><\/td><td class=\"column-4\">8 Kas\u0131m 2017<\/td><td class=\"column-5\"><a href=\"https:\/\/arraythemes.com\/themes\/fixed-wordpress-theme\/\" target=\"_blank\" rel=\"noopener\">Tema Sayfas\u0131<\/a><\/td>\n<\/tr>\n<tr class=\"row-10 even\">\n\t<td class=\"column-1\">Array Themes Latest WordPress Theme<\/td><td class=\"column-2\">2018.08.21<\/td><td class=\"column-3\"><a class=\"download-link\" title=\"\u0130ndir &ldquo;Array Themes Latest WordPress Theme&rdquo;&nbsp;Versiyon 2018.08.21\" href=\"https:\/\/wpdepo.com\/tr\/\/download\/5324\/\" rel=\"nofollow\">\n\t\u0130ndir<\/a><\/td><td class=\"column-4\">21 A\u011fustos 2018<\/td><td class=\"column-5\"><a href=\"https:\/\/arraythemes.com\/themes\/latest-wordpress-theme\/\" target=\"_blank\" rel=\"noopener\">Tema Sayfas\u0131<\/a><\/td>\n<\/tr>\n<tr class=\"row-11 odd\">\n\t<td class=\"column-1\">Array Themes Lenscap WordPress Theme<\/td><td class=\"column-2\">1.4.4<\/td><td class=\"column-3\"><a class=\"download-link\" title=\"\u0130ndir &ldquo;Array Themes Lenscap WordPress Theme&rdquo;&nbsp;Versiyon 1.4.4\" href=\"https:\/\/wpdepo.com\/tr\/\/download\/3025\/\" rel=\"nofollow\">\n\t\u0130ndir<\/a><\/td><td class=\"column-4\">22 A\u011fustos 2018<\/td><td class=\"column-5\"><a href=\"https:\/\/arraythemes.com\/themes\/lenscap-wordpress-theme\/\" target=\"_blank\" rel=\"noopener\">Tema Sayfas\u0131<\/a><\/td>\n<\/tr>\n<tr class=\"row-12 even\">\n\t<td class=\"column-1\">Array Themes Meteor WordPress Theme<\/td><td class=\"column-2\">1.1.6<\/td><td class=\"column-3\"><a class=\"download-link\" title=\"\u0130ndir &ldquo;Array Themes Meteor WordPress Theme&rdquo;&nbsp;Versiyon 1.1.6\" href=\"https:\/\/wpdepo.com\/tr\/\/download\/3027\/\" rel=\"nofollow\">\n\t\u0130ndir<\/a><\/td><td class=\"column-4\">5 Eyl\u00fcl 2018<\/td><td class=\"column-5\"><a href=\"https:\/\/arraythemes.com\/themes\/meteor-wordpress-theme\/\" target=\"_blank\" rel=\"noopener\">Tema Sayfas\u0131<\/a><\/td>\n<\/tr>\n<tr class=\"row-13 odd\">\n\t<td class=\"column-1\">Array Themes Paperback WordPress Theme<\/td><td class=\"column-2\">1.8.1<\/td><td class=\"column-3\"><a class=\"download-link\" title=\"\u0130ndir &ldquo;Array Themes Paperback WordPress Theme&rdquo;&nbsp;Versiyon 1.8.1\" href=\"https:\/\/wpdepo.com\/tr\/\/download\/3029\/\" rel=\"nofollow\">\n\t\u0130ndir<\/a><\/td><td class=\"column-4\">23 A\u011fustos 2018<\/td><td class=\"column-5\"><a href=\"https:\/\/arraythemes.com\/themes\/paperback-wordpress-theme\/\" target=\"_blank\" rel=\"noopener\">Tema Sayfas\u0131<\/a><\/td>\n<\/tr>\n<tr class=\"row-14 even\">\n\t<td class=\"column-1\">Array Themes Transmit WordPress Theme<\/td><td class=\"column-2\">2.1.8<\/td><td class=\"column-3\"><a class=\"download-link\" title=\"\u0130ndir &ldquo;Array Themes Transmit WordPress Theme&rdquo;&nbsp;Versiyon 2.1.8\" href=\"https:\/\/wpdepo.com\/tr\/\/download\/3031\/\" rel=\"nofollow\">\n\t\u0130ndir<\/a><\/td><td class=\"column-4\">15 May\u0131s 2017<\/td><td class=\"column-5\"><a href=\"https:\/\/arraythemes.com\/themes\/transmit-wordpress-theme\/\" target=\"_blank\" rel=\"noopener\">Tema Sayfas\u0131<\/a><\/td>\n<\/tr>\n<tr class=\"row-15 odd\">\n\t<td class=\"column-1\">Array Themes Typable WordPress Theme<\/td><td class=\"column-2\">2.3.2<\/td><td class=\"column-3\"><a class=\"download-link\" title=\"\u0130ndir &ldquo;Array Themes Typable WordPress Theme&rdquo;&nbsp;Versiyon 2.3.2\" href=\"https:\/\/wpdepo.com\/tr\/\/download\/3033\/\" rel=\"nofollow\">\n\t\u0130ndir<\/a><\/td><td class=\"column-4\">23 Ocak 2018<\/td><td class=\"column-5\"><a href=\"https:\/\/arraythemes.com\/themes\/typable-wordpress-theme\/\" target=\"_blank\" rel=\"noopener\">Tema Sayfas\u0131<\/a><\/td>\n<\/tr>\n<\/tbody>\n<\/table>\n\r\n\r\n\t\t<\/div>\n\t\t\t\t\t<\/div>\n\n\t\r\n\r\n<\/div>\r\n\r\n\t\t<\/div>\n\n\t\t\n<style>\n#section_1066973105 {\n  padding-top: 30px;\n  padding-bottom: 30px;\n}\n<\/style>\n\t<\/section>\n\t","protected":false},"excerpt":{"rendered":"","protected":false},"author":1,"featured_media":0,"parent":0,"menu_order":0,"comment_status":"closed","ping_status":"closed","template":"page-blank.php","meta":{"footnotes":""},"class_list":["post-3036","page","type-page","status-publish","hentry"],"_links":{"self":[{"href":"https:\/\/wpdepo.com\/tr\/wp-json\/wp\/v2\/pages\/3036","targetHints":{"allow":["GET"]}}],"collection":[{"href":"https:\/\/wpdepo.com\/tr\/wp-json\/wp\/v2\/pages"}],"about":[{"href":"https:\/\/wpdepo.com\/tr\/wp-json\/wp\/v2\/types\/page"}],"author":[{"embeddable":true,"href":"https:\/\/wpdepo.com\/tr\/wp-json\/wp\/v2\/users\/1"}],"replies":[{"embeddable":true,"href":"https:\/\/wpdepo.com\/tr\/wp-json\/wp\/v2\/comments?post=3036"}],"version-history":[{"count":0,"href":"https:\/\/wpdepo.com\/tr\/wp-json\/wp\/v2\/pages\/3036\/revisions"}],"wp:attachment":[{"href":"https:\/\/wpdepo.com\/tr\/wp-json\/wp\/v2\/media?parent=3036"}],"curies":[{"name":"wp","href":"https:\/\/api.w.org\/{rel}","templated":true}]}}