{"id":2861,"date":"2017-09-11T22:17:31","date_gmt":"2017-09-11T19:17:31","guid":{"rendered":"https:\/\/wpdepo.com\/?page_id=2861"},"modified":"2018-09-03T20:46:22","modified_gmt":"2018-09-03T17:46:22","slug":"monsterinsights-pro-eklentileri","status":"publish","type":"page","link":"https:\/\/wpdepo.com\/tr\/monsterinsights-pro-eklentileri\/","title":{"rendered":"MonsterInsights Pro Eklentileri"},"content":{"rendered":"\n\t<section class=\"section\" id=\"section_2007039225\">\n\t\t<div class=\"section-bg fill\" >\n\t\t\t\t\t\t\t\t\t\n\t\t\t\n\n\t\t<\/div>\n\n\t\t\n\n\t\t<div class=\"section-content relative\">\n\t\t\t\r\n\r\n<div class=\"row\"  id=\"row-1107257561\">\r\n\r\n\n\t<div id=\"col-99313963\" class=\"col small-12 large-12\"  >\n\t\t\t\t<div class=\"col-inner text-left\"  >\n\t\t\t\n\t\t\t\r\n\r\n<h2 style=\"text-align: center;\">MonsterInsights Pro<\/h2>\r\n<p>WordPress i\u00e7in en iyi Google Analytics eklentisi slogan\u0131yla geli\u015ftirilmi\u015f MonsterInsights Pro eklentisiyle \u00f6nemli olan istatistikleri alabilirsiniz. Ziyaret\u00e7ilerin websitenizi nas\u0131l bulduklar\u0131n\u0131 ve kulland\u0131klar\u0131n\u0131 g\u00f6rebilir, tekrar gelmelerini sa\u011flayabilirsiniz.<\/p>\r\n<p>MonsterInsights Pro eklentisiyle birlikte eklentinin \u00f6zelliklerini geli\u015ftiren geni\u015fleme paketlerini bu sayfadan indirebilirsiniz.<\/p>\r\n\r\n\t\t<\/div>\n\t\t\t\t\t<\/div>\n\n\t\r\n\r\n<\/div>\r\n\r\n\t\t<\/div>\n\n\t\t\n<style>\n#section_2007039225 {\n  padding-top: 0px;\n  padding-bottom: 0px;\n  background-color: rgb(245, 245, 245);\n}\n<\/style>\n\t<\/section>\n\t\r\n\n\t<section class=\"section\" id=\"section_1242347196\">\n\t\t<div class=\"section-bg fill\" >\n\t\t\t\t\t\t\t\t\t\n\t\t\t\n\n\t\t<\/div>\n\n\t\t\n\n\t\t<div class=\"section-content relative\">\n\t\t\t\r\n\r\n<div class=\"row\"  id=\"row-2057740481\">\r\n\r\n\n\t<div id=\"col-1650962300\" class=\"col small-12 large-12\"  >\n\t\t\t\t<div class=\"col-inner text-left\"  >\n\t\t\t\n\t\t\t\r\n\r\n\n<table id=\"tablepress-35\" class=\"tablepress tablepress-id-35\">\n<thead>\n<tr class=\"row-1 odd\">\n\t<th class=\"column-1\">Eklenti Ad\u0131<\/th><th class=\"column-2\">Versiyon<\/th><th class=\"column-3\">\u0130ndir<\/th><th class=\"column-4\">G\u00fcncelleme<\/th><th class=\"column-5\">Bilgi<\/th>\n<\/tr>\n<\/thead>\n<tbody class=\"row-hover\">\n<tr class=\"row-2 even\">\n\t<td class=\"column-1\">MonsterInsights Pro Google Analytics Premium<\/td><td class=\"column-2\">10.0.2<\/td><td class=\"column-3\"><a class=\"download-link\" title=\"\u0130ndir &ldquo;MonsterInsights Pro Google Analytics Premium&rdquo;&nbsp;Versiyon 10.0.2\" href=\"https:\/\/wpdepo.com\/tr\/\/download\/1750\/\" rel=\"nofollow\">\n\t\u0130ndir<\/a><\/td><td class=\"column-4\">13 \u015eubat 2026<\/td><td class=\"column-5\"><a href=\"https:\/\/www.monsterinsights.com\/\" target=\"_blank\" rel=\"noopener noreferrer\">Eklenti Sayfas\u0131<\/a><\/td>\n<\/tr>\n<tr class=\"row-3 odd\">\n\t<td class=\"column-1\">MonsterInsights - Ads Addon<\/td><td class=\"column-2\">1.9.0<\/td><td class=\"column-3\"><a class=\"download-link\" title=\"\u0130ndir &ldquo;MonsterInsights - Ads Addon&rdquo;&nbsp;Versiyon 1.9.0\" href=\"https:\/\/wpdepo.com\/tr\/\/download\/2852\/\" rel=\"nofollow\">\n\t\u0130ndir<\/a><\/td><td class=\"column-4\">24 A\u011fustos 2023<\/td><td class=\"column-5\"><a href=\"https:\/\/www.monsterinsights.com\/addon\/ads\/\" target=\"_blank\" rel=\"noopener noreferrer\">Eklenti Sayfas\u0131<\/a><\/td>\n<\/tr>\n<tr class=\"row-4 even\">\n\t<td class=\"column-1\">MonsterInsights - AI Insights Addon<\/td><td class=\"column-2\">1.0.2<\/td><td class=\"column-3\"><a class=\"download-link\" title=\"\u0130ndir &ldquo;MonsterInsights - AI Insights Addon&rdquo;&nbsp;Versiyon 1.0.2\" href=\"https:\/\/wpdepo.com\/tr\/\/download\/98695\/\" rel=\"nofollow\">\n\t\u0130ndir<\/a><\/td><td class=\"column-4\">22 Kas\u0131m 2025<\/td><td class=\"column-5\"><a href=\"https:\/\/www.monsterinsights.com\/feature\/ai-insights\/\" target=\"_blank\" rel=\"noopener noreferrer\">Eklenti Sayfas\u0131<\/a><\/td>\n<\/tr>\n<tr class=\"row-5 odd\">\n\t<td class=\"column-1\">MonsterInsights - AMP Addon<\/td><td class=\"column-2\">1.7.1<\/td><td class=\"column-3\"><a class=\"download-link\" title=\"\u0130ndir &ldquo;MonsterInsights - AMP Addon&rdquo;&nbsp;Versiyon 1.7.1\" href=\"https:\/\/wpdepo.com\/tr\/\/download\/2854\/\" rel=\"nofollow\">\n\t\u0130ndir<\/a><\/td><td class=\"column-4\">16 Kas\u0131m 2025<\/td><td class=\"column-5\"><a href=\"https:\/\/www.monsterinsights.com\/addon\/amp\/\" target=\"_blank\" rel=\"noopener noreferrer\">Eklenti Sayfas\u0131<\/a><\/td>\n<\/tr>\n<tr class=\"row-6 even\">\n\t<td class=\"column-1\">MonsterInsights - Dimensions Addon<\/td><td class=\"column-2\">2.2.1<\/td><td class=\"column-3\"><a class=\"download-link\" title=\"\u0130ndir &ldquo;MonsterInsights - Dimensions Addon&rdquo;&nbsp;Versiyon 2.2.1\" href=\"https:\/\/wpdepo.com\/tr\/\/download\/2856\/\" rel=\"nofollow\">\n\t\u0130ndir<\/a><\/td><td class=\"column-4\">16 Kas\u0131m 2025<\/td><td class=\"column-5\"><a href=\"https:\/\/www.monsterinsights.com\/addon\/dimensions\/\" target=\"_blank\" rel=\"noopener noreferrer\">Eklenti Sayfas\u0131<\/a><\/td>\n<\/tr>\n<tr class=\"row-7 odd\">\n\t<td class=\"column-1\">MonsterInsights - eCommerce Addon<\/td><td class=\"column-2\">8.6.2<\/td><td class=\"column-3\"><a class=\"download-link\" title=\"\u0130ndir &ldquo;MonsterInsights - eCommerce Addon&rdquo;&nbsp;Versiyon 8.6.2\" href=\"https:\/\/wpdepo.com\/tr\/\/download\/2858\/\" rel=\"nofollow\">\n\t\u0130ndir<\/a><\/td><td class=\"column-4\">9 Nisan 2026<\/td><td class=\"column-5\"><a href=\"https:\/\/www.monsterinsights.com\/addon\/ecommerce\/\" target=\"_blank\" rel=\"noopener noreferrer\">Eklenti Sayfas\u0131<\/a><\/td>\n<\/tr>\n<tr class=\"row-8 even\">\n\t<td class=\"column-1\">MonsterInsights - EU Compliance Addon<\/td><td class=\"column-2\">2.3.4<\/td><td class=\"column-3\"><a class=\"download-link\" title=\"\u0130ndir &ldquo;MonsterInsights - EU Compliance Addon&rdquo;&nbsp;Versiyon 2.3.4\" href=\"https:\/\/wpdepo.com\/tr\/\/download\/12421\/\" rel=\"nofollow\">\n\t\u0130ndir<\/a><\/td><td class=\"column-4\">12 Ocak 2026<\/td><td class=\"column-5\"><a href=\"https:\/\/www.monsterinsights.com\/addon\/eu-compliance\/\" target=\"_blank\" rel=\"noopener noreferrer\">Eklenti Sayfas\u0131<\/a><\/td>\n<\/tr>\n<tr class=\"row-9 odd\">\n\t<td class=\"column-1\">MonsterInsights - Exceptions Addon<\/td><td class=\"column-2\">1.0.2<\/td><td class=\"column-3\"><a class=\"download-link\" title=\"\u0130ndir &ldquo;MonsterInsights - Exceptions Addon&rdquo;&nbsp;Versiyon 1.0.2\" href=\"https:\/\/wpdepo.com\/tr\/\/download\/84806\/\" rel=\"nofollow\">\n\t\u0130ndir<\/a><\/td><td class=\"column-4\">5 Ocak 2026<\/td><td class=\"column-5\"><a href=\"https:\/\/www.monsterinsights.com\/addon\/exceptions\/\" target=\"_blank\" rel=\"noopener noreferrer\">Eklenti Sayfas\u0131<\/a><\/td>\n<\/tr>\n<tr class=\"row-10 even\">\n\t<td class=\"column-1\">MonsterInsights - Facebook Instant Articles Addon<\/td><td class=\"column-2\">1.2.2<\/td><td class=\"column-3\"><a class=\"download-link\" title=\"\u0130ndir &ldquo;MonsterInsights - Facebook Instant Articles Addon&rdquo;&nbsp;Versiyon 1.2.2\" href=\"https:\/\/wpdepo.com\/tr\/\/download\/2876\/\" rel=\"nofollow\">\n\t\u0130ndir<\/a><\/td><td class=\"column-4\">22 May\u0131s 2023<\/td><td class=\"column-5\"><a href=\"https:\/\/www.monsterinsights.com\/addon\/facebook-instant-articles\/\" target=\"_blank\" rel=\"noopener noreferrer\">Eklenti Sayfas\u0131<\/a><\/td>\n<\/tr>\n<tr class=\"row-11 odd\">\n\t<td class=\"column-1\">MonsterInsights - Forms Tracking Addon<\/td><td class=\"column-2\">2.3.7<\/td><td class=\"column-3\"><a class=\"download-link\" title=\"\u0130ndir &ldquo;MonsterInsights - Forms Tracking Addon&rdquo;&nbsp;Versiyon 2.3.7\" href=\"https:\/\/wpdepo.com\/tr\/\/download\/2878\/\" rel=\"nofollow\">\n\t\u0130ndir<\/a><\/td><td class=\"column-4\">13 \u015eubat 2026<\/td><td class=\"column-5\"><a href=\"https:\/\/www.monsterinsights.com\/addon\/forms\/\" target=\"_blank\" rel=\"noopener noreferrer\">Eklenti Sayfas\u0131<\/a><\/td>\n<\/tr>\n<tr class=\"row-12 even\">\n\t<td class=\"column-1\">MonsterInsights - Google Optimize Addon<\/td><td class=\"column-2\">1.6.0<\/td><td class=\"column-3\"><a class=\"download-link\" title=\"\u0130ndir &ldquo;MonsterInsights - Google Optimize Addon&rdquo;&nbsp;Versiyon 1.6.0\" href=\"https:\/\/wpdepo.com\/tr\/\/download\/2880\/\" rel=\"nofollow\">\n\t\u0130ndir<\/a><\/td><td class=\"column-4\">24 A\u011fustos 2023<\/td><td class=\"column-5\"><a href=\"https:\/\/www.monsterinsights.com\/addon\/google-optimize\/\" target=\"_blank\" rel=\"noopener noreferrer\">Eklenti Sayfas\u0131<\/a><\/td>\n<\/tr>\n<tr class=\"row-13 odd\">\n\t<td class=\"column-1\">MonsterInsights - Media Addon<\/td><td class=\"column-2\">1.1.4<\/td><td class=\"column-3\"><a class=\"download-link\" title=\"\u0130ndir &ldquo;MonsterInsights - Media Addon&rdquo;&nbsp;Versiyon 1.1.4\" href=\"https:\/\/wpdepo.com\/tr\/\/download\/70968\/\" rel=\"nofollow\">\n\t\u0130ndir<\/a><\/td><td class=\"column-4\">11 \u015eubat 2026<\/td><td class=\"column-5\"><a href=\"https:\/\/www.monsterinsights.com\/addon\/media\/\" target=\"_blank\" rel=\"noopener noreferrer\">Eklenti Sayfas\u0131<\/a><\/td>\n<\/tr>\n<tr class=\"row-14 even\">\n\t<td class=\"column-1\">MonsterInsights - Page Insights Addon<\/td><td class=\"column-2\">1.6.0<\/td><td class=\"column-3\"><a class=\"download-link\" title=\"\u0130ndir &ldquo;MonsterInsights - Page Insights Addon&rdquo;&nbsp;Versiyon 1.6.0\" href=\"https:\/\/wpdepo.com\/tr\/\/download\/55040\/\" rel=\"nofollow\">\n\t\u0130ndir<\/a><\/td><td class=\"column-4\">24 A\u011fustos 2023<\/td><td class=\"column-5\"><a href=\"https:\/\/www.monsterinsights.com\/addon\/page-insights\/\" target=\"_blank\" rel=\"noopener noreferrer\">Eklenti Sayfas\u0131<\/a><\/td>\n<\/tr>\n<tr class=\"row-15 odd\">\n\t<td class=\"column-1\">MonsterInsights - Performance Addon<\/td><td class=\"column-2\">1.8.1<\/td><td class=\"column-3\"><a class=\"download-link\" title=\"\u0130ndir &ldquo;MonsterInsights - Performance Addon&rdquo;&nbsp;Versiyon 1.8.1\" href=\"https:\/\/wpdepo.com\/tr\/\/download\/2883\/\" rel=\"nofollow\">\n\t\u0130ndir<\/a><\/td><td class=\"column-4\">30 Eyl\u00fcl 2024<\/td><td class=\"column-5\"><a href=\"https:\/\/www.monsterinsights.com\/addon\/performance\/\" target=\"_blank\" rel=\"noopener noreferrer\">Eklenti Sayfas\u0131<\/a><\/td>\n<\/tr>\n<tr class=\"row-16 even\">\n\t<td class=\"column-1\">MonsterInsights - PPC Tracking Addon<\/td><td class=\"column-2\">1.7.1<\/td><td class=\"column-3\"><a class=\"download-link\" title=\"\u0130ndir &ldquo;MonsterInsights - PPC Tracking Addon&rdquo;&nbsp;Versiyon 1.7.1\" href=\"https:\/\/wpdepo.com\/tr\/\/download\/79958\/\" rel=\"nofollow\">\n\t\u0130ndir<\/a><\/td><td class=\"column-4\">19 Ocak 2026<\/td><td class=\"column-5\"><a href=\"https:\/\/www.monsterinsights.com\/\" target=\"_blank\" rel=\"noopener noreferrer\">Eklenti Sayfas\u0131<\/a><\/td>\n<\/tr>\n<tr class=\"row-17 odd\">\n\t<td class=\"column-1\">MonsterInsights - Site Notes Important Events Addon<\/td><td class=\"column-2\">1.0.0<\/td><td class=\"column-3\"><a class=\"download-link\" title=\"\u0130ndir &ldquo;MonsterInsights - Site Notes Important Events Addon&rdquo;&nbsp;Versiyon 1.0.0\" href=\"https:\/\/wpdepo.com\/tr\/\/download\/86090\/\" rel=\"nofollow\">\n\t\u0130ndir<\/a><\/td><td class=\"column-4\">16 A\u011fustos 2024<\/td><td class=\"column-5\"><a href=\"https:\/\/www.monsterinsights.com\/\" target=\"_blank\" rel=\"noopener noreferrer\">Eklenti Sayfas\u0131<\/a><\/td>\n<\/tr>\n<tr class=\"row-18 even\">\n\t<td class=\"column-1\">MonsterInsights - User Journey Addon<\/td><td class=\"column-2\">1.1.8<\/td><td class=\"column-3\"><a class=\"download-link\" title=\"\u0130ndir &ldquo;MonsterInsights - User Journey Addon&rdquo;&nbsp;Versiyon 1.1.8\" href=\"https:\/\/wpdepo.com\/tr\/\/download\/70970\/\" rel=\"nofollow\">\n\t\u0130ndir<\/a><\/td><td class=\"column-4\">16 Kas\u0131m 2025<\/td><td class=\"column-5\"><a href=\"https:\/\/www.monsterinsights.com\/addon\/user-journey\/\" target=\"_blank\" rel=\"noopener noreferrer\">Eklenti Sayfas\u0131<\/a><\/td>\n<\/tr>\n<\/tbody>\n<\/table>\n\r\n\r\n\t\t<\/div>\n\t\t\t\t\t<\/div>\n\n\t\r\n\r\n<\/div>\r\n\r\n\t\t<\/div>\n\n\t\t\n<style>\n#section_1242347196 {\n  padding-top: 30px;\n  padding-bottom: 30px;\n}\n<\/style>\n\t<\/section>\n\t","protected":false},"excerpt":{"rendered":"","protected":false},"author":1,"featured_media":0,"parent":0,"menu_order":0,"comment_status":"closed","ping_status":"closed","template":"page-blank.php","meta":{"footnotes":""},"class_list":["post-2861","page","type-page","status-publish","hentry"],"_links":{"self":[{"href":"https:\/\/wpdepo.com\/tr\/wp-json\/wp\/v2\/pages\/2861","targetHints":{"allow":["GET"]}}],"collection":[{"href":"https:\/\/wpdepo.com\/tr\/wp-json\/wp\/v2\/pages"}],"about":[{"href":"https:\/\/wpdepo.com\/tr\/wp-json\/wp\/v2\/types\/page"}],"author":[{"embeddable":true,"href":"https:\/\/wpdepo.com\/tr\/wp-json\/wp\/v2\/users\/1"}],"replies":[{"embeddable":true,"href":"https:\/\/wpdepo.com\/tr\/wp-json\/wp\/v2\/comments?post=2861"}],"version-history":[{"count":0,"href":"https:\/\/wpdepo.com\/tr\/wp-json\/wp\/v2\/pages\/2861\/revisions"}],"wp:attachment":[{"href":"https:\/\/wpdepo.com\/tr\/wp-json\/wp\/v2\/media?parent=2861"}],"curies":[{"name":"wp","href":"https:\/\/api.w.org\/{rel}","templated":true}]}}