{"id":2660,"date":"2017-09-07T21:21:23","date_gmt":"2017-09-07T18:21:23","guid":{"rendered":"https:\/\/wpdepo.com\/?page_id=2660"},"modified":"2018-09-03T20:46:18","modified_gmt":"2018-09-03T17:46:18","slug":"buddyboss-temalari-ve-eklentileri","status":"publish","type":"page","link":"https:\/\/wpdepo.com\/tr\/buddyboss-temalari-ve-eklentileri\/","title":{"rendered":"BuddyBoss Temalar\u0131 ve Eklentileri"},"content":{"rendered":"\n\t<section class=\"section\" id=\"section_1991399003\">\n\t\t<div class=\"section-bg fill\" >\n\t\t\t\t\t\t\t\t\t\n\t\t\t\n\n\t\t<\/div>\n\n\t\t\n\n\t\t<div class=\"section-content relative\">\n\t\t\t\r\n\r\n<div class=\"row\"  id=\"row-1302662278\">\r\n\r\n\n\t<div id=\"col-196884338\" class=\"col small-12 large-12\"  >\n\t\t\t\t<div class=\"col-inner text-left\"  >\n\t\t\t\n\t\t\t\r\n\r\n<h2 style=\"text-align: center;\">BuddyBoss<\/h2>\r\n<p>BuddyBoss size <a href=\"\/learndash-lms-eklentileri\/\">LearnDash LMS<\/a> eklentileri ile birlikte BuddyPress i\u00e7in \u00f6zel olarak haz\u0131rlanm\u0131\u015f temalar\u0131n m\u00fckemmel uyumunu sunmaktad\u0131r. Harika bir e-\u00f6\u011frenme deneyimi olu\u015fturmak i\u00e7in ihtiyac\u0131n\u0131z olan her \u015feyi BuddyBoss tema ve eklentilerinde bulabilirsiniz.<\/p>\r\n<p>Bu sayfada WordPress\/BuddyPress temas\u0131 olan Boss. temas\u0131n\u0131, LearnDash LMS eklentisini Boss. temas\u0131yla b\u00fct\u00fcnle\u015ftiren Social Learner eklentisini ve di\u011fer ara\u00e7lar\u0131 indirebilirsiniz.<\/p>\r\n\r\n\t\t<\/div>\n\t\t\t\t\t<\/div>\n\n\t\r\n\r\n<\/div>\r\n\r\n\t\t<\/div>\n\n\t\t\n<style>\n#section_1991399003 {\n  padding-top: 0px;\n  padding-bottom: 0px;\n  background-color: rgb(245, 245, 245);\n}\n<\/style>\n\t<\/section>\n\t\r\n\n\t<section class=\"section\" id=\"section_690110663\">\n\t\t<div class=\"section-bg fill\" >\n\t\t\t\t\t\t\t\t\t\n\t\t\t\n\n\t\t<\/div>\n\n\t\t\n\n\t\t<div class=\"section-content relative\">\n\t\t\t\r\n\r\n<div class=\"row\"  id=\"row-1645494501\">\r\n\r\n\n\t<div id=\"col-1629634927\" class=\"col small-33 large-12\"  >\n\t\t\t\t<div class=\"col-inner text-left\"  >\n\t\t\t\n\t\t\t\r\n\r\n\n<table id=\"tablepress-33\" class=\"tablepress tablepress-id-33\">\n<thead>\n<tr class=\"row-1 odd\">\n\t<th class=\"column-1\">Tema Ad\u0131<\/th><th class=\"column-2\">Versiyon<\/th><th class=\"column-3\">\u0130ndir<\/th><th class=\"column-4\">G\u00fcncelleme<\/th><th class=\"column-5\">Bilgi<\/th>\n<\/tr>\n<\/thead>\n<tbody class=\"row-hover\">\n<tr class=\"row-2 even\">\n\t<td class=\"column-1\">Boss. Theme<\/td><td class=\"column-2\">2.5.7<\/td><td class=\"column-3\"><a class=\"download-link\" title=\"\u0130ndir &ldquo;Boss. Theme&rdquo;&nbsp;Versiyon 2.5.7\" href=\"https:\/\/wpdepo.com\/tr\/\/download\/2645\/\" rel=\"nofollow\">\n\t\u0130ndir<\/a><\/td><td class=\"column-4\">18 Haziran 2020<\/td><td class=\"column-5\"><a href=\"https:\/\/www.buddyboss.com\/product\/boss-theme\/\" target=\"_blank\" rel=\"noopener noreferrer\">Tema Sayfas\u0131<\/a><\/td>\n<\/tr>\n<tr class=\"row-3 odd\">\n\t<td class=\"column-1\">Boss. Child Theme<\/td><td class=\"column-2\">2.4.3<\/td><td class=\"column-3\"><a class=\"download-link\" title=\"\u0130ndir &ldquo;Boss. Child Theme&rdquo;&nbsp;Versiyon 2.4.3\" href=\"https:\/\/wpdepo.com\/tr\/\/download\/2647\/\" rel=\"nofollow\">\n\t\u0130ndir<\/a><\/td><td class=\"column-4\">31 Ekim 2017<\/td><td class=\"column-5\"><a href=\"https:\/\/www.buddyboss.com\/product\/boss-theme\/\" target=\"_blank\" rel=\"noopener noreferrer\">Tema Sayfas\u0131<\/a><\/td>\n<\/tr>\n<tr class=\"row-4 even\">\n\t<td class=\"column-1\">Boss for LearnDash \/ Social Learner for LearnDash<\/td><td class=\"column-2\">1.3.6<\/td><td class=\"column-3\"><a class=\"download-link\" title=\"\u0130ndir &ldquo;Boss for LearnDash \/ Social Learner for LearnDash&rdquo;&nbsp;Versiyon 1.3.6\" href=\"https:\/\/wpdepo.com\/tr\/\/download\/2649\/\" rel=\"nofollow\">\n\t\u0130ndir<\/a><\/td><td class=\"column-4\">18 Haziran 2020<\/td><td class=\"column-5\"><a href=\"https:\/\/www.buddyboss.com\/product\/social-learner-learndash\/\" target=\"_blank\" rel=\"noopener noreferrer\">Eklenti Sayfas\u0131<\/a><\/td>\n<\/tr>\n<tr class=\"row-5 odd\">\n\t<td class=\"column-1\">BuddyBoss Platform Pro<\/td><td class=\"column-2\">2.13.1<\/td><td class=\"column-3\"><a class=\"download-link\" title=\"\u0130ndir &ldquo;BuddyBoss Platform Pro&rdquo;&nbsp;Versiyon 2.13.1\" href=\"https:\/\/wpdepo.com\/tr\/\/download\/52917\/\" rel=\"nofollow\">\n\t\u0130ndir<\/a><\/td><td class=\"column-4\">31 Mart 2026<\/td><td class=\"column-5\"><a href=\"https:\/\/www.buddyboss.com\/platform\/\" target=\"_blank\" rel=\"noopener noreferrer\">Eklenti Sayfas\u0131<\/a><\/td>\n<\/tr>\n<tr class=\"row-6 even\">\n\t<td class=\"column-1\">BuddyBoss Theme<\/td><td class=\"column-2\">2.20.0<\/td><td class=\"column-3\"><a class=\"download-link\" title=\"\u0130ndir &ldquo;BuddyBoss Theme&rdquo;&nbsp;Versiyon 2.20.0\" href=\"https:\/\/wpdepo.com\/tr\/\/download\/33046\/\" rel=\"nofollow\">\n\t\u0130ndir<\/a><\/td><td class=\"column-4\">31 Mart 2026<\/td><td class=\"column-5\"><a href=\"https:\/\/www.buddyboss.com\/\" target=\"_blank\" rel=\"noopener noreferrer\">Eklenti Sayfas\u0131<\/a><\/td>\n<\/tr>\n<tr class=\"row-7 odd\">\n\t<td class=\"column-1\">BuddyPress for LearnDash<\/td><td class=\"column-2\">1.2.9<\/td><td class=\"column-3\"><a class=\"download-link\" title=\"\u0130ndir &ldquo;BuddyPress for LearnDash&rdquo;&nbsp;Versiyon 1.2.9\" href=\"https:\/\/wpdepo.com\/tr\/\/download\/2651\/\" rel=\"nofollow\">\n\t\u0130ndir<\/a><\/td><td class=\"column-4\">27 Kas\u0131m 2019<\/td><td class=\"column-5\"><a href=\"https:\/\/wordpress.org\/plugins\/buddypress-learndash\/\" target=\"_blank\" rel=\"noopener noreferrer\">Eklenti Sayfas\u0131<\/a><\/td>\n<\/tr>\n<\/tbody>\n<\/table>\n\r\n\r\n\t\t<\/div>\n\t\t\t\t\t<\/div>\n\n\t\r\n\r\n<\/div>\r\n\r\n\t\t<\/div>\n\n\t\t\n<style>\n#section_690110663 {\n  padding-top: 30px;\n  padding-bottom: 30px;\n}\n<\/style>\n\t<\/section>\n\t","protected":false},"excerpt":{"rendered":"","protected":false},"author":1,"featured_media":0,"parent":0,"menu_order":0,"comment_status":"closed","ping_status":"closed","template":"page-blank.php","meta":{"footnotes":""},"class_list":["post-2660","page","type-page","status-publish","hentry"],"_links":{"self":[{"href":"https:\/\/wpdepo.com\/tr\/wp-json\/wp\/v2\/pages\/2660","targetHints":{"allow":["GET"]}}],"collection":[{"href":"https:\/\/wpdepo.com\/tr\/wp-json\/wp\/v2\/pages"}],"about":[{"href":"https:\/\/wpdepo.com\/tr\/wp-json\/wp\/v2\/types\/page"}],"author":[{"embeddable":true,"href":"https:\/\/wpdepo.com\/tr\/wp-json\/wp\/v2\/users\/1"}],"replies":[{"embeddable":true,"href":"https:\/\/wpdepo.com\/tr\/wp-json\/wp\/v2\/comments?post=2660"}],"version-history":[{"count":0,"href":"https:\/\/wpdepo.com\/tr\/wp-json\/wp\/v2\/pages\/2660\/revisions"}],"wp:attachment":[{"href":"https:\/\/wpdepo.com\/tr\/wp-json\/wp\/v2\/media?parent=2660"}],"curies":[{"name":"wp","href":"https:\/\/api.w.org\/{rel}","templated":true}]}}